{"id":22422,"date":"2024-04-04T22:05:21","date_gmt":"2024-04-05T02:05:21","guid":{"rendered":"https:\/\/fluidmgmt.ak-bio.com\/politik-for-beskyttelse-af-personlige-oplysninger\/"},"modified":"2025-11-24T10:48:48","modified_gmt":"2025-11-24T15:48:48","slug":"politik-for-beskyttelse-af-personlige-oplysninger","status":"publish","type":"page","link":"https:\/\/fluidmgmt.ak-bio.com\/da\/politik-for-beskyttelse-af-personlige-oplysninger\/","title":{"rendered":"Politik for beskyttelse af personlige oplysninger"},"content":{"rendered":"\t\t<div data-elementor-type=\"wp-page\" data-elementor-id=\"22422\" class=\"elementor elementor-22422 elementor-3\" data-elementor-post-type=\"page\">\n\t\t\t\t<div class=\"elementor-element elementor-element-63d45b3e e-flex e-con-boxed e-con e-parent\" data-id=\"63d45b3e\" data-element_type=\"container\" data-e-type=\"container\" data-settings=\"{&quot;background_background&quot;:&quot;classic&quot;}\">\n\t\t\t\t\t<div class=\"e-con-inner\">\n\t\t\t\t<div class=\"elementor-element elementor-element-7a4fdd61 elementor-widget elementor-widget-text-editor\" data-id=\"7a4fdd61\" data-element_type=\"widget\" data-e-type=\"widget\" data-widget_type=\"text-editor.default\">\n\t\t\t\t<div class=\"elementor-widget-container\">\n\t\t\t\t\t\t\t\t\t<h1><span style=\"color: #002948;\">Politik for beskyttelse af personlige oplysninger<\/span><\/h1>\n\n<p>I l\u00f8bet af forretningen modtager Asahi Kasei Group*\u00c5bn nyt vindue personlige oplysninger s\u00e5som navne, postadresser, telefonnumre og e-mailadresser fra forbrugere, kunder, leverand\u00f8rer, aktion\u00e6rer og andre, ud over de personlige oplysninger om vores ledere og medarbejdere, som vi har. Vi er omega replica forpligtet til at opretholde privatlivets fred og sikkerhed for disse personlige oplysninger og til at sikre, at de h\u00e5ndteres korrekt i overensstemmelse med denne politik. <br><br>Da denne politik kan blive revideret, anbefaler vi, at du l\u00e6ser denne side igen fra tid til anden.<\/p>\n\n<ul>\n<li>Vi h\u00e5ndterer personlige oplysninger korrekt og i overensstemmelse med loven om beskyttelse af personlige oplysninger og andre g\u00e6ldende love samt i overensstemmelse med almindeligt accepterede normer og standarder.<\/li>\n\n<li>Vi sikrer, at personalet i hele Asahi Kasei-gruppen grundigt forst\u00e5r og loyalt overholder virksomhedens standarder og regler for h\u00e5ndtering af personlige oplysninger.<\/li>\n\n<li>Vi bruger kun personlige oplysninger til de specifikke form\u00e5l, der er angivet eller annonceret p\u00e5 tidspunktet for modtagelsen.<\/li>\n\n<li>Vi anvender passende foranstaltninger til vedligeholdelse og styring af personlige oplysninger for at sikre mod uautoriseret \u00e6ndring, offentligg\u00f8relse og tab af personlige oplysninger.<\/li>\n\n<li>Vi vil reagere i god tro p\u00e5 anmodninger fra dig om at bekr\u00e6fte, revidere, oph\u00f8re med at bruge eller slette dine personlige oplysninger.<\/li>\n<\/ul>\n\n<p>Specifikationerne er beskrevet nedenfor.<\/p>\n\n<p> <\/p>\n\n<h3 class=\"wp-block-heading\">Form\u00e5l med brug<\/h3>\n\n<p>Form\u00e5l, som personlige oplysninger kan bruges til af Asahi Kasei-koncernens virksomheder, er beskrevet nedenfor. Nogle virksomheder i Asahi Kasei-koncernen har yderligere form\u00e5l som beskrevet i den privatlivspolitik, der er specifik for deres respektive websteder eller dele af dette websted. <\/p>\n\n<ul>\n<li>Svar p\u00e5 foresp\u00f8rgsler eller anmodninger.<\/li>\n\n<li>Tilvejebringelse, akkumulering, unders\u00f8gelse af og respons p\u00e5 information relateret til produkter og tjenester.<\/li>\n\n<li>Meddelelse om messer eller andre begivenheder relateret til produkter og tjenester.<\/li>\n\n<li>Overr\u00e6kkelse af gaver eller bel\u00f8nninger vundet ved lodtr\u00e6kning eller konkurrencer.<\/li>\n\n<li>Foresp\u00f8rgsel, kommunikation (herunder distribution af rapporter), konsultation, diskussion, unders\u00f8gelse, kontraktindg\u00e5else, placering og modtagelse af ordrer, forsendelse, fakturering, modtagelse af betaling, overf\u00f8rsel af betaling og forvaltning af kreditter og g\u00e6ld i forbindelse med kommercielle transaktioner, Responsible Care, investor relations, finansielle transaktioner og forvaltning af pensionsfonde.<\/li>\n\n<li>Unders\u00f8gelse af og reaktion p\u00e5 omst\u00e6ndighederne ved brug af produkter og tjenester og behov i forbindelse hermed.<\/li>\n\n<li>Styring af ind- og udgang for personer og k\u00f8ret\u00f8jer, der kommer ind p\u00e5 Asahi Kasei-gruppens faciliteter.<\/li>\n\n<li>Forbindelse med lokalsamfund, hvor Asahi Kasei-gruppens faciliteter er placeret.<\/li>\n\n<li>Underretning og rapportering til statslige myndigheder, kommunale kontorer og offentlige organer.<\/li>\n<\/ul>\n\n<p> <\/p>\n\n<h3 class=\"wp-block-heading\">F\u00e6lles brug<\/h3>\n\n<p>Asahi Kasei Corporation kan dele personoplysninger med virksomheder i Asahi Kasei-koncernen som vist nedenfor. Nogle virksomheder i Asahi Kasei-koncernen omfatter yderligere delt brug som beskrevet i den privatlivspolitik, der er specifik for deres respektive websteder eller dele af dette websted. <\/p>\n\n<figure class=\"wp-block-table\">\n<table>\n<tbody>\n<tr>\n<th>Oplysninger til f\u00e6lles brug<\/th>\n<th>Form\u00e5l med delt brug<\/th>\n<th>Ansvarlig part<\/th>\n<\/tr>\n<tr>\n<td>Navne og kontaktoplysninger hos General Affairs<\/td>\n<td>Passende svar p\u00e5 foresp\u00f8rgsler og anmodninger<\/td>\n<td>Daglig leder af Generelle Anliggender<\/td>\n<\/tr>\n<tr>\n<td>Navne og kontaktoplysninger hos Corporate Procurement &amp; Logistics<\/td>\n<td>Udf\u00f8relse af opgaver i forbindelse med indk\u00f8b<\/td>\n<td>General Manager for Corporate Procurement &amp; Logistics<\/td>\n<\/tr>\n<tr>\n<td>Navne og kontaktoplysninger, der opbevares af Corporate Accounting &amp; Control og Corporate Finance<\/td>\n<td>Styring af kreditter og g\u00e6ld, h\u00e5ndtering af betalinger<\/td>\n<td>General Manager for Corporate Accounting &amp; Control og General Manager for Corporate Finance<\/td>\n<\/tr>\n<tr>\n<td>Ernst H\u00e4ndel<\/td>\n<td>Roland Mendel<\/td>\n<td>\u00d8strig<\/td>\n<\/tr>\n<\/tbody>\n<\/table>\n<\/figure>\n\n<p> <\/p>\n\n<h3 class=\"wp-block-heading\">Videregivelse til tredjeparter<\/h3>\n\n<p>I tilf\u00e6lde, hvor det bliver n\u00f8dvendigt at videregive personlige oplysninger til underleverand\u00f8rer i forbindelse med outsourcing, indg\u00e5r Asahi Kasei-koncernens virksomheder aftaler med underleverand\u00f8rerne, der kr\u00e6ver, at s\u00e5danne personlige oplysninger h\u00e5ndteres i overensstemmelse med Asahi Kasei-koncernens standarder. Underleverand\u00f8rernes h\u00e5ndtering af personlige oplysninger overv\u00e5ges og kontrolleres for at sikre overholdelse. <br><br>De eneste andre tilf\u00e6lde, hvor personlige oplysninger videregives til tredjeparter, er beskrevet nedenfor.<\/p>\n\n<ul>\n<li>Hvis vi har din forudg\u00e5ende godkendelse til at g\u00f8re det.<\/li>\n\n<li>Hvis muligheden for en s\u00e5dan videregivelse var klart angivet p\u00e5 det tidspunkt, hvor personoplysningerne blev modtaget.<\/li>\n\n<li>Hvis et passende svar p\u00e5 en foresp\u00f8rgsel eller anmodning n\u00f8dvendigg\u00f8r videregivelse til et selskab i Asahi Kasei-koncernen.<\/li>\n\n<li>Hvis oplysninger i en form, der udelukker personlig identifikation, videregives til statistisk analyse.<\/li>\n\n<li>Hvis fusion, virksomhedsopdeling eller virksomhedsoverdragelse n\u00f8dvendigg\u00f8r videregivelse af oplysninger til videref\u00f8relse af driften.<\/li>\n\n<li>Hvis det kr\u00e6ves i henhold til lov eller bestemmelser.<\/li>\n\n<li>Hvis det er n\u00f8dvendigt for at beskytte en persons liv, helbred eller aktiver, og vi ikke er i stand til at f\u00e5 din forudg\u00e5ende godkendelse.<\/li>\n\n<li>Forbindelse med lokalsamfund, hvor Asahi Kasei-gruppens faciliteter er placeret.<\/li>\n\n<li>Hvis det er n\u00f8dvendigt i forbindelse med samarbejde med statslige myndigheder, og indhentning af din forudg\u00e5ende godkendelse ville hindre myndighederne i at udf\u00f8re deres opgaver.<\/li>\n<\/ul>\n\n<p> <\/p>\n\n<h3 class=\"wp-block-heading\">Foresp\u00f8rgsler om personlige oplysninger<\/h3>\n\n<ul>\n<li><strong>Bekr\u00e6ftelse<\/strong><br>Til din unders\u00f8gelse og bekr\u00e6ftelse kan du anmode om, at vi videregiver de opbevarede personoplysninger om dig, som vi er i besiddelse af. N\u00e5r vi har bekr\u00e6ftet, at den person, der frems\u00e6tter en s\u00e5dan anmodning, er den person, der anmodes om offentligg\u00f8relse af, eller en beh\u00f8rigt autoriseret fuldm\u00e6gtig heraf, vil vi svare inden for en rimelig tid og i et rimeligt omfang. <\/li>\n\n<li><strong>Korrektion, revision<\/strong><br>Du kan anmode om, at vi korrigerer eller reviderer de opbevarede personoplysninger om dig, som vi har. N\u00e5r vi har kontrolleret, at identiteten p\u00e5 den person, der frems\u00e6tter en s\u00e5dan anmodning, er den person, for hvem der anmodes om korrektion eller revision, eller en beh\u00f8rigt autoriseret fuldm\u00e6gtig heraf, vil vi svare inden for en rimelig tid og i et rimeligt omfang, hvis de data, vi har, er un\u00f8jagtige. <\/li>\n\n<li>Oph\u00f8r med <strong>brug, sletning<\/strong><br>Du kan anmode om, at vi oph\u00f8rer med at bruge eller sletter de opbevarede personoplysninger om dig, som vi har. N\u00e5r vi har kontrolleret, at identiteten p\u00e5 den person, der frems\u00e6tter en s\u00e5dan anmodning, er den person, for hvem der anmodes om oph\u00f8r med brug eller sletning, eller en beh\u00f8rigt autoriseret fuldm\u00e6gtig deraf, vil vi svare inden for en rimelig tid og i et rimeligt omfang.<br>Bem\u00e6rk, at oph\u00f8r med brug eller sletning af en del eller alle aaa replica watches af dine personlige oplysninger kan forhindre os i at give dig visse tjenester. Bem\u00e6rk ogs\u00e5, at relevante regler foreskriver, at vi i visse tilf\u00e6lde kan afvise at opfylde en s\u00e5dan anmodning.  <\/li>\n\n<li><strong>Oph\u00f8r med brug, sletning<\/strong><br>Anmodninger om bekr\u00e6ftelse, rettelse, revision, oph\u00f8r med brug eller sletning af opbevarede personoplysninger kan foretages via foresp\u00f8rgselsformularen, pr. fax til +81-(0)3-3296-3161 eller pr. post til Corporate Affairs, 1-105 Kanda Jinbocho, Chiyoda-ku, Tokyo 101-8101, Japan.<br>Hvis dine personlige oplysninger blev givet til os via Asahi Kasei-gruppens virksomhedswebsteder eller dele af dette websted, som har en separat privatlivspolitik, henvises der til kontaktoplysningerne i den p\u00e5g\u00e6ldende privatlivspolitik.<\/li>\n\n<li><strong>H\u00e5ndteringsgebyr<\/strong><br>Omkostninger, som vi afholder for at opfylde en anmodning om bekr\u00e6ftelse, rettelse, revision, oph\u00f8r af brug eller sletning af opbevarede personoplysninger, kan opkr\u00e6ves af dig eller din fuldm\u00e6gtig som et h\u00e5ndteringsgebyr.<\/li>\n<\/ul>\n\n<div class=\"wp-block-spacer\" style=\"height: 100px;\" aria-hidden=\"true\"> <\/div>\n\t\t\t\t\t\t\t\t<\/div>\n\t\t\t\t<\/div>\n\t\t\t\t\t<\/div>\n\t\t\t\t<\/div>\n\t\t<div class=\"elementor-element elementor-element-7564ee34 e-flex e-con-boxed e-con e-parent\" data-id=\"7564ee34\" data-element_type=\"container\" data-e-type=\"container\" data-settings=\"{&quot;background_background&quot;:&quot;classic&quot;}\">\n\t\t\t\t\t<div class=\"e-con-inner\">\n\t\t<div class=\"elementor-element elementor-element-730accc e-con-full e-flex e-con e-child\" data-id=\"730accc\" data-element_type=\"container\" data-e-type=\"container\" data-settings=\"{&quot;position&quot;:&quot;absolute&quot;}\">\n\t\t\t\t<\/div>\n\t\t<div class=\"elementor-element elementor-element-e4c97f4 e-con-full e-flex e-con e-child\" data-id=\"e4c97f4\" data-element_type=\"container\" data-e-type=\"container\" data-settings=\"{&quot;background_background&quot;:&quot;slideshow&quot;,&quot;background_slideshow_gallery&quot;:[],&quot;background_slideshow_loop&quot;:&quot;yes&quot;,&quot;background_slideshow_slide_duration&quot;:5000,&quot;background_slideshow_slide_transition&quot;:&quot;fade&quot;,&quot;background_slideshow_transition_duration&quot;:500}\">\n\t\t\t\t<div class=\"elementor-element elementor-element-c3d86d1 elementor-widget elementor-widget-heading\" data-id=\"c3d86d1\" data-element_type=\"widget\" data-e-type=\"widget\" data-widget_type=\"heading.default\">\n\t\t\t\t<div class=\"elementor-widget-container\">\n\t\t\t\t\t<h2 class=\"elementor-heading-title elementor-size-default\">Asahi Kasei Group<\/h2>\t\t\t\t<\/div>\n\t\t\t\t<\/div>\n\t\t\t\t<div class=\"elementor-element elementor-element-63f8e68 elementor-widget elementor-widget-text-editor\" data-id=\"63f8e68\" data-element_type=\"widget\" data-e-type=\"widget\" data-widget_type=\"text-editor.default\">\n\t\t\t\t<div class=\"elementor-widget-container\">\n\t\t\t\t\t\t\t\t\t<p>Vi, Asahi Kasei-gruppen, bidrager til livet og til at leve for mennesker i hele verden.<\/p>\t\t\t\t\t\t\t\t<\/div>\n\t\t\t\t<\/div>\n\t\t\t\t<div class=\"elementor-element elementor-element-9b02127 elementor-mobile-align-center elementor-widget-mobile__width-auto elementor-align-left elementor-widget elementor-widget-button\" data-id=\"9b02127\" data-element_type=\"widget\" data-e-type=\"widget\" data-widget_type=\"button.default\">\n\t\t\t\t<div class=\"elementor-widget-container\">\n\t\t\t\t\t\t\t\t\t<div class=\"elementor-button-wrapper\">\n\t\t\t\t\t<a class=\"elementor-button elementor-button-link elementor-size-sm\" href=\"https:\/\/www.asahi-kasei.com\/\">\n\t\t\t\t\t\t<span class=\"elementor-button-content-wrapper\">\n\t\t\t\t\t\t\t\t\t<span class=\"elementor-button-text\">F\u00e5 mere at vide<\/span>\n\t\t\t\t\t<\/span>\n\t\t\t\t\t<\/a>\n\t\t\t\t<\/div>\n\t\t\t\t\t\t\t\t<\/div>\n\t\t\t\t<\/div>\n\t\t\t\t<\/div>\n\t\t\t\t\t<\/div>\n\t\t\t\t<\/div>\n\t\t\t\t<\/div>\n\t\t","protected":false},"excerpt":{"rendered":"<p>Politik for beskyttelse af personlige oplysninger I l\u00f8bet af forretningen modtager Asahi Kasei Group*\u00c5bn nyt vindue personlige oplysninger s\u00e5som navne, postadresser, telefonnumre og e-mailadresser fra forbrugere, kunder, leverand\u00f8rer, aktion\u00e6rer og andre, ud over de personlige oplysninger om vores ledere og medarbejdere, som vi har. Vi er omega replica forpligtet til at opretholde privatlivets fred og [&hellip;]<\/p>\n","protected":false},"author":1,"featured_media":0,"parent":0,"menu_order":0,"comment_status":"closed","ping_status":"open","template":"","meta":{"_acf_changed":false,"footnotes":""},"class_list":["post-22422","page","type-page","status-publish","hentry"],"acf":[],"yoast_head":"<!-- This site is optimized with the Yoast SEO plugin v27.1.1 - https:\/\/yoast.com\/product\/yoast-seo-wordpress\/ -->\n<title>Fortrolighedspolitik | Asahi Kasei Bioprocess<\/title>\n<meta name=\"description\" content=\"Asahi Kasei Bioprocess indsamler, bruger og videregiver personlige oplysninger p\u00e5 en m\u00e5de, der er i overensstemmelse med lovgivningen i de lande, hvor vi driver forretning.\" \/>\n<meta name=\"robots\" content=\"index, follow, max-snippet:-1, max-image-preview:large, max-video-preview:-1\" \/>\n<link rel=\"canonical\" href=\"https:\/\/fluidmgmt.ak-bio.com\/da\/politik-for-beskyttelse-af-personlige-oplysninger\/\" \/>\n<meta property=\"og:locale\" content=\"da_DK\" \/>\n<meta property=\"og:type\" content=\"article\" \/>\n<meta property=\"og:title\" content=\"Fortrolighedspolitik | Asahi Kasei Bioprocess\" \/>\n<meta property=\"og:description\" content=\"Asahi Kasei Bioprocess indsamler, bruger og videregiver personlige oplysninger p\u00e5 en m\u00e5de, der er i overensstemmelse med lovgivningen i de lande, hvor vi driver forretning.\" \/>\n<meta property=\"og:url\" content=\"https:\/\/fluidmgmt.ak-bio.com\/da\/politik-for-beskyttelse-af-personlige-oplysninger\/\" \/>\n<meta property=\"og:site_name\" content=\"AK Bio - Fluid Management\" \/>\n<meta property=\"article:modified_time\" content=\"2025-11-24T15:48:48+00:00\" \/>\n<meta property=\"og:image\" content=\"https:\/\/fluidmgmt.ak-bio.com\/wp-content\/uploads\/2024\/05\/Home-dna-scaled.webp\" \/>\n\t<meta property=\"og:image:width\" content=\"2560\" \/>\n\t<meta property=\"og:image:height\" content=\"1435\" \/>\n\t<meta property=\"og:image:type\" content=\"image\/webp\" \/>\n<meta name=\"twitter:card\" content=\"summary_large_image\" \/>\n<meta name=\"twitter:label1\" content=\"Estimeret l\u00e6setid\" \/>\n\t<meta name=\"twitter:data1\" content=\"6 minutter\" \/>\n<script type=\"application\/ld+json\" class=\"yoast-schema-graph\">{\"@context\":\"https:\/\/schema.org\",\"@graph\":[{\"@type\":\"WebPage\",\"@id\":\"https:\/\/fluidmgmt.ak-bio.com\/da\/politik-for-beskyttelse-af-personlige-oplysninger\/\",\"url\":\"https:\/\/fluidmgmt.ak-bio.com\/da\/politik-for-beskyttelse-af-personlige-oplysninger\/\",\"name\":\"Fortrolighedspolitik | Asahi Kasei Bioprocess\",\"isPartOf\":{\"@id\":\"https:\/\/fluidmgmt.ak-bio.com\/da\/#website\"},\"datePublished\":\"2024-04-05T02:05:21+00:00\",\"dateModified\":\"2025-11-24T15:48:48+00:00\",\"description\":\"Asahi Kasei Bioprocess indsamler, bruger og videregiver personlige oplysninger p\u00e5 en m\u00e5de, der er i overensstemmelse med lovgivningen i de lande, hvor vi driver forretning.\",\"inLanguage\":\"da-DK\",\"potentialAction\":[{\"@type\":\"ReadAction\",\"target\":[\"https:\/\/fluidmgmt.ak-bio.com\/da\/politik-for-beskyttelse-af-personlige-oplysninger\/\"]}]},{\"@type\":\"WebSite\",\"@id\":\"https:\/\/fluidmgmt.ak-bio.com\/da\/#website\",\"url\":\"https:\/\/fluidmgmt.ak-bio.com\/da\/\",\"name\":\"AK Bio - Fluid Management\",\"description\":\"\",\"publisher\":{\"@id\":\"https:\/\/fluidmgmt.ak-bio.com\/da\/#organization\"},\"potentialAction\":[{\"@type\":\"SearchAction\",\"target\":{\"@type\":\"EntryPoint\",\"urlTemplate\":\"https:\/\/fluidmgmt.ak-bio.com\/da\/?s={search_term_string}\"},\"query-input\":{\"@type\":\"PropertyValueSpecification\",\"valueRequired\":true,\"valueName\":\"search_term_string\"}}],\"inLanguage\":\"da-DK\"},{\"@type\":\"Organization\",\"@id\":\"https:\/\/fluidmgmt.ak-bio.com\/da\/#organization\",\"name\":\"AK Bio\",\"url\":\"https:\/\/fluidmgmt.ak-bio.com\/da\/\",\"logo\":{\"@type\":\"ImageObject\",\"inLanguage\":\"da-DK\",\"@id\":\"https:\/\/fluidmgmt.ak-bio.com\/da\/#\/schema\/logo\/image\/\",\"url\":\"https:\/\/fluidmgmt.ak-bio.com\/wp-content\/uploads\/2024\/04\/blue_ak_Logo.svg\",\"contentUrl\":\"https:\/\/fluidmgmt.ak-bio.com\/wp-content\/uploads\/2024\/04\/blue_ak_Logo.svg\",\"width\":197,\"height\":50,\"caption\":\"AK Bio\"},\"image\":{\"@id\":\"https:\/\/fluidmgmt.ak-bio.com\/da\/#\/schema\/logo\/image\/\"},\"sameAs\":[\"https:\/\/www.linkedin.com\/company\/asahi-kasei-bioprocess-america\/\"]}]}<\/script>\n<!-- \/ Yoast SEO plugin. -->","yoast_head_json":{"title":"Fortrolighedspolitik | Asahi Kasei Bioprocess","description":"Asahi Kasei Bioprocess indsamler, bruger og videregiver personlige oplysninger p\u00e5 en m\u00e5de, der er i overensstemmelse med lovgivningen i de lande, hvor vi driver forretning.","robots":{"index":"index","follow":"follow","max-snippet":"max-snippet:-1","max-image-preview":"max-image-preview:large","max-video-preview":"max-video-preview:-1"},"canonical":"https:\/\/fluidmgmt.ak-bio.com\/da\/politik-for-beskyttelse-af-personlige-oplysninger\/","og_locale":"da_DK","og_type":"article","og_title":"Fortrolighedspolitik | Asahi Kasei Bioprocess","og_description":"Asahi Kasei Bioprocess indsamler, bruger og videregiver personlige oplysninger p\u00e5 en m\u00e5de, der er i overensstemmelse med lovgivningen i de lande, hvor vi driver forretning.","og_url":"https:\/\/fluidmgmt.ak-bio.com\/da\/politik-for-beskyttelse-af-personlige-oplysninger\/","og_site_name":"AK Bio - Fluid Management","article_modified_time":"2025-11-24T15:48:48+00:00","og_image":[{"width":2560,"height":1435,"url":"https:\/\/fluidmgmt.ak-bio.com\/wp-content\/uploads\/2024\/05\/Home-dna-scaled.webp","type":"image\/webp"}],"twitter_card":"summary_large_image","twitter_misc":{"Estimeret l\u00e6setid":"6 minutter"},"schema":{"@context":"https:\/\/schema.org","@graph":[{"@type":"WebPage","@id":"https:\/\/fluidmgmt.ak-bio.com\/da\/politik-for-beskyttelse-af-personlige-oplysninger\/","url":"https:\/\/fluidmgmt.ak-bio.com\/da\/politik-for-beskyttelse-af-personlige-oplysninger\/","name":"Fortrolighedspolitik | Asahi Kasei Bioprocess","isPartOf":{"@id":"https:\/\/fluidmgmt.ak-bio.com\/da\/#website"},"datePublished":"2024-04-05T02:05:21+00:00","dateModified":"2025-11-24T15:48:48+00:00","description":"Asahi Kasei Bioprocess indsamler, bruger og videregiver personlige oplysninger p\u00e5 en m\u00e5de, der er i overensstemmelse med lovgivningen i de lande, hvor vi driver forretning.","inLanguage":"da-DK","potentialAction":[{"@type":"ReadAction","target":["https:\/\/fluidmgmt.ak-bio.com\/da\/politik-for-beskyttelse-af-personlige-oplysninger\/"]}]},{"@type":"WebSite","@id":"https:\/\/fluidmgmt.ak-bio.com\/da\/#website","url":"https:\/\/fluidmgmt.ak-bio.com\/da\/","name":"AK Bio - Fluid Management","description":"","publisher":{"@id":"https:\/\/fluidmgmt.ak-bio.com\/da\/#organization"},"potentialAction":[{"@type":"SearchAction","target":{"@type":"EntryPoint","urlTemplate":"https:\/\/fluidmgmt.ak-bio.com\/da\/?s={search_term_string}"},"query-input":{"@type":"PropertyValueSpecification","valueRequired":true,"valueName":"search_term_string"}}],"inLanguage":"da-DK"},{"@type":"Organization","@id":"https:\/\/fluidmgmt.ak-bio.com\/da\/#organization","name":"AK Bio","url":"https:\/\/fluidmgmt.ak-bio.com\/da\/","logo":{"@type":"ImageObject","inLanguage":"da-DK","@id":"https:\/\/fluidmgmt.ak-bio.com\/da\/#\/schema\/logo\/image\/","url":"https:\/\/fluidmgmt.ak-bio.com\/wp-content\/uploads\/2024\/04\/blue_ak_Logo.svg","contentUrl":"https:\/\/fluidmgmt.ak-bio.com\/wp-content\/uploads\/2024\/04\/blue_ak_Logo.svg","width":197,"height":50,"caption":"AK Bio"},"image":{"@id":"https:\/\/fluidmgmt.ak-bio.com\/da\/#\/schema\/logo\/image\/"},"sameAs":["https:\/\/www.linkedin.com\/company\/asahi-kasei-bioprocess-america\/"]}]}},"_links":{"self":[{"href":"https:\/\/fluidmgmt.ak-bio.com\/da\/wp-json\/wp\/v2\/pages\/22422","targetHints":{"allow":["GET"]}}],"collection":[{"href":"https:\/\/fluidmgmt.ak-bio.com\/da\/wp-json\/wp\/v2\/pages"}],"about":[{"href":"https:\/\/fluidmgmt.ak-bio.com\/da\/wp-json\/wp\/v2\/types\/page"}],"author":[{"embeddable":true,"href":"https:\/\/fluidmgmt.ak-bio.com\/da\/wp-json\/wp\/v2\/users\/1"}],"replies":[{"embeddable":true,"href":"https:\/\/fluidmgmt.ak-bio.com\/da\/wp-json\/wp\/v2\/comments?post=22422"}],"version-history":[{"count":0,"href":"https:\/\/fluidmgmt.ak-bio.com\/da\/wp-json\/wp\/v2\/pages\/22422\/revisions"}],"wp:attachment":[{"href":"https:\/\/fluidmgmt.ak-bio.com\/da\/wp-json\/wp\/v2\/media?parent=22422"}],"curies":[{"name":"wp","href":"https:\/\/api.w.org\/{rel}","templated":true}]}}