{"id":23731,"date":"2024-08-12T13:36:33","date_gmt":"2024-08-12T17:36:33","guid":{"rendered":"https:\/\/fluidmgmt.ak-bio.com\/baeredygtighed\/"},"modified":"2025-11-21T10:23:28","modified_gmt":"2025-11-21T15:23:28","slug":"baeredygtighed","status":"publish","type":"page","link":"https:\/\/fluidmgmt.ak-bio.com\/da\/virksomhed\/baeredygtighed\/","title":{"rendered":"B\u00e6redygtighed"},"content":{"rendered":"\t\t<div data-elementor-type=\"wp-page\" data-elementor-id=\"23731\" class=\"elementor elementor-23731 elementor-14207\" data-elementor-post-type=\"page\">\n\t\t\t\t<div class=\"elementor-element elementor-element-5251e38 e-flex e-con-boxed e-con e-parent\" data-id=\"5251e38\" data-element_type=\"container\" data-e-type=\"container\" id=\"main-hero-container\" data-settings=\"{&quot;background_background&quot;:&quot;classic&quot;}\">\n\t\t\t\t\t<div class=\"e-con-inner\">\n\t\t<div class=\"elementor-element elementor-element-64dc7195 e-con-full e-flex e-con e-child\" data-id=\"64dc7195\" data-element_type=\"container\" data-e-type=\"container\" data-settings=\"{&quot;position&quot;:&quot;absolute&quot;}\">\n\t\t\t\t<\/div>\n\t\t<div class=\"elementor-element elementor-element-496cbe4e e-con-full e-flex e-con e-child\" data-id=\"496cbe4e\" data-element_type=\"container\" data-e-type=\"container\">\n\t\t\t\t<div class=\"elementor-element elementor-element-6ad7aadf elementor-widget elementor-widget-heading\" data-id=\"6ad7aadf\" data-element_type=\"widget\" data-e-type=\"widget\" data-widget_type=\"heading.default\">\n\t\t\t\t<div class=\"elementor-widget-container\">\n\t\t\t\t\t<h1 class=\"elementor-heading-title elementor-size-default\">S\u00e5dan fremmer Asahi Kasei Bioprocess b\u00e6redygtighed<\/h1>\t\t\t\t<\/div>\n\t\t\t\t<\/div>\n\t\t\t\t<\/div>\n\t\t\t\t\t<\/div>\n\t\t\t\t<\/div>\n\t\t<div class=\"elementor-element elementor-element-182b7305 e-flex e-con-boxed e-con e-parent\" data-id=\"182b7305\" data-element_type=\"container\" data-e-type=\"container\" data-settings=\"{&quot;background_background&quot;:&quot;classic&quot;}\">\n\t\t\t\t\t<div class=\"e-con-inner\">\n\t\t\t\t<div class=\"elementor-element elementor-element-2acf5580 breadcrumbs elementor-widget elementor-widget-global elementor-global-31426 elementor-global-772 elementor-widget-wp-widget-bcn_widget\" data-id=\"2acf5580\" data-element_type=\"widget\" data-e-type=\"widget\" data-widget_type=\"wp-widget-bcn_widget.default\">\n\t\t\t\t<div class=\"elementor-widget-container\">\n\t\t\t\t\t<div class=\"breadcrumbs\" vocab=\"https:\/\/schema.org\/\" typeof=\"BreadcrumbList\"><\/div>\t\t\t\t<\/div>\n\t\t\t\t<\/div>\n\t\t\t\t\t<\/div>\n\t\t\t\t<\/div>\n\t\t<div class=\"elementor-element elementor-element-45d0c27 e-flex e-con-boxed e-con e-parent\" data-id=\"45d0c27\" data-element_type=\"container\" data-e-type=\"container\" data-settings=\"{&quot;background_background&quot;:&quot;gradient&quot;}\">\n\t\t\t\t\t<div class=\"e-con-inner\">\n\t\t<div class=\"elementor-element elementor-element-a38b8d7 e-con-full e-flex e-con e-child\" data-id=\"a38b8d7\" data-element_type=\"container\" data-e-type=\"container\">\n\t\t<div class=\"elementor-element elementor-element-c8b5a45 e-con-full e-flex e-con e-child\" data-id=\"c8b5a45\" data-element_type=\"container\" data-e-type=\"container\">\n\t\t\t\t<div class=\"elementor-element elementor-element-e405295 elementor-widget elementor-widget-heading\" data-id=\"e405295\" data-element_type=\"widget\" data-e-type=\"widget\" data-widget_type=\"heading.default\">\n\t\t\t\t<div class=\"elementor-widget-container\">\n\t\t\t\t\t<h2 class=\"elementor-heading-title elementor-size-default\">B\u00e6redygtighed hos AKBA<\/h2>\t\t\t\t<\/div>\n\t\t\t\t<\/div>\n\t\t\t\t<\/div>\n\t\t\t\t<\/div>\n\t\t<div class=\"elementor-element elementor-element-ca02850 e-flex e-con-boxed e-con e-child\" data-id=\"ca02850\" data-element_type=\"container\" data-e-type=\"container\">\n\t\t\t\t\t<div class=\"e-con-inner\">\n\t\t\t\t<div class=\"elementor-element elementor-element-2d90d07 elementor-widget elementor-widget-text-editor\" data-id=\"2d90d07\" data-element_type=\"widget\" data-e-type=\"widget\" data-widget_type=\"text-editor.default\">\n\t\t\t\t<div class=\"elementor-widget-container\">\n\t\t\t\t\t\t\t\t\t<p><span style=\"font-weight: 400;\">Siden grundl\u00e6ggelsen i 1922 har b\u00e6redygtighed og innovation til gavn for samfundet v\u00e6ret centrale temaer i Asahi Kasei-koncernens v\u00e6kst og i dens datterselskaber, herunder Asahi Kasei Bioprocess America. AKBA spiller en vigtig rolle i at bidrage til liv og levevis for mennesker over hele verden. <\/span><\/p>\t\t\t\t\t\t\t\t<\/div>\n\t\t\t\t<\/div>\n\t\t\t\t\t<\/div>\n\t\t\t\t<\/div>\n\t\t\t\t\t<\/div>\n\t\t\t\t<\/div>\n\t\t<div class=\"elementor-element elementor-element-58637c8 e-flex e-con-boxed e-con e-parent\" data-id=\"58637c8\" data-element_type=\"container\" data-e-type=\"container\" data-settings=\"{&quot;background_background&quot;:&quot;classic&quot;}\">\n\t\t\t\t\t<div class=\"e-con-inner\">\n\t\t<div class=\"elementor-element elementor-element-0e3d641 e-con-full e-flex e-con e-child\" data-id=\"0e3d641\" data-element_type=\"container\" data-e-type=\"container\">\n\t\t<div class=\"elementor-element elementor-element-3e15c2d e-con-full e-flex e-con e-child\" data-id=\"3e15c2d\" data-element_type=\"container\" data-e-type=\"container\">\n\t\t\t\t<div class=\"elementor-element elementor-element-f7c17f8 elementor-widget elementor-widget-heading\" data-id=\"f7c17f8\" data-element_type=\"widget\" data-e-type=\"widget\" data-widget_type=\"heading.default\">\n\t\t\t\t<div class=\"elementor-widget-container\">\n\t\t\t\t\t<h2 class=\"elementor-heading-title elementor-size-default\">B\u00e6redygtigt samfund<\/h2>\t\t\t\t<\/div>\n\t\t\t\t<\/div>\n\t\t\t\t<div class=\"elementor-element elementor-element-65d42d2 elementor-widget elementor-widget-text-editor\" data-id=\"65d42d2\" data-element_type=\"widget\" data-e-type=\"widget\" data-widget_type=\"text-editor.default\">\n\t\t\t\t<div class=\"elementor-widget-container\">\n\t\t\t\t\t\t\t\t\t<p><span style=\"font-weight: 400;\">Efterh\u00e5nden som vi vokser, forts\u00e6tter vi med at str\u00e6be efter to gensidigt forst\u00e6rkende aspekter af b\u00e6redygtighed: Ved at skabe v\u00e6rdi for at &#8220;bidrage til et b\u00e6redygtigt samfund&#8221; s\u00f8ger vi at opn\u00e5 &#8220;b\u00e6redygtig v\u00e6kst i virksomhedens v\u00e6rdi&#8221;, som g\u00f8r det muligt for os at yde yderligere bidrag i en god cirkel. For at opn\u00e5 dette praktiserer vi f\u00f8lgende: <\/span><\/p><ul><li style=\"font-weight: 400;\" aria-level=\"1\"><span style=\"font-weight: 400;\">V\u00e6rdiskabelse gennem bidrag til et b\u00e6redygtigt samfund<\/span><\/li><\/ul><ul><li style=\"font-weight: 400;\" aria-level=\"1\"><span style=\"font-weight: 400;\">Ansvarlige forretningsaktiviteter<\/span><\/li><\/ul><ul><li style=\"font-weight: 400;\" aria-level=\"1\"><span style=\"font-weight: 400;\">Empowerment af personale<\/span><\/li><\/ul><p> <\/p>\t\t\t\t\t\t\t\t<\/div>\n\t\t\t\t<\/div>\n\t\t\t\t<\/div>\n\t\t<div class=\"elementor-element elementor-element-736e9f9 e-con-full e-flex e-con e-child\" data-id=\"736e9f9\" data-element_type=\"container\" data-e-type=\"container\">\n\t\t\t\t<div class=\"elementor-element elementor-element-14b3802 elementor-widget__width-auto elementor-widget elementor-widget-image\" data-id=\"14b3802\" data-element_type=\"widget\" data-e-type=\"widget\" data-widget_type=\"image.default\">\n\t\t\t\t<div class=\"elementor-widget-container\">\n\t\t\t\t\t\t\t\t\t\t\t\t\t\t\t<img fetchpriority=\"high\" decoding=\"async\" width=\"768\" height=\"440\" src=\"https:\/\/fluidmgmt.ak-bio.com\/wp-content\/uploads\/2024\/09\/AKSustainability-768x440.png\" class=\"attachment-medium_large size-medium_large wp-image-17537\" alt=\"Sustainability\" srcset=\"https:\/\/fluidmgmt.ak-bio.com\/wp-content\/uploads\/2024\/09\/AKSustainability-768x440.png 768w, https:\/\/fluidmgmt.ak-bio.com\/wp-content\/uploads\/2024\/09\/AKSustainability-300x172.png 300w, https:\/\/fluidmgmt.ak-bio.com\/wp-content\/uploads\/2024\/09\/AKSustainability-1024x586.png 1024w, https:\/\/fluidmgmt.ak-bio.com\/wp-content\/uploads\/2024\/09\/AKSustainability-600x344.png 600w, https:\/\/fluidmgmt.ak-bio.com\/wp-content\/uploads\/2024\/09\/AKSustainability.png 1200w\" sizes=\"(max-width: 768px) 100vw, 768px\" \/>\t\t\t\t\t\t\t\t\t\t\t\t\t\t\t<\/div>\n\t\t\t\t<\/div>\n\t\t\t\t<\/div>\n\t\t\t\t<\/div>\n\t\t\t\t\t<\/div>\n\t\t\t\t<\/div>\n\t\t<div class=\"elementor-element elementor-element-70a8c9a e-flex e-con-boxed e-con e-parent\" data-id=\"70a8c9a\" data-element_type=\"container\" data-e-type=\"container\" data-settings=\"{&quot;background_background&quot;:&quot;classic&quot;}\">\n\t\t\t\t\t<div class=\"e-con-inner\">\n\t\t<div class=\"elementor-element elementor-element-9d1ed8b e-con-full e-flex e-con e-child\" data-id=\"9d1ed8b\" data-element_type=\"container\" data-e-type=\"container\">\n\t\t<div class=\"elementor-element elementor-element-9fe2331 e-con-full e-flex e-con e-child\" data-id=\"9fe2331\" data-element_type=\"container\" data-e-type=\"container\">\n\t\t\t\t<div class=\"elementor-element elementor-element-5d0cc5b elementor-widget elementor-widget-video\" data-id=\"5d0cc5b\" data-element_type=\"widget\" data-e-type=\"widget\" data-settings=\"{&quot;youtube_url&quot;:&quot;https:\\\/\\\/www.youtube.com\\\/watch?v=PG1x7ZVAIRE&quot;,&quot;video_type&quot;:&quot;youtube&quot;,&quot;controls&quot;:&quot;yes&quot;}\" data-widget_type=\"video.default\">\n\t\t\t\t<div class=\"elementor-widget-container\">\n\t\t\t\t\t\t\t<div class=\"elementor-wrapper elementor-open-inline\">\n\t\t\t<div class=\"elementor-video\"><\/div>\t\t<\/div>\n\t\t\t\t\t\t<\/div>\n\t\t\t\t<\/div>\n\t\t\t\t<\/div>\n\t\t<div class=\"elementor-element elementor-element-bdefb2a e-con-full e-flex e-con e-child\" data-id=\"bdefb2a\" data-element_type=\"container\" data-e-type=\"container\">\n\t\t\t\t<div class=\"elementor-element elementor-element-7d0ddeb elementor-widget elementor-widget-heading\" data-id=\"7d0ddeb\" data-element_type=\"widget\" data-e-type=\"widget\" data-widget_type=\"heading.default\">\n\t\t\t\t<div class=\"elementor-widget-container\">\n\t\t\t\t\t<h2 class=\"elementor-heading-title elementor-size-default\">Herhjemme<\/h2>\t\t\t\t<\/div>\n\t\t\t\t<\/div>\n\t\t\t\t<div class=\"elementor-element elementor-element-690b9b5 elementor-widget elementor-widget-text-editor\" data-id=\"690b9b5\" data-element_type=\"widget\" data-e-type=\"widget\" data-widget_type=\"text-editor.default\">\n\t\t\t\t<div class=\"elementor-widget-container\">\n\t\t\t\t\t\t\t\t\t<p><span style=\"font-weight: 400;\">P\u00e5 et mere lokalt plan har Asahi Kasei Bioprocess foretaget betydelige forbedringer af sine lokaler i n\u00e6rheden af Chicago, IL, i bestr\u00e6belserne p\u00e5 at n\u00e5 b\u00e6redygtighedsm\u00e5lene &#8211; herunder indarbejdelse af gr\u00f8nnere l\u00f8sninger i vores 25.000 kvadratmeter store udvidelse: <\/span><\/p><ul><li style=\"font-weight: 400;\" aria-level=\"1\"><span style=\"font-weight: 400;\">Designet i vinduer h\u00f8jt oppe p\u00e5 fabriksv\u00e6ggene for at f\u00e5 naturligt lys ind.<\/span><\/li><\/ul><ul><li style=\"font-weight: 400;\" aria-level=\"1\"><span style=\"font-weight: 400;\">Installerede al LED-belysning i nye produktionslokaler ved hj\u00e6lp af et Daylight-Harvesting System &#8211; dette system overv\u00e5ger naturligt lys og registrerer tilstedev\u00e6relse og lyser kun op, hvis der er en kombination af svagt lys og tilstedev\u00e6relse.<\/span><\/li><\/ul><p> <\/p>\t\t\t\t\t\t\t\t<\/div>\n\t\t\t\t<\/div>\n\t\t\t\t<\/div>\n\t\t\t\t<\/div>\n\t\t\t\t\t<\/div>\n\t\t\t\t<\/div>\n\t\t<div class=\"elementor-element elementor-element-c9e098b e-flex e-con-boxed e-con e-parent\" data-id=\"c9e098b\" data-element_type=\"container\" data-e-type=\"container\" data-settings=\"{&quot;background_background&quot;:&quot;classic&quot;}\">\n\t\t\t\t\t<div class=\"e-con-inner\">\n\t\t<div class=\"elementor-element elementor-element-0aa04d3 e-con-full e-flex e-con e-child\" data-id=\"0aa04d3\" data-element_type=\"container\" data-e-type=\"container\" data-settings=\"{&quot;position&quot;:&quot;absolute&quot;}\">\n\t\t\t\t<\/div>\n\t\t<div class=\"elementor-element elementor-element-ecebea5 e-con-full e-flex e-con e-child\" data-id=\"ecebea5\" data-element_type=\"container\" data-e-type=\"container\">\n\t\t\t\t<div class=\"elementor-element elementor-element-3aae7bb elementor-widget elementor-widget-heading\" data-id=\"3aae7bb\" data-element_type=\"widget\" data-e-type=\"widget\" data-widget_type=\"heading.default\">\n\t\t\t\t<div class=\"elementor-widget-container\">\n\t\t\t\t\t<h2 class=\"elementor-heading-title elementor-size-default\">Asahi Kasei Group<\/h2>\t\t\t\t<\/div>\n\t\t\t\t<\/div>\n\t\t\t\t<div class=\"elementor-element elementor-element-8b4976b elementor-widget elementor-widget-text-editor\" data-id=\"8b4976b\" data-element_type=\"widget\" data-e-type=\"widget\" data-widget_type=\"text-editor.default\">\n\t\t\t\t<div class=\"elementor-widget-container\">\n\t\t\t\t\t\t\t\t\t<p><span style=\"font-weight: 400;\">Vi, Asahi Kasei-gruppen, bidrager til livet og til at leve for mennesker i hele verden.<\/span><\/p>\t\t\t\t\t\t\t\t<\/div>\n\t\t\t\t<\/div>\n\t\t\t\t<div class=\"elementor-element elementor-element-be582c1 elementor-mobile-align-center elementor-widget-mobile__width-auto elementor-align-left elementor-widget elementor-widget-button\" data-id=\"be582c1\" data-element_type=\"widget\" data-e-type=\"widget\" data-widget_type=\"button.default\">\n\t\t\t\t<div class=\"elementor-widget-container\">\n\t\t\t\t\t\t\t\t\t<div class=\"elementor-button-wrapper\">\n\t\t\t\t\t<a class=\"elementor-button elementor-button-link elementor-size-sm\" href=\"https:\/\/www.asahi-kasei.com\/\" target=\"_blank\">\n\t\t\t\t\t\t<span class=\"elementor-button-content-wrapper\">\n\t\t\t\t\t\t\t\t\t<span class=\"elementor-button-text\">F\u00e5 mere at vide<\/span>\n\t\t\t\t\t<\/span>\n\t\t\t\t\t<\/a>\n\t\t\t\t<\/div>\n\t\t\t\t\t\t\t\t<\/div>\n\t\t\t\t<\/div>\n\t\t\t\t<\/div>\n\t\t\t\t\t<\/div>\n\t\t\t\t<\/div>\n\t\t\t\t<\/div>\n\t\t","protected":false},"excerpt":{"rendered":"<p>S\u00e5dan fremmer Asahi Kasei Bioprocess b\u00e6redygtighed B\u00e6redygtighed hos AKBA Siden grundl\u00e6ggelsen i 1922 har b\u00e6redygtighed og innovation til gavn for samfundet v\u00e6ret centrale temaer i Asahi Kasei-koncernens v\u00e6kst og i dens datterselskaber, herunder Asahi Kasei Bioprocess America. AKBA spiller en vigtig rolle i at bidrage til liv og levevis for mennesker over hele verden. B\u00e6redygtigt [&hellip;]<\/p>\n","protected":false},"author":8,"featured_media":0,"parent":23990,"menu_order":0,"comment_status":"closed","ping_status":"closed","template":"","meta":{"_acf_changed":false,"footnotes":""},"class_list":["post-23731","page","type-page","status-publish","hentry"],"acf":[],"yoast_head":"<!-- This site is optimized with the Yoast SEO plugin v27.1.1 - https:\/\/yoast.com\/product\/yoast-seo-wordpress\/ -->\n<title>Fremme af b\u00e6redygtighed | Asahi Kasei Bioprocess<\/title>\n<meta name=\"description\" content=\"L\u00e6r alt, hvad Asahi Kasei Bioprocess g\u00f8r for at st\u00f8tte vores b\u00e6redygtighedsm\u00e5l. Vi spiller en vigtig rolle i at bidrage til et b\u00e6redygtigt samfund.\" \/>\n<meta name=\"robots\" content=\"index, follow, max-snippet:-1, max-image-preview:large, max-video-preview:-1\" \/>\n<link rel=\"canonical\" href=\"https:\/\/fluidmgmt.ak-bio.com\/da\/virksomhed\/baeredygtighed\/\" \/>\n<meta property=\"og:locale\" content=\"da_DK\" \/>\n<meta property=\"og:type\" content=\"article\" \/>\n<meta property=\"og:title\" content=\"Fremme af b\u00e6redygtighed | Asahi Kasei Bioprocess\" \/>\n<meta property=\"og:description\" content=\"L\u00e6r alt, hvad Asahi Kasei Bioprocess g\u00f8r for at st\u00f8tte vores b\u00e6redygtighedsm\u00e5l. Vi spiller en vigtig rolle i at bidrage til et b\u00e6redygtigt samfund.\" \/>\n<meta property=\"og:url\" content=\"https:\/\/fluidmgmt.ak-bio.com\/da\/virksomhed\/baeredygtighed\/\" \/>\n<meta property=\"og:site_name\" content=\"AK Bio - Fluid Management\" \/>\n<meta property=\"article:modified_time\" content=\"2025-11-21T15:23:28+00:00\" \/>\n<meta property=\"og:image\" content=\"https:\/\/fluidmgmt.ak-bio.com\/wp-content\/uploads\/2024\/09\/AKSustainability.png\" \/>\n\t<meta property=\"og:image:width\" content=\"1200\" \/>\n\t<meta property=\"og:image:height\" content=\"687\" \/>\n\t<meta property=\"og:image:type\" content=\"image\/png\" \/>\n<meta name=\"twitter:card\" content=\"summary_large_image\" \/>\n<meta name=\"twitter:label1\" content=\"Estimeret l\u00e6setid\" \/>\n\t<meta name=\"twitter:data1\" content=\"1 minut\" \/>\n<script type=\"application\/ld+json\" class=\"yoast-schema-graph\">{\"@context\":\"https:\/\/schema.org\",\"@graph\":[{\"@type\":\"WebPage\",\"@id\":\"https:\/\/fluidmgmt.ak-bio.com\/da\/virksomhed\/baeredygtighed\/\",\"url\":\"https:\/\/fluidmgmt.ak-bio.com\/da\/virksomhed\/baeredygtighed\/\",\"name\":\"Fremme af b\u00e6redygtighed | Asahi Kasei Bioprocess\",\"isPartOf\":{\"@id\":\"https:\/\/fluidmgmt.ak-bio.com\/da\/#website\"},\"primaryImageOfPage\":{\"@id\":\"https:\/\/fluidmgmt.ak-bio.com\/da\/virksomhed\/baeredygtighed\/#primaryimage\"},\"image\":{\"@id\":\"https:\/\/fluidmgmt.ak-bio.com\/da\/virksomhed\/baeredygtighed\/#primaryimage\"},\"thumbnailUrl\":\"https:\/\/fluidmgmt.ak-bio.com\/wp-content\/uploads\/2024\/09\/AKSustainability-768x440.png\",\"datePublished\":\"2024-08-12T17:36:33+00:00\",\"dateModified\":\"2025-11-21T15:23:28+00:00\",\"description\":\"L\u00e6r alt, hvad Asahi Kasei Bioprocess g\u00f8r for at st\u00f8tte vores b\u00e6redygtighedsm\u00e5l. Vi spiller en vigtig rolle i at bidrage til et b\u00e6redygtigt samfund.\",\"breadcrumb\":{\"@id\":\"https:\/\/fluidmgmt.ak-bio.com\/da\/virksomhed\/baeredygtighed\/#breadcrumb\"},\"inLanguage\":\"da-DK\",\"potentialAction\":[{\"@type\":\"ReadAction\",\"target\":[\"https:\/\/fluidmgmt.ak-bio.com\/da\/virksomhed\/baeredygtighed\/\"]}]},{\"@type\":\"ImageObject\",\"inLanguage\":\"da-DK\",\"@id\":\"https:\/\/fluidmgmt.ak-bio.com\/da\/virksomhed\/baeredygtighed\/#primaryimage\",\"url\":\"https:\/\/fluidmgmt.ak-bio.com\/wp-content\/uploads\/2024\/09\/AKSustainability-768x440.png\",\"contentUrl\":\"https:\/\/fluidmgmt.ak-bio.com\/wp-content\/uploads\/2024\/09\/AKSustainability-768x440.png\"},{\"@type\":\"BreadcrumbList\",\"@id\":\"https:\/\/fluidmgmt.ak-bio.com\/da\/virksomhed\/baeredygtighed\/#breadcrumb\",\"itemListElement\":[{\"@type\":\"ListItem\",\"position\":1,\"name\":\"Virksomhed\",\"item\":\"https:\/\/fluidmgmt.ak-bio.com\/da\/virksomhed\/\"},{\"@type\":\"ListItem\",\"position\":2,\"name\":\"B\u00e6redygtighed\"}]},{\"@type\":\"WebSite\",\"@id\":\"https:\/\/fluidmgmt.ak-bio.com\/da\/#website\",\"url\":\"https:\/\/fluidmgmt.ak-bio.com\/da\/\",\"name\":\"AK Bio - Fluid Management\",\"description\":\"\",\"publisher\":{\"@id\":\"https:\/\/fluidmgmt.ak-bio.com\/da\/#organization\"},\"potentialAction\":[{\"@type\":\"SearchAction\",\"target\":{\"@type\":\"EntryPoint\",\"urlTemplate\":\"https:\/\/fluidmgmt.ak-bio.com\/da\/?s={search_term_string}\"},\"query-input\":{\"@type\":\"PropertyValueSpecification\",\"valueRequired\":true,\"valueName\":\"search_term_string\"}}],\"inLanguage\":\"da-DK\"},{\"@type\":\"Organization\",\"@id\":\"https:\/\/fluidmgmt.ak-bio.com\/da\/#organization\",\"name\":\"AK Bio\",\"url\":\"https:\/\/fluidmgmt.ak-bio.com\/da\/\",\"logo\":{\"@type\":\"ImageObject\",\"inLanguage\":\"da-DK\",\"@id\":\"https:\/\/fluidmgmt.ak-bio.com\/da\/#\/schema\/logo\/image\/\",\"url\":\"https:\/\/fluidmgmt.ak-bio.com\/wp-content\/uploads\/2024\/04\/blue_ak_Logo.svg\",\"contentUrl\":\"https:\/\/fluidmgmt.ak-bio.com\/wp-content\/uploads\/2024\/04\/blue_ak_Logo.svg\",\"width\":197,\"height\":50,\"caption\":\"AK Bio\"},\"image\":{\"@id\":\"https:\/\/fluidmgmt.ak-bio.com\/da\/#\/schema\/logo\/image\/\"},\"sameAs\":[\"https:\/\/www.linkedin.com\/company\/asahi-kasei-bioprocess-america\/\"]}]}<\/script>\n<!-- \/ Yoast SEO plugin. -->","yoast_head_json":{"title":"Fremme af b\u00e6redygtighed | Asahi Kasei Bioprocess","description":"L\u00e6r alt, hvad Asahi Kasei Bioprocess g\u00f8r for at st\u00f8tte vores b\u00e6redygtighedsm\u00e5l. Vi spiller en vigtig rolle i at bidrage til et b\u00e6redygtigt samfund.","robots":{"index":"index","follow":"follow","max-snippet":"max-snippet:-1","max-image-preview":"max-image-preview:large","max-video-preview":"max-video-preview:-1"},"canonical":"https:\/\/fluidmgmt.ak-bio.com\/da\/virksomhed\/baeredygtighed\/","og_locale":"da_DK","og_type":"article","og_title":"Fremme af b\u00e6redygtighed | Asahi Kasei Bioprocess","og_description":"L\u00e6r alt, hvad Asahi Kasei Bioprocess g\u00f8r for at st\u00f8tte vores b\u00e6redygtighedsm\u00e5l. Vi spiller en vigtig rolle i at bidrage til et b\u00e6redygtigt samfund.","og_url":"https:\/\/fluidmgmt.ak-bio.com\/da\/virksomhed\/baeredygtighed\/","og_site_name":"AK Bio - Fluid Management","article_modified_time":"2025-11-21T15:23:28+00:00","og_image":[{"width":1200,"height":687,"url":"https:\/\/fluidmgmt.ak-bio.com\/wp-content\/uploads\/2024\/09\/AKSustainability.png","type":"image\/png"}],"twitter_card":"summary_large_image","twitter_misc":{"Estimeret l\u00e6setid":"1 minut"},"schema":{"@context":"https:\/\/schema.org","@graph":[{"@type":"WebPage","@id":"https:\/\/fluidmgmt.ak-bio.com\/da\/virksomhed\/baeredygtighed\/","url":"https:\/\/fluidmgmt.ak-bio.com\/da\/virksomhed\/baeredygtighed\/","name":"Fremme af b\u00e6redygtighed | Asahi Kasei Bioprocess","isPartOf":{"@id":"https:\/\/fluidmgmt.ak-bio.com\/da\/#website"},"primaryImageOfPage":{"@id":"https:\/\/fluidmgmt.ak-bio.com\/da\/virksomhed\/baeredygtighed\/#primaryimage"},"image":{"@id":"https:\/\/fluidmgmt.ak-bio.com\/da\/virksomhed\/baeredygtighed\/#primaryimage"},"thumbnailUrl":"https:\/\/fluidmgmt.ak-bio.com\/wp-content\/uploads\/2024\/09\/AKSustainability-768x440.png","datePublished":"2024-08-12T17:36:33+00:00","dateModified":"2025-11-21T15:23:28+00:00","description":"L\u00e6r alt, hvad Asahi Kasei Bioprocess g\u00f8r for at st\u00f8tte vores b\u00e6redygtighedsm\u00e5l. Vi spiller en vigtig rolle i at bidrage til et b\u00e6redygtigt samfund.","breadcrumb":{"@id":"https:\/\/fluidmgmt.ak-bio.com\/da\/virksomhed\/baeredygtighed\/#breadcrumb"},"inLanguage":"da-DK","potentialAction":[{"@type":"ReadAction","target":["https:\/\/fluidmgmt.ak-bio.com\/da\/virksomhed\/baeredygtighed\/"]}]},{"@type":"ImageObject","inLanguage":"da-DK","@id":"https:\/\/fluidmgmt.ak-bio.com\/da\/virksomhed\/baeredygtighed\/#primaryimage","url":"https:\/\/fluidmgmt.ak-bio.com\/wp-content\/uploads\/2024\/09\/AKSustainability-768x440.png","contentUrl":"https:\/\/fluidmgmt.ak-bio.com\/wp-content\/uploads\/2024\/09\/AKSustainability-768x440.png"},{"@type":"BreadcrumbList","@id":"https:\/\/fluidmgmt.ak-bio.com\/da\/virksomhed\/baeredygtighed\/#breadcrumb","itemListElement":[{"@type":"ListItem","position":1,"name":"Virksomhed","item":"https:\/\/fluidmgmt.ak-bio.com\/da\/virksomhed\/"},{"@type":"ListItem","position":2,"name":"B\u00e6redygtighed"}]},{"@type":"WebSite","@id":"https:\/\/fluidmgmt.ak-bio.com\/da\/#website","url":"https:\/\/fluidmgmt.ak-bio.com\/da\/","name":"AK Bio - Fluid Management","description":"","publisher":{"@id":"https:\/\/fluidmgmt.ak-bio.com\/da\/#organization"},"potentialAction":[{"@type":"SearchAction","target":{"@type":"EntryPoint","urlTemplate":"https:\/\/fluidmgmt.ak-bio.com\/da\/?s={search_term_string}"},"query-input":{"@type":"PropertyValueSpecification","valueRequired":true,"valueName":"search_term_string"}}],"inLanguage":"da-DK"},{"@type":"Organization","@id":"https:\/\/fluidmgmt.ak-bio.com\/da\/#organization","name":"AK Bio","url":"https:\/\/fluidmgmt.ak-bio.com\/da\/","logo":{"@type":"ImageObject","inLanguage":"da-DK","@id":"https:\/\/fluidmgmt.ak-bio.com\/da\/#\/schema\/logo\/image\/","url":"https:\/\/fluidmgmt.ak-bio.com\/wp-content\/uploads\/2024\/04\/blue_ak_Logo.svg","contentUrl":"https:\/\/fluidmgmt.ak-bio.com\/wp-content\/uploads\/2024\/04\/blue_ak_Logo.svg","width":197,"height":50,"caption":"AK Bio"},"image":{"@id":"https:\/\/fluidmgmt.ak-bio.com\/da\/#\/schema\/logo\/image\/"},"sameAs":["https:\/\/www.linkedin.com\/company\/asahi-kasei-bioprocess-america\/"]}]}},"_links":{"self":[{"href":"https:\/\/fluidmgmt.ak-bio.com\/da\/wp-json\/wp\/v2\/pages\/23731","targetHints":{"allow":["GET"]}}],"collection":[{"href":"https:\/\/fluidmgmt.ak-bio.com\/da\/wp-json\/wp\/v2\/pages"}],"about":[{"href":"https:\/\/fluidmgmt.ak-bio.com\/da\/wp-json\/wp\/v2\/types\/page"}],"author":[{"embeddable":true,"href":"https:\/\/fluidmgmt.ak-bio.com\/da\/wp-json\/wp\/v2\/users\/8"}],"replies":[{"embeddable":true,"href":"https:\/\/fluidmgmt.ak-bio.com\/da\/wp-json\/wp\/v2\/comments?post=23731"}],"version-history":[{"count":0,"href":"https:\/\/fluidmgmt.ak-bio.com\/da\/wp-json\/wp\/v2\/pages\/23731\/revisions"}],"up":[{"embeddable":true,"href":"https:\/\/fluidmgmt.ak-bio.com\/da\/wp-json\/wp\/v2\/pages\/23990"}],"wp:attachment":[{"href":"https:\/\/fluidmgmt.ak-bio.com\/da\/wp-json\/wp\/v2\/media?parent=23731"}],"curies":[{"name":"wp","href":"https:\/\/api.w.org\/{rel}","templated":true}]}}