{"id":28754,"date":"2024-06-06T18:06:11","date_gmt":"2024-06-06T22:06:11","guid":{"rendered":"https:\/\/fluidmgmt.ak-bio.com\/products\/Ikke%20kategoriseret\/stativ-til-virusfiltrering\/"},"modified":"2025-11-21T10:43:25","modified_gmt":"2025-11-21T15:43:25","slug":"stativ-til-virusfiltrering","status":"publish","type":"product","link":"https:\/\/fluidmgmt.ak-bio.com\/da\/products\/vantij-bioproces-filtrering\/stativ-til-virusfiltrering\/","title":{"rendered":"Stativ til virusfiltrering"},"content":{"rendered":"\t\t<div data-elementor-type=\"product-post\" data-elementor-id=\"28754\" class=\"elementor elementor-28754 elementor-872\" data-elementor-post-type=\"product\">\n\t\t\t\t<div class=\"elementor-element elementor-element-7a2eef03 e-flex e-con-boxed e-con e-parent\" data-id=\"7a2eef03\" data-element_type=\"container\" data-e-type=\"container\" data-settings=\"{&quot;background_background&quot;:&quot;classic&quot;}\">\n\t\t\t\t\t<div class=\"e-con-inner\">\n\t\t\t\t<div class=\"elementor-element elementor-element-33e5d756 elementor-absolute elementor-widget elementor-widget-menu-anchor\" data-id=\"33e5d756\" data-element_type=\"widget\" data-e-type=\"widget\" data-settings=\"{&quot;_position&quot;:&quot;absolute&quot;}\" data-widget_type=\"menu-anchor.default\">\n\t\t\t\t<div class=\"elementor-widget-container\">\n\t\t\t\t\t\t\t<div class=\"elementor-menu-anchor\" id=\"fordele\"><\/div>\n\t\t\t\t\t\t<\/div>\n\t\t\t\t<\/div>\n\t\t\t\t<div class=\"elementor-element elementor-element-59047659 elementor-widget elementor-widget-spacer\" data-id=\"59047659\" data-element_type=\"widget\" data-e-type=\"widget\" data-widget_type=\"spacer.default\">\n\t\t\t\t<div class=\"elementor-widget-container\">\n\t\t\t\t\t\t\t<div class=\"elementor-spacer\">\n\t\t\t<div class=\"elementor-spacer-inner\"><\/div>\n\t\t<\/div>\n\t\t\t\t\t\t<\/div>\n\t\t\t\t<\/div>\n\t\t<div class=\"elementor-element elementor-element-613a8fbc e-con-full e-flex e-con e-child\" data-id=\"613a8fbc\" data-element_type=\"container\" data-e-type=\"container\">\n\t\t\t\t<div class=\"elementor-element elementor-element-7840ae53 elementor-widget elementor-widget-heading\" data-id=\"7840ae53\" data-element_type=\"widget\" data-e-type=\"widget\" data-widget_type=\"heading.default\">\n\t\t\t\t<div class=\"elementor-widget-container\">\n\t\t\t\t\t<h3 class=\"elementor-heading-title elementor-size-default\">Fordele<\/h3>\t\t\t\t<\/div>\n\t\t\t\t<\/div>\n\t\t\t\t<div class=\"elementor-element elementor-element-4dddbf78 elementor-widget elementor-widget-heading\" data-id=\"4dddbf78\" data-element_type=\"widget\" data-e-type=\"widget\" data-widget_type=\"heading.default\">\n\t\t\t\t<div class=\"elementor-widget-container\">\n\t\t\t\t\t<h2 class=\"elementor-heading-title elementor-size-default\">VANTIJ\u00ae VFR<\/h2>\t\t\t\t<\/div>\n\t\t\t\t<\/div>\n\t\t\t\t<div class=\"elementor-element elementor-element-596964b2 elementor-widget elementor-widget-spacer\" data-id=\"596964b2\" data-element_type=\"widget\" data-e-type=\"widget\" data-widget_type=\"spacer.default\">\n\t\t\t\t<div class=\"elementor-widget-container\">\n\t\t\t\t\t\t\t<div class=\"elementor-spacer\">\n\t\t\t<div class=\"elementor-spacer-inner\"><\/div>\n\t\t<\/div>\n\t\t\t\t\t\t<\/div>\n\t\t\t\t<\/div>\n\t\t\t\t<div class=\"elementor-element elementor-element-545d379e elementor-widget elementor-widget-text-editor\" data-id=\"545d379e\" data-element_type=\"widget\" data-e-type=\"widget\" data-widget_type=\"text-editor.default\">\n\t\t\t\t<div class=\"elementor-widget-container\">\n\t\t\t\t\t\t\t\t\t<p><span style=\"font-weight: 400;\">VANTIJ\u00ae VFR er designet til at reducere filterh\u00e5ndtering under manuel virusfiltrering og kan bruges til ergonomisk montering af 4,0 og 1,0<sup>m2<\/sup> Planova- eller Planova BioEX-filtre, mens en vippemekanisme hj\u00e6lper med at udf\u00f8re den visuelle l\u00e6kagetest (VLT) f\u00f8r og efter brug.<\/span><\/p>\t\t\t\t\t\t\t\t<\/div>\n\t\t\t\t<\/div>\n\t\t\t\t<div class=\"elementor-element elementor-element-7402fa25 elementor-widget__width-initial elementor-widget elementor-widget-ucaddon_hotspot\" data-id=\"7402fa25\" data-element_type=\"widget\" data-e-type=\"widget\" data-widget_type=\"ucaddon_hotspot.default\">\n\t\t\t\t<div class=\"elementor-widget-container\">\n\t\t\t\t\t\n<!-- start Hotspots -->\n\t\t<link id='font-awesome-css' href='https:\/\/fluidmgmt.ak-bio.com\/wp-content\/plugins\/unlimited-elements-for-elementor-premium\/assets_libraries\/font-awesome6\/fontawesome-all.min.css' type='text\/css' rel='stylesheet' >\n\t\t<link id='font-awesome-4-shim-css' href='https:\/\/fluidmgmt.ak-bio.com\/wp-content\/plugins\/unlimited-elements-for-elementor-premium\/assets_libraries\/font-awesome6\/fontawesome-v4-shims.min.css' type='text\/css' rel='stylesheet' >\n\t\t<link id='uc_ac_assets_file_tooltipster_bundle_min_css_6495-css' href='https:\/\/fluidmgmt.ak-bio.com\/wp-content\/uploads\/ac_assets\/Hotspot\/tooltipster.bundle.min.css' type='text\/css' rel='stylesheet' >\n\n<style>\/* widget: Hotspots *\/\n\n#uc_hotspot_elementor_7402fa25\n{\n  position:relative;\n}\n#uc_hotspot_elementor_7402fa25 img\n{\n  display:block;\n  width:100%;\n}\n\n#uc_hotspot_elementor_7402fa25 .ue-hotspot-icon\n{\n  display:inline-block;\n  line-height:1em;\n}\n\n#uc_hotspot_elementor_7402fa25 .ue-hotspot-icon svg\n{\n  height:1em;\n  width:1em;\n}\n\n#uc_hotspot_elementor_7402fa25 .item-popup-text{\n  display: flex;\n  flex-direction: column;\n}\n\n#uc_hotspot_elementor_7402fa25 .spot\n{\n  display:flex;\n  align-items:center;\n  justify-content:center;\n  text-align:center;\n  cursor:pointer;\n  position:absolute;\n  transform:translate(-50%,-50%);\n  padding-right:10px;\n  padding-left:10px;\n  box-sizing:border-box;\n  transition:0.5s;\n  line-height:1em;\n  text-decoration:none;\n  \n\twidth:52px;\n\t\n\n}\n\n#uc_hotspot_elementor_7402fa25 .spot:hover\n{\n  transform:translate(-50%,-50%) scale(0.9,0.9);\n}\n\n#uc_hotspot_elementor_7402fa25 .spot:before\n{\n    content: '';\n    display: inline-block;\n    position: absolute;\n    top: -2px;\n    left: -2px;\n    bottom: -2px;\n    right: -2px;\n    border-radius: inherit;\n    border-width:1px;\n    border-style:solid;\n    -webkit-animation: btnIconRipple 2s cubic-bezier(0.23, 1, 0.32, 1) both infinite;\n    animation: btnIconRipple 2s cubic-bezier(0.23, 1, 0.32, 1) both infinite;\n}\n\n@keyframes btnIconRipple {\n  0% {\n    border-width: 4px;\n            transform: scale(1);\n  }\n  80% {\n    border-width: 1px;\n            transform: scale(1.35);\n  }\n  100% {\n    opacity: 0;\n  }\n}\n\n#uc_hotspot_elementor_7402fa25 .tooltipster-base\n{\n  max-width:300px;\n}\n.tooltipster-sidetip .tooltipster-box {\n\tbackground: #00101D !important;\n\tborder: 3px solid #00101D !important;\n}\n\n.tooltipster-sidetip .tooltipster-content\n{\n  color: #FFFFFF !important;\n}\n\n.tooltipster-sidetip.tooltipster-bottom .tooltipster-arrow-background {\n\tborder-bottom-color: #00101D !important;\n}\n\n.tooltipster-sidetip.tooltipster-left .tooltipster-arrow-background {\n\tborder-left-color: #00101D !important;\n}\n\n.tooltipster-sidetip.tooltipster-right .tooltipster-arrow-background {\n\tborder-right-color: #00101D !important;\n}\n\n.tooltipster-sidetip.tooltipster-top .tooltipster-arrow-background {\n\tborder-top-color: #00101D !important;\n}\n\n.tooltipster-sidetip.tooltipster-bottom .tooltipster-arrow-border {\n\tborder-bottom-color: #00101D !important;\n}\n\n.tooltipster-sidetip.tooltipster-left .tooltipster-arrow-border {\n\tborder-left-color: #00101D !important;\n}\n\n.tooltipster-sidetip.tooltipster-right .tooltipster-arrow-border {\n\tborder-right-color: #00101D !important;\n}\n\n.tooltipster-sidetip.tooltipster-top .tooltipster-arrow-border {\n\tborder-top-color: #00101D !important;\n}\n\n.ue-popup-overlay\n{\n  position:fixed;\n  top:0;\n  bottom:0;\n  right:0;\n  left:0;\n  width:100%;\n  display:none;\n  z-index: 99999;\n}\n\n.item-popup\n{\n  display:none;\n  background-color:white;\n  position:absolute;\n  transform:translate(-50%,-50%);\n  z-index:100000000;\n}\n\n.item-popup-title\n{\n  justify-content:space-between;\n  align-items:center;\n  display:flex;\n}\n\n.item-popup-close\n{\n  cursor:pointer;\n}\n\n.item-popup-text\n{\n  padding:20px;\n}\n.ue-hotspot-popup-button{\n  display: inline-block;\n}\n\n<\/style>\n\n<div id=\"uc_hotspot_elementor_7402fa25\" class=\"ue_hotspot \"  data-close-on-body-click=\"true\">\n  <img decoding=\"async\" src=\"https:\/\/fluidmgmt.ak-bio.com\/wp-content\/uploads\/2024\/06\/VANTIJ_VFR_FrontView_MAIN-scaled.webp\">\n  <div class=\"uc-hotspots-items\">\n  <a class=\"ue_hotspot-item spot elementor-repeater-item-8729536\" id=\"uc_hotspot_elementor_7402fa25_item1\" title=\"\" >\n  1  <\/a>\n<a class=\"ue_hotspot-item spot elementor-repeater-item-86b8ef8\" id=\"uc_hotspot_elementor_7402fa25_item2\" title=\"\" >\n  2  <\/a>\n\n  <\/div>\n  \n    <div class=\"ue-popup-overlay\">\n    <div class=\"item-popup\" id=\"popupuc_hotspot_elementor_7402fa25_item1\">\n  <div class=\"item-popup-title\">\n    <div>Popup-titel<\/div>\n    <div class=\"item-popup-close\">X<\/div>\n  <\/div>\n  \n  <div class=\"item-popup-text\">\n    <img decoding=\"async\" src=\"https:\/\/fluidmgmt.ak-bio.com\/wp-content\/uploads\/2024\/09\/07_18_17-Asahi-Kasei-005.jpg\" width=\"100%\">\t\n    Kan nemt rumme to filtre.\n      <\/div>\n  \n<\/div>\n<div class=\"item-popup\" id=\"popupuc_hotspot_elementor_7402fa25_item2\">\n  <div class=\"item-popup-title\">\n    <div>Popup-titel<\/div>\n    <div class=\"item-popup-close\">X<\/div>\n  <\/div>\n  \n  <div class=\"item-popup-text\">\n    <img decoding=\"async\" src=\"https:\/\/fluidmgmt.ak-bio.com\/wp-content\/uploads\/2024\/06\/VANTIJ_VFR_Detail1.webp\" width=\"100%\">\t\n    Nyt, ergonomisk design.\n      <\/div>\n  \n<\/div>\n\n  <\/div> \n  <\/div>\n<!-- end Hotspots -->\t\t\t\t<\/div>\n\t\t\t\t<\/div>\n\t\t\t\t<\/div>\n\t\t\t\t\t<\/div>\n\t\t\t\t<\/div>\n\t\t<div class=\"elementor-element elementor-element-5abb09eb e-flex e-con-boxed e-con e-parent\" data-id=\"5abb09eb\" data-element_type=\"container\" data-e-type=\"container\" data-settings=\"{&quot;background_background&quot;:&quot;gradient&quot;}\">\n\t\t\t\t\t<div class=\"e-con-inner\">\n\t\t<div class=\"elementor-element elementor-element-7398c457 e-con-full e-flex e-con e-child\" data-id=\"7398c457\" data-element_type=\"container\" data-e-type=\"container\">\n\t\t<div class=\"elementor-element elementor-element-499e5138 e-con-full e-flex e-con e-child\" data-id=\"499e5138\" data-element_type=\"container\" data-e-type=\"container\">\n\t\t<div class=\"elementor-element elementor-element-ff71d85 e-con-full e-flex e-con e-child\" data-id=\"ff71d85\" data-element_type=\"container\" data-e-type=\"container\">\n\t\t\t\t<div class=\"elementor-element elementor-element-2b6d2aa1 elementor-widget elementor-widget-heading\" data-id=\"2b6d2aa1\" data-element_type=\"widget\" data-e-type=\"widget\" data-widget_type=\"heading.default\">\n\t\t\t\t<div class=\"elementor-widget-container\">\n\t\t\t\t\t<h2 class=\"elementor-heading-title elementor-size-default\">Produktfunktioner<\/h2>\t\t\t\t<\/div>\n\t\t\t\t<\/div>\n\t\t\t\t<div class=\"elementor-element elementor-element-1ad7da15 elementor-widget elementor-widget-text-editor\" data-id=\"1ad7da15\" data-element_type=\"widget\" data-e-type=\"widget\" data-widget_type=\"text-editor.default\">\n\t\t\t\t<div class=\"elementor-widget-container\">\n\t\t\t\t\t\t\t\t\t<p><span style=\"font-weight: 400;\">Brug med dine eksisterende pumper eller tryktanke til manuel virusfiltrering.<\/span><\/p><ul><li style=\"font-weight: 400;\" aria-level=\"1\"><span style=\"font-weight: 400;\">Dimensioner: 838 mm D x 1540 mm H (33 in. x 61 in.)<\/span><\/li><li style=\"font-weight: 400;\" aria-level=\"1\"><span style=\"font-weight: 400;\">Holdbart 304L rustfrit st\u00e5l med svejset og poleret konstruktion.<\/span><\/li><li style=\"font-weight: 400;\" aria-level=\"1\"><span style=\"font-weight: 400;\">To (2) 4,0<sup>m2<\/sup> Planova-filterholdere.<\/span><\/li><li style=\"font-weight: 400;\" aria-level=\"1\"><span style=\"font-weight: 400;\">To (2) 1,0<sup>m2<\/sup> Planova-filterholderadaptere<\/span><\/li><li style=\"font-weight: 400;\" aria-level=\"1\"><span style=\"font-weight: 400;\">Filtrene kan vippes 10\u00b0 for VLT.<\/span><\/li><li style=\"font-weight: 400;\" aria-level=\"1\"><span style=\"font-weight: 400;\">Trykm\u00e5ler, drypbakke og reservedelsbakke.<\/span><\/li><li style=\"font-weight: 400;\" aria-level=\"1\"><span style=\"font-weight: 400;\">Valgfrit monteringsbeslag til dit foretrukne forfilter.<\/span><\/li><\/ul>\t\t\t\t\t\t\t\t<\/div>\n\t\t\t\t<\/div>\n\t\t\t\t<\/div>\n\t\t<div class=\"elementor-element elementor-element-11a89455 e-con-full e-flex e-con e-child\" data-id=\"11a89455\" data-element_type=\"container\" data-e-type=\"container\">\n\t\t\t\t<div class=\"elementor-element elementor-element-59001935 elementor-widget__width-auto elementor-widget elementor-widget-image\" data-id=\"59001935\" data-element_type=\"widget\" data-e-type=\"widget\" data-widget_type=\"image.default\">\n\t\t\t\t<div class=\"elementor-widget-container\">\n\t\t\t\t\t\t\t\t\t\t\t\t\t\t\t<img fetchpriority=\"high\" decoding=\"async\" width=\"768\" height=\"512\" src=\"https:\/\/fluidmgmt.ak-bio.com\/wp-content\/uploads\/2024\/06\/VANTIJ_VFR_Detail1-768x512.jpg\" class=\"attachment-medium_large size-medium_large wp-image-3338\" alt=\"VANTIJ VFR Detail\" srcset=\"https:\/\/fluidmgmt.ak-bio.com\/wp-content\/uploads\/2024\/06\/VANTIJ_VFR_Detail1-768x512.jpg 768w, https:\/\/fluidmgmt.ak-bio.com\/wp-content\/uploads\/2024\/06\/VANTIJ_VFR_Detail1-300x200.jpg 300w, https:\/\/fluidmgmt.ak-bio.com\/wp-content\/uploads\/2024\/06\/VANTIJ_VFR_Detail1-1024x683.jpg 1024w, https:\/\/fluidmgmt.ak-bio.com\/wp-content\/uploads\/2024\/06\/VANTIJ_VFR_Detail1-600x400.jpg 600w\" sizes=\"(max-width: 768px) 100vw, 768px\" \/>\t\t\t\t\t\t\t\t\t\t\t\t\t\t\t<\/div>\n\t\t\t\t<\/div>\n\t\t\t\t<\/div>\n\t\t\t\t<\/div>\n\t\t\t\t<div class=\"elementor-element elementor-element-43e5c83b elementor-widget elementor-widget-spacer\" data-id=\"43e5c83b\" data-element_type=\"widget\" data-e-type=\"widget\" data-widget_type=\"spacer.default\">\n\t\t\t\t<div class=\"elementor-widget-container\">\n\t\t\t\t\t\t\t<div class=\"elementor-spacer\">\n\t\t\t<div class=\"elementor-spacer-inner\"><\/div>\n\t\t<\/div>\n\t\t\t\t\t\t<\/div>\n\t\t\t\t<\/div>\n\t\t\t\t<\/div>\n\t\t\t\t\t<\/div>\n\t\t\t\t<\/div>\n\t\t\t\t<\/div>\n\t\t","protected":false},"excerpt":{"rendered":"<p><span style=\"font-weight: 400;\">En ergonomisk holder til 1,0<sup>m2<\/sup> og 4,0<sup>m2<\/sup> Planova 15N-, 20N-, 35N- eller BioEX-filtre.<\/span><\/p>\n","protected":false},"featured_media":27743,"template":"","meta":{"_acf_changed":false},"applications":[445],"product_brand":[],"product_cat":[446],"product_tag":[],"class_list":{"0":"post-28754","1":"product","2":"type-product","3":"status-publish","4":"has-post-thumbnail","6":"applications-biofarmaceutisk-udvikling","7":"product_cat-vantij-bioproces-filtrering","9":"first","10":"instock","11":"shipping-taxable","12":"product-type-simple"},"acf":[],"yoast_head":"<!-- This site is optimized with the Yoast SEO plugin v27.1.1 - https:\/\/yoast.com\/product\/yoast-seo-wordpress\/ -->\n<title>Stativ til filtrering af virus | VANTIJ\u00ae<\/title>\n<meta name=\"description\" content=\"VANTIJ VFR er designet til at reducere filterh\u00e5ndteringen og kan bruges til ergonomisk montering af 4,0 og 1,0 m2 Planova- eller Planova BioEX-filtre.\" \/>\n<meta name=\"robots\" content=\"index, follow, max-snippet:-1, max-image-preview:large, max-video-preview:-1\" \/>\n<link rel=\"canonical\" href=\"https:\/\/fluidmgmt.ak-bio.com\/da\/products\/vantij-bioproces-filtrering\/stativ-til-virusfiltrering\/\" \/>\n<meta property=\"og:locale\" content=\"da_DK\" \/>\n<meta property=\"og:type\" content=\"article\" \/>\n<meta property=\"og:title\" content=\"Stativ til filtrering af virus | VANTIJ\u00ae\" \/>\n<meta property=\"og:description\" content=\"VANTIJ VFR er designet til at reducere filterh\u00e5ndteringen og kan bruges til ergonomisk montering af 4,0 og 1,0 m2 Planova- eller Planova BioEX-filtre.\" \/>\n<meta property=\"og:url\" content=\"https:\/\/fluidmgmt.ak-bio.com\/da\/products\/vantij-bioproces-filtrering\/stativ-til-virusfiltrering\/\" \/>\n<meta property=\"og:site_name\" content=\"AK Bio - Fluid Management\" \/>\n<meta property=\"article:modified_time\" content=\"2025-11-21T15:43:25+00:00\" \/>\n<meta property=\"og:image\" content=\"https:\/\/fluidmgmt.ak-bio.com\/wp-content\/uploads\/2024\/06\/VANTIJ_VFR_FrontView_MAIN.png\" \/>\n\t<meta property=\"og:image:width\" content=\"625\" \/>\n\t<meta property=\"og:image:height\" content=\"758\" \/>\n\t<meta property=\"og:image:type\" content=\"image\/png\" \/>\n<meta name=\"twitter:card\" content=\"summary_large_image\" \/>\n<meta name=\"twitter:label1\" content=\"Estimeret l\u00e6setid\" \/>\n\t<meta name=\"twitter:data1\" content=\"1 minut\" \/>\n<script type=\"application\/ld+json\" class=\"yoast-schema-graph\">{\"@context\":\"https:\/\/schema.org\",\"@graph\":[{\"@type\":\"WebPage\",\"@id\":\"https:\/\/fluidmgmt.ak-bio.com\/da\/products\/vantij-bioproces-filtrering\/stativ-til-virusfiltrering\/\",\"url\":\"https:\/\/fluidmgmt.ak-bio.com\/da\/products\/vantij-bioproces-filtrering\/stativ-til-virusfiltrering\/\",\"name\":\"Stativ til filtrering af virus | VANTIJ\u00ae\",\"isPartOf\":{\"@id\":\"https:\/\/fluidmgmt.ak-bio.com\/da\/#website\"},\"primaryImageOfPage\":{\"@id\":\"https:\/\/fluidmgmt.ak-bio.com\/da\/products\/vantij-bioproces-filtrering\/stativ-til-virusfiltrering\/#primaryimage\"},\"image\":{\"@id\":\"https:\/\/fluidmgmt.ak-bio.com\/da\/products\/vantij-bioproces-filtrering\/stativ-til-virusfiltrering\/#primaryimage\"},\"thumbnailUrl\":\"https:\/\/fluidmgmt.ak-bio.com\/wp-content\/uploads\/2024\/06\/VANTIJ_VFR_FrontView_MAIN.png\",\"datePublished\":\"2024-06-06T22:06:11+00:00\",\"dateModified\":\"2025-11-21T15:43:25+00:00\",\"description\":\"VANTIJ VFR er designet til at reducere filterh\u00e5ndteringen og kan bruges til ergonomisk montering af 4,0 og 1,0 m2 Planova- eller Planova BioEX-filtre.\",\"breadcrumb\":{\"@id\":\"https:\/\/fluidmgmt.ak-bio.com\/da\/products\/vantij-bioproces-filtrering\/stativ-til-virusfiltrering\/#breadcrumb\"},\"inLanguage\":\"da-DK\",\"potentialAction\":[{\"@type\":\"ReadAction\",\"target\":[\"https:\/\/fluidmgmt.ak-bio.com\/da\/products\/vantij-bioproces-filtrering\/stativ-til-virusfiltrering\/\"]}]},{\"@type\":\"ImageObject\",\"inLanguage\":\"da-DK\",\"@id\":\"https:\/\/fluidmgmt.ak-bio.com\/da\/products\/vantij-bioproces-filtrering\/stativ-til-virusfiltrering\/#primaryimage\",\"url\":\"https:\/\/fluidmgmt.ak-bio.com\/wp-content\/uploads\/2024\/06\/VANTIJ_VFR_FrontView_MAIN.png\",\"contentUrl\":\"https:\/\/fluidmgmt.ak-bio.com\/wp-content\/uploads\/2024\/06\/VANTIJ_VFR_FrontView_MAIN.png\",\"width\":625,\"height\":758,\"caption\":\"VANTIJ VFR FrontView\"},{\"@type\":\"BreadcrumbList\",\"@id\":\"https:\/\/fluidmgmt.ak-bio.com\/da\/products\/vantij-bioproces-filtrering\/stativ-til-virusfiltrering\/#breadcrumb\",\"itemListElement\":[{\"@type\":\"ListItem\",\"position\":1,\"name\":\"Produkter\",\"item\":\"https:\/\/fluidmgmt.ak-bio.com\/da\/produkter\/\"},{\"@type\":\"ListItem\",\"position\":2,\"name\":\"VANTIJ\u2122 Bioproces-filtrering\",\"item\":\"https:\/\/fluidmgmt.ak-bio.com\/da\/product-category\/vantij-bioproces-filtrering\/\"},{\"@type\":\"ListItem\",\"position\":3,\"name\":\"Stativ til virusfiltrering\"}]},{\"@type\":\"WebSite\",\"@id\":\"https:\/\/fluidmgmt.ak-bio.com\/da\/#website\",\"url\":\"https:\/\/fluidmgmt.ak-bio.com\/da\/\",\"name\":\"AK Bio - Fluid Management\",\"description\":\"\",\"publisher\":{\"@id\":\"https:\/\/fluidmgmt.ak-bio.com\/da\/#organization\"},\"potentialAction\":[{\"@type\":\"SearchAction\",\"target\":{\"@type\":\"EntryPoint\",\"urlTemplate\":\"https:\/\/fluidmgmt.ak-bio.com\/da\/?s={search_term_string}\"},\"query-input\":{\"@type\":\"PropertyValueSpecification\",\"valueRequired\":true,\"valueName\":\"search_term_string\"}}],\"inLanguage\":\"da-DK\"},{\"@type\":\"Organization\",\"@id\":\"https:\/\/fluidmgmt.ak-bio.com\/da\/#organization\",\"name\":\"AK Bio\",\"url\":\"https:\/\/fluidmgmt.ak-bio.com\/da\/\",\"logo\":{\"@type\":\"ImageObject\",\"inLanguage\":\"da-DK\",\"@id\":\"https:\/\/fluidmgmt.ak-bio.com\/da\/#\/schema\/logo\/image\/\",\"url\":\"https:\/\/fluidmgmt.ak-bio.com\/wp-content\/uploads\/2024\/04\/blue_ak_Logo.svg\",\"contentUrl\":\"https:\/\/fluidmgmt.ak-bio.com\/wp-content\/uploads\/2024\/04\/blue_ak_Logo.svg\",\"width\":197,\"height\":50,\"caption\":\"AK Bio\"},\"image\":{\"@id\":\"https:\/\/fluidmgmt.ak-bio.com\/da\/#\/schema\/logo\/image\/\"},\"sameAs\":[\"https:\/\/www.linkedin.com\/company\/asahi-kasei-bioprocess-america\/\"]}]}<\/script>\n<!-- \/ Yoast SEO plugin. -->","yoast_head_json":{"title":"Stativ til filtrering af virus | VANTIJ\u00ae","description":"VANTIJ VFR er designet til at reducere filterh\u00e5ndteringen og kan bruges til ergonomisk montering af 4,0 og 1,0 m2 Planova- eller Planova BioEX-filtre.","robots":{"index":"index","follow":"follow","max-snippet":"max-snippet:-1","max-image-preview":"max-image-preview:large","max-video-preview":"max-video-preview:-1"},"canonical":"https:\/\/fluidmgmt.ak-bio.com\/da\/products\/vantij-bioproces-filtrering\/stativ-til-virusfiltrering\/","og_locale":"da_DK","og_type":"article","og_title":"Stativ til filtrering af virus | VANTIJ\u00ae","og_description":"VANTIJ VFR er designet til at reducere filterh\u00e5ndteringen og kan bruges til ergonomisk montering af 4,0 og 1,0 m2 Planova- eller Planova BioEX-filtre.","og_url":"https:\/\/fluidmgmt.ak-bio.com\/da\/products\/vantij-bioproces-filtrering\/stativ-til-virusfiltrering\/","og_site_name":"AK Bio - Fluid Management","article_modified_time":"2025-11-21T15:43:25+00:00","og_image":[{"width":625,"height":758,"url":"https:\/\/fluidmgmt.ak-bio.com\/wp-content\/uploads\/2024\/06\/VANTIJ_VFR_FrontView_MAIN.png","type":"image\/png"}],"twitter_card":"summary_large_image","twitter_misc":{"Estimeret l\u00e6setid":"1 minut"},"schema":{"@context":"https:\/\/schema.org","@graph":[{"@type":"WebPage","@id":"https:\/\/fluidmgmt.ak-bio.com\/da\/products\/vantij-bioproces-filtrering\/stativ-til-virusfiltrering\/","url":"https:\/\/fluidmgmt.ak-bio.com\/da\/products\/vantij-bioproces-filtrering\/stativ-til-virusfiltrering\/","name":"Stativ til filtrering af virus | VANTIJ\u00ae","isPartOf":{"@id":"https:\/\/fluidmgmt.ak-bio.com\/da\/#website"},"primaryImageOfPage":{"@id":"https:\/\/fluidmgmt.ak-bio.com\/da\/products\/vantij-bioproces-filtrering\/stativ-til-virusfiltrering\/#primaryimage"},"image":{"@id":"https:\/\/fluidmgmt.ak-bio.com\/da\/products\/vantij-bioproces-filtrering\/stativ-til-virusfiltrering\/#primaryimage"},"thumbnailUrl":"https:\/\/fluidmgmt.ak-bio.com\/wp-content\/uploads\/2024\/06\/VANTIJ_VFR_FrontView_MAIN.png","datePublished":"2024-06-06T22:06:11+00:00","dateModified":"2025-11-21T15:43:25+00:00","description":"VANTIJ VFR er designet til at reducere filterh\u00e5ndteringen og kan bruges til ergonomisk montering af 4,0 og 1,0 m2 Planova- eller Planova BioEX-filtre.","breadcrumb":{"@id":"https:\/\/fluidmgmt.ak-bio.com\/da\/products\/vantij-bioproces-filtrering\/stativ-til-virusfiltrering\/#breadcrumb"},"inLanguage":"da-DK","potentialAction":[{"@type":"ReadAction","target":["https:\/\/fluidmgmt.ak-bio.com\/da\/products\/vantij-bioproces-filtrering\/stativ-til-virusfiltrering\/"]}]},{"@type":"ImageObject","inLanguage":"da-DK","@id":"https:\/\/fluidmgmt.ak-bio.com\/da\/products\/vantij-bioproces-filtrering\/stativ-til-virusfiltrering\/#primaryimage","url":"https:\/\/fluidmgmt.ak-bio.com\/wp-content\/uploads\/2024\/06\/VANTIJ_VFR_FrontView_MAIN.png","contentUrl":"https:\/\/fluidmgmt.ak-bio.com\/wp-content\/uploads\/2024\/06\/VANTIJ_VFR_FrontView_MAIN.png","width":625,"height":758,"caption":"VANTIJ VFR FrontView"},{"@type":"BreadcrumbList","@id":"https:\/\/fluidmgmt.ak-bio.com\/da\/products\/vantij-bioproces-filtrering\/stativ-til-virusfiltrering\/#breadcrumb","itemListElement":[{"@type":"ListItem","position":1,"name":"Produkter","item":"https:\/\/fluidmgmt.ak-bio.com\/da\/produkter\/"},{"@type":"ListItem","position":2,"name":"VANTIJ\u2122 Bioproces-filtrering","item":"https:\/\/fluidmgmt.ak-bio.com\/da\/product-category\/vantij-bioproces-filtrering\/"},{"@type":"ListItem","position":3,"name":"Stativ til virusfiltrering"}]},{"@type":"WebSite","@id":"https:\/\/fluidmgmt.ak-bio.com\/da\/#website","url":"https:\/\/fluidmgmt.ak-bio.com\/da\/","name":"AK Bio - Fluid Management","description":"","publisher":{"@id":"https:\/\/fluidmgmt.ak-bio.com\/da\/#organization"},"potentialAction":[{"@type":"SearchAction","target":{"@type":"EntryPoint","urlTemplate":"https:\/\/fluidmgmt.ak-bio.com\/da\/?s={search_term_string}"},"query-input":{"@type":"PropertyValueSpecification","valueRequired":true,"valueName":"search_term_string"}}],"inLanguage":"da-DK"},{"@type":"Organization","@id":"https:\/\/fluidmgmt.ak-bio.com\/da\/#organization","name":"AK Bio","url":"https:\/\/fluidmgmt.ak-bio.com\/da\/","logo":{"@type":"ImageObject","inLanguage":"da-DK","@id":"https:\/\/fluidmgmt.ak-bio.com\/da\/#\/schema\/logo\/image\/","url":"https:\/\/fluidmgmt.ak-bio.com\/wp-content\/uploads\/2024\/04\/blue_ak_Logo.svg","contentUrl":"https:\/\/fluidmgmt.ak-bio.com\/wp-content\/uploads\/2024\/04\/blue_ak_Logo.svg","width":197,"height":50,"caption":"AK Bio"},"image":{"@id":"https:\/\/fluidmgmt.ak-bio.com\/da\/#\/schema\/logo\/image\/"},"sameAs":["https:\/\/www.linkedin.com\/company\/asahi-kasei-bioprocess-america\/"]}]}},"_links":{"self":[{"href":"https:\/\/fluidmgmt.ak-bio.com\/da\/wp-json\/wp\/v2\/product\/28754","targetHints":{"allow":["GET"]}}],"collection":[{"href":"https:\/\/fluidmgmt.ak-bio.com\/da\/wp-json\/wp\/v2\/product"}],"about":[{"href":"https:\/\/fluidmgmt.ak-bio.com\/da\/wp-json\/wp\/v2\/types\/product"}],"version-history":[{"count":0,"href":"https:\/\/fluidmgmt.ak-bio.com\/da\/wp-json\/wp\/v2\/product\/28754\/revisions"}],"wp:featuredmedia":[{"embeddable":true,"href":"https:\/\/fluidmgmt.ak-bio.com\/da\/wp-json\/wp\/v2\/media\/27743"}],"wp:attachment":[{"href":"https:\/\/fluidmgmt.ak-bio.com\/da\/wp-json\/wp\/v2\/media?parent=28754"}],"wp:term":[{"taxonomy":"applications","embeddable":true,"href":"https:\/\/fluidmgmt.ak-bio.com\/da\/wp-json\/wp\/v2\/applications?post=28754"},{"taxonomy":"product_brand","embeddable":true,"href":"https:\/\/fluidmgmt.ak-bio.com\/da\/wp-json\/wp\/v2\/product_brand?post=28754"},{"taxonomy":"product_cat","embeddable":true,"href":"https:\/\/fluidmgmt.ak-bio.com\/da\/wp-json\/wp\/v2\/product_cat?post=28754"},{"taxonomy":"product_tag","embeddable":true,"href":"https:\/\/fluidmgmt.ak-bio.com\/da\/wp-json\/wp\/v2\/product_tag?post=28754"}],"curies":[{"name":"wp","href":"https:\/\/api.w.org\/{rel}","templated":true}]}}