{"id":29039,"date":"2024-05-14T20:43:21","date_gmt":"2024-05-14T20:43:21","guid":{"rendered":"https:\/\/fluidmgmt.ak-bio.com\/products\/Ikke%20kategoriseret\/acs-kolonne\/"},"modified":"2026-01-30T13:22:29","modified_gmt":"2026-01-30T18:22:29","slug":"acs-kolonne","status":"publish","type":"product","link":"https:\/\/fluidmgmt.ak-bio.com\/da\/products\/thesys-oligonukleotid-syntese\/acs-kolonne\/","title":{"rendered":"ACS-kolonne"},"content":{"rendered":"\t\t<div data-elementor-type=\"product-post\" data-elementor-id=\"29039\" class=\"elementor elementor-29039 elementor-457\" data-elementor-post-type=\"product\">\n\t\t\t\t<div class=\"elementor-element elementor-element-6d3d1ae9 e-flex e-con-boxed e-con e-parent\" data-id=\"6d3d1ae9\" data-element_type=\"container\" data-e-type=\"container\" data-settings=\"{&quot;background_background&quot;:&quot;classic&quot;}\">\n\t\t\t\t\t<div class=\"e-con-inner\">\n\t\t\t\t<div class=\"elementor-element elementor-element-4913238e elementor-absolute elementor-widget elementor-widget-menu-anchor\" data-id=\"4913238e\" data-element_type=\"widget\" data-e-type=\"widget\" data-settings=\"{&quot;_position&quot;:&quot;absolute&quot;}\" data-widget_type=\"menu-anchor.default\">\n\t\t\t\t<div class=\"elementor-widget-container\">\n\t\t\t\t\t\t\t<div class=\"elementor-menu-anchor\" id=\"fordele\"><\/div>\n\t\t\t\t\t\t<\/div>\n\t\t\t\t<\/div>\n\t\t\t\t<div class=\"elementor-element elementor-element-1804f16c elementor-widget elementor-widget-spacer\" data-id=\"1804f16c\" data-element_type=\"widget\" data-e-type=\"widget\" data-widget_type=\"spacer.default\">\n\t\t\t\t<div class=\"elementor-widget-container\">\n\t\t\t\t\t\t\t<div class=\"elementor-spacer\">\n\t\t\t<div class=\"elementor-spacer-inner\"><\/div>\n\t\t<\/div>\n\t\t\t\t\t\t<\/div>\n\t\t\t\t<\/div>\n\t\t<div class=\"elementor-element elementor-element-308f1767 e-con-full e-flex e-con e-child\" data-id=\"308f1767\" data-element_type=\"container\" data-e-type=\"container\">\n\t\t\t\t<div class=\"elementor-element elementor-element-637e3841 elementor-widget elementor-widget-heading\" data-id=\"637e3841\" data-element_type=\"widget\" data-e-type=\"widget\" data-widget_type=\"heading.default\">\n\t\t\t\t<div class=\"elementor-widget-container\">\n\t\t\t\t\t<h3 class=\"elementor-heading-title elementor-size-default\">Fordele<\/h3>\t\t\t\t<\/div>\n\t\t\t\t<\/div>\n\t\t\t\t<div class=\"elementor-element elementor-element-bf1ae55 elementor-widget elementor-widget-heading\" data-id=\"bf1ae55\" data-element_type=\"widget\" data-e-type=\"widget\" data-widget_type=\"heading.default\">\n\t\t\t\t<div class=\"elementor-widget-container\">\n\t\t\t\t\t<h2 class=\"elementor-heading-title elementor-size-default\">Distribution af aktivt flow<\/h2>\t\t\t\t<\/div>\n\t\t\t\t<\/div>\n\t\t\t\t<div class=\"elementor-element elementor-element-62143a75 elementor-widget elementor-widget-spacer\" data-id=\"62143a75\" data-element_type=\"widget\" data-e-type=\"widget\" data-widget_type=\"spacer.default\">\n\t\t\t\t<div class=\"elementor-widget-container\">\n\t\t\t\t\t\t\t<div class=\"elementor-spacer\">\n\t\t\t<div class=\"elementor-spacer-inner\"><\/div>\n\t\t<\/div>\n\t\t\t\t\t\t<\/div>\n\t\t\t\t<\/div>\n\t\t\t\t<div class=\"elementor-element elementor-element-7e1ed05b elementor-widget elementor-widget-text-editor\" data-id=\"7e1ed05b\" data-element_type=\"widget\" data-e-type=\"widget\" data-widget_type=\"text-editor.default\">\n\t\t\t\t<div class=\"elementor-widget-container\">\n\t\t\t\t\t\t\t\t\t<p><span style=\"font-weight: 400;\">CAD-modelleret &#8220;aktiv&#8221; flowfordeling genererer ensartet spredning af amiditter og reagenser over hele s\u00f8jleoverfladen, selv for s\u00f8jler pakket med korte sengeh\u00f8jder, hvilket resulterer i maksimal koblingseffektivitet.<\/span><\/p>\t\t\t\t\t\t\t\t<\/div>\n\t\t\t\t<\/div>\n\t\t\t\t<div class=\"elementor-element elementor-element-3629411 elementor-widget__width-initial elementor-widget elementor-widget-ucaddon_hotspot\" data-id=\"3629411\" data-element_type=\"widget\" data-e-type=\"widget\" data-widget_type=\"ucaddon_hotspot.default\">\n\t\t\t\t<div class=\"elementor-widget-container\">\n\t\t\t\t\t\n<!-- start Hotspots -->\n\t\t<link id='font-awesome-css' href='https:\/\/fluidmgmt.ak-bio.com\/wp-content\/plugins\/unlimited-elements-for-elementor-premium\/assets_libraries\/font-awesome6\/fontawesome-all.min.css' type='text\/css' rel='stylesheet' >\n\t\t<link id='font-awesome-4-shim-css' href='https:\/\/fluidmgmt.ak-bio.com\/wp-content\/plugins\/unlimited-elements-for-elementor-premium\/assets_libraries\/font-awesome6\/fontawesome-v4-shims.min.css' type='text\/css' rel='stylesheet' >\n\t\t<link id='uc_ac_assets_file_tooltipster_bundle_min_css_6495-css' href='https:\/\/fluidmgmt.ak-bio.com\/wp-content\/uploads\/ac_assets\/Hotspot\/tooltipster.bundle.min.css' type='text\/css' rel='stylesheet' >\n\n<style>\/* widget: Hotspots *\/\n\n#uc_hotspot_elementor_3629411\n{\n  position:relative;\n}\n#uc_hotspot_elementor_3629411 img\n{\n  display:block;\n  width:100%;\n}\n\n#uc_hotspot_elementor_3629411 .ue-hotspot-icon\n{\n  display:inline-block;\n  line-height:1em;\n}\n\n#uc_hotspot_elementor_3629411 .ue-hotspot-icon svg\n{\n  height:1em;\n  width:1em;\n}\n\n#uc_hotspot_elementor_3629411 .item-popup-text{\n  display: flex;\n  flex-direction: column;\n}\n\n#uc_hotspot_elementor_3629411 .spot\n{\n  display:flex;\n  align-items:center;\n  justify-content:center;\n  text-align:center;\n  cursor:pointer;\n  position:absolute;\n  transform:translate(-50%,-50%);\n  padding-right:10px;\n  padding-left:10px;\n  box-sizing:border-box;\n  transition:0.5s;\n  line-height:1em;\n  text-decoration:none;\n  \n\twidth:52px;\n\t\n\n}\n\n#uc_hotspot_elementor_3629411 .spot:hover\n{\n  transform:translate(-50%,-50%) scale(0.9,0.9);\n}\n\n#uc_hotspot_elementor_3629411 .spot:before\n{\n    content: '';\n    display: inline-block;\n    position: absolute;\n    top: -2px;\n    left: -2px;\n    bottom: -2px;\n    right: -2px;\n    border-radius: inherit;\n    border-width:1px;\n    border-style:solid;\n    -webkit-animation: btnIconRipple 2s cubic-bezier(0.23, 1, 0.32, 1) both infinite;\n    animation: btnIconRipple 2s cubic-bezier(0.23, 1, 0.32, 1) both infinite;\n}\n\n@keyframes btnIconRipple {\n  0% {\n    border-width: 4px;\n            transform: scale(1);\n  }\n  80% {\n    border-width: 1px;\n            transform: scale(1.35);\n  }\n  100% {\n    opacity: 0;\n  }\n}\n\n#uc_hotspot_elementor_3629411 .tooltipster-base\n{\n  max-width:300px;\n}\n.tooltipster-sidetip .tooltipster-box {\n\tbackground: #00101D !important;\n\tborder: 3px solid #00101D !important;\n}\n\n.tooltipster-sidetip .tooltipster-content\n{\n  color: #FFFFFF !important;\n}\n\n.tooltipster-sidetip.tooltipster-bottom .tooltipster-arrow-background {\n\tborder-bottom-color: #00101D !important;\n}\n\n.tooltipster-sidetip.tooltipster-left .tooltipster-arrow-background {\n\tborder-left-color: #00101D !important;\n}\n\n.tooltipster-sidetip.tooltipster-right .tooltipster-arrow-background {\n\tborder-right-color: #00101D !important;\n}\n\n.tooltipster-sidetip.tooltipster-top .tooltipster-arrow-background {\n\tborder-top-color: #00101D !important;\n}\n\n.tooltipster-sidetip.tooltipster-bottom .tooltipster-arrow-border {\n\tborder-bottom-color: #00101D !important;\n}\n\n.tooltipster-sidetip.tooltipster-left .tooltipster-arrow-border {\n\tborder-left-color: #00101D !important;\n}\n\n.tooltipster-sidetip.tooltipster-right .tooltipster-arrow-border {\n\tborder-right-color: #00101D !important;\n}\n\n.tooltipster-sidetip.tooltipster-top .tooltipster-arrow-border {\n\tborder-top-color: #00101D !important;\n}\n\n.ue-popup-overlay\n{\n  position:fixed;\n  top:0;\n  bottom:0;\n  right:0;\n  left:0;\n  width:100%;\n  display:none;\n  z-index: 99999;\n}\n\n.item-popup\n{\n  display:none;\n  background-color:white;\n  position:absolute;\n  transform:translate(-50%,-50%);\n  z-index:100000000;\n}\n\n.item-popup-title\n{\n  justify-content:space-between;\n  align-items:center;\n  display:flex;\n}\n\n.item-popup-close\n{\n  cursor:pointer;\n}\n\n.item-popup-text\n{\n  padding:20px;\n}\n.ue-hotspot-popup-button{\n  display: inline-block;\n}\n\n<\/style>\n\n<div id=\"uc_hotspot_elementor_3629411\" class=\"ue_hotspot \"  data-close-on-body-click=\"true\">\n  <img decoding=\"async\" src=\"https:\/\/fluidmgmt.ak-bio.com\/wp-content\/uploads\/2024\/05\/THESYS_ACS_FrontView_2-847x1024.webp\">\n  <div class=\"uc-hotspots-items\">\n  <a class=\"ue_hotspot-item spot elementor-repeater-item-8729536\" id=\"uc_hotspot_elementor_3629411_item1\" title=\"\" >\n  1  <\/a>\n<a class=\"ue_hotspot-item spot elementor-repeater-item-86b8ef8\" id=\"uc_hotspot_elementor_3629411_item2\" title=\"\" >\n  2  <\/a>\n\n  <\/div>\n  \n    <div class=\"ue-popup-overlay\">\n    <div class=\"item-popup\" id=\"popupuc_hotspot_elementor_3629411_item1\">\n  <div class=\"item-popup-title\">\n    <div><\/div>\n    <div class=\"item-popup-close\">X<\/div>\n  <\/div>\n  \n  <div class=\"item-popup-text\">\n    <img decoding=\"async\" src=\"https:\/\/fluidmgmt.ak-bio.com\/wp-content\/uploads\/2024\/05\/1156-ACS-30cm-Details_210302_02.jpg\" width=\"100%\">\t\n    Fordelerplade med CAD-modelleret \"aktiv\" flowfordeling for ensartet spredning af amiditter og reagenser.\n\n      <\/div>\n  \n<\/div>\n<div class=\"item-popup\" id=\"popupuc_hotspot_elementor_3629411_item2\">\n  <div class=\"item-popup-title\">\n    <div><\/div>\n    <div class=\"item-popup-close\">X<\/div>\n  <\/div>\n  \n  <div class=\"item-popup-text\">\n    <img decoding=\"async\" src=\"https:\/\/fluidmgmt.ak-bio.com\/wp-content\/uploads\/2024\/05\/210302_THESYS_ACS-45cm_Details1_1157.png\" width=\"100%\">\t\n    Indl\u00f8bsport til gylle for at muligg\u00f8re lukket overf\u00f8rsel af opsl\u00e6mmet fast materiale f\u00f8r pakning.\n      <\/div>\n  \n<\/div>\n\n  <\/div> \n  <\/div>\n<!-- end Hotspots -->\t\t\t\t<\/div>\n\t\t\t\t<\/div>\n\t\t\t\t<\/div>\n\t\t\t\t\t<\/div>\n\t\t\t\t<\/div>\n\t\t<div class=\"elementor-element elementor-element-31a288ce e-flex e-con-boxed e-con e-parent\" data-id=\"31a288ce\" data-element_type=\"container\" data-e-type=\"container\" data-settings=\"{&quot;background_background&quot;:&quot;gradient&quot;}\">\n\t\t\t\t\t<div class=\"e-con-inner\">\n\t\t<div class=\"elementor-element elementor-element-38cda52f e-con-full e-flex e-con e-child\" data-id=\"38cda52f\" data-element_type=\"container\" data-e-type=\"container\">\n\t\t<div class=\"elementor-element elementor-element-524fdd87 e-con-full e-flex e-con e-child\" data-id=\"524fdd87\" data-element_type=\"container\" data-e-type=\"container\">\n\t\t\t\t<div class=\"elementor-element elementor-element-4c01979e elementor-widget elementor-widget-heading\" data-id=\"4c01979e\" data-element_type=\"widget\" data-e-type=\"widget\" data-widget_type=\"heading.default\">\n\t\t\t\t<div class=\"elementor-widget-container\">\n\t\t\t\t\t<h2 class=\"elementor-heading-title elementor-size-default\">En r\u00e6kke funktioner og muligheder<\/h2>\t\t\t\t<\/div>\n\t\t\t\t<\/div>\n\t\t\t\t<div class=\"elementor-element elementor-element-5fcadf20 elementor-widget elementor-widget-spacer\" data-id=\"5fcadf20\" data-element_type=\"widget\" data-e-type=\"widget\" data-widget_type=\"spacer.default\">\n\t\t\t\t<div class=\"elementor-widget-container\">\n\t\t\t\t\t\t\t<div class=\"elementor-spacer\">\n\t\t\t<div class=\"elementor-spacer-inner\"><\/div>\n\t\t<\/div>\n\t\t\t\t\t\t<\/div>\n\t\t\t\t<\/div>\n\t\t\t\t<div class=\"elementor-element elementor-element-38ca049c elementor-widget elementor-widget-text-editor\" data-id=\"38ca049c\" data-element_type=\"widget\" data-e-type=\"widget\" data-widget_type=\"text-editor.default\">\n\t\t\t\t<div class=\"elementor-widget-container\">\n\t\t\t\t\t\t\t\t\t<p><span style=\"font-weight: 400;\">THESYS\u00ae ACS-s\u00f8jlen har en indl\u00f8bsport til slam for at forenkle p\u00e5fyldningen af din faste st\u00f8tte. Slamudgangsporten kan bruges til at pakke din faste st\u00f8tte ud og ogs\u00e5 til at tage pr\u00f8ver af din st\u00f8tte under synteseprocessen efter trykaflastning af s\u00f8jlen. <\/span><\/p>\t\t\t\t\t\t\t\t<\/div>\n\t\t\t\t<\/div>\n\t\t\t\t<div class=\"elementor-element elementor-element-10c11e65 elementor-widget elementor-widget-spacer\" data-id=\"10c11e65\" data-element_type=\"widget\" data-e-type=\"widget\" data-widget_type=\"spacer.default\">\n\t\t\t\t<div class=\"elementor-widget-container\">\n\t\t\t\t\t\t\t<div class=\"elementor-spacer\">\n\t\t\t<div class=\"elementor-spacer-inner\"><\/div>\n\t\t<\/div>\n\t\t\t\t\t\t<\/div>\n\t\t\t\t<\/div>\n\t\t\t\t<\/div>\n\t\t<div class=\"elementor-element elementor-element-3713535e e-con-full e-flex e-con e-child\" data-id=\"3713535e\" data-element_type=\"container\" data-e-type=\"container\">\n\t\t<div class=\"elementor-element elementor-element-a2debbd e-con-full e-flex e-con e-child\" data-id=\"a2debbd\" data-element_type=\"container\" data-e-type=\"container\">\n\t\t\t\t<div class=\"elementor-element elementor-element-2ceac4c elementor-widget elementor-widget-heading\" data-id=\"2ceac4c\" data-element_type=\"widget\" data-e-type=\"widget\" data-widget_type=\"heading.default\">\n\t\t\t\t<div class=\"elementor-widget-container\">\n\t\t\t\t\t<h2 class=\"elementor-heading-title elementor-size-default\">Andre muligheder inkluderer:<\/h2>\t\t\t\t<\/div>\n\t\t\t\t<\/div>\n\t\t\t\t<div class=\"elementor-element elementor-element-5fce1e5c elementor-widget elementor-widget-text-editor\" data-id=\"5fce1e5c\" data-element_type=\"widget\" data-e-type=\"widget\" data-widget_type=\"text-editor.default\">\n\t\t\t\t<div class=\"elementor-widget-container\">\n\t\t\t\t\t\t\t\t\t<ul>\n \t<li>Elektropolering<\/li>\n \t<li>Dokumentation og udf\u00f8relse af IQ\/OQ<\/li>\n \t<li>ASME-kode-stempel<\/li>\n \t<li>CE-m\u00e6rkning i overensstemmelse med direktivet om trykb\u00e6rende udstyr<\/li>\n\t\t\t\t\t\t\t\t<\/div>\n\t\t\t\t<\/div>\n\t\t\t\t<\/div>\n\t\t<div class=\"elementor-element elementor-element-24df91fc e-con-full e-flex e-con e-child\" data-id=\"24df91fc\" data-element_type=\"container\" data-e-type=\"container\">\n\t\t\t\t<div class=\"elementor-element elementor-element-df6b820 elementor-widget__width-auto elementor-widget elementor-widget-image\" data-id=\"df6b820\" data-element_type=\"widget\" data-e-type=\"widget\" data-widget_type=\"image.default\">\n\t\t\t\t<div class=\"elementor-widget-container\">\n\t\t\t\t\t\t\t\t\t\t\t\t\t\t\t<img fetchpriority=\"high\" decoding=\"async\" width=\"768\" height=\"512\" src=\"https:\/\/fluidmgmt.ak-bio.com\/wp-content\/uploads\/2024\/05\/1156-ACS_Detail-210302-4021-768x512.jpg\" class=\"attachment-medium_large size-medium_large wp-image-20120\" alt=\"ACS Detail\" srcset=\"https:\/\/fluidmgmt.ak-bio.com\/wp-content\/uploads\/2024\/05\/1156-ACS_Detail-210302-4021-768x512.jpg 768w, https:\/\/fluidmgmt.ak-bio.com\/wp-content\/uploads\/2024\/05\/1156-ACS_Detail-210302-4021-300x200.jpg 300w, https:\/\/fluidmgmt.ak-bio.com\/wp-content\/uploads\/2024\/05\/1156-ACS_Detail-210302-4021-1024x683.jpg 1024w, https:\/\/fluidmgmt.ak-bio.com\/wp-content\/uploads\/2024\/05\/1156-ACS_Detail-210302-4021-600x400.jpg 600w\" sizes=\"(max-width: 768px) 100vw, 768px\" \/>\t\t\t\t\t\t\t\t\t\t\t\t\t\t\t<\/div>\n\t\t\t\t<\/div>\n\t\t\t\t<\/div>\n\t\t\t\t<\/div>\n\t\t\t\t<\/div>\n\t\t\t\t\t<\/div>\n\t\t\t\t<\/div>\n\t\t\t\t<\/div>\n\t\t","protected":false},"excerpt":{"rendered":"<p><span style=\"font-weight: 400;\">THESYS\u00ae ACS-kolonnen er ideel til stive, faste b\u00e6rere, der ikke svulmer op. Denne gennemstr\u00f8mningssyntese-kolonne tilbyder &#8220;hejsefri&#8221; drift for nem fjernelse af fritte og forenklet pakning og udpakning af kolonnen via aksial kompression med et integreret stempel. Stemplet er altid i kontakt med den pakkede faste st\u00f8tte uden mellemrum.  <\/span><\/p>\n","protected":false},"featured_media":27771,"template":"","meta":{"_acf_changed":false},"applications":[522],"product_brand":[],"product_cat":[601],"product_tag":[],"class_list":{"0":"post-29039","1":"product","2":"type-product","3":"status-publish","4":"has-post-thumbnail","6":"applications-udvikling-af-oligonukleotider","7":"product_cat-thesys-oligonukleotid-syntese","9":"first","10":"instock","11":"shipping-taxable","12":"product-type-simple"},"acf":[],"yoast_head":"<!-- This site is optimized with the Yoast SEO plugin v27.1.1 - https:\/\/yoast.com\/product\/yoast-seo-wordpress\/ -->\n<title>Syntese-s\u00f8jle til aksial kompression | THESYS\u00ae.<\/title>\n<meta name=\"description\" content=\"THESYS\u00ae ACS-kolonnen er ideel til stive, faste materialer, der ikke svulmer op. Denne gennemstr\u00f8mningssyntese-s\u00f8jle giver &quot;hejsefri&quot; drift.\" \/>\n<meta name=\"robots\" content=\"index, follow, max-snippet:-1, max-image-preview:large, max-video-preview:-1\" \/>\n<link rel=\"canonical\" href=\"https:\/\/fluidmgmt.ak-bio.com\/da\/products\/thesys-oligonukleotid-syntese\/acs-kolonne\/\" \/>\n<meta property=\"og:locale\" content=\"da_DK\" \/>\n<meta property=\"og:type\" content=\"article\" \/>\n<meta property=\"og:title\" content=\"Syntese-s\u00f8jle til aksial kompression | THESYS\u00ae.\" \/>\n<meta property=\"og:description\" content=\"THESYS\u00ae ACS-kolonnen er ideel til stive, faste materialer, der ikke svulmer op. Denne gennemstr\u00f8mningssyntese-s\u00f8jle giver &quot;hejsefri&quot; drift.\" \/>\n<meta property=\"og:url\" content=\"https:\/\/fluidmgmt.ak-bio.com\/da\/products\/thesys-oligonukleotid-syntese\/acs-kolonne\/\" \/>\n<meta property=\"og:site_name\" content=\"AK Bio - Fluid Management\" \/>\n<meta property=\"article:modified_time\" content=\"2026-01-30T18:22:29+00:00\" \/>\n<meta property=\"og:image\" content=\"https:\/\/fluidmgmt.ak-bio.com\/wp-content\/uploads\/2024\/05\/THESYS_ACS_FrontView-847x1024.png\" \/>\n\t<meta property=\"og:image:width\" content=\"847\" \/>\n\t<meta property=\"og:image:height\" content=\"1024\" \/>\n\t<meta property=\"og:image:type\" content=\"image\/png\" \/>\n<meta name=\"twitter:card\" content=\"summary_large_image\" \/>\n<meta name=\"twitter:label1\" content=\"Estimeret l\u00e6setid\" \/>\n\t<meta name=\"twitter:data1\" content=\"1 minut\" \/>\n<script type=\"application\/ld+json\" class=\"yoast-schema-graph\">{\"@context\":\"https:\/\/schema.org\",\"@graph\":[{\"@type\":\"WebPage\",\"@id\":\"https:\/\/fluidmgmt.ak-bio.com\/da\/products\/thesys-oligonukleotid-syntese\/acs-kolonne\/\",\"url\":\"https:\/\/fluidmgmt.ak-bio.com\/da\/products\/thesys-oligonukleotid-syntese\/acs-kolonne\/\",\"name\":\"Syntese-s\u00f8jle til aksial kompression | THESYS\u00ae.\",\"isPartOf\":{\"@id\":\"https:\/\/fluidmgmt.ak-bio.com\/da\/#website\"},\"primaryImageOfPage\":{\"@id\":\"https:\/\/fluidmgmt.ak-bio.com\/da\/products\/thesys-oligonukleotid-syntese\/acs-kolonne\/#primaryimage\"},\"image\":{\"@id\":\"https:\/\/fluidmgmt.ak-bio.com\/da\/products\/thesys-oligonukleotid-syntese\/acs-kolonne\/#primaryimage\"},\"thumbnailUrl\":\"https:\/\/fluidmgmt.ak-bio.com\/wp-content\/uploads\/2024\/05\/THESYS_ACS_FrontView.png\",\"datePublished\":\"2024-05-14T20:43:21+00:00\",\"dateModified\":\"2026-01-30T18:22:29+00:00\",\"description\":\"THESYS\u00ae ACS-kolonnen er ideel til stive, faste materialer, der ikke svulmer op. Denne gennemstr\u00f8mningssyntese-s\u00f8jle giver \\\"hejsefri\\\" drift.\",\"breadcrumb\":{\"@id\":\"https:\/\/fluidmgmt.ak-bio.com\/da\/products\/thesys-oligonukleotid-syntese\/acs-kolonne\/#breadcrumb\"},\"inLanguage\":\"da-DK\",\"potentialAction\":[{\"@type\":\"ReadAction\",\"target\":[\"https:\/\/fluidmgmt.ak-bio.com\/da\/products\/thesys-oligonukleotid-syntese\/acs-kolonne\/\"]}]},{\"@type\":\"ImageObject\",\"inLanguage\":\"da-DK\",\"@id\":\"https:\/\/fluidmgmt.ak-bio.com\/da\/products\/thesys-oligonukleotid-syntese\/acs-kolonne\/#primaryimage\",\"url\":\"https:\/\/fluidmgmt.ak-bio.com\/wp-content\/uploads\/2024\/05\/THESYS_ACS_FrontView.png\",\"contentUrl\":\"https:\/\/fluidmgmt.ak-bio.com\/wp-content\/uploads\/2024\/05\/THESYS_ACS_FrontView.png\",\"width\":3349,\"height\":4047,\"caption\":\"VANTIJ VFC RightView\"},{\"@type\":\"BreadcrumbList\",\"@id\":\"https:\/\/fluidmgmt.ak-bio.com\/da\/products\/thesys-oligonukleotid-syntese\/acs-kolonne\/#breadcrumb\",\"itemListElement\":[{\"@type\":\"ListItem\",\"position\":1,\"name\":\"Produkter\",\"item\":\"https:\/\/fluidmgmt.ak-bio.com\/da\/produkter\/\"},{\"@type\":\"ListItem\",\"position\":2,\"name\":\"THESYS\u2122 Oligonukleotid-syntese\",\"item\":\"https:\/\/fluidmgmt.ak-bio.com\/da\/product-category\/thesys-oligonukleotid-syntese\/\"},{\"@type\":\"ListItem\",\"position\":3,\"name\":\"ACS-kolonne\"}]},{\"@type\":\"WebSite\",\"@id\":\"https:\/\/fluidmgmt.ak-bio.com\/da\/#website\",\"url\":\"https:\/\/fluidmgmt.ak-bio.com\/da\/\",\"name\":\"AK Bio - Fluid Management\",\"description\":\"\",\"publisher\":{\"@id\":\"https:\/\/fluidmgmt.ak-bio.com\/da\/#organization\"},\"potentialAction\":[{\"@type\":\"SearchAction\",\"target\":{\"@type\":\"EntryPoint\",\"urlTemplate\":\"https:\/\/fluidmgmt.ak-bio.com\/da\/?s={search_term_string}\"},\"query-input\":{\"@type\":\"PropertyValueSpecification\",\"valueRequired\":true,\"valueName\":\"search_term_string\"}}],\"inLanguage\":\"da-DK\"},{\"@type\":\"Organization\",\"@id\":\"https:\/\/fluidmgmt.ak-bio.com\/da\/#organization\",\"name\":\"AK Bio\",\"url\":\"https:\/\/fluidmgmt.ak-bio.com\/da\/\",\"logo\":{\"@type\":\"ImageObject\",\"inLanguage\":\"da-DK\",\"@id\":\"https:\/\/fluidmgmt.ak-bio.com\/da\/#\/schema\/logo\/image\/\",\"url\":\"https:\/\/fluidmgmt.ak-bio.com\/wp-content\/uploads\/2024\/04\/blue_ak_Logo.svg\",\"contentUrl\":\"https:\/\/fluidmgmt.ak-bio.com\/wp-content\/uploads\/2024\/04\/blue_ak_Logo.svg\",\"width\":197,\"height\":50,\"caption\":\"AK Bio\"},\"image\":{\"@id\":\"https:\/\/fluidmgmt.ak-bio.com\/da\/#\/schema\/logo\/image\/\"},\"sameAs\":[\"https:\/\/www.linkedin.com\/company\/asahi-kasei-bioprocess-america\/\"]}]}<\/script>\n<!-- \/ Yoast SEO plugin. -->","yoast_head_json":{"title":"Syntese-s\u00f8jle til aksial kompression | THESYS\u00ae.","description":"THESYS\u00ae ACS-kolonnen er ideel til stive, faste materialer, der ikke svulmer op. Denne gennemstr\u00f8mningssyntese-s\u00f8jle giver \"hejsefri\" drift.","robots":{"index":"index","follow":"follow","max-snippet":"max-snippet:-1","max-image-preview":"max-image-preview:large","max-video-preview":"max-video-preview:-1"},"canonical":"https:\/\/fluidmgmt.ak-bio.com\/da\/products\/thesys-oligonukleotid-syntese\/acs-kolonne\/","og_locale":"da_DK","og_type":"article","og_title":"Syntese-s\u00f8jle til aksial kompression | THESYS\u00ae.","og_description":"THESYS\u00ae ACS-kolonnen er ideel til stive, faste materialer, der ikke svulmer op. Denne gennemstr\u00f8mningssyntese-s\u00f8jle giver \"hejsefri\" drift.","og_url":"https:\/\/fluidmgmt.ak-bio.com\/da\/products\/thesys-oligonukleotid-syntese\/acs-kolonne\/","og_site_name":"AK Bio - Fluid Management","article_modified_time":"2026-01-30T18:22:29+00:00","og_image":[{"width":847,"height":1024,"url":"https:\/\/fluidmgmt.ak-bio.com\/wp-content\/uploads\/2024\/05\/THESYS_ACS_FrontView-847x1024.png","type":"image\/png"}],"twitter_card":"summary_large_image","twitter_misc":{"Estimeret l\u00e6setid":"1 minut"},"schema":{"@context":"https:\/\/schema.org","@graph":[{"@type":"WebPage","@id":"https:\/\/fluidmgmt.ak-bio.com\/da\/products\/thesys-oligonukleotid-syntese\/acs-kolonne\/","url":"https:\/\/fluidmgmt.ak-bio.com\/da\/products\/thesys-oligonukleotid-syntese\/acs-kolonne\/","name":"Syntese-s\u00f8jle til aksial kompression | THESYS\u00ae.","isPartOf":{"@id":"https:\/\/fluidmgmt.ak-bio.com\/da\/#website"},"primaryImageOfPage":{"@id":"https:\/\/fluidmgmt.ak-bio.com\/da\/products\/thesys-oligonukleotid-syntese\/acs-kolonne\/#primaryimage"},"image":{"@id":"https:\/\/fluidmgmt.ak-bio.com\/da\/products\/thesys-oligonukleotid-syntese\/acs-kolonne\/#primaryimage"},"thumbnailUrl":"https:\/\/fluidmgmt.ak-bio.com\/wp-content\/uploads\/2024\/05\/THESYS_ACS_FrontView.png","datePublished":"2024-05-14T20:43:21+00:00","dateModified":"2026-01-30T18:22:29+00:00","description":"THESYS\u00ae ACS-kolonnen er ideel til stive, faste materialer, der ikke svulmer op. Denne gennemstr\u00f8mningssyntese-s\u00f8jle giver \"hejsefri\" drift.","breadcrumb":{"@id":"https:\/\/fluidmgmt.ak-bio.com\/da\/products\/thesys-oligonukleotid-syntese\/acs-kolonne\/#breadcrumb"},"inLanguage":"da-DK","potentialAction":[{"@type":"ReadAction","target":["https:\/\/fluidmgmt.ak-bio.com\/da\/products\/thesys-oligonukleotid-syntese\/acs-kolonne\/"]}]},{"@type":"ImageObject","inLanguage":"da-DK","@id":"https:\/\/fluidmgmt.ak-bio.com\/da\/products\/thesys-oligonukleotid-syntese\/acs-kolonne\/#primaryimage","url":"https:\/\/fluidmgmt.ak-bio.com\/wp-content\/uploads\/2024\/05\/THESYS_ACS_FrontView.png","contentUrl":"https:\/\/fluidmgmt.ak-bio.com\/wp-content\/uploads\/2024\/05\/THESYS_ACS_FrontView.png","width":3349,"height":4047,"caption":"VANTIJ VFC RightView"},{"@type":"BreadcrumbList","@id":"https:\/\/fluidmgmt.ak-bio.com\/da\/products\/thesys-oligonukleotid-syntese\/acs-kolonne\/#breadcrumb","itemListElement":[{"@type":"ListItem","position":1,"name":"Produkter","item":"https:\/\/fluidmgmt.ak-bio.com\/da\/produkter\/"},{"@type":"ListItem","position":2,"name":"THESYS\u2122 Oligonukleotid-syntese","item":"https:\/\/fluidmgmt.ak-bio.com\/da\/product-category\/thesys-oligonukleotid-syntese\/"},{"@type":"ListItem","position":3,"name":"ACS-kolonne"}]},{"@type":"WebSite","@id":"https:\/\/fluidmgmt.ak-bio.com\/da\/#website","url":"https:\/\/fluidmgmt.ak-bio.com\/da\/","name":"AK Bio - Fluid Management","description":"","publisher":{"@id":"https:\/\/fluidmgmt.ak-bio.com\/da\/#organization"},"potentialAction":[{"@type":"SearchAction","target":{"@type":"EntryPoint","urlTemplate":"https:\/\/fluidmgmt.ak-bio.com\/da\/?s={search_term_string}"},"query-input":{"@type":"PropertyValueSpecification","valueRequired":true,"valueName":"search_term_string"}}],"inLanguage":"da-DK"},{"@type":"Organization","@id":"https:\/\/fluidmgmt.ak-bio.com\/da\/#organization","name":"AK Bio","url":"https:\/\/fluidmgmt.ak-bio.com\/da\/","logo":{"@type":"ImageObject","inLanguage":"da-DK","@id":"https:\/\/fluidmgmt.ak-bio.com\/da\/#\/schema\/logo\/image\/","url":"https:\/\/fluidmgmt.ak-bio.com\/wp-content\/uploads\/2024\/04\/blue_ak_Logo.svg","contentUrl":"https:\/\/fluidmgmt.ak-bio.com\/wp-content\/uploads\/2024\/04\/blue_ak_Logo.svg","width":197,"height":50,"caption":"AK Bio"},"image":{"@id":"https:\/\/fluidmgmt.ak-bio.com\/da\/#\/schema\/logo\/image\/"},"sameAs":["https:\/\/www.linkedin.com\/company\/asahi-kasei-bioprocess-america\/"]}]}},"_links":{"self":[{"href":"https:\/\/fluidmgmt.ak-bio.com\/da\/wp-json\/wp\/v2\/product\/29039","targetHints":{"allow":["GET"]}}],"collection":[{"href":"https:\/\/fluidmgmt.ak-bio.com\/da\/wp-json\/wp\/v2\/product"}],"about":[{"href":"https:\/\/fluidmgmt.ak-bio.com\/da\/wp-json\/wp\/v2\/types\/product"}],"version-history":[{"count":0,"href":"https:\/\/fluidmgmt.ak-bio.com\/da\/wp-json\/wp\/v2\/product\/29039\/revisions"}],"wp:featuredmedia":[{"embeddable":true,"href":"https:\/\/fluidmgmt.ak-bio.com\/da\/wp-json\/wp\/v2\/media\/27771"}],"wp:attachment":[{"href":"https:\/\/fluidmgmt.ak-bio.com\/da\/wp-json\/wp\/v2\/media?parent=29039"}],"wp:term":[{"taxonomy":"applications","embeddable":true,"href":"https:\/\/fluidmgmt.ak-bio.com\/da\/wp-json\/wp\/v2\/applications?post=29039"},{"taxonomy":"product_brand","embeddable":true,"href":"https:\/\/fluidmgmt.ak-bio.com\/da\/wp-json\/wp\/v2\/product_brand?post=29039"},{"taxonomy":"product_cat","embeddable":true,"href":"https:\/\/fluidmgmt.ak-bio.com\/da\/wp-json\/wp\/v2\/product_cat?post=29039"},{"taxonomy":"product_tag","embeddable":true,"href":"https:\/\/fluidmgmt.ak-bio.com\/da\/wp-json\/wp\/v2\/product_tag?post=29039"}],"curies":[{"name":"wp","href":"https:\/\/api.w.org\/{rel}","templated":true}]}}