{"id":29251,"date":"2024-06-13T15:02:12","date_gmt":"2024-06-13T15:02:12","guid":{"rendered":"https:\/\/fluidmgmt.ak-bio.com\/products\/Ikke%20kategoriseret\/hydrauliske-vogne\/"},"modified":"2026-01-26T13:31:36","modified_gmt":"2026-01-26T18:31:36","slug":"hydrauliske-vogne","status":"publish","type":"product","link":"https:\/\/fluidmgmt.ak-bio.com\/da\/products\/cursiv-flydende-kromatografi\/hydrauliske-vogne\/","title":{"rendered":"Hydrauliske vogne"},"content":{"rendered":"\t\t<div data-elementor-type=\"product-post\" data-elementor-id=\"29251\" class=\"elementor elementor-29251 elementor-1032\" data-elementor-post-type=\"product\">\n\t\t\t\t<div class=\"elementor-element elementor-element-6bf71094 e-flex e-con-boxed e-con e-parent\" data-id=\"6bf71094\" data-element_type=\"container\" data-e-type=\"container\" data-settings=\"{&quot;background_background&quot;:&quot;gradient&quot;}\">\n\t\t\t\t\t<div class=\"e-con-inner\">\n\t\t\t\t<div class=\"elementor-element elementor-element-9503a68 elementor-absolute elementor-widget elementor-widget-menu-anchor\" data-id=\"9503a68\" data-element_type=\"widget\" data-e-type=\"widget\" data-settings=\"{&quot;_position&quot;:&quot;absolute&quot;}\" data-widget_type=\"menu-anchor.default\">\n\t\t\t\t<div class=\"elementor-widget-container\">\n\t\t\t\t\t\t\t<div class=\"elementor-menu-anchor\" id=\"fordele\"><\/div>\n\t\t\t\t\t\t<\/div>\n\t\t\t\t<\/div>\n\t\t<div class=\"elementor-element elementor-element-578ab039 e-con-full e-flex e-con e-child\" data-id=\"578ab039\" data-element_type=\"container\" data-e-type=\"container\">\n\t\t<div class=\"elementor-element elementor-element-20d472be e-con-full e-flex e-con e-child\" data-id=\"20d472be\" data-element_type=\"container\" data-e-type=\"container\">\n\t\t\t\t<div class=\"elementor-element elementor-element-2cc0674c elementor-widget elementor-widget-heading\" data-id=\"2cc0674c\" data-element_type=\"widget\" data-e-type=\"widget\" data-widget_type=\"heading.default\">\n\t\t\t\t<div class=\"elementor-widget-container\">\n\t\t\t\t\t<h2 class=\"elementor-heading-title elementor-size-default\">Fordele<\/h2>\t\t\t\t<\/div>\n\t\t\t\t<\/div>\n\t\t\t\t<div class=\"elementor-element elementor-element-26280372 elementor-widget elementor-widget-heading\" data-id=\"26280372\" data-element_type=\"widget\" data-e-type=\"widget\" data-widget_type=\"heading.default\">\n\t\t\t\t<div class=\"elementor-widget-container\">\n\t\t\t\t\t<h2 class=\"elementor-heading-title elementor-size-default\">Forenklet ind- og udpakning<\/h2>\t\t\t\t<\/div>\n\t\t\t\t<\/div>\n\t\t\t\t<div class=\"elementor-element elementor-element-109735f5 elementor-widget elementor-widget-spacer\" data-id=\"109735f5\" data-element_type=\"widget\" data-e-type=\"widget\" data-widget_type=\"spacer.default\">\n\t\t\t\t<div class=\"elementor-widget-container\">\n\t\t\t\t\t\t\t<div class=\"elementor-spacer\">\n\t\t\t<div class=\"elementor-spacer-inner\"><\/div>\n\t\t<\/div>\n\t\t\t\t\t\t<\/div>\n\t\t\t\t<\/div>\n\t\t\t\t<div class=\"elementor-element elementor-element-29f84207 elementor-widget elementor-widget-text-editor\" data-id=\"29f84207\" data-element_type=\"widget\" data-e-type=\"widget\" data-widget_type=\"text-editor.default\">\n\t\t\t\t<div class=\"elementor-widget-container\">\n\t\t\t\t\t\t\t\t\t<p>Den hydrauliske vogn sikrer ensartet og reproducerbar pakning med reguleret lufttryk, hvilket \u00f8ger processens p\u00e5lidelighed. Udpakningen af den trykl\u00f8se s\u00f8jle er ligetil &#8211; fjern bundpladen, og brug den hydrauliske vogn til at skubbe sengen ud. Den nye skrabeforsegling holder p\u00e5 fritten og t\u00f8rrer s\u00f8jlev\u00e6ggene af, hvilket sikrer en ren og effektiv udpakningsproces.  <\/p>\t\t\t\t\t\t\t\t<\/div>\n\t\t\t\t<\/div>\n\t\t\t\t<div class=\"elementor-element elementor-element-46affd51 elementor-widget elementor-widget-spacer\" data-id=\"46affd51\" data-element_type=\"widget\" data-e-type=\"widget\" data-widget_type=\"spacer.default\">\n\t\t\t\t<div class=\"elementor-widget-container\">\n\t\t\t\t\t\t\t<div class=\"elementor-spacer\">\n\t\t\t<div class=\"elementor-spacer-inner\"><\/div>\n\t\t<\/div>\n\t\t\t\t\t\t<\/div>\n\t\t\t\t<\/div>\n\t\t\t\t<\/div>\n\t\t\t\t<div class=\"elementor-element elementor-element-207f8183 elementor-widget elementor-widget-spacer\" data-id=\"207f8183\" data-element_type=\"widget\" data-e-type=\"widget\" data-widget_type=\"spacer.default\">\n\t\t\t\t<div class=\"elementor-widget-container\">\n\t\t\t\t\t\t\t<div class=\"elementor-spacer\">\n\t\t\t<div class=\"elementor-spacer-inner\"><\/div>\n\t\t<\/div>\n\t\t\t\t\t\t<\/div>\n\t\t\t\t<\/div>\n\t\t<div class=\"elementor-element elementor-element-1f7f85fe e-con-full e-flex e-con e-child\" data-id=\"1f7f85fe\" data-element_type=\"container\" data-e-type=\"container\">\n\t\t<div class=\"elementor-element elementor-element-20f0d61c e-con-full e-flex e-con e-child\" data-id=\"20f0d61c\" data-element_type=\"container\" data-e-type=\"container\">\n\t\t\t\t<div class=\"elementor-element elementor-element-d1844fa elementor-widget elementor-widget-heading\" data-id=\"d1844fa\" data-element_type=\"widget\" data-e-type=\"widget\" data-widget_type=\"heading.default\">\n\t\t\t\t<div class=\"elementor-widget-container\">\n\t\t\t\t\t<h2 class=\"elementor-heading-title elementor-size-default\">Vigtige funktioner<\/h2>\t\t\t\t<\/div>\n\t\t\t\t<\/div>\n\t\t\t\t<div class=\"elementor-element elementor-element-510c622a elementor-widget elementor-widget-text-editor\" data-id=\"510c622a\" data-element_type=\"widget\" data-e-type=\"widget\" data-widget_type=\"text-editor.default\">\n\t\t\t\t<div class=\"elementor-widget-container\">\n\t\t\t\t\t\t\t\t\t<ul><li>Pladsbesparende design med lavere h\u00f8jdekrav.<\/li><li>Tre standardopbygninger afh\u00e6ngigt af behov: bordplade, enkeltpumpe, dobbeltpumpe.<\/li><li>Fleksibilitet og omkostningsbesparelser: Hver st\u00f8rrelse kan forbindes til en r\u00e6kke forskellige s\u00f8jler.<\/li><li>Trykklassificering: 20, 40, 70 barg tilg\u00e6ngelig.<\/li><\/ul>\t\t\t\t\t\t\t\t<\/div>\n\t\t\t\t<\/div>\n\t\t\t\t<\/div>\n\t\t<div class=\"elementor-element elementor-element-d2b580a e-con-full e-flex e-con e-child\" data-id=\"d2b580a\" data-element_type=\"container\" data-e-type=\"container\">\n\t\t\t\t<div class=\"elementor-element elementor-element-f78972f elementor-widget__width-auto elementor-widget elementor-widget-image\" data-id=\"f78972f\" data-element_type=\"widget\" data-e-type=\"widget\" data-widget_type=\"image.default\">\n\t\t\t\t<div class=\"elementor-widget-container\">\n\t\t\t\t\t\t\t\t\t\t\t\t\t\t\t<img fetchpriority=\"high\" decoding=\"async\" width=\"768\" height=\"632\" src=\"https:\/\/fluidmgmt.ak-bio.com\/wp-content\/uploads\/2024\/06\/Dual-Pump-Hydraulic-Cart_Angle.v1-1-768x632.png\" class=\"attachment-medium_large size-medium_large wp-image-20493\" alt=\"Hydraulic Carts\" srcset=\"https:\/\/fluidmgmt.ak-bio.com\/wp-content\/uploads\/2024\/06\/Dual-Pump-Hydraulic-Cart_Angle.v1-1-768x632.png 768w, https:\/\/fluidmgmt.ak-bio.com\/wp-content\/uploads\/2024\/06\/Dual-Pump-Hydraulic-Cart_Angle.v1-1-300x247.png 300w, https:\/\/fluidmgmt.ak-bio.com\/wp-content\/uploads\/2024\/06\/Dual-Pump-Hydraulic-Cart_Angle.v1-1-1024x842.png 1024w, https:\/\/fluidmgmt.ak-bio.com\/wp-content\/uploads\/2024\/06\/Dual-Pump-Hydraulic-Cart_Angle.v1-1-1536x1263.png 1536w, https:\/\/fluidmgmt.ak-bio.com\/wp-content\/uploads\/2024\/06\/Dual-Pump-Hydraulic-Cart_Angle.v1-1-2048x1684.png 2048w, https:\/\/fluidmgmt.ak-bio.com\/wp-content\/uploads\/2024\/06\/Dual-Pump-Hydraulic-Cart_Angle.v1-1-600x493.png 600w\" sizes=\"(max-width: 768px) 100vw, 768px\" \/>\t\t\t\t\t\t\t\t\t\t\t\t\t\t\t<\/div>\n\t\t\t\t<\/div>\n\t\t\t\t<\/div>\n\t\t\t\t<\/div>\n\t\t\t\t<\/div>\n\t\t\t\t\t<\/div>\n\t\t\t\t<\/div>\n\t\t\t\t<\/div>\n\t\t","protected":false},"excerpt":{"rendered":"<p>En hydraulisk vogn kan bruges med flere DAC LC-kolonner, hvilket giver fleksibilitet og omkostningseffektivitet. Vognens &#8220;set it and forget it&#8221;-lufttryksregulator sikrer ensartet, p\u00e5lidelig pakning, mens den rumopdelte hydraulik minimerer h\u00f8jdekravene, hvilket er ideelt til laboratorier og produktionslokaler med begr\u00e6nset plads. <\/p>\n","protected":false},"featured_media":28052,"template":"","meta":{"_acf_changed":false},"applications":[445,522,552],"product_brand":[],"product_cat":[609],"product_tag":[],"class_list":{"0":"post-29251","1":"product","2":"type-product","3":"status-publish","4":"has-post-thumbnail","6":"applications-biofarmaceutisk-udvikling","7":"applications-udvikling-af-oligonukleotider","8":"applications-udvikling-af-sma-molekyler-og-peptider","9":"product_cat-cursiv-flydende-kromatografi","11":"first","12":"instock","13":"shipping-taxable","14":"product-type-simple"},"acf":[],"yoast_head":"<!-- This site is optimized with the Yoast SEO plugin v27.1.1 - https:\/\/yoast.com\/product\/yoast-seo-wordpress\/ -->\n<title>Hydrauliske vogne til LC-kolonner | CURSIV\u00ae.<\/title>\n<meta name=\"description\" content=\"En hydraulisk vogn kan bruges med flere DAC LC-kolonner, hvilket giver fleksibilitet og omkostningseffektivitet. Ideel til laboratorier og producenter med begr\u00e6nset plads.\" \/>\n<meta name=\"robots\" content=\"index, follow, max-snippet:-1, max-image-preview:large, max-video-preview:-1\" \/>\n<link rel=\"canonical\" href=\"https:\/\/fluidmgmt.ak-bio.com\/da\/products\/cursiv-flydende-kromatografi\/hydrauliske-vogne\/\" \/>\n<meta property=\"og:locale\" content=\"da_DK\" \/>\n<meta property=\"og:type\" content=\"article\" \/>\n<meta property=\"og:title\" content=\"Hydrauliske vogne til LC-kolonner | CURSIV\u00ae.\" \/>\n<meta property=\"og:description\" content=\"En hydraulisk vogn kan bruges med flere DAC LC-kolonner, hvilket giver fleksibilitet og omkostningseffektivitet. Ideel til laboratorier og producenter med begr\u00e6nset plads.\" \/>\n<meta property=\"og:url\" content=\"https:\/\/fluidmgmt.ak-bio.com\/da\/products\/cursiv-flydende-kromatografi\/hydrauliske-vogne\/\" \/>\n<meta property=\"og:site_name\" content=\"AK Bio - Fluid Management\" \/>\n<meta property=\"article:modified_time\" content=\"2026-01-26T18:31:36+00:00\" \/>\n<meta property=\"og:image\" content=\"https:\/\/fluidmgmt.ak-bio.com\/wp-content\/uploads\/2024\/06\/CURSIV_HC_MPLC_Cart_FrontView_MAIN-262x300.webp\" \/>\n<meta name=\"twitter:card\" content=\"summary_large_image\" \/>\n<script type=\"application\/ld+json\" class=\"yoast-schema-graph\">{\"@context\":\"https:\/\/schema.org\",\"@graph\":[{\"@type\":\"WebPage\",\"@id\":\"https:\/\/fluidmgmt.ak-bio.com\/da\/products\/cursiv-flydende-kromatografi\/hydrauliske-vogne\/\",\"url\":\"https:\/\/fluidmgmt.ak-bio.com\/da\/products\/cursiv-flydende-kromatografi\/hydrauliske-vogne\/\",\"name\":\"Hydrauliske vogne til LC-kolonner | CURSIV\u00ae.\",\"isPartOf\":{\"@id\":\"https:\/\/fluidmgmt.ak-bio.com\/da\/#website\"},\"primaryImageOfPage\":{\"@id\":\"https:\/\/fluidmgmt.ak-bio.com\/da\/products\/cursiv-flydende-kromatografi\/hydrauliske-vogne\/#primaryimage\"},\"image\":{\"@id\":\"https:\/\/fluidmgmt.ak-bio.com\/da\/products\/cursiv-flydende-kromatografi\/hydrauliske-vogne\/#primaryimage\"},\"thumbnailUrl\":\"https:\/\/fluidmgmt.ak-bio.com\/wp-content\/uploads\/2024\/06\/CURSIV_HC_MPLC_Cart_FrontView_MAIN_625x758.png\",\"datePublished\":\"2024-06-13T15:02:12+00:00\",\"dateModified\":\"2026-01-26T18:31:36+00:00\",\"description\":\"En hydraulisk vogn kan bruges med flere DAC LC-kolonner, hvilket giver fleksibilitet og omkostningseffektivitet. Ideel til laboratorier og producenter med begr\u00e6nset plads.\",\"breadcrumb\":{\"@id\":\"https:\/\/fluidmgmt.ak-bio.com\/da\/products\/cursiv-flydende-kromatografi\/hydrauliske-vogne\/#breadcrumb\"},\"inLanguage\":\"da-DK\",\"potentialAction\":[{\"@type\":\"ReadAction\",\"target\":[\"https:\/\/fluidmgmt.ak-bio.com\/da\/products\/cursiv-flydende-kromatografi\/hydrauliske-vogne\/\"]}]},{\"@type\":\"ImageObject\",\"inLanguage\":\"da-DK\",\"@id\":\"https:\/\/fluidmgmt.ak-bio.com\/da\/products\/cursiv-flydende-kromatografi\/hydrauliske-vogne\/#primaryimage\",\"url\":\"https:\/\/fluidmgmt.ak-bio.com\/wp-content\/uploads\/2024\/06\/CURSIV_HC_MPLC_Cart_FrontView_MAIN_625x758.png\",\"contentUrl\":\"https:\/\/fluidmgmt.ak-bio.com\/wp-content\/uploads\/2024\/06\/CURSIV_HC_MPLC_Cart_FrontView_MAIN_625x758.png\",\"width\":625,\"height\":758,\"caption\":\"CURSIV HC MPLC Cart FrontView\"},{\"@type\":\"BreadcrumbList\",\"@id\":\"https:\/\/fluidmgmt.ak-bio.com\/da\/products\/cursiv-flydende-kromatografi\/hydrauliske-vogne\/#breadcrumb\",\"itemListElement\":[{\"@type\":\"ListItem\",\"position\":1,\"name\":\"Produkter\",\"item\":\"https:\/\/fluidmgmt.ak-bio.com\/da\/produkter\/\"},{\"@type\":\"ListItem\",\"position\":2,\"name\":\"CURSIV\u2122 flydende kromatografi\",\"item\":\"https:\/\/fluidmgmt.ak-bio.com\/da\/product-category\/cursiv-flydende-kromatografi\/\"},{\"@type\":\"ListItem\",\"position\":3,\"name\":\"Hydrauliske vogne\"}]},{\"@type\":\"WebSite\",\"@id\":\"https:\/\/fluidmgmt.ak-bio.com\/da\/#website\",\"url\":\"https:\/\/fluidmgmt.ak-bio.com\/da\/\",\"name\":\"AK Bio - Fluid Management\",\"description\":\"\",\"publisher\":{\"@id\":\"https:\/\/fluidmgmt.ak-bio.com\/da\/#organization\"},\"potentialAction\":[{\"@type\":\"SearchAction\",\"target\":{\"@type\":\"EntryPoint\",\"urlTemplate\":\"https:\/\/fluidmgmt.ak-bio.com\/da\/?s={search_term_string}\"},\"query-input\":{\"@type\":\"PropertyValueSpecification\",\"valueRequired\":true,\"valueName\":\"search_term_string\"}}],\"inLanguage\":\"da-DK\"},{\"@type\":\"Organization\",\"@id\":\"https:\/\/fluidmgmt.ak-bio.com\/da\/#organization\",\"name\":\"AK Bio\",\"url\":\"https:\/\/fluidmgmt.ak-bio.com\/da\/\",\"logo\":{\"@type\":\"ImageObject\",\"inLanguage\":\"da-DK\",\"@id\":\"https:\/\/fluidmgmt.ak-bio.com\/da\/#\/schema\/logo\/image\/\",\"url\":\"https:\/\/fluidmgmt.ak-bio.com\/wp-content\/uploads\/2024\/04\/blue_ak_Logo.svg\",\"contentUrl\":\"https:\/\/fluidmgmt.ak-bio.com\/wp-content\/uploads\/2024\/04\/blue_ak_Logo.svg\",\"width\":197,\"height\":50,\"caption\":\"AK Bio\"},\"image\":{\"@id\":\"https:\/\/fluidmgmt.ak-bio.com\/da\/#\/schema\/logo\/image\/\"},\"sameAs\":[\"https:\/\/www.linkedin.com\/company\/asahi-kasei-bioprocess-america\/\"]}]}<\/script>\n<!-- \/ Yoast SEO plugin. -->","yoast_head_json":{"title":"Hydrauliske vogne til LC-kolonner | CURSIV\u00ae.","description":"En hydraulisk vogn kan bruges med flere DAC LC-kolonner, hvilket giver fleksibilitet og omkostningseffektivitet. Ideel til laboratorier og producenter med begr\u00e6nset plads.","robots":{"index":"index","follow":"follow","max-snippet":"max-snippet:-1","max-image-preview":"max-image-preview:large","max-video-preview":"max-video-preview:-1"},"canonical":"https:\/\/fluidmgmt.ak-bio.com\/da\/products\/cursiv-flydende-kromatografi\/hydrauliske-vogne\/","og_locale":"da_DK","og_type":"article","og_title":"Hydrauliske vogne til LC-kolonner | CURSIV\u00ae.","og_description":"En hydraulisk vogn kan bruges med flere DAC LC-kolonner, hvilket giver fleksibilitet og omkostningseffektivitet. Ideel til laboratorier og producenter med begr\u00e6nset plads.","og_url":"https:\/\/fluidmgmt.ak-bio.com\/da\/products\/cursiv-flydende-kromatografi\/hydrauliske-vogne\/","og_site_name":"AK Bio - Fluid Management","article_modified_time":"2026-01-26T18:31:36+00:00","og_image":[{"url":"https:\/\/fluidmgmt.ak-bio.com\/wp-content\/uploads\/2024\/06\/CURSIV_HC_MPLC_Cart_FrontView_MAIN-262x300.webp","type":"","width":"","height":""}],"twitter_card":"summary_large_image","schema":{"@context":"https:\/\/schema.org","@graph":[{"@type":"WebPage","@id":"https:\/\/fluidmgmt.ak-bio.com\/da\/products\/cursiv-flydende-kromatografi\/hydrauliske-vogne\/","url":"https:\/\/fluidmgmt.ak-bio.com\/da\/products\/cursiv-flydende-kromatografi\/hydrauliske-vogne\/","name":"Hydrauliske vogne til LC-kolonner | CURSIV\u00ae.","isPartOf":{"@id":"https:\/\/fluidmgmt.ak-bio.com\/da\/#website"},"primaryImageOfPage":{"@id":"https:\/\/fluidmgmt.ak-bio.com\/da\/products\/cursiv-flydende-kromatografi\/hydrauliske-vogne\/#primaryimage"},"image":{"@id":"https:\/\/fluidmgmt.ak-bio.com\/da\/products\/cursiv-flydende-kromatografi\/hydrauliske-vogne\/#primaryimage"},"thumbnailUrl":"https:\/\/fluidmgmt.ak-bio.com\/wp-content\/uploads\/2024\/06\/CURSIV_HC_MPLC_Cart_FrontView_MAIN_625x758.png","datePublished":"2024-06-13T15:02:12+00:00","dateModified":"2026-01-26T18:31:36+00:00","description":"En hydraulisk vogn kan bruges med flere DAC LC-kolonner, hvilket giver fleksibilitet og omkostningseffektivitet. Ideel til laboratorier og producenter med begr\u00e6nset plads.","breadcrumb":{"@id":"https:\/\/fluidmgmt.ak-bio.com\/da\/products\/cursiv-flydende-kromatografi\/hydrauliske-vogne\/#breadcrumb"},"inLanguage":"da-DK","potentialAction":[{"@type":"ReadAction","target":["https:\/\/fluidmgmt.ak-bio.com\/da\/products\/cursiv-flydende-kromatografi\/hydrauliske-vogne\/"]}]},{"@type":"ImageObject","inLanguage":"da-DK","@id":"https:\/\/fluidmgmt.ak-bio.com\/da\/products\/cursiv-flydende-kromatografi\/hydrauliske-vogne\/#primaryimage","url":"https:\/\/fluidmgmt.ak-bio.com\/wp-content\/uploads\/2024\/06\/CURSIV_HC_MPLC_Cart_FrontView_MAIN_625x758.png","contentUrl":"https:\/\/fluidmgmt.ak-bio.com\/wp-content\/uploads\/2024\/06\/CURSIV_HC_MPLC_Cart_FrontView_MAIN_625x758.png","width":625,"height":758,"caption":"CURSIV HC MPLC Cart FrontView"},{"@type":"BreadcrumbList","@id":"https:\/\/fluidmgmt.ak-bio.com\/da\/products\/cursiv-flydende-kromatografi\/hydrauliske-vogne\/#breadcrumb","itemListElement":[{"@type":"ListItem","position":1,"name":"Produkter","item":"https:\/\/fluidmgmt.ak-bio.com\/da\/produkter\/"},{"@type":"ListItem","position":2,"name":"CURSIV\u2122 flydende kromatografi","item":"https:\/\/fluidmgmt.ak-bio.com\/da\/product-category\/cursiv-flydende-kromatografi\/"},{"@type":"ListItem","position":3,"name":"Hydrauliske vogne"}]},{"@type":"WebSite","@id":"https:\/\/fluidmgmt.ak-bio.com\/da\/#website","url":"https:\/\/fluidmgmt.ak-bio.com\/da\/","name":"AK Bio - Fluid Management","description":"","publisher":{"@id":"https:\/\/fluidmgmt.ak-bio.com\/da\/#organization"},"potentialAction":[{"@type":"SearchAction","target":{"@type":"EntryPoint","urlTemplate":"https:\/\/fluidmgmt.ak-bio.com\/da\/?s={search_term_string}"},"query-input":{"@type":"PropertyValueSpecification","valueRequired":true,"valueName":"search_term_string"}}],"inLanguage":"da-DK"},{"@type":"Organization","@id":"https:\/\/fluidmgmt.ak-bio.com\/da\/#organization","name":"AK Bio","url":"https:\/\/fluidmgmt.ak-bio.com\/da\/","logo":{"@type":"ImageObject","inLanguage":"da-DK","@id":"https:\/\/fluidmgmt.ak-bio.com\/da\/#\/schema\/logo\/image\/","url":"https:\/\/fluidmgmt.ak-bio.com\/wp-content\/uploads\/2024\/04\/blue_ak_Logo.svg","contentUrl":"https:\/\/fluidmgmt.ak-bio.com\/wp-content\/uploads\/2024\/04\/blue_ak_Logo.svg","width":197,"height":50,"caption":"AK Bio"},"image":{"@id":"https:\/\/fluidmgmt.ak-bio.com\/da\/#\/schema\/logo\/image\/"},"sameAs":["https:\/\/www.linkedin.com\/company\/asahi-kasei-bioprocess-america\/"]}]}},"_links":{"self":[{"href":"https:\/\/fluidmgmt.ak-bio.com\/da\/wp-json\/wp\/v2\/product\/29251","targetHints":{"allow":["GET"]}}],"collection":[{"href":"https:\/\/fluidmgmt.ak-bio.com\/da\/wp-json\/wp\/v2\/product"}],"about":[{"href":"https:\/\/fluidmgmt.ak-bio.com\/da\/wp-json\/wp\/v2\/types\/product"}],"version-history":[{"count":0,"href":"https:\/\/fluidmgmt.ak-bio.com\/da\/wp-json\/wp\/v2\/product\/29251\/revisions"}],"wp:featuredmedia":[{"embeddable":true,"href":"https:\/\/fluidmgmt.ak-bio.com\/da\/wp-json\/wp\/v2\/media\/28052"}],"wp:attachment":[{"href":"https:\/\/fluidmgmt.ak-bio.com\/da\/wp-json\/wp\/v2\/media?parent=29251"}],"wp:term":[{"taxonomy":"applications","embeddable":true,"href":"https:\/\/fluidmgmt.ak-bio.com\/da\/wp-json\/wp\/v2\/applications?post=29251"},{"taxonomy":"product_brand","embeddable":true,"href":"https:\/\/fluidmgmt.ak-bio.com\/da\/wp-json\/wp\/v2\/product_brand?post=29251"},{"taxonomy":"product_cat","embeddable":true,"href":"https:\/\/fluidmgmt.ak-bio.com\/da\/wp-json\/wp\/v2\/product_cat?post=29251"},{"taxonomy":"product_tag","embeddable":true,"href":"https:\/\/fluidmgmt.ak-bio.com\/da\/wp-json\/wp\/v2\/product_tag?post=29251"}],"curies":[{"name":"wp","href":"https:\/\/api.w.org\/{rel}","templated":true}]}}