{"id":22417,"date":"2024-04-04T22:05:21","date_gmt":"2024-04-05T02:05:21","guid":{"rendered":"https:\/\/fluidmgmt.ak-bio.com\/datenschutzbestimmungen\/"},"modified":"2025-11-24T10:48:19","modified_gmt":"2025-11-24T15:48:19","slug":"datenschutzbestimmungen","status":"publish","type":"page","link":"https:\/\/fluidmgmt.ak-bio.com\/de\/datenschutzbestimmungen\/","title":{"rendered":"Datenschutzbestimmungen"},"content":{"rendered":"\t\t<div data-elementor-type=\"wp-page\" data-elementor-id=\"22417\" class=\"elementor elementor-22417 elementor-3\" data-elementor-post-type=\"page\">\n\t\t\t\t<div class=\"elementor-element elementor-element-63d45b3e e-flex e-con-boxed e-con e-parent\" data-id=\"63d45b3e\" data-element_type=\"container\" data-e-type=\"container\" data-settings=\"{&quot;background_background&quot;:&quot;classic&quot;}\">\n\t\t\t\t\t<div class=\"e-con-inner\">\n\t\t\t\t<div class=\"elementor-element elementor-element-7a4fdd61 elementor-widget elementor-widget-text-editor\" data-id=\"7a4fdd61\" data-element_type=\"widget\" data-e-type=\"widget\" data-widget_type=\"text-editor.default\">\n\t\t\t\t<div class=\"elementor-widget-container\">\n\t\t\t\t\t\t\t\t\t<h1><span style=\"color: #002948;\">Datenschutzbestimmungen<\/span><\/h1>\n\n<p>Im Rahmen der Gesch\u00e4ftst\u00e4tigkeit erh\u00e4lt die Asahi Kasei Group*Neues Fenster \u00f6ffnen personenbezogene Daten wie Namen, Postanschriften, Telefonnummern und E-Mail-Adressen von Verbrauchern, Kunden, Lieferanten, Aktion\u00e4ren und anderen, zus\u00e4tzlich zu den personenbezogenen Daten unserer F\u00fchrungskr\u00e4fte und Mitarbeiter, die wir besitzen. Wir verpflichten uns, die Privatsph\u00e4re und die Sicherheit dieser pers\u00f6nlichen Daten zu wahren und sicherzustellen, dass sie in \u00dcbereinstimmung mit dieser Richtlinie angemessen behandelt werden. <br><br>Da diese Richtlinie \u00fcberarbeitet werden kann, empfehlen wir Ihnen, diese Seite von Zeit zu Zeit erneut aufzurufen.<\/p>\n\n<ul>\n<li>Wir behandeln personenbezogene Daten ordnungsgem\u00e4\u00df und in \u00dcbereinstimmung mit dem Gesetz zum Schutz personenbezogener Daten und anderen geltenden Gesetzen sowie in \u00dcbereinstimmung mit allgemein anerkannten Normen und Standards.<\/li>\n\n<li>Wir stellen sicher, dass unsere Mitarbeiter in der gesamten Asahi Kasei Gruppe die Unternehmensstandards und Vorschriften f\u00fcr den Umgang mit personenbezogenen Daten genau verstehen und gewissenhaft einhalten.<\/li>\n\n<li>Wir verwenden personenbezogene Daten nur f\u00fcr die spezifischen Zwecke, die zum Zeitpunkt des Erhalts der Daten angegeben oder angek\u00fcndigt wurden.<\/li>\n\n<li>Wir ergreifen geeignete Ma\u00dfnahmen bei der Pflege und Verwaltung personenbezogener Daten, um eine unbefugte \u00c4nderung, Offenlegung und den Verlust personenbezogener Daten zu verhindern.<\/li>\n\n<li>Wir werden nach bestem Wissen und Gewissen auf Ihre Aufforderungen reagieren, Ihre pers\u00f6nlichen Daten zu best\u00e4tigen, zu \u00fcberarbeiten, nicht mehr zu verwenden oder zu l\u00f6schen.<\/li>\n<\/ul>\n\n<p>Die Einzelheiten werden im Folgenden beschrieben.<\/p>\n\n<p> <\/p>\n\n<h3 class=\"wp-block-heading\">Zweck der Nutzung<\/h3>\n\n<p>Die Zwecke, f\u00fcr die personenbezogene Daten von den Unternehmen der Asahi Kasei Gruppe verwendet werden k\u00f6nnen, sind im Folgenden beschrieben. Einige Unternehmen der Asahi Kasei Gruppe verfolgen zus\u00e4tzliche Zwecke, die in den Datenschutzrichtlinien f\u00fcr die jeweiligen Websites oder Abschnitte dieser Website beschrieben sind. <\/p>\n\n<ul>\n<li>Reaktion auf Anfragen oder Bitten.<\/li>\n\n<li>Bereitstellung, Sammlung, Untersuchung und Pr\u00fcfung von Informationen \u00fcber Produkte und Dienstleistungen und Reaktion darauf.<\/li>\n\n<li>Benachrichtigung \u00fcber Messen oder andere Veranstaltungen im Zusammenhang mit Produkten und Dienstleistungen.<\/li>\n\n<li>\u00dcbergabe von Geschenken oder Belohnungen, die Sie bei Verlosungen oder Wettbewerben gewonnen haben.<\/li>\n\n<li>Anfragen, Kommunikation (einschlie\u00dflich der Verteilung von Berichten), Konsultationen, Diskussionen, Studien, Vertragsabschl\u00fcsse, Erteilung und Entgegennahme von Auftr\u00e4gen, Versand, Rechnungsstellung, Entgegennahme von Zahlungen, \u00dcberweisung von Zahlungen und Verwaltung von Krediten und Schulden im Zusammenhang mit Handelsgesch\u00e4ften, Responsible Care, Investor Relations, Finanztransaktionen und Pensionsfondsverwaltung.<\/li>\n\n<li>Untersuchung und Studium der Umst\u00e4nde der Nutzung von Produkten und Dienstleistungen und der damit verbundenen Bed\u00fcrfnisse sowie Reaktion darauf.<\/li>\n\n<li>Verwaltung der Ein- und Ausg\u00e4nge von Personen und Fahrzeugen, die die Einrichtungen der Asahi Kasei Group betreten.<\/li>\n\n<li>Verbindung zu den Gemeinden, in denen sich Einrichtungen der Asahi Kasei Gruppe befinden.<\/li>\n\n<li>Benachrichtigung und Berichterstattung an Regierungsbeh\u00f6rden, st\u00e4dtische \u00c4mter und \u00f6ffentliche Einrichtungen.<\/li>\n<\/ul>\n\n<p> <\/p>\n\n<h3 class=\"wp-block-heading\">Gemeinsame Nutzung<\/h3>\n\n<p>Die Asahi Kasei Corporation kann personenbezogene Daten an Unternehmen der Asahi Kasei Gruppe weitergeben, wie unten dargestellt. Einige Unternehmen der Asahi Kasei Gruppe bieten zus\u00e4tzliche gemeinsame Nutzung an, wie in den Datenschutzrichtlinien f\u00fcr die jeweiligen Websites oder Abschnitte dieser Website beschrieben. <\/p>\n\n<figure class=\"wp-block-table\">\n<table>\n<tbody>\n<tr>\n<th>Informationen, die der gemeinsamen Nutzung unterliegen<\/th>\n<th>Zweck der gemeinsamen Nutzung<\/th>\n<th>Verantwortliche Partei<\/th>\n<\/tr>\n<tr>\n<td>Namen und Kontaktinformationen im Besitz von General Affairs<\/td>\n<td>Angemessene Antwort auf Anfragen und Antr\u00e4ge<\/td>\n<td>Generaldirektor f\u00fcr Allgemeine Angelegenheiten<\/td>\n<\/tr>\n<tr>\n<td>Namen und Kontaktinformationen bei Corporate Procurement &amp; Logistics<\/td>\n<td>Ausf\u00fchrung von Aufgaben im Zusammenhang mit der Beschaffung<\/td>\n<td>General Manager von Corporate Procurement &amp; Logistics<\/td>\n<\/tr>\n<tr>\n<td>Namen und Kontaktinformationen von Corporate Accounting &amp; Control und Corporate Finance<\/td>\n<td>Verwaltung von Krediten und Schulden, Abwicklung von Zahlungen<\/td>\n<td>General Manager von Corporate Accounting &amp; Control und General Manager von Corporate Finance<\/td>\n<\/tr>\n<tr>\n<td>Ernst H\u00e4ndel<\/td>\n<td>Roland Mendel<\/td>\n<td>\u00d6sterreich<\/td>\n<\/tr>\n<\/tbody>\n<\/table>\n<\/figure>\n\n<p> <\/p>\n\n<h3 class=\"wp-block-heading\">Offenlegung gegen\u00fcber Dritten<\/h3>\n\n<p>In F\u00e4llen, in denen es notwendig ist, personenbezogene Daten im Rahmen des Outsourcings an Unterauftragnehmer weiterzugeben, schlie\u00dfen die Unternehmen der Asahi Kasei Gruppe mit den Unterauftragnehmern Vertr\u00e4ge ab, die vorschreiben, dass diese personenbezogenen Daten gem\u00e4\u00df den Standards der Asahi Kasei Gruppe behandelt werden. Der Umgang mit personenbezogenen Daten durch die beauftragten Unternehmen wird \u00fcberwacht und kontrolliert, um die Einhaltung der Standards sicherzustellen. <br><br>Die einzigen anderen F\u00e4lle, in denen personenbezogene Daten an Dritte weitergegeben werden, sind im Folgenden beschrieben.<\/p>\n\n<ul>\n<li>Wenn wir Ihre vorherige Zustimmung dazu haben.<\/li>\n\n<li>Wenn die M\u00f6glichkeit einer solchen Weitergabe zum Zeitpunkt des Erhalts der pers\u00f6nlichen Daten klar angegeben wurde.<\/li>\n\n<li>Wenn eine angemessene Antwort auf eine Anfrage oder ein Ersuchen die Weitergabe an ein Unternehmen der Asahi Kasei Gruppe erforderlich macht.<\/li>\n\n<li>Wenn Informationen in einer Form, die eine pers\u00f6nliche Identifizierung ausschlie\u00dft, f\u00fcr statistische Analysen weitergegeben werden.<\/li>\n\n<li>Wenn eine Fusion, eine Unternehmenstrennung oder eine Unternehmens\u00fcbertragung die Offenlegung f\u00fcr die Betriebsnachfolge erforderlich macht.<\/li>\n\n<li>Wenn dies gesetzlich oder regulatorisch erforderlich ist.<\/li>\n\n<li>Wenn dies zum Schutz des Lebens, der Gesundheit oder des Verm\u00f6gens einer Person erforderlich ist und wir nicht in der Lage sind, Ihre vorherige Zustimmung einzuholen.<\/li>\n\n<li>Verbindung zu den Gemeinden, in denen sich Einrichtungen der Asahi Kasei Gruppe befinden.<\/li>\n\n<li>Wenn dies im Rahmen der Zusammenarbeit mit staatlichen Beh\u00f6rden erforderlich ist und die Einholung Ihrer vorherigen Zustimmung die Beh\u00f6rden bei der Erf\u00fcllung ihrer Aufgaben behindern w\u00fcrde.<\/li>\n<\/ul>\n\n<p> <\/p>\n\n<h3 class=\"wp-block-heading\">Anfragen zu pers\u00f6nlichen Informationen<\/h3>\n\n<ul>\n<li><strong>Best\u00e4tigung<\/strong><br>Zu Ihrer Pr\u00fcfung und Best\u00e4tigung k\u00f6nnen Sie beantragen, dass wir Ihnen die bei uns gespeicherten personenbezogenen Daten offenlegen. Nachdem wir uns vergewissert haben, dass es sich bei der Person, die einen solchen Antrag stellt, um die Person handelt, f\u00fcr die die Offenlegung beantragt wird, oder um einen ordnungsgem\u00e4\u00df bevollm\u00e4chtigten Vertreter dieser Person, werden wir innerhalb einer angemessenen Frist und in einem angemessenen Umfang antworten. <\/li>\n\n<li><strong>Berichtigung, \u00dcberarbeitung<\/strong><br>Sie k\u00f6nnen verlangen, dass wir Ihre bei uns gespeicherten pers\u00f6nlichen Daten korrigieren oder \u00fcberarbeiten. Nachdem wir uns vergewissert haben, dass es sich bei der Person, die einen solchen Antrag stellt, um die Person handelt, f\u00fcr die die Korrektur oder \u00dcberarbeitung beantragt wird, oder um einen ordnungsgem\u00e4\u00df bevollm\u00e4chtigten Vertreter dieser Person, werden wir innerhalb eines angemessenen Zeitraums und in einem angemessenen Umfang antworten, wenn die bei uns gespeicherten Daten unrichtig sind. <\/li>\n\n<li><strong>Einstellung der Nutzung, L\u00f6schung<\/strong><br>Sie k\u00f6nnen verlangen, dass wir die von Ihnen gespeicherten personenbezogenen Daten, die wir besitzen, nicht mehr verwenden oder l\u00f6schen. Nachdem wir uns vergewissert haben, dass es sich bei der Person, die einen solchen Antrag stellt, um die Person handelt, f\u00fcr die die Einstellung der Nutzung oder die L\u00f6schung beantragt wird, oder um einen ordnungsgem\u00e4\u00df bevollm\u00e4chtigten Vertreter dieser Person, werden wir innerhalb eines angemessenen Zeitraums und in einem angemessenen Umfang reagieren.<br>Bitte beachten Sie, dass die Einstellung der Nutzung oder die L\u00f6schung eines Teils oder aller aaa replica watches Ihrer pers\u00f6nlichen Daten uns daran hindern kann, Ihnen bestimmte Dienstleistungen zu erbringen. Bitte beachten Sie auch, dass die einschl\u00e4gigen Vorschriften vorsehen, dass wir es in bestimmten F\u00e4llen ablehnen k\u00f6nnen, einer solchen Bitte nachzukommen.  <\/li>\n\n<li><strong>Einstellung der Nutzung, L\u00f6schung<\/strong><br>Anfragen zur Best\u00e4tigung, Korrektur, \u00dcberarbeitung, Einstellung der Nutzung oder L\u00f6schung gespeicherter personenbezogener Daten k\u00f6nnen \u00fcber das Anfrageformular, per Fax an +81-(0)3-3296-3161 oder per Post an Corporate Affairs, 1-105 Kanda Jinbocho, Chiyoda-ku, Tokyo 101-8101, Japan, gestellt werden.<br>Wenn Sie uns Ihre pers\u00f6nlichen Daten \u00fcber die Websites der Unternehmen der Asahi Kasei Gruppe oder \u00fcber Bereiche dieser Website zur Verf\u00fcgung gestellt haben, die eine eigene Datenschutzrichtlinie haben, beachten Sie bitte die Kontaktinformationen in dieser Datenschutzrichtlinie.<\/li>\n\n<li><strong>Bearbeitungsgeb\u00fchr<\/strong><br>Kosten, die uns entstehen, um eine Anfrage auf Best\u00e4tigung, Korrektur, \u00dcberarbeitung, Einstellung der Nutzung oder L\u00f6schung gespeicherter pers\u00f6nlicher Daten zu erf\u00fcllen, k\u00f6nnen Ihnen oder Ihrem Bevollm\u00e4chtigten als Bearbeitungsgeb\u00fchr in Rechnung gestellt werden.<\/li>\n<\/ul>\n\n<div class=\"wp-block-spacer\" style=\"height: 100px;\" aria-hidden=\"true\"> <\/div>\n\t\t\t\t\t\t\t\t<\/div>\n\t\t\t\t<\/div>\n\t\t\t\t\t<\/div>\n\t\t\t\t<\/div>\n\t\t<div class=\"elementor-element elementor-element-7564ee34 e-flex e-con-boxed e-con e-parent\" data-id=\"7564ee34\" data-element_type=\"container\" data-e-type=\"container\" data-settings=\"{&quot;background_background&quot;:&quot;classic&quot;}\">\n\t\t\t\t\t<div class=\"e-con-inner\">\n\t\t<div class=\"elementor-element elementor-element-730accc e-con-full e-flex e-con e-child\" data-id=\"730accc\" data-element_type=\"container\" data-e-type=\"container\" data-settings=\"{&quot;position&quot;:&quot;absolute&quot;}\">\n\t\t\t\t<\/div>\n\t\t<div class=\"elementor-element elementor-element-e4c97f4 e-con-full e-flex e-con e-child\" data-id=\"e4c97f4\" data-element_type=\"container\" data-e-type=\"container\" data-settings=\"{&quot;background_background&quot;:&quot;slideshow&quot;,&quot;background_slideshow_gallery&quot;:[],&quot;background_slideshow_loop&quot;:&quot;yes&quot;,&quot;background_slideshow_slide_duration&quot;:5000,&quot;background_slideshow_slide_transition&quot;:&quot;fade&quot;,&quot;background_slideshow_transition_duration&quot;:500}\">\n\t\t\t\t<div class=\"elementor-element elementor-element-c3d86d1 elementor-widget elementor-widget-heading\" data-id=\"c3d86d1\" data-element_type=\"widget\" data-e-type=\"widget\" data-widget_type=\"heading.default\">\n\t\t\t\t<div class=\"elementor-widget-container\">\n\t\t\t\t\t<h2 class=\"elementor-heading-title elementor-size-default\">Asahi Kasei Gruppe<\/h2>\t\t\t\t<\/div>\n\t\t\t\t<\/div>\n\t\t\t\t<div class=\"elementor-element elementor-element-63f8e68 elementor-widget elementor-widget-text-editor\" data-id=\"63f8e68\" data-element_type=\"widget\" data-e-type=\"widget\" data-widget_type=\"text-editor.default\">\n\t\t\t\t<div class=\"elementor-widget-container\">\n\t\t\t\t\t\t\t\t\t<p>Wir, die Asahi Kasei Gruppe, tragen zum Leben und Wohnen der Menschen auf der ganzen Welt bei.<\/p>\t\t\t\t\t\t\t\t<\/div>\n\t\t\t\t<\/div>\n\t\t\t\t<div class=\"elementor-element elementor-element-9b02127 elementor-mobile-align-center elementor-widget-mobile__width-auto elementor-align-left elementor-widget elementor-widget-button\" data-id=\"9b02127\" data-element_type=\"widget\" data-e-type=\"widget\" data-widget_type=\"button.default\">\n\t\t\t\t<div class=\"elementor-widget-container\">\n\t\t\t\t\t\t\t\t\t<div class=\"elementor-button-wrapper\">\n\t\t\t\t\t<a class=\"elementor-button elementor-button-link elementor-size-sm\" href=\"https:\/\/www.asahi-kasei.com\/\">\n\t\t\t\t\t\t<span class=\"elementor-button-content-wrapper\">\n\t\t\t\t\t\t\t\t\t<span class=\"elementor-button-text\">Mehr erfahren<\/span>\n\t\t\t\t\t<\/span>\n\t\t\t\t\t<\/a>\n\t\t\t\t<\/div>\n\t\t\t\t\t\t\t\t<\/div>\n\t\t\t\t<\/div>\n\t\t\t\t<\/div>\n\t\t\t\t\t<\/div>\n\t\t\t\t<\/div>\n\t\t\t\t<\/div>\n\t\t","protected":false},"excerpt":{"rendered":"<p>Datenschutzbestimmungen Im Rahmen der Gesch\u00e4ftst\u00e4tigkeit erh\u00e4lt die Asahi Kasei Group*Neues Fenster \u00f6ffnen personenbezogene Daten wie Namen, Postanschriften, Telefonnummern und E-Mail-Adressen von Verbrauchern, Kunden, Lieferanten, Aktion\u00e4ren und anderen, zus\u00e4tzlich zu den personenbezogenen Daten unserer F\u00fchrungskr\u00e4fte und Mitarbeiter, die wir besitzen. Wir verpflichten uns, die Privatsph\u00e4re und die Sicherheit dieser pers\u00f6nlichen Daten zu wahren und sicherzustellen, dass [&hellip;]<\/p>\n","protected":false},"author":1,"featured_media":0,"parent":0,"menu_order":0,"comment_status":"closed","ping_status":"open","template":"","meta":{"_acf_changed":false,"footnotes":""},"class_list":["post-22417","page","type-page","status-publish","hentry"],"acf":[],"yoast_head":"<!-- This site is optimized with the Yoast SEO plugin v27.1.1 - https:\/\/yoast.com\/product\/yoast-seo-wordpress\/ -->\n<title>Datenschutzrichtlinie | Asahi Kasei Bioprocess<\/title>\n<meta name=\"description\" content=\"Asahi Kasei Bioprocess sammelt, verwendet und offenbart pers\u00f6nliche Daten in einer Weise, die mit den Gesetzen der L\u00e4nder, in denen wir t\u00e4tig sind, \u00fcbereinstimmt.\" \/>\n<meta name=\"robots\" content=\"index, follow, max-snippet:-1, max-image-preview:large, max-video-preview:-1\" \/>\n<link rel=\"canonical\" href=\"https:\/\/fluidmgmt.ak-bio.com\/de\/datenschutzbestimmungen\/\" \/>\n<meta property=\"og:locale\" content=\"de_DE\" \/>\n<meta property=\"og:type\" content=\"article\" \/>\n<meta property=\"og:title\" content=\"Datenschutzrichtlinie | Asahi Kasei Bioprocess\" \/>\n<meta property=\"og:description\" content=\"Asahi Kasei Bioprocess sammelt, verwendet und offenbart pers\u00f6nliche Daten in einer Weise, die mit den Gesetzen der L\u00e4nder, in denen wir t\u00e4tig sind, \u00fcbereinstimmt.\" \/>\n<meta property=\"og:url\" content=\"https:\/\/fluidmgmt.ak-bio.com\/de\/datenschutzbestimmungen\/\" \/>\n<meta property=\"og:site_name\" content=\"AK Bio - Fluid Management\" \/>\n<meta property=\"article:modified_time\" content=\"2025-11-24T15:48:19+00:00\" \/>\n<meta property=\"og:image\" content=\"https:\/\/fluidmgmt.ak-bio.com\/wp-content\/uploads\/2024\/05\/Home-dna-scaled.webp\" \/>\n\t<meta property=\"og:image:width\" content=\"2560\" \/>\n\t<meta property=\"og:image:height\" content=\"1435\" \/>\n\t<meta property=\"og:image:type\" content=\"image\/webp\" \/>\n<meta name=\"twitter:card\" content=\"summary_large_image\" \/>\n<meta name=\"twitter:label1\" content=\"Gesch\u00e4tzte Lesezeit\" \/>\n\t<meta name=\"twitter:data1\" content=\"6 Minuten\" \/>\n<script type=\"application\/ld+json\" class=\"yoast-schema-graph\">{\"@context\":\"https:\/\/schema.org\",\"@graph\":[{\"@type\":\"WebPage\",\"@id\":\"https:\/\/fluidmgmt.ak-bio.com\/de\/datenschutzbestimmungen\/\",\"url\":\"https:\/\/fluidmgmt.ak-bio.com\/de\/datenschutzbestimmungen\/\",\"name\":\"Datenschutzrichtlinie | Asahi Kasei Bioprocess\",\"isPartOf\":{\"@id\":\"https:\/\/fluidmgmt.ak-bio.com\/de\/#website\"},\"datePublished\":\"2024-04-05T02:05:21+00:00\",\"dateModified\":\"2025-11-24T15:48:19+00:00\",\"description\":\"Asahi Kasei Bioprocess sammelt, verwendet und offenbart pers\u00f6nliche Daten in einer Weise, die mit den Gesetzen der L\u00e4nder, in denen wir t\u00e4tig sind, \u00fcbereinstimmt.\",\"inLanguage\":\"de-DE\",\"potentialAction\":[{\"@type\":\"ReadAction\",\"target\":[\"https:\/\/fluidmgmt.ak-bio.com\/de\/datenschutzbestimmungen\/\"]}]},{\"@type\":\"WebSite\",\"@id\":\"https:\/\/fluidmgmt.ak-bio.com\/de\/#website\",\"url\":\"https:\/\/fluidmgmt.ak-bio.com\/de\/\",\"name\":\"AK Bio - Fluid Management\",\"description\":\"\",\"publisher\":{\"@id\":\"https:\/\/fluidmgmt.ak-bio.com\/de\/#organization\"},\"potentialAction\":[{\"@type\":\"SearchAction\",\"target\":{\"@type\":\"EntryPoint\",\"urlTemplate\":\"https:\/\/fluidmgmt.ak-bio.com\/de\/?s={search_term_string}\"},\"query-input\":{\"@type\":\"PropertyValueSpecification\",\"valueRequired\":true,\"valueName\":\"search_term_string\"}}],\"inLanguage\":\"de-DE\"},{\"@type\":\"Organization\",\"@id\":\"https:\/\/fluidmgmt.ak-bio.com\/de\/#organization\",\"name\":\"AK Bio\",\"url\":\"https:\/\/fluidmgmt.ak-bio.com\/de\/\",\"logo\":{\"@type\":\"ImageObject\",\"inLanguage\":\"de-DE\",\"@id\":\"https:\/\/fluidmgmt.ak-bio.com\/de\/#\/schema\/logo\/image\/\",\"url\":\"https:\/\/fluidmgmt.ak-bio.com\/wp-content\/uploads\/2024\/04\/blue_ak_Logo.svg\",\"contentUrl\":\"https:\/\/fluidmgmt.ak-bio.com\/wp-content\/uploads\/2024\/04\/blue_ak_Logo.svg\",\"width\":197,\"height\":50,\"caption\":\"AK Bio\"},\"image\":{\"@id\":\"https:\/\/fluidmgmt.ak-bio.com\/de\/#\/schema\/logo\/image\/\"},\"sameAs\":[\"https:\/\/www.linkedin.com\/company\/asahi-kasei-bioprocess-america\/\"]}]}<\/script>\n<!-- \/ Yoast SEO plugin. -->","yoast_head_json":{"title":"Datenschutzrichtlinie | Asahi Kasei Bioprocess","description":"Asahi Kasei Bioprocess sammelt, verwendet und offenbart pers\u00f6nliche Daten in einer Weise, die mit den Gesetzen der L\u00e4nder, in denen wir t\u00e4tig sind, \u00fcbereinstimmt.","robots":{"index":"index","follow":"follow","max-snippet":"max-snippet:-1","max-image-preview":"max-image-preview:large","max-video-preview":"max-video-preview:-1"},"canonical":"https:\/\/fluidmgmt.ak-bio.com\/de\/datenschutzbestimmungen\/","og_locale":"de_DE","og_type":"article","og_title":"Datenschutzrichtlinie | Asahi Kasei Bioprocess","og_description":"Asahi Kasei Bioprocess sammelt, verwendet und offenbart pers\u00f6nliche Daten in einer Weise, die mit den Gesetzen der L\u00e4nder, in denen wir t\u00e4tig sind, \u00fcbereinstimmt.","og_url":"https:\/\/fluidmgmt.ak-bio.com\/de\/datenschutzbestimmungen\/","og_site_name":"AK Bio - Fluid Management","article_modified_time":"2025-11-24T15:48:19+00:00","og_image":[{"width":2560,"height":1435,"url":"https:\/\/fluidmgmt.ak-bio.com\/wp-content\/uploads\/2024\/05\/Home-dna-scaled.webp","type":"image\/webp"}],"twitter_card":"summary_large_image","twitter_misc":{"Gesch\u00e4tzte Lesezeit":"6 Minuten"},"schema":{"@context":"https:\/\/schema.org","@graph":[{"@type":"WebPage","@id":"https:\/\/fluidmgmt.ak-bio.com\/de\/datenschutzbestimmungen\/","url":"https:\/\/fluidmgmt.ak-bio.com\/de\/datenschutzbestimmungen\/","name":"Datenschutzrichtlinie | Asahi Kasei Bioprocess","isPartOf":{"@id":"https:\/\/fluidmgmt.ak-bio.com\/de\/#website"},"datePublished":"2024-04-05T02:05:21+00:00","dateModified":"2025-11-24T15:48:19+00:00","description":"Asahi Kasei Bioprocess sammelt, verwendet und offenbart pers\u00f6nliche Daten in einer Weise, die mit den Gesetzen der L\u00e4nder, in denen wir t\u00e4tig sind, \u00fcbereinstimmt.","inLanguage":"de-DE","potentialAction":[{"@type":"ReadAction","target":["https:\/\/fluidmgmt.ak-bio.com\/de\/datenschutzbestimmungen\/"]}]},{"@type":"WebSite","@id":"https:\/\/fluidmgmt.ak-bio.com\/de\/#website","url":"https:\/\/fluidmgmt.ak-bio.com\/de\/","name":"AK Bio - Fluid Management","description":"","publisher":{"@id":"https:\/\/fluidmgmt.ak-bio.com\/de\/#organization"},"potentialAction":[{"@type":"SearchAction","target":{"@type":"EntryPoint","urlTemplate":"https:\/\/fluidmgmt.ak-bio.com\/de\/?s={search_term_string}"},"query-input":{"@type":"PropertyValueSpecification","valueRequired":true,"valueName":"search_term_string"}}],"inLanguage":"de-DE"},{"@type":"Organization","@id":"https:\/\/fluidmgmt.ak-bio.com\/de\/#organization","name":"AK Bio","url":"https:\/\/fluidmgmt.ak-bio.com\/de\/","logo":{"@type":"ImageObject","inLanguage":"de-DE","@id":"https:\/\/fluidmgmt.ak-bio.com\/de\/#\/schema\/logo\/image\/","url":"https:\/\/fluidmgmt.ak-bio.com\/wp-content\/uploads\/2024\/04\/blue_ak_Logo.svg","contentUrl":"https:\/\/fluidmgmt.ak-bio.com\/wp-content\/uploads\/2024\/04\/blue_ak_Logo.svg","width":197,"height":50,"caption":"AK Bio"},"image":{"@id":"https:\/\/fluidmgmt.ak-bio.com\/de\/#\/schema\/logo\/image\/"},"sameAs":["https:\/\/www.linkedin.com\/company\/asahi-kasei-bioprocess-america\/"]}]}},"_links":{"self":[{"href":"https:\/\/fluidmgmt.ak-bio.com\/de\/wp-json\/wp\/v2\/pages\/22417","targetHints":{"allow":["GET"]}}],"collection":[{"href":"https:\/\/fluidmgmt.ak-bio.com\/de\/wp-json\/wp\/v2\/pages"}],"about":[{"href":"https:\/\/fluidmgmt.ak-bio.com\/de\/wp-json\/wp\/v2\/types\/page"}],"author":[{"embeddable":true,"href":"https:\/\/fluidmgmt.ak-bio.com\/de\/wp-json\/wp\/v2\/users\/1"}],"replies":[{"embeddable":true,"href":"https:\/\/fluidmgmt.ak-bio.com\/de\/wp-json\/wp\/v2\/comments?post=22417"}],"version-history":[{"count":0,"href":"https:\/\/fluidmgmt.ak-bio.com\/de\/wp-json\/wp\/v2\/pages\/22417\/revisions"}],"wp:attachment":[{"href":"https:\/\/fluidmgmt.ak-bio.com\/de\/wp-json\/wp\/v2\/media?parent=22417"}],"curies":[{"name":"wp","href":"https:\/\/api.w.org\/{rel}","templated":true}]}}