{"id":28929,"date":"2024-05-14T20:43:46","date_gmt":"2024-05-15T00:43:46","guid":{"rendered":"https:\/\/fluidmgmt.ak-bio.com\/products\/unkategorisiert\/mixer\/"},"modified":"2026-01-30T13:22:22","modified_gmt":"2026-01-30T18:22:22","slug":"mixer","status":"publish","type":"product","link":"https:\/\/fluidmgmt.ak-bio.com\/de\/products\/sluriprep-schlammbehandlung\/mixer\/","title":{"rendered":"Mixer"},"content":{"rendered":"\t\t<div data-elementor-type=\"product-post\" data-elementor-id=\"28929\" class=\"elementor elementor-28929 elementor-458\" data-elementor-post-type=\"product\">\n\t\t\t\t<div class=\"elementor-element elementor-element-586ee025 e-flex e-con-boxed e-con e-parent\" data-id=\"586ee025\" data-element_type=\"container\" data-e-type=\"container\" data-settings=\"{&quot;background_background&quot;:&quot;classic&quot;}\">\n\t\t\t\t\t<div class=\"e-con-inner\">\n\t\t\t\t<div class=\"elementor-element elementor-element-2fcf93f6 elementor-absolute elementor-widget elementor-widget-menu-anchor\" data-id=\"2fcf93f6\" data-element_type=\"widget\" data-e-type=\"widget\" data-settings=\"{&quot;_position&quot;:&quot;absolute&quot;}\" data-widget_type=\"menu-anchor.default\">\n\t\t\t\t<div class=\"elementor-widget-container\">\n\t\t\t\t\t\t\t<div class=\"elementor-menu-anchor\" id=\"Vorteile\"><\/div>\n\t\t\t\t\t\t<\/div>\n\t\t\t\t<\/div>\n\t\t\t\t<div class=\"elementor-element elementor-element-1dc16169 elementor-widget elementor-widget-spacer\" data-id=\"1dc16169\" data-element_type=\"widget\" data-e-type=\"widget\" data-widget_type=\"spacer.default\">\n\t\t\t\t<div class=\"elementor-widget-container\">\n\t\t\t\t\t\t\t<div class=\"elementor-spacer\">\n\t\t\t<div class=\"elementor-spacer-inner\"><\/div>\n\t\t<\/div>\n\t\t\t\t\t\t<\/div>\n\t\t\t\t<\/div>\n\t\t<div class=\"elementor-element elementor-element-384c0452 e-con-full e-flex e-con e-child\" data-id=\"384c0452\" data-element_type=\"container\" data-e-type=\"container\">\n\t\t\t\t<div class=\"elementor-element elementor-element-3f276717 elementor-widget elementor-widget-heading\" data-id=\"3f276717\" data-element_type=\"widget\" data-e-type=\"widget\" data-widget_type=\"heading.default\">\n\t\t\t\t<div class=\"elementor-widget-container\">\n\t\t\t\t\t<h3 class=\"elementor-heading-title elementor-size-default\">Vorteile<\/h3>\t\t\t\t<\/div>\n\t\t\t\t<\/div>\n\t\t\t\t<div class=\"elementor-element elementor-element-1f8a754c elementor-widget elementor-widget-heading\" data-id=\"1f8a754c\" data-element_type=\"widget\" data-e-type=\"widget\" data-widget_type=\"heading.default\">\n\t\t\t\t<div class=\"elementor-widget-container\">\n\t\t\t\t\t<h2 class=\"elementor-heading-title elementor-size-default\">Ergonomisches Design<\/h2>\t\t\t\t<\/div>\n\t\t\t\t<\/div>\n\t\t\t\t<div class=\"elementor-element elementor-element-44ef1a39 elementor-widget__width-initial elementor-widget elementor-widget-ucaddon_hotspot\" data-id=\"44ef1a39\" data-element_type=\"widget\" data-e-type=\"widget\" data-widget_type=\"ucaddon_hotspot.default\">\n\t\t\t\t<div class=\"elementor-widget-container\">\n\t\t\t\t\t\n<!-- start Hotspots -->\n\t\t<link id='font-awesome-css' href='https:\/\/fluidmgmt.ak-bio.com\/wp-content\/plugins\/unlimited-elements-for-elementor-premium\/assets_libraries\/font-awesome6\/fontawesome-all.min.css' type='text\/css' rel='stylesheet' >\n\t\t<link id='font-awesome-4-shim-css' href='https:\/\/fluidmgmt.ak-bio.com\/wp-content\/plugins\/unlimited-elements-for-elementor-premium\/assets_libraries\/font-awesome6\/fontawesome-v4-shims.min.css' type='text\/css' rel='stylesheet' >\n\t\t<link id='uc_ac_assets_file_tooltipster_bundle_min_css_6495-css' href='https:\/\/fluidmgmt.ak-bio.com\/wp-content\/uploads\/ac_assets\/Hotspot\/tooltipster.bundle.min.css' type='text\/css' rel='stylesheet' >\n\n<style>\/* widget: Hotspots *\/\n\n#uc_hotspot_elementor_44ef1a39\n{\n  position:relative;\n}\n#uc_hotspot_elementor_44ef1a39 img\n{\n  display:block;\n  width:100%;\n}\n\n#uc_hotspot_elementor_44ef1a39 .ue-hotspot-icon\n{\n  display:inline-block;\n  line-height:1em;\n}\n\n#uc_hotspot_elementor_44ef1a39 .ue-hotspot-icon svg\n{\n  height:1em;\n  width:1em;\n}\n\n#uc_hotspot_elementor_44ef1a39 .item-popup-text{\n  display: flex;\n  flex-direction: column;\n}\n\n#uc_hotspot_elementor_44ef1a39 .spot\n{\n  display:flex;\n  align-items:center;\n  justify-content:center;\n  text-align:center;\n  cursor:pointer;\n  position:absolute;\n  transform:translate(-50%,-50%);\n  padding-right:10px;\n  padding-left:10px;\n  box-sizing:border-box;\n  transition:0.5s;\n  line-height:1em;\n  text-decoration:none;\n  \n\twidth:52px;\n\t\n\n}\n\n#uc_hotspot_elementor_44ef1a39 .spot:hover\n{\n  transform:translate(-50%,-50%) scale(0.9,0.9);\n}\n\n#uc_hotspot_elementor_44ef1a39 .spot:before\n{\n    content: '';\n    display: inline-block;\n    position: absolute;\n    top: -2px;\n    left: -2px;\n    bottom: -2px;\n    right: -2px;\n    border-radius: inherit;\n    border-width:1px;\n    border-style:solid;\n    -webkit-animation: btnIconRipple 2s cubic-bezier(0.23, 1, 0.32, 1) both infinite;\n    animation: btnIconRipple 2s cubic-bezier(0.23, 1, 0.32, 1) both infinite;\n}\n\n@keyframes btnIconRipple {\n  0% {\n    border-width: 4px;\n            transform: scale(1);\n  }\n  80% {\n    border-width: 1px;\n            transform: scale(1.35);\n  }\n  100% {\n    opacity: 0;\n  }\n}\n\n#uc_hotspot_elementor_44ef1a39 .tooltipster-base\n{\n  max-width:300px;\n}\n.tooltipster-sidetip .tooltipster-box {\n\tbackground: #00101D !important;\n\tborder: 3px solid #00101D !important;\n}\n\n.tooltipster-sidetip .tooltipster-content\n{\n  color: #FFFFFF !important;\n}\n\n.tooltipster-sidetip.tooltipster-bottom .tooltipster-arrow-background {\n\tborder-bottom-color: #00101D !important;\n}\n\n.tooltipster-sidetip.tooltipster-left .tooltipster-arrow-background {\n\tborder-left-color: #00101D !important;\n}\n\n.tooltipster-sidetip.tooltipster-right .tooltipster-arrow-background {\n\tborder-right-color: #00101D !important;\n}\n\n.tooltipster-sidetip.tooltipster-top .tooltipster-arrow-background {\n\tborder-top-color: #00101D !important;\n}\n\n.tooltipster-sidetip.tooltipster-bottom .tooltipster-arrow-border {\n\tborder-bottom-color: #00101D !important;\n}\n\n.tooltipster-sidetip.tooltipster-left .tooltipster-arrow-border {\n\tborder-left-color: #00101D !important;\n}\n\n.tooltipster-sidetip.tooltipster-right .tooltipster-arrow-border {\n\tborder-right-color: #00101D !important;\n}\n\n.tooltipster-sidetip.tooltipster-top .tooltipster-arrow-border {\n\tborder-top-color: #00101D !important;\n}\n\n.ue-popup-overlay\n{\n  position:fixed;\n  top:0;\n  bottom:0;\n  right:0;\n  left:0;\n  width:100%;\n  display:none;\n  z-index: 99999;\n}\n\n.item-popup\n{\n  display:none;\n  background-color:white;\n  position:absolute;\n  transform:translate(-50%,-50%);\n  z-index:100000000;\n}\n\n.item-popup-title\n{\n  justify-content:space-between;\n  align-items:center;\n  display:flex;\n}\n\n.item-popup-close\n{\n  cursor:pointer;\n}\n\n.item-popup-text\n{\n  padding:20px;\n}\n.ue-hotspot-popup-button{\n  display: inline-block;\n}\n\n<\/style>\n\n<div id=\"uc_hotspot_elementor_44ef1a39\" class=\"ue_hotspot \"  data-close-on-body-click=\"true\">\n  <img decoding=\"async\" src=\"https:\/\/fluidmgmt.ak-bio.com\/wp-content\/uploads\/2024\/05\/SLURIPREP-Front_ISO.png\">\n  <div class=\"uc-hotspots-items\">\n  <a class=\"ue_hotspot-item spot elementor-repeater-item-86b8ef8\" id=\"uc_hotspot_elementor_44ef1a39_item1\" title=\"\" >\n  1  <\/a>\n\n  <\/div>\n  \n    <div class=\"ue-popup-overlay\">\n    <div class=\"item-popup\" id=\"popupuc_hotspot_elementor_44ef1a39_item1\">\n  <div class=\"item-popup-title\">\n    <div><\/div>\n    <div class=\"item-popup-close\">X<\/div>\n  <\/div>\n  \n  <div class=\"item-popup-text\">\n    \t\n    Handliches und ergonomisches Design\n      <\/div>\n  \n<\/div>\n\n  <\/div> \n  <\/div>\n<!-- end Hotspots -->\t\t\t\t<\/div>\n\t\t\t\t<\/div>\n\t\t\t\t<\/div>\n\t\t\t\t\t<\/div>\n\t\t\t\t<\/div>\n\t\t<div class=\"elementor-element elementor-element-66b15f39 e-flex e-con-boxed e-con e-parent\" data-id=\"66b15f39\" data-element_type=\"container\" data-e-type=\"container\" data-settings=\"{&quot;background_background&quot;:&quot;gradient&quot;}\">\n\t\t\t\t\t<div class=\"e-con-inner\">\n\t\t<div class=\"elementor-element elementor-element-2012b64b e-con-full e-flex e-con e-child\" data-id=\"2012b64b\" data-element_type=\"container\" data-e-type=\"container\">\n\t\t<div class=\"elementor-element elementor-element-1b272da6 e-con-full e-flex e-con e-child\" data-id=\"1b272da6\" data-element_type=\"container\" data-e-type=\"container\">\n\t\t\t\t<div class=\"elementor-element elementor-element-6e1c3640 elementor-widget elementor-widget-heading\" data-id=\"6e1c3640\" data-element_type=\"widget\" data-e-type=\"widget\" data-widget_type=\"heading.default\">\n\t\t\t\t<div class=\"elementor-widget-container\">\n\t\t\t\t\t<h2 class=\"elementor-heading-title elementor-size-default\">Einleitung der G\u00fcllevorbereitung in 7 einfachen Schritten<\/h2>\t\t\t\t<\/div>\n\t\t\t\t<\/div>\n\t\t\t\t<div class=\"elementor-element elementor-element-1a505eff elementor-widget elementor-widget-spacer\" data-id=\"1a505eff\" data-element_type=\"widget\" data-e-type=\"widget\" data-widget_type=\"spacer.default\">\n\t\t\t\t<div class=\"elementor-widget-container\">\n\t\t\t\t\t\t\t<div class=\"elementor-spacer\">\n\t\t\t<div class=\"elementor-spacer-inner\"><\/div>\n\t\t<\/div>\n\t\t\t\t\t\t<\/div>\n\t\t\t\t<\/div>\n\t\t\t\t<\/div>\n\t\t<div class=\"elementor-element elementor-element-7701a073 e-con-full e-flex e-con e-child\" data-id=\"7701a073\" data-element_type=\"container\" data-e-type=\"container\">\n\t\t<div class=\"elementor-element elementor-element-51c6e82 e-con-full e-flex e-con e-child\" data-id=\"51c6e82\" data-element_type=\"container\" data-e-type=\"container\">\n\t\t\t\t<div class=\"elementor-element elementor-element-45841ed8 elementor-widget elementor-widget-text-editor\" data-id=\"45841ed8\" data-element_type=\"widget\" data-e-type=\"widget\" data-widget_type=\"text-editor.default\">\n\t\t\t\t<div class=\"elementor-widget-container\">\n\t\t\t\t\t\t\t\t\t<ol><li>Verwenden Sie 3-Wege-Ventile auf dem Bedienfeld, um einen Durchflussweg auszuw\u00e4hlen.<\/li><li>Schalten Sie den Luftdruck des Instruments ein.<\/li><li>Stellen Sie das Druckregelventil auf die gew\u00fcnschte Pumpengeschwindigkeit (Druck) ein.<\/li><li>Stellen Sie den SLURIPREP\u00ae Mixer in den gew\u00fcnschten Beh\u00e4lter oder das Gef\u00e4\u00df, in dem das Produkt bewegt oder gemischt werden muss.<\/li><li>Halten Sie den Abzug am SLURIPREP\u00ae Mixer gedr\u00fcckt, um die Pumpe f\u00fcr die gew\u00fcnschte Misch- oder Produkttransferzeit zu aktivieren.<\/li><li>Lassen Sie den Abzug los, um die Pumpe auszuschalten.<\/li><li>Schalten Sie nach dem Gebrauch den Luftdruck ab.<\/li><\/ol>\t\t\t\t\t\t\t\t<\/div>\n\t\t\t\t<\/div>\n\t\t\t\t<\/div>\n\t\t<div class=\"elementor-element elementor-element-15ec3035 e-con-full e-flex e-con e-child\" data-id=\"15ec3035\" data-element_type=\"container\" data-e-type=\"container\">\n\t\t\t\t<div class=\"elementor-element elementor-element-1631db95 elementor-widget__width-auto elementor-widget elementor-widget-image\" data-id=\"1631db95\" data-element_type=\"widget\" data-e-type=\"widget\" data-widget_type=\"image.default\">\n\t\t\t\t<div class=\"elementor-widget-container\">\n\t\t\t\t\t\t\t\t\t\t\t\t\t\t\t<img fetchpriority=\"high\" decoding=\"async\" width=\"625\" height=\"758\" src=\"https:\/\/fluidmgmt.ak-bio.com\/wp-content\/uploads\/2024\/05\/SLURIPREP-Front.png\" class=\"attachment-medium_large size-medium_large wp-image-17871\" alt=\"SLURIPREP Front\" srcset=\"https:\/\/fluidmgmt.ak-bio.com\/wp-content\/uploads\/2024\/05\/SLURIPREP-Front.png 625w, https:\/\/fluidmgmt.ak-bio.com\/wp-content\/uploads\/2024\/05\/SLURIPREP-Front-247x300.png 247w, https:\/\/fluidmgmt.ak-bio.com\/wp-content\/uploads\/2024\/05\/SLURIPREP-Front-600x728.png 600w\" sizes=\"(max-width: 625px) 100vw, 625px\" \/>\t\t\t\t\t\t\t\t\t\t\t\t\t\t\t<\/div>\n\t\t\t\t<\/div>\n\t\t\t\t<\/div>\n\t\t\t\t<\/div>\n\t\t\t\t<div class=\"elementor-element elementor-element-7701853a elementor-widget elementor-widget-spacer\" data-id=\"7701853a\" data-element_type=\"widget\" data-e-type=\"widget\" data-widget_type=\"spacer.default\">\n\t\t\t\t<div class=\"elementor-widget-container\">\n\t\t\t\t\t\t\t<div class=\"elementor-spacer\">\n\t\t\t<div class=\"elementor-spacer-inner\"><\/div>\n\t\t<\/div>\n\t\t\t\t\t\t<\/div>\n\t\t\t\t<\/div>\n\t\t\t\t<\/div>\n\t\t\t\t\t<\/div>\n\t\t\t\t<\/div>\n\t\t\t\t<\/div>\n\t\t","protected":false},"excerpt":{"rendered":"<p><span style=\"font-weight: 400;\">Der SLURIPREP\u00ae Mixer (SPM) wurde als Erg\u00e4nzung zu unserem Full-Size-System entwickelt und kann direkt von den SPS-Pumpen oder \u00fcber einen Standalone-Pumpenwagen betrieben werden. Er ist unsere neueste Innovation, die mit Blick auf den Bediener entwickelt wurde, um den Prozess der Medienaufbereitung weiter zu vereinfachen.<\/span><\/p>\n","protected":false},"featured_media":31350,"template":"","meta":{"_acf_changed":false},"applications":[441,550,520],"product_brand":[],"product_cat":[551],"product_tag":[],"class_list":{"0":"post-28929","1":"product","2":"type-product","3":"status-publish","4":"has-post-thumbnail","6":"applications-biopharmazeutische-entwicklung","7":"applications-entwicklung-kleiner-molekule-und-peptide","8":"applications-oligonukleotid-entwicklung","9":"product_cat-sluriprep-schlammbehandlung","11":"first","12":"instock","13":"shipping-taxable","14":"product-type-simple"},"acf":[],"yoast_head":"<!-- This site is optimized with the Yoast SEO plugin v27.1.1 - https:\/\/yoast.com\/product\/yoast-seo-wordpress\/ -->\n<title>Slurry Prep Mixer | SLURIPREP\u00ae Slurry Handling<\/title>\n<meta name=\"description\" content=\"Entwickelt mit dem Bediener im Hinterkopf, um den Prozess der Medienvorbereitung weiter zu vereinfachen. Wird direkt von den SPS-Pumpen oder \u00fcber einen eigenst\u00e4ndigen Pumpenwagen betrieben.\" \/>\n<meta name=\"robots\" content=\"index, follow, max-snippet:-1, max-image-preview:large, max-video-preview:-1\" \/>\n<link rel=\"canonical\" href=\"https:\/\/fluidmgmt.ak-bio.com\/de\/products\/sluriprep-schlammbehandlung\/mixer\/\" \/>\n<meta property=\"og:locale\" content=\"de_DE\" \/>\n<meta property=\"og:type\" content=\"article\" \/>\n<meta property=\"og:title\" content=\"Slurry Prep Mixer | SLURIPREP\u00ae Slurry Handling\" \/>\n<meta property=\"og:description\" content=\"Entwickelt mit dem Bediener im Hinterkopf, um den Prozess der Medienvorbereitung weiter zu vereinfachen. Wird direkt von den SPS-Pumpen oder \u00fcber einen eigenst\u00e4ndigen Pumpenwagen betrieben.\" \/>\n<meta property=\"og:url\" content=\"https:\/\/fluidmgmt.ak-bio.com\/de\/products\/sluriprep-schlammbehandlung\/mixer\/\" \/>\n<meta property=\"og:site_name\" content=\"AK Bio - Fluid Management\" \/>\n<meta property=\"article:modified_time\" content=\"2026-01-30T18:22:22+00:00\" \/>\n<meta property=\"og:image\" content=\"https:\/\/fluidmgmt.ak-bio.com\/wp-content\/uploads\/2024\/05\/Sluriprep_Mixer_MAIN.png\" \/>\n\t<meta property=\"og:image:width\" content=\"625\" \/>\n\t<meta property=\"og:image:height\" content=\"758\" \/>\n\t<meta property=\"og:image:type\" content=\"image\/png\" \/>\n<meta name=\"twitter:card\" content=\"summary_large_image\" \/>\n<meta name=\"twitter:label1\" content=\"Gesch\u00e4tzte Lesezeit\" \/>\n\t<meta name=\"twitter:data1\" content=\"1 Minute\" \/>\n<script type=\"application\/ld+json\" class=\"yoast-schema-graph\">{\"@context\":\"https:\/\/schema.org\",\"@graph\":[{\"@type\":\"WebPage\",\"@id\":\"https:\/\/fluidmgmt.ak-bio.com\/de\/products\/sluriprep-schlammbehandlung\/mixer\/\",\"url\":\"https:\/\/fluidmgmt.ak-bio.com\/de\/products\/sluriprep-schlammbehandlung\/mixer\/\",\"name\":\"Slurry Prep Mixer | SLURIPREP\u00ae Slurry Handling\",\"isPartOf\":{\"@id\":\"https:\/\/fluidmgmt.ak-bio.com\/de\/#website\"},\"primaryImageOfPage\":{\"@id\":\"https:\/\/fluidmgmt.ak-bio.com\/de\/products\/sluriprep-schlammbehandlung\/mixer\/#primaryimage\"},\"image\":{\"@id\":\"https:\/\/fluidmgmt.ak-bio.com\/de\/products\/sluriprep-schlammbehandlung\/mixer\/#primaryimage\"},\"thumbnailUrl\":\"https:\/\/fluidmgmt.ak-bio.com\/wp-content\/uploads\/2024\/05\/Sluriprep_Mixer_MAIN.png\",\"datePublished\":\"2024-05-15T00:43:46+00:00\",\"dateModified\":\"2026-01-30T18:22:22+00:00\",\"description\":\"Entwickelt mit dem Bediener im Hinterkopf, um den Prozess der Medienvorbereitung weiter zu vereinfachen. Wird direkt von den SPS-Pumpen oder \u00fcber einen eigenst\u00e4ndigen Pumpenwagen betrieben.\",\"breadcrumb\":{\"@id\":\"https:\/\/fluidmgmt.ak-bio.com\/de\/products\/sluriprep-schlammbehandlung\/mixer\/#breadcrumb\"},\"inLanguage\":\"de-DE\",\"potentialAction\":[{\"@type\":\"ReadAction\",\"target\":[\"https:\/\/fluidmgmt.ak-bio.com\/de\/products\/sluriprep-schlammbehandlung\/mixer\/\"]}]},{\"@type\":\"ImageObject\",\"inLanguage\":\"de-DE\",\"@id\":\"https:\/\/fluidmgmt.ak-bio.com\/de\/products\/sluriprep-schlammbehandlung\/mixer\/#primaryimage\",\"url\":\"https:\/\/fluidmgmt.ak-bio.com\/wp-content\/uploads\/2024\/05\/Sluriprep_Mixer_MAIN.png\",\"contentUrl\":\"https:\/\/fluidmgmt.ak-bio.com\/wp-content\/uploads\/2024\/05\/Sluriprep_Mixer_MAIN.png\",\"width\":625,\"height\":758,\"caption\":\"Sluriprep Mixer\"},{\"@type\":\"BreadcrumbList\",\"@id\":\"https:\/\/fluidmgmt.ak-bio.com\/de\/products\/sluriprep-schlammbehandlung\/mixer\/#breadcrumb\",\"itemListElement\":[{\"@type\":\"ListItem\",\"position\":1,\"name\":\"Produkte\",\"item\":\"https:\/\/fluidmgmt.ak-bio.com\/de\/produkte\/\"},{\"@type\":\"ListItem\",\"position\":2,\"name\":\"SLURIPREP\u2122 Schlammbehandlung\",\"item\":\"https:\/\/fluidmgmt.ak-bio.com\/de\/product-category\/sluriprep-schlammbehandlung\/\"},{\"@type\":\"ListItem\",\"position\":3,\"name\":\"Mixer\"}]},{\"@type\":\"WebSite\",\"@id\":\"https:\/\/fluidmgmt.ak-bio.com\/de\/#website\",\"url\":\"https:\/\/fluidmgmt.ak-bio.com\/de\/\",\"name\":\"AK Bio - Fluid Management\",\"description\":\"\",\"publisher\":{\"@id\":\"https:\/\/fluidmgmt.ak-bio.com\/de\/#organization\"},\"potentialAction\":[{\"@type\":\"SearchAction\",\"target\":{\"@type\":\"EntryPoint\",\"urlTemplate\":\"https:\/\/fluidmgmt.ak-bio.com\/de\/?s={search_term_string}\"},\"query-input\":{\"@type\":\"PropertyValueSpecification\",\"valueRequired\":true,\"valueName\":\"search_term_string\"}}],\"inLanguage\":\"de-DE\"},{\"@type\":\"Organization\",\"@id\":\"https:\/\/fluidmgmt.ak-bio.com\/de\/#organization\",\"name\":\"AK Bio\",\"url\":\"https:\/\/fluidmgmt.ak-bio.com\/de\/\",\"logo\":{\"@type\":\"ImageObject\",\"inLanguage\":\"de-DE\",\"@id\":\"https:\/\/fluidmgmt.ak-bio.com\/de\/#\/schema\/logo\/image\/\",\"url\":\"https:\/\/fluidmgmt.ak-bio.com\/wp-content\/uploads\/2024\/04\/blue_ak_Logo.svg\",\"contentUrl\":\"https:\/\/fluidmgmt.ak-bio.com\/wp-content\/uploads\/2024\/04\/blue_ak_Logo.svg\",\"width\":197,\"height\":50,\"caption\":\"AK Bio\"},\"image\":{\"@id\":\"https:\/\/fluidmgmt.ak-bio.com\/de\/#\/schema\/logo\/image\/\"},\"sameAs\":[\"https:\/\/www.linkedin.com\/company\/asahi-kasei-bioprocess-america\/\"]}]}<\/script>\n<!-- \/ Yoast SEO plugin. -->","yoast_head_json":{"title":"Slurry Prep Mixer | SLURIPREP\u00ae Slurry Handling","description":"Entwickelt mit dem Bediener im Hinterkopf, um den Prozess der Medienvorbereitung weiter zu vereinfachen. Wird direkt von den SPS-Pumpen oder \u00fcber einen eigenst\u00e4ndigen Pumpenwagen betrieben.","robots":{"index":"index","follow":"follow","max-snippet":"max-snippet:-1","max-image-preview":"max-image-preview:large","max-video-preview":"max-video-preview:-1"},"canonical":"https:\/\/fluidmgmt.ak-bio.com\/de\/products\/sluriprep-schlammbehandlung\/mixer\/","og_locale":"de_DE","og_type":"article","og_title":"Slurry Prep Mixer | SLURIPREP\u00ae Slurry Handling","og_description":"Entwickelt mit dem Bediener im Hinterkopf, um den Prozess der Medienvorbereitung weiter zu vereinfachen. Wird direkt von den SPS-Pumpen oder \u00fcber einen eigenst\u00e4ndigen Pumpenwagen betrieben.","og_url":"https:\/\/fluidmgmt.ak-bio.com\/de\/products\/sluriprep-schlammbehandlung\/mixer\/","og_site_name":"AK Bio - Fluid Management","article_modified_time":"2026-01-30T18:22:22+00:00","og_image":[{"width":625,"height":758,"url":"https:\/\/fluidmgmt.ak-bio.com\/wp-content\/uploads\/2024\/05\/Sluriprep_Mixer_MAIN.png","type":"image\/png"}],"twitter_card":"summary_large_image","twitter_misc":{"Gesch\u00e4tzte Lesezeit":"1 Minute"},"schema":{"@context":"https:\/\/schema.org","@graph":[{"@type":"WebPage","@id":"https:\/\/fluidmgmt.ak-bio.com\/de\/products\/sluriprep-schlammbehandlung\/mixer\/","url":"https:\/\/fluidmgmt.ak-bio.com\/de\/products\/sluriprep-schlammbehandlung\/mixer\/","name":"Slurry Prep Mixer | SLURIPREP\u00ae Slurry Handling","isPartOf":{"@id":"https:\/\/fluidmgmt.ak-bio.com\/de\/#website"},"primaryImageOfPage":{"@id":"https:\/\/fluidmgmt.ak-bio.com\/de\/products\/sluriprep-schlammbehandlung\/mixer\/#primaryimage"},"image":{"@id":"https:\/\/fluidmgmt.ak-bio.com\/de\/products\/sluriprep-schlammbehandlung\/mixer\/#primaryimage"},"thumbnailUrl":"https:\/\/fluidmgmt.ak-bio.com\/wp-content\/uploads\/2024\/05\/Sluriprep_Mixer_MAIN.png","datePublished":"2024-05-15T00:43:46+00:00","dateModified":"2026-01-30T18:22:22+00:00","description":"Entwickelt mit dem Bediener im Hinterkopf, um den Prozess der Medienvorbereitung weiter zu vereinfachen. Wird direkt von den SPS-Pumpen oder \u00fcber einen eigenst\u00e4ndigen Pumpenwagen betrieben.","breadcrumb":{"@id":"https:\/\/fluidmgmt.ak-bio.com\/de\/products\/sluriprep-schlammbehandlung\/mixer\/#breadcrumb"},"inLanguage":"de-DE","potentialAction":[{"@type":"ReadAction","target":["https:\/\/fluidmgmt.ak-bio.com\/de\/products\/sluriprep-schlammbehandlung\/mixer\/"]}]},{"@type":"ImageObject","inLanguage":"de-DE","@id":"https:\/\/fluidmgmt.ak-bio.com\/de\/products\/sluriprep-schlammbehandlung\/mixer\/#primaryimage","url":"https:\/\/fluidmgmt.ak-bio.com\/wp-content\/uploads\/2024\/05\/Sluriprep_Mixer_MAIN.png","contentUrl":"https:\/\/fluidmgmt.ak-bio.com\/wp-content\/uploads\/2024\/05\/Sluriprep_Mixer_MAIN.png","width":625,"height":758,"caption":"Sluriprep Mixer"},{"@type":"BreadcrumbList","@id":"https:\/\/fluidmgmt.ak-bio.com\/de\/products\/sluriprep-schlammbehandlung\/mixer\/#breadcrumb","itemListElement":[{"@type":"ListItem","position":1,"name":"Produkte","item":"https:\/\/fluidmgmt.ak-bio.com\/de\/produkte\/"},{"@type":"ListItem","position":2,"name":"SLURIPREP\u2122 Schlammbehandlung","item":"https:\/\/fluidmgmt.ak-bio.com\/de\/product-category\/sluriprep-schlammbehandlung\/"},{"@type":"ListItem","position":3,"name":"Mixer"}]},{"@type":"WebSite","@id":"https:\/\/fluidmgmt.ak-bio.com\/de\/#website","url":"https:\/\/fluidmgmt.ak-bio.com\/de\/","name":"AK Bio - Fluid Management","description":"","publisher":{"@id":"https:\/\/fluidmgmt.ak-bio.com\/de\/#organization"},"potentialAction":[{"@type":"SearchAction","target":{"@type":"EntryPoint","urlTemplate":"https:\/\/fluidmgmt.ak-bio.com\/de\/?s={search_term_string}"},"query-input":{"@type":"PropertyValueSpecification","valueRequired":true,"valueName":"search_term_string"}}],"inLanguage":"de-DE"},{"@type":"Organization","@id":"https:\/\/fluidmgmt.ak-bio.com\/de\/#organization","name":"AK Bio","url":"https:\/\/fluidmgmt.ak-bio.com\/de\/","logo":{"@type":"ImageObject","inLanguage":"de-DE","@id":"https:\/\/fluidmgmt.ak-bio.com\/de\/#\/schema\/logo\/image\/","url":"https:\/\/fluidmgmt.ak-bio.com\/wp-content\/uploads\/2024\/04\/blue_ak_Logo.svg","contentUrl":"https:\/\/fluidmgmt.ak-bio.com\/wp-content\/uploads\/2024\/04\/blue_ak_Logo.svg","width":197,"height":50,"caption":"AK Bio"},"image":{"@id":"https:\/\/fluidmgmt.ak-bio.com\/de\/#\/schema\/logo\/image\/"},"sameAs":["https:\/\/www.linkedin.com\/company\/asahi-kasei-bioprocess-america\/"]}]}},"_links":{"self":[{"href":"https:\/\/fluidmgmt.ak-bio.com\/de\/wp-json\/wp\/v2\/product\/28929","targetHints":{"allow":["GET"]}}],"collection":[{"href":"https:\/\/fluidmgmt.ak-bio.com\/de\/wp-json\/wp\/v2\/product"}],"about":[{"href":"https:\/\/fluidmgmt.ak-bio.com\/de\/wp-json\/wp\/v2\/types\/product"}],"version-history":[{"count":0,"href":"https:\/\/fluidmgmt.ak-bio.com\/de\/wp-json\/wp\/v2\/product\/28929\/revisions"}],"wp:featuredmedia":[{"embeddable":true,"href":"https:\/\/fluidmgmt.ak-bio.com\/de\/wp-json\/wp\/v2\/media\/31350"}],"wp:attachment":[{"href":"https:\/\/fluidmgmt.ak-bio.com\/de\/wp-json\/wp\/v2\/media?parent=28929"}],"wp:term":[{"taxonomy":"applications","embeddable":true,"href":"https:\/\/fluidmgmt.ak-bio.com\/de\/wp-json\/wp\/v2\/applications?post=28929"},{"taxonomy":"product_brand","embeddable":true,"href":"https:\/\/fluidmgmt.ak-bio.com\/de\/wp-json\/wp\/v2\/product_brand?post=28929"},{"taxonomy":"product_cat","embeddable":true,"href":"https:\/\/fluidmgmt.ak-bio.com\/de\/wp-json\/wp\/v2\/product_cat?post=28929"},{"taxonomy":"product_tag","embeddable":true,"href":"https:\/\/fluidmgmt.ak-bio.com\/de\/wp-json\/wp\/v2\/product_tag?post=28929"}],"curies":[{"name":"wp","href":"https:\/\/api.w.org\/{rel}","templated":true}]}}