{"id":29249,"date":"2024-06-13T15:02:12","date_gmt":"2024-06-13T15:02:12","guid":{"rendered":"https:\/\/fluidmgmt.ak-bio.com\/products\/unkategorisiert\/hydraulische-wagen\/"},"modified":"2026-01-26T13:31:35","modified_gmt":"2026-01-26T18:31:35","slug":"hydraulische-wagen","status":"publish","type":"product","link":"https:\/\/fluidmgmt.ak-bio.com\/de\/products\/cursiv-flussigchromatographie\/hydraulische-wagen\/","title":{"rendered":"Hydraulische Wagen"},"content":{"rendered":"\t\t<div data-elementor-type=\"product-post\" data-elementor-id=\"29249\" class=\"elementor elementor-29249 elementor-1032\" data-elementor-post-type=\"product\">\n\t\t\t\t<div class=\"elementor-element elementor-element-6bf71094 e-flex e-con-boxed e-con e-parent\" data-id=\"6bf71094\" data-element_type=\"container\" data-e-type=\"container\" data-settings=\"{&quot;background_background&quot;:&quot;gradient&quot;}\">\n\t\t\t\t\t<div class=\"e-con-inner\">\n\t\t\t\t<div class=\"elementor-element elementor-element-9503a68 elementor-absolute elementor-widget elementor-widget-menu-anchor\" data-id=\"9503a68\" data-element_type=\"widget\" data-e-type=\"widget\" data-settings=\"{&quot;_position&quot;:&quot;absolute&quot;}\" data-widget_type=\"menu-anchor.default\">\n\t\t\t\t<div class=\"elementor-widget-container\">\n\t\t\t\t\t\t\t<div class=\"elementor-menu-anchor\" id=\"Vorteile\"><\/div>\n\t\t\t\t\t\t<\/div>\n\t\t\t\t<\/div>\n\t\t<div class=\"elementor-element elementor-element-578ab039 e-con-full e-flex e-con e-child\" data-id=\"578ab039\" data-element_type=\"container\" data-e-type=\"container\">\n\t\t<div class=\"elementor-element elementor-element-20d472be e-con-full e-flex e-con e-child\" data-id=\"20d472be\" data-element_type=\"container\" data-e-type=\"container\">\n\t\t\t\t<div class=\"elementor-element elementor-element-2cc0674c elementor-widget elementor-widget-heading\" data-id=\"2cc0674c\" data-element_type=\"widget\" data-e-type=\"widget\" data-widget_type=\"heading.default\">\n\t\t\t\t<div class=\"elementor-widget-container\">\n\t\t\t\t\t<h2 class=\"elementor-heading-title elementor-size-default\">Vorteile<\/h2>\t\t\t\t<\/div>\n\t\t\t\t<\/div>\n\t\t\t\t<div class=\"elementor-element elementor-element-26280372 elementor-widget elementor-widget-heading\" data-id=\"26280372\" data-element_type=\"widget\" data-e-type=\"widget\" data-widget_type=\"heading.default\">\n\t\t\t\t<div class=\"elementor-widget-container\">\n\t\t\t\t\t<h2 class=\"elementor-heading-title elementor-size-default\">Vereinfachtes Einpacken\/Auspacken<\/h2>\t\t\t\t<\/div>\n\t\t\t\t<\/div>\n\t\t\t\t<div class=\"elementor-element elementor-element-109735f5 elementor-widget elementor-widget-spacer\" data-id=\"109735f5\" data-element_type=\"widget\" data-e-type=\"widget\" data-widget_type=\"spacer.default\">\n\t\t\t\t<div class=\"elementor-widget-container\">\n\t\t\t\t\t\t\t<div class=\"elementor-spacer\">\n\t\t\t<div class=\"elementor-spacer-inner\"><\/div>\n\t\t<\/div>\n\t\t\t\t\t\t<\/div>\n\t\t\t\t<\/div>\n\t\t\t\t<div class=\"elementor-element elementor-element-29f84207 elementor-widget elementor-widget-text-editor\" data-id=\"29f84207\" data-element_type=\"widget\" data-e-type=\"widget\" data-widget_type=\"text-editor.default\">\n\t\t\t\t<div class=\"elementor-widget-container\">\n\t\t\t\t\t\t\t\t\t<p>Der Hydraulikwagen sorgt f\u00fcr ein konsistentes und reproduzierbares Packen mit geregeltem Luftdruck und erh\u00f6ht so die Zuverl\u00e4ssigkeit des Prozesses. Das Auspacken der drucklosen S\u00e4ule ist ganz einfach: Nehmen Sie die Bodenplatte ab und verwenden Sie den Hydraulikwagen, um das Bett auszuwerfen. Die neuartige Abstreifdichtung h\u00e4lt die Fritte zur\u00fcck und wischt die S\u00e4ulenw\u00e4nde ab, um einen sauberen und effizienten Auspackprozess zu gew\u00e4hrleisten.  <\/p>\t\t\t\t\t\t\t\t<\/div>\n\t\t\t\t<\/div>\n\t\t\t\t<div class=\"elementor-element elementor-element-46affd51 elementor-widget elementor-widget-spacer\" data-id=\"46affd51\" data-element_type=\"widget\" data-e-type=\"widget\" data-widget_type=\"spacer.default\">\n\t\t\t\t<div class=\"elementor-widget-container\">\n\t\t\t\t\t\t\t<div class=\"elementor-spacer\">\n\t\t\t<div class=\"elementor-spacer-inner\"><\/div>\n\t\t<\/div>\n\t\t\t\t\t\t<\/div>\n\t\t\t\t<\/div>\n\t\t\t\t<\/div>\n\t\t\t\t<div class=\"elementor-element elementor-element-207f8183 elementor-widget elementor-widget-spacer\" data-id=\"207f8183\" data-element_type=\"widget\" data-e-type=\"widget\" data-widget_type=\"spacer.default\">\n\t\t\t\t<div class=\"elementor-widget-container\">\n\t\t\t\t\t\t\t<div class=\"elementor-spacer\">\n\t\t\t<div class=\"elementor-spacer-inner\"><\/div>\n\t\t<\/div>\n\t\t\t\t\t\t<\/div>\n\t\t\t\t<\/div>\n\t\t<div class=\"elementor-element elementor-element-1f7f85fe e-con-full e-flex e-con e-child\" data-id=\"1f7f85fe\" data-element_type=\"container\" data-e-type=\"container\">\n\t\t<div class=\"elementor-element elementor-element-20f0d61c e-con-full e-flex e-con e-child\" data-id=\"20f0d61c\" data-element_type=\"container\" data-e-type=\"container\">\n\t\t\t\t<div class=\"elementor-element elementor-element-d1844fa elementor-widget elementor-widget-heading\" data-id=\"d1844fa\" data-element_type=\"widget\" data-e-type=\"widget\" data-widget_type=\"heading.default\">\n\t\t\t\t<div class=\"elementor-widget-container\">\n\t\t\t\t\t<h2 class=\"elementor-heading-title elementor-size-default\">Wesentliche Merkmale<\/h2>\t\t\t\t<\/div>\n\t\t\t\t<\/div>\n\t\t\t\t<div class=\"elementor-element elementor-element-510c622a elementor-widget elementor-widget-text-editor\" data-id=\"510c622a\" data-element_type=\"widget\" data-e-type=\"widget\" data-widget_type=\"text-editor.default\">\n\t\t\t\t<div class=\"elementor-widget-container\">\n\t\t\t\t\t\t\t\t\t<ul><li>Platzsparende Designs mit geringerem H\u00f6henbedarf.<\/li><li>Drei Standardausf\u00fchrungen je nach Bedarf: Benchtop, Einzelpumpe, Doppelpumpe.<\/li><li>Flexibilit\u00e4t und Kostenersparnis: jede Gr\u00f6\u00dfe kann an eine Reihe von S\u00e4ulen angeschlossen werden.<\/li><li>Druckstufen: 20, 40, 70 bar verf\u00fcgbar.<\/li><\/ul>\t\t\t\t\t\t\t\t<\/div>\n\t\t\t\t<\/div>\n\t\t\t\t<\/div>\n\t\t<div class=\"elementor-element elementor-element-d2b580a e-con-full e-flex e-con e-child\" data-id=\"d2b580a\" data-element_type=\"container\" data-e-type=\"container\">\n\t\t\t\t<div class=\"elementor-element elementor-element-f78972f elementor-widget__width-auto elementor-widget elementor-widget-image\" data-id=\"f78972f\" data-element_type=\"widget\" data-e-type=\"widget\" data-widget_type=\"image.default\">\n\t\t\t\t<div class=\"elementor-widget-container\">\n\t\t\t\t\t\t\t\t\t\t\t\t\t\t\t<img fetchpriority=\"high\" decoding=\"async\" width=\"768\" height=\"632\" src=\"https:\/\/fluidmgmt.ak-bio.com\/wp-content\/uploads\/2024\/06\/Dual-Pump-Hydraulic-Cart_Angle.v1-1-768x632.png\" class=\"attachment-medium_large size-medium_large wp-image-20498\" alt=\"Hydraulic Carts\" srcset=\"https:\/\/fluidmgmt.ak-bio.com\/wp-content\/uploads\/2024\/06\/Dual-Pump-Hydraulic-Cart_Angle.v1-1-768x632.png 768w, https:\/\/fluidmgmt.ak-bio.com\/wp-content\/uploads\/2024\/06\/Dual-Pump-Hydraulic-Cart_Angle.v1-1-300x247.png 300w, https:\/\/fluidmgmt.ak-bio.com\/wp-content\/uploads\/2024\/06\/Dual-Pump-Hydraulic-Cart_Angle.v1-1-1024x842.png 1024w, https:\/\/fluidmgmt.ak-bio.com\/wp-content\/uploads\/2024\/06\/Dual-Pump-Hydraulic-Cart_Angle.v1-1-1536x1263.png 1536w, https:\/\/fluidmgmt.ak-bio.com\/wp-content\/uploads\/2024\/06\/Dual-Pump-Hydraulic-Cart_Angle.v1-1-2048x1684.png 2048w, https:\/\/fluidmgmt.ak-bio.com\/wp-content\/uploads\/2024\/06\/Dual-Pump-Hydraulic-Cart_Angle.v1-1-600x493.png 600w\" sizes=\"(max-width: 768px) 100vw, 768px\" \/>\t\t\t\t\t\t\t\t\t\t\t\t\t\t\t<\/div>\n\t\t\t\t<\/div>\n\t\t\t\t<\/div>\n\t\t\t\t<\/div>\n\t\t\t\t<\/div>\n\t\t\t\t\t<\/div>\n\t\t\t\t<\/div>\n\t\t\t\t<\/div>\n\t\t","protected":false},"excerpt":{"rendered":"<p>Ein Hydraulikwagen kann mit mehreren DAC LC-S\u00e4ulen verwendet werden und bietet somit Flexibilit\u00e4t und Kosteneffizienz. Der Druckluftregler des Wagens sorgt f\u00fcr eine konsistente, zuverl\u00e4ssige Packung, w\u00e4hrend die unterteilte Hydraulik den H\u00f6henbedarf minimiert, was ideal f\u00fcr Labore mit begrenztem Platzangebot und Produktionsst\u00e4tten ist. <\/p>\n","protected":false},"featured_media":28057,"template":"","meta":{"_acf_changed":false},"applications":[441,550,520],"product_brand":[],"product_cat":[608],"product_tag":[],"class_list":{"0":"post-29249","1":"product","2":"type-product","3":"status-publish","4":"has-post-thumbnail","6":"applications-biopharmazeutische-entwicklung","7":"applications-entwicklung-kleiner-molekule-und-peptide","8":"applications-oligonukleotid-entwicklung","9":"product_cat-cursiv-flussigchromatographie","11":"first","12":"instock","13":"shipping-taxable","14":"product-type-simple"},"acf":[],"yoast_head":"<!-- This site is optimized with the Yoast SEO plugin v27.1.1 - https:\/\/yoast.com\/product\/yoast-seo-wordpress\/ -->\n<title>Hydraulische Wagen f\u00fcr LC-S\u00e4ulen | CURSIV\u00ae<\/title>\n<meta name=\"description\" content=\"Ein Hydraulikwagen kann mit mehreren DAC LC-S\u00e4ulen verwendet werden und bietet so Flexibilit\u00e4t und Kosteneffizienz. Ideal f\u00fcr Labore und Hersteller mit begrenztem Platzangebot.\" \/>\n<meta name=\"robots\" content=\"index, follow, max-snippet:-1, max-image-preview:large, max-video-preview:-1\" \/>\n<link rel=\"canonical\" href=\"https:\/\/fluidmgmt.ak-bio.com\/de\/products\/cursiv-flussigchromatographie\/hydraulische-wagen\/\" \/>\n<meta property=\"og:locale\" content=\"de_DE\" \/>\n<meta property=\"og:type\" content=\"article\" \/>\n<meta property=\"og:title\" content=\"Hydraulische Wagen f\u00fcr LC-S\u00e4ulen | CURSIV\u00ae\" \/>\n<meta property=\"og:description\" content=\"Ein Hydraulikwagen kann mit mehreren DAC LC-S\u00e4ulen verwendet werden und bietet so Flexibilit\u00e4t und Kosteneffizienz. Ideal f\u00fcr Labore und Hersteller mit begrenztem Platzangebot.\" \/>\n<meta property=\"og:url\" content=\"https:\/\/fluidmgmt.ak-bio.com\/de\/products\/cursiv-flussigchromatographie\/hydraulische-wagen\/\" \/>\n<meta property=\"og:site_name\" content=\"AK Bio - Fluid Management\" \/>\n<meta property=\"article:modified_time\" content=\"2026-01-26T18:31:35+00:00\" \/>\n<meta property=\"og:image\" content=\"https:\/\/fluidmgmt.ak-bio.com\/wp-content\/uploads\/2024\/06\/CURSIV_HC_MPLC_Cart_FrontView_MAIN-262x300.webp\" \/>\n<meta name=\"twitter:card\" content=\"summary_large_image\" \/>\n<meta name=\"twitter:label1\" content=\"Gesch\u00e4tzte Lesezeit\" \/>\n\t<meta name=\"twitter:data1\" content=\"1 Minute\" \/>\n<script type=\"application\/ld+json\" class=\"yoast-schema-graph\">{\"@context\":\"https:\/\/schema.org\",\"@graph\":[{\"@type\":\"WebPage\",\"@id\":\"https:\/\/fluidmgmt.ak-bio.com\/de\/products\/cursiv-flussigchromatographie\/hydraulische-wagen\/\",\"url\":\"https:\/\/fluidmgmt.ak-bio.com\/de\/products\/cursiv-flussigchromatographie\/hydraulische-wagen\/\",\"name\":\"Hydraulische Wagen f\u00fcr LC-S\u00e4ulen | CURSIV\u00ae\",\"isPartOf\":{\"@id\":\"https:\/\/fluidmgmt.ak-bio.com\/de\/#website\"},\"primaryImageOfPage\":{\"@id\":\"https:\/\/fluidmgmt.ak-bio.com\/de\/products\/cursiv-flussigchromatographie\/hydraulische-wagen\/#primaryimage\"},\"image\":{\"@id\":\"https:\/\/fluidmgmt.ak-bio.com\/de\/products\/cursiv-flussigchromatographie\/hydraulische-wagen\/#primaryimage\"},\"thumbnailUrl\":\"https:\/\/fluidmgmt.ak-bio.com\/wp-content\/uploads\/2024\/06\/CURSIV_HC_MPLC_Cart_FrontView_MAIN_625x758.png\",\"datePublished\":\"2024-06-13T15:02:12+00:00\",\"dateModified\":\"2026-01-26T18:31:35+00:00\",\"description\":\"Ein Hydraulikwagen kann mit mehreren DAC LC-S\u00e4ulen verwendet werden und bietet so Flexibilit\u00e4t und Kosteneffizienz. Ideal f\u00fcr Labore und Hersteller mit begrenztem Platzangebot.\",\"breadcrumb\":{\"@id\":\"https:\/\/fluidmgmt.ak-bio.com\/de\/products\/cursiv-flussigchromatographie\/hydraulische-wagen\/#breadcrumb\"},\"inLanguage\":\"de-DE\",\"potentialAction\":[{\"@type\":\"ReadAction\",\"target\":[\"https:\/\/fluidmgmt.ak-bio.com\/de\/products\/cursiv-flussigchromatographie\/hydraulische-wagen\/\"]}]},{\"@type\":\"ImageObject\",\"inLanguage\":\"de-DE\",\"@id\":\"https:\/\/fluidmgmt.ak-bio.com\/de\/products\/cursiv-flussigchromatographie\/hydraulische-wagen\/#primaryimage\",\"url\":\"https:\/\/fluidmgmt.ak-bio.com\/wp-content\/uploads\/2024\/06\/CURSIV_HC_MPLC_Cart_FrontView_MAIN_625x758.png\",\"contentUrl\":\"https:\/\/fluidmgmt.ak-bio.com\/wp-content\/uploads\/2024\/06\/CURSIV_HC_MPLC_Cart_FrontView_MAIN_625x758.png\",\"width\":625,\"height\":758,\"caption\":\"CURSIV HC MPLC Cart FrontView\"},{\"@type\":\"BreadcrumbList\",\"@id\":\"https:\/\/fluidmgmt.ak-bio.com\/de\/products\/cursiv-flussigchromatographie\/hydraulische-wagen\/#breadcrumb\",\"itemListElement\":[{\"@type\":\"ListItem\",\"position\":1,\"name\":\"Produkte\",\"item\":\"https:\/\/fluidmgmt.ak-bio.com\/de\/produkte\/\"},{\"@type\":\"ListItem\",\"position\":2,\"name\":\"CURSIV\u2122 Fl\u00fcssigchromatographie\",\"item\":\"https:\/\/fluidmgmt.ak-bio.com\/de\/product-category\/cursiv-flussigchromatographie\/\"},{\"@type\":\"ListItem\",\"position\":3,\"name\":\"Hydraulische Wagen\"}]},{\"@type\":\"WebSite\",\"@id\":\"https:\/\/fluidmgmt.ak-bio.com\/de\/#website\",\"url\":\"https:\/\/fluidmgmt.ak-bio.com\/de\/\",\"name\":\"AK Bio - Fluid Management\",\"description\":\"\",\"publisher\":{\"@id\":\"https:\/\/fluidmgmt.ak-bio.com\/de\/#organization\"},\"potentialAction\":[{\"@type\":\"SearchAction\",\"target\":{\"@type\":\"EntryPoint\",\"urlTemplate\":\"https:\/\/fluidmgmt.ak-bio.com\/de\/?s={search_term_string}\"},\"query-input\":{\"@type\":\"PropertyValueSpecification\",\"valueRequired\":true,\"valueName\":\"search_term_string\"}}],\"inLanguage\":\"de-DE\"},{\"@type\":\"Organization\",\"@id\":\"https:\/\/fluidmgmt.ak-bio.com\/de\/#organization\",\"name\":\"AK Bio\",\"url\":\"https:\/\/fluidmgmt.ak-bio.com\/de\/\",\"logo\":{\"@type\":\"ImageObject\",\"inLanguage\":\"de-DE\",\"@id\":\"https:\/\/fluidmgmt.ak-bio.com\/de\/#\/schema\/logo\/image\/\",\"url\":\"https:\/\/fluidmgmt.ak-bio.com\/wp-content\/uploads\/2024\/04\/blue_ak_Logo.svg\",\"contentUrl\":\"https:\/\/fluidmgmt.ak-bio.com\/wp-content\/uploads\/2024\/04\/blue_ak_Logo.svg\",\"width\":197,\"height\":50,\"caption\":\"AK Bio\"},\"image\":{\"@id\":\"https:\/\/fluidmgmt.ak-bio.com\/de\/#\/schema\/logo\/image\/\"},\"sameAs\":[\"https:\/\/www.linkedin.com\/company\/asahi-kasei-bioprocess-america\/\"]}]}<\/script>\n<!-- \/ Yoast SEO plugin. -->","yoast_head_json":{"title":"Hydraulische Wagen f\u00fcr LC-S\u00e4ulen | CURSIV\u00ae","description":"Ein Hydraulikwagen kann mit mehreren DAC LC-S\u00e4ulen verwendet werden und bietet so Flexibilit\u00e4t und Kosteneffizienz. Ideal f\u00fcr Labore und Hersteller mit begrenztem Platzangebot.","robots":{"index":"index","follow":"follow","max-snippet":"max-snippet:-1","max-image-preview":"max-image-preview:large","max-video-preview":"max-video-preview:-1"},"canonical":"https:\/\/fluidmgmt.ak-bio.com\/de\/products\/cursiv-flussigchromatographie\/hydraulische-wagen\/","og_locale":"de_DE","og_type":"article","og_title":"Hydraulische Wagen f\u00fcr LC-S\u00e4ulen | CURSIV\u00ae","og_description":"Ein Hydraulikwagen kann mit mehreren DAC LC-S\u00e4ulen verwendet werden und bietet so Flexibilit\u00e4t und Kosteneffizienz. Ideal f\u00fcr Labore und Hersteller mit begrenztem Platzangebot.","og_url":"https:\/\/fluidmgmt.ak-bio.com\/de\/products\/cursiv-flussigchromatographie\/hydraulische-wagen\/","og_site_name":"AK Bio - Fluid Management","article_modified_time":"2026-01-26T18:31:35+00:00","og_image":[{"url":"https:\/\/fluidmgmt.ak-bio.com\/wp-content\/uploads\/2024\/06\/CURSIV_HC_MPLC_Cart_FrontView_MAIN-262x300.webp","type":"","width":"","height":""}],"twitter_card":"summary_large_image","twitter_misc":{"Gesch\u00e4tzte Lesezeit":"1 Minute"},"schema":{"@context":"https:\/\/schema.org","@graph":[{"@type":"WebPage","@id":"https:\/\/fluidmgmt.ak-bio.com\/de\/products\/cursiv-flussigchromatographie\/hydraulische-wagen\/","url":"https:\/\/fluidmgmt.ak-bio.com\/de\/products\/cursiv-flussigchromatographie\/hydraulische-wagen\/","name":"Hydraulische Wagen f\u00fcr LC-S\u00e4ulen | CURSIV\u00ae","isPartOf":{"@id":"https:\/\/fluidmgmt.ak-bio.com\/de\/#website"},"primaryImageOfPage":{"@id":"https:\/\/fluidmgmt.ak-bio.com\/de\/products\/cursiv-flussigchromatographie\/hydraulische-wagen\/#primaryimage"},"image":{"@id":"https:\/\/fluidmgmt.ak-bio.com\/de\/products\/cursiv-flussigchromatographie\/hydraulische-wagen\/#primaryimage"},"thumbnailUrl":"https:\/\/fluidmgmt.ak-bio.com\/wp-content\/uploads\/2024\/06\/CURSIV_HC_MPLC_Cart_FrontView_MAIN_625x758.png","datePublished":"2024-06-13T15:02:12+00:00","dateModified":"2026-01-26T18:31:35+00:00","description":"Ein Hydraulikwagen kann mit mehreren DAC LC-S\u00e4ulen verwendet werden und bietet so Flexibilit\u00e4t und Kosteneffizienz. Ideal f\u00fcr Labore und Hersteller mit begrenztem Platzangebot.","breadcrumb":{"@id":"https:\/\/fluidmgmt.ak-bio.com\/de\/products\/cursiv-flussigchromatographie\/hydraulische-wagen\/#breadcrumb"},"inLanguage":"de-DE","potentialAction":[{"@type":"ReadAction","target":["https:\/\/fluidmgmt.ak-bio.com\/de\/products\/cursiv-flussigchromatographie\/hydraulische-wagen\/"]}]},{"@type":"ImageObject","inLanguage":"de-DE","@id":"https:\/\/fluidmgmt.ak-bio.com\/de\/products\/cursiv-flussigchromatographie\/hydraulische-wagen\/#primaryimage","url":"https:\/\/fluidmgmt.ak-bio.com\/wp-content\/uploads\/2024\/06\/CURSIV_HC_MPLC_Cart_FrontView_MAIN_625x758.png","contentUrl":"https:\/\/fluidmgmt.ak-bio.com\/wp-content\/uploads\/2024\/06\/CURSIV_HC_MPLC_Cart_FrontView_MAIN_625x758.png","width":625,"height":758,"caption":"CURSIV HC MPLC Cart FrontView"},{"@type":"BreadcrumbList","@id":"https:\/\/fluidmgmt.ak-bio.com\/de\/products\/cursiv-flussigchromatographie\/hydraulische-wagen\/#breadcrumb","itemListElement":[{"@type":"ListItem","position":1,"name":"Produkte","item":"https:\/\/fluidmgmt.ak-bio.com\/de\/produkte\/"},{"@type":"ListItem","position":2,"name":"CURSIV\u2122 Fl\u00fcssigchromatographie","item":"https:\/\/fluidmgmt.ak-bio.com\/de\/product-category\/cursiv-flussigchromatographie\/"},{"@type":"ListItem","position":3,"name":"Hydraulische Wagen"}]},{"@type":"WebSite","@id":"https:\/\/fluidmgmt.ak-bio.com\/de\/#website","url":"https:\/\/fluidmgmt.ak-bio.com\/de\/","name":"AK Bio - Fluid Management","description":"","publisher":{"@id":"https:\/\/fluidmgmt.ak-bio.com\/de\/#organization"},"potentialAction":[{"@type":"SearchAction","target":{"@type":"EntryPoint","urlTemplate":"https:\/\/fluidmgmt.ak-bio.com\/de\/?s={search_term_string}"},"query-input":{"@type":"PropertyValueSpecification","valueRequired":true,"valueName":"search_term_string"}}],"inLanguage":"de-DE"},{"@type":"Organization","@id":"https:\/\/fluidmgmt.ak-bio.com\/de\/#organization","name":"AK Bio","url":"https:\/\/fluidmgmt.ak-bio.com\/de\/","logo":{"@type":"ImageObject","inLanguage":"de-DE","@id":"https:\/\/fluidmgmt.ak-bio.com\/de\/#\/schema\/logo\/image\/","url":"https:\/\/fluidmgmt.ak-bio.com\/wp-content\/uploads\/2024\/04\/blue_ak_Logo.svg","contentUrl":"https:\/\/fluidmgmt.ak-bio.com\/wp-content\/uploads\/2024\/04\/blue_ak_Logo.svg","width":197,"height":50,"caption":"AK Bio"},"image":{"@id":"https:\/\/fluidmgmt.ak-bio.com\/de\/#\/schema\/logo\/image\/"},"sameAs":["https:\/\/www.linkedin.com\/company\/asahi-kasei-bioprocess-america\/"]}]}},"_links":{"self":[{"href":"https:\/\/fluidmgmt.ak-bio.com\/de\/wp-json\/wp\/v2\/product\/29249","targetHints":{"allow":["GET"]}}],"collection":[{"href":"https:\/\/fluidmgmt.ak-bio.com\/de\/wp-json\/wp\/v2\/product"}],"about":[{"href":"https:\/\/fluidmgmt.ak-bio.com\/de\/wp-json\/wp\/v2\/types\/product"}],"version-history":[{"count":0,"href":"https:\/\/fluidmgmt.ak-bio.com\/de\/wp-json\/wp\/v2\/product\/29249\/revisions"}],"wp:featuredmedia":[{"embeddable":true,"href":"https:\/\/fluidmgmt.ak-bio.com\/de\/wp-json\/wp\/v2\/media\/28057"}],"wp:attachment":[{"href":"https:\/\/fluidmgmt.ak-bio.com\/de\/wp-json\/wp\/v2\/media?parent=29249"}],"wp:term":[{"taxonomy":"applications","embeddable":true,"href":"https:\/\/fluidmgmt.ak-bio.com\/de\/wp-json\/wp\/v2\/applications?post=29249"},{"taxonomy":"product_brand","embeddable":true,"href":"https:\/\/fluidmgmt.ak-bio.com\/de\/wp-json\/wp\/v2\/product_brand?post=29249"},{"taxonomy":"product_cat","embeddable":true,"href":"https:\/\/fluidmgmt.ak-bio.com\/de\/wp-json\/wp\/v2\/product_cat?post=29249"},{"taxonomy":"product_tag","embeddable":true,"href":"https:\/\/fluidmgmt.ak-bio.com\/de\/wp-json\/wp\/v2\/product_tag?post=29249"}],"curies":[{"name":"wp","href":"https:\/\/api.w.org\/{rel}","templated":true}]}}