{"id":29397,"date":"2024-06-06T18:16:42","date_gmt":"2024-06-06T22:16:42","guid":{"rendered":"https:\/\/fluidmgmt.ak-bio.com\/products\/unkategorisiert\/cd-tff-systeme\/"},"modified":"2026-01-30T13:08:55","modified_gmt":"2026-01-30T18:08:55","slug":"cd-tff-systeme","status":"publish","type":"product","link":"https:\/\/fluidmgmt.ak-bio.com\/de\/products\/thesys-oligonukleotid-synthese\/cd-tff-systeme\/","title":{"rendered":"C&amp;D \/ TFF Systeme"},"content":{"rendered":"\t\t<div data-elementor-type=\"product-post\" data-elementor-id=\"29397\" class=\"elementor elementor-29397 elementor-880\" data-elementor-post-type=\"product\">\n\t\t\t\t<div class=\"elementor-element elementor-element-098358d e-flex e-con-boxed e-con e-parent\" data-id=\"098358d\" data-element_type=\"container\" data-e-type=\"container\" data-settings=\"{&quot;background_background&quot;:&quot;classic&quot;}\">\n\t\t\t\t\t<div class=\"e-con-inner\">\n\t\t\t\t<div class=\"elementor-element elementor-element-3c3e38c elementor-absolute elementor-widget elementor-widget-menu-anchor\" data-id=\"3c3e38c\" data-element_type=\"widget\" data-e-type=\"widget\" data-settings=\"{&quot;_position&quot;:&quot;absolute&quot;}\" data-widget_type=\"menu-anchor.default\">\n\t\t\t\t<div class=\"elementor-widget-container\">\n\t\t\t\t\t\t\t<div class=\"elementor-menu-anchor\" id=\"Vorteile\"><\/div>\n\t\t\t\t\t\t<\/div>\n\t\t\t\t<\/div>\n\t\t\t\t<div class=\"elementor-element elementor-element-e6b3bc7 elementor-widget elementor-widget-spacer\" data-id=\"e6b3bc7\" data-element_type=\"widget\" data-e-type=\"widget\" data-widget_type=\"spacer.default\">\n\t\t\t\t<div class=\"elementor-widget-container\">\n\t\t\t\t\t\t\t<div class=\"elementor-spacer\">\n\t\t\t<div class=\"elementor-spacer-inner\"><\/div>\n\t\t<\/div>\n\t\t\t\t\t\t<\/div>\n\t\t\t\t<\/div>\n\t\t<div class=\"elementor-element elementor-element-01c3f57 e-con-full e-flex e-con e-child\" data-id=\"01c3f57\" data-element_type=\"container\" data-e-type=\"container\">\n\t\t\t\t<div class=\"elementor-element elementor-element-bfe786f elementor-widget elementor-widget-heading\" data-id=\"bfe786f\" data-element_type=\"widget\" data-e-type=\"widget\" data-widget_type=\"heading.default\">\n\t\t\t\t<div class=\"elementor-widget-container\">\n\t\t\t\t\t<h3 class=\"elementor-heading-title elementor-size-default\">Vorteile<\/h3>\t\t\t\t<\/div>\n\t\t\t\t<\/div>\n\t\t\t\t<div class=\"elementor-element elementor-element-b9231a0 elementor-widget elementor-widget-heading\" data-id=\"b9231a0\" data-element_type=\"widget\" data-e-type=\"widget\" data-widget_type=\"heading.default\">\n\t\t\t\t<div class=\"elementor-widget-container\">\n\t\t\t\t\t<h2 class=\"elementor-heading-title elementor-size-default\">Integrierter Dual-Use-Tank<\/h2>\t\t\t\t<\/div>\n\t\t\t\t<\/div>\n\t\t\t\t<div class=\"elementor-element elementor-element-322f366 elementor-widget elementor-widget-spacer\" data-id=\"322f366\" data-element_type=\"widget\" data-e-type=\"widget\" data-widget_type=\"spacer.default\">\n\t\t\t\t<div class=\"elementor-widget-container\">\n\t\t\t\t\t\t\t<div class=\"elementor-spacer\">\n\t\t\t<div class=\"elementor-spacer-inner\"><\/div>\n\t\t<\/div>\n\t\t\t\t\t\t<\/div>\n\t\t\t\t<\/div>\n\t\t\t\t<div class=\"elementor-element elementor-element-05d92b1 elementor-widget elementor-widget-text-editor\" data-id=\"05d92b1\" data-element_type=\"widget\" data-e-type=\"widget\" data-widget_type=\"text-editor.default\">\n\t\t\t\t<div class=\"elementor-widget-container\">\n\t\t\t\t\t\t\t\t\t<p>Der f\u00fcr beide Anlagen ben\u00f6tigte Tank ist in das Skid integriert, so dass kein Platz f\u00fcr ein separates Ger\u00e4t ben\u00f6tigt wird. Der Tank f\u00fcr die C&amp;D\/TFF hat ein minimales Arbeitsvolumen von 260 l, einen Fl\u00fcssigkeitsmantel und eine Isolierung, ein R\u00fchrwerk, eine Hastelloy C22-Konstruktion mit rostfreiem Mantel und eine Druckstufe von 10 bar. <\/p>\t\t\t\t\t\t\t\t<\/div>\n\t\t\t\t<\/div>\n\t\t\t\t<div class=\"elementor-element elementor-element-91316b4 elementor-widget__width-initial elementor-widget elementor-widget-ucaddon_hotspot\" data-id=\"91316b4\" data-element_type=\"widget\" data-e-type=\"widget\" data-widget_type=\"ucaddon_hotspot.default\">\n\t\t\t\t<div class=\"elementor-widget-container\">\n\t\t\t\t\t\n<!-- start Hotspots -->\n\t\t<link id='font-awesome-css' href='https:\/\/fluidmgmt.ak-bio.com\/wp-content\/plugins\/unlimited-elements-for-elementor-premium\/assets_libraries\/font-awesome6\/fontawesome-all.min.css' type='text\/css' rel='stylesheet' >\n\t\t<link id='font-awesome-4-shim-css' href='https:\/\/fluidmgmt.ak-bio.com\/wp-content\/plugins\/unlimited-elements-for-elementor-premium\/assets_libraries\/font-awesome6\/fontawesome-v4-shims.min.css' type='text\/css' rel='stylesheet' >\n\t\t<link id='uc_ac_assets_file_tooltipster_bundle_min_css_6495-css' href='https:\/\/fluidmgmt.ak-bio.com\/wp-content\/uploads\/ac_assets\/Hotspot\/tooltipster.bundle.min.css' type='text\/css' rel='stylesheet' >\n\n<style>\/* widget: Hotspots *\/\n\n#uc_hotspot_elementor_91316b4\n{\n  position:relative;\n}\n#uc_hotspot_elementor_91316b4 img\n{\n  display:block;\n  width:100%;\n}\n\n#uc_hotspot_elementor_91316b4 .ue-hotspot-icon\n{\n  display:inline-block;\n  line-height:1em;\n}\n\n#uc_hotspot_elementor_91316b4 .ue-hotspot-icon svg\n{\n  height:1em;\n  width:1em;\n}\n\n#uc_hotspot_elementor_91316b4 .item-popup-text{\n  display: flex;\n  flex-direction: column;\n}\n\n#uc_hotspot_elementor_91316b4 .spot\n{\n  display:flex;\n  align-items:center;\n  justify-content:center;\n  text-align:center;\n  cursor:pointer;\n  position:absolute;\n  transform:translate(-50%,-50%);\n  padding-right:10px;\n  padding-left:10px;\n  box-sizing:border-box;\n  transition:0.5s;\n  line-height:1em;\n  text-decoration:none;\n  \n\twidth:52px;\n\t\n\n}\n\n#uc_hotspot_elementor_91316b4 .spot:hover\n{\n  transform:translate(-50%,-50%) scale(0.9,0.9);\n}\n\n#uc_hotspot_elementor_91316b4 .spot:before\n{\n    content: '';\n    display: inline-block;\n    position: absolute;\n    top: -2px;\n    left: -2px;\n    bottom: -2px;\n    right: -2px;\n    border-radius: inherit;\n    border-width:1px;\n    border-style:solid;\n    -webkit-animation: btnIconRipple 2s cubic-bezier(0.23, 1, 0.32, 1) both infinite;\n    animation: btnIconRipple 2s cubic-bezier(0.23, 1, 0.32, 1) both infinite;\n}\n\n@keyframes btnIconRipple {\n  0% {\n    border-width: 4px;\n            transform: scale(1);\n  }\n  80% {\n    border-width: 1px;\n            transform: scale(1.35);\n  }\n  100% {\n    opacity: 0;\n  }\n}\n\n#uc_hotspot_elementor_91316b4 .tooltipster-base\n{\n  max-width:300px;\n}\n.tooltipster-sidetip .tooltipster-box {\n\tbackground: #00101D !important;\n\tborder: 3px solid #00101D !important;\n}\n\n.tooltipster-sidetip .tooltipster-content\n{\n  color: #FFFFFF !important;\n}\n\n.tooltipster-sidetip.tooltipster-bottom .tooltipster-arrow-background {\n\tborder-bottom-color: #00101D !important;\n}\n\n.tooltipster-sidetip.tooltipster-left .tooltipster-arrow-background {\n\tborder-left-color: #00101D !important;\n}\n\n.tooltipster-sidetip.tooltipster-right .tooltipster-arrow-background {\n\tborder-right-color: #00101D !important;\n}\n\n.tooltipster-sidetip.tooltipster-top .tooltipster-arrow-background {\n\tborder-top-color: #00101D !important;\n}\n\n.tooltipster-sidetip.tooltipster-bottom .tooltipster-arrow-border {\n\tborder-bottom-color: #00101D !important;\n}\n\n.tooltipster-sidetip.tooltipster-left .tooltipster-arrow-border {\n\tborder-left-color: #00101D !important;\n}\n\n.tooltipster-sidetip.tooltipster-right .tooltipster-arrow-border {\n\tborder-right-color: #00101D !important;\n}\n\n.tooltipster-sidetip.tooltipster-top .tooltipster-arrow-border {\n\tborder-top-color: #00101D !important;\n}\n\n.ue-popup-overlay\n{\n  position:fixed;\n  top:0;\n  bottom:0;\n  right:0;\n  left:0;\n  width:100%;\n  display:none;\n  z-index: 99999;\n}\n\n.item-popup\n{\n  display:none;\n  background-color:white;\n  position:absolute;\n  transform:translate(-50%,-50%);\n  z-index:100000000;\n}\n\n.item-popup-title\n{\n  justify-content:space-between;\n  align-items:center;\n  display:flex;\n}\n\n.item-popup-close\n{\n  cursor:pointer;\n}\n\n.item-popup-text\n{\n  padding:20px;\n}\n.ue-hotspot-popup-button{\n  display: inline-block;\n}\n\n<\/style>\n\n<div id=\"uc_hotspot_elementor_91316b4\" class=\"ue_hotspot \"  data-close-on-body-click=\"true\">\n  <img decoding=\"async\" src=\"https:\/\/fluidmgmt.ak-bio.com\/wp-content\/uploads\/2024\/06\/THESYS_CD_TFF_FrontView_CartOut-1024x914.png\">\n  <div class=\"uc-hotspots-items\">\n  <a class=\"ue_hotspot-item spot elementor-repeater-item-8729536\" id=\"uc_hotspot_elementor_91316b4_item1\" title=\"\" >\n  1  <\/a>\n<a class=\"ue_hotspot-item spot elementor-repeater-item-86b8ef8\" id=\"uc_hotspot_elementor_91316b4_item2\" title=\"\" >\n  2  <\/a>\n\n  <\/div>\n  \n    <div class=\"ue-popup-overlay\">\n    <div class=\"item-popup\" id=\"popupuc_hotspot_elementor_91316b4_item1\">\n  <div class=\"item-popup-title\">\n    <div><\/div>\n    <div class=\"item-popup-close\">X<\/div>\n  <\/div>\n  \n  <div class=\"item-popup-text\">\n    <img decoding=\"async\" src=\"https:\/\/fluidmgmt.ak-bio.com\/wp-content\/uploads\/2024\/06\/85001-THESYS_Detail-240806-0649.jpg\" width=\"100%\">\t\n    Der Tank f\u00fcr den C&amp;D\/TFF hat ein Mindestarbeitsvolumen von 260 l und ist f\u00fcr einen Druck von 10 bar ausgelegt.\n      <\/div>\n  \n<\/div>\n<div class=\"item-popup\" id=\"popupuc_hotspot_elementor_91316b4_item2\">\n  <div class=\"item-popup-title\">\n    <div><\/div>\n    <div class=\"item-popup-close\">X<\/div>\n  <\/div>\n  \n  <div class=\"item-popup-text\">\n    <img decoding=\"async\" src=\"https:\/\/fluidmgmt.ak-bio.com\/wp-content\/uploads\/2024\/06\/85001-THESYS_Detail-240806-0591.jpg\" width=\"100%\">\t\n    Ergonomisch zug\u00e4nglicher Kassettenhalter: bis zu 20 m\u00b2 Fl\u00e4che\n      <\/div>\n  \n<\/div>\n\n  <\/div> \n  <\/div>\n<!-- end Hotspots -->\t\t\t\t<\/div>\n\t\t\t\t<\/div>\n\t\t\t\t<\/div>\n\t\t\t\t\t<\/div>\n\t\t\t\t<\/div>\n\t\t<div class=\"elementor-element elementor-element-110e0080 e-flex e-con-boxed e-con e-parent\" data-id=\"110e0080\" data-element_type=\"container\" data-e-type=\"container\" data-settings=\"{&quot;background_background&quot;:&quot;gradient&quot;}\">\n\t\t\t\t\t<div class=\"e-con-inner\">\n\t\t<div class=\"elementor-element elementor-element-3721794c e-con-full e-flex e-con e-child\" data-id=\"3721794c\" data-element_type=\"container\" data-e-type=\"container\">\n\t\t<div class=\"elementor-element elementor-element-4fd327c3 e-con-full e-flex e-con e-child\" data-id=\"4fd327c3\" data-element_type=\"container\" data-e-type=\"container\">\n\t\t<div class=\"elementor-element elementor-element-a9651b8 e-con-full e-flex e-con e-child\" data-id=\"a9651b8\" data-element_type=\"container\" data-e-type=\"container\">\n\t\t\t\t<div class=\"elementor-element elementor-element-14dd5d3 elementor-widget elementor-widget-heading\" data-id=\"14dd5d3\" data-element_type=\"widget\" data-e-type=\"widget\" data-widget_type=\"heading.default\">\n\t\t\t\t<div class=\"elementor-widget-container\">\n\t\t\t\t\t<h2 class=\"elementor-heading-title elementor-size-default\">Wesentliche Merkmale<\/h2>\t\t\t\t<\/div>\n\t\t\t\t<\/div>\n\t\t\t\t<div class=\"elementor-element elementor-element-675f8073 elementor-widget elementor-widget-text-editor\" data-id=\"675f8073\" data-element_type=\"widget\" data-e-type=\"widget\" data-widget_type=\"text-editor.default\">\n\t\t\t\t<div class=\"elementor-widget-container\">\n\t\t\t\t\t\t\t\t\t<ul><li>Sanit\u00e4res Design, Oberfl\u00e4chenbehandlung.<\/li><li>Einstufung als Gefahrenzone (Klasse I Div II oder ATEX).<\/li><li>Kontrolliert nach Zeit, Volumen, S\u00e4ulenvolumen oder Endzustand.<\/li><li>Leitf\u00e4higkeits-, pH- und UV-Sensoren (sowie Temperatur von Leitf\u00e4higkeitssonden).<\/li><li>Ergonomisch zug\u00e4nglicher Kassettenhalter: bis zu 20 <span style=\"font-weight: 400;\">m\u00b2<\/span> Fl\u00e4che.<\/li><li>OPC-f\u00e4hige OCELOT\u00ae System Control Software und benutzerfreundliche HMI.<\/li><\/ul>\t\t\t\t\t\t\t\t<\/div>\n\t\t\t\t<\/div>\n\t\t\t\t<\/div>\n\t\t<div class=\"elementor-element elementor-element-52a66d72 e-con-full e-flex e-con e-child\" data-id=\"52a66d72\" data-element_type=\"container\" data-e-type=\"container\">\n\t\t\t\t<div class=\"elementor-element elementor-element-6aa5b088 elementor-widget__width-auto elementor-widget elementor-widget-image\" data-id=\"6aa5b088\" data-element_type=\"widget\" data-e-type=\"widget\" data-widget_type=\"image.default\">\n\t\t\t\t<div class=\"elementor-widget-container\">\n\t\t\t\t\t\t\t\t\t\t\t\t\t\t\t<img fetchpriority=\"high\" decoding=\"async\" width=\"768\" height=\"512\" src=\"https:\/\/fluidmgmt.ak-bio.com\/wp-content\/uploads\/2024\/06\/THESYS_CD_TFF_Detail5-768x512.jpg\" class=\"attachment-medium_large size-medium_large wp-image-18963\" alt=\"THESYS CD TFF Detail\" srcset=\"https:\/\/fluidmgmt.ak-bio.com\/wp-content\/uploads\/2024\/06\/THESYS_CD_TFF_Detail5-768x512.jpg 768w, https:\/\/fluidmgmt.ak-bio.com\/wp-content\/uploads\/2024\/06\/THESYS_CD_TFF_Detail5-300x200.jpg 300w, https:\/\/fluidmgmt.ak-bio.com\/wp-content\/uploads\/2024\/06\/THESYS_CD_TFF_Detail5-1024x683.jpg 1024w, https:\/\/fluidmgmt.ak-bio.com\/wp-content\/uploads\/2024\/06\/THESYS_CD_TFF_Detail5-1536x1024.jpg 1536w, https:\/\/fluidmgmt.ak-bio.com\/wp-content\/uploads\/2024\/06\/THESYS_CD_TFF_Detail5-2048x1365.jpg 2048w, https:\/\/fluidmgmt.ak-bio.com\/wp-content\/uploads\/2024\/06\/THESYS_CD_TFF_Detail5-600x400.jpg 600w\" sizes=\"(max-width: 768px) 100vw, 768px\" \/>\t\t\t\t\t\t\t\t\t\t\t\t\t\t\t<\/div>\n\t\t\t\t<\/div>\n\t\t\t\t<\/div>\n\t\t\t\t<\/div>\n\t\t\t\t<div class=\"elementor-element elementor-element-4f97772 elementor-widget elementor-widget-spacer\" data-id=\"4f97772\" data-element_type=\"widget\" data-e-type=\"widget\" data-widget_type=\"spacer.default\">\n\t\t\t\t<div class=\"elementor-widget-container\">\n\t\t\t\t\t\t\t<div class=\"elementor-spacer\">\n\t\t\t<div class=\"elementor-spacer-inner\"><\/div>\n\t\t<\/div>\n\t\t\t\t\t\t<\/div>\n\t\t\t\t<\/div>\n\t\t\t\t<\/div>\n\t\t\t\t\t<\/div>\n\t\t\t\t<\/div>\n\t\t\t\t<\/div>\n\t\t","protected":false},"excerpt":{"rendered":"<p>Cleavage &amp; Deprotection (C&amp;D) und Ultrafiltration\/Diafiltration (UF\/DF) sind f\u00fcr die Oligoherstellung unerl\u00e4sslich. Wir haben beide Prozesse optimiert, indem wir sie in einem zum Patent angemeldeten, automatisierten System kombiniert haben. Dieses Design spart Platz, da die C&amp;D- und UF\/DF-Schritte vor der Reinigung in schneller Folge durchgef\u00fchrt werden. Unser Standard THESYS C&amp;D\/TFF umfasst fortschrittliche Steuerungen, ein ergonomisches Design, einen integrierten Tank und die OCELOT\u00ae System Control Software, die f\u00fcr maximale Effizienz und Sicherheit sorgt.   <\/p>\n","protected":false},"featured_media":27496,"template":"","meta":{"_acf_changed":false},"applications":[520],"product_brand":[],"product_cat":[600],"product_tag":[],"class_list":{"0":"post-29397","1":"product","2":"type-product","3":"status-publish","4":"has-post-thumbnail","6":"applications-oligonukleotid-entwicklung","7":"product_cat-thesys-oligonukleotid-synthese","9":"first","10":"instock","11":"shipping-taxable","12":"product-type-simple"},"acf":[],"yoast_head":"<!-- This site is optimized with the Yoast SEO plugin v27.1.1 - https:\/\/yoast.com\/product\/yoast-seo-wordpress\/ -->\n<title>C&amp;D \/ Ultrafiltrations-\/Diafiltrationsanlagen | THESYS\u00ae<\/title>\n<meta name=\"description\" content=\"Unser Standard THESYS C&amp;D\/TFF umfasst fortschrittliche Steuerungen, ein ergonomisches Design, einen integrierten Tank und die OCELOT\u00ae System Control Software f\u00fcr maximale Effizienz.\" \/>\n<meta name=\"robots\" content=\"index, follow, max-snippet:-1, max-image-preview:large, max-video-preview:-1\" \/>\n<link rel=\"canonical\" href=\"https:\/\/fluidmgmt.ak-bio.com\/de\/products\/thesys-oligonukleotid-synthese\/cd-tff-systeme\/\" \/>\n<meta property=\"og:locale\" content=\"de_DE\" \/>\n<meta property=\"og:type\" content=\"article\" \/>\n<meta property=\"og:title\" content=\"C&amp;D \/ Ultrafiltrations-\/Diafiltrationsanlagen | THESYS\u00ae\" \/>\n<meta property=\"og:description\" content=\"Unser Standard THESYS C&amp;D\/TFF umfasst fortschrittliche Steuerungen, ein ergonomisches Design, einen integrierten Tank und die OCELOT\u00ae System Control Software f\u00fcr maximale Effizienz.\" \/>\n<meta property=\"og:url\" content=\"https:\/\/fluidmgmt.ak-bio.com\/de\/products\/thesys-oligonukleotid-synthese\/cd-tff-systeme\/\" \/>\n<meta property=\"og:site_name\" content=\"AK Bio - Fluid Management\" \/>\n<meta property=\"article:modified_time\" content=\"2026-01-30T18:08:55+00:00\" \/>\n<meta property=\"og:image\" content=\"https:\/\/fluidmgmt.ak-bio.com\/wp-content\/uploads\/2024\/06\/THESYS_CD_TFF_FrontView.png\" \/>\n\t<meta property=\"og:image:width\" content=\"625\" \/>\n\t<meta property=\"og:image:height\" content=\"758\" \/>\n\t<meta property=\"og:image:type\" content=\"image\/png\" \/>\n<meta name=\"twitter:card\" content=\"summary_large_image\" \/>\n<meta name=\"twitter:label1\" content=\"Gesch\u00e4tzte Lesezeit\" \/>\n\t<meta name=\"twitter:data1\" content=\"1 Minute\" \/>\n<script type=\"application\/ld+json\" class=\"yoast-schema-graph\">{\"@context\":\"https:\/\/schema.org\",\"@graph\":[{\"@type\":\"WebPage\",\"@id\":\"https:\/\/fluidmgmt.ak-bio.com\/de\/products\/thesys-oligonukleotid-synthese\/cd-tff-systeme\/\",\"url\":\"https:\/\/fluidmgmt.ak-bio.com\/de\/products\/thesys-oligonukleotid-synthese\/cd-tff-systeme\/\",\"name\":\"C&D \/ Ultrafiltrations-\/Diafiltrationsanlagen | THESYS\u00ae\",\"isPartOf\":{\"@id\":\"https:\/\/fluidmgmt.ak-bio.com\/de\/#website\"},\"primaryImageOfPage\":{\"@id\":\"https:\/\/fluidmgmt.ak-bio.com\/de\/products\/thesys-oligonukleotid-synthese\/cd-tff-systeme\/#primaryimage\"},\"image\":{\"@id\":\"https:\/\/fluidmgmt.ak-bio.com\/de\/products\/thesys-oligonukleotid-synthese\/cd-tff-systeme\/#primaryimage\"},\"thumbnailUrl\":\"https:\/\/fluidmgmt.ak-bio.com\/wp-content\/uploads\/2024\/06\/THESYS_CD_TFF_FrontView.png\",\"datePublished\":\"2024-06-06T22:16:42+00:00\",\"dateModified\":\"2026-01-30T18:08:55+00:00\",\"description\":\"Unser Standard THESYS C&D\/TFF umfasst fortschrittliche Steuerungen, ein ergonomisches Design, einen integrierten Tank und die OCELOT\u00ae System Control Software f\u00fcr maximale Effizienz.\",\"breadcrumb\":{\"@id\":\"https:\/\/fluidmgmt.ak-bio.com\/de\/products\/thesys-oligonukleotid-synthese\/cd-tff-systeme\/#breadcrumb\"},\"inLanguage\":\"de-DE\",\"potentialAction\":[{\"@type\":\"ReadAction\",\"target\":[\"https:\/\/fluidmgmt.ak-bio.com\/de\/products\/thesys-oligonukleotid-synthese\/cd-tff-systeme\/\"]}]},{\"@type\":\"ImageObject\",\"inLanguage\":\"de-DE\",\"@id\":\"https:\/\/fluidmgmt.ak-bio.com\/de\/products\/thesys-oligonukleotid-synthese\/cd-tff-systeme\/#primaryimage\",\"url\":\"https:\/\/fluidmgmt.ak-bio.com\/wp-content\/uploads\/2024\/06\/THESYS_CD_TFF_FrontView.png\",\"contentUrl\":\"https:\/\/fluidmgmt.ak-bio.com\/wp-content\/uploads\/2024\/06\/THESYS_CD_TFF_FrontView.png\",\"width\":625,\"height\":758,\"caption\":\"THESYS CD TFF FrontView\"},{\"@type\":\"BreadcrumbList\",\"@id\":\"https:\/\/fluidmgmt.ak-bio.com\/de\/products\/thesys-oligonukleotid-synthese\/cd-tff-systeme\/#breadcrumb\",\"itemListElement\":[{\"@type\":\"ListItem\",\"position\":1,\"name\":\"Produkte\",\"item\":\"https:\/\/fluidmgmt.ak-bio.com\/de\/produkte\/\"},{\"@type\":\"ListItem\",\"position\":2,\"name\":\"THESYS\u2122 Oligonukleotid-Synthese\",\"item\":\"https:\/\/fluidmgmt.ak-bio.com\/de\/product-category\/thesys-oligonukleotid-synthese\/\"},{\"@type\":\"ListItem\",\"position\":3,\"name\":\"C&amp;D \/ TFF Systeme\"}]},{\"@type\":\"WebSite\",\"@id\":\"https:\/\/fluidmgmt.ak-bio.com\/de\/#website\",\"url\":\"https:\/\/fluidmgmt.ak-bio.com\/de\/\",\"name\":\"AK Bio - Fluid Management\",\"description\":\"\",\"publisher\":{\"@id\":\"https:\/\/fluidmgmt.ak-bio.com\/de\/#organization\"},\"potentialAction\":[{\"@type\":\"SearchAction\",\"target\":{\"@type\":\"EntryPoint\",\"urlTemplate\":\"https:\/\/fluidmgmt.ak-bio.com\/de\/?s={search_term_string}\"},\"query-input\":{\"@type\":\"PropertyValueSpecification\",\"valueRequired\":true,\"valueName\":\"search_term_string\"}}],\"inLanguage\":\"de-DE\"},{\"@type\":\"Organization\",\"@id\":\"https:\/\/fluidmgmt.ak-bio.com\/de\/#organization\",\"name\":\"AK Bio\",\"url\":\"https:\/\/fluidmgmt.ak-bio.com\/de\/\",\"logo\":{\"@type\":\"ImageObject\",\"inLanguage\":\"de-DE\",\"@id\":\"https:\/\/fluidmgmt.ak-bio.com\/de\/#\/schema\/logo\/image\/\",\"url\":\"https:\/\/fluidmgmt.ak-bio.com\/wp-content\/uploads\/2024\/04\/blue_ak_Logo.svg\",\"contentUrl\":\"https:\/\/fluidmgmt.ak-bio.com\/wp-content\/uploads\/2024\/04\/blue_ak_Logo.svg\",\"width\":197,\"height\":50,\"caption\":\"AK Bio\"},\"image\":{\"@id\":\"https:\/\/fluidmgmt.ak-bio.com\/de\/#\/schema\/logo\/image\/\"},\"sameAs\":[\"https:\/\/www.linkedin.com\/company\/asahi-kasei-bioprocess-america\/\"]}]}<\/script>\n<!-- \/ Yoast SEO plugin. -->","yoast_head_json":{"title":"C&D \/ Ultrafiltrations-\/Diafiltrationsanlagen | THESYS\u00ae","description":"Unser Standard THESYS C&D\/TFF umfasst fortschrittliche Steuerungen, ein ergonomisches Design, einen integrierten Tank und die OCELOT\u00ae System Control Software f\u00fcr maximale Effizienz.","robots":{"index":"index","follow":"follow","max-snippet":"max-snippet:-1","max-image-preview":"max-image-preview:large","max-video-preview":"max-video-preview:-1"},"canonical":"https:\/\/fluidmgmt.ak-bio.com\/de\/products\/thesys-oligonukleotid-synthese\/cd-tff-systeme\/","og_locale":"de_DE","og_type":"article","og_title":"C&D \/ Ultrafiltrations-\/Diafiltrationsanlagen | THESYS\u00ae","og_description":"Unser Standard THESYS C&D\/TFF umfasst fortschrittliche Steuerungen, ein ergonomisches Design, einen integrierten Tank und die OCELOT\u00ae System Control Software f\u00fcr maximale Effizienz.","og_url":"https:\/\/fluidmgmt.ak-bio.com\/de\/products\/thesys-oligonukleotid-synthese\/cd-tff-systeme\/","og_site_name":"AK Bio - Fluid Management","article_modified_time":"2026-01-30T18:08:55+00:00","og_image":[{"width":625,"height":758,"url":"https:\/\/fluidmgmt.ak-bio.com\/wp-content\/uploads\/2024\/06\/THESYS_CD_TFF_FrontView.png","type":"image\/png"}],"twitter_card":"summary_large_image","twitter_misc":{"Gesch\u00e4tzte Lesezeit":"1 Minute"},"schema":{"@context":"https:\/\/schema.org","@graph":[{"@type":"WebPage","@id":"https:\/\/fluidmgmt.ak-bio.com\/de\/products\/thesys-oligonukleotid-synthese\/cd-tff-systeme\/","url":"https:\/\/fluidmgmt.ak-bio.com\/de\/products\/thesys-oligonukleotid-synthese\/cd-tff-systeme\/","name":"C&D \/ Ultrafiltrations-\/Diafiltrationsanlagen | THESYS\u00ae","isPartOf":{"@id":"https:\/\/fluidmgmt.ak-bio.com\/de\/#website"},"primaryImageOfPage":{"@id":"https:\/\/fluidmgmt.ak-bio.com\/de\/products\/thesys-oligonukleotid-synthese\/cd-tff-systeme\/#primaryimage"},"image":{"@id":"https:\/\/fluidmgmt.ak-bio.com\/de\/products\/thesys-oligonukleotid-synthese\/cd-tff-systeme\/#primaryimage"},"thumbnailUrl":"https:\/\/fluidmgmt.ak-bio.com\/wp-content\/uploads\/2024\/06\/THESYS_CD_TFF_FrontView.png","datePublished":"2024-06-06T22:16:42+00:00","dateModified":"2026-01-30T18:08:55+00:00","description":"Unser Standard THESYS C&D\/TFF umfasst fortschrittliche Steuerungen, ein ergonomisches Design, einen integrierten Tank und die OCELOT\u00ae System Control Software f\u00fcr maximale Effizienz.","breadcrumb":{"@id":"https:\/\/fluidmgmt.ak-bio.com\/de\/products\/thesys-oligonukleotid-synthese\/cd-tff-systeme\/#breadcrumb"},"inLanguage":"de-DE","potentialAction":[{"@type":"ReadAction","target":["https:\/\/fluidmgmt.ak-bio.com\/de\/products\/thesys-oligonukleotid-synthese\/cd-tff-systeme\/"]}]},{"@type":"ImageObject","inLanguage":"de-DE","@id":"https:\/\/fluidmgmt.ak-bio.com\/de\/products\/thesys-oligonukleotid-synthese\/cd-tff-systeme\/#primaryimage","url":"https:\/\/fluidmgmt.ak-bio.com\/wp-content\/uploads\/2024\/06\/THESYS_CD_TFF_FrontView.png","contentUrl":"https:\/\/fluidmgmt.ak-bio.com\/wp-content\/uploads\/2024\/06\/THESYS_CD_TFF_FrontView.png","width":625,"height":758,"caption":"THESYS CD TFF FrontView"},{"@type":"BreadcrumbList","@id":"https:\/\/fluidmgmt.ak-bio.com\/de\/products\/thesys-oligonukleotid-synthese\/cd-tff-systeme\/#breadcrumb","itemListElement":[{"@type":"ListItem","position":1,"name":"Produkte","item":"https:\/\/fluidmgmt.ak-bio.com\/de\/produkte\/"},{"@type":"ListItem","position":2,"name":"THESYS\u2122 Oligonukleotid-Synthese","item":"https:\/\/fluidmgmt.ak-bio.com\/de\/product-category\/thesys-oligonukleotid-synthese\/"},{"@type":"ListItem","position":3,"name":"C&amp;D \/ TFF Systeme"}]},{"@type":"WebSite","@id":"https:\/\/fluidmgmt.ak-bio.com\/de\/#website","url":"https:\/\/fluidmgmt.ak-bio.com\/de\/","name":"AK Bio - Fluid Management","description":"","publisher":{"@id":"https:\/\/fluidmgmt.ak-bio.com\/de\/#organization"},"potentialAction":[{"@type":"SearchAction","target":{"@type":"EntryPoint","urlTemplate":"https:\/\/fluidmgmt.ak-bio.com\/de\/?s={search_term_string}"},"query-input":{"@type":"PropertyValueSpecification","valueRequired":true,"valueName":"search_term_string"}}],"inLanguage":"de-DE"},{"@type":"Organization","@id":"https:\/\/fluidmgmt.ak-bio.com\/de\/#organization","name":"AK Bio","url":"https:\/\/fluidmgmt.ak-bio.com\/de\/","logo":{"@type":"ImageObject","inLanguage":"de-DE","@id":"https:\/\/fluidmgmt.ak-bio.com\/de\/#\/schema\/logo\/image\/","url":"https:\/\/fluidmgmt.ak-bio.com\/wp-content\/uploads\/2024\/04\/blue_ak_Logo.svg","contentUrl":"https:\/\/fluidmgmt.ak-bio.com\/wp-content\/uploads\/2024\/04\/blue_ak_Logo.svg","width":197,"height":50,"caption":"AK Bio"},"image":{"@id":"https:\/\/fluidmgmt.ak-bio.com\/de\/#\/schema\/logo\/image\/"},"sameAs":["https:\/\/www.linkedin.com\/company\/asahi-kasei-bioprocess-america\/"]}]}},"_links":{"self":[{"href":"https:\/\/fluidmgmt.ak-bio.com\/de\/wp-json\/wp\/v2\/product\/29397","targetHints":{"allow":["GET"]}}],"collection":[{"href":"https:\/\/fluidmgmt.ak-bio.com\/de\/wp-json\/wp\/v2\/product"}],"about":[{"href":"https:\/\/fluidmgmt.ak-bio.com\/de\/wp-json\/wp\/v2\/types\/product"}],"version-history":[{"count":0,"href":"https:\/\/fluidmgmt.ak-bio.com\/de\/wp-json\/wp\/v2\/product\/29397\/revisions"}],"wp:featuredmedia":[{"embeddable":true,"href":"https:\/\/fluidmgmt.ak-bio.com\/de\/wp-json\/wp\/v2\/media\/27496"}],"wp:attachment":[{"href":"https:\/\/fluidmgmt.ak-bio.com\/de\/wp-json\/wp\/v2\/media?parent=29397"}],"wp:term":[{"taxonomy":"applications","embeddable":true,"href":"https:\/\/fluidmgmt.ak-bio.com\/de\/wp-json\/wp\/v2\/applications?post=29397"},{"taxonomy":"product_brand","embeddable":true,"href":"https:\/\/fluidmgmt.ak-bio.com\/de\/wp-json\/wp\/v2\/product_brand?post=29397"},{"taxonomy":"product_cat","embeddable":true,"href":"https:\/\/fluidmgmt.ak-bio.com\/de\/wp-json\/wp\/v2\/product_cat?post=29397"},{"taxonomy":"product_tag","embeddable":true,"href":"https:\/\/fluidmgmt.ak-bio.com\/de\/wp-json\/wp\/v2\/product_tag?post=29397"}],"curies":[{"name":"wp","href":"https:\/\/api.w.org\/{rel}","templated":true}]}}