{"id":29532,"date":"2024-06-06T18:10:37","date_gmt":"2024-06-06T22:10:37","guid":{"rendered":"https:\/\/fluidmgmt.ak-bio.com\/products\/unkategorisiert\/motivplus-inline-puffer-formulierungssystem\/"},"modified":"2025-02-13T19:31:19","modified_gmt":"2025-02-14T00:31:19","slug":"motivplus-inline-puffer-formulierungssystem","status":"publish","type":"product","link":"https:\/\/fluidmgmt.ak-bio.com\/de\/products\/motiv-inline-puffer-formulierung\/motivplus-inline-puffer-formulierungssystem\/","title":{"rendered":"<i>MOTIV\u00aeplus<\/i> Inline-Puffer-Formulierungssystem"},"content":{"rendered":"\t\t<div data-elementor-type=\"product-post\" data-elementor-id=\"29532\" class=\"elementor elementor-29532 elementor-875\" data-elementor-post-type=\"product\">\n\t\t\t\t<div class=\"elementor-element elementor-element-2562da86 e-flex e-con-boxed e-con e-parent\" data-id=\"2562da86\" data-element_type=\"container\" data-e-type=\"container\" data-settings=\"{&quot;background_background&quot;:&quot;classic&quot;}\">\n\t\t\t\t\t<div class=\"e-con-inner\">\n\t\t\t\t<div class=\"elementor-element elementor-element-27908d85 elementor-absolute elementor-widget elementor-widget-menu-anchor\" data-id=\"27908d85\" data-element_type=\"widget\" data-e-type=\"widget\" data-settings=\"{&quot;_position&quot;:&quot;absolute&quot;}\" data-widget_type=\"menu-anchor.default\">\n\t\t\t\t<div class=\"elementor-widget-container\">\n\t\t\t\t\t\t\t<div class=\"elementor-menu-anchor\" id=\"Vorteile\"><\/div>\n\t\t\t\t\t\t<\/div>\n\t\t\t\t<\/div>\n\t\t\t\t<div class=\"elementor-element elementor-element-4291ac18 elementor-widget elementor-widget-spacer\" data-id=\"4291ac18\" data-element_type=\"widget\" data-e-type=\"widget\" data-widget_type=\"spacer.default\">\n\t\t\t\t<div class=\"elementor-widget-container\">\n\t\t\t\t\t\t\t<div class=\"elementor-spacer\">\n\t\t\t<div class=\"elementor-spacer-inner\"><\/div>\n\t\t<\/div>\n\t\t\t\t\t\t<\/div>\n\t\t\t\t<\/div>\n\t\t<div class=\"elementor-element elementor-element-e4a9d2 e-con-full e-flex e-con e-child\" data-id=\"e4a9d2\" data-element_type=\"container\" data-e-type=\"container\">\n\t\t\t\t<div class=\"elementor-element elementor-element-31f0bc5 elementor-widget elementor-widget-heading\" data-id=\"31f0bc5\" data-element_type=\"widget\" data-e-type=\"widget\" data-widget_type=\"heading.default\">\n\t\t\t\t<div class=\"elementor-widget-container\">\n\t\t\t\t\t<h3 class=\"elementor-heading-title elementor-size-default\">Vorteile<\/h3>\t\t\t\t<\/div>\n\t\t\t\t<\/div>\n\t\t\t\t<div class=\"elementor-element elementor-element-1d1240da elementor-widget elementor-widget-heading\" data-id=\"1d1240da\" data-element_type=\"widget\" data-e-type=\"widget\" data-widget_type=\"heading.default\">\n\t\t\t\t<div class=\"elementor-widget-container\">\n\t\t\t\t\t<h2 class=\"elementor-heading-title elementor-size-default\">Unsere Antwort auf den Nicht-Standard<\/h2>\t\t\t\t<\/div>\n\t\t\t\t<\/div>\n\t\t\t\t<div class=\"elementor-element elementor-element-645f1635 elementor-widget elementor-widget-spacer\" data-id=\"645f1635\" data-element_type=\"widget\" data-e-type=\"widget\" data-widget_type=\"spacer.default\">\n\t\t\t\t<div class=\"elementor-widget-container\">\n\t\t\t\t\t\t\t<div class=\"elementor-spacer\">\n\t\t\t<div class=\"elementor-spacer-inner\"><\/div>\n\t\t<\/div>\n\t\t\t\t\t\t<\/div>\n\t\t\t\t<\/div>\n\t\t\t\t<div class=\"elementor-element elementor-element-7abb0c7 elementor-widget elementor-widget-text-editor\" data-id=\"7abb0c7\" data-element_type=\"widget\" data-e-type=\"widget\" data-widget_type=\"text-editor.default\">\n\t\t\t\t<div class=\"elementor-widget-container\">\n\t\t\t\t\t\t\t\t\t<p><span style=\"font-weight: 400;\">Nicht standardisierte Durchflussbereiche<\/span><\/p>\n<p><span style=\"font-weight: 400;\">Verschiedene Baumaterialien <\/span><span style=\"font-weight: 400;\">f\u00fcr Korrosionsbest\u00e4ndigkeit (AL6XN)<\/span><\/p>\n<p><span style=\"font-weight: 400;\">Zus\u00e4tzliche Pumpen (&gt;5 Pumpensysteme)<\/span><\/p>\n<p><span style=\"font-weight: 400;\">Zus\u00e4tzliche Inline-Monitore (<\/span>Brechungsindex)<\/p>\n\t\t\t\t\t\t\t\t<\/div>\n\t\t\t\t<\/div>\n\t\t\t\t<div class=\"elementor-element elementor-element-eb712d1 elementor-widget__width-initial elementor-widget elementor-widget-ucaddon_hotspot\" data-id=\"eb712d1\" data-element_type=\"widget\" data-e-type=\"widget\" data-widget_type=\"ucaddon_hotspot.default\">\n\t\t\t\t<div class=\"elementor-widget-container\">\n\t\t\t\t\t\n<!-- start Hotspots -->\n\t\t<link id='font-awesome-css' href='https:\/\/fluidmgmt.ak-bio.com\/wp-content\/plugins\/unlimited-elements-for-elementor-premium\/assets_libraries\/font-awesome6\/fontawesome-all.min.css' type='text\/css' rel='stylesheet' >\n\t\t<link id='font-awesome-4-shim-css' href='https:\/\/fluidmgmt.ak-bio.com\/wp-content\/plugins\/unlimited-elements-for-elementor-premium\/assets_libraries\/font-awesome6\/fontawesome-v4-shims.min.css' type='text\/css' rel='stylesheet' >\n\t\t<link id='uc_ac_assets_file_tooltipster_bundle_min_css_6495-css' href='https:\/\/fluidmgmt.ak-bio.com\/wp-content\/uploads\/ac_assets\/Hotspot\/tooltipster.bundle.min.css' type='text\/css' rel='stylesheet' >\n\n<style>\/* widget: Hotspots *\/\n\n#uc_hotspot_elementor_eb712d1\n{\n  position:relative;\n}\n#uc_hotspot_elementor_eb712d1 img\n{\n  display:block;\n  width:100%;\n}\n\n#uc_hotspot_elementor_eb712d1 .ue-hotspot-icon\n{\n  display:inline-block;\n  line-height:1em;\n}\n\n#uc_hotspot_elementor_eb712d1 .ue-hotspot-icon svg\n{\n  height:1em;\n  width:1em;\n}\n\n#uc_hotspot_elementor_eb712d1 .item-popup-text{\n  display: flex;\n  flex-direction: column;\n}\n\n#uc_hotspot_elementor_eb712d1 .spot\n{\n  display:flex;\n  align-items:center;\n  justify-content:center;\n  text-align:center;\n  cursor:pointer;\n  position:absolute;\n  transform:translate(-50%,-50%);\n  padding-right:10px;\n  padding-left:10px;\n  box-sizing:border-box;\n  transition:0.5s;\n  line-height:1em;\n  text-decoration:none;\n  \n\twidth:52px;\n\t\n\n}\n\n#uc_hotspot_elementor_eb712d1 .spot:hover\n{\n  transform:translate(-50%,-50%) scale(0.9,0.9);\n}\n\n#uc_hotspot_elementor_eb712d1 .spot:before\n{\n    content: '';\n    display: inline-block;\n    position: absolute;\n    top: -2px;\n    left: -2px;\n    bottom: -2px;\n    right: -2px;\n    border-radius: inherit;\n    border-width:1px;\n    border-style:solid;\n    -webkit-animation: btnIconRipple 2s cubic-bezier(0.23, 1, 0.32, 1) both infinite;\n    animation: btnIconRipple 2s cubic-bezier(0.23, 1, 0.32, 1) both infinite;\n}\n\n@keyframes btnIconRipple {\n  0% {\n    border-width: 4px;\n            transform: scale(1);\n  }\n  80% {\n    border-width: 1px;\n            transform: scale(1.35);\n  }\n  100% {\n    opacity: 0;\n  }\n}\n\n#uc_hotspot_elementor_eb712d1 .tooltipster-base\n{\n  max-width:300px;\n}\n.tooltipster-sidetip .tooltipster-box {\n\tbackground: #00101D !important;\n\tborder: 3px solid #00101D !important;\n}\n\n.tooltipster-sidetip .tooltipster-content\n{\n  color: #FFFFFF !important;\n}\n\n.tooltipster-sidetip.tooltipster-bottom .tooltipster-arrow-background {\n\tborder-bottom-color: #00101D !important;\n}\n\n.tooltipster-sidetip.tooltipster-left .tooltipster-arrow-background {\n\tborder-left-color: #00101D !important;\n}\n\n.tooltipster-sidetip.tooltipster-right .tooltipster-arrow-background {\n\tborder-right-color: #00101D !important;\n}\n\n.tooltipster-sidetip.tooltipster-top .tooltipster-arrow-background {\n\tborder-top-color: #00101D !important;\n}\n\n.tooltipster-sidetip.tooltipster-bottom .tooltipster-arrow-border {\n\tborder-bottom-color: #00101D !important;\n}\n\n.tooltipster-sidetip.tooltipster-left .tooltipster-arrow-border {\n\tborder-left-color: #00101D !important;\n}\n\n.tooltipster-sidetip.tooltipster-right .tooltipster-arrow-border {\n\tborder-right-color: #00101D !important;\n}\n\n.tooltipster-sidetip.tooltipster-top .tooltipster-arrow-border {\n\tborder-top-color: #00101D !important;\n}\n\n.ue-popup-overlay\n{\n  position:fixed;\n  top:0;\n  bottom:0;\n  right:0;\n  left:0;\n  width:100%;\n  display:none;\n  z-index: 99999;\n}\n\n.item-popup\n{\n  display:none;\n  background-color:white;\n  position:absolute;\n  transform:translate(-50%,-50%);\n  z-index:100000000;\n}\n\n.item-popup-title\n{\n  justify-content:space-between;\n  align-items:center;\n  display:flex;\n}\n\n.item-popup-close\n{\n  cursor:pointer;\n}\n\n.item-popup-text\n{\n  padding:20px;\n}\n.ue-hotspot-popup-button{\n  display: inline-block;\n}\n\n<\/style>\n\n<div id=\"uc_hotspot_elementor_eb712d1\" class=\"ue_hotspot \"  data-close-on-body-click=\"true\">\n  <img decoding=\"async\" src=\"https:\/\/fluidmgmt.ak-bio.com\/wp-content\/uploads\/2024\/06\/MOTIV_plus_FrontView_MAIN-scaled.webp\">\n  <div class=\"uc-hotspots-items\">\n  <a class=\"ue_hotspot-item spot elementor-repeater-item-8729536\" id=\"uc_hotspot_elementor_eb712d1_item1\" title=\"\" >\n  1  <\/a>\n\n  <\/div>\n  \n    <div class=\"ue-popup-overlay\">\n    <div class=\"item-popup\" id=\"popupuc_hotspot_elementor_eb712d1_item1\">\n  <div class=\"item-popup-title\">\n    <div><\/div>\n    <div class=\"item-popup-close\">X<\/div>\n  <\/div>\n  \n  <div class=\"item-popup-text\">\n    <img decoding=\"async\" src=\"https:\/\/fluidmgmt.ak-bio.com\/wp-content\/uploads\/2024\/09\/190710_MOTIVplus_9135-Mass_Flowmeters_01.jpg\" width=\"100%\">\t\n    Ganz auf Ihre Bed\u00fcrfnisse zugeschnitten, einschlie\u00dflich h\u00f6herer oder niedrigerer Durchflussraten.\n      <\/div>\n  \n<\/div>\n\n  <\/div> \n  <\/div>\n<!-- end Hotspots -->\t\t\t\t<\/div>\n\t\t\t\t<\/div>\n\t\t\t\t<\/div>\n\t\t<div class=\"elementor-element elementor-element-36af7a3 e-con-full e-flex e-con e-child\" data-id=\"36af7a3\" data-element_type=\"container\" data-e-type=\"container\">\n\t\t\t\t<div class=\"elementor-element elementor-element-d45acbc elementor-widget elementor-widget-heading\" data-id=\"d45acbc\" data-element_type=\"widget\" data-e-type=\"widget\" data-widget_type=\"heading.default\">\n\t\t\t\t<div class=\"elementor-widget-container\">\n\t\t\t\t\t<h2 class=\"elementor-heading-title elementor-size-default\">Video Bibliothek<\/h2>\t\t\t\t<\/div>\n\t\t\t\t<\/div>\n\t\t<div class=\"elementor-element elementor-element-b93e12b e-grid e-con-full e-con e-child\" data-id=\"b93e12b\" data-element_type=\"container\" data-e-type=\"container\">\n\t\t<div class=\"elementor-element elementor-element-566c947 e-con-full e-flex e-con e-child\" data-id=\"566c947\" data-element_type=\"container\" data-e-type=\"container\">\n\t\t\t\t<div class=\"elementor-element elementor-element-7130953 elementor-widget elementor-widget-video\" data-id=\"7130953\" data-element_type=\"widget\" data-e-type=\"widget\" data-settings=\"{&quot;youtube_url&quot;:&quot;https:\\\/\\\/www.youtube.com\\\/watch?v=9V_2Lnoyot8&quot;,&quot;video_type&quot;:&quot;youtube&quot;,&quot;controls&quot;:&quot;yes&quot;}\" data-widget_type=\"video.default\">\n\t\t\t\t<div class=\"elementor-widget-container\">\n\t\t\t\t\t\t\t<div class=\"elementor-wrapper elementor-open-inline\">\n\t\t\t<div class=\"elementor-video\"><\/div>\t\t<\/div>\n\t\t\t\t\t\t<\/div>\n\t\t\t\t<\/div>\n\t\t\t\t<\/div>\n\t\t<div class=\"elementor-element elementor-element-f46ea1a e-con-full e-flex e-con e-child\" data-id=\"f46ea1a\" data-element_type=\"container\" data-e-type=\"container\">\n\t\t\t\t<div class=\"elementor-element elementor-element-04f2f70 elementor-widget elementor-widget-video\" data-id=\"04f2f70\" data-element_type=\"widget\" data-e-type=\"widget\" data-settings=\"{&quot;youtube_url&quot;:&quot;https:\\\/\\\/www.youtube.com\\\/watch?v=wwLsL5fQLLA&quot;,&quot;video_type&quot;:&quot;youtube&quot;,&quot;controls&quot;:&quot;yes&quot;}\" data-widget_type=\"video.default\">\n\t\t\t\t<div class=\"elementor-widget-container\">\n\t\t\t\t\t\t\t<div class=\"elementor-wrapper elementor-open-inline\">\n\t\t\t<div class=\"elementor-video\"><\/div>\t\t<\/div>\n\t\t\t\t\t\t<\/div>\n\t\t\t\t<\/div>\n\t\t\t\t<\/div>\n\t\t\t\t<\/div>\n\t\t\t\t<div class=\"elementor-element elementor-element-5766d02 elementor-mobile-align-center elementor-widget-mobile__width-auto elementor-align-center elementor-widget elementor-widget-button\" data-id=\"5766d02\" data-element_type=\"widget\" data-e-type=\"widget\" data-widget_type=\"button.default\">\n\t\t\t\t<div class=\"elementor-widget-container\">\n\t\t\t\t\t\t\t\t\t<div class=\"elementor-button-wrapper\">\n\t\t\t\t\t<a class=\"elementor-button elementor-button-link elementor-size-sm\" href=\"https:\/\/fluidmgmt.ak-bio.com\/de\/video-bibliothek\/\" target=\"_blank\">\n\t\t\t\t\t\t<span class=\"elementor-button-content-wrapper\">\n\t\t\t\t\t\t\t\t\t<span class=\"elementor-button-text\">Mehr sehen<\/span>\n\t\t\t\t\t<\/span>\n\t\t\t\t\t<\/a>\n\t\t\t\t<\/div>\n\t\t\t\t\t\t\t\t<\/div>\n\t\t\t\t<\/div>\n\t\t\t\t<\/div>\n\t\t\t\t\t<\/div>\n\t\t\t\t<\/div>\n\t\t\t\t<\/div>\n\t\t","protected":false},"excerpt":{"rendered":"<p><span style=\"font-weight: 400;\">Wenn unsere Standardausf\u00fchrungen mit 3 und 5 Pumpen nicht ganz zu Ihrer speziellen Situation passen, k\u00f6nnen wir Ihnen ein System bauen, das genau das tut, was Sie brauchen.<\/span><\/p>\n","protected":false},"featured_media":27917,"template":"","meta":{"_acf_changed":false},"applications":[441],"product_brand":[],"product_cat":[637],"product_tag":[],"class_list":{"0":"post-29532","1":"product","2":"type-product","3":"status-publish","4":"has-post-thumbnail","6":"applications-biopharmazeutische-entwicklung","7":"product_cat-motiv-inline-puffer-formulierung","9":"first","10":"instock","11":"shipping-taxable","12":"product-type-simple"},"acf":[],"yoast_head":"<!-- This site is optimized with the Yoast SEO plugin v27.1.1 - https:\/\/yoast.com\/product\/yoast-seo-wordpress\/ -->\n<title>Kundenspezifisches Inline-Pufferformulierungssystem | MOTIV\u00aeplus<\/title>\n<meta name=\"description\" content=\"Entscheiden Sie sich f\u00fcr ein ma\u00dfgeschneidertes Inline-Pufferformulierungssystem, das nicht standardisierte Flussratenbereiche, zus\u00e4tzliche Pumpen und zus\u00e4tzliche Inline-Monitore bietet.\" \/>\n<meta name=\"robots\" content=\"index, follow, max-snippet:-1, max-image-preview:large, max-video-preview:-1\" \/>\n<link rel=\"canonical\" href=\"https:\/\/fluidmgmt.ak-bio.com\/de\/products\/motiv-inline-puffer-formulierung\/motivplus-inline-puffer-formulierungssystem\/\" \/>\n<meta property=\"og:locale\" content=\"de_DE\" \/>\n<meta property=\"og:type\" content=\"article\" \/>\n<meta property=\"og:title\" content=\"Kundenspezifisches Inline-Pufferformulierungssystem | MOTIV\u00aeplus\" \/>\n<meta property=\"og:description\" content=\"Entscheiden Sie sich f\u00fcr ein ma\u00dfgeschneidertes Inline-Pufferformulierungssystem, das nicht standardisierte Flussratenbereiche, zus\u00e4tzliche Pumpen und zus\u00e4tzliche Inline-Monitore bietet.\" \/>\n<meta property=\"og:url\" content=\"https:\/\/fluidmgmt.ak-bio.com\/de\/products\/motiv-inline-puffer-formulierung\/motivplus-inline-puffer-formulierungssystem\/\" \/>\n<meta property=\"og:site_name\" content=\"AK Bio - Fluid Management\" \/>\n<meta property=\"article:modified_time\" content=\"2025-02-14T00:31:19+00:00\" \/>\n<meta property=\"og:image\" content=\"https:\/\/fluidmgmt.ak-bio.com\/wp-content\/uploads\/2024\/06\/MOTIV_plus_FrontView_MAIN.png\" \/>\n\t<meta property=\"og:image:width\" content=\"625\" \/>\n\t<meta property=\"og:image:height\" content=\"758\" \/>\n\t<meta property=\"og:image:type\" content=\"image\/png\" \/>\n<meta name=\"twitter:card\" content=\"summary_large_image\" \/>\n<script type=\"application\/ld+json\" class=\"yoast-schema-graph\">{\"@context\":\"https:\/\/schema.org\",\"@graph\":[{\"@type\":\"WebPage\",\"@id\":\"https:\/\/fluidmgmt.ak-bio.com\/de\/products\/motiv-inline-puffer-formulierung\/motivplus-inline-puffer-formulierungssystem\/\",\"url\":\"https:\/\/fluidmgmt.ak-bio.com\/de\/products\/motiv-inline-puffer-formulierung\/motivplus-inline-puffer-formulierungssystem\/\",\"name\":\"Kundenspezifisches Inline-Pufferformulierungssystem | MOTIV\u00aeplus\",\"isPartOf\":{\"@id\":\"https:\/\/fluidmgmt.ak-bio.com\/de\/#website\"},\"primaryImageOfPage\":{\"@id\":\"https:\/\/fluidmgmt.ak-bio.com\/de\/products\/motiv-inline-puffer-formulierung\/motivplus-inline-puffer-formulierungssystem\/#primaryimage\"},\"image\":{\"@id\":\"https:\/\/fluidmgmt.ak-bio.com\/de\/products\/motiv-inline-puffer-formulierung\/motivplus-inline-puffer-formulierungssystem\/#primaryimage\"},\"thumbnailUrl\":\"https:\/\/fluidmgmt.ak-bio.com\/wp-content\/uploads\/2024\/06\/MOTIV_plus_FrontView_MAIN.png\",\"datePublished\":\"2024-06-06T22:10:37+00:00\",\"dateModified\":\"2025-02-14T00:31:19+00:00\",\"description\":\"Entscheiden Sie sich f\u00fcr ein ma\u00dfgeschneidertes Inline-Pufferformulierungssystem, das nicht standardisierte Flussratenbereiche, zus\u00e4tzliche Pumpen und zus\u00e4tzliche Inline-Monitore bietet.\",\"breadcrumb\":{\"@id\":\"https:\/\/fluidmgmt.ak-bio.com\/de\/products\/motiv-inline-puffer-formulierung\/motivplus-inline-puffer-formulierungssystem\/#breadcrumb\"},\"inLanguage\":\"de-DE\",\"potentialAction\":[{\"@type\":\"ReadAction\",\"target\":[\"https:\/\/fluidmgmt.ak-bio.com\/de\/products\/motiv-inline-puffer-formulierung\/motivplus-inline-puffer-formulierungssystem\/\"]}]},{\"@type\":\"ImageObject\",\"inLanguage\":\"de-DE\",\"@id\":\"https:\/\/fluidmgmt.ak-bio.com\/de\/products\/motiv-inline-puffer-formulierung\/motivplus-inline-puffer-formulierungssystem\/#primaryimage\",\"url\":\"https:\/\/fluidmgmt.ak-bio.com\/wp-content\/uploads\/2024\/06\/MOTIV_plus_FrontView_MAIN.png\",\"contentUrl\":\"https:\/\/fluidmgmt.ak-bio.com\/wp-content\/uploads\/2024\/06\/MOTIV_plus_FrontView_MAIN.png\",\"width\":625,\"height\":758,\"caption\":\"MOTIV plus FrontView\"},{\"@type\":\"BreadcrumbList\",\"@id\":\"https:\/\/fluidmgmt.ak-bio.com\/de\/products\/motiv-inline-puffer-formulierung\/motivplus-inline-puffer-formulierungssystem\/#breadcrumb\",\"itemListElement\":[{\"@type\":\"ListItem\",\"position\":1,\"name\":\"Produkte\",\"item\":\"https:\/\/fluidmgmt.ak-bio.com\/de\/produkte\/\"},{\"@type\":\"ListItem\",\"position\":2,\"name\":\"MOTIV\u00ae Inline-Puffer-Formulierung\",\"item\":\"https:\/\/fluidmgmt.ak-bio.com\/de\/product-category\/motiv-inline-puffer-formulierung\/\"},{\"@type\":\"ListItem\",\"position\":3,\"name\":\"MOTIV\u00aeplus Inline-Puffer-Formulierungssystem\"}]},{\"@type\":\"WebSite\",\"@id\":\"https:\/\/fluidmgmt.ak-bio.com\/de\/#website\",\"url\":\"https:\/\/fluidmgmt.ak-bio.com\/de\/\",\"name\":\"AK Bio - Fluid Management\",\"description\":\"\",\"publisher\":{\"@id\":\"https:\/\/fluidmgmt.ak-bio.com\/de\/#organization\"},\"potentialAction\":[{\"@type\":\"SearchAction\",\"target\":{\"@type\":\"EntryPoint\",\"urlTemplate\":\"https:\/\/fluidmgmt.ak-bio.com\/de\/?s={search_term_string}\"},\"query-input\":{\"@type\":\"PropertyValueSpecification\",\"valueRequired\":true,\"valueName\":\"search_term_string\"}}],\"inLanguage\":\"de-DE\"},{\"@type\":\"Organization\",\"@id\":\"https:\/\/fluidmgmt.ak-bio.com\/de\/#organization\",\"name\":\"AK Bio\",\"url\":\"https:\/\/fluidmgmt.ak-bio.com\/de\/\",\"logo\":{\"@type\":\"ImageObject\",\"inLanguage\":\"de-DE\",\"@id\":\"https:\/\/fluidmgmt.ak-bio.com\/de\/#\/schema\/logo\/image\/\",\"url\":\"https:\/\/fluidmgmt.ak-bio.com\/wp-content\/uploads\/2024\/04\/blue_ak_Logo.svg\",\"contentUrl\":\"https:\/\/fluidmgmt.ak-bio.com\/wp-content\/uploads\/2024\/04\/blue_ak_Logo.svg\",\"width\":197,\"height\":50,\"caption\":\"AK Bio\"},\"image\":{\"@id\":\"https:\/\/fluidmgmt.ak-bio.com\/de\/#\/schema\/logo\/image\/\"},\"sameAs\":[\"https:\/\/www.linkedin.com\/company\/asahi-kasei-bioprocess-america\/\"]}]}<\/script>\n<!-- \/ Yoast SEO plugin. -->","yoast_head_json":{"title":"Kundenspezifisches Inline-Pufferformulierungssystem | MOTIV\u00aeplus","description":"Entscheiden Sie sich f\u00fcr ein ma\u00dfgeschneidertes Inline-Pufferformulierungssystem, das nicht standardisierte Flussratenbereiche, zus\u00e4tzliche Pumpen und zus\u00e4tzliche Inline-Monitore bietet.","robots":{"index":"index","follow":"follow","max-snippet":"max-snippet:-1","max-image-preview":"max-image-preview:large","max-video-preview":"max-video-preview:-1"},"canonical":"https:\/\/fluidmgmt.ak-bio.com\/de\/products\/motiv-inline-puffer-formulierung\/motivplus-inline-puffer-formulierungssystem\/","og_locale":"de_DE","og_type":"article","og_title":"Kundenspezifisches Inline-Pufferformulierungssystem | MOTIV\u00aeplus","og_description":"Entscheiden Sie sich f\u00fcr ein ma\u00dfgeschneidertes Inline-Pufferformulierungssystem, das nicht standardisierte Flussratenbereiche, zus\u00e4tzliche Pumpen und zus\u00e4tzliche Inline-Monitore bietet.","og_url":"https:\/\/fluidmgmt.ak-bio.com\/de\/products\/motiv-inline-puffer-formulierung\/motivplus-inline-puffer-formulierungssystem\/","og_site_name":"AK Bio - Fluid Management","article_modified_time":"2025-02-14T00:31:19+00:00","og_image":[{"width":625,"height":758,"url":"https:\/\/fluidmgmt.ak-bio.com\/wp-content\/uploads\/2024\/06\/MOTIV_plus_FrontView_MAIN.png","type":"image\/png"}],"twitter_card":"summary_large_image","schema":{"@context":"https:\/\/schema.org","@graph":[{"@type":"WebPage","@id":"https:\/\/fluidmgmt.ak-bio.com\/de\/products\/motiv-inline-puffer-formulierung\/motivplus-inline-puffer-formulierungssystem\/","url":"https:\/\/fluidmgmt.ak-bio.com\/de\/products\/motiv-inline-puffer-formulierung\/motivplus-inline-puffer-formulierungssystem\/","name":"Kundenspezifisches Inline-Pufferformulierungssystem | MOTIV\u00aeplus","isPartOf":{"@id":"https:\/\/fluidmgmt.ak-bio.com\/de\/#website"},"primaryImageOfPage":{"@id":"https:\/\/fluidmgmt.ak-bio.com\/de\/products\/motiv-inline-puffer-formulierung\/motivplus-inline-puffer-formulierungssystem\/#primaryimage"},"image":{"@id":"https:\/\/fluidmgmt.ak-bio.com\/de\/products\/motiv-inline-puffer-formulierung\/motivplus-inline-puffer-formulierungssystem\/#primaryimage"},"thumbnailUrl":"https:\/\/fluidmgmt.ak-bio.com\/wp-content\/uploads\/2024\/06\/MOTIV_plus_FrontView_MAIN.png","datePublished":"2024-06-06T22:10:37+00:00","dateModified":"2025-02-14T00:31:19+00:00","description":"Entscheiden Sie sich f\u00fcr ein ma\u00dfgeschneidertes Inline-Pufferformulierungssystem, das nicht standardisierte Flussratenbereiche, zus\u00e4tzliche Pumpen und zus\u00e4tzliche Inline-Monitore bietet.","breadcrumb":{"@id":"https:\/\/fluidmgmt.ak-bio.com\/de\/products\/motiv-inline-puffer-formulierung\/motivplus-inline-puffer-formulierungssystem\/#breadcrumb"},"inLanguage":"de-DE","potentialAction":[{"@type":"ReadAction","target":["https:\/\/fluidmgmt.ak-bio.com\/de\/products\/motiv-inline-puffer-formulierung\/motivplus-inline-puffer-formulierungssystem\/"]}]},{"@type":"ImageObject","inLanguage":"de-DE","@id":"https:\/\/fluidmgmt.ak-bio.com\/de\/products\/motiv-inline-puffer-formulierung\/motivplus-inline-puffer-formulierungssystem\/#primaryimage","url":"https:\/\/fluidmgmt.ak-bio.com\/wp-content\/uploads\/2024\/06\/MOTIV_plus_FrontView_MAIN.png","contentUrl":"https:\/\/fluidmgmt.ak-bio.com\/wp-content\/uploads\/2024\/06\/MOTIV_plus_FrontView_MAIN.png","width":625,"height":758,"caption":"MOTIV plus FrontView"},{"@type":"BreadcrumbList","@id":"https:\/\/fluidmgmt.ak-bio.com\/de\/products\/motiv-inline-puffer-formulierung\/motivplus-inline-puffer-formulierungssystem\/#breadcrumb","itemListElement":[{"@type":"ListItem","position":1,"name":"Produkte","item":"https:\/\/fluidmgmt.ak-bio.com\/de\/produkte\/"},{"@type":"ListItem","position":2,"name":"MOTIV\u00ae Inline-Puffer-Formulierung","item":"https:\/\/fluidmgmt.ak-bio.com\/de\/product-category\/motiv-inline-puffer-formulierung\/"},{"@type":"ListItem","position":3,"name":"MOTIV\u00aeplus Inline-Puffer-Formulierungssystem"}]},{"@type":"WebSite","@id":"https:\/\/fluidmgmt.ak-bio.com\/de\/#website","url":"https:\/\/fluidmgmt.ak-bio.com\/de\/","name":"AK Bio - Fluid Management","description":"","publisher":{"@id":"https:\/\/fluidmgmt.ak-bio.com\/de\/#organization"},"potentialAction":[{"@type":"SearchAction","target":{"@type":"EntryPoint","urlTemplate":"https:\/\/fluidmgmt.ak-bio.com\/de\/?s={search_term_string}"},"query-input":{"@type":"PropertyValueSpecification","valueRequired":true,"valueName":"search_term_string"}}],"inLanguage":"de-DE"},{"@type":"Organization","@id":"https:\/\/fluidmgmt.ak-bio.com\/de\/#organization","name":"AK Bio","url":"https:\/\/fluidmgmt.ak-bio.com\/de\/","logo":{"@type":"ImageObject","inLanguage":"de-DE","@id":"https:\/\/fluidmgmt.ak-bio.com\/de\/#\/schema\/logo\/image\/","url":"https:\/\/fluidmgmt.ak-bio.com\/wp-content\/uploads\/2024\/04\/blue_ak_Logo.svg","contentUrl":"https:\/\/fluidmgmt.ak-bio.com\/wp-content\/uploads\/2024\/04\/blue_ak_Logo.svg","width":197,"height":50,"caption":"AK Bio"},"image":{"@id":"https:\/\/fluidmgmt.ak-bio.com\/de\/#\/schema\/logo\/image\/"},"sameAs":["https:\/\/www.linkedin.com\/company\/asahi-kasei-bioprocess-america\/"]}]}},"_links":{"self":[{"href":"https:\/\/fluidmgmt.ak-bio.com\/de\/wp-json\/wp\/v2\/product\/29532","targetHints":{"allow":["GET"]}}],"collection":[{"href":"https:\/\/fluidmgmt.ak-bio.com\/de\/wp-json\/wp\/v2\/product"}],"about":[{"href":"https:\/\/fluidmgmt.ak-bio.com\/de\/wp-json\/wp\/v2\/types\/product"}],"version-history":[{"count":0,"href":"https:\/\/fluidmgmt.ak-bio.com\/de\/wp-json\/wp\/v2\/product\/29532\/revisions"}],"wp:featuredmedia":[{"embeddable":true,"href":"https:\/\/fluidmgmt.ak-bio.com\/de\/wp-json\/wp\/v2\/media\/27917"}],"wp:attachment":[{"href":"https:\/\/fluidmgmt.ak-bio.com\/de\/wp-json\/wp\/v2\/media?parent=29532"}],"wp:term":[{"taxonomy":"applications","embeddable":true,"href":"https:\/\/fluidmgmt.ak-bio.com\/de\/wp-json\/wp\/v2\/applications?post=29532"},{"taxonomy":"product_brand","embeddable":true,"href":"https:\/\/fluidmgmt.ak-bio.com\/de\/wp-json\/wp\/v2\/product_brand?post=29532"},{"taxonomy":"product_cat","embeddable":true,"href":"https:\/\/fluidmgmt.ak-bio.com\/de\/wp-json\/wp\/v2\/product_cat?post=29532"},{"taxonomy":"product_tag","embeddable":true,"href":"https:\/\/fluidmgmt.ak-bio.com\/de\/wp-json\/wp\/v2\/product_tag?post=29532"}],"curies":[{"name":"wp","href":"https:\/\/api.w.org\/{rel}","templated":true}]}}