{"id":22418,"date":"2024-04-04T22:05:21","date_gmt":"2024-04-05T02:05:21","guid":{"rendered":"https:\/\/fluidmgmt.ak-bio.com\/politica-de-privacidad\/"},"modified":"2025-11-24T10:47:28","modified_gmt":"2025-11-24T15:47:28","slug":"politica-de-privacidad","status":"publish","type":"page","link":"https:\/\/fluidmgmt.ak-bio.com\/es\/politica-de-privacidad\/","title":{"rendered":"Pol\u00edtica de privacidad"},"content":{"rendered":"\t\t<div data-elementor-type=\"wp-page\" data-elementor-id=\"22418\" class=\"elementor elementor-22418 elementor-3\" data-elementor-post-type=\"page\">\n\t\t\t\t<div class=\"elementor-element elementor-element-63d45b3e e-flex e-con-boxed e-con e-parent\" data-id=\"63d45b3e\" data-element_type=\"container\" data-e-type=\"container\" data-settings=\"{&quot;background_background&quot;:&quot;classic&quot;}\">\n\t\t\t\t\t<div class=\"e-con-inner\">\n\t\t\t\t<div class=\"elementor-element elementor-element-7a4fdd61 elementor-widget elementor-widget-text-editor\" data-id=\"7a4fdd61\" data-element_type=\"widget\" data-e-type=\"widget\" data-widget_type=\"text-editor.default\">\n\t\t\t\t<div class=\"elementor-widget-container\">\n\t\t\t\t\t\t\t\t\t<h1><span style=\"color: #002948;\">Pol\u00edtica de privacidad<\/span><\/h1>\n\n<p>En el transcurso de su actividad empresarial, el Grupo Asahi Kasei*Abrir nueva ventana recibe informaci\u00f3n personal como nombres, direcciones postales, n\u00fameros de tel\u00e9fono y direcciones de correo electr\u00f3nico de consumidores, clientes, proveedores, accionistas y otros, adem\u00e1s de la informaci\u00f3n personal de nuestros ejecutivos y empleados que obra en nuestro poder. Tenemos el compromiso omega replica de mantener la privacidad y seguridad de esta informaci\u00f3n personal, y de garantizar que se maneja adecuadamente de acuerdo con esta pol\u00edtica. <br><br>Dado que esta pol\u00edtica puede ser revisada, te recomendamos que vuelvas a consultar esta p\u00e1gina de vez en cuando.<\/p>\n\n<ul>\n<li>Tratamos la informaci\u00f3n personal adecuadamente y de acuerdo con la Ley de Protecci\u00f3n de Datos Personales y otras leyes aplicables, y de conformidad con las normas y est\u00e1ndares generalmente aceptados.<\/li>\n\n<li>Nos aseguramos de que el personal de todo el Grupo Asahi Kasei comprenda a fondo y cumpla fielmente las normas y reglamentos corporativos para el tratamiento de la informaci\u00f3n personal.<\/li>\n\n<li>Utilizamos la informaci\u00f3n personal s\u00f3lo para los fines espec\u00edficos que se han indicado o anunciado en el momento de su recepci\u00f3n.<\/li>\n\n<li>Empleamos medidas apropiadas en el mantenimiento y la gesti\u00f3n de la informaci\u00f3n personal para asegurar contra la alteraci\u00f3n, divulgaci\u00f3n y p\u00e9rdida no autorizadas de la informaci\u00f3n personal.<\/li>\n\n<li>Responderemos de buena fe a tus solicitudes de confirmaci\u00f3n, revisi\u00f3n, cese de uso o eliminaci\u00f3n de tus datos personales.<\/li>\n<\/ul>\n\n<p>A continuaci\u00f3n se describen los detalles.<\/p>\n\n<p> <\/p>\n\n<h3 class=\"wp-block-heading\">Finalidad de uso<\/h3>\n\n<p>A continuaci\u00f3n se describen los fines para los que las empresas del Grupo Asahi Kasei pueden utilizar la informaci\u00f3n personal. Algunas empresas del Grupo Asahi Kasei incluyen finalidades adicionales descritas en la pol\u00edtica de privacidad espec\u00edfica de sus respectivos sitios web o secciones de este sitio web. <\/p>\n\n<ul>\n<li>Respuesta a consultas o solicitudes.<\/li>\n\n<li>Suministro, acumulaci\u00f3n, investigaci\u00f3n, estudio y respuesta a la informaci\u00f3n relacionada con productos y servicios.<\/li>\n\n<li>Notificaci\u00f3n de ferias u otros eventos relacionados con productos y servicios.<\/li>\n\n<li>Entrega de regalos o recompensas ganadas en sorteos o concursos.<\/li>\n\n<li>Consulta, comunicaci\u00f3n (incluida la distribuci\u00f3n de informes), consulta, discusi\u00f3n, estudio, contrataci\u00f3n, realizaci\u00f3n y recepci\u00f3n de pedidos, env\u00edo, facturaci\u00f3n, recepci\u00f3n de pagos, remisi\u00f3n de pagos y gesti\u00f3n de cr\u00e9ditos y deudas en relaci\u00f3n con transacciones comerciales, Conducta Responsable, relaciones con inversores, transacciones financieras y gesti\u00f3n de fondos de pensiones.<\/li>\n\n<li>Investigaci\u00f3n, estudio y respuesta a las circunstancias de uso de los productos y servicios y a las necesidades relacionadas con los mismos.<\/li>\n\n<li>Gesti\u00f3n de la entrada y salida de personas y veh\u00edculos en las instalaciones del Grupo Asahi Kasei.<\/li>\n\n<li>Enlace con las comunidades donde se encuentran las instalaciones del Grupo Asahi Kasei.<\/li>\n\n<li>Notificaci\u00f3n e informaci\u00f3n a organismos gubernamentales, oficinas municipales y organismos p\u00fablicos.<\/li>\n<\/ul>\n\n<p> <\/p>\n\n<h3 class=\"wp-block-heading\">Uso compartido<\/h3>\n\n<p>Asahi Kasei Corporation puede compartir datos personales con empresas del Grupo Asahi Kasei como se indica a continuaci\u00f3n. Algunas empresas del Grupo Asahi Kasei incluyen el uso compartido adicional que se describe en la pol\u00edtica de privacidad espec\u00edfica de sus respectivos sitios web o secciones de este sitio web. <\/p>\n\n<figure class=\"wp-block-table\">\n<table>\n<tbody>\n<tr>\n<th>Informaci\u00f3n sujeta a uso compartido<\/th>\n<th>Finalidad del uso compartido<\/th>\n<th>Parte responsable<\/th>\n<\/tr>\n<tr>\n<td>Nombres e informaci\u00f3n de contacto en poder de Asuntos Generales<\/td>\n<td>Respuesta adecuada a consultas y solicitudes<\/td>\n<td>Director General de Asuntos Generales<\/td>\n<\/tr>\n<tr>\n<td>Nombres e informaci\u00f3n de contacto en poder de Adquisiciones y Log\u00edstica Corporativas<\/td>\n<td>Ejecuci\u00f3n de funciones relacionadas con el aprovisionamiento<\/td>\n<td>Director General de Adquisiciones y Log\u00edstica Corporativas<\/td>\n<\/tr>\n<tr>\n<td>Nombres e informaci\u00f3n de contacto en poder de Contabilidad y Control Corporativo y Finanzas Corporativas<\/td>\n<td>Gesti\u00f3n de cr\u00e9ditos y deudas, tramitaci\u00f3n de pagos<\/td>\n<td>Director General de Contabilidad y Control Corporativo y Director General de Finanzas Corporativas<\/td>\n<\/tr>\n<tr>\n<td>Ernst Handel<\/td>\n<td>Roland Mendel<\/td>\n<td>Austria<\/td>\n<\/tr>\n<\/tbody>\n<\/table>\n<\/figure>\n\n<p> <\/p>\n\n<h3 class=\"wp-block-heading\">Divulgaci\u00f3n a terceros<\/h3>\n\n<p>En los casos en que sea necesario revelar informaci\u00f3n personal a subcontratistas en el curso de la subcontrataci\u00f3n, las empresas del Grupo Asahi Kasei celebran acuerdos con las empresas subcontratadas que exigen que dicha informaci\u00f3n personal se trate de acuerdo con las normas del Grupo Asahi Kasei. El tratamiento de la informaci\u00f3n personal por parte de las empresas subcontratadas se controla y supervisa para garantizar su cumplimiento. <br><br>Los \u00fanicos otros casos en los que se revelan datos personales a terceros se describen a continuaci\u00f3n.<\/p>\n\n<ul>\n<li>Si tenemos tu aprobaci\u00f3n previa para hacerlo.<\/li>\n\n<li>Si la posibilidad de dicha divulgaci\u00f3n se indic\u00f3 claramente en el momento en que se recibi\u00f3 la informaci\u00f3n personal.<\/li>\n\n<li>Si la respuesta adecuada a una consulta o solicitud requiere la divulgaci\u00f3n a una empresa del Grupo Asahi Kasei.<\/li>\n\n<li>Si se divulga informaci\u00f3n en una forma que impida la identificaci\u00f3n personal para realizar an\u00e1lisis estad\u00edsticos.<\/li>\n\n<li>Si la fusi\u00f3n, la separaci\u00f3n de la empresa o el traspaso de la empresa hacen necesaria la divulgaci\u00f3n para la sucesi\u00f3n de las operaciones.<\/li>\n\n<li>Si lo exige la ley o la normativa.<\/li>\n\n<li>Si es necesario para proteger la vida, la salud o los bienes de una persona, y no podemos obtener tu aprobaci\u00f3n previa.<\/li>\n\n<li>Enlace con las comunidades donde se encuentran las instalaciones del Grupo Asahi Kasei.<\/li>\n\n<li>Si es necesario en el curso de la cooperaci\u00f3n con las autoridades gubernamentales y obtener tu aprobaci\u00f3n previa impedir\u00eda a las autoridades la ejecuci\u00f3n de sus funciones.<\/li>\n<\/ul>\n\n<p> <\/p>\n\n<h3 class=\"wp-block-heading\">Consultas de informaci\u00f3n personal<\/h3>\n\n<ul>\n<li><strong>Confirmaci\u00f3n<\/strong><br>Para tu examen y confirmaci\u00f3n, puedes solicitar que te revelemos los datos personales tuyos que conservamos. Tras verificar que la persona que realiza dicha solicitud es la persona para la que se solicita la divulgaci\u00f3n o un apoderado debidamente autorizado de la misma, responderemos en un plazo y con una extensi\u00f3n razonables. <\/li>\n\n<li><strong>Correcci\u00f3n, revisi\u00f3n<\/strong><br>Puedes solicitar que corrijamos o revisemos los datos personales tuyos que conservamos. Tras verificar que la identidad de la persona que realiza dicha solicitud es la persona para la que se solicita la correcci\u00f3n o revisi\u00f3n o un apoderado debidamente autorizado de la misma, responderemos en un plazo y medida razonables si los datos que conservamos son inexactos. <\/li>\n\n<li>Cese de <strong>uso, supresi\u00f3n<\/strong><br>Puedes solicitar que dejemos de utilizar o suprimamos los datos personales tuyos que conservamos. Tras verificar que la identidad de la persona que realiza dicha solicitud es la persona para la que se solicita el cese de uso o la supresi\u00f3n o un apoderado debidamente autorizado de la misma, responderemos en un plazo y medida razonables.<br>Ten en cuenta que el cese de uso o la supresi\u00f3n de parte o de la totalidad aaa replica watches de tus datos personales puede impedirnos prestarte determinados servicios. Ten en cuenta tambi\u00e9n que la normativa aplicable establece que podemos negarnos a satisfacer dicha solicitud en determinados casos.  <\/li>\n\n<li><strong>Cese de uso, eliminaci\u00f3n<\/strong><br>Las solicitudes de confirmaci\u00f3n, correcci\u00f3n, revisi\u00f3n, cese de uso o eliminaci\u00f3n de datos personales conservados pueden realizarse a trav\u00e9s del formulario de consulta, por fax al +81-(0)3-3296-3161, o por correo postal a Corporate Affairs, 1-105 Kanda Jinbocho, Chiyoda-ku, Tokio 101-8101, Jap\u00f3n.<br>Si tus datos personales nos fueron facilitados a trav\u00e9s de sitios web de empresas del Grupo Asahi Kasei o secciones de este sitio web que tienen una pol\u00edtica de privacidad independiente, consulta la informaci\u00f3n de contacto que figura en dicha pol\u00edtica de privacidad.<\/li>\n\n<li><strong>Tasa<\/strong> de tramitaci\u00f3n<br>Los costes en los que incurramos para satisfacer una solicitud de confirmaci\u00f3n, rectificaci\u00f3n, revisi\u00f3n, cese de uso o eliminaci\u00f3n de datos personales conservados pueden cobrarse a ti o a tu apoderado como tasa de tramitaci\u00f3n.<\/li>\n<\/ul>\n\n<div class=\"wp-block-spacer\" style=\"height: 100px;\" aria-hidden=\"true\"> <\/div>\n\t\t\t\t\t\t\t\t<\/div>\n\t\t\t\t<\/div>\n\t\t\t\t\t<\/div>\n\t\t\t\t<\/div>\n\t\t<div class=\"elementor-element elementor-element-7564ee34 e-flex e-con-boxed e-con e-parent\" data-id=\"7564ee34\" data-element_type=\"container\" data-e-type=\"container\" data-settings=\"{&quot;background_background&quot;:&quot;classic&quot;}\">\n\t\t\t\t\t<div class=\"e-con-inner\">\n\t\t<div class=\"elementor-element elementor-element-730accc e-con-full e-flex e-con e-child\" data-id=\"730accc\" data-element_type=\"container\" data-e-type=\"container\" data-settings=\"{&quot;position&quot;:&quot;absolute&quot;}\">\n\t\t\t\t<\/div>\n\t\t<div class=\"elementor-element elementor-element-e4c97f4 e-con-full e-flex e-con e-child\" data-id=\"e4c97f4\" data-element_type=\"container\" data-e-type=\"container\" data-settings=\"{&quot;background_background&quot;:&quot;slideshow&quot;,&quot;background_slideshow_gallery&quot;:[],&quot;background_slideshow_loop&quot;:&quot;yes&quot;,&quot;background_slideshow_slide_duration&quot;:5000,&quot;background_slideshow_slide_transition&quot;:&quot;fade&quot;,&quot;background_slideshow_transition_duration&quot;:500}\">\n\t\t\t\t<div class=\"elementor-element elementor-element-c3d86d1 elementor-widget elementor-widget-heading\" data-id=\"c3d86d1\" data-element_type=\"widget\" data-e-type=\"widget\" data-widget_type=\"heading.default\">\n\t\t\t\t<div class=\"elementor-widget-container\">\n\t\t\t\t\t<h2 class=\"elementor-heading-title elementor-size-default\">Grupo Asahi Kasei<\/h2>\t\t\t\t<\/div>\n\t\t\t\t<\/div>\n\t\t\t\t<div class=\"elementor-element elementor-element-63f8e68 elementor-widget elementor-widget-text-editor\" data-id=\"63f8e68\" data-element_type=\"widget\" data-e-type=\"widget\" data-widget_type=\"text-editor.default\">\n\t\t\t\t<div class=\"elementor-widget-container\">\n\t\t\t\t\t\t\t\t\t<p>Nosotros, el Grupo Asahi Kasei, contribuimos a la vida de las personas de todo el mundo.<\/p>\t\t\t\t\t\t\t\t<\/div>\n\t\t\t\t<\/div>\n\t\t\t\t<div class=\"elementor-element elementor-element-9b02127 elementor-mobile-align-center elementor-widget-mobile__width-auto elementor-align-left elementor-widget elementor-widget-button\" data-id=\"9b02127\" data-element_type=\"widget\" data-e-type=\"widget\" data-widget_type=\"button.default\">\n\t\t\t\t<div class=\"elementor-widget-container\">\n\t\t\t\t\t\t\t\t\t<div class=\"elementor-button-wrapper\">\n\t\t\t\t\t<a class=\"elementor-button elementor-button-link elementor-size-sm\" href=\"https:\/\/www.asahi-kasei.com\/\">\n\t\t\t\t\t\t<span class=\"elementor-button-content-wrapper\">\n\t\t\t\t\t\t\t\t\t<span class=\"elementor-button-text\">Saber m\u00e1s<\/span>\n\t\t\t\t\t<\/span>\n\t\t\t\t\t<\/a>\n\t\t\t\t<\/div>\n\t\t\t\t\t\t\t\t<\/div>\n\t\t\t\t<\/div>\n\t\t\t\t<\/div>\n\t\t\t\t\t<\/div>\n\t\t\t\t<\/div>\n\t\t\t\t<\/div>\n\t\t","protected":false},"excerpt":{"rendered":"<p>Pol\u00edtica de privacidad En el transcurso de su actividad empresarial, el Grupo Asahi Kasei*Abrir nueva ventana recibe informaci\u00f3n personal como nombres, direcciones postales, n\u00fameros de tel\u00e9fono y direcciones de correo electr\u00f3nico de consumidores, clientes, proveedores, accionistas y otros, adem\u00e1s de la informaci\u00f3n personal de nuestros ejecutivos y empleados que obra en nuestro poder. Tenemos el [&hellip;]<\/p>\n","protected":false},"author":1,"featured_media":0,"parent":0,"menu_order":0,"comment_status":"closed","ping_status":"open","template":"","meta":{"_acf_changed":false,"footnotes":""},"class_list":["post-22418","page","type-page","status-publish","hentry"],"acf":[],"yoast_head":"<!-- This site is optimized with the Yoast SEO plugin v27.1.1 - https:\/\/yoast.com\/product\/yoast-seo-wordpress\/ -->\n<title>Pol\u00edtica de privacidad | Asahi Kasei Bioprocess<\/title>\n<meta name=\"description\" content=\"Asahi Kasei Bioprocess recopila, utiliza y divulga informaci\u00f3n personal de forma coherente con las leyes de los pa\u00edses en los que hacemos negocios.\" \/>\n<meta name=\"robots\" content=\"index, follow, max-snippet:-1, max-image-preview:large, max-video-preview:-1\" \/>\n<link rel=\"canonical\" href=\"https:\/\/fluidmgmt.ak-bio.com\/es\/politica-de-privacidad\/\" \/>\n<meta property=\"og:locale\" content=\"es_ES\" \/>\n<meta property=\"og:type\" content=\"article\" \/>\n<meta property=\"og:title\" content=\"Pol\u00edtica de privacidad | Asahi Kasei Bioprocess\" \/>\n<meta property=\"og:description\" content=\"Asahi Kasei Bioprocess recopila, utiliza y divulga informaci\u00f3n personal de forma coherente con las leyes de los pa\u00edses en los que hacemos negocios.\" \/>\n<meta property=\"og:url\" content=\"https:\/\/fluidmgmt.ak-bio.com\/es\/politica-de-privacidad\/\" \/>\n<meta property=\"og:site_name\" content=\"AK Bio - Fluid Management\" \/>\n<meta property=\"article:modified_time\" content=\"2025-11-24T15:47:28+00:00\" \/>\n<meta property=\"og:image\" content=\"https:\/\/fluidmgmt.ak-bio.com\/wp-content\/uploads\/2024\/05\/Home-dna-scaled.webp\" \/>\n\t<meta property=\"og:image:width\" content=\"2560\" \/>\n\t<meta property=\"og:image:height\" content=\"1435\" \/>\n\t<meta property=\"og:image:type\" content=\"image\/webp\" \/>\n<meta name=\"twitter:card\" content=\"summary_large_image\" \/>\n<meta name=\"twitter:label1\" content=\"Tiempo de lectura\" \/>\n\t<meta name=\"twitter:data1\" content=\"7 minutos\" \/>\n<script type=\"application\/ld+json\" class=\"yoast-schema-graph\">{\"@context\":\"https:\/\/schema.org\",\"@graph\":[{\"@type\":\"WebPage\",\"@id\":\"https:\/\/fluidmgmt.ak-bio.com\/es\/politica-de-privacidad\/\",\"url\":\"https:\/\/fluidmgmt.ak-bio.com\/es\/politica-de-privacidad\/\",\"name\":\"Pol\u00edtica de privacidad | Asahi Kasei Bioprocess\",\"isPartOf\":{\"@id\":\"https:\/\/fluidmgmt.ak-bio.com\/es\/#website\"},\"datePublished\":\"2024-04-05T02:05:21+00:00\",\"dateModified\":\"2025-11-24T15:47:28+00:00\",\"description\":\"Asahi Kasei Bioprocess recopila, utiliza y divulga informaci\u00f3n personal de forma coherente con las leyes de los pa\u00edses en los que hacemos negocios.\",\"inLanguage\":\"es\",\"potentialAction\":[{\"@type\":\"ReadAction\",\"target\":[\"https:\/\/fluidmgmt.ak-bio.com\/es\/politica-de-privacidad\/\"]}]},{\"@type\":\"WebSite\",\"@id\":\"https:\/\/fluidmgmt.ak-bio.com\/es\/#website\",\"url\":\"https:\/\/fluidmgmt.ak-bio.com\/es\/\",\"name\":\"AK Bio - Fluid Management\",\"description\":\"\",\"publisher\":{\"@id\":\"https:\/\/fluidmgmt.ak-bio.com\/es\/#organization\"},\"potentialAction\":[{\"@type\":\"SearchAction\",\"target\":{\"@type\":\"EntryPoint\",\"urlTemplate\":\"https:\/\/fluidmgmt.ak-bio.com\/es\/?s={search_term_string}\"},\"query-input\":{\"@type\":\"PropertyValueSpecification\",\"valueRequired\":true,\"valueName\":\"search_term_string\"}}],\"inLanguage\":\"es\"},{\"@type\":\"Organization\",\"@id\":\"https:\/\/fluidmgmt.ak-bio.com\/es\/#organization\",\"name\":\"AK Bio\",\"url\":\"https:\/\/fluidmgmt.ak-bio.com\/es\/\",\"logo\":{\"@type\":\"ImageObject\",\"inLanguage\":\"es\",\"@id\":\"https:\/\/fluidmgmt.ak-bio.com\/es\/#\/schema\/logo\/image\/\",\"url\":\"https:\/\/fluidmgmt.ak-bio.com\/wp-content\/uploads\/2024\/04\/blue_ak_Logo.svg\",\"contentUrl\":\"https:\/\/fluidmgmt.ak-bio.com\/wp-content\/uploads\/2024\/04\/blue_ak_Logo.svg\",\"width\":197,\"height\":50,\"caption\":\"AK Bio\"},\"image\":{\"@id\":\"https:\/\/fluidmgmt.ak-bio.com\/es\/#\/schema\/logo\/image\/\"},\"sameAs\":[\"https:\/\/www.linkedin.com\/company\/asahi-kasei-bioprocess-america\/\"]}]}<\/script>\n<!-- \/ Yoast SEO plugin. -->","yoast_head_json":{"title":"Pol\u00edtica de privacidad | Asahi Kasei Bioprocess","description":"Asahi Kasei Bioprocess recopila, utiliza y divulga informaci\u00f3n personal de forma coherente con las leyes de los pa\u00edses en los que hacemos negocios.","robots":{"index":"index","follow":"follow","max-snippet":"max-snippet:-1","max-image-preview":"max-image-preview:large","max-video-preview":"max-video-preview:-1"},"canonical":"https:\/\/fluidmgmt.ak-bio.com\/es\/politica-de-privacidad\/","og_locale":"es_ES","og_type":"article","og_title":"Pol\u00edtica de privacidad | Asahi Kasei Bioprocess","og_description":"Asahi Kasei Bioprocess recopila, utiliza y divulga informaci\u00f3n personal de forma coherente con las leyes de los pa\u00edses en los que hacemos negocios.","og_url":"https:\/\/fluidmgmt.ak-bio.com\/es\/politica-de-privacidad\/","og_site_name":"AK Bio - Fluid Management","article_modified_time":"2025-11-24T15:47:28+00:00","og_image":[{"width":2560,"height":1435,"url":"https:\/\/fluidmgmt.ak-bio.com\/wp-content\/uploads\/2024\/05\/Home-dna-scaled.webp","type":"image\/webp"}],"twitter_card":"summary_large_image","twitter_misc":{"Tiempo de lectura":"7 minutos"},"schema":{"@context":"https:\/\/schema.org","@graph":[{"@type":"WebPage","@id":"https:\/\/fluidmgmt.ak-bio.com\/es\/politica-de-privacidad\/","url":"https:\/\/fluidmgmt.ak-bio.com\/es\/politica-de-privacidad\/","name":"Pol\u00edtica de privacidad | Asahi Kasei Bioprocess","isPartOf":{"@id":"https:\/\/fluidmgmt.ak-bio.com\/es\/#website"},"datePublished":"2024-04-05T02:05:21+00:00","dateModified":"2025-11-24T15:47:28+00:00","description":"Asahi Kasei Bioprocess recopila, utiliza y divulga informaci\u00f3n personal de forma coherente con las leyes de los pa\u00edses en los que hacemos negocios.","inLanguage":"es","potentialAction":[{"@type":"ReadAction","target":["https:\/\/fluidmgmt.ak-bio.com\/es\/politica-de-privacidad\/"]}]},{"@type":"WebSite","@id":"https:\/\/fluidmgmt.ak-bio.com\/es\/#website","url":"https:\/\/fluidmgmt.ak-bio.com\/es\/","name":"AK Bio - Fluid Management","description":"","publisher":{"@id":"https:\/\/fluidmgmt.ak-bio.com\/es\/#organization"},"potentialAction":[{"@type":"SearchAction","target":{"@type":"EntryPoint","urlTemplate":"https:\/\/fluidmgmt.ak-bio.com\/es\/?s={search_term_string}"},"query-input":{"@type":"PropertyValueSpecification","valueRequired":true,"valueName":"search_term_string"}}],"inLanguage":"es"},{"@type":"Organization","@id":"https:\/\/fluidmgmt.ak-bio.com\/es\/#organization","name":"AK Bio","url":"https:\/\/fluidmgmt.ak-bio.com\/es\/","logo":{"@type":"ImageObject","inLanguage":"es","@id":"https:\/\/fluidmgmt.ak-bio.com\/es\/#\/schema\/logo\/image\/","url":"https:\/\/fluidmgmt.ak-bio.com\/wp-content\/uploads\/2024\/04\/blue_ak_Logo.svg","contentUrl":"https:\/\/fluidmgmt.ak-bio.com\/wp-content\/uploads\/2024\/04\/blue_ak_Logo.svg","width":197,"height":50,"caption":"AK Bio"},"image":{"@id":"https:\/\/fluidmgmt.ak-bio.com\/es\/#\/schema\/logo\/image\/"},"sameAs":["https:\/\/www.linkedin.com\/company\/asahi-kasei-bioprocess-america\/"]}]}},"_links":{"self":[{"href":"https:\/\/fluidmgmt.ak-bio.com\/es\/wp-json\/wp\/v2\/pages\/22418","targetHints":{"allow":["GET"]}}],"collection":[{"href":"https:\/\/fluidmgmt.ak-bio.com\/es\/wp-json\/wp\/v2\/pages"}],"about":[{"href":"https:\/\/fluidmgmt.ak-bio.com\/es\/wp-json\/wp\/v2\/types\/page"}],"author":[{"embeddable":true,"href":"https:\/\/fluidmgmt.ak-bio.com\/es\/wp-json\/wp\/v2\/users\/1"}],"replies":[{"embeddable":true,"href":"https:\/\/fluidmgmt.ak-bio.com\/es\/wp-json\/wp\/v2\/comments?post=22418"}],"version-history":[{"count":0,"href":"https:\/\/fluidmgmt.ak-bio.com\/es\/wp-json\/wp\/v2\/pages\/22418\/revisions"}],"wp:attachment":[{"href":"https:\/\/fluidmgmt.ak-bio.com\/es\/wp-json\/wp\/v2\/media?parent=22418"}],"curies":[{"name":"wp","href":"https:\/\/api.w.org\/{rel}","templated":true}]}}