{"id":31592,"date":"2025-03-21T15:17:00","date_gmt":"2025-03-21T19:17:00","guid":{"rendered":"https:\/\/fluidmgmt.ak-bio.com\/acelerar-la-fabricacion-de-oligos-en-tides-usa-2025\/"},"modified":"2025-11-21T10:17:38","modified_gmt":"2025-11-21T15:17:38","slug":"acelerar-la-fabricacion-de-oligos-en-tides-usa-2025","status":"publish","type":"page","link":"https:\/\/fluidmgmt.ak-bio.com\/es\/acelerar-la-fabricacion-de-oligos-en-tides-usa-2025\/","title":{"rendered":"Acelerar la fabricaci\u00f3n de \u00f3ligos en TIDES USA 2025"},"content":{"rendered":"\t\t<div data-elementor-type=\"wp-page\" data-elementor-id=\"31592\" class=\"elementor elementor-31592 elementor-31555\" data-elementor-post-type=\"page\">\n\t\t\t\t<div class=\"elementor-element elementor-element-68d069a e-con-full e-flex e-con e-parent\" data-id=\"68d069a\" data-element_type=\"container\" data-e-type=\"container\" data-settings=\"{&quot;background_background&quot;:&quot;classic&quot;}\">\n\t\t\t\t<div class=\"elementor-element elementor-element-7b5398a elementor-widget elementor-widget-image\" data-id=\"7b5398a\" data-element_type=\"widget\" data-e-type=\"widget\" data-widget_type=\"image.default\">\n\t\t\t\t<div class=\"elementor-widget-container\">\n\t\t\t\t\t\t\t\t\t\t\t\t\t\t\t\t<a href=\"https:\/\/fluidmgmt.ak-bio.com\/es\/\">\n\t\t\t\t\t\t\t<img decoding=\"async\" width=\"198\" height=\"50\" src=\"https:\/\/fluidmgmt.ak-bio.com\/wp-content\/uploads\/2024\/04\/white_ak_Logo.svg\" class=\"attachment-medium_large size-medium_large wp-image-1819\" alt=\"white ak-bio Logo\" \/>\t\t\t\t\t\t\t\t<\/a>\n\t\t\t\t\t\t\t\t\t\t\t\t\t\t\t<\/div>\n\t\t\t\t<\/div>\n\t\t\t\t<\/div>\n\t\t<div class=\"elementor-element elementor-element-c54ca8a e-flex e-con-boxed e-con e-parent\" data-id=\"c54ca8a\" data-element_type=\"container\" data-e-type=\"container\" data-settings=\"{&quot;background_background&quot;:&quot;gradient&quot;}\">\n\t\t\t\t\t<div class=\"e-con-inner\">\n\t\t<div class=\"elementor-element elementor-element-16d390d e-con-full e-flex e-con e-child\" data-id=\"16d390d\" data-element_type=\"container\" data-e-type=\"container\">\n\t\t\t\t<div class=\"elementor-element elementor-element-16be64f elementor-widget elementor-widget-heading\" data-id=\"16be64f\" data-element_type=\"widget\" data-e-type=\"widget\" data-widget_type=\"heading.default\">\n\t\t\t\t<div class=\"elementor-widget-container\">\n\t\t\t\t\t<h1 class=\"elementor-heading-title elementor-size-default\">Acelerar la fabricaci\u00f3n de \u00f3ligos en TIDES USA 2025<\/h1>\t\t\t\t<\/div>\n\t\t\t\t<\/div>\n\t\t\t\t<div class=\"elementor-element elementor-element-7aec975 elementor-widget elementor-widget-heading\" data-id=\"7aec975\" data-element_type=\"widget\" data-e-type=\"widget\" data-widget_type=\"heading.default\">\n\t\t\t\t<div class=\"elementor-widget-container\">\n\t\t\t\t\t<h3 class=\"elementor-heading-title elementor-size-default\">Conoce Asahi Kasei Bioprocess en San Diego: descubre soluciones desde la s\u00edntesis hasta la concentraci\u00f3n.<\/h3>\t\t\t\t<\/div>\n\t\t\t\t<\/div>\n\t\t\t\t<div class=\"elementor-element elementor-element-0e3d167 elementor-widget elementor-widget-spacer\" data-id=\"0e3d167\" data-element_type=\"widget\" data-e-type=\"widget\" data-widget_type=\"spacer.default\">\n\t\t\t\t<div class=\"elementor-widget-container\">\n\t\t\t\t\t\t\t<div class=\"elementor-spacer\">\n\t\t\t<div class=\"elementor-spacer-inner\"><\/div>\n\t\t<\/div>\n\t\t\t\t\t\t<\/div>\n\t\t\t\t<\/div>\n\t\t\t\t<div class=\"elementor-element elementor-element-eeae788 elementor-widget elementor-widget-heading\" data-id=\"eeae788\" data-element_type=\"widget\" data-e-type=\"widget\" data-widget_type=\"heading.default\">\n\t\t\t\t<div class=\"elementor-widget-container\">\n\t\t\t\t\t<h4 class=\"elementor-heading-title elementor-size-default\">Manchester Grand Hyatt | San Diego, CA | 19-22 de mayo de 2025<\/h4>\t\t\t\t<\/div>\n\t\t\t\t<\/div>\n\t\t\t\t<div class=\"elementor-element elementor-element-31a8084 elementor-widget elementor-widget-text-editor\" data-id=\"31a8084\" data-element_type=\"widget\" data-e-type=\"widget\" data-widget_type=\"text-editor.default\">\n\t\t\t\t<div class=\"elementor-widget-container\">\n\t\t\t\t\t\t\t\t\t<p>Asahi Kasei Bioprocess est\u00e1 redefiniendo la fabricaci\u00f3n de oligonucle\u00f3tidos con soluciones de gesti\u00f3n de fluidos de \u00faltima generaci\u00f3n. Nuestros equipos de vanguardia garantizan la seguridad, la eficacia y la pureza en todas las etapas, desde la s\u00edntesis hasta la concentraci\u00f3n, lo que te permite agilizar la producci\u00f3n y escalar con confianza. <\/p><p>Estamos orgullosos de presentar nuestra nueva columna de s\u00edntesis THESYS\u00ae ACS Ergo, dise\u00f1ada pensando en la seguridad y la productividad; o inf\u00f3rmate sobre el resto de la l\u00ednea THESYS, as\u00ed como sobre nuestra familia CURSIV\u00ae de sistemas y columnas de cromatograf\u00eda de alto rendimiento.<\/p><p>En TIDES USA 2025, con\u00e9ctate con nuestros expertos para explorar soluciones a medida dise\u00f1adas para superar las expectativas cambiantes de la industria.<\/p>\t\t\t\t\t\t\t\t<\/div>\n\t\t\t\t<\/div>\n\t\t\t\t<div class=\"elementor-element elementor-element-faa0d03 elementor-mobile-align-center elementor-widget-mobile__width-auto elementor-widget elementor-widget-button\" data-id=\"faa0d03\" data-element_type=\"widget\" data-e-type=\"widget\" data-widget_type=\"button.default\">\n\t\t\t\t<div class=\"elementor-widget-container\">\n\t\t\t\t\t\t\t\t\t<div class=\"elementor-button-wrapper\">\n\t\t\t\t\t<a class=\"elementor-button elementor-button-link elementor-size-sm\" href=\"https:\/\/fluidmgmt.ak-bio.com\/es\/ponte-en-contacto-con\/ventas\/\">\n\t\t\t\t\t\t<span class=\"elementor-button-content-wrapper\">\n\t\t\t\t\t\t\t\t\t<span class=\"elementor-button-text\">\u00a1Programa una reuni\u00f3n con nosotros hoy mismo!<\/span>\n\t\t\t\t\t<\/span>\n\t\t\t\t\t<\/a>\n\t\t\t\t<\/div>\n\t\t\t\t\t\t\t\t<\/div>\n\t\t\t\t<\/div>\n\t\t\t\t<\/div>\n\t\t<div class=\"elementor-element elementor-element-49f5f84 e-con-full e-flex e-con e-child\" data-id=\"49f5f84\" data-element_type=\"container\" data-e-type=\"container\">\n\t\t\t\t<div class=\"elementor-element elementor-element-3a1e66c elementor-widget__width-inherit elementor-widget-mobile__width-inherit elementor-widget-tablet__width-inherit elementor-widget elementor-widget-html\" data-id=\"3a1e66c\" data-element_type=\"widget\" data-e-type=\"widget\" data-widget_type=\"html.default\">\n\t\t\t\t<div class=\"elementor-widget-container\">\n\t\t\t\t\t<iframe src=\"https:\/\/go.fluidmgmt.ak-bio.com\/l\/873131\/2024-04-29\/2hz637\" width=\"100%\" height=\"900px\" type=\"text\/html\" frameborder=\"0\" allowtransparency=\"true\" style=\"border: 0; background-color: transparent;max-width:880px;\"><\/iframe>\t\t\t\t<\/div>\n\t\t\t\t<\/div>\n\t\t\t\t<\/div>\n\t\t\t\t\t<\/div>\n\t\t\t\t<\/div>\n\t\t\t\t<\/div>\n\t\t","protected":false},"excerpt":{"rendered":"<p>Acelerar la fabricaci\u00f3n de \u00f3ligos en TIDES USA 2025 Conoce Asahi Kasei Bioprocess en San Diego: descubre soluciones desde la s\u00edntesis hasta la concentraci\u00f3n. Manchester Grand Hyatt | San Diego, CA | 19-22 de mayo de 2025 Asahi Kasei Bioprocess est\u00e1 redefiniendo la fabricaci\u00f3n de oligonucle\u00f3tidos con soluciones de gesti\u00f3n de fluidos de \u00faltima generaci\u00f3n. [&hellip;]<\/p>\n","protected":false},"author":19,"featured_media":31582,"parent":0,"menu_order":0,"comment_status":"closed","ping_status":"closed","template":"elementor_canvas","meta":{"_acf_changed":false,"footnotes":""},"class_list":["post-31592","page","type-page","status-publish","has-post-thumbnail","hentry"],"acf":[],"yoast_head":"<!-- This site is optimized with the Yoast SEO plugin v27.1.1 - https:\/\/yoast.com\/product\/yoast-seo-wordpress\/ -->\n<title>Acelerar la fabricaci\u00f3n de \u00f3ligos en TIDES USA 2025 [EVENTO]<\/title>\n<meta name=\"description\" content=\"Conoce a Asahi Kasei Bioprocess en TIDES USA 2025 para explorar soluciones avanzadas de fabricaci\u00f3n de oligo y descubrir el nuevo THESYS ACS Ergo.\" \/>\n<meta name=\"robots\" content=\"index, follow, max-snippet:-1, max-image-preview:large, max-video-preview:-1\" \/>\n<link rel=\"canonical\" href=\"https:\/\/fluidmgmt.ak-bio.com\/es\/acelerar-la-fabricacion-de-oligos-en-tides-usa-2025\/\" \/>\n<meta property=\"og:locale\" content=\"es_ES\" \/>\n<meta property=\"og:type\" content=\"article\" \/>\n<meta property=\"og:title\" content=\"Acelerar la fabricaci\u00f3n de \u00f3ligos en TIDES USA 2025 [EVENTO]\" \/>\n<meta property=\"og:description\" content=\"Conoce a Asahi Kasei Bioprocess en TIDES USA 2025 para explorar soluciones avanzadas de fabricaci\u00f3n de oligo y descubrir el nuevo THESYS ACS Ergo.\" \/>\n<meta property=\"og:url\" content=\"https:\/\/fluidmgmt.ak-bio.com\/es\/acelerar-la-fabricacion-de-oligos-en-tides-usa-2025\/\" \/>\n<meta property=\"og:site_name\" content=\"AK Bio - Fluid Management\" \/>\n<meta property=\"article:modified_time\" content=\"2025-11-21T15:17:38+00:00\" \/>\n<meta property=\"og:image\" content=\"https:\/\/fluidmgmt.ak-bio.com\/wp-content\/uploads\/2025\/03\/Firefly-create-DNA-and-RNA-small-molecules-and-abstract-dots-using-the-colors-from-the-style-referen.jpg\" \/>\n\t<meta property=\"og:image:width\" content=\"1920\" \/>\n\t<meta property=\"og:image:height\" content=\"1097\" \/>\n\t<meta property=\"og:image:type\" content=\"image\/jpeg\" \/>\n<meta name=\"twitter:card\" content=\"summary_large_image\" \/>\n<meta name=\"twitter:label1\" content=\"Tiempo de lectura\" \/>\n\t<meta name=\"twitter:data1\" content=\"1 minuto\" \/>\n<script type=\"application\/ld+json\" class=\"yoast-schema-graph\">{\"@context\":\"https:\/\/schema.org\",\"@graph\":[{\"@type\":\"WebPage\",\"@id\":\"https:\/\/fluidmgmt.ak-bio.com\/es\/acelerar-la-fabricacion-de-oligos-en-tides-usa-2025\/\",\"url\":\"https:\/\/fluidmgmt.ak-bio.com\/es\/acelerar-la-fabricacion-de-oligos-en-tides-usa-2025\/\",\"name\":\"Acelerar la fabricaci\u00f3n de \u00f3ligos en TIDES USA 2025 [EVENTO]\",\"isPartOf\":{\"@id\":\"https:\/\/fluidmgmt.ak-bio.com\/es\/#website\"},\"primaryImageOfPage\":{\"@id\":\"https:\/\/fluidmgmt.ak-bio.com\/es\/acelerar-la-fabricacion-de-oligos-en-tides-usa-2025\/#primaryimage\"},\"image\":{\"@id\":\"https:\/\/fluidmgmt.ak-bio.com\/es\/acelerar-la-fabricacion-de-oligos-en-tides-usa-2025\/#primaryimage\"},\"thumbnailUrl\":\"https:\/\/fluidmgmt.ak-bio.com\/wp-content\/uploads\/2025\/03\/Firefly-create-DNA-and-RNA-small-molecules-and-abstract-dots-using-the-colors-from-the-style-referen.jpg\",\"datePublished\":\"2025-03-21T19:17:00+00:00\",\"dateModified\":\"2025-11-21T15:17:38+00:00\",\"description\":\"Conoce a Asahi Kasei Bioprocess en TIDES USA 2025 para explorar soluciones avanzadas de fabricaci\u00f3n de oligo y descubrir el nuevo THESYS ACS Ergo.\",\"inLanguage\":\"es\",\"potentialAction\":[{\"@type\":\"ReadAction\",\"target\":[\"https:\/\/fluidmgmt.ak-bio.com\/es\/acelerar-la-fabricacion-de-oligos-en-tides-usa-2025\/\"]}]},{\"@type\":\"ImageObject\",\"inLanguage\":\"es\",\"@id\":\"https:\/\/fluidmgmt.ak-bio.com\/es\/acelerar-la-fabricacion-de-oligos-en-tides-usa-2025\/#primaryimage\",\"url\":\"https:\/\/fluidmgmt.ak-bio.com\/wp-content\/uploads\/2025\/03\/Firefly-create-DNA-and-RNA-small-molecules-and-abstract-dots-using-the-colors-from-the-style-referen.jpg\",\"contentUrl\":\"https:\/\/fluidmgmt.ak-bio.com\/wp-content\/uploads\/2025\/03\/Firefly-create-DNA-and-RNA-small-molecules-and-abstract-dots-using-the-colors-from-the-style-referen.jpg\",\"width\":1920,\"height\":1097,\"caption\":\"Firefly create DNA and RNA small molecules and abstract dots\"},{\"@type\":\"WebSite\",\"@id\":\"https:\/\/fluidmgmt.ak-bio.com\/es\/#website\",\"url\":\"https:\/\/fluidmgmt.ak-bio.com\/es\/\",\"name\":\"AK Bio - Fluid Management\",\"description\":\"\",\"publisher\":{\"@id\":\"https:\/\/fluidmgmt.ak-bio.com\/es\/#organization\"},\"potentialAction\":[{\"@type\":\"SearchAction\",\"target\":{\"@type\":\"EntryPoint\",\"urlTemplate\":\"https:\/\/fluidmgmt.ak-bio.com\/es\/?s={search_term_string}\"},\"query-input\":{\"@type\":\"PropertyValueSpecification\",\"valueRequired\":true,\"valueName\":\"search_term_string\"}}],\"inLanguage\":\"es\"},{\"@type\":\"Organization\",\"@id\":\"https:\/\/fluidmgmt.ak-bio.com\/es\/#organization\",\"name\":\"AK Bio\",\"url\":\"https:\/\/fluidmgmt.ak-bio.com\/es\/\",\"logo\":{\"@type\":\"ImageObject\",\"inLanguage\":\"es\",\"@id\":\"https:\/\/fluidmgmt.ak-bio.com\/es\/#\/schema\/logo\/image\/\",\"url\":\"https:\/\/fluidmgmt.ak-bio.com\/wp-content\/uploads\/2024\/04\/blue_ak_Logo.svg\",\"contentUrl\":\"https:\/\/fluidmgmt.ak-bio.com\/wp-content\/uploads\/2024\/04\/blue_ak_Logo.svg\",\"width\":197,\"height\":50,\"caption\":\"AK Bio\"},\"image\":{\"@id\":\"https:\/\/fluidmgmt.ak-bio.com\/es\/#\/schema\/logo\/image\/\"},\"sameAs\":[\"https:\/\/www.linkedin.com\/company\/asahi-kasei-bioprocess-america\/\"]}]}<\/script>\n<!-- \/ Yoast SEO plugin. -->","yoast_head_json":{"title":"Acelerar la fabricaci\u00f3n de \u00f3ligos en TIDES USA 2025 [EVENTO]","description":"Conoce a Asahi Kasei Bioprocess en TIDES USA 2025 para explorar soluciones avanzadas de fabricaci\u00f3n de oligo y descubrir el nuevo THESYS ACS Ergo.","robots":{"index":"index","follow":"follow","max-snippet":"max-snippet:-1","max-image-preview":"max-image-preview:large","max-video-preview":"max-video-preview:-1"},"canonical":"https:\/\/fluidmgmt.ak-bio.com\/es\/acelerar-la-fabricacion-de-oligos-en-tides-usa-2025\/","og_locale":"es_ES","og_type":"article","og_title":"Acelerar la fabricaci\u00f3n de \u00f3ligos en TIDES USA 2025 [EVENTO]","og_description":"Conoce a Asahi Kasei Bioprocess en TIDES USA 2025 para explorar soluciones avanzadas de fabricaci\u00f3n de oligo y descubrir el nuevo THESYS ACS Ergo.","og_url":"https:\/\/fluidmgmt.ak-bio.com\/es\/acelerar-la-fabricacion-de-oligos-en-tides-usa-2025\/","og_site_name":"AK Bio - Fluid Management","article_modified_time":"2025-11-21T15:17:38+00:00","og_image":[{"width":1920,"height":1097,"url":"https:\/\/fluidmgmt.ak-bio.com\/wp-content\/uploads\/2025\/03\/Firefly-create-DNA-and-RNA-small-molecules-and-abstract-dots-using-the-colors-from-the-style-referen.jpg","type":"image\/jpeg"}],"twitter_card":"summary_large_image","twitter_misc":{"Tiempo de lectura":"1 minuto"},"schema":{"@context":"https:\/\/schema.org","@graph":[{"@type":"WebPage","@id":"https:\/\/fluidmgmt.ak-bio.com\/es\/acelerar-la-fabricacion-de-oligos-en-tides-usa-2025\/","url":"https:\/\/fluidmgmt.ak-bio.com\/es\/acelerar-la-fabricacion-de-oligos-en-tides-usa-2025\/","name":"Acelerar la fabricaci\u00f3n de \u00f3ligos en TIDES USA 2025 [EVENTO]","isPartOf":{"@id":"https:\/\/fluidmgmt.ak-bio.com\/es\/#website"},"primaryImageOfPage":{"@id":"https:\/\/fluidmgmt.ak-bio.com\/es\/acelerar-la-fabricacion-de-oligos-en-tides-usa-2025\/#primaryimage"},"image":{"@id":"https:\/\/fluidmgmt.ak-bio.com\/es\/acelerar-la-fabricacion-de-oligos-en-tides-usa-2025\/#primaryimage"},"thumbnailUrl":"https:\/\/fluidmgmt.ak-bio.com\/wp-content\/uploads\/2025\/03\/Firefly-create-DNA-and-RNA-small-molecules-and-abstract-dots-using-the-colors-from-the-style-referen.jpg","datePublished":"2025-03-21T19:17:00+00:00","dateModified":"2025-11-21T15:17:38+00:00","description":"Conoce a Asahi Kasei Bioprocess en TIDES USA 2025 para explorar soluciones avanzadas de fabricaci\u00f3n de oligo y descubrir el nuevo THESYS ACS Ergo.","inLanguage":"es","potentialAction":[{"@type":"ReadAction","target":["https:\/\/fluidmgmt.ak-bio.com\/es\/acelerar-la-fabricacion-de-oligos-en-tides-usa-2025\/"]}]},{"@type":"ImageObject","inLanguage":"es","@id":"https:\/\/fluidmgmt.ak-bio.com\/es\/acelerar-la-fabricacion-de-oligos-en-tides-usa-2025\/#primaryimage","url":"https:\/\/fluidmgmt.ak-bio.com\/wp-content\/uploads\/2025\/03\/Firefly-create-DNA-and-RNA-small-molecules-and-abstract-dots-using-the-colors-from-the-style-referen.jpg","contentUrl":"https:\/\/fluidmgmt.ak-bio.com\/wp-content\/uploads\/2025\/03\/Firefly-create-DNA-and-RNA-small-molecules-and-abstract-dots-using-the-colors-from-the-style-referen.jpg","width":1920,"height":1097,"caption":"Firefly create DNA and RNA small molecules and abstract dots"},{"@type":"WebSite","@id":"https:\/\/fluidmgmt.ak-bio.com\/es\/#website","url":"https:\/\/fluidmgmt.ak-bio.com\/es\/","name":"AK Bio - Fluid Management","description":"","publisher":{"@id":"https:\/\/fluidmgmt.ak-bio.com\/es\/#organization"},"potentialAction":[{"@type":"SearchAction","target":{"@type":"EntryPoint","urlTemplate":"https:\/\/fluidmgmt.ak-bio.com\/es\/?s={search_term_string}"},"query-input":{"@type":"PropertyValueSpecification","valueRequired":true,"valueName":"search_term_string"}}],"inLanguage":"es"},{"@type":"Organization","@id":"https:\/\/fluidmgmt.ak-bio.com\/es\/#organization","name":"AK Bio","url":"https:\/\/fluidmgmt.ak-bio.com\/es\/","logo":{"@type":"ImageObject","inLanguage":"es","@id":"https:\/\/fluidmgmt.ak-bio.com\/es\/#\/schema\/logo\/image\/","url":"https:\/\/fluidmgmt.ak-bio.com\/wp-content\/uploads\/2024\/04\/blue_ak_Logo.svg","contentUrl":"https:\/\/fluidmgmt.ak-bio.com\/wp-content\/uploads\/2024\/04\/blue_ak_Logo.svg","width":197,"height":50,"caption":"AK Bio"},"image":{"@id":"https:\/\/fluidmgmt.ak-bio.com\/es\/#\/schema\/logo\/image\/"},"sameAs":["https:\/\/www.linkedin.com\/company\/asahi-kasei-bioprocess-america\/"]}]}},"_links":{"self":[{"href":"https:\/\/fluidmgmt.ak-bio.com\/es\/wp-json\/wp\/v2\/pages\/31592","targetHints":{"allow":["GET"]}}],"collection":[{"href":"https:\/\/fluidmgmt.ak-bio.com\/es\/wp-json\/wp\/v2\/pages"}],"about":[{"href":"https:\/\/fluidmgmt.ak-bio.com\/es\/wp-json\/wp\/v2\/types\/page"}],"author":[{"embeddable":true,"href":"https:\/\/fluidmgmt.ak-bio.com\/es\/wp-json\/wp\/v2\/users\/19"}],"replies":[{"embeddable":true,"href":"https:\/\/fluidmgmt.ak-bio.com\/es\/wp-json\/wp\/v2\/comments?post=31592"}],"version-history":[{"count":0,"href":"https:\/\/fluidmgmt.ak-bio.com\/es\/wp-json\/wp\/v2\/pages\/31592\/revisions"}],"wp:featuredmedia":[{"embeddable":true,"href":"https:\/\/fluidmgmt.ak-bio.com\/es\/wp-json\/wp\/v2\/media\/31582"}],"wp:attachment":[{"href":"https:\/\/fluidmgmt.ak-bio.com\/es\/wp-json\/wp\/v2\/media?parent=31592"}],"curies":[{"name":"wp","href":"https:\/\/api.w.org\/{rel}","templated":true}]}}