{"id":32639,"date":"2025-08-13T11:42:01","date_gmt":"2025-08-13T15:42:01","guid":{"rendered":"https:\/\/fluidmgmt.ak-bio.com\/gracias\/"},"modified":"2025-11-28T07:28:30","modified_gmt":"2025-11-28T12:28:30","slug":"gracias","status":"publish","type":"page","link":"https:\/\/fluidmgmt.ak-bio.com\/es\/gracias\/","title":{"rendered":"Gracias"},"content":{"rendered":"\t\t<div data-elementor-type=\"wp-page\" data-elementor-id=\"32639\" class=\"elementor elementor-32639 elementor-32044\" data-elementor-post-type=\"page\">\n\t\t\t\t<div class=\"elementor-element elementor-element-574d3cd e-flex e-con-boxed e-con e-parent\" data-id=\"574d3cd\" data-element_type=\"container\" data-e-type=\"container\" data-settings=\"{&quot;background_background&quot;:&quot;classic&quot;}\">\n\t\t\t\t\t<div class=\"e-con-inner\">\n\t\t<div class=\"elementor-element elementor-element-7c487d8 e-con-full e-flex e-con e-child\" data-id=\"7c487d8\" data-element_type=\"container\" data-e-type=\"container\" data-settings=\"{&quot;position&quot;:&quot;absolute&quot;}\">\n\t\t\t\t<\/div>\n\t\t\t\t\t<\/div>\n\t\t\t\t<\/div>\n\t\t<div class=\"elementor-element elementor-element-e446442 e-flex e-con-boxed e-con e-parent\" data-id=\"e446442\" data-element_type=\"container\" data-e-type=\"container\" data-settings=\"{&quot;background_background&quot;:&quot;gradient&quot;}\">\n\t\t\t\t\t<div class=\"e-con-inner\">\n\t\t<div class=\"elementor-element elementor-element-3b860d1 e-con-full e-flex e-con e-child\" data-id=\"3b860d1\" data-element_type=\"container\" data-e-type=\"container\">\n\t\t\t\t<div class=\"elementor-element elementor-element-858f3a1 elementor-widget elementor-widget-heading\" data-id=\"858f3a1\" data-element_type=\"widget\" data-e-type=\"widget\" data-widget_type=\"heading.default\">\n\t\t\t\t<div class=\"elementor-widget-container\">\n\t\t\t\t\t<h1 class=\"elementor-heading-title elementor-size-default\">Gracias por tu aportaci\u00f3n<\/h1>\t\t\t\t<\/div>\n\t\t\t\t<\/div>\n\t\t\t\t<div class=\"elementor-element elementor-element-8f17336 elementor-widget__width-initial elementor-widget elementor-widget-text-editor\" data-id=\"8f17336\" data-element_type=\"widget\" data-e-type=\"widget\" data-widget_type=\"text-editor.default\">\n\t\t\t\t<div class=\"elementor-widget-container\">\n\t\t\t\t\t\t\t\t\t<p><span style=\"font-weight: 400;\">Nuestro equipo est\u00e1 revisando tus respuestas y se pondr\u00e1 en contacto contigo para hablar de tus necesidades. Esperamos hablar pronto contigo.   <\/span><\/p><p><span style=\"font-weight: 400;\">Mientras tanto, suscr\u00edbete a nuestro bolet\u00edn para estar al d\u00eda de todo lo relacionado con Asahi Kasei Bioprocess.<\/span><\/p>\t\t\t\t\t\t\t\t<\/div>\n\t\t\t\t<\/div>\n\t\t\t\t<div class=\"elementor-element elementor-element-6b010b1 elementor-mobile-align-center elementor-widget-mobile__width-auto elementor-widget elementor-widget-button\" data-id=\"6b010b1\" data-element_type=\"widget\" data-e-type=\"widget\" data-widget_type=\"button.default\">\n\t\t\t\t<div class=\"elementor-widget-container\">\n\t\t\t\t\t\t\t\t\t<div class=\"elementor-button-wrapper\">\n\t\t\t\t\t<a class=\"elementor-button elementor-button-link elementor-size-sm\" href=\"#elementor-action%3Aaction%3Dpopup%3Aopen%26settings%3DeyJpZCI6MjQ5NDMsInRvZ2dsZSI6ZmFsc2V9\">\n\t\t\t\t\t\t<span class=\"elementor-button-content-wrapper\">\n\t\t\t\t\t\t\t\t\t<span class=\"elementor-button-text\">Suscr\u00edbete ahora<\/span>\n\t\t\t\t\t<\/span>\n\t\t\t\t\t<\/a>\n\t\t\t\t<\/div>\n\t\t\t\t\t\t\t\t<\/div>\n\t\t\t\t<\/div>\n\t\t\t\t<\/div>\n\t\t<div class=\"elementor-element elementor-element-42aae9d e-con-full e-flex e-con e-child\" data-id=\"42aae9d\" data-element_type=\"container\" data-e-type=\"container\">\n\t\t<div class=\"elementor-element elementor-element-d6bcb25 e-con-full e-flex e-con e-child\" data-id=\"d6bcb25\" data-element_type=\"container\" data-e-type=\"container\">\n\t\t\t\t<div class=\"elementor-element elementor-element-dba2fc1 elementor-widget elementor-widget-heading\" data-id=\"dba2fc1\" data-element_type=\"widget\" data-e-type=\"widget\" data-widget_type=\"heading.default\">\n\t\t\t\t<div class=\"elementor-widget-container\">\n\t\t\t\t\t<h2 class=\"elementor-heading-title elementor-size-default\">El Blog de la Columna<\/h2>\t\t\t\t<\/div>\n\t\t\t\t<\/div>\n\t\t\t\t<div class=\"elementor-element elementor-element-792d2b2 elementor-widget elementor-widget-text-editor\" data-id=\"792d2b2\" data-element_type=\"widget\" data-e-type=\"widget\" data-widget_type=\"text-editor.default\">\n\t\t\t\t<div class=\"elementor-widget-container\">\n\t\t\t\t\t\t\t\t\t<p>Lee los blogs de nuestros expertos, que abarcan desde la producci\u00f3n de \u00f3ligos hasta la IA en la fabricaci\u00f3n biofarmac\u00e9utica.<\/p>\t\t\t\t\t\t\t\t<\/div>\n\t\t\t\t<\/div>\n\t\t\t\t<div class=\"elementor-element elementor-element-d45352a elementor-mobile-align-center elementor-widget-mobile__width-auto elementor-widget elementor-widget-button\" data-id=\"d45352a\" data-element_type=\"widget\" data-e-type=\"widget\" data-widget_type=\"button.default\">\n\t\t\t\t<div class=\"elementor-widget-container\">\n\t\t\t\t\t\t\t\t\t<div class=\"elementor-button-wrapper\">\n\t\t\t\t\t<a class=\"elementor-button elementor-button-link elementor-size-sm\" href=\"https:\/\/fluidmgmt.ak-bio.com\/knowledge\/category\/blog\/\">\n\t\t\t\t\t\t<span class=\"elementor-button-content-wrapper\">\n\t\t\t\t\t\t\t\t\t<span class=\"elementor-button-text\">BUSCAR BLOGS<\/span>\n\t\t\t\t\t<\/span>\n\t\t\t\t\t<\/a>\n\t\t\t\t<\/div>\n\t\t\t\t\t\t\t\t<\/div>\n\t\t\t\t<\/div>\n\t\t\t\t<\/div>\n\t\t<div class=\"elementor-element elementor-element-763af02 e-con-full e-flex e-con e-child\" data-id=\"763af02\" data-element_type=\"container\" data-e-type=\"container\">\n\t\t\t\t<div class=\"elementor-element elementor-element-dd79099 elementor-widget elementor-widget-heading\" data-id=\"dd79099\" data-element_type=\"widget\" data-e-type=\"widget\" data-widget_type=\"heading.default\">\n\t\t\t\t<div class=\"elementor-widget-container\">\n\t\t\t\t\t<h2 class=\"elementor-heading-title elementor-size-default\">Recursos<\/h2>\t\t\t\t<\/div>\n\t\t\t\t<\/div>\n\t\t\t\t<div class=\"elementor-element elementor-element-78b11fb elementor-widget elementor-widget-text-editor\" data-id=\"78b11fb\" data-element_type=\"widget\" data-e-type=\"widget\" data-widget_type=\"text-editor.default\">\n\t\t\t\t<div class=\"elementor-widget-container\">\n\t\t\t\t\t\t\t\t\t<p>Consulta nuestra completa colecci\u00f3n de folletos, prospectos y libros blancos para saber m\u00e1s sobre nuestros productos y conocimientos del sector.<\/p>\t\t\t\t\t\t\t\t<\/div>\n\t\t\t\t<\/div>\n\t\t\t\t<div class=\"elementor-element elementor-element-2646092 elementor-mobile-align-center elementor-widget-mobile__width-auto elementor-widget elementor-widget-button\" data-id=\"2646092\" data-element_type=\"widget\" data-e-type=\"widget\" data-widget_type=\"button.default\">\n\t\t\t\t<div class=\"elementor-widget-container\">\n\t\t\t\t\t\t\t\t\t<div class=\"elementor-button-wrapper\">\n\t\t\t\t\t<a class=\"elementor-button elementor-button-link elementor-size-sm\" href=\"\/resources\/\">\n\t\t\t\t\t\t<span class=\"elementor-button-content-wrapper\">\n\t\t\t\t\t\t\t\t\t<span class=\"elementor-button-text\">EXPLORA LOS RECURSOS<\/span>\n\t\t\t\t\t<\/span>\n\t\t\t\t\t<\/a>\n\t\t\t\t<\/div>\n\t\t\t\t\t\t\t\t<\/div>\n\t\t\t\t<\/div>\n\t\t\t\t<\/div>\n\t\t<div class=\"elementor-element elementor-element-21c9dc7 e-con-full e-flex e-con e-child\" data-id=\"21c9dc7\" data-element_type=\"container\" data-e-type=\"container\">\n\t\t\t\t<div class=\"elementor-element elementor-element-abf1353 elementor-widget elementor-widget-heading\" data-id=\"abf1353\" data-element_type=\"widget\" data-e-type=\"widget\" data-widget_type=\"heading.default\">\n\t\t\t\t<div class=\"elementor-widget-container\">\n\t\t\t\t\t<h2 class=\"elementor-heading-title elementor-size-default\">VIDEOTECA\n<\/h2>\t\t\t\t<\/div>\n\t\t\t\t<\/div>\n\t\t\t\t<div class=\"elementor-element elementor-element-211f41b elementor-widget elementor-widget-text-editor\" data-id=\"211f41b\" data-element_type=\"widget\" data-e-type=\"widget\" data-widget_type=\"text-editor.default\">\n\t\t\t\t<div class=\"elementor-widget-container\">\n\t\t\t\t\t\t\t\t\t<p>Echa un vistazo a nuestros v\u00eddeos para saber m\u00e1s sobre Asahi Kasei Bioprocess y nuestros productos, o mira un seminario web para estar al d\u00eda de las tendencias del sector.<\/p>\t\t\t\t\t\t\t\t<\/div>\n\t\t\t\t<\/div>\n\t\t\t\t<div class=\"elementor-element elementor-element-829b7bc elementor-mobile-align-center elementor-widget-mobile__width-auto elementor-widget elementor-widget-button\" data-id=\"829b7bc\" data-element_type=\"widget\" data-e-type=\"widget\" data-widget_type=\"button.default\">\n\t\t\t\t<div class=\"elementor-widget-container\">\n\t\t\t\t\t\t\t\t\t<div class=\"elementor-button-wrapper\">\n\t\t\t\t\t<a class=\"elementor-button elementor-button-link elementor-size-sm\" href=\"https:\/\/fluidmgmt.ak-bio.com\/es\/videoteca\/\">\n\t\t\t\t\t\t<span class=\"elementor-button-content-wrapper\">\n\t\t\t\t\t\t\t\t\t<span class=\"elementor-button-text\">VER V\u00cdDEOS<\/span>\n\t\t\t\t\t<\/span>\n\t\t\t\t\t<\/a>\n\t\t\t\t<\/div>\n\t\t\t\t\t\t\t\t<\/div>\n\t\t\t\t<\/div>\n\t\t\t\t<\/div>\n\t\t\t\t<\/div>\n\t\t\t\t\t<\/div>\n\t\t\t\t<\/div>\n\t\t<div class=\"elementor-element elementor-element-c7e2243 e-flex e-con-boxed e-con e-parent\" data-id=\"c7e2243\" data-element_type=\"container\" data-e-type=\"container\" data-settings=\"{&quot;background_background&quot;:&quot;classic&quot;}\">\n\t\t\t\t\t<div class=\"e-con-inner\">\n\t\t<div class=\"elementor-element elementor-element-fc750e9 e-con-full e-flex e-con e-child\" data-id=\"fc750e9\" data-element_type=\"container\" data-e-type=\"container\" data-settings=\"{&quot;position&quot;:&quot;absolute&quot;}\">\n\t\t\t\t<\/div>\n\t\t<div class=\"elementor-element elementor-element-cd380be e-flex e-con-boxed e-con e-child\" data-id=\"cd380be\" data-element_type=\"container\" data-e-type=\"container\">\n\t\t\t\t\t<div class=\"e-con-inner\">\n\t\t\t\t<div class=\"elementor-element elementor-element-924e4f4 elementor-widget elementor-widget-heading\" data-id=\"924e4f4\" data-element_type=\"widget\" data-e-type=\"widget\" data-widget_type=\"heading.default\">\n\t\t\t\t<div class=\"elementor-widget-container\">\n\t\t\t\t\t<h2 class=\"elementor-heading-title elementor-size-default\">847 Programa Continuum<\/h2>\t\t\t\t<\/div>\n\t\t\t\t<\/div>\n\t\t\t\t<div class=\"elementor-element elementor-element-a4e481f elementor-widget elementor-widget-text-editor\" data-id=\"a4e481f\" data-element_type=\"widget\" data-e-type=\"widget\" data-widget_type=\"text-editor.default\">\n\t\t\t\t<div class=\"elementor-widget-container\">\n\t\t\t\t\t\t\t\t\t<p>Garantiza la continuidad de la producci\u00f3n con un conjunto completo de piezas y servicios posventa.<\/p>\t\t\t\t\t\t\t\t<\/div>\n\t\t\t\t<\/div>\n\t\t\t\t<div class=\"elementor-element elementor-element-5571cec elementor-mobile-align-center elementor-widget-mobile__width-auto elementor-align-right elementor-widget elementor-widget-button\" data-id=\"5571cec\" data-element_type=\"widget\" data-e-type=\"widget\" data-widget_type=\"button.default\">\n\t\t\t\t<div class=\"elementor-widget-container\">\n\t\t\t\t\t\t\t\t\t<div class=\"elementor-button-wrapper\">\n\t\t\t\t\t<a class=\"elementor-button elementor-button-link elementor-size-sm\" href=\"https:\/\/fluidmgmt.ak-bio.com\/es\/ayuda\/847-continuum\/\">\n\t\t\t\t\t\t<span class=\"elementor-button-content-wrapper\">\n\t\t\t\t\t\t\t\t\t<span class=\"elementor-button-text\">Descubre<\/span>\n\t\t\t\t\t<\/span>\n\t\t\t\t\t<\/a>\n\t\t\t\t<\/div>\n\t\t\t\t\t\t\t\t<\/div>\n\t\t\t\t<\/div>\n\t\t\t\t\t<\/div>\n\t\t\t\t<\/div>\n\t\t\t\t\t<\/div>\n\t\t\t\t<\/div>\n\t\t\t\t<\/div>\n\t\t","protected":false},"excerpt":{"rendered":"<p>Gracias por tu aportaci\u00f3n Nuestro equipo est\u00e1 revisando tus respuestas y se pondr\u00e1 en contacto contigo para hablar de tus necesidades. Esperamos hablar pronto contigo. Mientras tanto, suscr\u00edbete a nuestro bolet\u00edn para estar al d\u00eda de todo lo relacionado con Asahi Kasei Bioprocess. Suscr\u00edbete ahora El Blog de la Columna Lee los blogs de nuestros [&hellip;]<\/p>\n","protected":false},"author":20,"featured_media":0,"parent":0,"menu_order":0,"comment_status":"closed","ping_status":"closed","template":"","meta":{"_acf_changed":false,"footnotes":""},"class_list":["post-32639","page","type-page","status-publish","hentry"],"acf":[],"yoast_head":"<!-- This site is optimized with the Yoast SEO plugin v27.1.1 - https:\/\/yoast.com\/product\/yoast-seo-wordpress\/ -->\n<title>Gracias - AK Bio - Fluid Management<\/title>\n<meta name=\"description\" content=\"Nuestro equipo revisar\u00e1 tus respuestas y se pondr\u00e1 en contacto contigo para hablar de tu necesidad de equipos de bioprocesamiento. Estamos deseando hablar contigo.\" \/>\n<meta name=\"robots\" content=\"index, follow, max-snippet:-1, max-image-preview:large, max-video-preview:-1\" \/>\n<link rel=\"canonical\" href=\"https:\/\/fluidmgmt.ak-bio.com\/es\/gracias\/\" \/>\n<meta property=\"og:locale\" content=\"es_ES\" \/>\n<meta property=\"og:type\" content=\"article\" \/>\n<meta property=\"og:title\" content=\"Gracias - AK Bio - Fluid Management\" \/>\n<meta property=\"og:description\" content=\"Nuestro equipo revisar\u00e1 tus respuestas y se pondr\u00e1 en contacto contigo para hablar de tu necesidad de equipos de bioprocesamiento. Estamos deseando hablar contigo.\" \/>\n<meta property=\"og:url\" content=\"https:\/\/fluidmgmt.ak-bio.com\/es\/gracias\/\" \/>\n<meta property=\"og:site_name\" content=\"AK Bio - Fluid Management\" \/>\n<meta property=\"article:modified_time\" content=\"2025-11-28T12:28:30+00:00\" \/>\n<meta property=\"og:image\" content=\"https:\/\/fluidmgmt.ak-bio.com\/wp-content\/uploads\/2024\/05\/Home-dna-scaled.webp\" \/>\n\t<meta property=\"og:image:width\" content=\"2560\" \/>\n\t<meta property=\"og:image:height\" content=\"1435\" \/>\n\t<meta property=\"og:image:type\" content=\"image\/webp\" \/>\n<meta name=\"twitter:card\" content=\"summary_large_image\" \/>\n<meta name=\"twitter:label1\" content=\"Tiempo de lectura\" \/>\n\t<meta name=\"twitter:data1\" content=\"1 minuto\" \/>\n<script type=\"application\/ld+json\" class=\"yoast-schema-graph\">{\"@context\":\"https:\/\/schema.org\",\"@graph\":[{\"@type\":\"WebPage\",\"@id\":\"https:\/\/fluidmgmt.ak-bio.com\/es\/gracias\/\",\"url\":\"https:\/\/fluidmgmt.ak-bio.com\/es\/gracias\/\",\"name\":\"Gracias - AK Bio - Fluid Management\",\"isPartOf\":{\"@id\":\"https:\/\/fluidmgmt.ak-bio.com\/es\/#website\"},\"datePublished\":\"2025-08-13T15:42:01+00:00\",\"dateModified\":\"2025-11-28T12:28:30+00:00\",\"description\":\"Nuestro equipo revisar\u00e1 tus respuestas y se pondr\u00e1 en contacto contigo para hablar de tu necesidad de equipos de bioprocesamiento. Estamos deseando hablar contigo.\",\"inLanguage\":\"es\",\"potentialAction\":[{\"@type\":\"ReadAction\",\"target\":[\"https:\/\/fluidmgmt.ak-bio.com\/es\/gracias\/\"]}]},{\"@type\":\"WebSite\",\"@id\":\"https:\/\/fluidmgmt.ak-bio.com\/es\/#website\",\"url\":\"https:\/\/fluidmgmt.ak-bio.com\/es\/\",\"name\":\"AK Bio - Fluid Management\",\"description\":\"\",\"publisher\":{\"@id\":\"https:\/\/fluidmgmt.ak-bio.com\/es\/#organization\"},\"potentialAction\":[{\"@type\":\"SearchAction\",\"target\":{\"@type\":\"EntryPoint\",\"urlTemplate\":\"https:\/\/fluidmgmt.ak-bio.com\/es\/?s={search_term_string}\"},\"query-input\":{\"@type\":\"PropertyValueSpecification\",\"valueRequired\":true,\"valueName\":\"search_term_string\"}}],\"inLanguage\":\"es\"},{\"@type\":\"Organization\",\"@id\":\"https:\/\/fluidmgmt.ak-bio.com\/es\/#organization\",\"name\":\"AK Bio\",\"url\":\"https:\/\/fluidmgmt.ak-bio.com\/es\/\",\"logo\":{\"@type\":\"ImageObject\",\"inLanguage\":\"es\",\"@id\":\"https:\/\/fluidmgmt.ak-bio.com\/es\/#\/schema\/logo\/image\/\",\"url\":\"https:\/\/fluidmgmt.ak-bio.com\/wp-content\/uploads\/2024\/04\/blue_ak_Logo.svg\",\"contentUrl\":\"https:\/\/fluidmgmt.ak-bio.com\/wp-content\/uploads\/2024\/04\/blue_ak_Logo.svg\",\"width\":197,\"height\":50,\"caption\":\"AK Bio\"},\"image\":{\"@id\":\"https:\/\/fluidmgmt.ak-bio.com\/es\/#\/schema\/logo\/image\/\"},\"sameAs\":[\"https:\/\/www.linkedin.com\/company\/asahi-kasei-bioprocess-america\/\"]}]}<\/script>\n<!-- \/ Yoast SEO plugin. -->","yoast_head_json":{"title":"Gracias - AK Bio - Fluid Management","description":"Nuestro equipo revisar\u00e1 tus respuestas y se pondr\u00e1 en contacto contigo para hablar de tu necesidad de equipos de bioprocesamiento. Estamos deseando hablar contigo.","robots":{"index":"index","follow":"follow","max-snippet":"max-snippet:-1","max-image-preview":"max-image-preview:large","max-video-preview":"max-video-preview:-1"},"canonical":"https:\/\/fluidmgmt.ak-bio.com\/es\/gracias\/","og_locale":"es_ES","og_type":"article","og_title":"Gracias - AK Bio - Fluid Management","og_description":"Nuestro equipo revisar\u00e1 tus respuestas y se pondr\u00e1 en contacto contigo para hablar de tu necesidad de equipos de bioprocesamiento. Estamos deseando hablar contigo.","og_url":"https:\/\/fluidmgmt.ak-bio.com\/es\/gracias\/","og_site_name":"AK Bio - Fluid Management","article_modified_time":"2025-11-28T12:28:30+00:00","og_image":[{"width":2560,"height":1435,"url":"https:\/\/fluidmgmt.ak-bio.com\/wp-content\/uploads\/2024\/05\/Home-dna-scaled.webp","type":"image\/webp"}],"twitter_card":"summary_large_image","twitter_misc":{"Tiempo de lectura":"1 minuto"},"schema":{"@context":"https:\/\/schema.org","@graph":[{"@type":"WebPage","@id":"https:\/\/fluidmgmt.ak-bio.com\/es\/gracias\/","url":"https:\/\/fluidmgmt.ak-bio.com\/es\/gracias\/","name":"Gracias - AK Bio - Fluid Management","isPartOf":{"@id":"https:\/\/fluidmgmt.ak-bio.com\/es\/#website"},"datePublished":"2025-08-13T15:42:01+00:00","dateModified":"2025-11-28T12:28:30+00:00","description":"Nuestro equipo revisar\u00e1 tus respuestas y se pondr\u00e1 en contacto contigo para hablar de tu necesidad de equipos de bioprocesamiento. Estamos deseando hablar contigo.","inLanguage":"es","potentialAction":[{"@type":"ReadAction","target":["https:\/\/fluidmgmt.ak-bio.com\/es\/gracias\/"]}]},{"@type":"WebSite","@id":"https:\/\/fluidmgmt.ak-bio.com\/es\/#website","url":"https:\/\/fluidmgmt.ak-bio.com\/es\/","name":"AK Bio - Fluid Management","description":"","publisher":{"@id":"https:\/\/fluidmgmt.ak-bio.com\/es\/#organization"},"potentialAction":[{"@type":"SearchAction","target":{"@type":"EntryPoint","urlTemplate":"https:\/\/fluidmgmt.ak-bio.com\/es\/?s={search_term_string}"},"query-input":{"@type":"PropertyValueSpecification","valueRequired":true,"valueName":"search_term_string"}}],"inLanguage":"es"},{"@type":"Organization","@id":"https:\/\/fluidmgmt.ak-bio.com\/es\/#organization","name":"AK Bio","url":"https:\/\/fluidmgmt.ak-bio.com\/es\/","logo":{"@type":"ImageObject","inLanguage":"es","@id":"https:\/\/fluidmgmt.ak-bio.com\/es\/#\/schema\/logo\/image\/","url":"https:\/\/fluidmgmt.ak-bio.com\/wp-content\/uploads\/2024\/04\/blue_ak_Logo.svg","contentUrl":"https:\/\/fluidmgmt.ak-bio.com\/wp-content\/uploads\/2024\/04\/blue_ak_Logo.svg","width":197,"height":50,"caption":"AK Bio"},"image":{"@id":"https:\/\/fluidmgmt.ak-bio.com\/es\/#\/schema\/logo\/image\/"},"sameAs":["https:\/\/www.linkedin.com\/company\/asahi-kasei-bioprocess-america\/"]}]}},"_links":{"self":[{"href":"https:\/\/fluidmgmt.ak-bio.com\/es\/wp-json\/wp\/v2\/pages\/32639","targetHints":{"allow":["GET"]}}],"collection":[{"href":"https:\/\/fluidmgmt.ak-bio.com\/es\/wp-json\/wp\/v2\/pages"}],"about":[{"href":"https:\/\/fluidmgmt.ak-bio.com\/es\/wp-json\/wp\/v2\/types\/page"}],"author":[{"embeddable":true,"href":"https:\/\/fluidmgmt.ak-bio.com\/es\/wp-json\/wp\/v2\/users\/20"}],"replies":[{"embeddable":true,"href":"https:\/\/fluidmgmt.ak-bio.com\/es\/wp-json\/wp\/v2\/comments?post=32639"}],"version-history":[{"count":0,"href":"https:\/\/fluidmgmt.ak-bio.com\/es\/wp-json\/wp\/v2\/pages\/32639\/revisions"}],"wp:attachment":[{"href":"https:\/\/fluidmgmt.ak-bio.com\/es\/wp-json\/wp\/v2\/media?parent=32639"}],"curies":[{"name":"wp","href":"https:\/\/api.w.org\/{rel}","templated":true}]}}