{"id":22426,"date":"2024-04-04T22:05:21","date_gmt":"2024-04-05T02:05:21","guid":{"rendered":"https:\/\/fluidmgmt.ak-bio.com\/politique-de-confidentialite\/"},"modified":"2025-11-24T10:48:46","modified_gmt":"2025-11-24T15:48:46","slug":"politique-de-confidentialite","status":"publish","type":"page","link":"https:\/\/fluidmgmt.ak-bio.com\/fr\/politique-de-confidentialite\/","title":{"rendered":"Politique de confidentialit\u00e9"},"content":{"rendered":"\t\t<div data-elementor-type=\"wp-page\" data-elementor-id=\"22426\" class=\"elementor elementor-22426 elementor-3\" data-elementor-post-type=\"page\">\n\t\t\t\t<div class=\"elementor-element elementor-element-63d45b3e e-flex e-con-boxed e-con e-parent\" data-id=\"63d45b3e\" data-element_type=\"container\" data-e-type=\"container\" data-settings=\"{&quot;background_background&quot;:&quot;classic&quot;}\">\n\t\t\t\t\t<div class=\"e-con-inner\">\n\t\t\t\t<div class=\"elementor-element elementor-element-7a4fdd61 elementor-widget elementor-widget-text-editor\" data-id=\"7a4fdd61\" data-element_type=\"widget\" data-e-type=\"widget\" data-widget_type=\"text-editor.default\">\n\t\t\t\t<div class=\"elementor-widget-container\">\n\t\t\t\t\t\t\t\t\t<h1><span style=\"color: #002948;\">Politique de confidentialit\u00e9<\/span><\/h1>\n\n<p>Dans le cadre de ses activit\u00e9s, le groupe Asahi Kasei*Ouverture d&rsquo;une nouvelle fen\u00eatre re\u00e7oit des informations personnelles telles que des noms, des adresses postales, des num\u00e9ros de t\u00e9l\u00e9phone et des adresses \u00e9lectroniques de la part de consommateurs, de clients, de fournisseurs, d&rsquo;actionnaires et d&rsquo;autres personnes, en plus des informations personnelles de nos cadres et de nos employ\u00e9s que nous d\u00e9tenons. Nous nous engageons \u00e0 pr\u00e9server la confidentialit\u00e9 et la s\u00e9curit\u00e9 de ces informations personnelles et \u00e0 veiller \u00e0 ce qu&rsquo;elles soient trait\u00e9es de mani\u00e8re appropri\u00e9e, conform\u00e9ment \u00e0 la pr\u00e9sente politique. <br><br>Cette politique pouvant \u00eatre r\u00e9vis\u00e9e, nous vous recommandons de consulter cette page de temps \u00e0 autre.<\/p>\n\n<ul>\n<li>Nous traitons les informations personnelles de mani\u00e8re appropri\u00e9e et conform\u00e9ment \u00e0 la loi sur la protection des informations personnelles et aux autres lois applicables, ainsi qu&rsquo;aux normes et standards g\u00e9n\u00e9ralement accept\u00e9s.<\/li>\n\n<li>Nous veillons \u00e0 ce que le personnel de l&rsquo;ensemble du groupe Asahi Kasei comprenne parfaitement et respecte fid\u00e8lement les normes et r\u00e9glementations de l&rsquo;entreprise en mati\u00e8re de traitement des informations personnelles.<\/li>\n\n<li>Nous n&rsquo;utilisons les informations personnelles qu&rsquo;aux fins sp\u00e9cifiques qui ont \u00e9t\u00e9 indiqu\u00e9es ou annonc\u00e9es au moment de leur r\u00e9ception.<\/li>\n\n<li>Nous appliquons des mesures appropri\u00e9es dans la conservation et la gestion des informations personnelles afin d&rsquo;\u00e9viter toute modification, divulgation ou perte non autoris\u00e9e de ces informations.<\/li>\n\n<li>Nous r\u00e9pondrons de bonne foi \u00e0 vos demandes de confirmation, de r\u00e9vision, de cessation d&rsquo;utilisation ou de suppression de vos informations personnelles.<\/li>\n<\/ul>\n\n<p>Les sp\u00e9cificit\u00e9s sont d\u00e9crites ci-dessous.<\/p>\n\n<p> <\/p>\n\n<h3 class=\"wp-block-heading\">But de l&rsquo;utilisation<\/h3>\n\n<p>Les finalit\u00e9s pour lesquelles les informations personnelles peuvent \u00eatre utilis\u00e9es par les soci\u00e9t\u00e9s du groupe Asahi Kasei sont d\u00e9crites ci-dessous. Certaines soci\u00e9t\u00e9s du groupe Asahi Kasei poursuivent des objectifs suppl\u00e9mentaires d\u00e9crits dans la politique de confidentialit\u00e9 propre \u00e0 leurs sites web respectifs ou aux sections de ce site web. <\/p>\n\n<ul>\n<li>R\u00e9ponse aux demandes de renseignements ou aux requ\u00eates.<\/li>\n\n<li>Fourniture, accumulation, recherche et \u00e9tude d&rsquo;informations relatives aux produits et aux services, et r\u00e9ponse \u00e0 ces informations.<\/li>\n\n<li>Notification de salons professionnels ou d&rsquo;autres \u00e9v\u00e9nements li\u00e9s aux produits et services.<\/li>\n\n<li>Remise de cadeaux ou de r\u00e9compenses gagn\u00e9s lors de tirages au sort ou de concours.<\/li>\n\n<li>Enqu\u00eate, communication (y compris la distribution de rapports), consultation, discussion, \u00e9tude, conclusion de contrats, placement et r\u00e9ception de commandes, exp\u00e9dition, facturation, r\u00e9ception de paiements, remise de paiements et gestion de cr\u00e9dits et de dettes en rapport avec des transactions commerciales, le Responsible Care, les relations avec les investisseurs, les transactions financi\u00e8res et la gestion de fonds de pension.<\/li>\n\n<li>Recherche et \u00e9tude des circonstances d&rsquo;utilisation des produits et services et des besoins y aff\u00e9rents, et r\u00e9ponse \u00e0 ces circonstances.<\/li>\n\n<li>Gestion de l&rsquo;entr\u00e9e et de la sortie des personnes et des v\u00e9hicules dans les installations du groupe Asahi Kasei.<\/li>\n\n<li>Liaison avec les communaut\u00e9s o\u00f9 les installations du groupe Asahi Kasei sont situ\u00e9es.<\/li>\n\n<li>Notification et rapport aux agences gouvernementales, aux bureaux municipaux et aux organismes publics.<\/li>\n<\/ul>\n\n<p> <\/p>\n\n<h3 class=\"wp-block-heading\">Utilisation partag\u00e9e<\/h3>\n\n<p>Asahi Kasei Corporation peut partager des donn\u00e9es personnelles avec les soci\u00e9t\u00e9s du groupe Asahi Kasei, comme indiqu\u00e9 ci-dessous. Certaines soci\u00e9t\u00e9s du groupe Asahi Kasei incluent une utilisation partag\u00e9e suppl\u00e9mentaire d\u00e9crite dans la politique de confidentialit\u00e9 sp\u00e9cifique \u00e0 leurs sites web respectifs ou aux sections de ce site web. <\/p>\n\n<figure class=\"wp-block-table\">\n<table>\n<tbody>\n<tr>\n<th>Informations faisant l&rsquo;objet d&rsquo;une utilisation partag\u00e9e<\/th>\n<th>But de l&rsquo;utilisation partag\u00e9e<\/th>\n<th>Partie responsable<\/th>\n<\/tr>\n<tr>\n<td>Noms et coordonn\u00e9es des personnes d\u00e9tenues par les Affaires g\u00e9n\u00e9rales<\/td>\n<td>R\u00e9ponse appropri\u00e9e aux demandes de renseignements et aux requ\u00eates<\/td>\n<td>Directeur g\u00e9n\u00e9ral des affaires g\u00e9n\u00e9rales<\/td>\n<\/tr>\n<tr>\n<td>Noms et coordonn\u00e9es des personnes d\u00e9tenues par le service Achats et logistique de l&rsquo;entreprise<\/td>\n<td>Ex\u00e9cution des t\u00e2ches li\u00e9es \u00e0 l&rsquo;approvisionnement<\/td>\n<td>Directeur g\u00e9n\u00e9ral de Corporate Procurement &amp; Logistics<\/td>\n<\/tr>\n<tr>\n<td>Noms et informations de contact d\u00e9tenus par Corporate Accounting &amp; Control et Corporate Finance<\/td>\n<td>Gestion des cr\u00e9dits et des dettes, traitement des paiements<\/td>\n<td>Directeur g\u00e9n\u00e9ral de Corporate Accounting &amp; Control et directeur g\u00e9n\u00e9ral de Corporate Finance<\/td>\n<\/tr>\n<tr>\n<td>Ernst Handel<\/td>\n<td>Roland Mendel<\/td>\n<td>Autriche<\/td>\n<\/tr>\n<\/tbody>\n<\/table>\n<\/figure>\n\n<p> <\/p>\n\n<h3 class=\"wp-block-heading\">Divulgation \u00e0 des tiers<\/h3>\n\n<p>Lorsqu&rsquo;il s&rsquo;av\u00e8re n\u00e9cessaire de divulguer des informations personnelles \u00e0 des sous-traitants dans le cadre de l&rsquo;externalisation, les soci\u00e9t\u00e9s du groupe Asahi Kasei concluent des accords avec les entreprises sous-traitantes exigeant que ces informations personnelles soient trait\u00e9es conform\u00e9ment aux normes du groupe Asahi Kasei. Le traitement des informations personnelles par les entreprises sous-traitantes est contr\u00f4l\u00e9 et supervis\u00e9 afin de garantir la conformit\u00e9. <br><br>Les seuls autres cas o\u00f9 des informations personnelles sont divulgu\u00e9es \u00e0 des tiers sont d\u00e9crits ci-dessous.<\/p>\n\n<ul>\n<li>si nous avons obtenu votre accord pr\u00e9alable pour le faire.<\/li>\n\n<li>Si la possibilit\u00e9 d&rsquo;une telle divulgation a \u00e9t\u00e9 clairement indiqu\u00e9e au moment o\u00f9 les informations personnelles ont \u00e9t\u00e9 re\u00e7ues.<\/li>\n\n<li>Si la r\u00e9ponse appropri\u00e9e \u00e0 une enqu\u00eate ou \u00e0 une demande n\u00e9cessite la divulgation \u00e0 une soci\u00e9t\u00e9 du groupe Asahi Kasei.<\/li>\n\n<li>Si des informations sous une forme qui exclut l&rsquo;identification personnelle sont divulgu\u00e9es \u00e0 des fins d&rsquo;analyse statistique.<\/li>\n\n<li>Si une fusion, une s\u00e9paration ou un transfert d&rsquo;entreprise n\u00e9cessite la divulgation d&rsquo;informations pour la succession des op\u00e9rations.<\/li>\n\n<li>Si la loi ou la r\u00e9glementation l&rsquo;exige.<\/li>\n\n<li>Si la protection de la vie, de la sant\u00e9 ou des biens d&rsquo;une personne l&rsquo;exige et que nous ne sommes pas en mesure d&rsquo;obtenir votre accord pr\u00e9alable.<\/li>\n\n<li>Liaison avec les communaut\u00e9s o\u00f9 les installations du groupe Asahi Kasei sont situ\u00e9es.<\/li>\n\n<li>si cela est n\u00e9cessaire dans le cadre de la coop\u00e9ration avec les autorit\u00e9s gouvernementales et que l&rsquo;obtention de votre accord pr\u00e9alable emp\u00eacherait les autorit\u00e9s d&rsquo;exercer leurs fonctions.<\/li>\n<\/ul>\n\n<p> <\/p>\n\n<h3 class=\"wp-block-heading\">Demandes de renseignements personnels<\/h3>\n\n<ul>\n<li><strong>Confirmation<\/strong><br>Pour examen et confirmation, vous pouvez nous demander de vous communiquer les donn\u00e9es \u00e0 caract\u00e8re personnel que nous d\u00e9tenons \u00e0 votre sujet. Apr\u00e8s avoir v\u00e9rifi\u00e9 que la personne qui fait une telle demande est bien celle pour laquelle la divulgation est demand\u00e9e ou un mandataire d\u00fbment autoris\u00e9, nous r\u00e9pondrons dans un d\u00e9lai raisonnable et dans une mesure raisonnable. <\/li>\n\n<li><strong>Correction, r\u00e9vision<\/strong><br>Vous pouvez nous demander de corriger ou de r\u00e9viser les donn\u00e9es \u00e0 caract\u00e8re personnel vous concernant que nous d\u00e9tenons. Apr\u00e8s avoir v\u00e9rifi\u00e9 que la personne qui fait cette demande est bien celle pour laquelle la correction ou la r\u00e9vision est demand\u00e9e ou un mandataire d\u00fbment autoris\u00e9, nous r\u00e9pondrons dans un d\u00e9lai raisonnable et dans une mesure raisonnable si les donn\u00e9es que nous d\u00e9tenons sont inexactes. <\/li>\n\n<li><strong>Cessation de l&rsquo;utilisation, suppression<\/strong><br>Vous pouvez nous demander de cesser d&rsquo;utiliser ou de supprimer les donn\u00e9es \u00e0 caract\u00e8re personnel vous concernant que nous d\u00e9tenons. Apr\u00e8s avoir v\u00e9rifi\u00e9 que l&rsquo;identit\u00e9 de la personne qui fait cette demande est bien celle de la personne pour laquelle la cessation d&rsquo;utilisation ou la suppression est demand\u00e9e ou d&rsquo;un mandataire d\u00fbment autoris\u00e9, nous r\u00e9pondrons dans un d\u00e9lai raisonnable et dans une mesure raisonnable.<br>Veuillez noter que la cessation d&rsquo;utilisation ou la suppression d&rsquo;une partie ou de la totalit\u00e9 de vos informations personnelles peut nous emp\u00eacher de vous fournir certains services. Veuillez \u00e9galement noter que les r\u00e9glementations pertinentes pr\u00e9voient que nous pouvons refuser de r\u00e9pondre \u00e0 une telle demande dans certains cas.  <\/li>\n\n<li><strong>Cessation de l&rsquo;utilisation, suppression<\/strong><br>Les demandes de confirmation, de correction, de r\u00e9vision, de cessation de l&rsquo;utilisation ou de suppression des donn\u00e9es personnelles conserv\u00e9es peuvent \u00eatre faites par le biais du formulaire de demande, par t\u00e9l\u00e9copie au +81-(0)3-3296-3161, ou par courrier \u00e0 Corporate Affairs, 1-105 Kanda Jinbocho, Chiyoda-ku, Tokyo 101-8101, Japon.<br>Si vos informations personnelles nous ont \u00e9t\u00e9 fournies par l&rsquo;interm\u00e9diaire des sites web des soci\u00e9t\u00e9s du groupe Asahi Kasei ou de sections de ce site web qui disposent d&rsquo;une politique de confidentialit\u00e9 distincte, veuillez vous r\u00e9f\u00e9rer aux informations de contact figurant dans cette politique de confidentialit\u00e9.<\/li>\n\n<li><strong>Frais de traitement<\/strong><br>Les frais que nous engageons pour r\u00e9pondre \u00e0 une demande de confirmation, de correction, de r\u00e9vision, de cessation d&rsquo;utilisation ou de suppression de donn\u00e9es \u00e0 caract\u00e8re personnel conserv\u00e9es peuvent vous \u00eatre factur\u00e9s, \u00e0 vous ou \u00e0 votre mandataire, \u00e0 titre de frais de traitement.<\/li>\n<\/ul>\n\n<div class=\"wp-block-spacer\" style=\"height: 100px;\" aria-hidden=\"true\"> <\/div>\n\t\t\t\t\t\t\t\t<\/div>\n\t\t\t\t<\/div>\n\t\t\t\t\t<\/div>\n\t\t\t\t<\/div>\n\t\t<div class=\"elementor-element elementor-element-7564ee34 e-flex e-con-boxed e-con e-parent\" data-id=\"7564ee34\" data-element_type=\"container\" data-e-type=\"container\" data-settings=\"{&quot;background_background&quot;:&quot;classic&quot;}\">\n\t\t\t\t\t<div class=\"e-con-inner\">\n\t\t<div class=\"elementor-element elementor-element-730accc e-con-full e-flex e-con e-child\" data-id=\"730accc\" data-element_type=\"container\" data-e-type=\"container\" data-settings=\"{&quot;position&quot;:&quot;absolute&quot;}\">\n\t\t\t\t<\/div>\n\t\t<div class=\"elementor-element elementor-element-e4c97f4 e-con-full e-flex e-con e-child\" data-id=\"e4c97f4\" data-element_type=\"container\" data-e-type=\"container\" data-settings=\"{&quot;background_background&quot;:&quot;slideshow&quot;,&quot;background_slideshow_gallery&quot;:[],&quot;background_slideshow_loop&quot;:&quot;yes&quot;,&quot;background_slideshow_slide_duration&quot;:5000,&quot;background_slideshow_slide_transition&quot;:&quot;fade&quot;,&quot;background_slideshow_transition_duration&quot;:500}\">\n\t\t\t\t<div class=\"elementor-element elementor-element-c3d86d1 elementor-widget elementor-widget-heading\" data-id=\"c3d86d1\" data-element_type=\"widget\" data-e-type=\"widget\" data-widget_type=\"heading.default\">\n\t\t\t\t<div class=\"elementor-widget-container\">\n\t\t\t\t\t<h2 class=\"elementor-heading-title elementor-size-default\">Groupe Asahi Kasei<\/h2>\t\t\t\t<\/div>\n\t\t\t\t<\/div>\n\t\t\t\t<div class=\"elementor-element elementor-element-63f8e68 elementor-widget elementor-widget-text-editor\" data-id=\"63f8e68\" data-element_type=\"widget\" data-e-type=\"widget\" data-widget_type=\"text-editor.default\">\n\t\t\t\t<div class=\"elementor-widget-container\">\n\t\t\t\t\t\t\t\t\t<p>Nous, le groupe Asahi Kasei, contribuons \u00e0 la vie et \u00e0 l&rsquo;existence des gens dans le monde entier.<\/p>\t\t\t\t\t\t\t\t<\/div>\n\t\t\t\t<\/div>\n\t\t\t\t<div class=\"elementor-element elementor-element-9b02127 elementor-mobile-align-center elementor-widget-mobile__width-auto elementor-align-left elementor-widget elementor-widget-button\" data-id=\"9b02127\" data-element_type=\"widget\" data-e-type=\"widget\" data-widget_type=\"button.default\">\n\t\t\t\t<div class=\"elementor-widget-container\">\n\t\t\t\t\t\t\t\t\t<div class=\"elementor-button-wrapper\">\n\t\t\t\t\t<a class=\"elementor-button elementor-button-link elementor-size-sm\" href=\"https:\/\/www.asahi-kasei.com\/\">\n\t\t\t\t\t\t<span class=\"elementor-button-content-wrapper\">\n\t\t\t\t\t\t\t\t\t<span class=\"elementor-button-text\">En savoir plus<\/span>\n\t\t\t\t\t<\/span>\n\t\t\t\t\t<\/a>\n\t\t\t\t<\/div>\n\t\t\t\t\t\t\t\t<\/div>\n\t\t\t\t<\/div>\n\t\t\t\t<\/div>\n\t\t\t\t\t<\/div>\n\t\t\t\t<\/div>\n\t\t\t\t<\/div>\n\t\t","protected":false},"excerpt":{"rendered":"<p>Politique de confidentialit\u00e9 Dans le cadre de ses activit\u00e9s, le groupe Asahi Kasei*Ouverture d&rsquo;une nouvelle fen\u00eatre re\u00e7oit des informations personnelles telles que des noms, des adresses postales, des num\u00e9ros de t\u00e9l\u00e9phone et des adresses \u00e9lectroniques de la part de consommateurs, de clients, de fournisseurs, d&rsquo;actionnaires et d&rsquo;autres personnes, en plus des informations personnelles de nos [&hellip;]<\/p>\n","protected":false},"author":1,"featured_media":0,"parent":0,"menu_order":0,"comment_status":"closed","ping_status":"open","template":"","meta":{"_acf_changed":false,"footnotes":""},"class_list":["post-22426","page","type-page","status-publish","hentry"],"acf":[],"yoast_head":"<!-- This site is optimized with the Yoast SEO plugin v27.1.1 - https:\/\/yoast.com\/product\/yoast-seo-wordpress\/ -->\n<title>Politique de confidentialit\u00e9 - Asahi Kasei Bioprocess<\/title>\n<meta name=\"description\" content=\"Asahi Kasei Bioprocess recueille, utilise et divulgue des informations personnelles d&#039;une mani\u00e8re conforme aux lois des pays dans lesquels nous exer\u00e7ons nos activit\u00e9s.\" \/>\n<meta name=\"robots\" content=\"index, follow, max-snippet:-1, max-image-preview:large, max-video-preview:-1\" \/>\n<link rel=\"canonical\" href=\"https:\/\/fluidmgmt.ak-bio.com\/fr\/politique-de-confidentialite\/\" \/>\n<meta property=\"og:locale\" content=\"fr_FR\" \/>\n<meta property=\"og:type\" content=\"article\" \/>\n<meta property=\"og:title\" content=\"Politique de confidentialit\u00e9 - Asahi Kasei Bioprocess\" \/>\n<meta property=\"og:description\" content=\"Asahi Kasei Bioprocess recueille, utilise et divulgue des informations personnelles d&#039;une mani\u00e8re conforme aux lois des pays dans lesquels nous exer\u00e7ons nos activit\u00e9s.\" \/>\n<meta property=\"og:url\" content=\"https:\/\/fluidmgmt.ak-bio.com\/fr\/politique-de-confidentialite\/\" \/>\n<meta property=\"og:site_name\" content=\"AK Bio - Fluid Management\" \/>\n<meta property=\"article:modified_time\" content=\"2025-11-24T15:48:46+00:00\" \/>\n<meta property=\"og:image\" content=\"https:\/\/fluidmgmt.ak-bio.com\/wp-content\/uploads\/2024\/05\/Home-dna-scaled.webp\" \/>\n\t<meta property=\"og:image:width\" content=\"2560\" \/>\n\t<meta property=\"og:image:height\" content=\"1435\" \/>\n\t<meta property=\"og:image:type\" content=\"image\/webp\" \/>\n<meta name=\"twitter:card\" content=\"summary_large_image\" \/>\n<meta name=\"twitter:label1\" content=\"Dur\u00e9e de lecture estim\u00e9e\" \/>\n\t<meta name=\"twitter:data1\" content=\"7 minutes\" \/>\n<script type=\"application\/ld+json\" class=\"yoast-schema-graph\">{\"@context\":\"https:\/\/schema.org\",\"@graph\":[{\"@type\":\"WebPage\",\"@id\":\"https:\/\/fluidmgmt.ak-bio.com\/fr\/politique-de-confidentialite\/\",\"url\":\"https:\/\/fluidmgmt.ak-bio.com\/fr\/politique-de-confidentialite\/\",\"name\":\"Politique de confidentialit\u00e9 - Asahi Kasei Bioprocess\",\"isPartOf\":{\"@id\":\"https:\/\/fluidmgmt.ak-bio.com\/fr\/#website\"},\"datePublished\":\"2024-04-05T02:05:21+00:00\",\"dateModified\":\"2025-11-24T15:48:46+00:00\",\"description\":\"Asahi Kasei Bioprocess recueille, utilise et divulgue des informations personnelles d'une mani\u00e8re conforme aux lois des pays dans lesquels nous exer\u00e7ons nos activit\u00e9s.\",\"inLanguage\":\"fr-FR\",\"potentialAction\":[{\"@type\":\"ReadAction\",\"target\":[\"https:\/\/fluidmgmt.ak-bio.com\/fr\/politique-de-confidentialite\/\"]}]},{\"@type\":\"WebSite\",\"@id\":\"https:\/\/fluidmgmt.ak-bio.com\/fr\/#website\",\"url\":\"https:\/\/fluidmgmt.ak-bio.com\/fr\/\",\"name\":\"AK Bio - Fluid Management\",\"description\":\"\",\"publisher\":{\"@id\":\"https:\/\/fluidmgmt.ak-bio.com\/fr\/#organization\"},\"potentialAction\":[{\"@type\":\"SearchAction\",\"target\":{\"@type\":\"EntryPoint\",\"urlTemplate\":\"https:\/\/fluidmgmt.ak-bio.com\/fr\/?s={search_term_string}\"},\"query-input\":{\"@type\":\"PropertyValueSpecification\",\"valueRequired\":true,\"valueName\":\"search_term_string\"}}],\"inLanguage\":\"fr-FR\"},{\"@type\":\"Organization\",\"@id\":\"https:\/\/fluidmgmt.ak-bio.com\/fr\/#organization\",\"name\":\"AK Bio\",\"url\":\"https:\/\/fluidmgmt.ak-bio.com\/fr\/\",\"logo\":{\"@type\":\"ImageObject\",\"inLanguage\":\"fr-FR\",\"@id\":\"https:\/\/fluidmgmt.ak-bio.com\/fr\/#\/schema\/logo\/image\/\",\"url\":\"https:\/\/fluidmgmt.ak-bio.com\/wp-content\/uploads\/2024\/04\/blue_ak_Logo.svg\",\"contentUrl\":\"https:\/\/fluidmgmt.ak-bio.com\/wp-content\/uploads\/2024\/04\/blue_ak_Logo.svg\",\"width\":197,\"height\":50,\"caption\":\"AK Bio\"},\"image\":{\"@id\":\"https:\/\/fluidmgmt.ak-bio.com\/fr\/#\/schema\/logo\/image\/\"},\"sameAs\":[\"https:\/\/www.linkedin.com\/company\/asahi-kasei-bioprocess-america\/\"]}]}<\/script>\n<!-- \/ Yoast SEO plugin. -->","yoast_head_json":{"title":"Politique de confidentialit\u00e9 - Asahi Kasei Bioprocess","description":"Asahi Kasei Bioprocess recueille, utilise et divulgue des informations personnelles d'une mani\u00e8re conforme aux lois des pays dans lesquels nous exer\u00e7ons nos activit\u00e9s.","robots":{"index":"index","follow":"follow","max-snippet":"max-snippet:-1","max-image-preview":"max-image-preview:large","max-video-preview":"max-video-preview:-1"},"canonical":"https:\/\/fluidmgmt.ak-bio.com\/fr\/politique-de-confidentialite\/","og_locale":"fr_FR","og_type":"article","og_title":"Politique de confidentialit\u00e9 - Asahi Kasei Bioprocess","og_description":"Asahi Kasei Bioprocess recueille, utilise et divulgue des informations personnelles d'une mani\u00e8re conforme aux lois des pays dans lesquels nous exer\u00e7ons nos activit\u00e9s.","og_url":"https:\/\/fluidmgmt.ak-bio.com\/fr\/politique-de-confidentialite\/","og_site_name":"AK Bio - Fluid Management","article_modified_time":"2025-11-24T15:48:46+00:00","og_image":[{"width":2560,"height":1435,"url":"https:\/\/fluidmgmt.ak-bio.com\/wp-content\/uploads\/2024\/05\/Home-dna-scaled.webp","type":"image\/webp"}],"twitter_card":"summary_large_image","twitter_misc":{"Dur\u00e9e de lecture estim\u00e9e":"7 minutes"},"schema":{"@context":"https:\/\/schema.org","@graph":[{"@type":"WebPage","@id":"https:\/\/fluidmgmt.ak-bio.com\/fr\/politique-de-confidentialite\/","url":"https:\/\/fluidmgmt.ak-bio.com\/fr\/politique-de-confidentialite\/","name":"Politique de confidentialit\u00e9 - Asahi Kasei Bioprocess","isPartOf":{"@id":"https:\/\/fluidmgmt.ak-bio.com\/fr\/#website"},"datePublished":"2024-04-05T02:05:21+00:00","dateModified":"2025-11-24T15:48:46+00:00","description":"Asahi Kasei Bioprocess recueille, utilise et divulgue des informations personnelles d'une mani\u00e8re conforme aux lois des pays dans lesquels nous exer\u00e7ons nos activit\u00e9s.","inLanguage":"fr-FR","potentialAction":[{"@type":"ReadAction","target":["https:\/\/fluidmgmt.ak-bio.com\/fr\/politique-de-confidentialite\/"]}]},{"@type":"WebSite","@id":"https:\/\/fluidmgmt.ak-bio.com\/fr\/#website","url":"https:\/\/fluidmgmt.ak-bio.com\/fr\/","name":"AK Bio - Fluid Management","description":"","publisher":{"@id":"https:\/\/fluidmgmt.ak-bio.com\/fr\/#organization"},"potentialAction":[{"@type":"SearchAction","target":{"@type":"EntryPoint","urlTemplate":"https:\/\/fluidmgmt.ak-bio.com\/fr\/?s={search_term_string}"},"query-input":{"@type":"PropertyValueSpecification","valueRequired":true,"valueName":"search_term_string"}}],"inLanguage":"fr-FR"},{"@type":"Organization","@id":"https:\/\/fluidmgmt.ak-bio.com\/fr\/#organization","name":"AK Bio","url":"https:\/\/fluidmgmt.ak-bio.com\/fr\/","logo":{"@type":"ImageObject","inLanguage":"fr-FR","@id":"https:\/\/fluidmgmt.ak-bio.com\/fr\/#\/schema\/logo\/image\/","url":"https:\/\/fluidmgmt.ak-bio.com\/wp-content\/uploads\/2024\/04\/blue_ak_Logo.svg","contentUrl":"https:\/\/fluidmgmt.ak-bio.com\/wp-content\/uploads\/2024\/04\/blue_ak_Logo.svg","width":197,"height":50,"caption":"AK Bio"},"image":{"@id":"https:\/\/fluidmgmt.ak-bio.com\/fr\/#\/schema\/logo\/image\/"},"sameAs":["https:\/\/www.linkedin.com\/company\/asahi-kasei-bioprocess-america\/"]}]}},"_links":{"self":[{"href":"https:\/\/fluidmgmt.ak-bio.com\/fr\/wp-json\/wp\/v2\/pages\/22426","targetHints":{"allow":["GET"]}}],"collection":[{"href":"https:\/\/fluidmgmt.ak-bio.com\/fr\/wp-json\/wp\/v2\/pages"}],"about":[{"href":"https:\/\/fluidmgmt.ak-bio.com\/fr\/wp-json\/wp\/v2\/types\/page"}],"author":[{"embeddable":true,"href":"https:\/\/fluidmgmt.ak-bio.com\/fr\/wp-json\/wp\/v2\/users\/1"}],"replies":[{"embeddable":true,"href":"https:\/\/fluidmgmt.ak-bio.com\/fr\/wp-json\/wp\/v2\/comments?post=22426"}],"version-history":[{"count":0,"href":"https:\/\/fluidmgmt.ak-bio.com\/fr\/wp-json\/wp\/v2\/pages\/22426\/revisions"}],"wp:attachment":[{"href":"https:\/\/fluidmgmt.ak-bio.com\/fr\/wp-json\/wp\/v2\/media?parent=22426"}],"curies":[{"name":"wp","href":"https:\/\/api.w.org\/{rel}","templated":true}]}}