{"id":23728,"date":"2024-08-12T13:36:33","date_gmt":"2024-08-12T17:36:33","guid":{"rendered":"https:\/\/fluidmgmt.ak-bio.com\/durabilite\/"},"modified":"2025-11-21T10:23:29","modified_gmt":"2025-11-21T15:23:29","slug":"durabilite","status":"publish","type":"page","link":"https:\/\/fluidmgmt.ak-bio.com\/fr\/entreprise\/durabilite\/","title":{"rendered":"Durabilit\u00e9"},"content":{"rendered":"\t\t<div data-elementor-type=\"wp-page\" data-elementor-id=\"23728\" class=\"elementor elementor-23728 elementor-14207\" data-elementor-post-type=\"page\">\n\t\t\t\t<div class=\"elementor-element elementor-element-5251e38 e-flex e-con-boxed e-con e-parent\" data-id=\"5251e38\" data-element_type=\"container\" data-e-type=\"container\" id=\"main-hero-container\" data-settings=\"{&quot;background_background&quot;:&quot;classic&quot;}\">\n\t\t\t\t\t<div class=\"e-con-inner\">\n\t\t<div class=\"elementor-element elementor-element-64dc7195 e-con-full e-flex e-con e-child\" data-id=\"64dc7195\" data-element_type=\"container\" data-e-type=\"container\" data-settings=\"{&quot;position&quot;:&quot;absolute&quot;}\">\n\t\t\t\t<\/div>\n\t\t<div class=\"elementor-element elementor-element-496cbe4e e-con-full e-flex e-con e-child\" data-id=\"496cbe4e\" data-element_type=\"container\" data-e-type=\"container\">\n\t\t\t\t<div class=\"elementor-element elementor-element-6ad7aadf elementor-widget elementor-widget-heading\" data-id=\"6ad7aadf\" data-element_type=\"widget\" data-e-type=\"widget\" data-widget_type=\"heading.default\">\n\t\t\t\t<div class=\"elementor-widget-container\">\n\t\t\t\t\t<h1 class=\"elementor-heading-title elementor-size-default\">Comment Asahi Kasei Bioprocess promeut le d\u00e9veloppement durable<\/h1>\t\t\t\t<\/div>\n\t\t\t\t<\/div>\n\t\t\t\t<\/div>\n\t\t\t\t\t<\/div>\n\t\t\t\t<\/div>\n\t\t<div class=\"elementor-element elementor-element-182b7305 e-flex e-con-boxed e-con e-parent\" data-id=\"182b7305\" data-element_type=\"container\" data-e-type=\"container\" data-settings=\"{&quot;background_background&quot;:&quot;classic&quot;}\">\n\t\t\t\t\t<div class=\"e-con-inner\">\n\t\t\t\t<div class=\"elementor-element elementor-element-2acf5580 breadcrumbs elementor-widget elementor-widget-global elementor-global-25420 elementor-global-772 elementor-widget-wp-widget-bcn_widget\" data-id=\"2acf5580\" data-element_type=\"widget\" data-e-type=\"widget\" data-widget_type=\"wp-widget-bcn_widget.default\">\n\t\t\t\t<div class=\"elementor-widget-container\">\n\t\t\t\t\t<div class=\"breadcrumbs\" vocab=\"https:\/\/schema.org\/\" typeof=\"BreadcrumbList\"><\/div>\t\t\t\t<\/div>\n\t\t\t\t<\/div>\n\t\t\t\t\t<\/div>\n\t\t\t\t<\/div>\n\t\t<div class=\"elementor-element elementor-element-45d0c27 e-flex e-con-boxed e-con e-parent\" data-id=\"45d0c27\" data-element_type=\"container\" data-e-type=\"container\" data-settings=\"{&quot;background_background&quot;:&quot;gradient&quot;}\">\n\t\t\t\t\t<div class=\"e-con-inner\">\n\t\t<div class=\"elementor-element elementor-element-a38b8d7 e-con-full e-flex e-con e-child\" data-id=\"a38b8d7\" data-element_type=\"container\" data-e-type=\"container\">\n\t\t<div class=\"elementor-element elementor-element-c8b5a45 e-con-full e-flex e-con e-child\" data-id=\"c8b5a45\" data-element_type=\"container\" data-e-type=\"container\">\n\t\t\t\t<div class=\"elementor-element elementor-element-e405295 elementor-widget elementor-widget-heading\" data-id=\"e405295\" data-element_type=\"widget\" data-e-type=\"widget\" data-widget_type=\"heading.default\">\n\t\t\t\t<div class=\"elementor-widget-container\">\n\t\t\t\t\t<h2 class=\"elementor-heading-title elementor-size-default\">Le d\u00e9veloppement durable chez AKBA<\/h2>\t\t\t\t<\/div>\n\t\t\t\t<\/div>\n\t\t\t\t<\/div>\n\t\t\t\t<\/div>\n\t\t<div class=\"elementor-element elementor-element-ca02850 e-flex e-con-boxed e-con e-child\" data-id=\"ca02850\" data-element_type=\"container\" data-e-type=\"container\">\n\t\t\t\t\t<div class=\"e-con-inner\">\n\t\t\t\t<div class=\"elementor-element elementor-element-2d90d07 elementor-widget elementor-widget-text-editor\" data-id=\"2d90d07\" data-element_type=\"widget\" data-e-type=\"widget\" data-widget_type=\"text-editor.default\">\n\t\t\t\t<div class=\"elementor-widget-container\">\n\t\t\t\t\t\t\t\t\t<p><span style=\"font-weight: 400;\">Depuis sa cr\u00e9ation en 1922, la durabilit\u00e9 et l&rsquo;innovation pour l&rsquo;am\u00e9lioration de la soci\u00e9t\u00e9 ont \u00e9t\u00e9 des th\u00e8mes cl\u00e9s de la croissance du groupe Asahi Kasei, ainsi que de ses filiales, dont Asahi Kasei Bioprocess America. AKBA joue un r\u00f4le important en contribuant \u00e0 la vie et \u00e0 l&rsquo;existence des gens dans le monde entier. <\/span><\/p>\t\t\t\t\t\t\t\t<\/div>\n\t\t\t\t<\/div>\n\t\t\t\t\t<\/div>\n\t\t\t\t<\/div>\n\t\t\t\t\t<\/div>\n\t\t\t\t<\/div>\n\t\t<div class=\"elementor-element elementor-element-58637c8 e-flex e-con-boxed e-con e-parent\" data-id=\"58637c8\" data-element_type=\"container\" data-e-type=\"container\" data-settings=\"{&quot;background_background&quot;:&quot;classic&quot;}\">\n\t\t\t\t\t<div class=\"e-con-inner\">\n\t\t<div class=\"elementor-element elementor-element-0e3d641 e-con-full e-flex e-con e-child\" data-id=\"0e3d641\" data-element_type=\"container\" data-e-type=\"container\">\n\t\t<div class=\"elementor-element elementor-element-3e15c2d e-con-full e-flex e-con e-child\" data-id=\"3e15c2d\" data-element_type=\"container\" data-e-type=\"container\">\n\t\t\t\t<div class=\"elementor-element elementor-element-f7c17f8 elementor-widget elementor-widget-heading\" data-id=\"f7c17f8\" data-element_type=\"widget\" data-e-type=\"widget\" data-widget_type=\"heading.default\">\n\t\t\t\t<div class=\"elementor-widget-container\">\n\t\t\t\t\t<h2 class=\"elementor-heading-title elementor-size-default\">Soci\u00e9t\u00e9 durable<\/h2>\t\t\t\t<\/div>\n\t\t\t\t<\/div>\n\t\t\t\t<div class=\"elementor-element elementor-element-65d42d2 elementor-widget elementor-widget-text-editor\" data-id=\"65d42d2\" data-element_type=\"widget\" data-e-type=\"widget\" data-widget_type=\"text-editor.default\">\n\t\t\t\t<div class=\"elementor-widget-container\">\n\t\t\t\t\t\t\t\t\t<p><span style=\"font-weight: 400;\">Au fur et \u00e0 mesure de notre croissance, nous continuons \u00e0 nous efforcer d&rsquo;atteindre deux aspects de la durabilit\u00e9 qui se renforcent mutuellement : en cr\u00e9ant de la valeur pour \u00ab\u00a0contribuer \u00e0 une soci\u00e9t\u00e9 durable\u00a0\u00bb, nous cherchons \u00e0 obtenir une \u00ab\u00a0croissance durable de la valeur de l&rsquo;entreprise\u00a0\u00bb qui nous permet d&rsquo;apporter d&rsquo;autres contributions dans un cycle vertueux. Pour y parvenir, nous mettons en pratique ce qui suit : <\/span><\/p><ul><li style=\"font-weight: 400;\" aria-level=\"1\"><span style=\"font-weight: 400;\">Cr\u00e9ation de valeur par la contribution \u00e0 une soci\u00e9t\u00e9 durable<\/span><\/li><\/ul><ul><li style=\"font-weight: 400;\" aria-level=\"1\"><span style=\"font-weight: 400;\">Activit\u00e9s commerciales responsables<\/span><\/li><\/ul><ul><li style=\"font-weight: 400;\" aria-level=\"1\"><span style=\"font-weight: 400;\">Habilitation du personnel<\/span><\/li><\/ul><p> <\/p>\t\t\t\t\t\t\t\t<\/div>\n\t\t\t\t<\/div>\n\t\t\t\t<\/div>\n\t\t<div class=\"elementor-element elementor-element-736e9f9 e-con-full e-flex e-con e-child\" data-id=\"736e9f9\" data-element_type=\"container\" data-e-type=\"container\">\n\t\t\t\t<div class=\"elementor-element elementor-element-14b3802 elementor-widget__width-auto elementor-widget elementor-widget-image\" data-id=\"14b3802\" data-element_type=\"widget\" data-e-type=\"widget\" data-widget_type=\"image.default\">\n\t\t\t\t<div class=\"elementor-widget-container\">\n\t\t\t\t\t\t\t\t\t\t\t\t\t\t\t<img fetchpriority=\"high\" decoding=\"async\" width=\"768\" height=\"440\" src=\"https:\/\/fluidmgmt.ak-bio.com\/wp-content\/uploads\/2024\/09\/AKSustainability-768x440.png\" class=\"attachment-medium_large size-medium_large wp-image-17541\" alt=\"Sustainability\" srcset=\"https:\/\/fluidmgmt.ak-bio.com\/wp-content\/uploads\/2024\/09\/AKSustainability-768x440.png 768w, https:\/\/fluidmgmt.ak-bio.com\/wp-content\/uploads\/2024\/09\/AKSustainability-300x172.png 300w, https:\/\/fluidmgmt.ak-bio.com\/wp-content\/uploads\/2024\/09\/AKSustainability-1024x586.png 1024w, https:\/\/fluidmgmt.ak-bio.com\/wp-content\/uploads\/2024\/09\/AKSustainability-600x344.png 600w, https:\/\/fluidmgmt.ak-bio.com\/wp-content\/uploads\/2024\/09\/AKSustainability.png 1200w\" sizes=\"(max-width: 768px) 100vw, 768px\" \/>\t\t\t\t\t\t\t\t\t\t\t\t\t\t\t<\/div>\n\t\t\t\t<\/div>\n\t\t\t\t<\/div>\n\t\t\t\t<\/div>\n\t\t\t\t\t<\/div>\n\t\t\t\t<\/div>\n\t\t<div class=\"elementor-element elementor-element-70a8c9a e-flex e-con-boxed e-con e-parent\" data-id=\"70a8c9a\" data-element_type=\"container\" data-e-type=\"container\" data-settings=\"{&quot;background_background&quot;:&quot;classic&quot;}\">\n\t\t\t\t\t<div class=\"e-con-inner\">\n\t\t<div class=\"elementor-element elementor-element-9d1ed8b e-con-full e-flex e-con e-child\" data-id=\"9d1ed8b\" data-element_type=\"container\" data-e-type=\"container\">\n\t\t<div class=\"elementor-element elementor-element-9fe2331 e-con-full e-flex e-con e-child\" data-id=\"9fe2331\" data-element_type=\"container\" data-e-type=\"container\">\n\t\t\t\t<div class=\"elementor-element elementor-element-5d0cc5b elementor-widget elementor-widget-video\" data-id=\"5d0cc5b\" data-element_type=\"widget\" data-e-type=\"widget\" data-settings=\"{&quot;youtube_url&quot;:&quot;https:\\\/\\\/www.youtube.com\\\/watch?v=PG1x7ZVAIRE&quot;,&quot;video_type&quot;:&quot;youtube&quot;,&quot;controls&quot;:&quot;yes&quot;}\" data-widget_type=\"video.default\">\n\t\t\t\t<div class=\"elementor-widget-container\">\n\t\t\t\t\t\t\t<div class=\"elementor-wrapper elementor-open-inline\">\n\t\t\t<div class=\"elementor-video\"><\/div>\t\t<\/div>\n\t\t\t\t\t\t<\/div>\n\t\t\t\t<\/div>\n\t\t\t\t<\/div>\n\t\t<div class=\"elementor-element elementor-element-bdefb2a e-con-full e-flex e-con e-child\" data-id=\"bdefb2a\" data-element_type=\"container\" data-e-type=\"container\">\n\t\t\t\t<div class=\"elementor-element elementor-element-7d0ddeb elementor-widget elementor-widget-heading\" data-id=\"7d0ddeb\" data-element_type=\"widget\" data-e-type=\"widget\" data-widget_type=\"heading.default\">\n\t\t\t\t<div class=\"elementor-widget-container\">\n\t\t\t\t\t<h2 class=\"elementor-heading-title elementor-size-default\">Ici \u00e0 la maison<\/h2>\t\t\t\t<\/div>\n\t\t\t\t<\/div>\n\t\t\t\t<div class=\"elementor-element elementor-element-690b9b5 elementor-widget elementor-widget-text-editor\" data-id=\"690b9b5\" data-element_type=\"widget\" data-e-type=\"widget\" data-widget_type=\"text-editor.default\">\n\t\t\t\t<div class=\"elementor-widget-container\">\n\t\t\t\t\t\t\t\t\t<p><span style=\"font-weight: 400;\">Au niveau local, Asahi Kasei Bioprocess a apport\u00e9 des am\u00e9liorations significatives \u00e0 son espace d&rsquo;exploitation pr\u00e8s de Chicago, IL, dans le but d&rsquo;atteindre les objectifs de durabilit\u00e9 &#8211; y compris l&rsquo;incorporation de solutions plus \u00e9cologiques dans notre expansion de 25 000 pieds carr\u00e9s : <\/span><\/p><ul><li style=\"font-weight: 400;\" aria-level=\"1\"><span style=\"font-weight: 400;\">Concevoir des fen\u00eatres en hauteur sur les murs de l&rsquo;usine afin d&rsquo;apporter de la lumi\u00e8re naturelle.<\/span><\/li><\/ul><ul><li style=\"font-weight: 400;\" aria-level=\"1\"><span style=\"font-weight: 400;\">Installation de tous les \u00e9clairages LED dans les nouveaux espaces de production \u00e0 l&rsquo;aide d&rsquo;un syst\u00e8me de r\u00e9colte de la lumi\u00e8re du jour &#8211; ce syst\u00e8me surveille la lumi\u00e8re naturelle et d\u00e9tecte l&rsquo;occupation, n&rsquo;\u00e9clairant que si la combinaison de faible luminosit\u00e9 et d&rsquo;occupation est pr\u00e9sente.<\/span><\/li><\/ul><p> <\/p>\t\t\t\t\t\t\t\t<\/div>\n\t\t\t\t<\/div>\n\t\t\t\t<\/div>\n\t\t\t\t<\/div>\n\t\t\t\t\t<\/div>\n\t\t\t\t<\/div>\n\t\t<div class=\"elementor-element elementor-element-c9e098b e-flex e-con-boxed e-con e-parent\" data-id=\"c9e098b\" data-element_type=\"container\" data-e-type=\"container\" data-settings=\"{&quot;background_background&quot;:&quot;classic&quot;}\">\n\t\t\t\t\t<div class=\"e-con-inner\">\n\t\t<div class=\"elementor-element elementor-element-0aa04d3 e-con-full e-flex e-con e-child\" data-id=\"0aa04d3\" data-element_type=\"container\" data-e-type=\"container\" data-settings=\"{&quot;position&quot;:&quot;absolute&quot;}\">\n\t\t\t\t<\/div>\n\t\t<div class=\"elementor-element elementor-element-ecebea5 e-con-full e-flex e-con e-child\" data-id=\"ecebea5\" data-element_type=\"container\" data-e-type=\"container\">\n\t\t\t\t<div class=\"elementor-element elementor-element-3aae7bb elementor-widget elementor-widget-heading\" data-id=\"3aae7bb\" data-element_type=\"widget\" data-e-type=\"widget\" data-widget_type=\"heading.default\">\n\t\t\t\t<div class=\"elementor-widget-container\">\n\t\t\t\t\t<h2 class=\"elementor-heading-title elementor-size-default\">Groupe Asahi Kasei<\/h2>\t\t\t\t<\/div>\n\t\t\t\t<\/div>\n\t\t\t\t<div class=\"elementor-element elementor-element-8b4976b elementor-widget elementor-widget-text-editor\" data-id=\"8b4976b\" data-element_type=\"widget\" data-e-type=\"widget\" data-widget_type=\"text-editor.default\">\n\t\t\t\t<div class=\"elementor-widget-container\">\n\t\t\t\t\t\t\t\t\t<p><span style=\"font-weight: 400;\">Nous, le groupe Asahi Kasei, contribuons \u00e0 la vie et \u00e0 l&rsquo;existence des gens dans le monde entier.<\/span><\/p>\t\t\t\t\t\t\t\t<\/div>\n\t\t\t\t<\/div>\n\t\t\t\t<div class=\"elementor-element elementor-element-be582c1 elementor-mobile-align-center elementor-widget-mobile__width-auto elementor-align-left elementor-widget elementor-widget-button\" data-id=\"be582c1\" data-element_type=\"widget\" data-e-type=\"widget\" data-widget_type=\"button.default\">\n\t\t\t\t<div class=\"elementor-widget-container\">\n\t\t\t\t\t\t\t\t\t<div class=\"elementor-button-wrapper\">\n\t\t\t\t\t<a class=\"elementor-button elementor-button-link elementor-size-sm\" href=\"https:\/\/www.asahi-kasei.com\/\" target=\"_blank\">\n\t\t\t\t\t\t<span class=\"elementor-button-content-wrapper\">\n\t\t\t\t\t\t\t\t\t<span class=\"elementor-button-text\">En savoir plus<\/span>\n\t\t\t\t\t<\/span>\n\t\t\t\t\t<\/a>\n\t\t\t\t<\/div>\n\t\t\t\t\t\t\t\t<\/div>\n\t\t\t\t<\/div>\n\t\t\t\t<\/div>\n\t\t\t\t\t<\/div>\n\t\t\t\t<\/div>\n\t\t\t\t<\/div>\n\t\t","protected":false},"excerpt":{"rendered":"<p>Comment Asahi Kasei Bioprocess promeut le d\u00e9veloppement durable Le d\u00e9veloppement durable chez AKBA Depuis sa cr\u00e9ation en 1922, la durabilit\u00e9 et l&rsquo;innovation pour l&rsquo;am\u00e9lioration de la soci\u00e9t\u00e9 ont \u00e9t\u00e9 des th\u00e8mes cl\u00e9s de la croissance du groupe Asahi Kasei, ainsi que de ses filiales, dont Asahi Kasei Bioprocess America. AKBA joue un r\u00f4le important en [&hellip;]<\/p>\n","protected":false},"author":8,"featured_media":0,"parent":23974,"menu_order":0,"comment_status":"closed","ping_status":"closed","template":"","meta":{"_acf_changed":false,"footnotes":""},"class_list":["post-23728","page","type-page","status-publish","hentry"],"acf":[],"yoast_head":"<!-- This site is optimized with the Yoast SEO plugin v27.1.1 - https:\/\/yoast.com\/product\/yoast-seo-wordpress\/ -->\n<title>Promouvoir le d\u00e9veloppement durable | Asahi Kasei Bioprocess<\/title>\n<meta name=\"description\" content=\"D\u00e9couvrez tout ce que fait Asahi Kasei Bioprocess pour soutenir nos objectifs de d\u00e9veloppement durable. Nous jouons un r\u00f4le important en contribuant \u00e0 une soci\u00e9t\u00e9 durable.\" \/>\n<meta name=\"robots\" content=\"index, follow, max-snippet:-1, max-image-preview:large, max-video-preview:-1\" \/>\n<link rel=\"canonical\" href=\"https:\/\/fluidmgmt.ak-bio.com\/fr\/entreprise\/durabilite\/\" \/>\n<meta property=\"og:locale\" content=\"fr_FR\" \/>\n<meta property=\"og:type\" content=\"article\" \/>\n<meta property=\"og:title\" content=\"Promouvoir le d\u00e9veloppement durable | Asahi Kasei Bioprocess\" \/>\n<meta property=\"og:description\" content=\"D\u00e9couvrez tout ce que fait Asahi Kasei Bioprocess pour soutenir nos objectifs de d\u00e9veloppement durable. Nous jouons un r\u00f4le important en contribuant \u00e0 une soci\u00e9t\u00e9 durable.\" \/>\n<meta property=\"og:url\" content=\"https:\/\/fluidmgmt.ak-bio.com\/fr\/entreprise\/durabilite\/\" \/>\n<meta property=\"og:site_name\" content=\"AK Bio - Fluid Management\" \/>\n<meta property=\"article:modified_time\" content=\"2025-11-21T15:23:29+00:00\" \/>\n<meta property=\"og:image\" content=\"https:\/\/fluidmgmt.ak-bio.com\/wp-content\/uploads\/2024\/09\/AKSustainability.png\" \/>\n\t<meta property=\"og:image:width\" content=\"1200\" \/>\n\t<meta property=\"og:image:height\" content=\"687\" \/>\n\t<meta property=\"og:image:type\" content=\"image\/png\" \/>\n<meta name=\"twitter:card\" content=\"summary_large_image\" \/>\n<meta name=\"twitter:label1\" content=\"Dur\u00e9e de lecture estim\u00e9e\" \/>\n\t<meta name=\"twitter:data1\" content=\"2 minutes\" \/>\n<script type=\"application\/ld+json\" class=\"yoast-schema-graph\">{\"@context\":\"https:\/\/schema.org\",\"@graph\":[{\"@type\":\"WebPage\",\"@id\":\"https:\/\/fluidmgmt.ak-bio.com\/fr\/entreprise\/durabilite\/\",\"url\":\"https:\/\/fluidmgmt.ak-bio.com\/fr\/entreprise\/durabilite\/\",\"name\":\"Promouvoir le d\u00e9veloppement durable | Asahi Kasei Bioprocess\",\"isPartOf\":{\"@id\":\"https:\/\/fluidmgmt.ak-bio.com\/fr\/#website\"},\"primaryImageOfPage\":{\"@id\":\"https:\/\/fluidmgmt.ak-bio.com\/fr\/entreprise\/durabilite\/#primaryimage\"},\"image\":{\"@id\":\"https:\/\/fluidmgmt.ak-bio.com\/fr\/entreprise\/durabilite\/#primaryimage\"},\"thumbnailUrl\":\"https:\/\/fluidmgmt.ak-bio.com\/wp-content\/uploads\/2024\/09\/AKSustainability-768x440.png\",\"datePublished\":\"2024-08-12T17:36:33+00:00\",\"dateModified\":\"2025-11-21T15:23:29+00:00\",\"description\":\"D\u00e9couvrez tout ce que fait Asahi Kasei Bioprocess pour soutenir nos objectifs de d\u00e9veloppement durable. Nous jouons un r\u00f4le important en contribuant \u00e0 une soci\u00e9t\u00e9 durable.\",\"breadcrumb\":{\"@id\":\"https:\/\/fluidmgmt.ak-bio.com\/fr\/entreprise\/durabilite\/#breadcrumb\"},\"inLanguage\":\"fr-FR\",\"potentialAction\":[{\"@type\":\"ReadAction\",\"target\":[\"https:\/\/fluidmgmt.ak-bio.com\/fr\/entreprise\/durabilite\/\"]}]},{\"@type\":\"ImageObject\",\"inLanguage\":\"fr-FR\",\"@id\":\"https:\/\/fluidmgmt.ak-bio.com\/fr\/entreprise\/durabilite\/#primaryimage\",\"url\":\"https:\/\/fluidmgmt.ak-bio.com\/wp-content\/uploads\/2024\/09\/AKSustainability-768x440.png\",\"contentUrl\":\"https:\/\/fluidmgmt.ak-bio.com\/wp-content\/uploads\/2024\/09\/AKSustainability-768x440.png\"},{\"@type\":\"BreadcrumbList\",\"@id\":\"https:\/\/fluidmgmt.ak-bio.com\/fr\/entreprise\/durabilite\/#breadcrumb\",\"itemListElement\":[{\"@type\":\"ListItem\",\"position\":1,\"name\":\"Entreprise\",\"item\":\"https:\/\/fluidmgmt.ak-bio.com\/fr\/entreprise\/\"},{\"@type\":\"ListItem\",\"position\":2,\"name\":\"Durabilit\u00e9\"}]},{\"@type\":\"WebSite\",\"@id\":\"https:\/\/fluidmgmt.ak-bio.com\/fr\/#website\",\"url\":\"https:\/\/fluidmgmt.ak-bio.com\/fr\/\",\"name\":\"AK Bio - Fluid Management\",\"description\":\"\",\"publisher\":{\"@id\":\"https:\/\/fluidmgmt.ak-bio.com\/fr\/#organization\"},\"potentialAction\":[{\"@type\":\"SearchAction\",\"target\":{\"@type\":\"EntryPoint\",\"urlTemplate\":\"https:\/\/fluidmgmt.ak-bio.com\/fr\/?s={search_term_string}\"},\"query-input\":{\"@type\":\"PropertyValueSpecification\",\"valueRequired\":true,\"valueName\":\"search_term_string\"}}],\"inLanguage\":\"fr-FR\"},{\"@type\":\"Organization\",\"@id\":\"https:\/\/fluidmgmt.ak-bio.com\/fr\/#organization\",\"name\":\"AK Bio\",\"url\":\"https:\/\/fluidmgmt.ak-bio.com\/fr\/\",\"logo\":{\"@type\":\"ImageObject\",\"inLanguage\":\"fr-FR\",\"@id\":\"https:\/\/fluidmgmt.ak-bio.com\/fr\/#\/schema\/logo\/image\/\",\"url\":\"https:\/\/fluidmgmt.ak-bio.com\/wp-content\/uploads\/2024\/04\/blue_ak_Logo.svg\",\"contentUrl\":\"https:\/\/fluidmgmt.ak-bio.com\/wp-content\/uploads\/2024\/04\/blue_ak_Logo.svg\",\"width\":197,\"height\":50,\"caption\":\"AK Bio\"},\"image\":{\"@id\":\"https:\/\/fluidmgmt.ak-bio.com\/fr\/#\/schema\/logo\/image\/\"},\"sameAs\":[\"https:\/\/www.linkedin.com\/company\/asahi-kasei-bioprocess-america\/\"]}]}<\/script>\n<!-- \/ Yoast SEO plugin. -->","yoast_head_json":{"title":"Promouvoir le d\u00e9veloppement durable | Asahi Kasei Bioprocess","description":"D\u00e9couvrez tout ce que fait Asahi Kasei Bioprocess pour soutenir nos objectifs de d\u00e9veloppement durable. Nous jouons un r\u00f4le important en contribuant \u00e0 une soci\u00e9t\u00e9 durable.","robots":{"index":"index","follow":"follow","max-snippet":"max-snippet:-1","max-image-preview":"max-image-preview:large","max-video-preview":"max-video-preview:-1"},"canonical":"https:\/\/fluidmgmt.ak-bio.com\/fr\/entreprise\/durabilite\/","og_locale":"fr_FR","og_type":"article","og_title":"Promouvoir le d\u00e9veloppement durable | Asahi Kasei Bioprocess","og_description":"D\u00e9couvrez tout ce que fait Asahi Kasei Bioprocess pour soutenir nos objectifs de d\u00e9veloppement durable. Nous jouons un r\u00f4le important en contribuant \u00e0 une soci\u00e9t\u00e9 durable.","og_url":"https:\/\/fluidmgmt.ak-bio.com\/fr\/entreprise\/durabilite\/","og_site_name":"AK Bio - Fluid Management","article_modified_time":"2025-11-21T15:23:29+00:00","og_image":[{"width":1200,"height":687,"url":"https:\/\/fluidmgmt.ak-bio.com\/wp-content\/uploads\/2024\/09\/AKSustainability.png","type":"image\/png"}],"twitter_card":"summary_large_image","twitter_misc":{"Dur\u00e9e de lecture estim\u00e9e":"2 minutes"},"schema":{"@context":"https:\/\/schema.org","@graph":[{"@type":"WebPage","@id":"https:\/\/fluidmgmt.ak-bio.com\/fr\/entreprise\/durabilite\/","url":"https:\/\/fluidmgmt.ak-bio.com\/fr\/entreprise\/durabilite\/","name":"Promouvoir le d\u00e9veloppement durable | Asahi Kasei Bioprocess","isPartOf":{"@id":"https:\/\/fluidmgmt.ak-bio.com\/fr\/#website"},"primaryImageOfPage":{"@id":"https:\/\/fluidmgmt.ak-bio.com\/fr\/entreprise\/durabilite\/#primaryimage"},"image":{"@id":"https:\/\/fluidmgmt.ak-bio.com\/fr\/entreprise\/durabilite\/#primaryimage"},"thumbnailUrl":"https:\/\/fluidmgmt.ak-bio.com\/wp-content\/uploads\/2024\/09\/AKSustainability-768x440.png","datePublished":"2024-08-12T17:36:33+00:00","dateModified":"2025-11-21T15:23:29+00:00","description":"D\u00e9couvrez tout ce que fait Asahi Kasei Bioprocess pour soutenir nos objectifs de d\u00e9veloppement durable. Nous jouons un r\u00f4le important en contribuant \u00e0 une soci\u00e9t\u00e9 durable.","breadcrumb":{"@id":"https:\/\/fluidmgmt.ak-bio.com\/fr\/entreprise\/durabilite\/#breadcrumb"},"inLanguage":"fr-FR","potentialAction":[{"@type":"ReadAction","target":["https:\/\/fluidmgmt.ak-bio.com\/fr\/entreprise\/durabilite\/"]}]},{"@type":"ImageObject","inLanguage":"fr-FR","@id":"https:\/\/fluidmgmt.ak-bio.com\/fr\/entreprise\/durabilite\/#primaryimage","url":"https:\/\/fluidmgmt.ak-bio.com\/wp-content\/uploads\/2024\/09\/AKSustainability-768x440.png","contentUrl":"https:\/\/fluidmgmt.ak-bio.com\/wp-content\/uploads\/2024\/09\/AKSustainability-768x440.png"},{"@type":"BreadcrumbList","@id":"https:\/\/fluidmgmt.ak-bio.com\/fr\/entreprise\/durabilite\/#breadcrumb","itemListElement":[{"@type":"ListItem","position":1,"name":"Entreprise","item":"https:\/\/fluidmgmt.ak-bio.com\/fr\/entreprise\/"},{"@type":"ListItem","position":2,"name":"Durabilit\u00e9"}]},{"@type":"WebSite","@id":"https:\/\/fluidmgmt.ak-bio.com\/fr\/#website","url":"https:\/\/fluidmgmt.ak-bio.com\/fr\/","name":"AK Bio - Fluid Management","description":"","publisher":{"@id":"https:\/\/fluidmgmt.ak-bio.com\/fr\/#organization"},"potentialAction":[{"@type":"SearchAction","target":{"@type":"EntryPoint","urlTemplate":"https:\/\/fluidmgmt.ak-bio.com\/fr\/?s={search_term_string}"},"query-input":{"@type":"PropertyValueSpecification","valueRequired":true,"valueName":"search_term_string"}}],"inLanguage":"fr-FR"},{"@type":"Organization","@id":"https:\/\/fluidmgmt.ak-bio.com\/fr\/#organization","name":"AK Bio","url":"https:\/\/fluidmgmt.ak-bio.com\/fr\/","logo":{"@type":"ImageObject","inLanguage":"fr-FR","@id":"https:\/\/fluidmgmt.ak-bio.com\/fr\/#\/schema\/logo\/image\/","url":"https:\/\/fluidmgmt.ak-bio.com\/wp-content\/uploads\/2024\/04\/blue_ak_Logo.svg","contentUrl":"https:\/\/fluidmgmt.ak-bio.com\/wp-content\/uploads\/2024\/04\/blue_ak_Logo.svg","width":197,"height":50,"caption":"AK Bio"},"image":{"@id":"https:\/\/fluidmgmt.ak-bio.com\/fr\/#\/schema\/logo\/image\/"},"sameAs":["https:\/\/www.linkedin.com\/company\/asahi-kasei-bioprocess-america\/"]}]}},"_links":{"self":[{"href":"https:\/\/fluidmgmt.ak-bio.com\/fr\/wp-json\/wp\/v2\/pages\/23728","targetHints":{"allow":["GET"]}}],"collection":[{"href":"https:\/\/fluidmgmt.ak-bio.com\/fr\/wp-json\/wp\/v2\/pages"}],"about":[{"href":"https:\/\/fluidmgmt.ak-bio.com\/fr\/wp-json\/wp\/v2\/types\/page"}],"author":[{"embeddable":true,"href":"https:\/\/fluidmgmt.ak-bio.com\/fr\/wp-json\/wp\/v2\/users\/8"}],"replies":[{"embeddable":true,"href":"https:\/\/fluidmgmt.ak-bio.com\/fr\/wp-json\/wp\/v2\/comments?post=23728"}],"version-history":[{"count":0,"href":"https:\/\/fluidmgmt.ak-bio.com\/fr\/wp-json\/wp\/v2\/pages\/23728\/revisions"}],"up":[{"embeddable":true,"href":"https:\/\/fluidmgmt.ak-bio.com\/fr\/wp-json\/wp\/v2\/pages\/23974"}],"wp:attachment":[{"href":"https:\/\/fluidmgmt.ak-bio.com\/fr\/wp-json\/wp\/v2\/media?parent=23728"}],"curies":[{"name":"wp","href":"https:\/\/api.w.org\/{rel}","templated":true}]}}