{"id":32343,"date":"2025-09-16T13:26:03","date_gmt":"2025-09-16T17:26:03","guid":{"rendered":"https:\/\/fluidmgmt.ak-bio.com\/entretien-des-joints\/"},"modified":"2025-11-21T10:23:59","modified_gmt":"2025-11-21T15:23:59","slug":"entretien-des-joints","status":"publish","type":"page","link":"https:\/\/fluidmgmt.ak-bio.com\/fr\/entretien-des-joints\/","title":{"rendered":"Entretien des joints"},"content":{"rendered":"\t\t<div data-elementor-type=\"wp-page\" data-elementor-id=\"32343\" class=\"elementor elementor-32343 elementor-32260\" data-elementor-post-type=\"page\">\n\t\t\t\t<div class=\"elementor-element elementor-element-158fdb3 e-flex e-con-boxed e-con e-parent\" data-id=\"158fdb3\" data-element_type=\"container\" data-e-type=\"container\" data-settings=\"{&quot;background_background&quot;:&quot;classic&quot;}\">\n\t\t\t\t\t<div class=\"e-con-inner\">\n\t\t<div class=\"elementor-element elementor-element-8148235 e-con-full e-flex e-con e-child\" data-id=\"8148235\" data-element_type=\"container\" data-e-type=\"container\" data-settings=\"{&quot;position&quot;:&quot;absolute&quot;}\">\n\t\t\t\t<\/div>\n\t\t<div class=\"elementor-element elementor-element-b4caa04 e-con-full e-flex e-con e-child\" data-id=\"b4caa04\" data-element_type=\"container\" data-e-type=\"container\">\n\t\t\t\t<div class=\"elementor-element elementor-element-1ef8b85 elementor-widget elementor-widget-heading\" data-id=\"1ef8b85\" data-element_type=\"widget\" data-e-type=\"widget\" data-widget_type=\"heading.default\">\n\t\t\t\t<div class=\"elementor-widget-container\">\n\t\t\t\t\t<h1 class=\"elementor-heading-title elementor-size-default\">Entretien des joints<\/h1>\t\t\t\t<\/div>\n\t\t\t\t<\/div>\n\t\t\t\t<\/div>\n\t\t\t\t\t<\/div>\n\t\t\t\t<\/div>\n\t\t<div class=\"elementor-element elementor-element-454175c e-flex e-con-boxed e-con e-parent\" data-id=\"454175c\" data-element_type=\"container\" data-e-type=\"container\" data-settings=\"{&quot;background_background&quot;:&quot;gradient&quot;}\">\n\t\t\t\t\t<div class=\"e-con-inner\">\n\t\t<div class=\"elementor-element elementor-element-680594d e-con-full e-flex e-con e-child\" data-id=\"680594d\" data-element_type=\"container\" data-e-type=\"container\">\n\t\t<div class=\"elementor-element elementor-element-7eb034a e-con-full e-flex e-con e-child\" data-id=\"7eb034a\" data-element_type=\"container\" data-e-type=\"container\">\n\t\t\t\t<div class=\"elementor-element elementor-element-7970ae8 elementor-widget elementor-widget-heading\" data-id=\"7970ae8\" data-element_type=\"widget\" data-e-type=\"widget\" data-widget_type=\"heading.default\">\n\t\t\t\t<div class=\"elementor-widget-container\">\n\t\t\t\t\t<h2 class=\"elementor-heading-title elementor-size-default\">Ne laissez pas les joints briser votre lot : L'entretien proactif est important<\/h2>\t\t\t\t<\/div>\n\t\t\t\t<\/div>\n\t\t\t\t<div class=\"elementor-element elementor-element-9727ab5 elementor-widget elementor-widget-text-editor\" data-id=\"9727ab5\" data-element_type=\"widget\" data-e-type=\"widget\" data-widget_type=\"text-editor.default\">\n\t\t\t\t<div class=\"elementor-widget-container\">\n\t\t\t\t\t\t\t\t\t<p>Lixiviables, extractibles et contaminations crois\u00e9es &#8211; ces risques cach\u00e9s commencent souvent par des scell\u00e9s n\u00e9glig\u00e9s. Nos nouveaux articles et notre webinaire r\u00e9v\u00e8lent comment un solide programme de gestion des scell\u00e9s peut prot\u00e9ger la puret\u00e9 des produits et la s\u00e9curit\u00e9 des patients dans les installations de fabrication de produits pharmaceutiques. <\/p>\t\t\t\t\t\t\t\t<\/div>\n\t\t\t\t<\/div>\n\t\t\t\t<div class=\"elementor-element elementor-element-94d52cf elementor-mobile-align-center elementor-widget-mobile__width-auto elementor-widget elementor-widget-button\" data-id=\"94d52cf\" data-element_type=\"widget\" data-e-type=\"widget\" data-widget_type=\"button.default\">\n\t\t\t\t<div class=\"elementor-widget-container\">\n\t\t\t\t\t\t\t\t\t<div class=\"elementor-button-wrapper\">\n\t\t\t\t\t<a class=\"elementor-button elementor-button-link elementor-size-sm\" href=\"https:\/\/fluidmgmt.ak-bio.com\/fr\/contact\/service\/\">\n\t\t\t\t\t\t<span class=\"elementor-button-content-wrapper\">\n\t\t\t\t\t\t\t\t\t<span class=\"elementor-button-text\">Service de contact<\/span>\n\t\t\t\t\t<\/span>\n\t\t\t\t\t<\/a>\n\t\t\t\t<\/div>\n\t\t\t\t\t\t\t\t<\/div>\n\t\t\t\t<\/div>\n\t\t\t\t<\/div>\n\t\t<div class=\"elementor-element elementor-element-b5de6d6 e-con-full e-flex e-con e-child\" data-id=\"b5de6d6\" data-element_type=\"container\" data-e-type=\"container\">\n\t\t\t\t<div class=\"elementor-element elementor-element-c716a5c elementor-widget elementor-widget-video\" data-id=\"c716a5c\" data-element_type=\"widget\" data-e-type=\"widget\" data-settings=\"{&quot;youtube_url&quot;:&quot;https:\\\/\\\/youtu.be\\\/rn6p-qgT7Wg&quot;,&quot;video_type&quot;:&quot;youtube&quot;,&quot;controls&quot;:&quot;yes&quot;}\" data-widget_type=\"video.default\">\n\t\t\t\t<div class=\"elementor-widget-container\">\n\t\t\t\t\t\t\t<div class=\"elementor-wrapper elementor-open-inline\">\n\t\t\t<div class=\"elementor-video\"><\/div>\t\t<\/div>\n\t\t\t\t\t\t<\/div>\n\t\t\t\t<\/div>\n\t\t\t\t<\/div>\n\t\t\t\t<\/div>\n\t\t\t\t\t<\/div>\n\t\t\t\t<\/div>\n\t\t<div class=\"elementor-element elementor-element-b21435f e-flex e-con-boxed e-con e-parent\" data-id=\"b21435f\" data-element_type=\"container\" data-e-type=\"container\" data-settings=\"{&quot;background_background&quot;:&quot;gradient&quot;}\">\n\t\t\t\t\t<div class=\"e-con-inner\">\n\t\t<div class=\"elementor-element elementor-element-21c0fd8 e-con-full e-flex e-con e-child\" data-id=\"21c0fd8\" data-element_type=\"container\" data-e-type=\"container\">\n\t\t<div class=\"elementor-element elementor-element-73fe7bc e-con-full e-flex e-con e-child\" data-id=\"73fe7bc\" data-element_type=\"container\" data-e-type=\"container\">\n\t\t\t\t<div class=\"elementor-element elementor-element-d38d179 elementor-widget elementor-widget-heading\" data-id=\"d38d179\" data-element_type=\"widget\" data-e-type=\"widget\" data-widget_type=\"heading.default\">\n\t\t\t\t<div class=\"elementor-widget-container\">\n\t\t\t\t\t<h3 class=\"elementor-heading-title elementor-size-default\">LE BLOG DE LA COLONNE<\/h3>\t\t\t\t<\/div>\n\t\t\t\t<\/div>\n\t\t\t\t<div class=\"elementor-element elementor-element-afb9981 elementor-widget elementor-widget-heading\" data-id=\"afb9981\" data-element_type=\"widget\" data-e-type=\"widget\" data-widget_type=\"heading.default\">\n\t\t\t\t<div class=\"elementor-widget-container\">\n\t\t\t\t\t<h2 class=\"elementor-heading-title elementor-size-default\">Histoires d'AK Bioprocess<\/h2>\t\t\t\t<\/div>\n\t\t\t\t<\/div>\n\t\t\t\t<\/div>\n\t\t<div class=\"elementor-element elementor-element-581d6a4 e-con-full e-flex e-con e-child\" data-id=\"581d6a4\" data-element_type=\"container\" data-e-type=\"container\">\n\t\t\t\t<div class=\"elementor-element elementor-element-d8a7da5 elementor-mobile-align-center elementor-widget-mobile__width-auto elementor-widget elementor-widget-button\" data-id=\"d8a7da5\" data-element_type=\"widget\" data-e-type=\"widget\" data-widget_type=\"button.default\">\n\t\t\t\t<div class=\"elementor-widget-container\">\n\t\t\t\t\t\t\t\t\t<div class=\"elementor-button-wrapper\">\n\t\t\t\t\t<a class=\"elementor-button elementor-button-link elementor-size-sm\" href=\"https:\/\/fluidmgmt.ak-bio.com\/fr\/knowledge\/category\/non-classifiee\/\">\n\t\t\t\t\t\t<span class=\"elementor-button-content-wrapper\">\n\t\t\t\t\t\t\t\t\t<span class=\"elementor-button-text\">VOIR TOUS LES ARTICLES<\/span>\n\t\t\t\t\t<\/span>\n\t\t\t\t\t<\/a>\n\t\t\t\t<\/div>\n\t\t\t\t\t\t\t\t<\/div>\n\t\t\t\t<\/div>\n\t\t\t\t<\/div>\n\t\t\t\t<\/div>\n\t\t<div class=\"elementor-element elementor-element-a3d3dc4 e-con-full e-flex e-con e-child\" data-id=\"a3d3dc4\" data-element_type=\"container\" data-e-type=\"container\">\n\t\t\t\t<div class=\"elementor-element elementor-element-a7a14f8 elementor-widget elementor-widget-ucaddon_ue_listing_grid\" data-id=\"a7a14f8\" data-element_type=\"widget\" data-e-type=\"widget\" data-widget_type=\"ucaddon_ue_listing_grid.default\">\n\t\t\t\t<div class=\"elementor-widget-container\">\n\t\t\t\t\t\n<!-- start Loop Grid -->\n<style>\/* widget: Loop Grid *\/\n\n\r\n@keyframes uc_ue_listing_grid_elementor_a7a14f8__item-animation {\r\n  0% {\r\n            transform:scale(0.7);\r\n        \t        \tfilter: blur(10px);\r\n\t\t\t\r\n    \t    opacity: 0;\r\n  }\r\n  100% {\r\n            transform:scale(1);\r\n        \t            filter: blur(0px);\r\n            \r\n    \t\topacity: 1;\r\n  }\r\n}\r\n\r\n\r\n#uc_ue_listing_grid_elementor_a7a14f8 .ue-grid-item{\r\n\topacity:0;\r\n}\r\n\r\n\r\n#uc_ue_listing_grid_elementor_a7a14f8 .uc-entrance-animate {\r\n  opacity:1;\r\n}\r\n\r\n#uc_ue_listing_grid_elementor_a7a14f8 .uc-entrance-animate {\r\n\tanimation: uc_ue_listing_grid_elementor_a7a14f8__item-animation 0.6s cubic-bezier(0.470, 0.000, 0.745, 0.715) both;\r\n}\r\n\r\n\t\t\t\n\n#uc_ue_listing_grid_elementor_a7a14f8 {\n\t\n  \t      display: grid;\n    \n}\n\n#uc_ue_listing_grid_elementor_a7a14f8 .ue-grid-item{\n\tbox-sizing: border-box;\n    overflow:hidden;\n\t\n\n  \n}\n\n\n\n<\/style>\n\n<div class=\"ue-grid uc-items-wrapper uc-filterable-grid uc-dynamic-popup-grid\" id=\"uc_ue_listing_grid_elementor_a7a14f8\"  data-ajax='true'  data-filterbehave='ajax'  data-filtergroup='group1'  querydata='{&quot;count_posts&quot;:3,&quot;total_posts&quot;:3,&quot;page&quot;:1,&quot;num_pages&quot;:1}' data-template-id=\"662\">\n  \n<\/div>\n\n\n    <div id=\"uc_ue_listing_grid_elementor_a7a14f8_empty_message\" class=\"ue-no-posts-found\" >Aucun poste trouv\u00e9<\/div>\n\n\n<!-- end Loop Grid -->\t\t\t\t<\/div>\n\t\t\t\t<\/div>\n\t\t\t\t<\/div>\n\t\t\t\t\t<\/div>\n\t\t\t\t<\/div>\n\t\t<div class=\"elementor-element elementor-element-08c66a9 e-flex e-con-boxed e-con e-parent\" data-id=\"08c66a9\" data-element_type=\"container\" data-e-type=\"container\" data-settings=\"{&quot;background_background&quot;:&quot;classic&quot;}\">\n\t\t\t\t\t<div class=\"e-con-inner\">\n\t\t<div class=\"elementor-element elementor-element-d975f21 e-con-full e-flex e-con e-child\" data-id=\"d975f21\" data-element_type=\"container\" data-e-type=\"container\" data-settings=\"{&quot;position&quot;:&quot;absolute&quot;}\">\n\t\t\t\t<\/div>\n\t\t<div class=\"elementor-element elementor-element-a0dac8e e-flex e-con-boxed e-con e-child\" data-id=\"a0dac8e\" data-element_type=\"container\" data-e-type=\"container\">\n\t\t\t\t\t<div class=\"e-con-inner\">\n\t\t\t\t<div class=\"elementor-element elementor-element-5b9caa4 elementor-widget elementor-widget-heading\" data-id=\"5b9caa4\" data-element_type=\"widget\" data-e-type=\"widget\" data-widget_type=\"heading.default\">\n\t\t\t\t<div class=\"elementor-widget-container\">\n\t\t\t\t\t<h2 class=\"elementor-heading-title elementor-size-default\">847 Programme Continuum<\/h2>\t\t\t\t<\/div>\n\t\t\t\t<\/div>\n\t\t\t\t<div class=\"elementor-element elementor-element-daa0da4 elementor-widget elementor-widget-text-editor\" data-id=\"daa0da4\" data-element_type=\"widget\" data-e-type=\"widget\" data-widget_type=\"text-editor.default\">\n\t\t\t\t<div class=\"elementor-widget-container\">\n\t\t\t\t\t\t\t\t\t<p>Assurez la continuit\u00e9 de la production gr\u00e2ce \u00e0 une gamme compl\u00e8te de pi\u00e8ces d\u00e9tach\u00e9es et de services.<\/p>\t\t\t\t\t\t\t\t<\/div>\n\t\t\t\t<\/div>\n\t\t\t\t<div class=\"elementor-element elementor-element-18d8a93 elementor-mobile-align-center elementor-widget-mobile__width-auto elementor-align-right elementor-widget elementor-widget-button\" data-id=\"18d8a93\" data-element_type=\"widget\" data-e-type=\"widget\" data-widget_type=\"button.default\">\n\t\t\t\t<div class=\"elementor-widget-container\">\n\t\t\t\t\t\t\t\t\t<div class=\"elementor-button-wrapper\">\n\t\t\t\t\t<a class=\"elementor-button elementor-button-link elementor-size-sm\" href=\"https:\/\/fluidmgmt.ak-bio.com\/fr\/soutien\/847-continuum\/\">\n\t\t\t\t\t\t<span class=\"elementor-button-content-wrapper\">\n\t\t\t\t\t\t\t\t\t<span class=\"elementor-button-text\">D\u00e9couvrez<\/span>\n\t\t\t\t\t<\/span>\n\t\t\t\t\t<\/a>\n\t\t\t\t<\/div>\n\t\t\t\t\t\t\t\t<\/div>\n\t\t\t\t<\/div>\n\t\t\t\t\t<\/div>\n\t\t\t\t<\/div>\n\t\t\t\t\t<\/div>\n\t\t\t\t<\/div>\n\t\t\t\t<\/div>\n\t\t","protected":false},"excerpt":{"rendered":"<p>Entretien des joints Ne laissez pas les joints briser votre lot : L&rsquo;entretien proactif est important Lixiviables, extractibles et contaminations crois\u00e9es &#8211; ces risques cach\u00e9s commencent souvent par des scell\u00e9s n\u00e9glig\u00e9s. Nos nouveaux articles et notre webinaire r\u00e9v\u00e8lent comment un solide programme de gestion des scell\u00e9s peut prot\u00e9ger la puret\u00e9 des produits et la s\u00e9curit\u00e9 [&hellip;]<\/p>\n","protected":false},"author":19,"featured_media":32242,"parent":0,"menu_order":0,"comment_status":"closed","ping_status":"closed","template":"","meta":{"_acf_changed":false,"footnotes":""},"class_list":["post-32343","page","type-page","status-publish","has-post-thumbnail","hentry"],"acf":[],"yoast_head":"<!-- This site is optimized with the Yoast SEO plugin v27.1.1 - https:\/\/yoast.com\/product\/yoast-seo-wordpress\/ -->\n<title>Entretien des joints - AK Bio - Fluid Management<\/title>\n<meta name=\"robots\" content=\"index, follow, max-snippet:-1, max-image-preview:large, max-video-preview:-1\" \/>\n<link rel=\"canonical\" href=\"https:\/\/fluidmgmt.ak-bio.com\/fr\/entretien-des-joints\/\" \/>\n<meta property=\"og:locale\" content=\"fr_FR\" \/>\n<meta property=\"og:type\" content=\"article\" \/>\n<meta property=\"og:title\" content=\"Entretien des joints - AK Bio - Fluid Management\" \/>\n<meta property=\"og:description\" content=\"Entretien des joints Ne laissez pas les joints briser votre lot : L&rsquo;entretien proactif est important Lixiviables, extractibles et contaminations crois\u00e9es &#8211; ces risques cach\u00e9s commencent souvent par des scell\u00e9s n\u00e9glig\u00e9s. Nos nouveaux articles et notre webinaire r\u00e9v\u00e8lent comment un solide programme de gestion des scell\u00e9s peut prot\u00e9ger la puret\u00e9 des produits et la s\u00e9curit\u00e9 [&hellip;]\" \/>\n<meta property=\"og:url\" content=\"https:\/\/fluidmgmt.ak-bio.com\/fr\/entretien-des-joints\/\" \/>\n<meta property=\"og:site_name\" content=\"AK Bio - Fluid Management\" \/>\n<meta property=\"article:modified_time\" content=\"2025-11-21T15:23:59+00:00\" \/>\n<meta property=\"og:image\" content=\"https:\/\/fluidmgmt.ak-bio.com\/wp-content\/uploads\/2025\/09\/header-hoses.jpg\" \/>\n\t<meta property=\"og:image:width\" content=\"1920\" \/>\n\t<meta property=\"og:image:height\" content=\"1097\" \/>\n\t<meta property=\"og:image:type\" content=\"image\/jpeg\" \/>\n<meta name=\"twitter:card\" content=\"summary_large_image\" \/>\n<meta name=\"twitter:label1\" content=\"Dur\u00e9e de lecture estim\u00e9e\" \/>\n\t<meta name=\"twitter:data1\" content=\"1 minute\" \/>\n<script type=\"application\/ld+json\" class=\"yoast-schema-graph\">{\"@context\":\"https:\/\/schema.org\",\"@graph\":[{\"@type\":\"WebPage\",\"@id\":\"https:\/\/fluidmgmt.ak-bio.com\/fr\/entretien-des-joints\/\",\"url\":\"https:\/\/fluidmgmt.ak-bio.com\/fr\/entretien-des-joints\/\",\"name\":\"Entretien des joints - AK Bio - Fluid Management\",\"isPartOf\":{\"@id\":\"https:\/\/fluidmgmt.ak-bio.com\/fr\/#website\"},\"primaryImageOfPage\":{\"@id\":\"https:\/\/fluidmgmt.ak-bio.com\/fr\/entretien-des-joints\/#primaryimage\"},\"image\":{\"@id\":\"https:\/\/fluidmgmt.ak-bio.com\/fr\/entretien-des-joints\/#primaryimage\"},\"thumbnailUrl\":\"https:\/\/fluidmgmt.ak-bio.com\/wp-content\/uploads\/2025\/09\/header-hoses.jpg\",\"datePublished\":\"2025-09-16T17:26:03+00:00\",\"dateModified\":\"2025-11-21T15:23:59+00:00\",\"inLanguage\":\"fr-FR\",\"potentialAction\":[{\"@type\":\"ReadAction\",\"target\":[\"https:\/\/fluidmgmt.ak-bio.com\/fr\/entretien-des-joints\/\"]}]},{\"@type\":\"ImageObject\",\"inLanguage\":\"fr-FR\",\"@id\":\"https:\/\/fluidmgmt.ak-bio.com\/fr\/entretien-des-joints\/#primaryimage\",\"url\":\"https:\/\/fluidmgmt.ak-bio.com\/wp-content\/uploads\/2025\/09\/header-hoses.jpg\",\"contentUrl\":\"https:\/\/fluidmgmt.ak-bio.com\/wp-content\/uploads\/2025\/09\/header-hoses.jpg\",\"width\":1920,\"height\":1097},{\"@type\":\"WebSite\",\"@id\":\"https:\/\/fluidmgmt.ak-bio.com\/fr\/#website\",\"url\":\"https:\/\/fluidmgmt.ak-bio.com\/fr\/\",\"name\":\"AK Bio - Fluid Management\",\"description\":\"\",\"publisher\":{\"@id\":\"https:\/\/fluidmgmt.ak-bio.com\/fr\/#organization\"},\"potentialAction\":[{\"@type\":\"SearchAction\",\"target\":{\"@type\":\"EntryPoint\",\"urlTemplate\":\"https:\/\/fluidmgmt.ak-bio.com\/fr\/?s={search_term_string}\"},\"query-input\":{\"@type\":\"PropertyValueSpecification\",\"valueRequired\":true,\"valueName\":\"search_term_string\"}}],\"inLanguage\":\"fr-FR\"},{\"@type\":\"Organization\",\"@id\":\"https:\/\/fluidmgmt.ak-bio.com\/fr\/#organization\",\"name\":\"AK Bio\",\"url\":\"https:\/\/fluidmgmt.ak-bio.com\/fr\/\",\"logo\":{\"@type\":\"ImageObject\",\"inLanguage\":\"fr-FR\",\"@id\":\"https:\/\/fluidmgmt.ak-bio.com\/fr\/#\/schema\/logo\/image\/\",\"url\":\"https:\/\/fluidmgmt.ak-bio.com\/wp-content\/uploads\/2024\/04\/blue_ak_Logo.svg\",\"contentUrl\":\"https:\/\/fluidmgmt.ak-bio.com\/wp-content\/uploads\/2024\/04\/blue_ak_Logo.svg\",\"width\":197,\"height\":50,\"caption\":\"AK Bio\"},\"image\":{\"@id\":\"https:\/\/fluidmgmt.ak-bio.com\/fr\/#\/schema\/logo\/image\/\"},\"sameAs\":[\"https:\/\/www.linkedin.com\/company\/asahi-kasei-bioprocess-america\/\"]}]}<\/script>\n<!-- \/ Yoast SEO plugin. -->","yoast_head_json":{"title":"Entretien des joints - AK Bio - Fluid Management","robots":{"index":"index","follow":"follow","max-snippet":"max-snippet:-1","max-image-preview":"max-image-preview:large","max-video-preview":"max-video-preview:-1"},"canonical":"https:\/\/fluidmgmt.ak-bio.com\/fr\/entretien-des-joints\/","og_locale":"fr_FR","og_type":"article","og_title":"Entretien des joints - AK Bio - Fluid Management","og_description":"Entretien des joints Ne laissez pas les joints briser votre lot : L&rsquo;entretien proactif est important Lixiviables, extractibles et contaminations crois\u00e9es &#8211; ces risques cach\u00e9s commencent souvent par des scell\u00e9s n\u00e9glig\u00e9s. Nos nouveaux articles et notre webinaire r\u00e9v\u00e8lent comment un solide programme de gestion des scell\u00e9s peut prot\u00e9ger la puret\u00e9 des produits et la s\u00e9curit\u00e9 [&hellip;]","og_url":"https:\/\/fluidmgmt.ak-bio.com\/fr\/entretien-des-joints\/","og_site_name":"AK Bio - Fluid Management","article_modified_time":"2025-11-21T15:23:59+00:00","og_image":[{"width":1920,"height":1097,"url":"https:\/\/fluidmgmt.ak-bio.com\/wp-content\/uploads\/2025\/09\/header-hoses.jpg","type":"image\/jpeg"}],"twitter_card":"summary_large_image","twitter_misc":{"Dur\u00e9e de lecture estim\u00e9e":"1 minute"},"schema":{"@context":"https:\/\/schema.org","@graph":[{"@type":"WebPage","@id":"https:\/\/fluidmgmt.ak-bio.com\/fr\/entretien-des-joints\/","url":"https:\/\/fluidmgmt.ak-bio.com\/fr\/entretien-des-joints\/","name":"Entretien des joints - AK Bio - Fluid Management","isPartOf":{"@id":"https:\/\/fluidmgmt.ak-bio.com\/fr\/#website"},"primaryImageOfPage":{"@id":"https:\/\/fluidmgmt.ak-bio.com\/fr\/entretien-des-joints\/#primaryimage"},"image":{"@id":"https:\/\/fluidmgmt.ak-bio.com\/fr\/entretien-des-joints\/#primaryimage"},"thumbnailUrl":"https:\/\/fluidmgmt.ak-bio.com\/wp-content\/uploads\/2025\/09\/header-hoses.jpg","datePublished":"2025-09-16T17:26:03+00:00","dateModified":"2025-11-21T15:23:59+00:00","inLanguage":"fr-FR","potentialAction":[{"@type":"ReadAction","target":["https:\/\/fluidmgmt.ak-bio.com\/fr\/entretien-des-joints\/"]}]},{"@type":"ImageObject","inLanguage":"fr-FR","@id":"https:\/\/fluidmgmt.ak-bio.com\/fr\/entretien-des-joints\/#primaryimage","url":"https:\/\/fluidmgmt.ak-bio.com\/wp-content\/uploads\/2025\/09\/header-hoses.jpg","contentUrl":"https:\/\/fluidmgmt.ak-bio.com\/wp-content\/uploads\/2025\/09\/header-hoses.jpg","width":1920,"height":1097},{"@type":"WebSite","@id":"https:\/\/fluidmgmt.ak-bio.com\/fr\/#website","url":"https:\/\/fluidmgmt.ak-bio.com\/fr\/","name":"AK Bio - Fluid Management","description":"","publisher":{"@id":"https:\/\/fluidmgmt.ak-bio.com\/fr\/#organization"},"potentialAction":[{"@type":"SearchAction","target":{"@type":"EntryPoint","urlTemplate":"https:\/\/fluidmgmt.ak-bio.com\/fr\/?s={search_term_string}"},"query-input":{"@type":"PropertyValueSpecification","valueRequired":true,"valueName":"search_term_string"}}],"inLanguage":"fr-FR"},{"@type":"Organization","@id":"https:\/\/fluidmgmt.ak-bio.com\/fr\/#organization","name":"AK Bio","url":"https:\/\/fluidmgmt.ak-bio.com\/fr\/","logo":{"@type":"ImageObject","inLanguage":"fr-FR","@id":"https:\/\/fluidmgmt.ak-bio.com\/fr\/#\/schema\/logo\/image\/","url":"https:\/\/fluidmgmt.ak-bio.com\/wp-content\/uploads\/2024\/04\/blue_ak_Logo.svg","contentUrl":"https:\/\/fluidmgmt.ak-bio.com\/wp-content\/uploads\/2024\/04\/blue_ak_Logo.svg","width":197,"height":50,"caption":"AK Bio"},"image":{"@id":"https:\/\/fluidmgmt.ak-bio.com\/fr\/#\/schema\/logo\/image\/"},"sameAs":["https:\/\/www.linkedin.com\/company\/asahi-kasei-bioprocess-america\/"]}]}},"_links":{"self":[{"href":"https:\/\/fluidmgmt.ak-bio.com\/fr\/wp-json\/wp\/v2\/pages\/32343","targetHints":{"allow":["GET"]}}],"collection":[{"href":"https:\/\/fluidmgmt.ak-bio.com\/fr\/wp-json\/wp\/v2\/pages"}],"about":[{"href":"https:\/\/fluidmgmt.ak-bio.com\/fr\/wp-json\/wp\/v2\/types\/page"}],"author":[{"embeddable":true,"href":"https:\/\/fluidmgmt.ak-bio.com\/fr\/wp-json\/wp\/v2\/users\/19"}],"replies":[{"embeddable":true,"href":"https:\/\/fluidmgmt.ak-bio.com\/fr\/wp-json\/wp\/v2\/comments?post=32343"}],"version-history":[{"count":0,"href":"https:\/\/fluidmgmt.ak-bio.com\/fr\/wp-json\/wp\/v2\/pages\/32343\/revisions"}],"wp:featuredmedia":[{"embeddable":true,"href":"https:\/\/fluidmgmt.ak-bio.com\/fr\/wp-json\/wp\/v2\/media\/32242"}],"wp:attachment":[{"href":"https:\/\/fluidmgmt.ak-bio.com\/fr\/wp-json\/wp\/v2\/media?parent=32343"}],"curies":[{"name":"wp","href":"https:\/\/api.w.org\/{rel}","templated":true}]}}