{"id":29248,"date":"2024-06-13T15:02:12","date_gmt":"2024-06-13T15:02:12","guid":{"rendered":"https:\/\/fluidmgmt.ak-bio.com\/products\/non%20class\u00e9\/chariots-hydrauliques\/"},"modified":"2026-01-26T13:31:36","modified_gmt":"2026-01-26T18:31:36","slug":"chariots-hydrauliques","status":"publish","type":"product","link":"https:\/\/fluidmgmt.ak-bio.com\/fr\/products\/chromatographie-liquide-cursiv\/chariots-hydrauliques\/","title":{"rendered":"Chariots hydrauliques"},"content":{"rendered":"\t\t<div data-elementor-type=\"product-post\" data-elementor-id=\"29248\" class=\"elementor elementor-29248 elementor-1032\" data-elementor-post-type=\"product\">\n\t\t\t\t<div class=\"elementor-element elementor-element-6bf71094 e-flex e-con-boxed e-con e-parent\" data-id=\"6bf71094\" data-element_type=\"container\" data-e-type=\"container\" data-settings=\"{&quot;background_background&quot;:&quot;gradient&quot;}\">\n\t\t\t\t\t<div class=\"e-con-inner\">\n\t\t\t\t<div class=\"elementor-element elementor-element-9503a68 elementor-absolute elementor-widget elementor-widget-menu-anchor\" data-id=\"9503a68\" data-element_type=\"widget\" data-e-type=\"widget\" data-settings=\"{&quot;_position&quot;:&quot;absolute&quot;}\" data-widget_type=\"menu-anchor.default\">\n\t\t\t\t<div class=\"elementor-widget-container\">\n\t\t\t\t\t\t\t<div class=\"elementor-menu-anchor\" id=\"avantages\"><\/div>\n\t\t\t\t\t\t<\/div>\n\t\t\t\t<\/div>\n\t\t<div class=\"elementor-element elementor-element-578ab039 e-con-full e-flex e-con e-child\" data-id=\"578ab039\" data-element_type=\"container\" data-e-type=\"container\">\n\t\t<div class=\"elementor-element elementor-element-20d472be e-con-full e-flex e-con e-child\" data-id=\"20d472be\" data-element_type=\"container\" data-e-type=\"container\">\n\t\t\t\t<div class=\"elementor-element elementor-element-2cc0674c elementor-widget elementor-widget-heading\" data-id=\"2cc0674c\" data-element_type=\"widget\" data-e-type=\"widget\" data-widget_type=\"heading.default\">\n\t\t\t\t<div class=\"elementor-widget-container\">\n\t\t\t\t\t<h2 class=\"elementor-heading-title elementor-size-default\">Avantages<\/h2>\t\t\t\t<\/div>\n\t\t\t\t<\/div>\n\t\t\t\t<div class=\"elementor-element elementor-element-26280372 elementor-widget elementor-widget-heading\" data-id=\"26280372\" data-element_type=\"widget\" data-e-type=\"widget\" data-widget_type=\"heading.default\">\n\t\t\t\t<div class=\"elementor-widget-container\">\n\t\t\t\t\t<h2 class=\"elementor-heading-title elementor-size-default\">Emballage et d\u00e9ballage simplifi\u00e9s<\/h2>\t\t\t\t<\/div>\n\t\t\t\t<\/div>\n\t\t\t\t<div class=\"elementor-element elementor-element-109735f5 elementor-widget elementor-widget-spacer\" data-id=\"109735f5\" data-element_type=\"widget\" data-e-type=\"widget\" data-widget_type=\"spacer.default\">\n\t\t\t\t<div class=\"elementor-widget-container\">\n\t\t\t\t\t\t\t<div class=\"elementor-spacer\">\n\t\t\t<div class=\"elementor-spacer-inner\"><\/div>\n\t\t<\/div>\n\t\t\t\t\t\t<\/div>\n\t\t\t\t<\/div>\n\t\t\t\t<div class=\"elementor-element elementor-element-29f84207 elementor-widget elementor-widget-text-editor\" data-id=\"29f84207\" data-element_type=\"widget\" data-e-type=\"widget\" data-widget_type=\"text-editor.default\">\n\t\t\t\t<div class=\"elementor-widget-container\">\n\t\t\t\t\t\t\t\t\t<p>Le chariot hydraulique assure un conditionnement coh\u00e9rent et reproductible avec une pression d&rsquo;air r\u00e9gul\u00e9e, ce qui am\u00e9liore la fiabilit\u00e9 du processus. Le d\u00e9ballage de la colonne d\u00e9pressuris\u00e9e est simple : retirez le plateau inf\u00e9rieur et utilisez le chariot hydraulique pour \u00e9jecter le lit. Le nouveau joint racleur retient la fritte et nettoie les parois de la colonne, garantissant un processus de d\u00e9ballage propre et efficace.  <\/p>\t\t\t\t\t\t\t\t<\/div>\n\t\t\t\t<\/div>\n\t\t\t\t<div class=\"elementor-element elementor-element-46affd51 elementor-widget elementor-widget-spacer\" data-id=\"46affd51\" data-element_type=\"widget\" data-e-type=\"widget\" data-widget_type=\"spacer.default\">\n\t\t\t\t<div class=\"elementor-widget-container\">\n\t\t\t\t\t\t\t<div class=\"elementor-spacer\">\n\t\t\t<div class=\"elementor-spacer-inner\"><\/div>\n\t\t<\/div>\n\t\t\t\t\t\t<\/div>\n\t\t\t\t<\/div>\n\t\t\t\t<\/div>\n\t\t\t\t<div class=\"elementor-element elementor-element-207f8183 elementor-widget elementor-widget-spacer\" data-id=\"207f8183\" data-element_type=\"widget\" data-e-type=\"widget\" data-widget_type=\"spacer.default\">\n\t\t\t\t<div class=\"elementor-widget-container\">\n\t\t\t\t\t\t\t<div class=\"elementor-spacer\">\n\t\t\t<div class=\"elementor-spacer-inner\"><\/div>\n\t\t<\/div>\n\t\t\t\t\t\t<\/div>\n\t\t\t\t<\/div>\n\t\t<div class=\"elementor-element elementor-element-1f7f85fe e-con-full e-flex e-con e-child\" data-id=\"1f7f85fe\" data-element_type=\"container\" data-e-type=\"container\">\n\t\t<div class=\"elementor-element elementor-element-20f0d61c e-con-full e-flex e-con e-child\" data-id=\"20f0d61c\" data-element_type=\"container\" data-e-type=\"container\">\n\t\t\t\t<div class=\"elementor-element elementor-element-d1844fa elementor-widget elementor-widget-heading\" data-id=\"d1844fa\" data-element_type=\"widget\" data-e-type=\"widget\" data-widget_type=\"heading.default\">\n\t\t\t\t<div class=\"elementor-widget-container\">\n\t\t\t\t\t<h2 class=\"elementor-heading-title elementor-size-default\">Caract\u00e9ristiques principales<\/h2>\t\t\t\t<\/div>\n\t\t\t\t<\/div>\n\t\t\t\t<div class=\"elementor-element elementor-element-510c622a elementor-widget elementor-widget-text-editor\" data-id=\"510c622a\" data-element_type=\"widget\" data-e-type=\"widget\" data-widget_type=\"text-editor.default\">\n\t\t\t\t<div class=\"elementor-widget-container\">\n\t\t\t\t\t\t\t\t\t<ul><li>Des conceptions peu encombrantes avec des exigences de hauteur r\u00e9duites.<\/li><li>Trois mod\u00e8les standard en fonction des besoins : paillasse, pompe simple, pompe double.<\/li><li>Flexibilit\u00e9 et \u00e9conomies : chaque taille peut \u00eatre connect\u00e9e \u00e0 une s\u00e9rie de colonnes.<\/li><li>Pression nominale : 20, 40, 70 barg disponibles.<\/li><\/ul>\t\t\t\t\t\t\t\t<\/div>\n\t\t\t\t<\/div>\n\t\t\t\t<\/div>\n\t\t<div class=\"elementor-element elementor-element-d2b580a e-con-full e-flex e-con e-child\" data-id=\"d2b580a\" data-element_type=\"container\" data-e-type=\"container\">\n\t\t\t\t<div class=\"elementor-element elementor-element-f78972f elementor-widget__width-auto elementor-widget elementor-widget-image\" data-id=\"f78972f\" data-element_type=\"widget\" data-e-type=\"widget\" data-widget_type=\"image.default\">\n\t\t\t\t<div class=\"elementor-widget-container\">\n\t\t\t\t\t\t\t\t\t\t\t\t\t\t\t<img fetchpriority=\"high\" decoding=\"async\" width=\"768\" height=\"632\" src=\"https:\/\/fluidmgmt.ak-bio.com\/wp-content\/uploads\/2024\/06\/Dual-Pump-Hydraulic-Cart_Angle.v1-1-768x632.png\" class=\"attachment-medium_large size-medium_large wp-image-20497\" alt=\"Hydraulic Carts\" srcset=\"https:\/\/fluidmgmt.ak-bio.com\/wp-content\/uploads\/2024\/06\/Dual-Pump-Hydraulic-Cart_Angle.v1-1-768x632.png 768w, https:\/\/fluidmgmt.ak-bio.com\/wp-content\/uploads\/2024\/06\/Dual-Pump-Hydraulic-Cart_Angle.v1-1-300x247.png 300w, https:\/\/fluidmgmt.ak-bio.com\/wp-content\/uploads\/2024\/06\/Dual-Pump-Hydraulic-Cart_Angle.v1-1-1024x842.png 1024w, https:\/\/fluidmgmt.ak-bio.com\/wp-content\/uploads\/2024\/06\/Dual-Pump-Hydraulic-Cart_Angle.v1-1-1536x1263.png 1536w, https:\/\/fluidmgmt.ak-bio.com\/wp-content\/uploads\/2024\/06\/Dual-Pump-Hydraulic-Cart_Angle.v1-1-2048x1684.png 2048w, https:\/\/fluidmgmt.ak-bio.com\/wp-content\/uploads\/2024\/06\/Dual-Pump-Hydraulic-Cart_Angle.v1-1-600x493.png 600w\" sizes=\"(max-width: 768px) 100vw, 768px\" \/>\t\t\t\t\t\t\t\t\t\t\t\t\t\t\t<\/div>\n\t\t\t\t<\/div>\n\t\t\t\t<\/div>\n\t\t\t\t<\/div>\n\t\t\t\t<\/div>\n\t\t\t\t\t<\/div>\n\t\t\t\t<\/div>\n\t\t\t\t<\/div>\n\t\t","protected":false},"excerpt":{"rendered":"<p>Un chariot hydraulique peut \u00eatre utilis\u00e9 avec plusieurs colonnes DAC LC, offrant ainsi flexibilit\u00e9 et rentabilit\u00e9. Le r\u00e9gulateur de pression d&rsquo;air du chariot assure un remplissage constant et fiable, tandis que les syst\u00e8mes hydrauliques compartiment\u00e9s r\u00e9duisent les besoins en hauteur, ce qui est id\u00e9al pour les laboratoires et les ateliers de fabrication qui manquent d&rsquo;espace. <\/p>\n","protected":false},"featured_media":28056,"template":"","meta":{"_acf_changed":false},"applications":[438,519,530],"product_brand":[],"product_cat":[589],"product_tag":[],"class_list":{"0":"post-29248","1":"product","2":"type-product","3":"status-publish","4":"has-post-thumbnail","6":"applications-developpement-biopharmaceutique","7":"applications-developpement-doligonucleotides","8":"applications-developpement-de-petites-molecules-et-de-peptides","9":"product_cat-chromatographie-liquide-cursiv","11":"first","12":"instock","13":"shipping-taxable","14":"product-type-simple"},"acf":[],"yoast_head":"<!-- This site is optimized with the Yoast SEO plugin v27.1.1 - https:\/\/yoast.com\/product\/yoast-seo-wordpress\/ -->\n<title>Chariots hydrauliques pour colonnes LC - CURSIV\u00ae - CURSIV\u00ae - CURSIV\u00ae - CURSIV\u00ae - CURSIV\u00ae - CURSIV<\/title>\n<meta name=\"description\" content=\"Un chariot hydraulique peut \u00eatre utilis\u00e9 avec plusieurs colonnes LC DAC, offrant flexibilit\u00e9 et rentabilit\u00e9. Id\u00e9al pour les laboratoires et les fabricants disposant d&#039;un espace limit\u00e9.\" \/>\n<meta name=\"robots\" content=\"index, follow, max-snippet:-1, max-image-preview:large, max-video-preview:-1\" \/>\n<link rel=\"canonical\" href=\"https:\/\/fluidmgmt.ak-bio.com\/fr\/products\/chromatographie-liquide-cursiv\/chariots-hydrauliques\/\" \/>\n<meta property=\"og:locale\" content=\"fr_FR\" \/>\n<meta property=\"og:type\" content=\"article\" \/>\n<meta property=\"og:title\" content=\"Chariots hydrauliques pour colonnes LC - CURSIV\u00ae - CURSIV\u00ae - CURSIV\u00ae - CURSIV\u00ae - CURSIV\u00ae - CURSIV\" \/>\n<meta property=\"og:description\" content=\"Un chariot hydraulique peut \u00eatre utilis\u00e9 avec plusieurs colonnes LC DAC, offrant flexibilit\u00e9 et rentabilit\u00e9. Id\u00e9al pour les laboratoires et les fabricants disposant d&#039;un espace limit\u00e9.\" \/>\n<meta property=\"og:url\" content=\"https:\/\/fluidmgmt.ak-bio.com\/fr\/products\/chromatographie-liquide-cursiv\/chariots-hydrauliques\/\" \/>\n<meta property=\"og:site_name\" content=\"AK Bio - Fluid Management\" \/>\n<meta property=\"article:modified_time\" content=\"2026-01-26T18:31:36+00:00\" \/>\n<meta property=\"og:image\" content=\"https:\/\/fluidmgmt.ak-bio.com\/wp-content\/uploads\/2024\/06\/CURSIV_HC_MPLC_Cart_FrontView_MAIN-262x300.webp\" \/>\n<meta name=\"twitter:card\" content=\"summary_large_image\" \/>\n<meta name=\"twitter:label1\" content=\"Dur\u00e9e de lecture estim\u00e9e\" \/>\n\t<meta name=\"twitter:data1\" content=\"1 minute\" \/>\n<script type=\"application\/ld+json\" class=\"yoast-schema-graph\">{\"@context\":\"https:\/\/schema.org\",\"@graph\":[{\"@type\":\"WebPage\",\"@id\":\"https:\/\/fluidmgmt.ak-bio.com\/fr\/products\/chromatographie-liquide-cursiv\/chariots-hydrauliques\/\",\"url\":\"https:\/\/fluidmgmt.ak-bio.com\/fr\/products\/chromatographie-liquide-cursiv\/chariots-hydrauliques\/\",\"name\":\"Chariots hydrauliques pour colonnes LC - CURSIV\u00ae - CURSIV\u00ae - CURSIV\u00ae - CURSIV\u00ae - CURSIV\u00ae - CURSIV\",\"isPartOf\":{\"@id\":\"https:\/\/fluidmgmt.ak-bio.com\/fr\/#website\"},\"primaryImageOfPage\":{\"@id\":\"https:\/\/fluidmgmt.ak-bio.com\/fr\/products\/chromatographie-liquide-cursiv\/chariots-hydrauliques\/#primaryimage\"},\"image\":{\"@id\":\"https:\/\/fluidmgmt.ak-bio.com\/fr\/products\/chromatographie-liquide-cursiv\/chariots-hydrauliques\/#primaryimage\"},\"thumbnailUrl\":\"https:\/\/fluidmgmt.ak-bio.com\/wp-content\/uploads\/2024\/06\/CURSIV_HC_MPLC_Cart_FrontView_MAIN_625x758.png\",\"datePublished\":\"2024-06-13T15:02:12+00:00\",\"dateModified\":\"2026-01-26T18:31:36+00:00\",\"description\":\"Un chariot hydraulique peut \u00eatre utilis\u00e9 avec plusieurs colonnes LC DAC, offrant flexibilit\u00e9 et rentabilit\u00e9. Id\u00e9al pour les laboratoires et les fabricants disposant d'un espace limit\u00e9.\",\"breadcrumb\":{\"@id\":\"https:\/\/fluidmgmt.ak-bio.com\/fr\/products\/chromatographie-liquide-cursiv\/chariots-hydrauliques\/#breadcrumb\"},\"inLanguage\":\"fr-FR\",\"potentialAction\":[{\"@type\":\"ReadAction\",\"target\":[\"https:\/\/fluidmgmt.ak-bio.com\/fr\/products\/chromatographie-liquide-cursiv\/chariots-hydrauliques\/\"]}]},{\"@type\":\"ImageObject\",\"inLanguage\":\"fr-FR\",\"@id\":\"https:\/\/fluidmgmt.ak-bio.com\/fr\/products\/chromatographie-liquide-cursiv\/chariots-hydrauliques\/#primaryimage\",\"url\":\"https:\/\/fluidmgmt.ak-bio.com\/wp-content\/uploads\/2024\/06\/CURSIV_HC_MPLC_Cart_FrontView_MAIN_625x758.png\",\"contentUrl\":\"https:\/\/fluidmgmt.ak-bio.com\/wp-content\/uploads\/2024\/06\/CURSIV_HC_MPLC_Cart_FrontView_MAIN_625x758.png\",\"width\":625,\"height\":758,\"caption\":\"CURSIV HC MPLC Cart FrontView\"},{\"@type\":\"BreadcrumbList\",\"@id\":\"https:\/\/fluidmgmt.ak-bio.com\/fr\/products\/chromatographie-liquide-cursiv\/chariots-hydrauliques\/#breadcrumb\",\"itemListElement\":[{\"@type\":\"ListItem\",\"position\":1,\"name\":\"Produits\",\"item\":\"https:\/\/fluidmgmt.ak-bio.com\/fr\/produits\/\"},{\"@type\":\"ListItem\",\"position\":2,\"name\":\"Chromatographie liquide CURSIV\u2122\",\"item\":\"https:\/\/fluidmgmt.ak-bio.com\/fr\/product-category\/chromatographie-liquide-cursiv\/\"},{\"@type\":\"ListItem\",\"position\":3,\"name\":\"Chariots hydrauliques\"}]},{\"@type\":\"WebSite\",\"@id\":\"https:\/\/fluidmgmt.ak-bio.com\/fr\/#website\",\"url\":\"https:\/\/fluidmgmt.ak-bio.com\/fr\/\",\"name\":\"AK Bio - Fluid Management\",\"description\":\"\",\"publisher\":{\"@id\":\"https:\/\/fluidmgmt.ak-bio.com\/fr\/#organization\"},\"potentialAction\":[{\"@type\":\"SearchAction\",\"target\":{\"@type\":\"EntryPoint\",\"urlTemplate\":\"https:\/\/fluidmgmt.ak-bio.com\/fr\/?s={search_term_string}\"},\"query-input\":{\"@type\":\"PropertyValueSpecification\",\"valueRequired\":true,\"valueName\":\"search_term_string\"}}],\"inLanguage\":\"fr-FR\"},{\"@type\":\"Organization\",\"@id\":\"https:\/\/fluidmgmt.ak-bio.com\/fr\/#organization\",\"name\":\"AK Bio\",\"url\":\"https:\/\/fluidmgmt.ak-bio.com\/fr\/\",\"logo\":{\"@type\":\"ImageObject\",\"inLanguage\":\"fr-FR\",\"@id\":\"https:\/\/fluidmgmt.ak-bio.com\/fr\/#\/schema\/logo\/image\/\",\"url\":\"https:\/\/fluidmgmt.ak-bio.com\/wp-content\/uploads\/2024\/04\/blue_ak_Logo.svg\",\"contentUrl\":\"https:\/\/fluidmgmt.ak-bio.com\/wp-content\/uploads\/2024\/04\/blue_ak_Logo.svg\",\"width\":197,\"height\":50,\"caption\":\"AK Bio\"},\"image\":{\"@id\":\"https:\/\/fluidmgmt.ak-bio.com\/fr\/#\/schema\/logo\/image\/\"},\"sameAs\":[\"https:\/\/www.linkedin.com\/company\/asahi-kasei-bioprocess-america\/\"]}]}<\/script>\n<!-- \/ Yoast SEO plugin. -->","yoast_head_json":{"title":"Chariots hydrauliques pour colonnes LC - CURSIV\u00ae - CURSIV\u00ae - CURSIV\u00ae - CURSIV\u00ae - CURSIV\u00ae - CURSIV","description":"Un chariot hydraulique peut \u00eatre utilis\u00e9 avec plusieurs colonnes LC DAC, offrant flexibilit\u00e9 et rentabilit\u00e9. Id\u00e9al pour les laboratoires et les fabricants disposant d'un espace limit\u00e9.","robots":{"index":"index","follow":"follow","max-snippet":"max-snippet:-1","max-image-preview":"max-image-preview:large","max-video-preview":"max-video-preview:-1"},"canonical":"https:\/\/fluidmgmt.ak-bio.com\/fr\/products\/chromatographie-liquide-cursiv\/chariots-hydrauliques\/","og_locale":"fr_FR","og_type":"article","og_title":"Chariots hydrauliques pour colonnes LC - CURSIV\u00ae - CURSIV\u00ae - CURSIV\u00ae - CURSIV\u00ae - CURSIV\u00ae - CURSIV","og_description":"Un chariot hydraulique peut \u00eatre utilis\u00e9 avec plusieurs colonnes LC DAC, offrant flexibilit\u00e9 et rentabilit\u00e9. Id\u00e9al pour les laboratoires et les fabricants disposant d'un espace limit\u00e9.","og_url":"https:\/\/fluidmgmt.ak-bio.com\/fr\/products\/chromatographie-liquide-cursiv\/chariots-hydrauliques\/","og_site_name":"AK Bio - Fluid Management","article_modified_time":"2026-01-26T18:31:36+00:00","og_image":[{"url":"https:\/\/fluidmgmt.ak-bio.com\/wp-content\/uploads\/2024\/06\/CURSIV_HC_MPLC_Cart_FrontView_MAIN-262x300.webp","type":"","width":"","height":""}],"twitter_card":"summary_large_image","twitter_misc":{"Dur\u00e9e de lecture estim\u00e9e":"1 minute"},"schema":{"@context":"https:\/\/schema.org","@graph":[{"@type":"WebPage","@id":"https:\/\/fluidmgmt.ak-bio.com\/fr\/products\/chromatographie-liquide-cursiv\/chariots-hydrauliques\/","url":"https:\/\/fluidmgmt.ak-bio.com\/fr\/products\/chromatographie-liquide-cursiv\/chariots-hydrauliques\/","name":"Chariots hydrauliques pour colonnes LC - CURSIV\u00ae - CURSIV\u00ae - CURSIV\u00ae - CURSIV\u00ae - CURSIV\u00ae - CURSIV","isPartOf":{"@id":"https:\/\/fluidmgmt.ak-bio.com\/fr\/#website"},"primaryImageOfPage":{"@id":"https:\/\/fluidmgmt.ak-bio.com\/fr\/products\/chromatographie-liquide-cursiv\/chariots-hydrauliques\/#primaryimage"},"image":{"@id":"https:\/\/fluidmgmt.ak-bio.com\/fr\/products\/chromatographie-liquide-cursiv\/chariots-hydrauliques\/#primaryimage"},"thumbnailUrl":"https:\/\/fluidmgmt.ak-bio.com\/wp-content\/uploads\/2024\/06\/CURSIV_HC_MPLC_Cart_FrontView_MAIN_625x758.png","datePublished":"2024-06-13T15:02:12+00:00","dateModified":"2026-01-26T18:31:36+00:00","description":"Un chariot hydraulique peut \u00eatre utilis\u00e9 avec plusieurs colonnes LC DAC, offrant flexibilit\u00e9 et rentabilit\u00e9. Id\u00e9al pour les laboratoires et les fabricants disposant d'un espace limit\u00e9.","breadcrumb":{"@id":"https:\/\/fluidmgmt.ak-bio.com\/fr\/products\/chromatographie-liquide-cursiv\/chariots-hydrauliques\/#breadcrumb"},"inLanguage":"fr-FR","potentialAction":[{"@type":"ReadAction","target":["https:\/\/fluidmgmt.ak-bio.com\/fr\/products\/chromatographie-liquide-cursiv\/chariots-hydrauliques\/"]}]},{"@type":"ImageObject","inLanguage":"fr-FR","@id":"https:\/\/fluidmgmt.ak-bio.com\/fr\/products\/chromatographie-liquide-cursiv\/chariots-hydrauliques\/#primaryimage","url":"https:\/\/fluidmgmt.ak-bio.com\/wp-content\/uploads\/2024\/06\/CURSIV_HC_MPLC_Cart_FrontView_MAIN_625x758.png","contentUrl":"https:\/\/fluidmgmt.ak-bio.com\/wp-content\/uploads\/2024\/06\/CURSIV_HC_MPLC_Cart_FrontView_MAIN_625x758.png","width":625,"height":758,"caption":"CURSIV HC MPLC Cart FrontView"},{"@type":"BreadcrumbList","@id":"https:\/\/fluidmgmt.ak-bio.com\/fr\/products\/chromatographie-liquide-cursiv\/chariots-hydrauliques\/#breadcrumb","itemListElement":[{"@type":"ListItem","position":1,"name":"Produits","item":"https:\/\/fluidmgmt.ak-bio.com\/fr\/produits\/"},{"@type":"ListItem","position":2,"name":"Chromatographie liquide CURSIV\u2122","item":"https:\/\/fluidmgmt.ak-bio.com\/fr\/product-category\/chromatographie-liquide-cursiv\/"},{"@type":"ListItem","position":3,"name":"Chariots hydrauliques"}]},{"@type":"WebSite","@id":"https:\/\/fluidmgmt.ak-bio.com\/fr\/#website","url":"https:\/\/fluidmgmt.ak-bio.com\/fr\/","name":"AK Bio - Fluid Management","description":"","publisher":{"@id":"https:\/\/fluidmgmt.ak-bio.com\/fr\/#organization"},"potentialAction":[{"@type":"SearchAction","target":{"@type":"EntryPoint","urlTemplate":"https:\/\/fluidmgmt.ak-bio.com\/fr\/?s={search_term_string}"},"query-input":{"@type":"PropertyValueSpecification","valueRequired":true,"valueName":"search_term_string"}}],"inLanguage":"fr-FR"},{"@type":"Organization","@id":"https:\/\/fluidmgmt.ak-bio.com\/fr\/#organization","name":"AK Bio","url":"https:\/\/fluidmgmt.ak-bio.com\/fr\/","logo":{"@type":"ImageObject","inLanguage":"fr-FR","@id":"https:\/\/fluidmgmt.ak-bio.com\/fr\/#\/schema\/logo\/image\/","url":"https:\/\/fluidmgmt.ak-bio.com\/wp-content\/uploads\/2024\/04\/blue_ak_Logo.svg","contentUrl":"https:\/\/fluidmgmt.ak-bio.com\/wp-content\/uploads\/2024\/04\/blue_ak_Logo.svg","width":197,"height":50,"caption":"AK Bio"},"image":{"@id":"https:\/\/fluidmgmt.ak-bio.com\/fr\/#\/schema\/logo\/image\/"},"sameAs":["https:\/\/www.linkedin.com\/company\/asahi-kasei-bioprocess-america\/"]}]}},"_links":{"self":[{"href":"https:\/\/fluidmgmt.ak-bio.com\/fr\/wp-json\/wp\/v2\/product\/29248","targetHints":{"allow":["GET"]}}],"collection":[{"href":"https:\/\/fluidmgmt.ak-bio.com\/fr\/wp-json\/wp\/v2\/product"}],"about":[{"href":"https:\/\/fluidmgmt.ak-bio.com\/fr\/wp-json\/wp\/v2\/types\/product"}],"version-history":[{"count":0,"href":"https:\/\/fluidmgmt.ak-bio.com\/fr\/wp-json\/wp\/v2\/product\/29248\/revisions"}],"wp:featuredmedia":[{"embeddable":true,"href":"https:\/\/fluidmgmt.ak-bio.com\/fr\/wp-json\/wp\/v2\/media\/28056"}],"wp:attachment":[{"href":"https:\/\/fluidmgmt.ak-bio.com\/fr\/wp-json\/wp\/v2\/media?parent=29248"}],"wp:term":[{"taxonomy":"applications","embeddable":true,"href":"https:\/\/fluidmgmt.ak-bio.com\/fr\/wp-json\/wp\/v2\/applications?post=29248"},{"taxonomy":"product_brand","embeddable":true,"href":"https:\/\/fluidmgmt.ak-bio.com\/fr\/wp-json\/wp\/v2\/product_brand?post=29248"},{"taxonomy":"product_cat","embeddable":true,"href":"https:\/\/fluidmgmt.ak-bio.com\/fr\/wp-json\/wp\/v2\/product_cat?post=29248"},{"taxonomy":"product_tag","embeddable":true,"href":"https:\/\/fluidmgmt.ak-bio.com\/fr\/wp-json\/wp\/v2\/product_tag?post=29248"}],"curies":[{"name":"wp","href":"https:\/\/api.w.org\/{rel}","templated":true}]}}