{"id":22445,"date":"2024-04-04T22:05:21","date_gmt":"2024-04-05T02:05:21","guid":{"rendered":"https:\/\/fluidmgmt.ak-bio.com\/informativa-sulla-privacy\/"},"modified":"2025-11-24T10:48:05","modified_gmt":"2025-11-24T15:48:05","slug":"informativa-sulla-privacy","status":"publish","type":"page","link":"https:\/\/fluidmgmt.ak-bio.com\/it\/informativa-sulla-privacy\/","title":{"rendered":"Informativa sulla privacy"},"content":{"rendered":"\t\t<div data-elementor-type=\"wp-page\" data-elementor-id=\"22445\" class=\"elementor elementor-22445 elementor-3\" data-elementor-post-type=\"page\">\n\t\t\t\t<div class=\"elementor-element elementor-element-63d45b3e e-flex e-con-boxed e-con e-parent\" data-id=\"63d45b3e\" data-element_type=\"container\" data-e-type=\"container\" data-settings=\"{&quot;background_background&quot;:&quot;classic&quot;}\">\n\t\t\t\t\t<div class=\"e-con-inner\">\n\t\t\t\t<div class=\"elementor-element elementor-element-7a4fdd61 elementor-widget elementor-widget-text-editor\" data-id=\"7a4fdd61\" data-element_type=\"widget\" data-e-type=\"widget\" data-widget_type=\"text-editor.default\">\n\t\t\t\t<div class=\"elementor-widget-container\">\n\t\t\t\t\t\t\t\t\t<h1><span style=\"color: #002948;\">Informativa sulla privacy<\/span><\/h1>\n\n<p>Nel corso della sua attivit\u00e0, il Gruppo Asahi Kasei*Apri una nuova finestra riceve informazioni personali quali nomi, indirizzi postali, numeri di telefono e indirizzi e-mail da consumatori, clienti, fornitori, azionisti e altri, oltre alle informazioni personali dei nostri dirigenti e dipendenti in nostro possesso. Ci impegniamo a mantenere la privacy e la sicurezza di queste informazioni personali e a garantire che vengano gestite in modo appropriato in conformit\u00e0 con la presente politica. <br><br>Poich\u00e9 questa politica potrebbe essere modificata, ti consigliamo di consultare nuovamente questa pagina di tanto in tanto.<\/p>\n\n<ul>\n<li>Trattiamo le informazioni personali in modo corretto e in conformit\u00e0 con la Legge sulla Protezione delle Informazioni Personali e altri statuti applicabili, nonch\u00e9 in conformit\u00e0 con le norme e gli standard generalmente accettati.<\/li>\n\n<li>Ci assicuriamo che il personale di tutto il Gruppo Asahi Kasei comprenda a fondo e rispetti fedelmente gli standard e i regolamenti aziendali per il trattamento dei dati personali.<\/li>\n\n<li>Utilizziamo le informazioni personali solo per gli scopi specifici che sono stati indicati o annunciati al momento della loro ricezione.<\/li>\n\n<li>Adottiamo misure appropriate per la manutenzione e la gestione delle informazioni personali, al fine di evitare alterazioni, divulgazioni e perdite non autorizzate di tali informazioni.<\/li>\n\n<li>Risponderemo in buona fede alle richieste di conferma, revisione, cessazione o cancellazione dei tuoi dati personali.<\/li>\n<\/ul>\n\n<p>Le specifiche sono descritte di seguito.<\/p>\n\n<p> <\/p>\n\n<h3 class=\"wp-block-heading\">Scopo dell&#8217;utilizzo<\/h3>\n\n<p>Gli scopi per i quali i dati personali possono essere utilizzati dalle societ\u00e0 del Gruppo Asahi Kasei sono descritti di seguito. Alcune societ\u00e0 del Gruppo Asahi Kasei includono ulteriori finalit\u00e0 descritte nell&#8217;informativa sulla privacy specifica dei rispettivi siti web o sezioni di questo sito. <\/p>\n\n<ul>\n<li>Rispondere alle richieste di informazioni.<\/li>\n\n<li>Fornitura, accumulo, indagine, studio e risposta alle informazioni relative a prodotti e servizi.<\/li>\n\n<li>Notifica di fiere o altri eventi relativi a prodotti e servizi.<\/li>\n\n<li>Consegna di regali o premi vinti in disegni o concorsi.<\/li>\n\n<li>Richiesta, comunicazione (compresa la distribuzione di rapporti), consultazione, discussione, studio, contrattazione, inserimento e ricezione di ordini, spedizione, fatturazione, ricezione di pagamenti, rimessa di pagamenti e gestione di crediti e debiti in relazione a transazioni commerciali, Responsible Care, relazioni con gli investitori, transazioni finanziarie e gestione di fondi pensione.<\/li>\n\n<li>Indagine e studio delle circostanze di utilizzo dei prodotti e dei servizi e delle relative esigenze, nonch\u00e9 risposta alle stesse.<\/li>\n\n<li>Gestione dell&#8217;ingresso e dell&#8217;uscita di persone e veicoli dalle strutture del Gruppo Asahi Kasei.<\/li>\n\n<li>Collegamento con le comunit\u00e0 in cui si trovano le strutture del Gruppo Asahi Kasei.<\/li>\n\n<li>Notifica e segnalazione alle agenzie governative, agli uffici comunali e agli enti pubblici.<\/li>\n<\/ul>\n\n<p> <\/p>\n\n<h3 class=\"wp-block-heading\">Uso condiviso<\/h3>\n\n<p>Asahi Kasei Corporation pu\u00f2 condividere i dati personali con le societ\u00e0 del Gruppo Asahi Kasei come indicato di seguito. Alcune societ\u00e0 del Gruppo Asahi Kasei prevedono un ulteriore utilizzo condiviso, come descritto nell&#8217;informativa sulla privacy specifica dei rispettivi siti web o sezioni di questo sito. <\/p>\n\n<figure class=\"wp-block-table\">\n<table>\n<tbody>\n<tr>\n<th>Informazioni soggette a uso condiviso<\/th>\n<th>Scopo dell&#8217;uso condiviso<\/th>\n<th>Parte responsabile<\/th>\n<\/tr>\n<tr>\n<td>Nomi e informazioni di contatto in possesso degli Affari Generali<\/td>\n<td>Risposta appropriata a richieste e domande<\/td>\n<td>Direttore Generale degli Affari Generali<\/td>\n<\/tr>\n<tr>\n<td>Nomi e informazioni di contatto in possesso dell&#8217;Ufficio Acquisti e Logistica.<\/td>\n<td>Esecuzione dei compiti relativi agli acquisti<\/td>\n<td>Direttore generale di Corporate Procurement &amp; Logistics<\/td>\n<\/tr>\n<tr>\n<td>Nomi e informazioni di contatto in possesso di Contabilit\u00e0 e Controllo Aziendale e Finanza Aziendale<\/td>\n<td>Gestione dei crediti e dei debiti, gestione dei pagamenti<\/td>\n<td>Direttore generale di Contabilit\u00e0 e controllo aziendale e Direttore generale di Finanza aziendale<\/td>\n<\/tr>\n<tr>\n<td>Ernst Handel<\/td>\n<td>Roland Mendel<\/td>\n<td>Austria<\/td>\n<\/tr>\n<\/tbody>\n<\/table>\n<\/figure>\n\n<p> <\/p>\n\n<h3 class=\"wp-block-heading\">Divulgazione a terzi<\/h3>\n\n<p>Nei casi in cui si renda necessario divulgare informazioni personali a subappaltatori nel corso dell&#8217;outsourcing, le societ\u00e0 del Gruppo Asahi Kasei stipulano accordi con le aziende subappaltate che richiedono che tali informazioni personali siano gestite in conformit\u00e0 con gli standard del Gruppo Asahi Kasei. Il trattamento dei dati personali da parte delle aziende in subappalto viene monitorato e supervisionato per garantire la conformit\u00e0. <br><br>Gli unici altri casi in cui i dati personali vengono divulgati a terzi sono descritti di seguito.<\/p>\n\n<ul>\n<li>Se abbiamo l&#8217;approvazione preventiva dell&#8217;utente.<\/li>\n\n<li>Se la possibilit\u00e0 di tale divulgazione \u00e8 stata chiaramente indicata al momento della ricezione dei dati personali.<\/li>\n\n<li>Se la risposta appropriata a un&#8217;indagine o a una richiesta richiede la divulgazione a una societ\u00e0 del Gruppo Asahi Kasei.<\/li>\n\n<li>Se le informazioni in una forma che preclude l&#8217;identificazione personale vengono divulgate per analisi statistiche.<\/li>\n\n<li>Se la fusione, la separazione dell&#8217;azienda o il trasferimento dell&#8217;azienda richiedono la divulgazione per la successione delle operazioni.<\/li>\n\n<li>Se richiesto da leggi o regolamenti.<\/li>\n\n<li>Se necessario per la protezione della vita, della salute o dei beni di una persona e se non siamo in grado di ottenere la tua approvazione preventiva.<\/li>\n\n<li>Collegamento con le comunit\u00e0 in cui si trovano le strutture del Gruppo Asahi Kasei.<\/li>\n\n<li>Se richiesto nel corso della cooperazione con le autorit\u00e0 governative e se la tua preventiva approvazione ostacolerebbe le autorit\u00e0 nell&#8217;esecuzione dei loro compiti.<\/li>\n<\/ul>\n\n<p> <\/p>\n\n<h3 class=\"wp-block-heading\">Richieste di informazioni personali<\/h3>\n\n<ul>\n<li><strong>Conferma<\/strong><br>Per tua verifica e conferma, puoi richiedere la divulgazione dei tuoi dati personali conservati in nostro possesso. Dopo aver verificato che la persona che effettua tale richiesta sia la persona per la quale si richiede la divulgazione o un suo delegato debitamente autorizzato, risponderemo in tempi ragionevoli e in misura ragionevole. <\/li>\n\n<li><strong>Correzione, revisione<\/strong><br>Puoi richiedere la correzione o la revisione dei tuoi dati personali conservati in nostro possesso. Dopo aver verificato che l&#8217;identit\u00e0 della persona che effettua tale richiesta sia quella della persona per la quale viene richiesta la correzione o la revisione o un suo delegato debitamente autorizzato, risponderemo in tempi ragionevoli e in misura ragionevole se i dati in nostro possesso sono inesatti. <\/li>\n\n<li><strong>Cessazione dell&#8217;utilizzo, cancellazione<\/strong><br>L&#8217;utente pu\u00f2 richiedere la cessazione dell&#8217;utilizzo o la cancellazione dei suoi dati personali in nostro possesso. Dopo aver verificato che l&#8217;identit\u00e0 della persona che effettua tale richiesta sia la persona per la quale si richiede la cessazione dell&#8217;uso o la cancellazione o un suo delegato debitamente autorizzato, risponderemo in tempi ragionevoli e in misura ragionevole.<br>Tieni presente che la cessazione dell&#8217;uso o la cancellazione parziale o totale dei tuoi dati personali potrebbe impedirci di fornirti determinati servizi. Si noti inoltre che la normativa in materia prevede che in alcuni casi possiamo rifiutarci di soddisfare tale richiesta.  <\/li>\n\n<li><strong>Cessazione dell&#8217;uso, cancellazione<\/strong><br>Le richieste di conferma, correzione, revisione, cessazione dell&#8217;uso o cancellazione dei dati personali conservati possono essere inoltrate tramite il modulo di richiesta, via fax al numero +81-(0)3-3296-3161 o per posta all&#8217;indirizzo Corporate Affairs, 1-105 Kanda Jinbocho, Chiyoda-ku, Tokyo 101-8101, Giappone.<br>Se i tuoi dati personali ci sono stati forniti attraverso i siti web delle societ\u00e0 del Gruppo Asahi Kasei o sezioni di questo sito web che hanno un&#8217;informativa sulla privacy separata, ti preghiamo di fare riferimento alle informazioni di contatto indicate in tale informativa.<\/li>\n\n<li><strong>Spese di gestione<\/strong><br>I costi che sosteniamo per soddisfare una richiesta di conferma, correzione, revisione, cessazione dell&#8217;uso o cancellazione dei dati personali conservati possono essere addebitati a te o al tuo delegato come spese di gestione.<\/li>\n<\/ul>\n\n<div class=\"wp-block-spacer\" style=\"height: 100px;\" aria-hidden=\"true\"> <\/div>\n\t\t\t\t\t\t\t\t<\/div>\n\t\t\t\t<\/div>\n\t\t\t\t\t<\/div>\n\t\t\t\t<\/div>\n\t\t<div class=\"elementor-element elementor-element-7564ee34 e-flex e-con-boxed e-con e-parent\" data-id=\"7564ee34\" data-element_type=\"container\" data-e-type=\"container\" data-settings=\"{&quot;background_background&quot;:&quot;classic&quot;}\">\n\t\t\t\t\t<div class=\"e-con-inner\">\n\t\t<div class=\"elementor-element elementor-element-730accc e-con-full e-flex e-con e-child\" data-id=\"730accc\" data-element_type=\"container\" data-e-type=\"container\" data-settings=\"{&quot;position&quot;:&quot;absolute&quot;}\">\n\t\t\t\t<\/div>\n\t\t<div class=\"elementor-element elementor-element-e4c97f4 e-con-full e-flex e-con e-child\" data-id=\"e4c97f4\" data-element_type=\"container\" data-e-type=\"container\" data-settings=\"{&quot;background_background&quot;:&quot;slideshow&quot;,&quot;background_slideshow_gallery&quot;:[],&quot;background_slideshow_loop&quot;:&quot;yes&quot;,&quot;background_slideshow_slide_duration&quot;:5000,&quot;background_slideshow_slide_transition&quot;:&quot;fade&quot;,&quot;background_slideshow_transition_duration&quot;:500}\">\n\t\t\t\t<div class=\"elementor-element elementor-element-c3d86d1 elementor-widget elementor-widget-heading\" data-id=\"c3d86d1\" data-element_type=\"widget\" data-e-type=\"widget\" data-widget_type=\"heading.default\">\n\t\t\t\t<div class=\"elementor-widget-container\">\n\t\t\t\t\t<h2 class=\"elementor-heading-title elementor-size-default\">Gruppo Asahi Kasei<\/h2>\t\t\t\t<\/div>\n\t\t\t\t<\/div>\n\t\t\t\t<div class=\"elementor-element elementor-element-63f8e68 elementor-widget elementor-widget-text-editor\" data-id=\"63f8e68\" data-element_type=\"widget\" data-e-type=\"widget\" data-widget_type=\"text-editor.default\">\n\t\t\t\t<div class=\"elementor-widget-container\">\n\t\t\t\t\t\t\t\t\t<p>Noi, il Gruppo Asahi Kasei, contribuiamo alla vita e al benessere delle persone in tutto il mondo.<\/p>\t\t\t\t\t\t\t\t<\/div>\n\t\t\t\t<\/div>\n\t\t\t\t<div class=\"elementor-element elementor-element-9b02127 elementor-mobile-align-center elementor-widget-mobile__width-auto elementor-align-left elementor-widget elementor-widget-button\" data-id=\"9b02127\" data-element_type=\"widget\" data-e-type=\"widget\" data-widget_type=\"button.default\">\n\t\t\t\t<div class=\"elementor-widget-container\">\n\t\t\t\t\t\t\t\t\t<div class=\"elementor-button-wrapper\">\n\t\t\t\t\t<a class=\"elementor-button elementor-button-link elementor-size-sm\" href=\"https:\/\/www.asahi-kasei.com\/\">\n\t\t\t\t\t\t<span class=\"elementor-button-content-wrapper\">\n\t\t\t\t\t\t\t\t\t<span class=\"elementor-button-text\">Per saperne di pi\u00f9<\/span>\n\t\t\t\t\t<\/span>\n\t\t\t\t\t<\/a>\n\t\t\t\t<\/div>\n\t\t\t\t\t\t\t\t<\/div>\n\t\t\t\t<\/div>\n\t\t\t\t<\/div>\n\t\t\t\t\t<\/div>\n\t\t\t\t<\/div>\n\t\t\t\t<\/div>\n\t\t","protected":false},"excerpt":{"rendered":"<p>Informativa sulla privacy Nel corso della sua attivit\u00e0, il Gruppo Asahi Kasei*Apri una nuova finestra riceve informazioni personali quali nomi, indirizzi postali, numeri di telefono e indirizzi e-mail da consumatori, clienti, fornitori, azionisti e altri, oltre alle informazioni personali dei nostri dirigenti e dipendenti in nostro possesso. Ci impegniamo a mantenere la privacy e la [&hellip;]<\/p>\n","protected":false},"author":1,"featured_media":0,"parent":0,"menu_order":0,"comment_status":"closed","ping_status":"open","template":"","meta":{"_acf_changed":false,"footnotes":""},"class_list":["post-22445","page","type-page","status-publish","hentry"],"acf":[],"yoast_head":"<!-- This site is optimized with the Yoast SEO plugin v27.1.1 - https:\/\/yoast.com\/product\/yoast-seo-wordpress\/ -->\n<title>Informativa sulla privacy | Asahi Kasei Bioprocess<\/title>\n<meta name=\"description\" content=\"Asahi Kasei Bioprocess raccoglie, utilizza e divulga le informazioni personali in modo conforme alle leggi dei paesi in cui opera.\" \/>\n<meta name=\"robots\" content=\"index, follow, max-snippet:-1, max-image-preview:large, max-video-preview:-1\" \/>\n<link rel=\"canonical\" href=\"https:\/\/fluidmgmt.ak-bio.com\/it\/informativa-sulla-privacy\/\" \/>\n<meta property=\"og:locale\" content=\"it_IT\" \/>\n<meta property=\"og:type\" content=\"article\" \/>\n<meta property=\"og:title\" content=\"Informativa sulla privacy | Asahi Kasei Bioprocess\" \/>\n<meta property=\"og:description\" content=\"Asahi Kasei Bioprocess raccoglie, utilizza e divulga le informazioni personali in modo conforme alle leggi dei paesi in cui opera.\" \/>\n<meta property=\"og:url\" content=\"https:\/\/fluidmgmt.ak-bio.com\/it\/informativa-sulla-privacy\/\" \/>\n<meta property=\"og:site_name\" content=\"AK Bio - Fluid Management\" \/>\n<meta property=\"article:modified_time\" content=\"2025-11-24T15:48:05+00:00\" \/>\n<meta property=\"og:image\" content=\"https:\/\/fluidmgmt.ak-bio.com\/wp-content\/uploads\/2024\/05\/Home-dna-scaled.webp\" \/>\n\t<meta property=\"og:image:width\" content=\"2560\" \/>\n\t<meta property=\"og:image:height\" content=\"1435\" \/>\n\t<meta property=\"og:image:type\" content=\"image\/webp\" \/>\n<meta name=\"twitter:card\" content=\"summary_large_image\" \/>\n<meta name=\"twitter:label1\" content=\"Tempo di lettura stimato\" \/>\n\t<meta name=\"twitter:data1\" content=\"6 minuti\" \/>\n<script type=\"application\/ld+json\" class=\"yoast-schema-graph\">{\"@context\":\"https:\/\/schema.org\",\"@graph\":[{\"@type\":\"WebPage\",\"@id\":\"https:\/\/fluidmgmt.ak-bio.com\/it\/informativa-sulla-privacy\/\",\"url\":\"https:\/\/fluidmgmt.ak-bio.com\/it\/informativa-sulla-privacy\/\",\"name\":\"Informativa sulla privacy | Asahi Kasei Bioprocess\",\"isPartOf\":{\"@id\":\"https:\/\/fluidmgmt.ak-bio.com\/it\/#website\"},\"datePublished\":\"2024-04-05T02:05:21+00:00\",\"dateModified\":\"2025-11-24T15:48:05+00:00\",\"description\":\"Asahi Kasei Bioprocess raccoglie, utilizza e divulga le informazioni personali in modo conforme alle leggi dei paesi in cui opera.\",\"inLanguage\":\"it-IT\",\"potentialAction\":[{\"@type\":\"ReadAction\",\"target\":[\"https:\/\/fluidmgmt.ak-bio.com\/it\/informativa-sulla-privacy\/\"]}]},{\"@type\":\"WebSite\",\"@id\":\"https:\/\/fluidmgmt.ak-bio.com\/it\/#website\",\"url\":\"https:\/\/fluidmgmt.ak-bio.com\/it\/\",\"name\":\"AK Bio - Fluid Management\",\"description\":\"\",\"publisher\":{\"@id\":\"https:\/\/fluidmgmt.ak-bio.com\/it\/#organization\"},\"potentialAction\":[{\"@type\":\"SearchAction\",\"target\":{\"@type\":\"EntryPoint\",\"urlTemplate\":\"https:\/\/fluidmgmt.ak-bio.com\/it\/?s={search_term_string}\"},\"query-input\":{\"@type\":\"PropertyValueSpecification\",\"valueRequired\":true,\"valueName\":\"search_term_string\"}}],\"inLanguage\":\"it-IT\"},{\"@type\":\"Organization\",\"@id\":\"https:\/\/fluidmgmt.ak-bio.com\/it\/#organization\",\"name\":\"AK Bio\",\"url\":\"https:\/\/fluidmgmt.ak-bio.com\/it\/\",\"logo\":{\"@type\":\"ImageObject\",\"inLanguage\":\"it-IT\",\"@id\":\"https:\/\/fluidmgmt.ak-bio.com\/it\/#\/schema\/logo\/image\/\",\"url\":\"https:\/\/fluidmgmt.ak-bio.com\/wp-content\/uploads\/2024\/04\/blue_ak_Logo.svg\",\"contentUrl\":\"https:\/\/fluidmgmt.ak-bio.com\/wp-content\/uploads\/2024\/04\/blue_ak_Logo.svg\",\"width\":197,\"height\":50,\"caption\":\"AK Bio\"},\"image\":{\"@id\":\"https:\/\/fluidmgmt.ak-bio.com\/it\/#\/schema\/logo\/image\/\"},\"sameAs\":[\"https:\/\/www.linkedin.com\/company\/asahi-kasei-bioprocess-america\/\"]}]}<\/script>\n<!-- \/ Yoast SEO plugin. -->","yoast_head_json":{"title":"Informativa sulla privacy | Asahi Kasei Bioprocess","description":"Asahi Kasei Bioprocess raccoglie, utilizza e divulga le informazioni personali in modo conforme alle leggi dei paesi in cui opera.","robots":{"index":"index","follow":"follow","max-snippet":"max-snippet:-1","max-image-preview":"max-image-preview:large","max-video-preview":"max-video-preview:-1"},"canonical":"https:\/\/fluidmgmt.ak-bio.com\/it\/informativa-sulla-privacy\/","og_locale":"it_IT","og_type":"article","og_title":"Informativa sulla privacy | Asahi Kasei Bioprocess","og_description":"Asahi Kasei Bioprocess raccoglie, utilizza e divulga le informazioni personali in modo conforme alle leggi dei paesi in cui opera.","og_url":"https:\/\/fluidmgmt.ak-bio.com\/it\/informativa-sulla-privacy\/","og_site_name":"AK Bio - Fluid Management","article_modified_time":"2025-11-24T15:48:05+00:00","og_image":[{"width":2560,"height":1435,"url":"https:\/\/fluidmgmt.ak-bio.com\/wp-content\/uploads\/2024\/05\/Home-dna-scaled.webp","type":"image\/webp"}],"twitter_card":"summary_large_image","twitter_misc":{"Tempo di lettura stimato":"6 minuti"},"schema":{"@context":"https:\/\/schema.org","@graph":[{"@type":"WebPage","@id":"https:\/\/fluidmgmt.ak-bio.com\/it\/informativa-sulla-privacy\/","url":"https:\/\/fluidmgmt.ak-bio.com\/it\/informativa-sulla-privacy\/","name":"Informativa sulla privacy | Asahi Kasei Bioprocess","isPartOf":{"@id":"https:\/\/fluidmgmt.ak-bio.com\/it\/#website"},"datePublished":"2024-04-05T02:05:21+00:00","dateModified":"2025-11-24T15:48:05+00:00","description":"Asahi Kasei Bioprocess raccoglie, utilizza e divulga le informazioni personali in modo conforme alle leggi dei paesi in cui opera.","inLanguage":"it-IT","potentialAction":[{"@type":"ReadAction","target":["https:\/\/fluidmgmt.ak-bio.com\/it\/informativa-sulla-privacy\/"]}]},{"@type":"WebSite","@id":"https:\/\/fluidmgmt.ak-bio.com\/it\/#website","url":"https:\/\/fluidmgmt.ak-bio.com\/it\/","name":"AK Bio - Fluid Management","description":"","publisher":{"@id":"https:\/\/fluidmgmt.ak-bio.com\/it\/#organization"},"potentialAction":[{"@type":"SearchAction","target":{"@type":"EntryPoint","urlTemplate":"https:\/\/fluidmgmt.ak-bio.com\/it\/?s={search_term_string}"},"query-input":{"@type":"PropertyValueSpecification","valueRequired":true,"valueName":"search_term_string"}}],"inLanguage":"it-IT"},{"@type":"Organization","@id":"https:\/\/fluidmgmt.ak-bio.com\/it\/#organization","name":"AK Bio","url":"https:\/\/fluidmgmt.ak-bio.com\/it\/","logo":{"@type":"ImageObject","inLanguage":"it-IT","@id":"https:\/\/fluidmgmt.ak-bio.com\/it\/#\/schema\/logo\/image\/","url":"https:\/\/fluidmgmt.ak-bio.com\/wp-content\/uploads\/2024\/04\/blue_ak_Logo.svg","contentUrl":"https:\/\/fluidmgmt.ak-bio.com\/wp-content\/uploads\/2024\/04\/blue_ak_Logo.svg","width":197,"height":50,"caption":"AK Bio"},"image":{"@id":"https:\/\/fluidmgmt.ak-bio.com\/it\/#\/schema\/logo\/image\/"},"sameAs":["https:\/\/www.linkedin.com\/company\/asahi-kasei-bioprocess-america\/"]}]}},"_links":{"self":[{"href":"https:\/\/fluidmgmt.ak-bio.com\/it\/wp-json\/wp\/v2\/pages\/22445","targetHints":{"allow":["GET"]}}],"collection":[{"href":"https:\/\/fluidmgmt.ak-bio.com\/it\/wp-json\/wp\/v2\/pages"}],"about":[{"href":"https:\/\/fluidmgmt.ak-bio.com\/it\/wp-json\/wp\/v2\/types\/page"}],"author":[{"embeddable":true,"href":"https:\/\/fluidmgmt.ak-bio.com\/it\/wp-json\/wp\/v2\/users\/1"}],"replies":[{"embeddable":true,"href":"https:\/\/fluidmgmt.ak-bio.com\/it\/wp-json\/wp\/v2\/comments?post=22445"}],"version-history":[{"count":0,"href":"https:\/\/fluidmgmt.ak-bio.com\/it\/wp-json\/wp\/v2\/pages\/22445\/revisions"}],"wp:attachment":[{"href":"https:\/\/fluidmgmt.ak-bio.com\/it\/wp-json\/wp\/v2\/media?parent=22445"}],"curies":[{"name":"wp","href":"https:\/\/api.w.org\/{rel}","templated":true}]}}