{"id":23720,"date":"2024-08-12T13:36:33","date_gmt":"2024-08-12T17:36:33","guid":{"rendered":"https:\/\/fluidmgmt.ak-bio.com\/sostenibilita\/"},"modified":"2025-11-21T10:23:29","modified_gmt":"2025-11-21T15:23:29","slug":"sostenibilita","status":"publish","type":"page","link":"https:\/\/fluidmgmt.ak-bio.com\/it\/azienda\/sostenibilita\/","title":{"rendered":"Sostenibilit\u00e0"},"content":{"rendered":"\t\t<div data-elementor-type=\"wp-page\" data-elementor-id=\"23720\" class=\"elementor elementor-23720 elementor-14207\" data-elementor-post-type=\"page\">\n\t\t\t\t<div class=\"elementor-element elementor-element-5251e38 e-flex e-con-boxed e-con e-parent\" data-id=\"5251e38\" data-element_type=\"container\" data-e-type=\"container\" id=\"main-hero-container\" data-settings=\"{&quot;background_background&quot;:&quot;classic&quot;}\">\n\t\t\t\t\t<div class=\"e-con-inner\">\n\t\t<div class=\"elementor-element elementor-element-64dc7195 e-con-full e-flex e-con e-child\" data-id=\"64dc7195\" data-element_type=\"container\" data-e-type=\"container\" data-settings=\"{&quot;position&quot;:&quot;absolute&quot;}\">\n\t\t\t\t<\/div>\n\t\t<div class=\"elementor-element elementor-element-496cbe4e e-con-full e-flex e-con e-child\" data-id=\"496cbe4e\" data-element_type=\"container\" data-e-type=\"container\">\n\t\t\t\t<div class=\"elementor-element elementor-element-6ad7aadf elementor-widget elementor-widget-heading\" data-id=\"6ad7aadf\" data-element_type=\"widget\" data-e-type=\"widget\" data-widget_type=\"heading.default\">\n\t\t\t\t<div class=\"elementor-widget-container\">\n\t\t\t\t\t<h1 class=\"elementor-heading-title elementor-size-default\">Come Asahi Kasei Bioprocess promuove la sostenibilit\u00e0<\/h1>\t\t\t\t<\/div>\n\t\t\t\t<\/div>\n\t\t\t\t<\/div>\n\t\t\t\t\t<\/div>\n\t\t\t\t<\/div>\n\t\t<div class=\"elementor-element elementor-element-182b7305 e-flex e-con-boxed e-con e-parent\" data-id=\"182b7305\" data-element_type=\"container\" data-e-type=\"container\" data-settings=\"{&quot;background_background&quot;:&quot;classic&quot;}\">\n\t\t\t\t\t<div class=\"e-con-inner\">\n\t\t\t\t<div class=\"elementor-element elementor-element-2acf5580 breadcrumbs elementor-widget elementor-widget-global elementor-global-25412 elementor-global-772 elementor-widget-wp-widget-bcn_widget\" data-id=\"2acf5580\" data-element_type=\"widget\" data-e-type=\"widget\" data-widget_type=\"wp-widget-bcn_widget.default\">\n\t\t\t\t<div class=\"elementor-widget-container\">\n\t\t\t\t\t<div class=\"breadcrumbs\" vocab=\"https:\/\/schema.org\/\" typeof=\"BreadcrumbList\"><\/div>\t\t\t\t<\/div>\n\t\t\t\t<\/div>\n\t\t\t\t\t<\/div>\n\t\t\t\t<\/div>\n\t\t<div class=\"elementor-element elementor-element-45d0c27 e-flex e-con-boxed e-con e-parent\" data-id=\"45d0c27\" data-element_type=\"container\" data-e-type=\"container\" data-settings=\"{&quot;background_background&quot;:&quot;gradient&quot;}\">\n\t\t\t\t\t<div class=\"e-con-inner\">\n\t\t<div class=\"elementor-element elementor-element-a38b8d7 e-con-full e-flex e-con e-child\" data-id=\"a38b8d7\" data-element_type=\"container\" data-e-type=\"container\">\n\t\t<div class=\"elementor-element elementor-element-c8b5a45 e-con-full e-flex e-con e-child\" data-id=\"c8b5a45\" data-element_type=\"container\" data-e-type=\"container\">\n\t\t\t\t<div class=\"elementor-element elementor-element-e405295 elementor-widget elementor-widget-heading\" data-id=\"e405295\" data-element_type=\"widget\" data-e-type=\"widget\" data-widget_type=\"heading.default\">\n\t\t\t\t<div class=\"elementor-widget-container\">\n\t\t\t\t\t<h2 class=\"elementor-heading-title elementor-size-default\">Sostenibilit\u00e0 in AKBA<\/h2>\t\t\t\t<\/div>\n\t\t\t\t<\/div>\n\t\t\t\t<\/div>\n\t\t\t\t<\/div>\n\t\t<div class=\"elementor-element elementor-element-ca02850 e-flex e-con-boxed e-con e-child\" data-id=\"ca02850\" data-element_type=\"container\" data-e-type=\"container\">\n\t\t\t\t\t<div class=\"e-con-inner\">\n\t\t\t\t<div class=\"elementor-element elementor-element-2d90d07 elementor-widget elementor-widget-text-editor\" data-id=\"2d90d07\" data-element_type=\"widget\" data-e-type=\"widget\" data-widget_type=\"text-editor.default\">\n\t\t\t\t<div class=\"elementor-widget-container\">\n\t\t\t\t\t\t\t\t\t<p><span style=\"font-weight: 400;\">Sin dalla sua fondazione nel 1922, la sostenibilit\u00e0 e l&#8217;innovazione per il miglioramento della societ\u00e0 sono stati temi chiave nella crescita del Gruppo Asahi Kasei e delle sue filiali, tra cui Asahi Kasei Bioprocess America. AKBA svolge un ruolo significativo nel contribuire alla vita e al benessere delle persone in tutto il mondo. <\/span><\/p>\t\t\t\t\t\t\t\t<\/div>\n\t\t\t\t<\/div>\n\t\t\t\t\t<\/div>\n\t\t\t\t<\/div>\n\t\t\t\t\t<\/div>\n\t\t\t\t<\/div>\n\t\t<div class=\"elementor-element elementor-element-58637c8 e-flex e-con-boxed e-con e-parent\" data-id=\"58637c8\" data-element_type=\"container\" data-e-type=\"container\" data-settings=\"{&quot;background_background&quot;:&quot;classic&quot;}\">\n\t\t\t\t\t<div class=\"e-con-inner\">\n\t\t<div class=\"elementor-element elementor-element-0e3d641 e-con-full e-flex e-con e-child\" data-id=\"0e3d641\" data-element_type=\"container\" data-e-type=\"container\">\n\t\t<div class=\"elementor-element elementor-element-3e15c2d e-con-full e-flex e-con e-child\" data-id=\"3e15c2d\" data-element_type=\"container\" data-e-type=\"container\">\n\t\t\t\t<div class=\"elementor-element elementor-element-f7c17f8 elementor-widget elementor-widget-heading\" data-id=\"f7c17f8\" data-element_type=\"widget\" data-e-type=\"widget\" data-widget_type=\"heading.default\">\n\t\t\t\t<div class=\"elementor-widget-container\">\n\t\t\t\t\t<h2 class=\"elementor-heading-title elementor-size-default\">Societ\u00e0 sostenibile<\/h2>\t\t\t\t<\/div>\n\t\t\t\t<\/div>\n\t\t\t\t<div class=\"elementor-element elementor-element-65d42d2 elementor-widget elementor-widget-text-editor\" data-id=\"65d42d2\" data-element_type=\"widget\" data-e-type=\"widget\" data-widget_type=\"text-editor.default\">\n\t\t\t\t<div class=\"elementor-widget-container\">\n\t\t\t\t\t\t\t\t\t<p><span style=\"font-weight: 400;\">Con la nostra crescita, continuiamo a perseguire due aspetti della sostenibilit\u00e0 che si rafforzano a vicenda: creando valore per &#8220;contribuire alla societ\u00e0 sostenibile&#8221;, cerchiamo di ottenere una &#8220;crescita sostenibile del valore aziendale&#8221; che ci permetta di dare ulteriori contributi in un circolo virtuoso. Per raggiungere questo obiettivo, mettiamo in pratica quanto segue: <\/span><\/p><ul><li style=\"font-weight: 400;\" aria-level=\"1\"><span style=\"font-weight: 400;\">Creazione di valore attraverso il contributo alla societ\u00e0 sostenibile<\/span><\/li><\/ul><ul><li style=\"font-weight: 400;\" aria-level=\"1\"><span style=\"font-weight: 400;\">Attivit\u00e0 commerciali responsabili<\/span><\/li><\/ul><ul><li style=\"font-weight: 400;\" aria-level=\"1\"><span style=\"font-weight: 400;\">Responsabilizzazione del personale<\/span><\/li><\/ul><p> <\/p>\t\t\t\t\t\t\t\t<\/div>\n\t\t\t\t<\/div>\n\t\t\t\t<\/div>\n\t\t<div class=\"elementor-element elementor-element-736e9f9 e-con-full e-flex e-con e-child\" data-id=\"736e9f9\" data-element_type=\"container\" data-e-type=\"container\">\n\t\t\t\t<div class=\"elementor-element elementor-element-14b3802 elementor-widget__width-auto elementor-widget elementor-widget-image\" data-id=\"14b3802\" data-element_type=\"widget\" data-e-type=\"widget\" data-widget_type=\"image.default\">\n\t\t\t\t<div class=\"elementor-widget-container\">\n\t\t\t\t\t\t\t\t\t\t\t\t\t\t\t<img fetchpriority=\"high\" decoding=\"async\" width=\"768\" height=\"440\" src=\"https:\/\/fluidmgmt.ak-bio.com\/wp-content\/uploads\/2024\/09\/AKSustainability-768x440.png\" class=\"attachment-medium_large size-medium_large wp-image-17546\" alt=\"Sustainability\" srcset=\"https:\/\/fluidmgmt.ak-bio.com\/wp-content\/uploads\/2024\/09\/AKSustainability-768x440.png 768w, https:\/\/fluidmgmt.ak-bio.com\/wp-content\/uploads\/2024\/09\/AKSustainability-300x172.png 300w, https:\/\/fluidmgmt.ak-bio.com\/wp-content\/uploads\/2024\/09\/AKSustainability-1024x586.png 1024w, https:\/\/fluidmgmt.ak-bio.com\/wp-content\/uploads\/2024\/09\/AKSustainability-600x344.png 600w, https:\/\/fluidmgmt.ak-bio.com\/wp-content\/uploads\/2024\/09\/AKSustainability.png 1200w\" sizes=\"(max-width: 768px) 100vw, 768px\" \/>\t\t\t\t\t\t\t\t\t\t\t\t\t\t\t<\/div>\n\t\t\t\t<\/div>\n\t\t\t\t<\/div>\n\t\t\t\t<\/div>\n\t\t\t\t\t<\/div>\n\t\t\t\t<\/div>\n\t\t<div class=\"elementor-element elementor-element-70a8c9a e-flex e-con-boxed e-con e-parent\" data-id=\"70a8c9a\" data-element_type=\"container\" data-e-type=\"container\" data-settings=\"{&quot;background_background&quot;:&quot;classic&quot;}\">\n\t\t\t\t\t<div class=\"e-con-inner\">\n\t\t<div class=\"elementor-element elementor-element-9d1ed8b e-con-full e-flex e-con e-child\" data-id=\"9d1ed8b\" data-element_type=\"container\" data-e-type=\"container\">\n\t\t<div class=\"elementor-element elementor-element-9fe2331 e-con-full e-flex e-con e-child\" data-id=\"9fe2331\" data-element_type=\"container\" data-e-type=\"container\">\n\t\t\t\t<div class=\"elementor-element elementor-element-5d0cc5b elementor-widget elementor-widget-video\" data-id=\"5d0cc5b\" data-element_type=\"widget\" data-e-type=\"widget\" data-settings=\"{&quot;youtube_url&quot;:&quot;https:\\\/\\\/www.youtube.com\\\/watch?v=PG1x7ZVAIRE&quot;,&quot;video_type&quot;:&quot;youtube&quot;,&quot;controls&quot;:&quot;yes&quot;}\" data-widget_type=\"video.default\">\n\t\t\t\t<div class=\"elementor-widget-container\">\n\t\t\t\t\t\t\t<div class=\"elementor-wrapper elementor-open-inline\">\n\t\t\t<div class=\"elementor-video\"><\/div>\t\t<\/div>\n\t\t\t\t\t\t<\/div>\n\t\t\t\t<\/div>\n\t\t\t\t<\/div>\n\t\t<div class=\"elementor-element elementor-element-bdefb2a e-con-full e-flex e-con e-child\" data-id=\"bdefb2a\" data-element_type=\"container\" data-e-type=\"container\">\n\t\t\t\t<div class=\"elementor-element elementor-element-7d0ddeb elementor-widget elementor-widget-heading\" data-id=\"7d0ddeb\" data-element_type=\"widget\" data-e-type=\"widget\" data-widget_type=\"heading.default\">\n\t\t\t\t<div class=\"elementor-widget-container\">\n\t\t\t\t\t<h2 class=\"elementor-heading-title elementor-size-default\">Qui a casa<\/h2>\t\t\t\t<\/div>\n\t\t\t\t<\/div>\n\t\t\t\t<div class=\"elementor-element elementor-element-690b9b5 elementor-widget elementor-widget-text-editor\" data-id=\"690b9b5\" data-element_type=\"widget\" data-e-type=\"widget\" data-widget_type=\"text-editor.default\">\n\t\t\t\t<div class=\"elementor-widget-container\">\n\t\t\t\t\t\t\t\t\t<p><span style=\"font-weight: 400;\">A livello locale, Asahi Kasei Bioprocess ha apportato miglioramenti significativi agli spazi operativi vicino a Chicago, IL, per raggiungere gli obiettivi di sostenibilit\u00e0, tra cui l&#8217;integrazione di soluzioni pi\u00f9 ecologiche nella nostra espansione di 25.000 piedi quadrati: <\/span><\/p><ul><li style=\"font-weight: 400;\" aria-level=\"1\"><span style=\"font-weight: 400;\">Progettate finestre in alto sulle pareti della fabbrica per far entrare la luce naturale.<\/span><\/li><\/ul><ul><li style=\"font-weight: 400;\" aria-level=\"1\"><span style=\"font-weight: 400;\">L&#8217;illuminazione a LED dei nuovi spazi produttivi \u00e8 stata realizzata utilizzando un sistema di raccolta della luce diurna: questo sistema monitora la luce naturale e rileva l&#8217;occupazione, illuminando solo se esiste una combinazione di scarsa illuminazione e occupazione.<\/span><\/li><\/ul><p> <\/p>\t\t\t\t\t\t\t\t<\/div>\n\t\t\t\t<\/div>\n\t\t\t\t<\/div>\n\t\t\t\t<\/div>\n\t\t\t\t\t<\/div>\n\t\t\t\t<\/div>\n\t\t<div class=\"elementor-element elementor-element-c9e098b e-flex e-con-boxed e-con e-parent\" data-id=\"c9e098b\" data-element_type=\"container\" data-e-type=\"container\" data-settings=\"{&quot;background_background&quot;:&quot;classic&quot;}\">\n\t\t\t\t\t<div class=\"e-con-inner\">\n\t\t<div class=\"elementor-element elementor-element-0aa04d3 e-con-full e-flex e-con e-child\" data-id=\"0aa04d3\" data-element_type=\"container\" data-e-type=\"container\" data-settings=\"{&quot;position&quot;:&quot;absolute&quot;}\">\n\t\t\t\t<\/div>\n\t\t<div class=\"elementor-element elementor-element-ecebea5 e-con-full e-flex e-con e-child\" data-id=\"ecebea5\" data-element_type=\"container\" data-e-type=\"container\">\n\t\t\t\t<div class=\"elementor-element elementor-element-3aae7bb elementor-widget elementor-widget-heading\" data-id=\"3aae7bb\" data-element_type=\"widget\" data-e-type=\"widget\" data-widget_type=\"heading.default\">\n\t\t\t\t<div class=\"elementor-widget-container\">\n\t\t\t\t\t<h2 class=\"elementor-heading-title elementor-size-default\">Gruppo Asahi Kasei<\/h2>\t\t\t\t<\/div>\n\t\t\t\t<\/div>\n\t\t\t\t<div class=\"elementor-element elementor-element-8b4976b elementor-widget elementor-widget-text-editor\" data-id=\"8b4976b\" data-element_type=\"widget\" data-e-type=\"widget\" data-widget_type=\"text-editor.default\">\n\t\t\t\t<div class=\"elementor-widget-container\">\n\t\t\t\t\t\t\t\t\t<p><span style=\"font-weight: 400;\">Noi, il Gruppo Asahi Kasei, contribuiamo alla vita e al benessere delle persone in tutto il mondo.<\/span><\/p>\t\t\t\t\t\t\t\t<\/div>\n\t\t\t\t<\/div>\n\t\t\t\t<div class=\"elementor-element elementor-element-be582c1 elementor-mobile-align-center elementor-widget-mobile__width-auto elementor-align-left elementor-widget elementor-widget-button\" data-id=\"be582c1\" data-element_type=\"widget\" data-e-type=\"widget\" data-widget_type=\"button.default\">\n\t\t\t\t<div class=\"elementor-widget-container\">\n\t\t\t\t\t\t\t\t\t<div class=\"elementor-button-wrapper\">\n\t\t\t\t\t<a class=\"elementor-button elementor-button-link elementor-size-sm\" href=\"https:\/\/www.asahi-kasei.com\/\" target=\"_blank\">\n\t\t\t\t\t\t<span class=\"elementor-button-content-wrapper\">\n\t\t\t\t\t\t\t\t\t<span class=\"elementor-button-text\">Per saperne di pi\u00f9<\/span>\n\t\t\t\t\t<\/span>\n\t\t\t\t\t<\/a>\n\t\t\t\t<\/div>\n\t\t\t\t\t\t\t\t<\/div>\n\t\t\t\t<\/div>\n\t\t\t\t<\/div>\n\t\t\t\t\t<\/div>\n\t\t\t\t<\/div>\n\t\t\t\t<\/div>\n\t\t","protected":false},"excerpt":{"rendered":"<p>Come Asahi Kasei Bioprocess promuove la sostenibilit\u00e0 Sostenibilit\u00e0 in AKBA Sin dalla sua fondazione nel 1922, la sostenibilit\u00e0 e l&#8217;innovazione per il miglioramento della societ\u00e0 sono stati temi chiave nella crescita del Gruppo Asahi Kasei e delle sue filiali, tra cui Asahi Kasei Bioprocess America. AKBA svolge un ruolo significativo nel contribuire alla vita e [&hellip;]<\/p>\n","protected":false},"author":8,"featured_media":0,"parent":23975,"menu_order":0,"comment_status":"closed","ping_status":"closed","template":"","meta":{"_acf_changed":false,"footnotes":""},"class_list":["post-23720","page","type-page","status-publish","hentry"],"acf":[],"yoast_head":"<!-- This site is optimized with the Yoast SEO plugin v27.1.1 - https:\/\/yoast.com\/product\/yoast-seo-wordpress\/ -->\n<title>Promuovere la sostenibilit\u00e0 | Asahi Kasei Bioprocess<\/title>\n<meta name=\"description\" content=\"Scopri tutto quello che Asahi Kasei Bioprocess sta facendo per sostenere i nostri obiettivi di sostenibilit\u00e0. Svolgiamo un ruolo significativo nel contribuire a una societ\u00e0 sostenibile.\" \/>\n<meta name=\"robots\" content=\"index, follow, max-snippet:-1, max-image-preview:large, max-video-preview:-1\" \/>\n<link rel=\"canonical\" href=\"https:\/\/fluidmgmt.ak-bio.com\/it\/azienda\/sostenibilita\/\" \/>\n<meta property=\"og:locale\" content=\"it_IT\" \/>\n<meta property=\"og:type\" content=\"article\" \/>\n<meta property=\"og:title\" content=\"Promuovere la sostenibilit\u00e0 | Asahi Kasei Bioprocess\" \/>\n<meta property=\"og:description\" content=\"Scopri tutto quello che Asahi Kasei Bioprocess sta facendo per sostenere i nostri obiettivi di sostenibilit\u00e0. Svolgiamo un ruolo significativo nel contribuire a una societ\u00e0 sostenibile.\" \/>\n<meta property=\"og:url\" content=\"https:\/\/fluidmgmt.ak-bio.com\/it\/azienda\/sostenibilita\/\" \/>\n<meta property=\"og:site_name\" content=\"AK Bio - Fluid Management\" \/>\n<meta property=\"article:modified_time\" content=\"2025-11-21T15:23:29+00:00\" \/>\n<meta property=\"og:image\" content=\"https:\/\/fluidmgmt.ak-bio.com\/wp-content\/uploads\/2024\/09\/AKSustainability.png\" \/>\n\t<meta property=\"og:image:width\" content=\"1200\" \/>\n\t<meta property=\"og:image:height\" content=\"687\" \/>\n\t<meta property=\"og:image:type\" content=\"image\/png\" \/>\n<meta name=\"twitter:card\" content=\"summary_large_image\" \/>\n<meta name=\"twitter:label1\" content=\"Tempo di lettura stimato\" \/>\n\t<meta name=\"twitter:data1\" content=\"1 minuto\" \/>\n<script type=\"application\/ld+json\" class=\"yoast-schema-graph\">{\"@context\":\"https:\/\/schema.org\",\"@graph\":[{\"@type\":\"WebPage\",\"@id\":\"https:\/\/fluidmgmt.ak-bio.com\/it\/azienda\/sostenibilita\/\",\"url\":\"https:\/\/fluidmgmt.ak-bio.com\/it\/azienda\/sostenibilita\/\",\"name\":\"Promuovere la sostenibilit\u00e0 | Asahi Kasei Bioprocess\",\"isPartOf\":{\"@id\":\"https:\/\/fluidmgmt.ak-bio.com\/it\/#website\"},\"primaryImageOfPage\":{\"@id\":\"https:\/\/fluidmgmt.ak-bio.com\/it\/azienda\/sostenibilita\/#primaryimage\"},\"image\":{\"@id\":\"https:\/\/fluidmgmt.ak-bio.com\/it\/azienda\/sostenibilita\/#primaryimage\"},\"thumbnailUrl\":\"https:\/\/fluidmgmt.ak-bio.com\/wp-content\/uploads\/2024\/09\/AKSustainability-768x440.png\",\"datePublished\":\"2024-08-12T17:36:33+00:00\",\"dateModified\":\"2025-11-21T15:23:29+00:00\",\"description\":\"Scopri tutto quello che Asahi Kasei Bioprocess sta facendo per sostenere i nostri obiettivi di sostenibilit\u00e0. Svolgiamo un ruolo significativo nel contribuire a una societ\u00e0 sostenibile.\",\"breadcrumb\":{\"@id\":\"https:\/\/fluidmgmt.ak-bio.com\/it\/azienda\/sostenibilita\/#breadcrumb\"},\"inLanguage\":\"it-IT\",\"potentialAction\":[{\"@type\":\"ReadAction\",\"target\":[\"https:\/\/fluidmgmt.ak-bio.com\/it\/azienda\/sostenibilita\/\"]}]},{\"@type\":\"ImageObject\",\"inLanguage\":\"it-IT\",\"@id\":\"https:\/\/fluidmgmt.ak-bio.com\/it\/azienda\/sostenibilita\/#primaryimage\",\"url\":\"https:\/\/fluidmgmt.ak-bio.com\/wp-content\/uploads\/2024\/09\/AKSustainability-768x440.png\",\"contentUrl\":\"https:\/\/fluidmgmt.ak-bio.com\/wp-content\/uploads\/2024\/09\/AKSustainability-768x440.png\"},{\"@type\":\"BreadcrumbList\",\"@id\":\"https:\/\/fluidmgmt.ak-bio.com\/it\/azienda\/sostenibilita\/#breadcrumb\",\"itemListElement\":[{\"@type\":\"ListItem\",\"position\":1,\"name\":\"Azienda\",\"item\":\"https:\/\/fluidmgmt.ak-bio.com\/it\/azienda\/\"},{\"@type\":\"ListItem\",\"position\":2,\"name\":\"Sostenibilit\u00e0\"}]},{\"@type\":\"WebSite\",\"@id\":\"https:\/\/fluidmgmt.ak-bio.com\/it\/#website\",\"url\":\"https:\/\/fluidmgmt.ak-bio.com\/it\/\",\"name\":\"AK Bio - Fluid Management\",\"description\":\"\",\"publisher\":{\"@id\":\"https:\/\/fluidmgmt.ak-bio.com\/it\/#organization\"},\"potentialAction\":[{\"@type\":\"SearchAction\",\"target\":{\"@type\":\"EntryPoint\",\"urlTemplate\":\"https:\/\/fluidmgmt.ak-bio.com\/it\/?s={search_term_string}\"},\"query-input\":{\"@type\":\"PropertyValueSpecification\",\"valueRequired\":true,\"valueName\":\"search_term_string\"}}],\"inLanguage\":\"it-IT\"},{\"@type\":\"Organization\",\"@id\":\"https:\/\/fluidmgmt.ak-bio.com\/it\/#organization\",\"name\":\"AK Bio\",\"url\":\"https:\/\/fluidmgmt.ak-bio.com\/it\/\",\"logo\":{\"@type\":\"ImageObject\",\"inLanguage\":\"it-IT\",\"@id\":\"https:\/\/fluidmgmt.ak-bio.com\/it\/#\/schema\/logo\/image\/\",\"url\":\"https:\/\/fluidmgmt.ak-bio.com\/wp-content\/uploads\/2024\/04\/blue_ak_Logo.svg\",\"contentUrl\":\"https:\/\/fluidmgmt.ak-bio.com\/wp-content\/uploads\/2024\/04\/blue_ak_Logo.svg\",\"width\":197,\"height\":50,\"caption\":\"AK Bio\"},\"image\":{\"@id\":\"https:\/\/fluidmgmt.ak-bio.com\/it\/#\/schema\/logo\/image\/\"},\"sameAs\":[\"https:\/\/www.linkedin.com\/company\/asahi-kasei-bioprocess-america\/\"]}]}<\/script>\n<!-- \/ Yoast SEO plugin. -->","yoast_head_json":{"title":"Promuovere la sostenibilit\u00e0 | Asahi Kasei Bioprocess","description":"Scopri tutto quello che Asahi Kasei Bioprocess sta facendo per sostenere i nostri obiettivi di sostenibilit\u00e0. Svolgiamo un ruolo significativo nel contribuire a una societ\u00e0 sostenibile.","robots":{"index":"index","follow":"follow","max-snippet":"max-snippet:-1","max-image-preview":"max-image-preview:large","max-video-preview":"max-video-preview:-1"},"canonical":"https:\/\/fluidmgmt.ak-bio.com\/it\/azienda\/sostenibilita\/","og_locale":"it_IT","og_type":"article","og_title":"Promuovere la sostenibilit\u00e0 | Asahi Kasei Bioprocess","og_description":"Scopri tutto quello che Asahi Kasei Bioprocess sta facendo per sostenere i nostri obiettivi di sostenibilit\u00e0. Svolgiamo un ruolo significativo nel contribuire a una societ\u00e0 sostenibile.","og_url":"https:\/\/fluidmgmt.ak-bio.com\/it\/azienda\/sostenibilita\/","og_site_name":"AK Bio - Fluid Management","article_modified_time":"2025-11-21T15:23:29+00:00","og_image":[{"width":1200,"height":687,"url":"https:\/\/fluidmgmt.ak-bio.com\/wp-content\/uploads\/2024\/09\/AKSustainability.png","type":"image\/png"}],"twitter_card":"summary_large_image","twitter_misc":{"Tempo di lettura stimato":"1 minuto"},"schema":{"@context":"https:\/\/schema.org","@graph":[{"@type":"WebPage","@id":"https:\/\/fluidmgmt.ak-bio.com\/it\/azienda\/sostenibilita\/","url":"https:\/\/fluidmgmt.ak-bio.com\/it\/azienda\/sostenibilita\/","name":"Promuovere la sostenibilit\u00e0 | Asahi Kasei Bioprocess","isPartOf":{"@id":"https:\/\/fluidmgmt.ak-bio.com\/it\/#website"},"primaryImageOfPage":{"@id":"https:\/\/fluidmgmt.ak-bio.com\/it\/azienda\/sostenibilita\/#primaryimage"},"image":{"@id":"https:\/\/fluidmgmt.ak-bio.com\/it\/azienda\/sostenibilita\/#primaryimage"},"thumbnailUrl":"https:\/\/fluidmgmt.ak-bio.com\/wp-content\/uploads\/2024\/09\/AKSustainability-768x440.png","datePublished":"2024-08-12T17:36:33+00:00","dateModified":"2025-11-21T15:23:29+00:00","description":"Scopri tutto quello che Asahi Kasei Bioprocess sta facendo per sostenere i nostri obiettivi di sostenibilit\u00e0. Svolgiamo un ruolo significativo nel contribuire a una societ\u00e0 sostenibile.","breadcrumb":{"@id":"https:\/\/fluidmgmt.ak-bio.com\/it\/azienda\/sostenibilita\/#breadcrumb"},"inLanguage":"it-IT","potentialAction":[{"@type":"ReadAction","target":["https:\/\/fluidmgmt.ak-bio.com\/it\/azienda\/sostenibilita\/"]}]},{"@type":"ImageObject","inLanguage":"it-IT","@id":"https:\/\/fluidmgmt.ak-bio.com\/it\/azienda\/sostenibilita\/#primaryimage","url":"https:\/\/fluidmgmt.ak-bio.com\/wp-content\/uploads\/2024\/09\/AKSustainability-768x440.png","contentUrl":"https:\/\/fluidmgmt.ak-bio.com\/wp-content\/uploads\/2024\/09\/AKSustainability-768x440.png"},{"@type":"BreadcrumbList","@id":"https:\/\/fluidmgmt.ak-bio.com\/it\/azienda\/sostenibilita\/#breadcrumb","itemListElement":[{"@type":"ListItem","position":1,"name":"Azienda","item":"https:\/\/fluidmgmt.ak-bio.com\/it\/azienda\/"},{"@type":"ListItem","position":2,"name":"Sostenibilit\u00e0"}]},{"@type":"WebSite","@id":"https:\/\/fluidmgmt.ak-bio.com\/it\/#website","url":"https:\/\/fluidmgmt.ak-bio.com\/it\/","name":"AK Bio - Fluid Management","description":"","publisher":{"@id":"https:\/\/fluidmgmt.ak-bio.com\/it\/#organization"},"potentialAction":[{"@type":"SearchAction","target":{"@type":"EntryPoint","urlTemplate":"https:\/\/fluidmgmt.ak-bio.com\/it\/?s={search_term_string}"},"query-input":{"@type":"PropertyValueSpecification","valueRequired":true,"valueName":"search_term_string"}}],"inLanguage":"it-IT"},{"@type":"Organization","@id":"https:\/\/fluidmgmt.ak-bio.com\/it\/#organization","name":"AK Bio","url":"https:\/\/fluidmgmt.ak-bio.com\/it\/","logo":{"@type":"ImageObject","inLanguage":"it-IT","@id":"https:\/\/fluidmgmt.ak-bio.com\/it\/#\/schema\/logo\/image\/","url":"https:\/\/fluidmgmt.ak-bio.com\/wp-content\/uploads\/2024\/04\/blue_ak_Logo.svg","contentUrl":"https:\/\/fluidmgmt.ak-bio.com\/wp-content\/uploads\/2024\/04\/blue_ak_Logo.svg","width":197,"height":50,"caption":"AK Bio"},"image":{"@id":"https:\/\/fluidmgmt.ak-bio.com\/it\/#\/schema\/logo\/image\/"},"sameAs":["https:\/\/www.linkedin.com\/company\/asahi-kasei-bioprocess-america\/"]}]}},"_links":{"self":[{"href":"https:\/\/fluidmgmt.ak-bio.com\/it\/wp-json\/wp\/v2\/pages\/23720","targetHints":{"allow":["GET"]}}],"collection":[{"href":"https:\/\/fluidmgmt.ak-bio.com\/it\/wp-json\/wp\/v2\/pages"}],"about":[{"href":"https:\/\/fluidmgmt.ak-bio.com\/it\/wp-json\/wp\/v2\/types\/page"}],"author":[{"embeddable":true,"href":"https:\/\/fluidmgmt.ak-bio.com\/it\/wp-json\/wp\/v2\/users\/8"}],"replies":[{"embeddable":true,"href":"https:\/\/fluidmgmt.ak-bio.com\/it\/wp-json\/wp\/v2\/comments?post=23720"}],"version-history":[{"count":0,"href":"https:\/\/fluidmgmt.ak-bio.com\/it\/wp-json\/wp\/v2\/pages\/23720\/revisions"}],"up":[{"embeddable":true,"href":"https:\/\/fluidmgmt.ak-bio.com\/it\/wp-json\/wp\/v2\/pages\/23975"}],"wp:attachment":[{"href":"https:\/\/fluidmgmt.ak-bio.com\/it\/wp-json\/wp\/v2\/media?parent=23720"}],"curies":[{"name":"wp","href":"https:\/\/api.w.org\/{rel}","templated":true}]}}