{"id":29240,"date":"2024-06-13T15:02:12","date_gmt":"2024-06-13T15:02:12","guid":{"rendered":"https:\/\/fluidmgmt.ak-bio.com\/products\/senza-categoria\/carrelli-idraulici\/"},"modified":"2026-01-26T13:31:35","modified_gmt":"2026-01-26T18:31:35","slug":"carrelli-idraulici","status":"publish","type":"product","link":"https:\/\/fluidmgmt.ak-bio.com\/it\/products\/cromatografia-liquida-cursiv-it\/carrelli-idraulici\/","title":{"rendered":"Carrelli idraulici"},"content":{"rendered":"\t\t<div data-elementor-type=\"product-post\" data-elementor-id=\"29240\" class=\"elementor elementor-29240 elementor-1032\" data-elementor-post-type=\"product\">\n\t\t\t\t<div class=\"elementor-element elementor-element-6bf71094 e-flex e-con-boxed e-con e-parent\" data-id=\"6bf71094\" data-element_type=\"container\" data-e-type=\"container\" data-settings=\"{&quot;background_background&quot;:&quot;gradient&quot;}\">\n\t\t\t\t\t<div class=\"e-con-inner\">\n\t\t\t\t<div class=\"elementor-element elementor-element-9503a68 elementor-absolute elementor-widget elementor-widget-menu-anchor\" data-id=\"9503a68\" data-element_type=\"widget\" data-e-type=\"widget\" data-settings=\"{&quot;_position&quot;:&quot;absolute&quot;}\" data-widget_type=\"menu-anchor.default\">\n\t\t\t\t<div class=\"elementor-widget-container\">\n\t\t\t\t\t\t\t<div class=\"elementor-menu-anchor\" id=\"benefici\"><\/div>\n\t\t\t\t\t\t<\/div>\n\t\t\t\t<\/div>\n\t\t<div class=\"elementor-element elementor-element-578ab039 e-con-full e-flex e-con e-child\" data-id=\"578ab039\" data-element_type=\"container\" data-e-type=\"container\">\n\t\t<div class=\"elementor-element elementor-element-20d472be e-con-full e-flex e-con e-child\" data-id=\"20d472be\" data-element_type=\"container\" data-e-type=\"container\">\n\t\t\t\t<div class=\"elementor-element elementor-element-2cc0674c elementor-widget elementor-widget-heading\" data-id=\"2cc0674c\" data-element_type=\"widget\" data-e-type=\"widget\" data-widget_type=\"heading.default\">\n\t\t\t\t<div class=\"elementor-widget-container\">\n\t\t\t\t\t<h2 class=\"elementor-heading-title elementor-size-default\">Vantaggi<\/h2>\t\t\t\t<\/div>\n\t\t\t\t<\/div>\n\t\t\t\t<div class=\"elementor-element elementor-element-26280372 elementor-widget elementor-widget-heading\" data-id=\"26280372\" data-element_type=\"widget\" data-e-type=\"widget\" data-widget_type=\"heading.default\">\n\t\t\t\t<div class=\"elementor-widget-container\">\n\t\t\t\t\t<h2 class=\"elementor-heading-title elementor-size-default\">Imballaggio e disimballaggio semplificati<\/h2>\t\t\t\t<\/div>\n\t\t\t\t<\/div>\n\t\t\t\t<div class=\"elementor-element elementor-element-109735f5 elementor-widget elementor-widget-spacer\" data-id=\"109735f5\" data-element_type=\"widget\" data-e-type=\"widget\" data-widget_type=\"spacer.default\">\n\t\t\t\t<div class=\"elementor-widget-container\">\n\t\t\t\t\t\t\t<div class=\"elementor-spacer\">\n\t\t\t<div class=\"elementor-spacer-inner\"><\/div>\n\t\t<\/div>\n\t\t\t\t\t\t<\/div>\n\t\t\t\t<\/div>\n\t\t\t\t<div class=\"elementor-element elementor-element-29f84207 elementor-widget elementor-widget-text-editor\" data-id=\"29f84207\" data-element_type=\"widget\" data-e-type=\"widget\" data-widget_type=\"text-editor.default\">\n\t\t\t\t<div class=\"elementor-widget-container\">\n\t\t\t\t\t\t\t\t\t<p>Il carrello idraulico garantisce un imballaggio costante e riproducibile con una pressione dell&#8217;aria regolata, migliorando l&#8217;affidabilit\u00e0 del processo. Disimballare la colonna depressurizzata \u00e8 semplicissimo: rimuovi la piastra inferiore e usa il carrello idraulico per espellere il letto. L&#8217;innovativa guarnizione raschiante trattiene la fritta e pulisce le pareti della colonna, garantendo un processo di disimballaggio pulito ed efficiente.  <\/p>\t\t\t\t\t\t\t\t<\/div>\n\t\t\t\t<\/div>\n\t\t\t\t<div class=\"elementor-element elementor-element-46affd51 elementor-widget elementor-widget-spacer\" data-id=\"46affd51\" data-element_type=\"widget\" data-e-type=\"widget\" data-widget_type=\"spacer.default\">\n\t\t\t\t<div class=\"elementor-widget-container\">\n\t\t\t\t\t\t\t<div class=\"elementor-spacer\">\n\t\t\t<div class=\"elementor-spacer-inner\"><\/div>\n\t\t<\/div>\n\t\t\t\t\t\t<\/div>\n\t\t\t\t<\/div>\n\t\t\t\t<\/div>\n\t\t\t\t<div class=\"elementor-element elementor-element-207f8183 elementor-widget elementor-widget-spacer\" data-id=\"207f8183\" data-element_type=\"widget\" data-e-type=\"widget\" data-widget_type=\"spacer.default\">\n\t\t\t\t<div class=\"elementor-widget-container\">\n\t\t\t\t\t\t\t<div class=\"elementor-spacer\">\n\t\t\t<div class=\"elementor-spacer-inner\"><\/div>\n\t\t<\/div>\n\t\t\t\t\t\t<\/div>\n\t\t\t\t<\/div>\n\t\t<div class=\"elementor-element elementor-element-1f7f85fe e-con-full e-flex e-con e-child\" data-id=\"1f7f85fe\" data-element_type=\"container\" data-e-type=\"container\">\n\t\t<div class=\"elementor-element elementor-element-20f0d61c e-con-full e-flex e-con e-child\" data-id=\"20f0d61c\" data-element_type=\"container\" data-e-type=\"container\">\n\t\t\t\t<div class=\"elementor-element elementor-element-d1844fa elementor-widget elementor-widget-heading\" data-id=\"d1844fa\" data-element_type=\"widget\" data-e-type=\"widget\" data-widget_type=\"heading.default\">\n\t\t\t\t<div class=\"elementor-widget-container\">\n\t\t\t\t\t<h2 class=\"elementor-heading-title elementor-size-default\">Caratteristiche principali<\/h2>\t\t\t\t<\/div>\n\t\t\t\t<\/div>\n\t\t\t\t<div class=\"elementor-element elementor-element-510c622a elementor-widget elementor-widget-text-editor\" data-id=\"510c622a\" data-element_type=\"widget\" data-e-type=\"widget\" data-widget_type=\"text-editor.default\">\n\t\t\t\t<div class=\"elementor-widget-container\">\n\t\t\t\t\t\t\t\t\t<ul><li>Design salvaspazio con requisiti di altezza ridotti.<\/li><li>Tre modelli standard a seconda delle esigenze: da banco, a pompa singola, a doppia pompa.<\/li><li>Flessibilit\u00e0 e risparmio: ogni dimensione pu\u00f2 essere collegata a una serie di colonne.<\/li><li>Pressione nominale: 20, 40, 70 barg disponibili.<\/li><\/ul>\t\t\t\t\t\t\t\t<\/div>\n\t\t\t\t<\/div>\n\t\t\t\t<\/div>\n\t\t<div class=\"elementor-element elementor-element-d2b580a e-con-full e-flex e-con e-child\" data-id=\"d2b580a\" data-element_type=\"container\" data-e-type=\"container\">\n\t\t\t\t<div class=\"elementor-element elementor-element-f78972f elementor-widget__width-auto elementor-widget elementor-widget-image\" data-id=\"f78972f\" data-element_type=\"widget\" data-e-type=\"widget\" data-widget_type=\"image.default\">\n\t\t\t\t<div class=\"elementor-widget-container\">\n\t\t\t\t\t\t\t\t\t\t\t\t\t\t\t<img fetchpriority=\"high\" decoding=\"async\" width=\"768\" height=\"632\" src=\"https:\/\/fluidmgmt.ak-bio.com\/wp-content\/uploads\/2024\/06\/Dual-Pump-Hydraulic-Cart_Angle.v1-1-768x632.png\" class=\"attachment-medium_large size-medium_large wp-image-20502\" alt=\"Hydraulic Carts\" srcset=\"https:\/\/fluidmgmt.ak-bio.com\/wp-content\/uploads\/2024\/06\/Dual-Pump-Hydraulic-Cart_Angle.v1-1-768x632.png 768w, https:\/\/fluidmgmt.ak-bio.com\/wp-content\/uploads\/2024\/06\/Dual-Pump-Hydraulic-Cart_Angle.v1-1-300x247.png 300w, https:\/\/fluidmgmt.ak-bio.com\/wp-content\/uploads\/2024\/06\/Dual-Pump-Hydraulic-Cart_Angle.v1-1-1024x842.png 1024w, https:\/\/fluidmgmt.ak-bio.com\/wp-content\/uploads\/2024\/06\/Dual-Pump-Hydraulic-Cart_Angle.v1-1-1536x1263.png 1536w, https:\/\/fluidmgmt.ak-bio.com\/wp-content\/uploads\/2024\/06\/Dual-Pump-Hydraulic-Cart_Angle.v1-1-2048x1684.png 2048w, https:\/\/fluidmgmt.ak-bio.com\/wp-content\/uploads\/2024\/06\/Dual-Pump-Hydraulic-Cart_Angle.v1-1-600x493.png 600w\" sizes=\"(max-width: 768px) 100vw, 768px\" \/>\t\t\t\t\t\t\t\t\t\t\t\t\t\t\t<\/div>\n\t\t\t\t<\/div>\n\t\t\t\t<\/div>\n\t\t\t\t<\/div>\n\t\t\t\t<\/div>\n\t\t\t\t\t<\/div>\n\t\t\t\t<\/div>\n\t\t\t\t<\/div>\n\t\t","protected":false},"excerpt":{"rendered":"<p>Un carrello idraulico pu\u00f2 essere utilizzato con pi\u00f9 colonne DAC LC, offrendo flessibilit\u00e0 e convenienza. Il regolatore di pressione dell&#8217;aria &#8220;imposta e dimentica&#8221; del carrello assicura un imballaggio costante e affidabile, mentre l&#8217;impianto idraulico a scomparti minimizza i requisiti di altezza, ideale per i laboratori e gli stabilimenti di produzione con spazio limitato. <\/p>\n","protected":false},"featured_media":28061,"template":"","meta":{"_acf_changed":false},"applications":[469,532,533],"product_brand":[],"product_cat":[605],"product_tag":[],"class_list":{"0":"post-29240","1":"product","2":"type-product","3":"status-publish","4":"has-post-thumbnail","6":"applications-sviluppo-biofarmaceutico","7":"applications-sviluppo-di-oligonucleotidi","8":"applications-sviluppo-di-piccole-molecole-e-peptidi","9":"product_cat-cromatografia-liquida-cursiv-it","11":"first","12":"instock","13":"shipping-taxable","14":"product-type-simple"},"acf":[],"yoast_head":"<!-- This site is optimized with the Yoast SEO plugin v27.1.1 - https:\/\/yoast.com\/product\/yoast-seo-wordpress\/ -->\n<title>Carrelli idraulici per colonne LC | CURSIV<\/title>\n<meta name=\"description\" content=\"Un carrello idraulico pu\u00f2 essere utilizzato con pi\u00f9 colonne DAC LC, offrendo flessibilit\u00e0 e convenienza. Ideale per laboratori e produttori con spazi limitati.\" \/>\n<meta name=\"robots\" content=\"index, follow, max-snippet:-1, max-image-preview:large, max-video-preview:-1\" \/>\n<link rel=\"canonical\" href=\"https:\/\/fluidmgmt.ak-bio.com\/it\/products\/cromatografia-liquida-cursiv-it\/carrelli-idraulici\/\" \/>\n<meta property=\"og:locale\" content=\"it_IT\" \/>\n<meta property=\"og:type\" content=\"article\" \/>\n<meta property=\"og:title\" content=\"Carrelli idraulici per colonne LC | CURSIV\" \/>\n<meta property=\"og:description\" content=\"Un carrello idraulico pu\u00f2 essere utilizzato con pi\u00f9 colonne DAC LC, offrendo flessibilit\u00e0 e convenienza. Ideale per laboratori e produttori con spazi limitati.\" \/>\n<meta property=\"og:url\" content=\"https:\/\/fluidmgmt.ak-bio.com\/it\/products\/cromatografia-liquida-cursiv-it\/carrelli-idraulici\/\" \/>\n<meta property=\"og:site_name\" content=\"AK Bio - Fluid Management\" \/>\n<meta property=\"article:modified_time\" content=\"2026-01-26T18:31:35+00:00\" \/>\n<meta property=\"og:image\" content=\"https:\/\/fluidmgmt.ak-bio.com\/wp-content\/uploads\/2024\/06\/CURSIV_HC_MPLC_Cart_FrontView_MAIN-262x300.webp\" \/>\n<meta name=\"twitter:card\" content=\"summary_large_image\" \/>\n<meta name=\"twitter:label1\" content=\"Tempo di lettura stimato\" \/>\n\t<meta name=\"twitter:data1\" content=\"1 minuto\" \/>\n<script type=\"application\/ld+json\" class=\"yoast-schema-graph\">{\"@context\":\"https:\/\/schema.org\",\"@graph\":[{\"@type\":\"WebPage\",\"@id\":\"https:\/\/fluidmgmt.ak-bio.com\/it\/products\/cromatografia-liquida-cursiv-it\/carrelli-idraulici\/\",\"url\":\"https:\/\/fluidmgmt.ak-bio.com\/it\/products\/cromatografia-liquida-cursiv-it\/carrelli-idraulici\/\",\"name\":\"Carrelli idraulici per colonne LC | CURSIV\",\"isPartOf\":{\"@id\":\"https:\/\/fluidmgmt.ak-bio.com\/it\/#website\"},\"primaryImageOfPage\":{\"@id\":\"https:\/\/fluidmgmt.ak-bio.com\/it\/products\/cromatografia-liquida-cursiv-it\/carrelli-idraulici\/#primaryimage\"},\"image\":{\"@id\":\"https:\/\/fluidmgmt.ak-bio.com\/it\/products\/cromatografia-liquida-cursiv-it\/carrelli-idraulici\/#primaryimage\"},\"thumbnailUrl\":\"https:\/\/fluidmgmt.ak-bio.com\/wp-content\/uploads\/2024\/06\/CURSIV_HC_MPLC_Cart_FrontView_MAIN_625x758.png\",\"datePublished\":\"2024-06-13T15:02:12+00:00\",\"dateModified\":\"2026-01-26T18:31:35+00:00\",\"description\":\"Un carrello idraulico pu\u00f2 essere utilizzato con pi\u00f9 colonne DAC LC, offrendo flessibilit\u00e0 e convenienza. Ideale per laboratori e produttori con spazi limitati.\",\"breadcrumb\":{\"@id\":\"https:\/\/fluidmgmt.ak-bio.com\/it\/products\/cromatografia-liquida-cursiv-it\/carrelli-idraulici\/#breadcrumb\"},\"inLanguage\":\"it-IT\",\"potentialAction\":[{\"@type\":\"ReadAction\",\"target\":[\"https:\/\/fluidmgmt.ak-bio.com\/it\/products\/cromatografia-liquida-cursiv-it\/carrelli-idraulici\/\"]}]},{\"@type\":\"ImageObject\",\"inLanguage\":\"it-IT\",\"@id\":\"https:\/\/fluidmgmt.ak-bio.com\/it\/products\/cromatografia-liquida-cursiv-it\/carrelli-idraulici\/#primaryimage\",\"url\":\"https:\/\/fluidmgmt.ak-bio.com\/wp-content\/uploads\/2024\/06\/CURSIV_HC_MPLC_Cart_FrontView_MAIN_625x758.png\",\"contentUrl\":\"https:\/\/fluidmgmt.ak-bio.com\/wp-content\/uploads\/2024\/06\/CURSIV_HC_MPLC_Cart_FrontView_MAIN_625x758.png\",\"width\":625,\"height\":758,\"caption\":\"CURSIV HC MPLC Cart FrontView\"},{\"@type\":\"BreadcrumbList\",\"@id\":\"https:\/\/fluidmgmt.ak-bio.com\/it\/products\/cromatografia-liquida-cursiv-it\/carrelli-idraulici\/#breadcrumb\",\"itemListElement\":[{\"@type\":\"ListItem\",\"position\":1,\"name\":\"Prodotti\",\"item\":\"https:\/\/fluidmgmt.ak-bio.com\/it\/prodotti\/\"},{\"@type\":\"ListItem\",\"position\":2,\"name\":\"Cromatografia liquida CURSIV\",\"item\":\"https:\/\/fluidmgmt.ak-bio.com\/it\/product-category\/cromatografia-liquida-cursiv-it\/\"},{\"@type\":\"ListItem\",\"position\":3,\"name\":\"Carrelli idraulici\"}]},{\"@type\":\"WebSite\",\"@id\":\"https:\/\/fluidmgmt.ak-bio.com\/it\/#website\",\"url\":\"https:\/\/fluidmgmt.ak-bio.com\/it\/\",\"name\":\"AK Bio - Fluid Management\",\"description\":\"\",\"publisher\":{\"@id\":\"https:\/\/fluidmgmt.ak-bio.com\/it\/#organization\"},\"potentialAction\":[{\"@type\":\"SearchAction\",\"target\":{\"@type\":\"EntryPoint\",\"urlTemplate\":\"https:\/\/fluidmgmt.ak-bio.com\/it\/?s={search_term_string}\"},\"query-input\":{\"@type\":\"PropertyValueSpecification\",\"valueRequired\":true,\"valueName\":\"search_term_string\"}}],\"inLanguage\":\"it-IT\"},{\"@type\":\"Organization\",\"@id\":\"https:\/\/fluidmgmt.ak-bio.com\/it\/#organization\",\"name\":\"AK Bio\",\"url\":\"https:\/\/fluidmgmt.ak-bio.com\/it\/\",\"logo\":{\"@type\":\"ImageObject\",\"inLanguage\":\"it-IT\",\"@id\":\"https:\/\/fluidmgmt.ak-bio.com\/it\/#\/schema\/logo\/image\/\",\"url\":\"https:\/\/fluidmgmt.ak-bio.com\/wp-content\/uploads\/2024\/04\/blue_ak_Logo.svg\",\"contentUrl\":\"https:\/\/fluidmgmt.ak-bio.com\/wp-content\/uploads\/2024\/04\/blue_ak_Logo.svg\",\"width\":197,\"height\":50,\"caption\":\"AK Bio\"},\"image\":{\"@id\":\"https:\/\/fluidmgmt.ak-bio.com\/it\/#\/schema\/logo\/image\/\"},\"sameAs\":[\"https:\/\/www.linkedin.com\/company\/asahi-kasei-bioprocess-america\/\"]}]}<\/script>\n<!-- \/ Yoast SEO plugin. -->","yoast_head_json":{"title":"Carrelli idraulici per colonne LC | CURSIV","description":"Un carrello idraulico pu\u00f2 essere utilizzato con pi\u00f9 colonne DAC LC, offrendo flessibilit\u00e0 e convenienza. Ideale per laboratori e produttori con spazi limitati.","robots":{"index":"index","follow":"follow","max-snippet":"max-snippet:-1","max-image-preview":"max-image-preview:large","max-video-preview":"max-video-preview:-1"},"canonical":"https:\/\/fluidmgmt.ak-bio.com\/it\/products\/cromatografia-liquida-cursiv-it\/carrelli-idraulici\/","og_locale":"it_IT","og_type":"article","og_title":"Carrelli idraulici per colonne LC | CURSIV","og_description":"Un carrello idraulico pu\u00f2 essere utilizzato con pi\u00f9 colonne DAC LC, offrendo flessibilit\u00e0 e convenienza. Ideale per laboratori e produttori con spazi limitati.","og_url":"https:\/\/fluidmgmt.ak-bio.com\/it\/products\/cromatografia-liquida-cursiv-it\/carrelli-idraulici\/","og_site_name":"AK Bio - Fluid Management","article_modified_time":"2026-01-26T18:31:35+00:00","og_image":[{"url":"https:\/\/fluidmgmt.ak-bio.com\/wp-content\/uploads\/2024\/06\/CURSIV_HC_MPLC_Cart_FrontView_MAIN-262x300.webp","type":"","width":"","height":""}],"twitter_card":"summary_large_image","twitter_misc":{"Tempo di lettura stimato":"1 minuto"},"schema":{"@context":"https:\/\/schema.org","@graph":[{"@type":"WebPage","@id":"https:\/\/fluidmgmt.ak-bio.com\/it\/products\/cromatografia-liquida-cursiv-it\/carrelli-idraulici\/","url":"https:\/\/fluidmgmt.ak-bio.com\/it\/products\/cromatografia-liquida-cursiv-it\/carrelli-idraulici\/","name":"Carrelli idraulici per colonne LC | CURSIV","isPartOf":{"@id":"https:\/\/fluidmgmt.ak-bio.com\/it\/#website"},"primaryImageOfPage":{"@id":"https:\/\/fluidmgmt.ak-bio.com\/it\/products\/cromatografia-liquida-cursiv-it\/carrelli-idraulici\/#primaryimage"},"image":{"@id":"https:\/\/fluidmgmt.ak-bio.com\/it\/products\/cromatografia-liquida-cursiv-it\/carrelli-idraulici\/#primaryimage"},"thumbnailUrl":"https:\/\/fluidmgmt.ak-bio.com\/wp-content\/uploads\/2024\/06\/CURSIV_HC_MPLC_Cart_FrontView_MAIN_625x758.png","datePublished":"2024-06-13T15:02:12+00:00","dateModified":"2026-01-26T18:31:35+00:00","description":"Un carrello idraulico pu\u00f2 essere utilizzato con pi\u00f9 colonne DAC LC, offrendo flessibilit\u00e0 e convenienza. Ideale per laboratori e produttori con spazi limitati.","breadcrumb":{"@id":"https:\/\/fluidmgmt.ak-bio.com\/it\/products\/cromatografia-liquida-cursiv-it\/carrelli-idraulici\/#breadcrumb"},"inLanguage":"it-IT","potentialAction":[{"@type":"ReadAction","target":["https:\/\/fluidmgmt.ak-bio.com\/it\/products\/cromatografia-liquida-cursiv-it\/carrelli-idraulici\/"]}]},{"@type":"ImageObject","inLanguage":"it-IT","@id":"https:\/\/fluidmgmt.ak-bio.com\/it\/products\/cromatografia-liquida-cursiv-it\/carrelli-idraulici\/#primaryimage","url":"https:\/\/fluidmgmt.ak-bio.com\/wp-content\/uploads\/2024\/06\/CURSIV_HC_MPLC_Cart_FrontView_MAIN_625x758.png","contentUrl":"https:\/\/fluidmgmt.ak-bio.com\/wp-content\/uploads\/2024\/06\/CURSIV_HC_MPLC_Cart_FrontView_MAIN_625x758.png","width":625,"height":758,"caption":"CURSIV HC MPLC Cart FrontView"},{"@type":"BreadcrumbList","@id":"https:\/\/fluidmgmt.ak-bio.com\/it\/products\/cromatografia-liquida-cursiv-it\/carrelli-idraulici\/#breadcrumb","itemListElement":[{"@type":"ListItem","position":1,"name":"Prodotti","item":"https:\/\/fluidmgmt.ak-bio.com\/it\/prodotti\/"},{"@type":"ListItem","position":2,"name":"Cromatografia liquida CURSIV","item":"https:\/\/fluidmgmt.ak-bio.com\/it\/product-category\/cromatografia-liquida-cursiv-it\/"},{"@type":"ListItem","position":3,"name":"Carrelli idraulici"}]},{"@type":"WebSite","@id":"https:\/\/fluidmgmt.ak-bio.com\/it\/#website","url":"https:\/\/fluidmgmt.ak-bio.com\/it\/","name":"AK Bio - Fluid Management","description":"","publisher":{"@id":"https:\/\/fluidmgmt.ak-bio.com\/it\/#organization"},"potentialAction":[{"@type":"SearchAction","target":{"@type":"EntryPoint","urlTemplate":"https:\/\/fluidmgmt.ak-bio.com\/it\/?s={search_term_string}"},"query-input":{"@type":"PropertyValueSpecification","valueRequired":true,"valueName":"search_term_string"}}],"inLanguage":"it-IT"},{"@type":"Organization","@id":"https:\/\/fluidmgmt.ak-bio.com\/it\/#organization","name":"AK Bio","url":"https:\/\/fluidmgmt.ak-bio.com\/it\/","logo":{"@type":"ImageObject","inLanguage":"it-IT","@id":"https:\/\/fluidmgmt.ak-bio.com\/it\/#\/schema\/logo\/image\/","url":"https:\/\/fluidmgmt.ak-bio.com\/wp-content\/uploads\/2024\/04\/blue_ak_Logo.svg","contentUrl":"https:\/\/fluidmgmt.ak-bio.com\/wp-content\/uploads\/2024\/04\/blue_ak_Logo.svg","width":197,"height":50,"caption":"AK Bio"},"image":{"@id":"https:\/\/fluidmgmt.ak-bio.com\/it\/#\/schema\/logo\/image\/"},"sameAs":["https:\/\/www.linkedin.com\/company\/asahi-kasei-bioprocess-america\/"]}]}},"_links":{"self":[{"href":"https:\/\/fluidmgmt.ak-bio.com\/it\/wp-json\/wp\/v2\/product\/29240","targetHints":{"allow":["GET"]}}],"collection":[{"href":"https:\/\/fluidmgmt.ak-bio.com\/it\/wp-json\/wp\/v2\/product"}],"about":[{"href":"https:\/\/fluidmgmt.ak-bio.com\/it\/wp-json\/wp\/v2\/types\/product"}],"version-history":[{"count":0,"href":"https:\/\/fluidmgmt.ak-bio.com\/it\/wp-json\/wp\/v2\/product\/29240\/revisions"}],"wp:featuredmedia":[{"embeddable":true,"href":"https:\/\/fluidmgmt.ak-bio.com\/it\/wp-json\/wp\/v2\/media\/28061"}],"wp:attachment":[{"href":"https:\/\/fluidmgmt.ak-bio.com\/it\/wp-json\/wp\/v2\/media?parent=29240"}],"wp:term":[{"taxonomy":"applications","embeddable":true,"href":"https:\/\/fluidmgmt.ak-bio.com\/it\/wp-json\/wp\/v2\/applications?post=29240"},{"taxonomy":"product_brand","embeddable":true,"href":"https:\/\/fluidmgmt.ak-bio.com\/it\/wp-json\/wp\/v2\/product_brand?post=29240"},{"taxonomy":"product_cat","embeddable":true,"href":"https:\/\/fluidmgmt.ak-bio.com\/it\/wp-json\/wp\/v2\/product_cat?post=29240"},{"taxonomy":"product_tag","embeddable":true,"href":"https:\/\/fluidmgmt.ak-bio.com\/it\/wp-json\/wp\/v2\/product_tag?post=29240"}],"curies":[{"name":"wp","href":"https:\/\/api.w.org\/{rel}","templated":true}]}}