{"id":22509,"date":"2024-04-04T22:05:21","date_gmt":"2024-04-05T02:05:21","guid":{"rendered":"https:\/\/fluidmgmt.ak-bio.com\/politica-de-privacidade\/"},"modified":"2025-11-24T10:47:29","modified_gmt":"2025-11-24T15:47:29","slug":"politica-de-privacidade","status":"publish","type":"page","link":"https:\/\/fluidmgmt.ak-bio.com\/pt-pt\/politica-de-privacidade\/","title":{"rendered":"Pol\u00edtica de privacidade"},"content":{"rendered":"\t\t<div data-elementor-type=\"wp-page\" data-elementor-id=\"22509\" class=\"elementor elementor-22509 elementor-3\" data-elementor-post-type=\"page\">\n\t\t\t\t<div class=\"elementor-element elementor-element-63d45b3e e-flex e-con-boxed e-con e-parent\" data-id=\"63d45b3e\" data-element_type=\"container\" data-e-type=\"container\" data-settings=\"{&quot;background_background&quot;:&quot;classic&quot;}\">\n\t\t\t\t\t<div class=\"e-con-inner\">\n\t\t\t\t<div class=\"elementor-element elementor-element-7a4fdd61 elementor-widget elementor-widget-text-editor\" data-id=\"7a4fdd61\" data-element_type=\"widget\" data-e-type=\"widget\" data-widget_type=\"text-editor.default\">\n\t\t\t\t<div class=\"elementor-widget-container\">\n\t\t\t\t\t\t\t\t\t<h1><span style=\"color: #002948;\">Pol\u00edtica de privacidade<\/span><\/h1>\n\n<p>No decurso da sua atividade, o Grupo Asahi Kasei*Abrir nova janela recebe informa\u00e7\u00e3o pessoal, como nomes, endere\u00e7os postais, n\u00fameros de telefone e endere\u00e7os de e-mail de consumidores, clientes, fornecedores, acionistas e outros, para al\u00e9m da informa\u00e7\u00e3o pessoal dos nossos executivos e funcion\u00e1rios que detemos. Estamos omega replica empenhados em manter a privacidade e a seguran\u00e7a destas informa\u00e7\u00f5es pessoais e em garantir que s\u00e3o tratadas de forma adequada, de acordo com esta pol\u00edtica. <br><br>Uma vez que esta pol\u00edtica pode ser revista, recomendamos que consultes esta p\u00e1gina de vez em quando.<\/p>\n\n<ul>\n<li>Tratamos as informa\u00e7\u00f5es pessoais de forma adequada e em conformidade com a Lei de Prote\u00e7\u00e3o de Informa\u00e7\u00f5es Pessoais e outros estatutos aplic\u00e1veis, e em conformidade com as normas e padr\u00f5es geralmente aceites.<\/li>\n\n<li>Asseguramos que o pessoal de todo o Grupo Asahi Kasei compreende completamente e cumpre fielmente os padr\u00f5es e regulamentos corporativos para o manuseamento de informa\u00e7\u00e3o pessoal.<\/li>\n\n<li>Utilizamos as informa\u00e7\u00f5es pessoais apenas para os fins espec\u00edficos que foram indicados ou anunciados no momento da sua rece\u00e7\u00e3o.<\/li>\n\n<li>Empregamos medidas apropriadas na manuten\u00e7\u00e3o e gest\u00e3o de informa\u00e7\u00f5es pessoais para garantir a prote\u00e7\u00e3o contra altera\u00e7\u00f5es n\u00e3o autorizadas, divulga\u00e7\u00e3o e perda de informa\u00e7\u00f5es pessoais.<\/li>\n\n<li>Responderemos de boa f\u00e9 aos pedidos do utilizador para confirmar, rever, deixar de utilizar ou eliminar as suas informa\u00e7\u00f5es pessoais.<\/li>\n<\/ul>\n\n<p>Os pormenores s\u00e3o descritos a seguir.<\/p>\n\n<p> <\/p>\n\n<h3 class=\"wp-block-heading\">Objetivo da utiliza\u00e7\u00e3o<\/h3>\n\n<p>Os objectivos para os quais a informa\u00e7\u00e3o pessoal pode ser usada pelas empresas do Grupo Asahi Kasei s\u00e3o descritos abaixo. Algumas empresas do Grupo Asahi Kasei incluem prop\u00f3sitos adicionais conforme descrito na pol\u00edtica de privacidade espec\u00edfica dos seus respectivos websites ou sec\u00e7\u00f5es deste website. <\/p>\n\n<ul>\n<li>Responde a perguntas ou pedidos.<\/li>\n\n<li>Fornecimento, acumula\u00e7\u00e3o, investiga\u00e7\u00e3o, estudo e resposta a informa\u00e7\u00f5es relacionadas com produtos e servi\u00e7os.<\/li>\n\n<li>Notifica\u00e7\u00e3o de feiras comerciais ou outros eventos relacionados com produtos e servi\u00e7os.<\/li>\n\n<li>Entrega de presentes ou pr\u00e9mios ganhos em sorteios ou concursos.<\/li>\n\n<li>Inquiri\u00e7\u00e3o, comunica\u00e7\u00e3o (incluindo a distribui\u00e7\u00e3o de relat\u00f3rios), consulta, discuss\u00e3o, estudo, contrata\u00e7\u00e3o, coloca\u00e7\u00e3o e rece\u00e7\u00e3o de encomendas, expedi\u00e7\u00e3o, fatura\u00e7\u00e3o, rece\u00e7\u00e3o de pagamentos, envio de pagamentos e gest\u00e3o de cr\u00e9ditos e d\u00e9bitos relacionados com transac\u00e7\u00f5es comerciais, Responsible Care, rela\u00e7\u00f5es com investidores, transac\u00e7\u00f5es financeiras e gest\u00e3o de fundos de pens\u00f5es.<\/li>\n\n<li>Investiga\u00e7\u00e3o e estudo de, e resposta a, circunst\u00e2ncias de utiliza\u00e7\u00e3o de produtos e servi\u00e7os e necessidades relacionadas com os mesmos.<\/li>\n\n<li>Gest\u00e3o da entrada e sa\u00edda de pessoas e ve\u00edculos nas instala\u00e7\u00f5es do Grupo Asahi Kasei.<\/li>\n\n<li>Faz a liga\u00e7\u00e3o com as comunidades onde as instala\u00e7\u00f5es do Grupo Asahi Kasei est\u00e3o localizadas.<\/li>\n\n<li>Notifica\u00e7\u00e3o e comunica\u00e7\u00e3o a ag\u00eancias governamentais, servi\u00e7os municipais e organismos p\u00fablicos.<\/li>\n<\/ul>\n\n<p> <\/p>\n\n<h3 class=\"wp-block-heading\">Utiliza\u00e7\u00e3o partilhada<\/h3>\n\n<p>A Asahi Kasei Corporation pode partilhar dados pessoais com as empresas do Asahi Kasei Group, conforme indicado abaixo. Algumas empresas do Grupo Asahi Kasei incluem uso partilhado adicional, conforme descrito na pol\u00edtica de privacidade espec\u00edfica dos respectivos sites ou sec\u00e7\u00f5es deste site. <\/p>\n\n<figure class=\"wp-block-table\">\n<table>\n<tbody>\n<tr>\n<th>Informa\u00e7\u00f5es sujeitas a utiliza\u00e7\u00e3o partilhada<\/th>\n<th>Objetivo da utiliza\u00e7\u00e3o partilhada<\/th>\n<th>Parte respons\u00e1vel<\/th>\n<\/tr>\n<tr>\n<td>Nomes e informa\u00e7\u00f5es de contacto na posse dos Assuntos Gerais<\/td>\n<td>Resposta adequada a perguntas e pedidos<\/td>\n<td>Diretor Geral dos Assuntos Gerais<\/td>\n<\/tr>\n<tr>\n<td>Nomes e informa\u00e7\u00f5es de contacto na posse do departamento de Compras e Log\u00edstica<\/td>\n<td>Execu\u00e7\u00e3o de tarefas relacionadas com o aprovisionamento<\/td>\n<td>Diretor Geral do Aprovisionamento e Log\u00edstica do Grupo<\/td>\n<\/tr>\n<tr>\n<td>Nomes e informa\u00e7\u00f5es de contacto na posse de Contabilidade e Controlo e Finan\u00e7as Empresariais<\/td>\n<td>Gest\u00e3o de cr\u00e9ditos e d\u00e9bitos, gest\u00e3o de pagamentos<\/td>\n<td>Diretor Geral de Contabilidade e Controlo do Grupo e Diretor Geral de Finan\u00e7as do Grupo<\/td>\n<\/tr>\n<tr>\n<td>Ernst Handel<\/td>\n<td>Roland Mendel<\/td>\n<td>\u00c1ustria<\/td>\n<\/tr>\n<\/tbody>\n<\/table>\n<\/figure>\n\n<p> <\/p>\n\n<h3 class=\"wp-block-heading\">Divulga\u00e7\u00e3o a terceiros<\/h3>\n\n<p>Nos casos em que se torna necess\u00e1rio divulgar informa\u00e7\u00e3o pessoal a subcontratantes no decurso da subcontrata\u00e7\u00e3o, as empresas do Grupo Asahi Kasei concluem acordos com as firmas subcontratadas, exigindo que essa informa\u00e7\u00e3o pessoal seja tratada de acordo com os padr\u00f5es do Grupo Asahi Kasei. O tratamento da informa\u00e7\u00e3o pessoal pelas empresas subcontratadas \u00e9 monitorizado e supervisionado para garantir a conformidade. <br><br>Os \u00fanicos outros casos em que as informa\u00e7\u00f5es pessoais s\u00e3o divulgadas a terceiros s\u00e3o descritos abaixo.<\/p>\n\n<ul>\n<li>Se tivermos a tua autoriza\u00e7\u00e3o pr\u00e9via para o fazer.<\/li>\n\n<li>Se a possibilidade de tal divulga\u00e7\u00e3o tiver sido claramente indicada no momento em que as informa\u00e7\u00f5es pessoais foram recebidas.<\/li>\n\n<li>Se a resposta apropriada a um inqu\u00e9rito ou pedido necessitar de ser divulgada a uma empresa do Grupo Asahi Kasei.<\/li>\n\n<li>Se as informa\u00e7\u00f5es, sob uma forma que n\u00e3o permita a identifica\u00e7\u00e3o pessoal, forem divulgadas para an\u00e1lise estat\u00edstica.<\/li>\n\n<li>Se uma fus\u00e3o, separa\u00e7\u00e3o de empresas ou transfer\u00eancia de empresas exigir a divulga\u00e7\u00e3o para a sucess\u00e3o de opera\u00e7\u00f5es.<\/li>\n\n<li>Se exigido por lei ou regulamento.<\/li>\n\n<li>Se for necess\u00e1rio para a prote\u00e7\u00e3o da vida, da sa\u00fade ou dos bens de uma pessoa e n\u00e3o conseguirmos obter a sua aprova\u00e7\u00e3o pr\u00e9via.<\/li>\n\n<li>Faz a liga\u00e7\u00e3o com as comunidades onde as instala\u00e7\u00f5es do Grupo Asahi Kasei est\u00e3o localizadas.<\/li>\n\n<li>Se for necess\u00e1rio no \u00e2mbito da coopera\u00e7\u00e3o com as autoridades governamentais e a obten\u00e7\u00e3o da tua autoriza\u00e7\u00e3o pr\u00e9via impedir as autoridades de cumprirem as suas obriga\u00e7\u00f5es.<\/li>\n<\/ul>\n\n<p> <\/p>\n\n<h3 class=\"wp-block-heading\">Pedidos de informa\u00e7\u00e3o pessoal<\/h3>\n\n<ul>\n<li><strong>Confirma\u00e7\u00e3o<\/strong><br>Para tua an\u00e1lise e confirma\u00e7\u00e3o, podes pedir-nos que te revelemos os teus dados pessoais retidos que temos em nossa posse. Depois de verificarmos que a pessoa que faz esse pedido \u00e9 a pessoa para quem a divulga\u00e7\u00e3o est\u00e1 a ser solicitada ou um seu representante devidamente autorizado, responderemos num prazo razo\u00e1vel e numa medida razo\u00e1vel. <\/li>\n\n<li><strong>Corre\u00e7\u00e3o, revis\u00e3o<\/strong><br>Podes solicitar-nos a corre\u00e7\u00e3o ou revis\u00e3o dos teus dados pessoais retidos na nossa posse. Depois de verificarmos que a identidade da pessoa que faz esse pedido \u00e9 a da pessoa para quem a corre\u00e7\u00e3o ou revis\u00e3o est\u00e1 a ser solicitada ou de um seu representante devidamente autorizado, responderemos num prazo razo\u00e1vel e numa medida razo\u00e1vel se os dados que possu\u00edmos estiverem incorrectos. <\/li>\n\n<li><strong>Cessa\u00e7\u00e3o de utiliza\u00e7\u00e3o, elimina\u00e7\u00e3o<\/strong><br>Podes solicitar que deixemos de utilizar ou eliminemos os teus dados pessoais retidos na nossa posse. Ap\u00f3s verificarmos que a identidade da pessoa que faz esse pedido \u00e9 a pessoa para quem a cessa\u00e7\u00e3o de utiliza\u00e7\u00e3o ou a elimina\u00e7\u00e3o est\u00e1 a ser solicitada ou um procurador devidamente autorizado, responderemos num prazo razo\u00e1vel e numa medida razo\u00e1vel.<br>Tem em aten\u00e7\u00e3o que a cessa\u00e7\u00e3o de utiliza\u00e7\u00e3o ou a elimina\u00e7\u00e3o de parte ou da totalidade aaa replica watches das tuas informa\u00e7\u00f5es pessoais pode impedir-nos de te fornecer determinados servi\u00e7os. Tem tamb\u00e9m em aten\u00e7\u00e3o que os regulamentos relevantes prev\u00eaem que podemos recusar cumprir tal pedido em determinados casos.  <\/li>\n\n<li><strong>Cessa\u00e7\u00e3o de uso, elimina\u00e7\u00e3o<\/strong><br>Os pedidos de confirma\u00e7\u00e3o, corre\u00e7\u00e3o, revis\u00e3o, cessa\u00e7\u00e3o de uso ou elimina\u00e7\u00e3o de dados pessoais retidos podem ser feitos atrav\u00e9s do formul\u00e1rio de inqu\u00e9rito, por fax para +81-(0)3-3296-3161, ou por correio para Corporate Affairs, 1-105 Kanda Jinbocho, Chiyoda-ku, Tokyo 101-8101, Jap\u00e3o.<br>Se a tua informa\u00e7\u00e3o pessoal nos foi fornecida atrav\u00e9s de websites de empresas do Asahi Kasei Group ou sec\u00e7\u00f5es deste website que t\u00eam uma pol\u00edtica de privacidade separada, por favor consulta a informa\u00e7\u00e3o de contacto apresentada nessa pol\u00edtica de privacidade.<\/li>\n\n<li><strong>Taxa de tratamento<\/strong><br>Os custos em que incorremos para satisfazer um pedido de confirma\u00e7\u00e3o, corre\u00e7\u00e3o, revis\u00e3o, cessa\u00e7\u00e3o de utiliza\u00e7\u00e3o ou elimina\u00e7\u00e3o de dados pessoais retidos podem ser cobrados a ti ou ao teu procurador como taxa de tratamento.<\/li>\n<\/ul>\n\n<div class=\"wp-block-spacer\" style=\"height: 100px;\" aria-hidden=\"true\"> <\/div>\n\t\t\t\t\t\t\t\t<\/div>\n\t\t\t\t<\/div>\n\t\t\t\t\t<\/div>\n\t\t\t\t<\/div>\n\t\t<div class=\"elementor-element elementor-element-7564ee34 e-flex e-con-boxed e-con e-parent\" data-id=\"7564ee34\" data-element_type=\"container\" data-e-type=\"container\" data-settings=\"{&quot;background_background&quot;:&quot;classic&quot;}\">\n\t\t\t\t\t<div class=\"e-con-inner\">\n\t\t<div class=\"elementor-element elementor-element-730accc e-con-full e-flex e-con e-child\" data-id=\"730accc\" data-element_type=\"container\" data-e-type=\"container\" data-settings=\"{&quot;position&quot;:&quot;absolute&quot;}\">\n\t\t\t\t<\/div>\n\t\t<div class=\"elementor-element elementor-element-e4c97f4 e-con-full e-flex e-con e-child\" data-id=\"e4c97f4\" data-element_type=\"container\" data-e-type=\"container\" data-settings=\"{&quot;background_background&quot;:&quot;slideshow&quot;,&quot;background_slideshow_gallery&quot;:[],&quot;background_slideshow_loop&quot;:&quot;yes&quot;,&quot;background_slideshow_slide_duration&quot;:5000,&quot;background_slideshow_slide_transition&quot;:&quot;fade&quot;,&quot;background_slideshow_transition_duration&quot;:500}\">\n\t\t\t\t<div class=\"elementor-element elementor-element-c3d86d1 elementor-widget elementor-widget-heading\" data-id=\"c3d86d1\" data-element_type=\"widget\" data-e-type=\"widget\" data-widget_type=\"heading.default\">\n\t\t\t\t<div class=\"elementor-widget-container\">\n\t\t\t\t\t<h2 class=\"elementor-heading-title elementor-size-default\">Grupo Asahi Kasei<\/h2>\t\t\t\t<\/div>\n\t\t\t\t<\/div>\n\t\t\t\t<div class=\"elementor-element elementor-element-63f8e68 elementor-widget elementor-widget-text-editor\" data-id=\"63f8e68\" data-element_type=\"widget\" data-e-type=\"widget\" data-widget_type=\"text-editor.default\">\n\t\t\t\t<div class=\"elementor-widget-container\">\n\t\t\t\t\t\t\t\t\t<p>N\u00f3s, o Grupo Asahi Kasei, contribu\u00edmos para a vida e o viver das pessoas em todo o mundo.<\/p>\t\t\t\t\t\t\t\t<\/div>\n\t\t\t\t<\/div>\n\t\t\t\t<div class=\"elementor-element elementor-element-9b02127 elementor-mobile-align-center elementor-widget-mobile__width-auto elementor-align-left elementor-widget elementor-widget-button\" data-id=\"9b02127\" data-element_type=\"widget\" data-e-type=\"widget\" data-widget_type=\"button.default\">\n\t\t\t\t<div class=\"elementor-widget-container\">\n\t\t\t\t\t\t\t\t\t<div class=\"elementor-button-wrapper\">\n\t\t\t\t\t<a class=\"elementor-button elementor-button-link elementor-size-sm\" href=\"https:\/\/www.asahi-kasei.com\/\">\n\t\t\t\t\t\t<span class=\"elementor-button-content-wrapper\">\n\t\t\t\t\t\t\t\t\t<span class=\"elementor-button-text\">Aprende mais<\/span>\n\t\t\t\t\t<\/span>\n\t\t\t\t\t<\/a>\n\t\t\t\t<\/div>\n\t\t\t\t\t\t\t\t<\/div>\n\t\t\t\t<\/div>\n\t\t\t\t<\/div>\n\t\t\t\t\t<\/div>\n\t\t\t\t<\/div>\n\t\t\t\t<\/div>\n\t\t","protected":false},"excerpt":{"rendered":"<p>Pol\u00edtica de privacidade No decurso da sua atividade, o Grupo Asahi Kasei*Abrir nova janela recebe informa\u00e7\u00e3o pessoal, como nomes, endere\u00e7os postais, n\u00fameros de telefone e endere\u00e7os de e-mail de consumidores, clientes, fornecedores, acionistas e outros, para al\u00e9m da informa\u00e7\u00e3o pessoal dos nossos executivos e funcion\u00e1rios que detemos. Estamos omega replica empenhados em manter a privacidade [&hellip;]<\/p>\n","protected":false},"author":1,"featured_media":0,"parent":0,"menu_order":0,"comment_status":"closed","ping_status":"open","template":"","meta":{"_acf_changed":false,"footnotes":""},"class_list":["post-22509","page","type-page","status-publish","hentry"],"acf":[],"yoast_head":"<!-- This site is optimized with the Yoast SEO plugin v27.1.1 - https:\/\/yoast.com\/product\/yoast-seo-wordpress\/ -->\n<title>Pol\u00edtica de Privacidade | Asahi Kasei Bioprocess<\/title>\n<meta name=\"description\" content=\"A Asahi Kasei Bioprocess recolhe, usa e divulga informa\u00e7\u00e3o pessoal de uma forma consistente com as leis dos pa\u00edses em que fazemos neg\u00f3cios.\" \/>\n<meta name=\"robots\" content=\"index, follow, max-snippet:-1, max-image-preview:large, max-video-preview:-1\" \/>\n<link rel=\"canonical\" href=\"https:\/\/fluidmgmt.ak-bio.com\/pt-pt\/politica-de-privacidade\/\" \/>\n<meta property=\"og:locale\" content=\"pt_PT\" \/>\n<meta property=\"og:type\" content=\"article\" \/>\n<meta property=\"og:title\" content=\"Pol\u00edtica de Privacidade | Asahi Kasei Bioprocess\" \/>\n<meta property=\"og:description\" content=\"A Asahi Kasei Bioprocess recolhe, usa e divulga informa\u00e7\u00e3o pessoal de uma forma consistente com as leis dos pa\u00edses em que fazemos neg\u00f3cios.\" \/>\n<meta property=\"og:url\" content=\"https:\/\/fluidmgmt.ak-bio.com\/pt-pt\/politica-de-privacidade\/\" \/>\n<meta property=\"og:site_name\" content=\"AK Bio - Fluid Management\" \/>\n<meta property=\"article:modified_time\" content=\"2025-11-24T15:47:29+00:00\" \/>\n<meta property=\"og:image\" content=\"https:\/\/fluidmgmt.ak-bio.com\/wp-content\/uploads\/2024\/05\/Home-dna-scaled.webp\" \/>\n\t<meta property=\"og:image:width\" content=\"2560\" \/>\n\t<meta property=\"og:image:height\" content=\"1435\" \/>\n\t<meta property=\"og:image:type\" content=\"image\/webp\" \/>\n<meta name=\"twitter:card\" content=\"summary_large_image\" \/>\n<meta name=\"twitter:label1\" content=\"Tempo estimado de leitura\" \/>\n\t<meta name=\"twitter:data1\" content=\"7 minutos\" \/>\n<script type=\"application\/ld+json\" class=\"yoast-schema-graph\">{\"@context\":\"https:\/\/schema.org\",\"@graph\":[{\"@type\":\"WebPage\",\"@id\":\"https:\/\/fluidmgmt.ak-bio.com\/pt-pt\/politica-de-privacidade\/\",\"url\":\"https:\/\/fluidmgmt.ak-bio.com\/pt-pt\/politica-de-privacidade\/\",\"name\":\"Pol\u00edtica de Privacidade | Asahi Kasei Bioprocess\",\"isPartOf\":{\"@id\":\"https:\/\/fluidmgmt.ak-bio.com\/pt-pt\/#website\"},\"datePublished\":\"2024-04-05T02:05:21+00:00\",\"dateModified\":\"2025-11-24T15:47:29+00:00\",\"description\":\"A Asahi Kasei Bioprocess recolhe, usa e divulga informa\u00e7\u00e3o pessoal de uma forma consistente com as leis dos pa\u00edses em que fazemos neg\u00f3cios.\",\"inLanguage\":\"pt-PT\",\"potentialAction\":[{\"@type\":\"ReadAction\",\"target\":[\"https:\/\/fluidmgmt.ak-bio.com\/pt-pt\/politica-de-privacidade\/\"]}]},{\"@type\":\"WebSite\",\"@id\":\"https:\/\/fluidmgmt.ak-bio.com\/pt-pt\/#website\",\"url\":\"https:\/\/fluidmgmt.ak-bio.com\/pt-pt\/\",\"name\":\"AK Bio - Fluid Management\",\"description\":\"\",\"publisher\":{\"@id\":\"https:\/\/fluidmgmt.ak-bio.com\/pt-pt\/#organization\"},\"potentialAction\":[{\"@type\":\"SearchAction\",\"target\":{\"@type\":\"EntryPoint\",\"urlTemplate\":\"https:\/\/fluidmgmt.ak-bio.com\/pt-pt\/?s={search_term_string}\"},\"query-input\":{\"@type\":\"PropertyValueSpecification\",\"valueRequired\":true,\"valueName\":\"search_term_string\"}}],\"inLanguage\":\"pt-PT\"},{\"@type\":\"Organization\",\"@id\":\"https:\/\/fluidmgmt.ak-bio.com\/pt-pt\/#organization\",\"name\":\"AK Bio\",\"url\":\"https:\/\/fluidmgmt.ak-bio.com\/pt-pt\/\",\"logo\":{\"@type\":\"ImageObject\",\"inLanguage\":\"pt-PT\",\"@id\":\"https:\/\/fluidmgmt.ak-bio.com\/pt-pt\/#\/schema\/logo\/image\/\",\"url\":\"https:\/\/fluidmgmt.ak-bio.com\/wp-content\/uploads\/2024\/04\/blue_ak_Logo.svg\",\"contentUrl\":\"https:\/\/fluidmgmt.ak-bio.com\/wp-content\/uploads\/2024\/04\/blue_ak_Logo.svg\",\"width\":197,\"height\":50,\"caption\":\"AK Bio\"},\"image\":{\"@id\":\"https:\/\/fluidmgmt.ak-bio.com\/pt-pt\/#\/schema\/logo\/image\/\"},\"sameAs\":[\"https:\/\/www.linkedin.com\/company\/asahi-kasei-bioprocess-america\/\"]}]}<\/script>\n<!-- \/ Yoast SEO plugin. -->","yoast_head_json":{"title":"Pol\u00edtica de Privacidade | Asahi Kasei Bioprocess","description":"A Asahi Kasei Bioprocess recolhe, usa e divulga informa\u00e7\u00e3o pessoal de uma forma consistente com as leis dos pa\u00edses em que fazemos neg\u00f3cios.","robots":{"index":"index","follow":"follow","max-snippet":"max-snippet:-1","max-image-preview":"max-image-preview:large","max-video-preview":"max-video-preview:-1"},"canonical":"https:\/\/fluidmgmt.ak-bio.com\/pt-pt\/politica-de-privacidade\/","og_locale":"pt_PT","og_type":"article","og_title":"Pol\u00edtica de Privacidade | Asahi Kasei Bioprocess","og_description":"A Asahi Kasei Bioprocess recolhe, usa e divulga informa\u00e7\u00e3o pessoal de uma forma consistente com as leis dos pa\u00edses em que fazemos neg\u00f3cios.","og_url":"https:\/\/fluidmgmt.ak-bio.com\/pt-pt\/politica-de-privacidade\/","og_site_name":"AK Bio - Fluid Management","article_modified_time":"2025-11-24T15:47:29+00:00","og_image":[{"width":2560,"height":1435,"url":"https:\/\/fluidmgmt.ak-bio.com\/wp-content\/uploads\/2024\/05\/Home-dna-scaled.webp","type":"image\/webp"}],"twitter_card":"summary_large_image","twitter_misc":{"Tempo estimado de leitura":"7 minutos"},"schema":{"@context":"https:\/\/schema.org","@graph":[{"@type":"WebPage","@id":"https:\/\/fluidmgmt.ak-bio.com\/pt-pt\/politica-de-privacidade\/","url":"https:\/\/fluidmgmt.ak-bio.com\/pt-pt\/politica-de-privacidade\/","name":"Pol\u00edtica de Privacidade | Asahi Kasei Bioprocess","isPartOf":{"@id":"https:\/\/fluidmgmt.ak-bio.com\/pt-pt\/#website"},"datePublished":"2024-04-05T02:05:21+00:00","dateModified":"2025-11-24T15:47:29+00:00","description":"A Asahi Kasei Bioprocess recolhe, usa e divulga informa\u00e7\u00e3o pessoal de uma forma consistente com as leis dos pa\u00edses em que fazemos neg\u00f3cios.","inLanguage":"pt-PT","potentialAction":[{"@type":"ReadAction","target":["https:\/\/fluidmgmt.ak-bio.com\/pt-pt\/politica-de-privacidade\/"]}]},{"@type":"WebSite","@id":"https:\/\/fluidmgmt.ak-bio.com\/pt-pt\/#website","url":"https:\/\/fluidmgmt.ak-bio.com\/pt-pt\/","name":"AK Bio - Fluid Management","description":"","publisher":{"@id":"https:\/\/fluidmgmt.ak-bio.com\/pt-pt\/#organization"},"potentialAction":[{"@type":"SearchAction","target":{"@type":"EntryPoint","urlTemplate":"https:\/\/fluidmgmt.ak-bio.com\/pt-pt\/?s={search_term_string}"},"query-input":{"@type":"PropertyValueSpecification","valueRequired":true,"valueName":"search_term_string"}}],"inLanguage":"pt-PT"},{"@type":"Organization","@id":"https:\/\/fluidmgmt.ak-bio.com\/pt-pt\/#organization","name":"AK Bio","url":"https:\/\/fluidmgmt.ak-bio.com\/pt-pt\/","logo":{"@type":"ImageObject","inLanguage":"pt-PT","@id":"https:\/\/fluidmgmt.ak-bio.com\/pt-pt\/#\/schema\/logo\/image\/","url":"https:\/\/fluidmgmt.ak-bio.com\/wp-content\/uploads\/2024\/04\/blue_ak_Logo.svg","contentUrl":"https:\/\/fluidmgmt.ak-bio.com\/wp-content\/uploads\/2024\/04\/blue_ak_Logo.svg","width":197,"height":50,"caption":"AK Bio"},"image":{"@id":"https:\/\/fluidmgmt.ak-bio.com\/pt-pt\/#\/schema\/logo\/image\/"},"sameAs":["https:\/\/www.linkedin.com\/company\/asahi-kasei-bioprocess-america\/"]}]}},"_links":{"self":[{"href":"https:\/\/fluidmgmt.ak-bio.com\/pt-pt\/wp-json\/wp\/v2\/pages\/22509","targetHints":{"allow":["GET"]}}],"collection":[{"href":"https:\/\/fluidmgmt.ak-bio.com\/pt-pt\/wp-json\/wp\/v2\/pages"}],"about":[{"href":"https:\/\/fluidmgmt.ak-bio.com\/pt-pt\/wp-json\/wp\/v2\/types\/page"}],"author":[{"embeddable":true,"href":"https:\/\/fluidmgmt.ak-bio.com\/pt-pt\/wp-json\/wp\/v2\/users\/1"}],"replies":[{"embeddable":true,"href":"https:\/\/fluidmgmt.ak-bio.com\/pt-pt\/wp-json\/wp\/v2\/comments?post=22509"}],"version-history":[{"count":0,"href":"https:\/\/fluidmgmt.ak-bio.com\/pt-pt\/wp-json\/wp\/v2\/pages\/22509\/revisions"}],"wp:attachment":[{"href":"https:\/\/fluidmgmt.ak-bio.com\/pt-pt\/wp-json\/wp\/v2\/media?parent=22509"}],"curies":[{"name":"wp","href":"https:\/\/api.w.org\/{rel}","templated":true}]}}