{"id":22567,"date":"2024-05-10T18:56:39","date_gmt":"2024-05-10T22:56:39","guid":{"rendered":"https:\/\/fluidmgmt.ak-bio.com\/servico\/"},"modified":"2025-11-24T10:20:43","modified_gmt":"2025-11-24T15:20:43","slug":"servico","status":"publish","type":"page","link":"https:\/\/fluidmgmt.ak-bio.com\/pt-pt\/contacto\/servico\/","title":{"rendered":"Servi\u00e7o"},"content":{"rendered":"\t\t<div data-elementor-type=\"wp-page\" data-elementor-id=\"22567\" class=\"elementor elementor-22567 elementor-366\" data-elementor-post-type=\"page\">\n\t\t\t\t<div class=\"elementor-element elementor-element-5a59ae8 e-flex e-con-boxed e-con e-parent\" data-id=\"5a59ae8\" data-element_type=\"container\" data-e-type=\"container\" data-settings=\"{&quot;background_background&quot;:&quot;classic&quot;}\">\n\t\t\t\t\t<div class=\"e-con-inner\">\n\t\t<div class=\"elementor-element elementor-element-99c0d40 e-con-full e-flex e-con e-child\" data-id=\"99c0d40\" data-element_type=\"container\" data-e-type=\"container\" data-settings=\"{&quot;position&quot;:&quot;absolute&quot;}\">\n\t\t\t\t<\/div>\n\t\t\t\t\t<\/div>\n\t\t\t\t<\/div>\n\t\t<div class=\"elementor-element elementor-element-5859644c e-flex e-con-boxed e-con e-parent\" data-id=\"5859644c\" data-element_type=\"container\" data-e-type=\"container\" data-settings=\"{&quot;background_background&quot;:&quot;classic&quot;}\">\n\t\t\t\t\t<div class=\"e-con-inner\">\n\t\t\t\t<div class=\"elementor-element elementor-element-3b697a3b breadcrumbs elementor-widget elementor-widget-global elementor-global-25406 elementor-global-772 elementor-widget-wp-widget-bcn_widget\" data-id=\"3b697a3b\" data-element_type=\"widget\" data-e-type=\"widget\" data-widget_type=\"wp-widget-bcn_widget.default\">\n\t\t\t\t<div class=\"elementor-widget-container\">\n\t\t\t\t\t<div class=\"breadcrumbs\" vocab=\"https:\/\/schema.org\/\" typeof=\"BreadcrumbList\"><\/div>\t\t\t\t<\/div>\n\t\t\t\t<\/div>\n\t\t\t\t\t<\/div>\n\t\t\t\t<\/div>\n\t\t<div class=\"elementor-element elementor-element-1a438bed e-flex e-con-boxed e-con e-parent\" data-id=\"1a438bed\" data-element_type=\"container\" data-e-type=\"container\" data-settings=\"{&quot;background_background&quot;:&quot;gradient&quot;}\">\n\t\t\t\t\t<div class=\"e-con-inner\">\n\t\t<div class=\"elementor-element elementor-element-8b6829e e-con-full e-flex e-con e-child\" data-id=\"8b6829e\" data-element_type=\"container\" data-e-type=\"container\">\n\t\t\t\t<div class=\"elementor-element elementor-element-c77b005 elementor-widget elementor-widget-heading\" data-id=\"c77b005\" data-element_type=\"widget\" data-e-type=\"widget\" data-widget_type=\"heading.default\">\n\t\t\t\t<div class=\"elementor-widget-container\">\n\t\t\t\t\t<h1 class=\"elementor-heading-title elementor-size-default\">Contacta-nos<\/h1>\t\t\t\t<\/div>\n\t\t\t\t<\/div>\n\t\t\t\t<div class=\"elementor-element elementor-element-4d43fc3 elementor-widget elementor-widget-heading\" data-id=\"4d43fc3\" data-element_type=\"widget\" data-e-type=\"widget\" data-widget_type=\"heading.default\">\n\t\t\t\t<div class=\"elementor-widget-container\">\n\t\t\t\t\t<h2 class=\"elementor-heading-title elementor-size-default\">Liga-te ao teu representante de servi\u00e7o local<\/h2>\t\t\t\t<\/div>\n\t\t\t\t<\/div>\n\t\t\t\t<\/div>\n\t\t<div class=\"elementor-element elementor-element-d9e88a5 e-con-full e-flex e-con e-child\" data-id=\"d9e88a5\" data-element_type=\"container\" data-e-type=\"container\">\n\t\t\t\t<div class=\"elementor-element elementor-element-9d87ef5 elementor-widget__width-inherit elementor-widget-tablet__width-inherit elementor-widget-mobile__width-inherit elementor-widget elementor-widget-html\" data-id=\"9d87ef5\" data-element_type=\"widget\" data-e-type=\"widget\" data-widget_type=\"html.default\">\n\t\t\t\t<div class=\"elementor-widget-container\">\n\t\t\t\t\t<iframe src=\"https:\/\/go.fluidmgmt.ak-bio.com\/l\/873131\/2024-04-29\/2hz63b\" width=\"100%\" height=\"1050\" type=\"text\/html\" frameborder=\"0\" allowtransparency=\"true\" style=\"border: 0;  background-color: transparent;\"><\/iframe>\t\t\t\t<\/div>\n\t\t\t\t<\/div>\n\t\t\t\t<\/div>\n\t\t\t\t\t<\/div>\n\t\t\t\t<\/div>\n\t\t<div class=\"elementor-element elementor-element-ff5fc83 e-flex e-con-boxed e-con e-parent\" data-id=\"ff5fc83\" data-element_type=\"container\" data-e-type=\"container\" data-settings=\"{&quot;background_background&quot;:&quot;classic&quot;}\">\n\t\t\t\t\t<div class=\"e-con-inner\">\n\t\t<div class=\"elementor-element elementor-element-ec988c0 e-con-full e-flex e-con e-child\" data-id=\"ec988c0\" data-element_type=\"container\" data-e-type=\"container\" data-settings=\"{&quot;position&quot;:&quot;absolute&quot;}\">\n\t\t\t\t<\/div>\n\t\t<div class=\"elementor-element elementor-element-0122842 e-flex e-con-boxed e-con e-child\" data-id=\"0122842\" data-element_type=\"container\" data-e-type=\"container\">\n\t\t\t\t\t<div class=\"e-con-inner\">\n\t\t\t\t<div class=\"elementor-element elementor-element-8b2f56c elementor-widget elementor-widget-heading\" data-id=\"8b2f56c\" data-element_type=\"widget\" data-e-type=\"widget\" data-widget_type=\"heading.default\">\n\t\t\t\t<div class=\"elementor-widget-container\">\n\t\t\t\t\t<h2 class=\"elementor-heading-title elementor-size-default\">847 Programa Continuum<\/h2>\t\t\t\t<\/div>\n\t\t\t\t<\/div>\n\t\t\t\t<div class=\"elementor-element elementor-element-626b2fd elementor-widget elementor-widget-text-editor\" data-id=\"626b2fd\" data-element_type=\"widget\" data-e-type=\"widget\" data-widget_type=\"text-editor.default\">\n\t\t\t\t<div class=\"elementor-widget-container\">\n\t\t\t\t\t\t\t\t\t<p>Permite a continuidade da produ\u00e7\u00e3o com um conjunto abrangente de pe\u00e7as e servi\u00e7os p\u00f3s-venda.<\/p>\t\t\t\t\t\t\t\t<\/div>\n\t\t\t\t<\/div>\n\t\t\t\t<div class=\"elementor-element elementor-element-3e3891a elementor-mobile-align-center elementor-widget-mobile__width-auto elementor-align-right elementor-widget elementor-widget-button\" data-id=\"3e3891a\" data-element_type=\"widget\" data-e-type=\"widget\" data-widget_type=\"button.default\">\n\t\t\t\t<div class=\"elementor-widget-container\">\n\t\t\t\t\t\t\t\t\t<div class=\"elementor-button-wrapper\">\n\t\t\t\t\t<a class=\"elementor-button elementor-button-link elementor-size-sm\" href=\"https:\/\/fluidmgmt.ak-bio.com\/pt-pt\/apoia\/847-continuum\/\">\n\t\t\t\t\t\t<span class=\"elementor-button-content-wrapper\">\n\t\t\t\t\t\t\t\t\t<span class=\"elementor-button-text\">Descobre<\/span>\n\t\t\t\t\t<\/span>\n\t\t\t\t\t<\/a>\n\t\t\t\t<\/div>\n\t\t\t\t\t\t\t\t<\/div>\n\t\t\t\t<\/div>\n\t\t\t\t\t<\/div>\n\t\t\t\t<\/div>\n\t\t\t\t\t<\/div>\n\t\t\t\t<\/div>\n\t\t\t\t<\/div>\n\t\t","protected":false},"excerpt":{"rendered":"<p>Contacta-nos Liga-te ao teu representante de servi\u00e7o local 847 Programa Continuum Permite a continuidade da produ\u00e7\u00e3o com um conjunto abrangente de pe\u00e7as e servi\u00e7os p\u00f3s-venda. Descobre<\/p>\n","protected":false},"author":4,"featured_media":0,"parent":23995,"menu_order":0,"comment_status":"closed","ping_status":"closed","template":"elementor_header_footer","meta":{"_acf_changed":false,"footnotes":""},"class_list":["post-22567","page","type-page","status-publish","hentry"],"acf":[],"yoast_head":"<!-- This site is optimized with the Yoast SEO plugin v27.1.1 - https:\/\/yoast.com\/product\/yoast-seo-wordpress\/ -->\n<title>Contactar o Servi\u00e7o | Asahi Kasei Bioprocess<\/title>\n<meta name=\"description\" content=\"Contacta o teu representante de servi\u00e7o local da Asahi Kasei Bioprocess para que o teu equipamento e componentes voltem a funcionar num instante.\" \/>\n<meta name=\"robots\" content=\"index, follow, max-snippet:-1, max-image-preview:large, max-video-preview:-1\" \/>\n<link rel=\"canonical\" href=\"https:\/\/fluidmgmt.ak-bio.com\/pt-pt\/contacto\/servico\/\" \/>\n<meta property=\"og:locale\" content=\"pt_PT\" \/>\n<meta property=\"og:type\" content=\"article\" \/>\n<meta property=\"og:title\" content=\"Contactar o Servi\u00e7o | Asahi Kasei Bioprocess\" \/>\n<meta property=\"og:description\" content=\"Contacta o teu representante de servi\u00e7o local da Asahi Kasei Bioprocess para que o teu equipamento e componentes voltem a funcionar num instante.\" \/>\n<meta property=\"og:url\" content=\"https:\/\/fluidmgmt.ak-bio.com\/pt-pt\/contacto\/servico\/\" \/>\n<meta property=\"og:site_name\" content=\"AK Bio - Fluid Management\" \/>\n<meta property=\"article:modified_time\" content=\"2025-11-24T15:20:43+00:00\" \/>\n<meta property=\"og:image\" content=\"https:\/\/fluidmgmt.ak-bio.com\/wp-content\/uploads\/2024\/05\/Home-dna-scaled.webp\" \/>\n\t<meta property=\"og:image:width\" content=\"2560\" \/>\n\t<meta property=\"og:image:height\" content=\"1435\" \/>\n\t<meta property=\"og:image:type\" content=\"image\/webp\" \/>\n<meta name=\"twitter:card\" content=\"summary_large_image\" \/>\n<script type=\"application\/ld+json\" class=\"yoast-schema-graph\">{\"@context\":\"https:\/\/schema.org\",\"@graph\":[{\"@type\":\"WebPage\",\"@id\":\"https:\/\/fluidmgmt.ak-bio.com\/pt-pt\/contacto\/servico\/\",\"url\":\"https:\/\/fluidmgmt.ak-bio.com\/pt-pt\/contacto\/servico\/\",\"name\":\"Contactar o Servi\u00e7o | Asahi Kasei Bioprocess\",\"isPartOf\":{\"@id\":\"https:\/\/fluidmgmt.ak-bio.com\/pt-pt\/#website\"},\"datePublished\":\"2024-05-10T22:56:39+00:00\",\"dateModified\":\"2025-11-24T15:20:43+00:00\",\"description\":\"Contacta o teu representante de servi\u00e7o local da Asahi Kasei Bioprocess para que o teu equipamento e componentes voltem a funcionar num instante.\",\"breadcrumb\":{\"@id\":\"https:\/\/fluidmgmt.ak-bio.com\/pt-pt\/contacto\/servico\/#breadcrumb\"},\"inLanguage\":\"pt-PT\",\"potentialAction\":[{\"@type\":\"ReadAction\",\"target\":[\"https:\/\/fluidmgmt.ak-bio.com\/pt-pt\/contacto\/servico\/\"]}]},{\"@type\":\"BreadcrumbList\",\"@id\":\"https:\/\/fluidmgmt.ak-bio.com\/pt-pt\/contacto\/servico\/#breadcrumb\",\"itemListElement\":[{\"@type\":\"ListItem\",\"position\":1,\"name\":\"Contacto\",\"item\":\"https:\/\/fluidmgmt.ak-bio.com\/pt-pt\/contact\/\"},{\"@type\":\"ListItem\",\"position\":2,\"name\":\"Servi\u00e7o\"}]},{\"@type\":\"WebSite\",\"@id\":\"https:\/\/fluidmgmt.ak-bio.com\/pt-pt\/#website\",\"url\":\"https:\/\/fluidmgmt.ak-bio.com\/pt-pt\/\",\"name\":\"AK Bio - Fluid Management\",\"description\":\"\",\"publisher\":{\"@id\":\"https:\/\/fluidmgmt.ak-bio.com\/pt-pt\/#organization\"},\"potentialAction\":[{\"@type\":\"SearchAction\",\"target\":{\"@type\":\"EntryPoint\",\"urlTemplate\":\"https:\/\/fluidmgmt.ak-bio.com\/pt-pt\/?s={search_term_string}\"},\"query-input\":{\"@type\":\"PropertyValueSpecification\",\"valueRequired\":true,\"valueName\":\"search_term_string\"}}],\"inLanguage\":\"pt-PT\"},{\"@type\":\"Organization\",\"@id\":\"https:\/\/fluidmgmt.ak-bio.com\/pt-pt\/#organization\",\"name\":\"AK Bio\",\"url\":\"https:\/\/fluidmgmt.ak-bio.com\/pt-pt\/\",\"logo\":{\"@type\":\"ImageObject\",\"inLanguage\":\"pt-PT\",\"@id\":\"https:\/\/fluidmgmt.ak-bio.com\/pt-pt\/#\/schema\/logo\/image\/\",\"url\":\"https:\/\/fluidmgmt.ak-bio.com\/wp-content\/uploads\/2024\/04\/blue_ak_Logo.svg\",\"contentUrl\":\"https:\/\/fluidmgmt.ak-bio.com\/wp-content\/uploads\/2024\/04\/blue_ak_Logo.svg\",\"width\":197,\"height\":50,\"caption\":\"AK Bio\"},\"image\":{\"@id\":\"https:\/\/fluidmgmt.ak-bio.com\/pt-pt\/#\/schema\/logo\/image\/\"},\"sameAs\":[\"https:\/\/www.linkedin.com\/company\/asahi-kasei-bioprocess-america\/\"]}]}<\/script>\n<!-- \/ Yoast SEO plugin. -->","yoast_head_json":{"title":"Contactar o Servi\u00e7o | Asahi Kasei Bioprocess","description":"Contacta o teu representante de servi\u00e7o local da Asahi Kasei Bioprocess para que o teu equipamento e componentes voltem a funcionar num instante.","robots":{"index":"index","follow":"follow","max-snippet":"max-snippet:-1","max-image-preview":"max-image-preview:large","max-video-preview":"max-video-preview:-1"},"canonical":"https:\/\/fluidmgmt.ak-bio.com\/pt-pt\/contacto\/servico\/","og_locale":"pt_PT","og_type":"article","og_title":"Contactar o Servi\u00e7o | Asahi Kasei Bioprocess","og_description":"Contacta o teu representante de servi\u00e7o local da Asahi Kasei Bioprocess para que o teu equipamento e componentes voltem a funcionar num instante.","og_url":"https:\/\/fluidmgmt.ak-bio.com\/pt-pt\/contacto\/servico\/","og_site_name":"AK Bio - Fluid Management","article_modified_time":"2025-11-24T15:20:43+00:00","og_image":[{"width":2560,"height":1435,"url":"https:\/\/fluidmgmt.ak-bio.com\/wp-content\/uploads\/2024\/05\/Home-dna-scaled.webp","type":"image\/webp"}],"twitter_card":"summary_large_image","schema":{"@context":"https:\/\/schema.org","@graph":[{"@type":"WebPage","@id":"https:\/\/fluidmgmt.ak-bio.com\/pt-pt\/contacto\/servico\/","url":"https:\/\/fluidmgmt.ak-bio.com\/pt-pt\/contacto\/servico\/","name":"Contactar o Servi\u00e7o | Asahi Kasei Bioprocess","isPartOf":{"@id":"https:\/\/fluidmgmt.ak-bio.com\/pt-pt\/#website"},"datePublished":"2024-05-10T22:56:39+00:00","dateModified":"2025-11-24T15:20:43+00:00","description":"Contacta o teu representante de servi\u00e7o local da Asahi Kasei Bioprocess para que o teu equipamento e componentes voltem a funcionar num instante.","breadcrumb":{"@id":"https:\/\/fluidmgmt.ak-bio.com\/pt-pt\/contacto\/servico\/#breadcrumb"},"inLanguage":"pt-PT","potentialAction":[{"@type":"ReadAction","target":["https:\/\/fluidmgmt.ak-bio.com\/pt-pt\/contacto\/servico\/"]}]},{"@type":"BreadcrumbList","@id":"https:\/\/fluidmgmt.ak-bio.com\/pt-pt\/contacto\/servico\/#breadcrumb","itemListElement":[{"@type":"ListItem","position":1,"name":"Contacto","item":"https:\/\/fluidmgmt.ak-bio.com\/pt-pt\/contact\/"},{"@type":"ListItem","position":2,"name":"Servi\u00e7o"}]},{"@type":"WebSite","@id":"https:\/\/fluidmgmt.ak-bio.com\/pt-pt\/#website","url":"https:\/\/fluidmgmt.ak-bio.com\/pt-pt\/","name":"AK Bio - Fluid Management","description":"","publisher":{"@id":"https:\/\/fluidmgmt.ak-bio.com\/pt-pt\/#organization"},"potentialAction":[{"@type":"SearchAction","target":{"@type":"EntryPoint","urlTemplate":"https:\/\/fluidmgmt.ak-bio.com\/pt-pt\/?s={search_term_string}"},"query-input":{"@type":"PropertyValueSpecification","valueRequired":true,"valueName":"search_term_string"}}],"inLanguage":"pt-PT"},{"@type":"Organization","@id":"https:\/\/fluidmgmt.ak-bio.com\/pt-pt\/#organization","name":"AK Bio","url":"https:\/\/fluidmgmt.ak-bio.com\/pt-pt\/","logo":{"@type":"ImageObject","inLanguage":"pt-PT","@id":"https:\/\/fluidmgmt.ak-bio.com\/pt-pt\/#\/schema\/logo\/image\/","url":"https:\/\/fluidmgmt.ak-bio.com\/wp-content\/uploads\/2024\/04\/blue_ak_Logo.svg","contentUrl":"https:\/\/fluidmgmt.ak-bio.com\/wp-content\/uploads\/2024\/04\/blue_ak_Logo.svg","width":197,"height":50,"caption":"AK Bio"},"image":{"@id":"https:\/\/fluidmgmt.ak-bio.com\/pt-pt\/#\/schema\/logo\/image\/"},"sameAs":["https:\/\/www.linkedin.com\/company\/asahi-kasei-bioprocess-america\/"]}]}},"_links":{"self":[{"href":"https:\/\/fluidmgmt.ak-bio.com\/pt-pt\/wp-json\/wp\/v2\/pages\/22567","targetHints":{"allow":["GET"]}}],"collection":[{"href":"https:\/\/fluidmgmt.ak-bio.com\/pt-pt\/wp-json\/wp\/v2\/pages"}],"about":[{"href":"https:\/\/fluidmgmt.ak-bio.com\/pt-pt\/wp-json\/wp\/v2\/types\/page"}],"author":[{"embeddable":true,"href":"https:\/\/fluidmgmt.ak-bio.com\/pt-pt\/wp-json\/wp\/v2\/users\/4"}],"replies":[{"embeddable":true,"href":"https:\/\/fluidmgmt.ak-bio.com\/pt-pt\/wp-json\/wp\/v2\/comments?post=22567"}],"version-history":[{"count":0,"href":"https:\/\/fluidmgmt.ak-bio.com\/pt-pt\/wp-json\/wp\/v2\/pages\/22567\/revisions"}],"up":[{"embeddable":true,"href":"https:\/\/fluidmgmt.ak-bio.com\/pt-pt\/wp-json\/wp\/v2\/pages\/23995"}],"wp:attachment":[{"href":"https:\/\/fluidmgmt.ak-bio.com\/pt-pt\/wp-json\/wp\/v2\/media?parent=22567"}],"curies":[{"name":"wp","href":"https:\/\/api.w.org\/{rel}","templated":true}]}}