{"id":23716,"date":"2024-08-12T13:36:33","date_gmt":"2024-08-12T17:36:33","guid":{"rendered":"https:\/\/fluidmgmt.ak-bio.com\/sustentabilidade\/"},"modified":"2025-11-21T10:23:10","modified_gmt":"2025-11-21T15:23:10","slug":"sustentabilidade","status":"publish","type":"page","link":"https:\/\/fluidmgmt.ak-bio.com\/pt-pt\/empresa\/sustentabilidade\/","title":{"rendered":"Sustentabilidade"},"content":{"rendered":"\t\t<div data-elementor-type=\"wp-page\" data-elementor-id=\"23716\" class=\"elementor elementor-23716 elementor-14207\" data-elementor-post-type=\"page\">\n\t\t\t\t<div class=\"elementor-element elementor-element-5251e38 e-flex e-con-boxed e-con e-parent\" data-id=\"5251e38\" data-element_type=\"container\" data-e-type=\"container\" id=\"main-hero-container\" data-settings=\"{&quot;background_background&quot;:&quot;classic&quot;}\">\n\t\t\t\t\t<div class=\"e-con-inner\">\n\t\t<div class=\"elementor-element elementor-element-64dc7195 e-con-full e-flex e-con e-child\" data-id=\"64dc7195\" data-element_type=\"container\" data-e-type=\"container\" data-settings=\"{&quot;position&quot;:&quot;absolute&quot;}\">\n\t\t\t\t<\/div>\n\t\t<div class=\"elementor-element elementor-element-496cbe4e e-con-full e-flex e-con e-child\" data-id=\"496cbe4e\" data-element_type=\"container\" data-e-type=\"container\">\n\t\t\t\t<div class=\"elementor-element elementor-element-6ad7aadf elementor-widget elementor-widget-heading\" data-id=\"6ad7aadf\" data-element_type=\"widget\" data-e-type=\"widget\" data-widget_type=\"heading.default\">\n\t\t\t\t<div class=\"elementor-widget-container\">\n\t\t\t\t\t<h1 class=\"elementor-heading-title elementor-size-default\">Como a Asahi Kasei Bioprocess promove a sustentabilidade<\/h1>\t\t\t\t<\/div>\n\t\t\t\t<\/div>\n\t\t\t\t<\/div>\n\t\t\t\t\t<\/div>\n\t\t\t\t<\/div>\n\t\t<div class=\"elementor-element elementor-element-182b7305 e-flex e-con-boxed e-con e-parent\" data-id=\"182b7305\" data-element_type=\"container\" data-e-type=\"container\" data-settings=\"{&quot;background_background&quot;:&quot;classic&quot;}\">\n\t\t\t\t\t<div class=\"e-con-inner\">\n\t\t\t\t<div class=\"elementor-element elementor-element-2acf5580 breadcrumbs elementor-widget elementor-widget-global elementor-global-25406 elementor-global-772 elementor-widget-wp-widget-bcn_widget\" data-id=\"2acf5580\" data-element_type=\"widget\" data-e-type=\"widget\" data-widget_type=\"wp-widget-bcn_widget.default\">\n\t\t\t\t<div class=\"elementor-widget-container\">\n\t\t\t\t\t<div class=\"breadcrumbs\" vocab=\"https:\/\/schema.org\/\" typeof=\"BreadcrumbList\"><\/div>\t\t\t\t<\/div>\n\t\t\t\t<\/div>\n\t\t\t\t\t<\/div>\n\t\t\t\t<\/div>\n\t\t<div class=\"elementor-element elementor-element-45d0c27 e-flex e-con-boxed e-con e-parent\" data-id=\"45d0c27\" data-element_type=\"container\" data-e-type=\"container\" data-settings=\"{&quot;background_background&quot;:&quot;gradient&quot;}\">\n\t\t\t\t\t<div class=\"e-con-inner\">\n\t\t<div class=\"elementor-element elementor-element-a38b8d7 e-con-full e-flex e-con e-child\" data-id=\"a38b8d7\" data-element_type=\"container\" data-e-type=\"container\">\n\t\t<div class=\"elementor-element elementor-element-c8b5a45 e-con-full e-flex e-con e-child\" data-id=\"c8b5a45\" data-element_type=\"container\" data-e-type=\"container\">\n\t\t\t\t<div class=\"elementor-element elementor-element-e405295 elementor-widget elementor-widget-heading\" data-id=\"e405295\" data-element_type=\"widget\" data-e-type=\"widget\" data-widget_type=\"heading.default\">\n\t\t\t\t<div class=\"elementor-widget-container\">\n\t\t\t\t\t<h2 class=\"elementor-heading-title elementor-size-default\">Sustentabilidade na AKBA<\/h2>\t\t\t\t<\/div>\n\t\t\t\t<\/div>\n\t\t\t\t<\/div>\n\t\t\t\t<\/div>\n\t\t<div class=\"elementor-element elementor-element-ca02850 e-flex e-con-boxed e-con e-child\" data-id=\"ca02850\" data-element_type=\"container\" data-e-type=\"container\">\n\t\t\t\t\t<div class=\"e-con-inner\">\n\t\t\t\t<div class=\"elementor-element elementor-element-2d90d07 elementor-widget elementor-widget-text-editor\" data-id=\"2d90d07\" data-element_type=\"widget\" data-e-type=\"widget\" data-widget_type=\"text-editor.default\">\n\t\t\t\t<div class=\"elementor-widget-container\">\n\t\t\t\t\t\t\t\t\t<p><span style=\"font-weight: 400;\">Desde a sua funda\u00e7\u00e3o em 1922, a sustentabilidade e a inova\u00e7\u00e3o para o melhoramento da sociedade t\u00eam sido temas chave no crescimento do Grupo Asahi Kasei, assim como nas suas subsidi\u00e1rias incluindo a Asahi Kasei Bioprocess America. A AKBA desempenha um papel significativo na contribui\u00e7\u00e3o para a vida e o viver das pessoas em todo o mundo. <\/span><\/p>\t\t\t\t\t\t\t\t<\/div>\n\t\t\t\t<\/div>\n\t\t\t\t\t<\/div>\n\t\t\t\t<\/div>\n\t\t\t\t\t<\/div>\n\t\t\t\t<\/div>\n\t\t<div class=\"elementor-element elementor-element-58637c8 e-flex e-con-boxed e-con e-parent\" data-id=\"58637c8\" data-element_type=\"container\" data-e-type=\"container\" data-settings=\"{&quot;background_background&quot;:&quot;classic&quot;}\">\n\t\t\t\t\t<div class=\"e-con-inner\">\n\t\t<div class=\"elementor-element elementor-element-0e3d641 e-con-full e-flex e-con e-child\" data-id=\"0e3d641\" data-element_type=\"container\" data-e-type=\"container\">\n\t\t<div class=\"elementor-element elementor-element-3e15c2d e-con-full e-flex e-con e-child\" data-id=\"3e15c2d\" data-element_type=\"container\" data-e-type=\"container\">\n\t\t\t\t<div class=\"elementor-element elementor-element-f7c17f8 elementor-widget elementor-widget-heading\" data-id=\"f7c17f8\" data-element_type=\"widget\" data-e-type=\"widget\" data-widget_type=\"heading.default\">\n\t\t\t\t<div class=\"elementor-widget-container\">\n\t\t\t\t\t<h2 class=\"elementor-heading-title elementor-size-default\">Sociedade sustent\u00e1vel<\/h2>\t\t\t\t<\/div>\n\t\t\t\t<\/div>\n\t\t\t\t<div class=\"elementor-element elementor-element-65d42d2 elementor-widget elementor-widget-text-editor\" data-id=\"65d42d2\" data-element_type=\"widget\" data-e-type=\"widget\" data-widget_type=\"text-editor.default\">\n\t\t\t\t<div class=\"elementor-widget-container\">\n\t\t\t\t\t\t\t\t\t<p><span style=\"font-weight: 400;\">\u00c0 medida que crescemos, continuamos a esfor\u00e7ar-nos por alcan\u00e7ar dois aspectos da sustentabilidade que se refor\u00e7am mutuamente: ao criar valor para &#8220;contribuir para uma sociedade sustent\u00e1vel&#8221;, procuramos obter um &#8220;crescimento sustent\u00e1vel do valor empresarial&#8221; que nos permita dar mais contributos num ciclo virtuoso. Para o conseguirmos, praticamos o seguinte: <\/span><\/p><ul><li style=\"font-weight: 400;\" aria-level=\"1\"><span style=\"font-weight: 400;\">Cria\u00e7\u00e3o de valor atrav\u00e9s da contribui\u00e7\u00e3o para uma sociedade sustent\u00e1vel<\/span><\/li><\/ul><ul><li style=\"font-weight: 400;\" aria-level=\"1\"><span style=\"font-weight: 400;\">Actividades empresariais respons\u00e1veis<\/span><\/li><\/ul><ul><li style=\"font-weight: 400;\" aria-level=\"1\"><span style=\"font-weight: 400;\">Capacita\u00e7\u00e3o do pessoal<\/span><\/li><\/ul><p> <\/p>\t\t\t\t\t\t\t\t<\/div>\n\t\t\t\t<\/div>\n\t\t\t\t<\/div>\n\t\t<div class=\"elementor-element elementor-element-736e9f9 e-con-full e-flex e-con e-child\" data-id=\"736e9f9\" data-element_type=\"container\" data-e-type=\"container\">\n\t\t\t\t<div class=\"elementor-element elementor-element-14b3802 elementor-widget__width-auto elementor-widget elementor-widget-image\" data-id=\"14b3802\" data-element_type=\"widget\" data-e-type=\"widget\" data-widget_type=\"image.default\">\n\t\t\t\t<div class=\"elementor-widget-container\">\n\t\t\t\t\t\t\t\t\t\t\t\t\t\t\t<img fetchpriority=\"high\" decoding=\"async\" width=\"768\" height=\"440\" src=\"https:\/\/fluidmgmt.ak-bio.com\/wp-content\/uploads\/2024\/09\/AKSustainability-768x440.png\" class=\"attachment-medium_large size-medium_large wp-image-17553\" alt=\"Sustainability\" srcset=\"https:\/\/fluidmgmt.ak-bio.com\/wp-content\/uploads\/2024\/09\/AKSustainability-768x440.png 768w, https:\/\/fluidmgmt.ak-bio.com\/wp-content\/uploads\/2024\/09\/AKSustainability-300x172.png 300w, https:\/\/fluidmgmt.ak-bio.com\/wp-content\/uploads\/2024\/09\/AKSustainability-1024x586.png 1024w, https:\/\/fluidmgmt.ak-bio.com\/wp-content\/uploads\/2024\/09\/AKSustainability-600x344.png 600w, https:\/\/fluidmgmt.ak-bio.com\/wp-content\/uploads\/2024\/09\/AKSustainability.png 1200w\" sizes=\"(max-width: 768px) 100vw, 768px\" \/>\t\t\t\t\t\t\t\t\t\t\t\t\t\t\t<\/div>\n\t\t\t\t<\/div>\n\t\t\t\t<\/div>\n\t\t\t\t<\/div>\n\t\t\t\t\t<\/div>\n\t\t\t\t<\/div>\n\t\t<div class=\"elementor-element elementor-element-70a8c9a e-flex e-con-boxed e-con e-parent\" data-id=\"70a8c9a\" data-element_type=\"container\" data-e-type=\"container\" data-settings=\"{&quot;background_background&quot;:&quot;classic&quot;}\">\n\t\t\t\t\t<div class=\"e-con-inner\">\n\t\t<div class=\"elementor-element elementor-element-9d1ed8b e-con-full e-flex e-con e-child\" data-id=\"9d1ed8b\" data-element_type=\"container\" data-e-type=\"container\">\n\t\t<div class=\"elementor-element elementor-element-9fe2331 e-con-full e-flex e-con e-child\" data-id=\"9fe2331\" data-element_type=\"container\" data-e-type=\"container\">\n\t\t\t\t<div class=\"elementor-element elementor-element-5d0cc5b elementor-widget elementor-widget-video\" data-id=\"5d0cc5b\" data-element_type=\"widget\" data-e-type=\"widget\" data-settings=\"{&quot;youtube_url&quot;:&quot;https:\\\/\\\/www.youtube.com\\\/watch?v=PG1x7ZVAIRE&quot;,&quot;video_type&quot;:&quot;youtube&quot;,&quot;controls&quot;:&quot;yes&quot;}\" data-widget_type=\"video.default\">\n\t\t\t\t<div class=\"elementor-widget-container\">\n\t\t\t\t\t\t\t<div class=\"elementor-wrapper elementor-open-inline\">\n\t\t\t<div class=\"elementor-video\"><\/div>\t\t<\/div>\n\t\t\t\t\t\t<\/div>\n\t\t\t\t<\/div>\n\t\t\t\t<\/div>\n\t\t<div class=\"elementor-element elementor-element-bdefb2a e-con-full e-flex e-con e-child\" data-id=\"bdefb2a\" data-element_type=\"container\" data-e-type=\"container\">\n\t\t\t\t<div class=\"elementor-element elementor-element-7d0ddeb elementor-widget elementor-widget-heading\" data-id=\"7d0ddeb\" data-element_type=\"widget\" data-e-type=\"widget\" data-widget_type=\"heading.default\">\n\t\t\t\t<div class=\"elementor-widget-container\">\n\t\t\t\t\t<h2 class=\"elementor-heading-title elementor-size-default\">Aqui em casa<\/h2>\t\t\t\t<\/div>\n\t\t\t\t<\/div>\n\t\t\t\t<div class=\"elementor-element elementor-element-690b9b5 elementor-widget elementor-widget-text-editor\" data-id=\"690b9b5\" data-element_type=\"widget\" data-e-type=\"widget\" data-widget_type=\"text-editor.default\">\n\t\t\t\t<div class=\"elementor-widget-container\">\n\t\t\t\t\t\t\t\t\t<p><span style=\"font-weight: 400;\">A um n\u00edvel mais local, a Asahi Kasei Bioprocess fez melhorias significativas no seu espa\u00e7o operacional perto de Chicago, IL, na procura de atingir objectivos de sustentabilidade &#8211; incluindo a incorpora\u00e7\u00e3o de solu\u00e7\u00f5es mais ecol\u00f3gicas na nossa expans\u00e3o de 25.000 p\u00e9s quadrados: <\/span><\/p><ul><li style=\"font-weight: 400;\" aria-level=\"1\"><span style=\"font-weight: 400;\">Concebeu janelas no alto das paredes da f\u00e1brica para permitir a entrada de luz natural.<\/span><\/li><\/ul><ul><li style=\"font-weight: 400;\" aria-level=\"1\"><span style=\"font-weight: 400;\">Instalou toda a ilumina\u00e7\u00e3o LED nos novos espa\u00e7os fabris, utilizando um sistema de recolha de luz do dia &#8211; este sistema monitoriza a luz natural e detecta a ocupa\u00e7\u00e3o, iluminando apenas se existir a combina\u00e7\u00e3o de pouca luz e ocupa\u00e7\u00e3o.<\/span><\/li><\/ul><p> <\/p>\t\t\t\t\t\t\t\t<\/div>\n\t\t\t\t<\/div>\n\t\t\t\t<\/div>\n\t\t\t\t<\/div>\n\t\t\t\t\t<\/div>\n\t\t\t\t<\/div>\n\t\t<div class=\"elementor-element elementor-element-c9e098b e-flex e-con-boxed e-con e-parent\" data-id=\"c9e098b\" data-element_type=\"container\" data-e-type=\"container\" data-settings=\"{&quot;background_background&quot;:&quot;classic&quot;}\">\n\t\t\t\t\t<div class=\"e-con-inner\">\n\t\t<div class=\"elementor-element elementor-element-0aa04d3 e-con-full e-flex e-con e-child\" data-id=\"0aa04d3\" data-element_type=\"container\" data-e-type=\"container\" data-settings=\"{&quot;position&quot;:&quot;absolute&quot;}\">\n\t\t\t\t<\/div>\n\t\t<div class=\"elementor-element elementor-element-ecebea5 e-con-full e-flex e-con e-child\" data-id=\"ecebea5\" data-element_type=\"container\" data-e-type=\"container\">\n\t\t\t\t<div class=\"elementor-element elementor-element-3aae7bb elementor-widget elementor-widget-heading\" data-id=\"3aae7bb\" data-element_type=\"widget\" data-e-type=\"widget\" data-widget_type=\"heading.default\">\n\t\t\t\t<div class=\"elementor-widget-container\">\n\t\t\t\t\t<h2 class=\"elementor-heading-title elementor-size-default\">Grupo Asahi Kasei<\/h2>\t\t\t\t<\/div>\n\t\t\t\t<\/div>\n\t\t\t\t<div class=\"elementor-element elementor-element-8b4976b elementor-widget elementor-widget-text-editor\" data-id=\"8b4976b\" data-element_type=\"widget\" data-e-type=\"widget\" data-widget_type=\"text-editor.default\">\n\t\t\t\t<div class=\"elementor-widget-container\">\n\t\t\t\t\t\t\t\t\t<p><span style=\"font-weight: 400;\">N\u00f3s, o Grupo Asahi Kasei, contribu\u00edmos para a vida e o viver das pessoas em todo o mundo.<\/span><\/p>\t\t\t\t\t\t\t\t<\/div>\n\t\t\t\t<\/div>\n\t\t\t\t<div class=\"elementor-element elementor-element-be582c1 elementor-mobile-align-center elementor-widget-mobile__width-auto elementor-align-left elementor-widget elementor-widget-button\" data-id=\"be582c1\" data-element_type=\"widget\" data-e-type=\"widget\" data-widget_type=\"button.default\">\n\t\t\t\t<div class=\"elementor-widget-container\">\n\t\t\t\t\t\t\t\t\t<div class=\"elementor-button-wrapper\">\n\t\t\t\t\t<a class=\"elementor-button elementor-button-link elementor-size-sm\" href=\"https:\/\/www.asahi-kasei.com\/\" target=\"_blank\">\n\t\t\t\t\t\t<span class=\"elementor-button-content-wrapper\">\n\t\t\t\t\t\t\t\t\t<span class=\"elementor-button-text\">Aprende mais<\/span>\n\t\t\t\t\t<\/span>\n\t\t\t\t\t<\/a>\n\t\t\t\t<\/div>\n\t\t\t\t\t\t\t\t<\/div>\n\t\t\t\t<\/div>\n\t\t\t\t<\/div>\n\t\t\t\t\t<\/div>\n\t\t\t\t<\/div>\n\t\t\t\t<\/div>\n\t\t","protected":false},"excerpt":{"rendered":"<p>Como a Asahi Kasei Bioprocess promove a sustentabilidade Sustentabilidade na AKBA Desde a sua funda\u00e7\u00e3o em 1922, a sustentabilidade e a inova\u00e7\u00e3o para o melhoramento da sociedade t\u00eam sido temas chave no crescimento do Grupo Asahi Kasei, assim como nas suas subsidi\u00e1rias incluindo a Asahi Kasei Bioprocess America. A AKBA desempenha um papel significativo na [&hellip;]<\/p>\n","protected":false},"author":8,"featured_media":0,"parent":23959,"menu_order":0,"comment_status":"closed","ping_status":"closed","template":"","meta":{"_acf_changed":false,"footnotes":""},"class_list":["post-23716","page","type-page","status-publish","hentry"],"acf":[],"yoast_head":"<!-- This site is optimized with the Yoast SEO plugin v27.1.1 - https:\/\/yoast.com\/product\/yoast-seo-wordpress\/ -->\n<title>Promovendo a Sustentabilidade | Asahi Kasei Bioprocess<\/title>\n<meta name=\"description\" content=\"Aprende tudo o que a Asahi Kasei Bioprocess est\u00e1 a fazer para apoiar os nossos objectivos de sustentabilidade. Desempenhamos um papel significativo na contribui\u00e7\u00e3o para uma sociedade sustent\u00e1vel.\" \/>\n<meta name=\"robots\" content=\"index, follow, max-snippet:-1, max-image-preview:large, max-video-preview:-1\" \/>\n<link rel=\"canonical\" href=\"https:\/\/fluidmgmt.ak-bio.com\/pt-pt\/empresa\/sustentabilidade\/\" \/>\n<meta property=\"og:locale\" content=\"pt_PT\" \/>\n<meta property=\"og:type\" content=\"article\" \/>\n<meta property=\"og:title\" content=\"Promovendo a Sustentabilidade | Asahi Kasei Bioprocess\" \/>\n<meta property=\"og:description\" content=\"Aprende tudo o que a Asahi Kasei Bioprocess est\u00e1 a fazer para apoiar os nossos objectivos de sustentabilidade. Desempenhamos um papel significativo na contribui\u00e7\u00e3o para uma sociedade sustent\u00e1vel.\" \/>\n<meta property=\"og:url\" content=\"https:\/\/fluidmgmt.ak-bio.com\/pt-pt\/empresa\/sustentabilidade\/\" \/>\n<meta property=\"og:site_name\" content=\"AK Bio - Fluid Management\" \/>\n<meta property=\"article:modified_time\" content=\"2025-11-21T15:23:10+00:00\" \/>\n<meta property=\"og:image\" content=\"https:\/\/fluidmgmt.ak-bio.com\/wp-content\/uploads\/2024\/09\/AKSustainability.png\" \/>\n\t<meta property=\"og:image:width\" content=\"1200\" \/>\n\t<meta property=\"og:image:height\" content=\"687\" \/>\n\t<meta property=\"og:image:type\" content=\"image\/png\" \/>\n<meta name=\"twitter:card\" content=\"summary_large_image\" \/>\n<meta name=\"twitter:label1\" content=\"Tempo estimado de leitura\" \/>\n\t<meta name=\"twitter:data1\" content=\"1 minuto\" \/>\n<script type=\"application\/ld+json\" class=\"yoast-schema-graph\">{\"@context\":\"https:\/\/schema.org\",\"@graph\":[{\"@type\":\"WebPage\",\"@id\":\"https:\/\/fluidmgmt.ak-bio.com\/pt-pt\/empresa\/sustentabilidade\/\",\"url\":\"https:\/\/fluidmgmt.ak-bio.com\/pt-pt\/empresa\/sustentabilidade\/\",\"name\":\"Promovendo a Sustentabilidade | Asahi Kasei Bioprocess\",\"isPartOf\":{\"@id\":\"https:\/\/fluidmgmt.ak-bio.com\/pt-pt\/#website\"},\"primaryImageOfPage\":{\"@id\":\"https:\/\/fluidmgmt.ak-bio.com\/pt-pt\/empresa\/sustentabilidade\/#primaryimage\"},\"image\":{\"@id\":\"https:\/\/fluidmgmt.ak-bio.com\/pt-pt\/empresa\/sustentabilidade\/#primaryimage\"},\"thumbnailUrl\":\"https:\/\/fluidmgmt.ak-bio.com\/wp-content\/uploads\/2024\/09\/AKSustainability-768x440.png\",\"datePublished\":\"2024-08-12T17:36:33+00:00\",\"dateModified\":\"2025-11-21T15:23:10+00:00\",\"description\":\"Aprende tudo o que a Asahi Kasei Bioprocess est\u00e1 a fazer para apoiar os nossos objectivos de sustentabilidade. Desempenhamos um papel significativo na contribui\u00e7\u00e3o para uma sociedade sustent\u00e1vel.\",\"breadcrumb\":{\"@id\":\"https:\/\/fluidmgmt.ak-bio.com\/pt-pt\/empresa\/sustentabilidade\/#breadcrumb\"},\"inLanguage\":\"pt-PT\",\"potentialAction\":[{\"@type\":\"ReadAction\",\"target\":[\"https:\/\/fluidmgmt.ak-bio.com\/pt-pt\/empresa\/sustentabilidade\/\"]}]},{\"@type\":\"ImageObject\",\"inLanguage\":\"pt-PT\",\"@id\":\"https:\/\/fluidmgmt.ak-bio.com\/pt-pt\/empresa\/sustentabilidade\/#primaryimage\",\"url\":\"https:\/\/fluidmgmt.ak-bio.com\/wp-content\/uploads\/2024\/09\/AKSustainability-768x440.png\",\"contentUrl\":\"https:\/\/fluidmgmt.ak-bio.com\/wp-content\/uploads\/2024\/09\/AKSustainability-768x440.png\"},{\"@type\":\"BreadcrumbList\",\"@id\":\"https:\/\/fluidmgmt.ak-bio.com\/pt-pt\/empresa\/sustentabilidade\/#breadcrumb\",\"itemListElement\":[{\"@type\":\"ListItem\",\"position\":1,\"name\":\"Empresa\",\"item\":\"https:\/\/fluidmgmt.ak-bio.com\/pt-pt\/empresa\/\"},{\"@type\":\"ListItem\",\"position\":2,\"name\":\"Sustentabilidade\"}]},{\"@type\":\"WebSite\",\"@id\":\"https:\/\/fluidmgmt.ak-bio.com\/pt-pt\/#website\",\"url\":\"https:\/\/fluidmgmt.ak-bio.com\/pt-pt\/\",\"name\":\"AK Bio - Fluid Management\",\"description\":\"\",\"publisher\":{\"@id\":\"https:\/\/fluidmgmt.ak-bio.com\/pt-pt\/#organization\"},\"potentialAction\":[{\"@type\":\"SearchAction\",\"target\":{\"@type\":\"EntryPoint\",\"urlTemplate\":\"https:\/\/fluidmgmt.ak-bio.com\/pt-pt\/?s={search_term_string}\"},\"query-input\":{\"@type\":\"PropertyValueSpecification\",\"valueRequired\":true,\"valueName\":\"search_term_string\"}}],\"inLanguage\":\"pt-PT\"},{\"@type\":\"Organization\",\"@id\":\"https:\/\/fluidmgmt.ak-bio.com\/pt-pt\/#organization\",\"name\":\"AK Bio\",\"url\":\"https:\/\/fluidmgmt.ak-bio.com\/pt-pt\/\",\"logo\":{\"@type\":\"ImageObject\",\"inLanguage\":\"pt-PT\",\"@id\":\"https:\/\/fluidmgmt.ak-bio.com\/pt-pt\/#\/schema\/logo\/image\/\",\"url\":\"https:\/\/fluidmgmt.ak-bio.com\/wp-content\/uploads\/2024\/04\/blue_ak_Logo.svg\",\"contentUrl\":\"https:\/\/fluidmgmt.ak-bio.com\/wp-content\/uploads\/2024\/04\/blue_ak_Logo.svg\",\"width\":197,\"height\":50,\"caption\":\"AK Bio\"},\"image\":{\"@id\":\"https:\/\/fluidmgmt.ak-bio.com\/pt-pt\/#\/schema\/logo\/image\/\"},\"sameAs\":[\"https:\/\/www.linkedin.com\/company\/asahi-kasei-bioprocess-america\/\"]}]}<\/script>\n<!-- \/ Yoast SEO plugin. -->","yoast_head_json":{"title":"Promovendo a Sustentabilidade | Asahi Kasei Bioprocess","description":"Aprende tudo o que a Asahi Kasei Bioprocess est\u00e1 a fazer para apoiar os nossos objectivos de sustentabilidade. Desempenhamos um papel significativo na contribui\u00e7\u00e3o para uma sociedade sustent\u00e1vel.","robots":{"index":"index","follow":"follow","max-snippet":"max-snippet:-1","max-image-preview":"max-image-preview:large","max-video-preview":"max-video-preview:-1"},"canonical":"https:\/\/fluidmgmt.ak-bio.com\/pt-pt\/empresa\/sustentabilidade\/","og_locale":"pt_PT","og_type":"article","og_title":"Promovendo a Sustentabilidade | Asahi Kasei Bioprocess","og_description":"Aprende tudo o que a Asahi Kasei Bioprocess est\u00e1 a fazer para apoiar os nossos objectivos de sustentabilidade. Desempenhamos um papel significativo na contribui\u00e7\u00e3o para uma sociedade sustent\u00e1vel.","og_url":"https:\/\/fluidmgmt.ak-bio.com\/pt-pt\/empresa\/sustentabilidade\/","og_site_name":"AK Bio - Fluid Management","article_modified_time":"2025-11-21T15:23:10+00:00","og_image":[{"width":1200,"height":687,"url":"https:\/\/fluidmgmt.ak-bio.com\/wp-content\/uploads\/2024\/09\/AKSustainability.png","type":"image\/png"}],"twitter_card":"summary_large_image","twitter_misc":{"Tempo estimado de leitura":"1 minuto"},"schema":{"@context":"https:\/\/schema.org","@graph":[{"@type":"WebPage","@id":"https:\/\/fluidmgmt.ak-bio.com\/pt-pt\/empresa\/sustentabilidade\/","url":"https:\/\/fluidmgmt.ak-bio.com\/pt-pt\/empresa\/sustentabilidade\/","name":"Promovendo a Sustentabilidade | Asahi Kasei Bioprocess","isPartOf":{"@id":"https:\/\/fluidmgmt.ak-bio.com\/pt-pt\/#website"},"primaryImageOfPage":{"@id":"https:\/\/fluidmgmt.ak-bio.com\/pt-pt\/empresa\/sustentabilidade\/#primaryimage"},"image":{"@id":"https:\/\/fluidmgmt.ak-bio.com\/pt-pt\/empresa\/sustentabilidade\/#primaryimage"},"thumbnailUrl":"https:\/\/fluidmgmt.ak-bio.com\/wp-content\/uploads\/2024\/09\/AKSustainability-768x440.png","datePublished":"2024-08-12T17:36:33+00:00","dateModified":"2025-11-21T15:23:10+00:00","description":"Aprende tudo o que a Asahi Kasei Bioprocess est\u00e1 a fazer para apoiar os nossos objectivos de sustentabilidade. Desempenhamos um papel significativo na contribui\u00e7\u00e3o para uma sociedade sustent\u00e1vel.","breadcrumb":{"@id":"https:\/\/fluidmgmt.ak-bio.com\/pt-pt\/empresa\/sustentabilidade\/#breadcrumb"},"inLanguage":"pt-PT","potentialAction":[{"@type":"ReadAction","target":["https:\/\/fluidmgmt.ak-bio.com\/pt-pt\/empresa\/sustentabilidade\/"]}]},{"@type":"ImageObject","inLanguage":"pt-PT","@id":"https:\/\/fluidmgmt.ak-bio.com\/pt-pt\/empresa\/sustentabilidade\/#primaryimage","url":"https:\/\/fluidmgmt.ak-bio.com\/wp-content\/uploads\/2024\/09\/AKSustainability-768x440.png","contentUrl":"https:\/\/fluidmgmt.ak-bio.com\/wp-content\/uploads\/2024\/09\/AKSustainability-768x440.png"},{"@type":"BreadcrumbList","@id":"https:\/\/fluidmgmt.ak-bio.com\/pt-pt\/empresa\/sustentabilidade\/#breadcrumb","itemListElement":[{"@type":"ListItem","position":1,"name":"Empresa","item":"https:\/\/fluidmgmt.ak-bio.com\/pt-pt\/empresa\/"},{"@type":"ListItem","position":2,"name":"Sustentabilidade"}]},{"@type":"WebSite","@id":"https:\/\/fluidmgmt.ak-bio.com\/pt-pt\/#website","url":"https:\/\/fluidmgmt.ak-bio.com\/pt-pt\/","name":"AK Bio - Fluid Management","description":"","publisher":{"@id":"https:\/\/fluidmgmt.ak-bio.com\/pt-pt\/#organization"},"potentialAction":[{"@type":"SearchAction","target":{"@type":"EntryPoint","urlTemplate":"https:\/\/fluidmgmt.ak-bio.com\/pt-pt\/?s={search_term_string}"},"query-input":{"@type":"PropertyValueSpecification","valueRequired":true,"valueName":"search_term_string"}}],"inLanguage":"pt-PT"},{"@type":"Organization","@id":"https:\/\/fluidmgmt.ak-bio.com\/pt-pt\/#organization","name":"AK Bio","url":"https:\/\/fluidmgmt.ak-bio.com\/pt-pt\/","logo":{"@type":"ImageObject","inLanguage":"pt-PT","@id":"https:\/\/fluidmgmt.ak-bio.com\/pt-pt\/#\/schema\/logo\/image\/","url":"https:\/\/fluidmgmt.ak-bio.com\/wp-content\/uploads\/2024\/04\/blue_ak_Logo.svg","contentUrl":"https:\/\/fluidmgmt.ak-bio.com\/wp-content\/uploads\/2024\/04\/blue_ak_Logo.svg","width":197,"height":50,"caption":"AK Bio"},"image":{"@id":"https:\/\/fluidmgmt.ak-bio.com\/pt-pt\/#\/schema\/logo\/image\/"},"sameAs":["https:\/\/www.linkedin.com\/company\/asahi-kasei-bioprocess-america\/"]}]}},"_links":{"self":[{"href":"https:\/\/fluidmgmt.ak-bio.com\/pt-pt\/wp-json\/wp\/v2\/pages\/23716","targetHints":{"allow":["GET"]}}],"collection":[{"href":"https:\/\/fluidmgmt.ak-bio.com\/pt-pt\/wp-json\/wp\/v2\/pages"}],"about":[{"href":"https:\/\/fluidmgmt.ak-bio.com\/pt-pt\/wp-json\/wp\/v2\/types\/page"}],"author":[{"embeddable":true,"href":"https:\/\/fluidmgmt.ak-bio.com\/pt-pt\/wp-json\/wp\/v2\/users\/8"}],"replies":[{"embeddable":true,"href":"https:\/\/fluidmgmt.ak-bio.com\/pt-pt\/wp-json\/wp\/v2\/comments?post=23716"}],"version-history":[{"count":0,"href":"https:\/\/fluidmgmt.ak-bio.com\/pt-pt\/wp-json\/wp\/v2\/pages\/23716\/revisions"}],"up":[{"embeddable":true,"href":"https:\/\/fluidmgmt.ak-bio.com\/pt-pt\/wp-json\/wp\/v2\/pages\/23959"}],"wp:attachment":[{"href":"https:\/\/fluidmgmt.ak-bio.com\/pt-pt\/wp-json\/wp\/v2\/media?parent=23716"}],"curies":[{"name":"wp","href":"https:\/\/api.w.org\/{rel}","templated":true}]}}