{"id":32330,"date":"2025-09-16T13:26:03","date_gmt":"2025-09-16T17:26:03","guid":{"rendered":"https:\/\/fluidmgmt.ak-bio.com\/manutencao-dos-selos\/"},"modified":"2025-11-21T10:23:43","modified_gmt":"2025-11-21T15:23:43","slug":"manutencao-dos-selos","status":"publish","type":"page","link":"https:\/\/fluidmgmt.ak-bio.com\/pt-pt\/manutencao-dos-selos\/","title":{"rendered":"Manuten\u00e7\u00e3o dos selos"},"content":{"rendered":"\t\t<div data-elementor-type=\"wp-page\" data-elementor-id=\"32330\" class=\"elementor elementor-32330 elementor-32260\" data-elementor-post-type=\"page\">\n\t\t\t\t<div class=\"elementor-element elementor-element-158fdb3 e-flex e-con-boxed e-con e-parent\" data-id=\"158fdb3\" data-element_type=\"container\" data-e-type=\"container\" data-settings=\"{&quot;background_background&quot;:&quot;classic&quot;}\">\n\t\t\t\t\t<div class=\"e-con-inner\">\n\t\t<div class=\"elementor-element elementor-element-8148235 e-con-full e-flex e-con e-child\" data-id=\"8148235\" data-element_type=\"container\" data-e-type=\"container\" data-settings=\"{&quot;position&quot;:&quot;absolute&quot;}\">\n\t\t\t\t<\/div>\n\t\t<div class=\"elementor-element elementor-element-b4caa04 e-con-full e-flex e-con e-child\" data-id=\"b4caa04\" data-element_type=\"container\" data-e-type=\"container\">\n\t\t\t\t<div class=\"elementor-element elementor-element-1ef8b85 elementor-widget elementor-widget-heading\" data-id=\"1ef8b85\" data-element_type=\"widget\" data-e-type=\"widget\" data-widget_type=\"heading.default\">\n\t\t\t\t<div class=\"elementor-widget-container\">\n\t\t\t\t\t<h1 class=\"elementor-heading-title elementor-size-default\">Manuten\u00e7\u00e3o dos selos<\/h1>\t\t\t\t<\/div>\n\t\t\t\t<\/div>\n\t\t\t\t<\/div>\n\t\t\t\t\t<\/div>\n\t\t\t\t<\/div>\n\t\t<div class=\"elementor-element elementor-element-454175c e-flex e-con-boxed e-con e-parent\" data-id=\"454175c\" data-element_type=\"container\" data-e-type=\"container\" data-settings=\"{&quot;background_background&quot;:&quot;gradient&quot;}\">\n\t\t\t\t\t<div class=\"e-con-inner\">\n\t\t<div class=\"elementor-element elementor-element-680594d e-con-full e-flex e-con e-child\" data-id=\"680594d\" data-element_type=\"container\" data-e-type=\"container\">\n\t\t<div class=\"elementor-element elementor-element-7eb034a e-con-full e-flex e-con e-child\" data-id=\"7eb034a\" data-element_type=\"container\" data-e-type=\"container\">\n\t\t\t\t<div class=\"elementor-element elementor-element-7970ae8 elementor-widget elementor-widget-heading\" data-id=\"7970ae8\" data-element_type=\"widget\" data-e-type=\"widget\" data-widget_type=\"heading.default\">\n\t\t\t\t<div class=\"elementor-widget-container\">\n\t\t\t\t\t<h2 class=\"elementor-heading-title elementor-size-default\">N\u00e3o deixes que os selos quebrem o teu lote: A manuten\u00e7\u00e3o proactiva \u00e9 importante<\/h2>\t\t\t\t<\/div>\n\t\t\t\t<\/div>\n\t\t\t\t<div class=\"elementor-element elementor-element-9727ab5 elementor-widget elementor-widget-text-editor\" data-id=\"9727ab5\" data-element_type=\"widget\" data-e-type=\"widget\" data-widget_type=\"text-editor.default\">\n\t\t\t\t<div class=\"elementor-widget-container\">\n\t\t\t\t\t\t\t\t\t<p>Lixivi\u00e1veis, extra\u00edveis e contamina\u00e7\u00e3o cruzada &#8211; esses riscos ocultos geralmente come\u00e7am com selos negligenciados. Nossos novos artigos e webinar revelam como um programa robusto de gerenciamento de selos pode proteger a pureza do produto e a seguran\u00e7a do paciente em instala\u00e7\u00f5es de fabrica\u00e7\u00e3o de produtos farmac\u00eauticos. <\/p>\t\t\t\t\t\t\t\t<\/div>\n\t\t\t\t<\/div>\n\t\t\t\t<div class=\"elementor-element elementor-element-94d52cf elementor-mobile-align-center elementor-widget-mobile__width-auto elementor-widget elementor-widget-button\" data-id=\"94d52cf\" data-element_type=\"widget\" data-e-type=\"widget\" data-widget_type=\"button.default\">\n\t\t\t\t<div class=\"elementor-widget-container\">\n\t\t\t\t\t\t\t\t\t<div class=\"elementor-button-wrapper\">\n\t\t\t\t\t<a class=\"elementor-button elementor-button-link elementor-size-sm\" href=\"https:\/\/fluidmgmt.ak-bio.com\/pt-pt\/contacto\/servico\/\">\n\t\t\t\t\t\t<span class=\"elementor-button-content-wrapper\">\n\t\t\t\t\t\t\t\t\t<span class=\"elementor-button-text\">Contactar o servi\u00e7o<\/span>\n\t\t\t\t\t<\/span>\n\t\t\t\t\t<\/a>\n\t\t\t\t<\/div>\n\t\t\t\t\t\t\t\t<\/div>\n\t\t\t\t<\/div>\n\t\t\t\t<\/div>\n\t\t<div class=\"elementor-element elementor-element-b5de6d6 e-con-full e-flex e-con e-child\" data-id=\"b5de6d6\" data-element_type=\"container\" data-e-type=\"container\">\n\t\t\t\t<div class=\"elementor-element elementor-element-c716a5c elementor-widget elementor-widget-video\" data-id=\"c716a5c\" data-element_type=\"widget\" data-e-type=\"widget\" data-settings=\"{&quot;youtube_url&quot;:&quot;https:\\\/\\\/youtu.be\\\/rn6p-qgT7Wg&quot;,&quot;video_type&quot;:&quot;youtube&quot;,&quot;controls&quot;:&quot;yes&quot;}\" data-widget_type=\"video.default\">\n\t\t\t\t<div class=\"elementor-widget-container\">\n\t\t\t\t\t\t\t<div class=\"elementor-wrapper elementor-open-inline\">\n\t\t\t<div class=\"elementor-video\"><\/div>\t\t<\/div>\n\t\t\t\t\t\t<\/div>\n\t\t\t\t<\/div>\n\t\t\t\t<\/div>\n\t\t\t\t<\/div>\n\t\t\t\t\t<\/div>\n\t\t\t\t<\/div>\n\t\t<div class=\"elementor-element elementor-element-b21435f e-flex e-con-boxed e-con e-parent\" data-id=\"b21435f\" data-element_type=\"container\" data-e-type=\"container\" data-settings=\"{&quot;background_background&quot;:&quot;gradient&quot;}\">\n\t\t\t\t\t<div class=\"e-con-inner\">\n\t\t<div class=\"elementor-element elementor-element-21c0fd8 e-con-full e-flex e-con e-child\" data-id=\"21c0fd8\" data-element_type=\"container\" data-e-type=\"container\">\n\t\t<div class=\"elementor-element elementor-element-73fe7bc e-con-full e-flex e-con e-child\" data-id=\"73fe7bc\" data-element_type=\"container\" data-e-type=\"container\">\n\t\t\t\t<div class=\"elementor-element elementor-element-d38d179 elementor-widget elementor-widget-heading\" data-id=\"d38d179\" data-element_type=\"widget\" data-e-type=\"widget\" data-widget_type=\"heading.default\">\n\t\t\t\t<div class=\"elementor-widget-container\">\n\t\t\t\t\t<h3 class=\"elementor-heading-title elementor-size-default\">O BLOGUE DA COLUNA<\/h3>\t\t\t\t<\/div>\n\t\t\t\t<\/div>\n\t\t\t\t<div class=\"elementor-element elementor-element-afb9981 elementor-widget elementor-widget-heading\" data-id=\"afb9981\" data-element_type=\"widget\" data-e-type=\"widget\" data-widget_type=\"heading.default\">\n\t\t\t\t<div class=\"elementor-widget-container\">\n\t\t\t\t\t<h2 class=\"elementor-heading-title elementor-size-default\">Hist\u00f3rias sobre a AK Bioprocess<\/h2>\t\t\t\t<\/div>\n\t\t\t\t<\/div>\n\t\t\t\t<\/div>\n\t\t<div class=\"elementor-element elementor-element-581d6a4 e-con-full e-flex e-con e-child\" data-id=\"581d6a4\" data-element_type=\"container\" data-e-type=\"container\">\n\t\t\t\t<div class=\"elementor-element elementor-element-d8a7da5 elementor-mobile-align-center elementor-widget-mobile__width-auto elementor-widget elementor-widget-button\" data-id=\"d8a7da5\" data-element_type=\"widget\" data-e-type=\"widget\" data-widget_type=\"button.default\">\n\t\t\t\t<div class=\"elementor-widget-container\">\n\t\t\t\t\t\t\t\t\t<div class=\"elementor-button-wrapper\">\n\t\t\t\t\t<a class=\"elementor-button elementor-button-link elementor-size-sm\" href=\"https:\/\/fluidmgmt.ak-bio.com\/pt-pt\/knowledge\/category\/sem-categoria\/\">\n\t\t\t\t\t\t<span class=\"elementor-button-content-wrapper\">\n\t\t\t\t\t\t\t\t\t<span class=\"elementor-button-text\">VER TODOS OS POSTS<\/span>\n\t\t\t\t\t<\/span>\n\t\t\t\t\t<\/a>\n\t\t\t\t<\/div>\n\t\t\t\t\t\t\t\t<\/div>\n\t\t\t\t<\/div>\n\t\t\t\t<\/div>\n\t\t\t\t<\/div>\n\t\t<div class=\"elementor-element elementor-element-a3d3dc4 e-con-full e-flex e-con e-child\" data-id=\"a3d3dc4\" data-element_type=\"container\" data-e-type=\"container\">\n\t\t\t\t<div class=\"elementor-element elementor-element-a7a14f8 elementor-widget elementor-widget-ucaddon_ue_listing_grid\" data-id=\"a7a14f8\" data-element_type=\"widget\" data-e-type=\"widget\" data-widget_type=\"ucaddon_ue_listing_grid.default\">\n\t\t\t\t<div class=\"elementor-widget-container\">\n\t\t\t\t\t\n<!-- start Loop Grid -->\n<style>\/* widget: Loop Grid *\/\n\n\r\n@keyframes uc_ue_listing_grid_elementor_a7a14f8__item-animation {\r\n  0% {\r\n            transform:scale(0.7);\r\n        \t        \tfilter: blur(10px);\r\n\t\t\t\r\n    \t    opacity: 0;\r\n  }\r\n  100% {\r\n            transform:scale(1);\r\n        \t            filter: blur(0px);\r\n            \r\n    \t\topacity: 1;\r\n  }\r\n}\r\n\r\n\r\n#uc_ue_listing_grid_elementor_a7a14f8 .ue-grid-item{\r\n\topacity:0;\r\n}\r\n\r\n\r\n#uc_ue_listing_grid_elementor_a7a14f8 .uc-entrance-animate {\r\n  opacity:1;\r\n}\r\n\r\n#uc_ue_listing_grid_elementor_a7a14f8 .uc-entrance-animate {\r\n\tanimation: uc_ue_listing_grid_elementor_a7a14f8__item-animation 0.6s cubic-bezier(0.470, 0.000, 0.745, 0.715) both;\r\n}\r\n\r\n\t\t\t\n\n#uc_ue_listing_grid_elementor_a7a14f8 {\n\t\n  \t      display: grid;\n    \n}\n\n#uc_ue_listing_grid_elementor_a7a14f8 .ue-grid-item{\n\tbox-sizing: border-box;\n    overflow:hidden;\n\t\n\n  \n}\n\n\n\n<\/style>\n\n<div class=\"ue-grid uc-items-wrapper uc-filterable-grid uc-dynamic-popup-grid\" id=\"uc_ue_listing_grid_elementor_a7a14f8\"  data-ajax='true'  data-filterbehave='ajax'  data-filtergroup='group1'  querydata='{&quot;count_posts&quot;:3,&quot;total_posts&quot;:3,&quot;page&quot;:1,&quot;num_pages&quot;:1}' data-template-id=\"662\">\n  \n<\/div>\n\n\n    <div id=\"uc_ue_listing_grid_elementor_a7a14f8_empty_message\" class=\"ue-no-posts-found\" >N\u00e3o foram encontradas mensagens<\/div>\n\n\n<!-- end Loop Grid -->\t\t\t\t<\/div>\n\t\t\t\t<\/div>\n\t\t\t\t<\/div>\n\t\t\t\t\t<\/div>\n\t\t\t\t<\/div>\n\t\t<div class=\"elementor-element elementor-element-08c66a9 e-flex e-con-boxed e-con e-parent\" data-id=\"08c66a9\" data-element_type=\"container\" data-e-type=\"container\" data-settings=\"{&quot;background_background&quot;:&quot;classic&quot;}\">\n\t\t\t\t\t<div class=\"e-con-inner\">\n\t\t<div class=\"elementor-element elementor-element-d975f21 e-con-full e-flex e-con e-child\" data-id=\"d975f21\" data-element_type=\"container\" data-e-type=\"container\" data-settings=\"{&quot;position&quot;:&quot;absolute&quot;}\">\n\t\t\t\t<\/div>\n\t\t<div class=\"elementor-element elementor-element-a0dac8e e-flex e-con-boxed e-con e-child\" data-id=\"a0dac8e\" data-element_type=\"container\" data-e-type=\"container\">\n\t\t\t\t\t<div class=\"e-con-inner\">\n\t\t\t\t<div class=\"elementor-element elementor-element-5b9caa4 elementor-widget elementor-widget-heading\" data-id=\"5b9caa4\" data-element_type=\"widget\" data-e-type=\"widget\" data-widget_type=\"heading.default\">\n\t\t\t\t<div class=\"elementor-widget-container\">\n\t\t\t\t\t<h2 class=\"elementor-heading-title elementor-size-default\">847 Programa Continuum<\/h2>\t\t\t\t<\/div>\n\t\t\t\t<\/div>\n\t\t\t\t<div class=\"elementor-element elementor-element-daa0da4 elementor-widget elementor-widget-text-editor\" data-id=\"daa0da4\" data-element_type=\"widget\" data-e-type=\"widget\" data-widget_type=\"text-editor.default\">\n\t\t\t\t<div class=\"elementor-widget-container\">\n\t\t\t\t\t\t\t\t\t<p>Permite a continuidade da produ\u00e7\u00e3o com um conjunto abrangente de pe\u00e7as e servi\u00e7os p\u00f3s-venda.<\/p>\t\t\t\t\t\t\t\t<\/div>\n\t\t\t\t<\/div>\n\t\t\t\t<div class=\"elementor-element elementor-element-18d8a93 elementor-mobile-align-center elementor-widget-mobile__width-auto elementor-align-right elementor-widget elementor-widget-button\" data-id=\"18d8a93\" data-element_type=\"widget\" data-e-type=\"widget\" data-widget_type=\"button.default\">\n\t\t\t\t<div class=\"elementor-widget-container\">\n\t\t\t\t\t\t\t\t\t<div class=\"elementor-button-wrapper\">\n\t\t\t\t\t<a class=\"elementor-button elementor-button-link elementor-size-sm\" href=\"https:\/\/fluidmgmt.ak-bio.com\/pt-pt\/apoia\/847-continuum\/\">\n\t\t\t\t\t\t<span class=\"elementor-button-content-wrapper\">\n\t\t\t\t\t\t\t\t\t<span class=\"elementor-button-text\">Descobre<\/span>\n\t\t\t\t\t<\/span>\n\t\t\t\t\t<\/a>\n\t\t\t\t<\/div>\n\t\t\t\t\t\t\t\t<\/div>\n\t\t\t\t<\/div>\n\t\t\t\t\t<\/div>\n\t\t\t\t<\/div>\n\t\t\t\t\t<\/div>\n\t\t\t\t<\/div>\n\t\t\t\t<\/div>\n\t\t","protected":false},"excerpt":{"rendered":"<p>Manuten\u00e7\u00e3o dos selos N\u00e3o deixes que os selos quebrem o teu lote: A manuten\u00e7\u00e3o proactiva \u00e9 importante Lixivi\u00e1veis, extra\u00edveis e contamina\u00e7\u00e3o cruzada &#8211; esses riscos ocultos geralmente come\u00e7am com selos negligenciados. Nossos novos artigos e webinar revelam como um programa robusto de gerenciamento de selos pode proteger a pureza do produto e a seguran\u00e7a do [&hellip;]<\/p>\n","protected":false},"author":19,"featured_media":32254,"parent":0,"menu_order":0,"comment_status":"closed","ping_status":"closed","template":"","meta":{"_acf_changed":false,"footnotes":""},"class_list":["post-32330","page","type-page","status-publish","has-post-thumbnail","hentry"],"acf":[],"yoast_head":"<!-- This site is optimized with the Yoast SEO plugin v27.1.1 - https:\/\/yoast.com\/product\/yoast-seo-wordpress\/ -->\n<title>Manuten\u00e7\u00e3o dos selos - AK Bio - Fluid Management<\/title>\n<meta name=\"robots\" content=\"index, follow, max-snippet:-1, max-image-preview:large, max-video-preview:-1\" \/>\n<link rel=\"canonical\" href=\"https:\/\/fluidmgmt.ak-bio.com\/pt-pt\/manutencao-dos-selos\/\" \/>\n<meta property=\"og:locale\" content=\"pt_PT\" \/>\n<meta property=\"og:type\" content=\"article\" \/>\n<meta property=\"og:title\" content=\"Manuten\u00e7\u00e3o dos selos - AK Bio - Fluid Management\" \/>\n<meta property=\"og:description\" content=\"Manuten\u00e7\u00e3o dos selos N\u00e3o deixes que os selos quebrem o teu lote: A manuten\u00e7\u00e3o proactiva \u00e9 importante Lixivi\u00e1veis, extra\u00edveis e contamina\u00e7\u00e3o cruzada &#8211; esses riscos ocultos geralmente come\u00e7am com selos negligenciados. Nossos novos artigos e webinar revelam como um programa robusto de gerenciamento de selos pode proteger a pureza do produto e a seguran\u00e7a do [&hellip;]\" \/>\n<meta property=\"og:url\" content=\"https:\/\/fluidmgmt.ak-bio.com\/pt-pt\/manutencao-dos-selos\/\" \/>\n<meta property=\"og:site_name\" content=\"AK Bio - Fluid Management\" \/>\n<meta property=\"article:modified_time\" content=\"2025-11-21T15:23:43+00:00\" \/>\n<meta property=\"og:image\" content=\"https:\/\/fluidmgmt.ak-bio.com\/wp-content\/uploads\/2025\/09\/header-hoses.jpg\" \/>\n\t<meta property=\"og:image:width\" content=\"1920\" \/>\n\t<meta property=\"og:image:height\" content=\"1097\" \/>\n\t<meta property=\"og:image:type\" content=\"image\/jpeg\" \/>\n<meta name=\"twitter:card\" content=\"summary_large_image\" \/>\n<meta name=\"twitter:label1\" content=\"Tempo estimado de leitura\" \/>\n\t<meta name=\"twitter:data1\" content=\"1 minuto\" \/>\n<script type=\"application\/ld+json\" class=\"yoast-schema-graph\">{\"@context\":\"https:\/\/schema.org\",\"@graph\":[{\"@type\":\"WebPage\",\"@id\":\"https:\/\/fluidmgmt.ak-bio.com\/pt-pt\/manutencao-dos-selos\/\",\"url\":\"https:\/\/fluidmgmt.ak-bio.com\/pt-pt\/manutencao-dos-selos\/\",\"name\":\"Manuten\u00e7\u00e3o dos selos - AK Bio - Fluid Management\",\"isPartOf\":{\"@id\":\"https:\/\/fluidmgmt.ak-bio.com\/pt-pt\/#website\"},\"primaryImageOfPage\":{\"@id\":\"https:\/\/fluidmgmt.ak-bio.com\/pt-pt\/manutencao-dos-selos\/#primaryimage\"},\"image\":{\"@id\":\"https:\/\/fluidmgmt.ak-bio.com\/pt-pt\/manutencao-dos-selos\/#primaryimage\"},\"thumbnailUrl\":\"https:\/\/fluidmgmt.ak-bio.com\/wp-content\/uploads\/2025\/09\/header-hoses.jpg\",\"datePublished\":\"2025-09-16T17:26:03+00:00\",\"dateModified\":\"2025-11-21T15:23:43+00:00\",\"inLanguage\":\"pt-PT\",\"potentialAction\":[{\"@type\":\"ReadAction\",\"target\":[\"https:\/\/fluidmgmt.ak-bio.com\/pt-pt\/manutencao-dos-selos\/\"]}]},{\"@type\":\"ImageObject\",\"inLanguage\":\"pt-PT\",\"@id\":\"https:\/\/fluidmgmt.ak-bio.com\/pt-pt\/manutencao-dos-selos\/#primaryimage\",\"url\":\"https:\/\/fluidmgmt.ak-bio.com\/wp-content\/uploads\/2025\/09\/header-hoses.jpg\",\"contentUrl\":\"https:\/\/fluidmgmt.ak-bio.com\/wp-content\/uploads\/2025\/09\/header-hoses.jpg\",\"width\":1920,\"height\":1097},{\"@type\":\"WebSite\",\"@id\":\"https:\/\/fluidmgmt.ak-bio.com\/pt-pt\/#website\",\"url\":\"https:\/\/fluidmgmt.ak-bio.com\/pt-pt\/\",\"name\":\"AK Bio - Fluid Management\",\"description\":\"\",\"publisher\":{\"@id\":\"https:\/\/fluidmgmt.ak-bio.com\/pt-pt\/#organization\"},\"potentialAction\":[{\"@type\":\"SearchAction\",\"target\":{\"@type\":\"EntryPoint\",\"urlTemplate\":\"https:\/\/fluidmgmt.ak-bio.com\/pt-pt\/?s={search_term_string}\"},\"query-input\":{\"@type\":\"PropertyValueSpecification\",\"valueRequired\":true,\"valueName\":\"search_term_string\"}}],\"inLanguage\":\"pt-PT\"},{\"@type\":\"Organization\",\"@id\":\"https:\/\/fluidmgmt.ak-bio.com\/pt-pt\/#organization\",\"name\":\"AK Bio\",\"url\":\"https:\/\/fluidmgmt.ak-bio.com\/pt-pt\/\",\"logo\":{\"@type\":\"ImageObject\",\"inLanguage\":\"pt-PT\",\"@id\":\"https:\/\/fluidmgmt.ak-bio.com\/pt-pt\/#\/schema\/logo\/image\/\",\"url\":\"https:\/\/fluidmgmt.ak-bio.com\/wp-content\/uploads\/2024\/04\/blue_ak_Logo.svg\",\"contentUrl\":\"https:\/\/fluidmgmt.ak-bio.com\/wp-content\/uploads\/2024\/04\/blue_ak_Logo.svg\",\"width\":197,\"height\":50,\"caption\":\"AK Bio\"},\"image\":{\"@id\":\"https:\/\/fluidmgmt.ak-bio.com\/pt-pt\/#\/schema\/logo\/image\/\"},\"sameAs\":[\"https:\/\/www.linkedin.com\/company\/asahi-kasei-bioprocess-america\/\"]}]}<\/script>\n<!-- \/ Yoast SEO plugin. -->","yoast_head_json":{"title":"Manuten\u00e7\u00e3o dos selos - AK Bio - Fluid Management","robots":{"index":"index","follow":"follow","max-snippet":"max-snippet:-1","max-image-preview":"max-image-preview:large","max-video-preview":"max-video-preview:-1"},"canonical":"https:\/\/fluidmgmt.ak-bio.com\/pt-pt\/manutencao-dos-selos\/","og_locale":"pt_PT","og_type":"article","og_title":"Manuten\u00e7\u00e3o dos selos - AK Bio - Fluid Management","og_description":"Manuten\u00e7\u00e3o dos selos N\u00e3o deixes que os selos quebrem o teu lote: A manuten\u00e7\u00e3o proactiva \u00e9 importante Lixivi\u00e1veis, extra\u00edveis e contamina\u00e7\u00e3o cruzada &#8211; esses riscos ocultos geralmente come\u00e7am com selos negligenciados. Nossos novos artigos e webinar revelam como um programa robusto de gerenciamento de selos pode proteger a pureza do produto e a seguran\u00e7a do [&hellip;]","og_url":"https:\/\/fluidmgmt.ak-bio.com\/pt-pt\/manutencao-dos-selos\/","og_site_name":"AK Bio - Fluid Management","article_modified_time":"2025-11-21T15:23:43+00:00","og_image":[{"width":1920,"height":1097,"url":"https:\/\/fluidmgmt.ak-bio.com\/wp-content\/uploads\/2025\/09\/header-hoses.jpg","type":"image\/jpeg"}],"twitter_card":"summary_large_image","twitter_misc":{"Tempo estimado de leitura":"1 minuto"},"schema":{"@context":"https:\/\/schema.org","@graph":[{"@type":"WebPage","@id":"https:\/\/fluidmgmt.ak-bio.com\/pt-pt\/manutencao-dos-selos\/","url":"https:\/\/fluidmgmt.ak-bio.com\/pt-pt\/manutencao-dos-selos\/","name":"Manuten\u00e7\u00e3o dos selos - AK Bio - Fluid Management","isPartOf":{"@id":"https:\/\/fluidmgmt.ak-bio.com\/pt-pt\/#website"},"primaryImageOfPage":{"@id":"https:\/\/fluidmgmt.ak-bio.com\/pt-pt\/manutencao-dos-selos\/#primaryimage"},"image":{"@id":"https:\/\/fluidmgmt.ak-bio.com\/pt-pt\/manutencao-dos-selos\/#primaryimage"},"thumbnailUrl":"https:\/\/fluidmgmt.ak-bio.com\/wp-content\/uploads\/2025\/09\/header-hoses.jpg","datePublished":"2025-09-16T17:26:03+00:00","dateModified":"2025-11-21T15:23:43+00:00","inLanguage":"pt-PT","potentialAction":[{"@type":"ReadAction","target":["https:\/\/fluidmgmt.ak-bio.com\/pt-pt\/manutencao-dos-selos\/"]}]},{"@type":"ImageObject","inLanguage":"pt-PT","@id":"https:\/\/fluidmgmt.ak-bio.com\/pt-pt\/manutencao-dos-selos\/#primaryimage","url":"https:\/\/fluidmgmt.ak-bio.com\/wp-content\/uploads\/2025\/09\/header-hoses.jpg","contentUrl":"https:\/\/fluidmgmt.ak-bio.com\/wp-content\/uploads\/2025\/09\/header-hoses.jpg","width":1920,"height":1097},{"@type":"WebSite","@id":"https:\/\/fluidmgmt.ak-bio.com\/pt-pt\/#website","url":"https:\/\/fluidmgmt.ak-bio.com\/pt-pt\/","name":"AK Bio - Fluid Management","description":"","publisher":{"@id":"https:\/\/fluidmgmt.ak-bio.com\/pt-pt\/#organization"},"potentialAction":[{"@type":"SearchAction","target":{"@type":"EntryPoint","urlTemplate":"https:\/\/fluidmgmt.ak-bio.com\/pt-pt\/?s={search_term_string}"},"query-input":{"@type":"PropertyValueSpecification","valueRequired":true,"valueName":"search_term_string"}}],"inLanguage":"pt-PT"},{"@type":"Organization","@id":"https:\/\/fluidmgmt.ak-bio.com\/pt-pt\/#organization","name":"AK Bio","url":"https:\/\/fluidmgmt.ak-bio.com\/pt-pt\/","logo":{"@type":"ImageObject","inLanguage":"pt-PT","@id":"https:\/\/fluidmgmt.ak-bio.com\/pt-pt\/#\/schema\/logo\/image\/","url":"https:\/\/fluidmgmt.ak-bio.com\/wp-content\/uploads\/2024\/04\/blue_ak_Logo.svg","contentUrl":"https:\/\/fluidmgmt.ak-bio.com\/wp-content\/uploads\/2024\/04\/blue_ak_Logo.svg","width":197,"height":50,"caption":"AK Bio"},"image":{"@id":"https:\/\/fluidmgmt.ak-bio.com\/pt-pt\/#\/schema\/logo\/image\/"},"sameAs":["https:\/\/www.linkedin.com\/company\/asahi-kasei-bioprocess-america\/"]}]}},"_links":{"self":[{"href":"https:\/\/fluidmgmt.ak-bio.com\/pt-pt\/wp-json\/wp\/v2\/pages\/32330","targetHints":{"allow":["GET"]}}],"collection":[{"href":"https:\/\/fluidmgmt.ak-bio.com\/pt-pt\/wp-json\/wp\/v2\/pages"}],"about":[{"href":"https:\/\/fluidmgmt.ak-bio.com\/pt-pt\/wp-json\/wp\/v2\/types\/page"}],"author":[{"embeddable":true,"href":"https:\/\/fluidmgmt.ak-bio.com\/pt-pt\/wp-json\/wp\/v2\/users\/19"}],"replies":[{"embeddable":true,"href":"https:\/\/fluidmgmt.ak-bio.com\/pt-pt\/wp-json\/wp\/v2\/comments?post=32330"}],"version-history":[{"count":0,"href":"https:\/\/fluidmgmt.ak-bio.com\/pt-pt\/wp-json\/wp\/v2\/pages\/32330\/revisions"}],"wp:featuredmedia":[{"embeddable":true,"href":"https:\/\/fluidmgmt.ak-bio.com\/pt-pt\/wp-json\/wp\/v2\/media\/32254"}],"wp:attachment":[{"href":"https:\/\/fluidmgmt.ak-bio.com\/pt-pt\/wp-json\/wp\/v2\/media?parent=32330"}],"curies":[{"name":"wp","href":"https:\/\/api.w.org\/{rel}","templated":true}]}}