{"id":22515,"date":"2024-04-04T22:05:21","date_gmt":"2024-04-05T02:05:21","guid":{"rendered":"https:\/\/fluidmgmt.ak-bio.com\/integritetspolicy\/"},"modified":"2025-11-24T10:47:28","modified_gmt":"2025-11-24T15:47:28","slug":"integritetspolicy","status":"publish","type":"page","link":"https:\/\/fluidmgmt.ak-bio.com\/sv\/integritetspolicy\/","title":{"rendered":"Integritetspolicy"},"content":{"rendered":"\t\t<div data-elementor-type=\"wp-page\" data-elementor-id=\"22515\" class=\"elementor elementor-22515 elementor-3\" data-elementor-post-type=\"page\">\n\t\t\t\t<div class=\"elementor-element elementor-element-63d45b3e e-flex e-con-boxed e-con e-parent\" data-id=\"63d45b3e\" data-element_type=\"container\" data-e-type=\"container\" data-settings=\"{&quot;background_background&quot;:&quot;classic&quot;}\">\n\t\t\t\t\t<div class=\"e-con-inner\">\n\t\t\t\t<div class=\"elementor-element elementor-element-7a4fdd61 elementor-widget elementor-widget-text-editor\" data-id=\"7a4fdd61\" data-element_type=\"widget\" data-e-type=\"widget\" data-widget_type=\"text-editor.default\">\n\t\t\t\t<div class=\"elementor-widget-container\">\n\t\t\t\t\t\t\t\t\t<h1><span style=\"color: #002948;\">Integritetspolicy<\/span><\/h1>\n\n<p>I samband med aff\u00e4rsverksamhet f\u00e5r Asahi Kasei Group*\u00d6ppna nytt f\u00f6nster personuppgifter som namn, postadresser, telefonnummer och e-postadresser fr\u00e5n konsumenter, kunder, leverant\u00f6rer, aktie\u00e4gare och andra, ut\u00f6ver de personuppgifter om v\u00e5ra chefer och anst\u00e4llda som vi innehar. Vi \u00e4r omega replica engagerade i att uppr\u00e4tth\u00e5lla integriteten och s\u00e4kerheten f\u00f6r denna personliga information och att se till att den hanteras p\u00e5 l\u00e4mpligt s\u00e4tt i enlighet med denna policy. <br><br>Eftersom denna policy kan komma att revideras rekommenderar vi att du l\u00e4ser denna sida igen fr\u00e5n tid till annan.<\/p>\n\n<ul>\n<li>Vi hanterar personuppgifter p\u00e5 ett korrekt s\u00e4tt och i enlighet med lagen om skydd f\u00f6r personuppgifter och andra till\u00e4mpliga f\u00f6rfattningar samt i enlighet med allm\u00e4nt accepterade normer och standarder.<\/li>\n\n<li>Vi ser till att personalen inom hela Asahi Kasei-koncernen f\u00f6rst\u00e5r och f\u00f6ljer f\u00f6retagets standarder och best\u00e4mmelser f\u00f6r hantering av personuppgifter.<\/li>\n\n<li>Vi anv\u00e4nder personlig information endast f\u00f6r de specifika \u00e4ndam\u00e5l som har angetts eller meddelats vid tidpunkten f\u00f6r mottagandet.<\/li>\n\n<li>Vi vidtar l\u00e4mpliga \u00e5tg\u00e4rder f\u00f6r underh\u00e5ll och hantering av personuppgifter f\u00f6r att s\u00e4kerst\u00e4lla mot obeh\u00f6rig \u00e4ndring, avsl\u00f6jande och f\u00f6rlust av personuppgifter.<\/li>\n\n<li>Vi kommer att svara i god tro p\u00e5 f\u00f6rfr\u00e5gningar fr\u00e5n dig om att bekr\u00e4fta, revidera, upph\u00f6ra med att anv\u00e4nda eller radera dina personuppgifter.<\/li>\n<\/ul>\n\n<p>Specifikationerna beskrivs nedan.<\/p>\n\n<p> <\/p>\n\n<h3 class=\"wp-block-heading\">Syfte med anv\u00e4ndningen<\/h3>\n\n<p>De syften f\u00f6r vilka personlig information kan anv\u00e4ndas av Asahi Kasei-koncernens f\u00f6retag beskrivs nedan. Vissa f\u00f6retag i Asahi Kasei-koncernen inkluderar ytterligare syften som beskrivs i den integritetspolicy som g\u00e4ller f\u00f6r deras respektive webbplatser eller delar av denna webbplats. <\/p>\n\n<ul>\n<li>Svar p\u00e5 fr\u00e5gor eller f\u00f6rfr\u00e5gningar.<\/li>\n\n<li>Tillhandah\u00e5llande, ackumulering, unders\u00f6kning och studier av, samt respons p\u00e5, information relaterad till produkter och tj\u00e4nster.<\/li>\n\n<li>Meddelande om m\u00e4ssor eller andra evenemang som r\u00f6r produkter och tj\u00e4nster.<\/li>\n\n<li>\u00d6verl\u00e4mnande av g\u00e5vor eller bel\u00f6ningar som vunnits i lotterier eller t\u00e4vlingar.<\/li>\n\n<li>F\u00f6rfr\u00e5gningar, kommunikation (inklusive distribution av rapporter), samr\u00e5d, diskussioner, studier, avtal, best\u00e4llning och mottagande av order, leverans, fakturering, mottagande av betalning, \u00f6verf\u00f6ring av betalning och hantering av krediter och skulder i samband med kommersiella transaktioner, Responsible Care, investerarrelationer, finansiella transaktioner och pensionsfondsf\u00f6rvaltning.<\/li>\n\n<li>Unders\u00f6kningar och studier av, och svar p\u00e5, omst\u00e4ndigheter kring anv\u00e4ndning av produkter och tj\u00e4nster och behov relaterade till dessa.<\/li>\n\n<li>Hantering av in- och utpassering av personer och fordon till Asahi Kasei Groups anl\u00e4ggningar.<\/li>\n\n<li>Samarbete med samh\u00e4llen d\u00e4r Asahi Kasei Groups anl\u00e4ggningar \u00e4r bel\u00e4gna.<\/li>\n\n<li>Underr\u00e4ttelse och rapportering till statliga myndigheter, kommunala kontor och offentliga organ.<\/li>\n<\/ul>\n\n<p> <\/p>\n\n<h3 class=\"wp-block-heading\">Delad anv\u00e4ndning<\/h3>\n\n<p>Asahi Kasei Corporation kan dela personuppgifter med f\u00f6retag inom Asahi Kasei-koncernen enligt nedan. Vissa f\u00f6retag i Asahi Kasei-koncernen inkluderar ytterligare delad anv\u00e4ndning som beskrivs i den integritetspolicy som \u00e4r specifik f\u00f6r deras respektive webbplatser eller delar av denna webbplats. <\/p>\n\n<figure class=\"wp-block-table\">\n<table>\n<tbody>\n<tr>\n<th>Information som \u00e4r f\u00f6rem\u00e5l f\u00f6r delad anv\u00e4ndning<\/th>\n<th>Syfte med delad anv\u00e4ndning<\/th>\n<th>Ansvarig part<\/th>\n<\/tr>\n<tr>\n<td>Namn och kontaktinformation som innehas av General Affairs<\/td>\n<td>L\u00e4mpligt svar p\u00e5 f\u00f6rfr\u00e5gningar och f\u00f6rfr\u00e5gningar<\/td>\n<td>General Manager f\u00f6r allm\u00e4nna fr\u00e5gor<\/td>\n<\/tr>\n<tr>\n<td>Namn och kontaktinformation som innehas av Corporate Procurement &amp; Logistics<\/td>\n<td>Utf\u00f6rande av uppgifter relaterade till upphandling<\/td>\n<td>General Manager f\u00f6r Corporate Procurement &amp; Logistics<\/td>\n<\/tr>\n<tr>\n<td>Namn och kontaktinformation som innehas av Corporate Accounting &amp; Control och Corporate Finance<\/td>\n<td>Hantering av krediter och skulder, hantering av betalningar<\/td>\n<td>General Manager f\u00f6r Corporate Accounting &amp; Control och General Manager f\u00f6r Corporate Finance<\/td>\n<\/tr>\n<tr>\n<td>Ernst H\u00e4ndel<\/td>\n<td>Roland Mendel<\/td>\n<td>\u00d6sterrike<\/td>\n<\/tr>\n<\/tbody>\n<\/table>\n<\/figure>\n\n<p> <\/p>\n\n<h3 class=\"wp-block-heading\">Utl\u00e4mnande till tredje part<\/h3>\n\n<p>I de fall det blir n\u00f6dv\u00e4ndigt att l\u00e4mna ut personuppgifter till underleverant\u00f6rer i samband med outsourcing, ing\u00e5r Asahi Kasei-koncernens f\u00f6retag avtal med underleverant\u00f6rerna som kr\u00e4ver att s\u00e5dana personuppgifter hanteras i enlighet med Asahi Kasei-koncernens standarder. Underleverant\u00f6rernas hantering av personuppgifter \u00f6vervakas och kontrolleras f\u00f6r att s\u00e4kerst\u00e4lla efterlevnad. <br><br>De enda \u00f6vriga fall d\u00e4r personuppgifter l\u00e4mnas ut till tredje part beskrivs nedan.<\/p>\n\n<ul>\n<li>Om vi har f\u00e5tt ditt f\u00f6rhandsgodk\u00e4nnande att g\u00f6ra det.<\/li>\n\n<li>Om m\u00f6jligheten till s\u00e5dant utl\u00e4mnande tydligt angavs vid den tidpunkt d\u00e5 personuppgifterna mottogs.<\/li>\n\n<li>Om ett l\u00e4mpligt svar p\u00e5 en f\u00f6rfr\u00e5gan eller beg\u00e4ran kr\u00e4ver utl\u00e4mnande till ett f\u00f6retag inom Asahi Kasei-koncernen.<\/li>\n\n<li>Om information i en form som utesluter personlig identifiering l\u00e4mnas ut f\u00f6r statistisk analys.<\/li>\n\n<li>Om fusion, separation av f\u00f6retag eller f\u00f6retags\u00f6verl\u00e5telse kr\u00e4ver utl\u00e4mnande f\u00f6r att \u00f6verta verksamheten.<\/li>\n\n<li>Om det kr\u00e4vs enligt lag eller annan f\u00f6rfattning.<\/li>\n\n<li>Om det \u00e4r n\u00f6dv\u00e4ndigt f\u00f6r att skydda en persons liv, h\u00e4lsa eller tillg\u00e5ngar och vi inte kan f\u00e5 ditt f\u00f6rhandsgodk\u00e4nnande.<\/li>\n\n<li>Samarbete med samh\u00e4llen d\u00e4r Asahi Kasei Groups anl\u00e4ggningar \u00e4r bel\u00e4gna.<\/li>\n\n<li>Om det kr\u00e4vs i samband med samarbete med statliga myndigheter och om erh\u00e5llande av ditt f\u00f6rhandsgodk\u00e4nnande skulle hindra myndigheterna i utf\u00f6randet av sina uppgifter.<\/li>\n<\/ul>\n\n<p> <\/p>\n\n<h3 class=\"wp-block-heading\">F\u00f6rfr\u00e5gningar om personlig information<\/h3>\n\n<ul>\n<li><strong>Bekr\u00e4ftelse<\/strong><br>F\u00f6r din granskning och bekr\u00e4ftelse kan du beg\u00e4ra att vi l\u00e4mnar ut de sparade personuppgifter om dig som vi innehar. Efter att ha verifierat att den person som g\u00f6r en s\u00e5dan beg\u00e4ran \u00e4r den person f\u00f6r vilken utl\u00e4mnande beg\u00e4rs eller en vederb\u00f6rligen auktoriserad fullmakt fr\u00e5n denna, kommer vi att svara inom rimlig tid och i rimlig omfattning. <\/li>\n\n<li><strong>R\u00e4ttelse,<\/strong> revidering<br>Du kan beg\u00e4ra att vi r\u00e4ttar eller reviderar de lagrade personuppgifter om dig som vi innehar. Efter att ha kontrollerat att identiteten p\u00e5 den person som g\u00f6r en s\u00e5dan beg\u00e4ran \u00e4r den person f\u00f6r vilken korrigering eller revidering beg\u00e4rs eller en vederb\u00f6rligen auktoriserad fullmakt fr\u00e5n denna, kommer vi att svara inom rimlig tid och i rimlig utstr\u00e4ckning om de uppgifter vi har \u00e4r felaktiga. <\/li>\n\n<li>Upph\u00f6rande av anv\u00e4ndning, <strong>radering<\/strong><br>Du kan beg\u00e4ra att vi upph\u00f6r att anv\u00e4nda eller raderar de sparade personuppgifter om dig som vi har. Efter att ha kontrollerat att identiteten p\u00e5 den person som g\u00f6r en s\u00e5dan beg\u00e4ran \u00e4r den person f\u00f6r vilken upph\u00f6rande av anv\u00e4ndning eller radering beg\u00e4rs eller en vederb\u00f6rligen auktoriserad fullmakt fr\u00e5n denna, kommer vi att svara inom rimlig tid och i rimlig utstr\u00e4ckning.<br>Observera att upph\u00f6rande av anv\u00e4ndning eller radering av en del eller alla aaa replica watches av din personliga information kan hindra oss fr\u00e5n att tillhandah\u00e5lla dig vissa tj\u00e4nster. Observera ocks\u00e5 att relevanta f\u00f6rordningar f\u00f6reskriver att vi kan v\u00e4gra att uppfylla en s\u00e5dan beg\u00e4ran i vissa fall.  <\/li>\n\n<li><strong>Upph\u00f6rande av anv\u00e4ndning, radering<\/strong><br>Beg\u00e4ran om bekr\u00e4ftelse, korrigering, revidering, upph\u00f6rande av anv\u00e4ndning eller radering av lagrade personuppgifter kan g\u00f6ras via fr\u00e5geformul\u00e4ret, per fax till +81-(0)3-3296-3161 eller per post till Corporate Affairs, 1-105 Kanda Jinbocho, Chiyoda-ku, Tokyo 101-8101, Japan.<br>Om dina personuppgifter har l\u00e4mnats till oss via Asahi Kasei-koncernens f\u00f6retagswebbplatser eller delar av denna webbplats som har en separat integritetspolicy, h\u00e4nvisar vi till kontaktuppgifterna i den integritetspolicyn.<\/li>\n\n<li><strong>Hanteringsavgift<\/strong><br>Kostnader som vi \u00e5drar oss f\u00f6r att uppfylla en beg\u00e4ran om bekr\u00e4ftelse, r\u00e4ttelse, revidering, upph\u00f6rande av anv\u00e4ndning eller radering av lagrade personuppgifter kan debiteras dig eller ditt ombud som en hanteringsavgift.<\/li>\n<\/ul>\n\n<div class=\"wp-block-spacer\" style=\"height: 100px;\" aria-hidden=\"true\"> <\/div>\n\t\t\t\t\t\t\t\t<\/div>\n\t\t\t\t<\/div>\n\t\t\t\t\t<\/div>\n\t\t\t\t<\/div>\n\t\t<div class=\"elementor-element elementor-element-7564ee34 e-flex e-con-boxed e-con e-parent\" data-id=\"7564ee34\" data-element_type=\"container\" data-e-type=\"container\" data-settings=\"{&quot;background_background&quot;:&quot;classic&quot;}\">\n\t\t\t\t\t<div class=\"e-con-inner\">\n\t\t<div class=\"elementor-element elementor-element-730accc e-con-full e-flex e-con e-child\" data-id=\"730accc\" data-element_type=\"container\" data-e-type=\"container\" data-settings=\"{&quot;position&quot;:&quot;absolute&quot;}\">\n\t\t\t\t<\/div>\n\t\t<div class=\"elementor-element elementor-element-e4c97f4 e-con-full e-flex e-con e-child\" data-id=\"e4c97f4\" data-element_type=\"container\" data-e-type=\"container\" data-settings=\"{&quot;background_background&quot;:&quot;slideshow&quot;,&quot;background_slideshow_gallery&quot;:[],&quot;background_slideshow_loop&quot;:&quot;yes&quot;,&quot;background_slideshow_slide_duration&quot;:5000,&quot;background_slideshow_slide_transition&quot;:&quot;fade&quot;,&quot;background_slideshow_transition_duration&quot;:500}\">\n\t\t\t\t<div class=\"elementor-element elementor-element-c3d86d1 elementor-widget elementor-widget-heading\" data-id=\"c3d86d1\" data-element_type=\"widget\" data-e-type=\"widget\" data-widget_type=\"heading.default\">\n\t\t\t\t<div class=\"elementor-widget-container\">\n\t\t\t\t\t<h2 class=\"elementor-heading-title elementor-size-default\">Asahi Kasei Group<\/h2>\t\t\t\t<\/div>\n\t\t\t\t<\/div>\n\t\t\t\t<div class=\"elementor-element elementor-element-63f8e68 elementor-widget elementor-widget-text-editor\" data-id=\"63f8e68\" data-element_type=\"widget\" data-e-type=\"widget\" data-widget_type=\"text-editor.default\">\n\t\t\t\t<div class=\"elementor-widget-container\">\n\t\t\t\t\t\t\t\t\t<p>Vi, Asahi Kasei-koncernen, bidrar till liv och leverne f\u00f6r m\u00e4nniskor runt om i v\u00e4rlden.<\/p>\t\t\t\t\t\t\t\t<\/div>\n\t\t\t\t<\/div>\n\t\t\t\t<div class=\"elementor-element elementor-element-9b02127 elementor-mobile-align-center elementor-widget-mobile__width-auto elementor-align-left elementor-widget elementor-widget-button\" data-id=\"9b02127\" data-element_type=\"widget\" data-e-type=\"widget\" data-widget_type=\"button.default\">\n\t\t\t\t<div class=\"elementor-widget-container\">\n\t\t\t\t\t\t\t\t\t<div class=\"elementor-button-wrapper\">\n\t\t\t\t\t<a class=\"elementor-button elementor-button-link elementor-size-sm\" href=\"https:\/\/www.asahi-kasei.com\/\">\n\t\t\t\t\t\t<span class=\"elementor-button-content-wrapper\">\n\t\t\t\t\t\t\t\t\t<span class=\"elementor-button-text\">L\u00e4r dig mer<\/span>\n\t\t\t\t\t<\/span>\n\t\t\t\t\t<\/a>\n\t\t\t\t<\/div>\n\t\t\t\t\t\t\t\t<\/div>\n\t\t\t\t<\/div>\n\t\t\t\t<\/div>\n\t\t\t\t\t<\/div>\n\t\t\t\t<\/div>\n\t\t\t\t<\/div>\n\t\t","protected":false},"excerpt":{"rendered":"<p>Integritetspolicy I samband med aff\u00e4rsverksamhet f\u00e5r Asahi Kasei Group*\u00d6ppna nytt f\u00f6nster personuppgifter som namn, postadresser, telefonnummer och e-postadresser fr\u00e5n konsumenter, kunder, leverant\u00f6rer, aktie\u00e4gare och andra, ut\u00f6ver de personuppgifter om v\u00e5ra chefer och anst\u00e4llda som vi innehar. Vi \u00e4r omega replica engagerade i att uppr\u00e4tth\u00e5lla integriteten och s\u00e4kerheten f\u00f6r denna personliga information och att se till [&hellip;]<\/p>\n","protected":false},"author":1,"featured_media":0,"parent":0,"menu_order":0,"comment_status":"closed","ping_status":"open","template":"","meta":{"_acf_changed":false,"footnotes":""},"class_list":["post-22515","page","type-page","status-publish","hentry"],"acf":[],"yoast_head":"<!-- This site is optimized with the Yoast SEO plugin v27.1.1 - https:\/\/yoast.com\/product\/yoast-seo-wordpress\/ -->\n<title>Integritetspolicy | Asahi Kasei Bioprocess<\/title>\n<meta name=\"description\" content=\"Asahi Kasei Bioprocess samlar in, anv\u00e4nder och l\u00e4mnar ut personuppgifter p\u00e5 ett s\u00e4tt som \u00f6verensst\u00e4mmer med lagarna i de l\u00e4nder d\u00e4r vi bedriver verksamhet.\" \/>\n<meta name=\"robots\" content=\"index, follow, max-snippet:-1, max-image-preview:large, max-video-preview:-1\" \/>\n<link rel=\"canonical\" href=\"https:\/\/fluidmgmt.ak-bio.com\/sv\/integritetspolicy\/\" \/>\n<meta property=\"og:locale\" content=\"sv_SE\" \/>\n<meta property=\"og:type\" content=\"article\" \/>\n<meta property=\"og:title\" content=\"Integritetspolicy | Asahi Kasei Bioprocess\" \/>\n<meta property=\"og:description\" content=\"Asahi Kasei Bioprocess samlar in, anv\u00e4nder och l\u00e4mnar ut personuppgifter p\u00e5 ett s\u00e4tt som \u00f6verensst\u00e4mmer med lagarna i de l\u00e4nder d\u00e4r vi bedriver verksamhet.\" \/>\n<meta property=\"og:url\" content=\"https:\/\/fluidmgmt.ak-bio.com\/sv\/integritetspolicy\/\" \/>\n<meta property=\"og:site_name\" content=\"AK Bio - Fluid Management\" \/>\n<meta property=\"article:modified_time\" content=\"2025-11-24T15:47:28+00:00\" \/>\n<meta property=\"og:image\" content=\"https:\/\/fluidmgmt.ak-bio.com\/wp-content\/uploads\/2024\/05\/Home-dna-scaled.webp\" \/>\n\t<meta property=\"og:image:width\" content=\"2560\" \/>\n\t<meta property=\"og:image:height\" content=\"1435\" \/>\n\t<meta property=\"og:image:type\" content=\"image\/webp\" \/>\n<meta name=\"twitter:card\" content=\"summary_large_image\" \/>\n<meta name=\"twitter:label1\" content=\"Ber\u00e4knad l\u00e4stid\" \/>\n\t<meta name=\"twitter:data1\" content=\"6 minuter\" \/>\n<script type=\"application\/ld+json\" class=\"yoast-schema-graph\">{\"@context\":\"https:\/\/schema.org\",\"@graph\":[{\"@type\":\"WebPage\",\"@id\":\"https:\/\/fluidmgmt.ak-bio.com\/sv\/integritetspolicy\/\",\"url\":\"https:\/\/fluidmgmt.ak-bio.com\/sv\/integritetspolicy\/\",\"name\":\"Integritetspolicy | Asahi Kasei Bioprocess\",\"isPartOf\":{\"@id\":\"https:\/\/fluidmgmt.ak-bio.com\/sv\/#website\"},\"datePublished\":\"2024-04-05T02:05:21+00:00\",\"dateModified\":\"2025-11-24T15:47:28+00:00\",\"description\":\"Asahi Kasei Bioprocess samlar in, anv\u00e4nder och l\u00e4mnar ut personuppgifter p\u00e5 ett s\u00e4tt som \u00f6verensst\u00e4mmer med lagarna i de l\u00e4nder d\u00e4r vi bedriver verksamhet.\",\"inLanguage\":\"sv-SE\",\"potentialAction\":[{\"@type\":\"ReadAction\",\"target\":[\"https:\/\/fluidmgmt.ak-bio.com\/sv\/integritetspolicy\/\"]}]},{\"@type\":\"WebSite\",\"@id\":\"https:\/\/fluidmgmt.ak-bio.com\/sv\/#website\",\"url\":\"https:\/\/fluidmgmt.ak-bio.com\/sv\/\",\"name\":\"AK Bio - Fluid Management\",\"description\":\"\",\"publisher\":{\"@id\":\"https:\/\/fluidmgmt.ak-bio.com\/sv\/#organization\"},\"potentialAction\":[{\"@type\":\"SearchAction\",\"target\":{\"@type\":\"EntryPoint\",\"urlTemplate\":\"https:\/\/fluidmgmt.ak-bio.com\/sv\/?s={search_term_string}\"},\"query-input\":{\"@type\":\"PropertyValueSpecification\",\"valueRequired\":true,\"valueName\":\"search_term_string\"}}],\"inLanguage\":\"sv-SE\"},{\"@type\":\"Organization\",\"@id\":\"https:\/\/fluidmgmt.ak-bio.com\/sv\/#organization\",\"name\":\"AK Bio\",\"url\":\"https:\/\/fluidmgmt.ak-bio.com\/sv\/\",\"logo\":{\"@type\":\"ImageObject\",\"inLanguage\":\"sv-SE\",\"@id\":\"https:\/\/fluidmgmt.ak-bio.com\/sv\/#\/schema\/logo\/image\/\",\"url\":\"https:\/\/fluidmgmt.ak-bio.com\/wp-content\/uploads\/2024\/04\/blue_ak_Logo.svg\",\"contentUrl\":\"https:\/\/fluidmgmt.ak-bio.com\/wp-content\/uploads\/2024\/04\/blue_ak_Logo.svg\",\"width\":197,\"height\":50,\"caption\":\"AK Bio\"},\"image\":{\"@id\":\"https:\/\/fluidmgmt.ak-bio.com\/sv\/#\/schema\/logo\/image\/\"},\"sameAs\":[\"https:\/\/www.linkedin.com\/company\/asahi-kasei-bioprocess-america\/\"]}]}<\/script>\n<!-- \/ Yoast SEO plugin. -->","yoast_head_json":{"title":"Integritetspolicy | Asahi Kasei Bioprocess","description":"Asahi Kasei Bioprocess samlar in, anv\u00e4nder och l\u00e4mnar ut personuppgifter p\u00e5 ett s\u00e4tt som \u00f6verensst\u00e4mmer med lagarna i de l\u00e4nder d\u00e4r vi bedriver verksamhet.","robots":{"index":"index","follow":"follow","max-snippet":"max-snippet:-1","max-image-preview":"max-image-preview:large","max-video-preview":"max-video-preview:-1"},"canonical":"https:\/\/fluidmgmt.ak-bio.com\/sv\/integritetspolicy\/","og_locale":"sv_SE","og_type":"article","og_title":"Integritetspolicy | Asahi Kasei Bioprocess","og_description":"Asahi Kasei Bioprocess samlar in, anv\u00e4nder och l\u00e4mnar ut personuppgifter p\u00e5 ett s\u00e4tt som \u00f6verensst\u00e4mmer med lagarna i de l\u00e4nder d\u00e4r vi bedriver verksamhet.","og_url":"https:\/\/fluidmgmt.ak-bio.com\/sv\/integritetspolicy\/","og_site_name":"AK Bio - Fluid Management","article_modified_time":"2025-11-24T15:47:28+00:00","og_image":[{"width":2560,"height":1435,"url":"https:\/\/fluidmgmt.ak-bio.com\/wp-content\/uploads\/2024\/05\/Home-dna-scaled.webp","type":"image\/webp"}],"twitter_card":"summary_large_image","twitter_misc":{"Ber\u00e4knad l\u00e4stid":"6 minuter"},"schema":{"@context":"https:\/\/schema.org","@graph":[{"@type":"WebPage","@id":"https:\/\/fluidmgmt.ak-bio.com\/sv\/integritetspolicy\/","url":"https:\/\/fluidmgmt.ak-bio.com\/sv\/integritetspolicy\/","name":"Integritetspolicy | Asahi Kasei Bioprocess","isPartOf":{"@id":"https:\/\/fluidmgmt.ak-bio.com\/sv\/#website"},"datePublished":"2024-04-05T02:05:21+00:00","dateModified":"2025-11-24T15:47:28+00:00","description":"Asahi Kasei Bioprocess samlar in, anv\u00e4nder och l\u00e4mnar ut personuppgifter p\u00e5 ett s\u00e4tt som \u00f6verensst\u00e4mmer med lagarna i de l\u00e4nder d\u00e4r vi bedriver verksamhet.","inLanguage":"sv-SE","potentialAction":[{"@type":"ReadAction","target":["https:\/\/fluidmgmt.ak-bio.com\/sv\/integritetspolicy\/"]}]},{"@type":"WebSite","@id":"https:\/\/fluidmgmt.ak-bio.com\/sv\/#website","url":"https:\/\/fluidmgmt.ak-bio.com\/sv\/","name":"AK Bio - Fluid Management","description":"","publisher":{"@id":"https:\/\/fluidmgmt.ak-bio.com\/sv\/#organization"},"potentialAction":[{"@type":"SearchAction","target":{"@type":"EntryPoint","urlTemplate":"https:\/\/fluidmgmt.ak-bio.com\/sv\/?s={search_term_string}"},"query-input":{"@type":"PropertyValueSpecification","valueRequired":true,"valueName":"search_term_string"}}],"inLanguage":"sv-SE"},{"@type":"Organization","@id":"https:\/\/fluidmgmt.ak-bio.com\/sv\/#organization","name":"AK Bio","url":"https:\/\/fluidmgmt.ak-bio.com\/sv\/","logo":{"@type":"ImageObject","inLanguage":"sv-SE","@id":"https:\/\/fluidmgmt.ak-bio.com\/sv\/#\/schema\/logo\/image\/","url":"https:\/\/fluidmgmt.ak-bio.com\/wp-content\/uploads\/2024\/04\/blue_ak_Logo.svg","contentUrl":"https:\/\/fluidmgmt.ak-bio.com\/wp-content\/uploads\/2024\/04\/blue_ak_Logo.svg","width":197,"height":50,"caption":"AK Bio"},"image":{"@id":"https:\/\/fluidmgmt.ak-bio.com\/sv\/#\/schema\/logo\/image\/"},"sameAs":["https:\/\/www.linkedin.com\/company\/asahi-kasei-bioprocess-america\/"]}]}},"_links":{"self":[{"href":"https:\/\/fluidmgmt.ak-bio.com\/sv\/wp-json\/wp\/v2\/pages\/22515","targetHints":{"allow":["GET"]}}],"collection":[{"href":"https:\/\/fluidmgmt.ak-bio.com\/sv\/wp-json\/wp\/v2\/pages"}],"about":[{"href":"https:\/\/fluidmgmt.ak-bio.com\/sv\/wp-json\/wp\/v2\/types\/page"}],"author":[{"embeddable":true,"href":"https:\/\/fluidmgmt.ak-bio.com\/sv\/wp-json\/wp\/v2\/users\/1"}],"replies":[{"embeddable":true,"href":"https:\/\/fluidmgmt.ak-bio.com\/sv\/wp-json\/wp\/v2\/comments?post=22515"}],"version-history":[{"count":0,"href":"https:\/\/fluidmgmt.ak-bio.com\/sv\/wp-json\/wp\/v2\/pages\/22515\/revisions"}],"wp:attachment":[{"href":"https:\/\/fluidmgmt.ak-bio.com\/sv\/wp-json\/wp\/v2\/media?parent=22515"}],"curies":[{"name":"wp","href":"https:\/\/api.w.org\/{rel}","templated":true}]}}