{"id":22570,"date":"2024-05-10T18:56:39","date_gmt":"2024-05-10T22:56:39","guid":{"rendered":"https:\/\/fluidmgmt.ak-bio.com\/service\/"},"modified":"2025-11-24T10:21:43","modified_gmt":"2025-11-24T15:21:43","slug":"service","status":"publish","type":"page","link":"https:\/\/fluidmgmt.ak-bio.com\/sv\/kontakt\/service\/","title":{"rendered":"Service"},"content":{"rendered":"\t\t<div data-elementor-type=\"wp-page\" data-elementor-id=\"22570\" class=\"elementor elementor-22570 elementor-366\" data-elementor-post-type=\"page\">\n\t\t\t\t<div class=\"elementor-element elementor-element-5a59ae8 e-flex e-con-boxed e-con e-parent\" data-id=\"5a59ae8\" data-element_type=\"container\" data-e-type=\"container\" data-settings=\"{&quot;background_background&quot;:&quot;classic&quot;}\">\n\t\t\t\t\t<div class=\"e-con-inner\">\n\t\t<div class=\"elementor-element elementor-element-99c0d40 e-con-full e-flex e-con e-child\" data-id=\"99c0d40\" data-element_type=\"container\" data-e-type=\"container\" data-settings=\"{&quot;position&quot;:&quot;absolute&quot;}\">\n\t\t\t\t<\/div>\n\t\t\t\t\t<\/div>\n\t\t\t\t<\/div>\n\t\t<div class=\"elementor-element elementor-element-5859644c e-flex e-con-boxed e-con e-parent\" data-id=\"5859644c\" data-element_type=\"container\" data-e-type=\"container\" data-settings=\"{&quot;background_background&quot;:&quot;classic&quot;}\">\n\t\t\t\t\t<div class=\"e-con-inner\">\n\t\t\t\t<div class=\"elementor-element elementor-element-3b697a3b breadcrumbs elementor-widget elementor-widget-global elementor-global-25399 elementor-global-772 elementor-widget-wp-widget-bcn_widget\" data-id=\"3b697a3b\" data-element_type=\"widget\" data-e-type=\"widget\" data-widget_type=\"wp-widget-bcn_widget.default\">\n\t\t\t\t<div class=\"elementor-widget-container\">\n\t\t\t\t\t<div class=\"breadcrumbs\" vocab=\"https:\/\/schema.org\/\" typeof=\"BreadcrumbList\"><\/div>\t\t\t\t<\/div>\n\t\t\t\t<\/div>\n\t\t\t\t\t<\/div>\n\t\t\t\t<\/div>\n\t\t<div class=\"elementor-element elementor-element-1a438bed e-flex e-con-boxed e-con e-parent\" data-id=\"1a438bed\" data-element_type=\"container\" data-e-type=\"container\" data-settings=\"{&quot;background_background&quot;:&quot;gradient&quot;}\">\n\t\t\t\t\t<div class=\"e-con-inner\">\n\t\t<div class=\"elementor-element elementor-element-8b6829e e-con-full e-flex e-con e-child\" data-id=\"8b6829e\" data-element_type=\"container\" data-e-type=\"container\">\n\t\t\t\t<div class=\"elementor-element elementor-element-c77b005 elementor-widget elementor-widget-heading\" data-id=\"c77b005\" data-element_type=\"widget\" data-e-type=\"widget\" data-widget_type=\"heading.default\">\n\t\t\t\t<div class=\"elementor-widget-container\">\n\t\t\t\t\t<h1 class=\"elementor-heading-title elementor-size-default\">Kontakta oss<\/h1>\t\t\t\t<\/div>\n\t\t\t\t<\/div>\n\t\t\t\t<div class=\"elementor-element elementor-element-4d43fc3 elementor-widget elementor-widget-heading\" data-id=\"4d43fc3\" data-element_type=\"widget\" data-e-type=\"widget\" data-widget_type=\"heading.default\">\n\t\t\t\t<div class=\"elementor-widget-container\">\n\t\t\t\t\t<h2 class=\"elementor-heading-title elementor-size-default\">Kontakta din lokala servicerepresentant<\/h2>\t\t\t\t<\/div>\n\t\t\t\t<\/div>\n\t\t\t\t<\/div>\n\t\t<div class=\"elementor-element elementor-element-d9e88a5 e-con-full e-flex e-con e-child\" data-id=\"d9e88a5\" data-element_type=\"container\" data-e-type=\"container\">\n\t\t\t\t<div class=\"elementor-element elementor-element-9d87ef5 elementor-widget__width-inherit elementor-widget-tablet__width-inherit elementor-widget-mobile__width-inherit elementor-widget elementor-widget-html\" data-id=\"9d87ef5\" data-element_type=\"widget\" data-e-type=\"widget\" data-widget_type=\"html.default\">\n\t\t\t\t<div class=\"elementor-widget-container\">\n\t\t\t\t\t<iframe src=\"https:\/\/go.fluidmgmt.ak-bio.com\/l\/873131\/2024-04-29\/2hz63b\" width=\"100%\" height=\"1050\" type=\"text\/html\" frameborder=\"0\" allowtransparency=\"true\" style=\"border: 0;  background-color: transparent;\"><\/iframe>\t\t\t\t<\/div>\n\t\t\t\t<\/div>\n\t\t\t\t<\/div>\n\t\t\t\t\t<\/div>\n\t\t\t\t<\/div>\n\t\t<div class=\"elementor-element elementor-element-ff5fc83 e-flex e-con-boxed e-con e-parent\" data-id=\"ff5fc83\" data-element_type=\"container\" data-e-type=\"container\" data-settings=\"{&quot;background_background&quot;:&quot;classic&quot;}\">\n\t\t\t\t\t<div class=\"e-con-inner\">\n\t\t<div class=\"elementor-element elementor-element-ec988c0 e-con-full e-flex e-con e-child\" data-id=\"ec988c0\" data-element_type=\"container\" data-e-type=\"container\" data-settings=\"{&quot;position&quot;:&quot;absolute&quot;}\">\n\t\t\t\t<\/div>\n\t\t<div class=\"elementor-element elementor-element-0122842 e-flex e-con-boxed e-con e-child\" data-id=\"0122842\" data-element_type=\"container\" data-e-type=\"container\">\n\t\t\t\t\t<div class=\"e-con-inner\">\n\t\t\t\t<div class=\"elementor-element elementor-element-8b2f56c elementor-widget elementor-widget-heading\" data-id=\"8b2f56c\" data-element_type=\"widget\" data-e-type=\"widget\" data-widget_type=\"heading.default\">\n\t\t\t\t<div class=\"elementor-widget-container\">\n\t\t\t\t\t<h2 class=\"elementor-heading-title elementor-size-default\">847 Kontinuitetsprogram\u00ae.<\/h2>\t\t\t\t<\/div>\n\t\t\t\t<\/div>\n\t\t\t\t<div class=\"elementor-element elementor-element-626b2fd elementor-widget elementor-widget-text-editor\" data-id=\"626b2fd\" data-element_type=\"widget\" data-e-type=\"widget\" data-widget_type=\"text-editor.default\">\n\t\t\t\t<div class=\"elementor-widget-container\">\n\t\t\t\t\t\t\t\t\t<p>S\u00e4kerst\u00e4ll produktionskontinuitet med ett omfattande utbud av reservdelar och tj\u00e4nster f\u00f6r eftermarknaden.<\/p>\t\t\t\t\t\t\t\t<\/div>\n\t\t\t\t<\/div>\n\t\t\t\t<div class=\"elementor-element elementor-element-3e3891a elementor-mobile-align-center elementor-widget-mobile__width-auto elementor-align-right elementor-widget elementor-widget-button\" data-id=\"3e3891a\" data-element_type=\"widget\" data-e-type=\"widget\" data-widget_type=\"button.default\">\n\t\t\t\t<div class=\"elementor-widget-container\">\n\t\t\t\t\t\t\t\t\t<div class=\"elementor-button-wrapper\">\n\t\t\t\t\t<a class=\"elementor-button elementor-button-link elementor-size-sm\" href=\"https:\/\/fluidmgmt.ak-bio.com\/sv\/stod\/847-kontinuum\/\">\n\t\t\t\t\t\t<span class=\"elementor-button-content-wrapper\">\n\t\t\t\t\t\t\t\t\t<span class=\"elementor-button-text\">Uppt\u00e4ck<\/span>\n\t\t\t\t\t<\/span>\n\t\t\t\t\t<\/a>\n\t\t\t\t<\/div>\n\t\t\t\t\t\t\t\t<\/div>\n\t\t\t\t<\/div>\n\t\t\t\t\t<\/div>\n\t\t\t\t<\/div>\n\t\t\t\t\t<\/div>\n\t\t\t\t<\/div>\n\t\t\t\t<\/div>\n\t\t","protected":false},"excerpt":{"rendered":"<p>Kontakta oss Kontakta din lokala servicerepresentant 847 Kontinuitetsprogram\u00ae. S\u00e4kerst\u00e4ll produktionskontinuitet med ett omfattande utbud av reservdelar och tj\u00e4nster f\u00f6r eftermarknaden. Uppt\u00e4ck<\/p>\n","protected":false},"author":4,"featured_media":0,"parent":23008,"menu_order":0,"comment_status":"closed","ping_status":"closed","template":"elementor_header_footer","meta":{"_acf_changed":false,"footnotes":""},"class_list":["post-22570","page","type-page","status-publish","hentry"],"acf":[],"yoast_head":"<!-- This site is optimized with the Yoast SEO plugin v27.1.1 - https:\/\/yoast.com\/product\/yoast-seo-wordpress\/ -->\n<title>Kontakt Service | Asahi Kasei Bioprocess<\/title>\n<meta name=\"description\" content=\"Kontakta din lokala servicerepresentant p\u00e5 Asahi Kasei Bioprocess f\u00f6r att f\u00e5 din utrustning och dina komponenter att fungera igen p\u00e5 nolltid.\" \/>\n<meta name=\"robots\" content=\"index, follow, max-snippet:-1, max-image-preview:large, max-video-preview:-1\" \/>\n<link rel=\"canonical\" href=\"https:\/\/fluidmgmt.ak-bio.com\/sv\/kontakt\/service\/\" \/>\n<meta property=\"og:locale\" content=\"sv_SE\" \/>\n<meta property=\"og:type\" content=\"article\" \/>\n<meta property=\"og:title\" content=\"Kontakt Service | Asahi Kasei Bioprocess\" \/>\n<meta property=\"og:description\" content=\"Kontakta din lokala servicerepresentant p\u00e5 Asahi Kasei Bioprocess f\u00f6r att f\u00e5 din utrustning och dina komponenter att fungera igen p\u00e5 nolltid.\" \/>\n<meta property=\"og:url\" content=\"https:\/\/fluidmgmt.ak-bio.com\/sv\/kontakt\/service\/\" \/>\n<meta property=\"og:site_name\" content=\"AK Bio - Fluid Management\" \/>\n<meta property=\"article:modified_time\" content=\"2025-11-24T15:21:43+00:00\" \/>\n<meta property=\"og:image\" content=\"https:\/\/fluidmgmt.ak-bio.com\/wp-content\/uploads\/2024\/05\/Home-dna-scaled.webp\" \/>\n\t<meta property=\"og:image:width\" content=\"2560\" \/>\n\t<meta property=\"og:image:height\" content=\"1435\" \/>\n\t<meta property=\"og:image:type\" content=\"image\/webp\" \/>\n<meta name=\"twitter:card\" content=\"summary_large_image\" \/>\n<script type=\"application\/ld+json\" class=\"yoast-schema-graph\">{\"@context\":\"https:\/\/schema.org\",\"@graph\":[{\"@type\":\"WebPage\",\"@id\":\"https:\/\/fluidmgmt.ak-bio.com\/sv\/kontakt\/service\/\",\"url\":\"https:\/\/fluidmgmt.ak-bio.com\/sv\/kontakt\/service\/\",\"name\":\"Kontakt Service | Asahi Kasei Bioprocess\",\"isPartOf\":{\"@id\":\"https:\/\/fluidmgmt.ak-bio.com\/sv\/#website\"},\"datePublished\":\"2024-05-10T22:56:39+00:00\",\"dateModified\":\"2025-11-24T15:21:43+00:00\",\"description\":\"Kontakta din lokala servicerepresentant p\u00e5 Asahi Kasei Bioprocess f\u00f6r att f\u00e5 din utrustning och dina komponenter att fungera igen p\u00e5 nolltid.\",\"breadcrumb\":{\"@id\":\"https:\/\/fluidmgmt.ak-bio.com\/sv\/kontakt\/service\/#breadcrumb\"},\"inLanguage\":\"sv-SE\",\"potentialAction\":[{\"@type\":\"ReadAction\",\"target\":[\"https:\/\/fluidmgmt.ak-bio.com\/sv\/kontakt\/service\/\"]}]},{\"@type\":\"BreadcrumbList\",\"@id\":\"https:\/\/fluidmgmt.ak-bio.com\/sv\/kontakt\/service\/#breadcrumb\",\"itemListElement\":[{\"@type\":\"ListItem\",\"position\":1,\"name\":\"Kontakt\",\"item\":\"https:\/\/fluidmgmt.ak-bio.com\/sv\/kontakt\/\"},{\"@type\":\"ListItem\",\"position\":2,\"name\":\"Service\"}]},{\"@type\":\"WebSite\",\"@id\":\"https:\/\/fluidmgmt.ak-bio.com\/sv\/#website\",\"url\":\"https:\/\/fluidmgmt.ak-bio.com\/sv\/\",\"name\":\"AK Bio - Fluid Management\",\"description\":\"\",\"publisher\":{\"@id\":\"https:\/\/fluidmgmt.ak-bio.com\/sv\/#organization\"},\"potentialAction\":[{\"@type\":\"SearchAction\",\"target\":{\"@type\":\"EntryPoint\",\"urlTemplate\":\"https:\/\/fluidmgmt.ak-bio.com\/sv\/?s={search_term_string}\"},\"query-input\":{\"@type\":\"PropertyValueSpecification\",\"valueRequired\":true,\"valueName\":\"search_term_string\"}}],\"inLanguage\":\"sv-SE\"},{\"@type\":\"Organization\",\"@id\":\"https:\/\/fluidmgmt.ak-bio.com\/sv\/#organization\",\"name\":\"AK Bio\",\"url\":\"https:\/\/fluidmgmt.ak-bio.com\/sv\/\",\"logo\":{\"@type\":\"ImageObject\",\"inLanguage\":\"sv-SE\",\"@id\":\"https:\/\/fluidmgmt.ak-bio.com\/sv\/#\/schema\/logo\/image\/\",\"url\":\"https:\/\/fluidmgmt.ak-bio.com\/wp-content\/uploads\/2024\/04\/blue_ak_Logo.svg\",\"contentUrl\":\"https:\/\/fluidmgmt.ak-bio.com\/wp-content\/uploads\/2024\/04\/blue_ak_Logo.svg\",\"width\":197,\"height\":50,\"caption\":\"AK Bio\"},\"image\":{\"@id\":\"https:\/\/fluidmgmt.ak-bio.com\/sv\/#\/schema\/logo\/image\/\"},\"sameAs\":[\"https:\/\/www.linkedin.com\/company\/asahi-kasei-bioprocess-america\/\"]}]}<\/script>\n<!-- \/ Yoast SEO plugin. -->","yoast_head_json":{"title":"Kontakt Service | Asahi Kasei Bioprocess","description":"Kontakta din lokala servicerepresentant p\u00e5 Asahi Kasei Bioprocess f\u00f6r att f\u00e5 din utrustning och dina komponenter att fungera igen p\u00e5 nolltid.","robots":{"index":"index","follow":"follow","max-snippet":"max-snippet:-1","max-image-preview":"max-image-preview:large","max-video-preview":"max-video-preview:-1"},"canonical":"https:\/\/fluidmgmt.ak-bio.com\/sv\/kontakt\/service\/","og_locale":"sv_SE","og_type":"article","og_title":"Kontakt Service | Asahi Kasei Bioprocess","og_description":"Kontakta din lokala servicerepresentant p\u00e5 Asahi Kasei Bioprocess f\u00f6r att f\u00e5 din utrustning och dina komponenter att fungera igen p\u00e5 nolltid.","og_url":"https:\/\/fluidmgmt.ak-bio.com\/sv\/kontakt\/service\/","og_site_name":"AK Bio - Fluid Management","article_modified_time":"2025-11-24T15:21:43+00:00","og_image":[{"width":2560,"height":1435,"url":"https:\/\/fluidmgmt.ak-bio.com\/wp-content\/uploads\/2024\/05\/Home-dna-scaled.webp","type":"image\/webp"}],"twitter_card":"summary_large_image","schema":{"@context":"https:\/\/schema.org","@graph":[{"@type":"WebPage","@id":"https:\/\/fluidmgmt.ak-bio.com\/sv\/kontakt\/service\/","url":"https:\/\/fluidmgmt.ak-bio.com\/sv\/kontakt\/service\/","name":"Kontakt Service | Asahi Kasei Bioprocess","isPartOf":{"@id":"https:\/\/fluidmgmt.ak-bio.com\/sv\/#website"},"datePublished":"2024-05-10T22:56:39+00:00","dateModified":"2025-11-24T15:21:43+00:00","description":"Kontakta din lokala servicerepresentant p\u00e5 Asahi Kasei Bioprocess f\u00f6r att f\u00e5 din utrustning och dina komponenter att fungera igen p\u00e5 nolltid.","breadcrumb":{"@id":"https:\/\/fluidmgmt.ak-bio.com\/sv\/kontakt\/service\/#breadcrumb"},"inLanguage":"sv-SE","potentialAction":[{"@type":"ReadAction","target":["https:\/\/fluidmgmt.ak-bio.com\/sv\/kontakt\/service\/"]}]},{"@type":"BreadcrumbList","@id":"https:\/\/fluidmgmt.ak-bio.com\/sv\/kontakt\/service\/#breadcrumb","itemListElement":[{"@type":"ListItem","position":1,"name":"Kontakt","item":"https:\/\/fluidmgmt.ak-bio.com\/sv\/kontakt\/"},{"@type":"ListItem","position":2,"name":"Service"}]},{"@type":"WebSite","@id":"https:\/\/fluidmgmt.ak-bio.com\/sv\/#website","url":"https:\/\/fluidmgmt.ak-bio.com\/sv\/","name":"AK Bio - Fluid Management","description":"","publisher":{"@id":"https:\/\/fluidmgmt.ak-bio.com\/sv\/#organization"},"potentialAction":[{"@type":"SearchAction","target":{"@type":"EntryPoint","urlTemplate":"https:\/\/fluidmgmt.ak-bio.com\/sv\/?s={search_term_string}"},"query-input":{"@type":"PropertyValueSpecification","valueRequired":true,"valueName":"search_term_string"}}],"inLanguage":"sv-SE"},{"@type":"Organization","@id":"https:\/\/fluidmgmt.ak-bio.com\/sv\/#organization","name":"AK Bio","url":"https:\/\/fluidmgmt.ak-bio.com\/sv\/","logo":{"@type":"ImageObject","inLanguage":"sv-SE","@id":"https:\/\/fluidmgmt.ak-bio.com\/sv\/#\/schema\/logo\/image\/","url":"https:\/\/fluidmgmt.ak-bio.com\/wp-content\/uploads\/2024\/04\/blue_ak_Logo.svg","contentUrl":"https:\/\/fluidmgmt.ak-bio.com\/wp-content\/uploads\/2024\/04\/blue_ak_Logo.svg","width":197,"height":50,"caption":"AK Bio"},"image":{"@id":"https:\/\/fluidmgmt.ak-bio.com\/sv\/#\/schema\/logo\/image\/"},"sameAs":["https:\/\/www.linkedin.com\/company\/asahi-kasei-bioprocess-america\/"]}]}},"_links":{"self":[{"href":"https:\/\/fluidmgmt.ak-bio.com\/sv\/wp-json\/wp\/v2\/pages\/22570","targetHints":{"allow":["GET"]}}],"collection":[{"href":"https:\/\/fluidmgmt.ak-bio.com\/sv\/wp-json\/wp\/v2\/pages"}],"about":[{"href":"https:\/\/fluidmgmt.ak-bio.com\/sv\/wp-json\/wp\/v2\/types\/page"}],"author":[{"embeddable":true,"href":"https:\/\/fluidmgmt.ak-bio.com\/sv\/wp-json\/wp\/v2\/users\/4"}],"replies":[{"embeddable":true,"href":"https:\/\/fluidmgmt.ak-bio.com\/sv\/wp-json\/wp\/v2\/comments?post=22570"}],"version-history":[{"count":0,"href":"https:\/\/fluidmgmt.ak-bio.com\/sv\/wp-json\/wp\/v2\/pages\/22570\/revisions"}],"up":[{"embeddable":true,"href":"https:\/\/fluidmgmt.ak-bio.com\/sv\/wp-json\/wp\/v2\/pages\/23008"}],"wp:attachment":[{"href":"https:\/\/fluidmgmt.ak-bio.com\/sv\/wp-json\/wp\/v2\/media?parent=22570"}],"curies":[{"name":"wp","href":"https:\/\/api.w.org\/{rel}","templated":true}]}}