{"id":23715,"date":"2024-08-12T13:36:33","date_gmt":"2024-08-12T17:36:33","guid":{"rendered":"https:\/\/fluidmgmt.ak-bio.com\/hallbarhet\/"},"modified":"2025-11-21T10:17:41","modified_gmt":"2025-11-21T15:17:41","slug":"hallbarhet","status":"publish","type":"page","link":"https:\/\/fluidmgmt.ak-bio.com\/sv\/foretag\/hallbarhet\/","title":{"rendered":"H\u00e5llbarhet"},"content":{"rendered":"\t\t<div data-elementor-type=\"wp-page\" data-elementor-id=\"23715\" class=\"elementor elementor-23715 elementor-14207\" data-elementor-post-type=\"page\">\n\t\t\t\t<div class=\"elementor-element elementor-element-5251e38 e-flex e-con-boxed e-con e-parent\" data-id=\"5251e38\" data-element_type=\"container\" data-e-type=\"container\" id=\"main-hero-container\" data-settings=\"{&quot;background_background&quot;:&quot;classic&quot;}\">\n\t\t\t\t\t<div class=\"e-con-inner\">\n\t\t<div class=\"elementor-element elementor-element-64dc7195 e-con-full e-flex e-con e-child\" data-id=\"64dc7195\" data-element_type=\"container\" data-e-type=\"container\" data-settings=\"{&quot;position&quot;:&quot;absolute&quot;}\">\n\t\t\t\t<\/div>\n\t\t<div class=\"elementor-element elementor-element-496cbe4e e-con-full e-flex e-con e-child\" data-id=\"496cbe4e\" data-element_type=\"container\" data-e-type=\"container\">\n\t\t\t\t<div class=\"elementor-element elementor-element-6ad7aadf elementor-widget elementor-widget-heading\" data-id=\"6ad7aadf\" data-element_type=\"widget\" data-e-type=\"widget\" data-widget_type=\"heading.default\">\n\t\t\t\t<div class=\"elementor-widget-container\">\n\t\t\t\t\t<h1 class=\"elementor-heading-title elementor-size-default\">Hur Asahi Kasei Bioprocess fr\u00e4mjar h\u00e5llbarhet<\/h1>\t\t\t\t<\/div>\n\t\t\t\t<\/div>\n\t\t\t\t<\/div>\n\t\t\t\t\t<\/div>\n\t\t\t\t<\/div>\n\t\t<div class=\"elementor-element elementor-element-182b7305 e-flex e-con-boxed e-con e-parent\" data-id=\"182b7305\" data-element_type=\"container\" data-e-type=\"container\" data-settings=\"{&quot;background_background&quot;:&quot;classic&quot;}\">\n\t\t\t\t\t<div class=\"e-con-inner\">\n\t\t\t\t<div class=\"elementor-element elementor-element-2acf5580 breadcrumbs elementor-widget elementor-widget-global elementor-global-25399 elementor-global-772 elementor-widget-wp-widget-bcn_widget\" data-id=\"2acf5580\" data-element_type=\"widget\" data-e-type=\"widget\" data-widget_type=\"wp-widget-bcn_widget.default\">\n\t\t\t\t<div class=\"elementor-widget-container\">\n\t\t\t\t\t<div class=\"breadcrumbs\" vocab=\"https:\/\/schema.org\/\" typeof=\"BreadcrumbList\"><\/div>\t\t\t\t<\/div>\n\t\t\t\t<\/div>\n\t\t\t\t\t<\/div>\n\t\t\t\t<\/div>\n\t\t<div class=\"elementor-element elementor-element-45d0c27 e-flex e-con-boxed e-con e-parent\" data-id=\"45d0c27\" data-element_type=\"container\" data-e-type=\"container\" data-settings=\"{&quot;background_background&quot;:&quot;gradient&quot;}\">\n\t\t\t\t\t<div class=\"e-con-inner\">\n\t\t<div class=\"elementor-element elementor-element-a38b8d7 e-con-full e-flex e-con e-child\" data-id=\"a38b8d7\" data-element_type=\"container\" data-e-type=\"container\">\n\t\t<div class=\"elementor-element elementor-element-c8b5a45 e-con-full e-flex e-con e-child\" data-id=\"c8b5a45\" data-element_type=\"container\" data-e-type=\"container\">\n\t\t\t\t<div class=\"elementor-element elementor-element-e405295 elementor-widget elementor-widget-heading\" data-id=\"e405295\" data-element_type=\"widget\" data-e-type=\"widget\" data-widget_type=\"heading.default\">\n\t\t\t\t<div class=\"elementor-widget-container\">\n\t\t\t\t\t<h2 class=\"elementor-heading-title elementor-size-default\">H\u00e5llbarhet p\u00e5 AKBA<\/h2>\t\t\t\t<\/div>\n\t\t\t\t<\/div>\n\t\t\t\t<\/div>\n\t\t\t\t<\/div>\n\t\t<div class=\"elementor-element elementor-element-ca02850 e-flex e-con-boxed e-con e-child\" data-id=\"ca02850\" data-element_type=\"container\" data-e-type=\"container\">\n\t\t\t\t\t<div class=\"e-con-inner\">\n\t\t\t\t<div class=\"elementor-element elementor-element-2d90d07 elementor-widget elementor-widget-text-editor\" data-id=\"2d90d07\" data-element_type=\"widget\" data-e-type=\"widget\" data-widget_type=\"text-editor.default\">\n\t\t\t\t<div class=\"elementor-widget-container\">\n\t\t\t\t\t\t\t\t\t<p><span style=\"font-weight: 400;\">Sedan Asahi Kasei grundades 1922 har h\u00e5llbarhet och innovation f\u00f6r att f\u00f6rb\u00e4ttra samh\u00e4llet varit viktiga teman f\u00f6r Asahi Kasei Groups tillv\u00e4xt, liksom f\u00f6r dess dotterbolag, inklusive Asahi Kasei Bioprocess America. AKBA spelar en viktig roll n\u00e4r det g\u00e4ller att bidra till ett b\u00e4ttre liv f\u00f6r m\u00e4nniskor runt om i v\u00e4rlden. <\/span><\/p>\t\t\t\t\t\t\t\t<\/div>\n\t\t\t\t<\/div>\n\t\t\t\t\t<\/div>\n\t\t\t\t<\/div>\n\t\t\t\t\t<\/div>\n\t\t\t\t<\/div>\n\t\t<div class=\"elementor-element elementor-element-58637c8 e-flex e-con-boxed e-con e-parent\" data-id=\"58637c8\" data-element_type=\"container\" data-e-type=\"container\" data-settings=\"{&quot;background_background&quot;:&quot;classic&quot;}\">\n\t\t\t\t\t<div class=\"e-con-inner\">\n\t\t<div class=\"elementor-element elementor-element-0e3d641 e-con-full e-flex e-con e-child\" data-id=\"0e3d641\" data-element_type=\"container\" data-e-type=\"container\">\n\t\t<div class=\"elementor-element elementor-element-3e15c2d e-con-full e-flex e-con e-child\" data-id=\"3e15c2d\" data-element_type=\"container\" data-e-type=\"container\">\n\t\t\t\t<div class=\"elementor-element elementor-element-f7c17f8 elementor-widget elementor-widget-heading\" data-id=\"f7c17f8\" data-element_type=\"widget\" data-e-type=\"widget\" data-widget_type=\"heading.default\">\n\t\t\t\t<div class=\"elementor-widget-container\">\n\t\t\t\t\t<h2 class=\"elementor-heading-title elementor-size-default\">H\u00e5llbart samh\u00e4lle<\/h2>\t\t\t\t<\/div>\n\t\t\t\t<\/div>\n\t\t\t\t<div class=\"elementor-element elementor-element-65d42d2 elementor-widget elementor-widget-text-editor\" data-id=\"65d42d2\" data-element_type=\"widget\" data-e-type=\"widget\" data-widget_type=\"text-editor.default\">\n\t\t\t\t<div class=\"elementor-widget-container\">\n\t\t\t\t\t\t\t\t\t<p><span style=\"font-weight: 400;\">I takt med att vi v\u00e4xer forts\u00e4tter vi att str\u00e4va efter tv\u00e5 \u00f6msesidigt f\u00f6rst\u00e4rkande aspekter av h\u00e5llbarhet: genom att skapa v\u00e4rde f\u00f6r att &#8221;bidra till ett h\u00e5llbart samh\u00e4lle&#8221; str\u00e4var vi efter att f\u00e5 en &#8221;h\u00e5llbar tillv\u00e4xt av f\u00f6retagsv\u00e4rdet&#8221; som g\u00f6r det m\u00f6jligt f\u00f6r oss att bidra ytterligare i en positiv spiral. F\u00f6r att uppn\u00e5 detta arbetar vi enligt f\u00f6ljande: <\/span><\/p><ul><li style=\"font-weight: 400;\" aria-level=\"1\"><span style=\"font-weight: 400;\">V\u00e4rdeskapande genom bidrag till ett h\u00e5llbart samh\u00e4lle<\/span><\/li><\/ul><ul><li style=\"font-weight: 400;\" aria-level=\"1\"><span style=\"font-weight: 400;\">Ansvarsfull aff\u00e4rsverksamhet<\/span><\/li><\/ul><ul><li style=\"font-weight: 400;\" aria-level=\"1\"><span style=\"font-weight: 400;\">St\u00e4rkt st\u00e4llning f\u00f6r personalen<\/span><\/li><\/ul><p> <\/p>\t\t\t\t\t\t\t\t<\/div>\n\t\t\t\t<\/div>\n\t\t\t\t<\/div>\n\t\t<div class=\"elementor-element elementor-element-736e9f9 e-con-full e-flex e-con e-child\" data-id=\"736e9f9\" data-element_type=\"container\" data-e-type=\"container\">\n\t\t\t\t<div class=\"elementor-element elementor-element-14b3802 elementor-widget__width-auto elementor-widget elementor-widget-image\" data-id=\"14b3802\" data-element_type=\"widget\" data-e-type=\"widget\" data-widget_type=\"image.default\">\n\t\t\t\t<div class=\"elementor-widget-container\">\n\t\t\t\t\t\t\t\t\t\t\t\t\t\t\t<img fetchpriority=\"high\" decoding=\"async\" width=\"768\" height=\"440\" src=\"https:\/\/fluidmgmt.ak-bio.com\/wp-content\/uploads\/2024\/09\/AKSustainability-768x440.png\" class=\"attachment-medium_large size-medium_large wp-image-17558\" alt=\"Sustainability\" srcset=\"https:\/\/fluidmgmt.ak-bio.com\/wp-content\/uploads\/2024\/09\/AKSustainability-768x440.png 768w, https:\/\/fluidmgmt.ak-bio.com\/wp-content\/uploads\/2024\/09\/AKSustainability-300x172.png 300w, https:\/\/fluidmgmt.ak-bio.com\/wp-content\/uploads\/2024\/09\/AKSustainability-1024x586.png 1024w, https:\/\/fluidmgmt.ak-bio.com\/wp-content\/uploads\/2024\/09\/AKSustainability-600x344.png 600w, https:\/\/fluidmgmt.ak-bio.com\/wp-content\/uploads\/2024\/09\/AKSustainability.png 1200w\" sizes=\"(max-width: 768px) 100vw, 768px\" \/>\t\t\t\t\t\t\t\t\t\t\t\t\t\t\t<\/div>\n\t\t\t\t<\/div>\n\t\t\t\t<\/div>\n\t\t\t\t<\/div>\n\t\t\t\t\t<\/div>\n\t\t\t\t<\/div>\n\t\t<div class=\"elementor-element elementor-element-70a8c9a e-flex e-con-boxed e-con e-parent\" data-id=\"70a8c9a\" data-element_type=\"container\" data-e-type=\"container\" data-settings=\"{&quot;background_background&quot;:&quot;classic&quot;}\">\n\t\t\t\t\t<div class=\"e-con-inner\">\n\t\t<div class=\"elementor-element elementor-element-9d1ed8b e-con-full e-flex e-con e-child\" data-id=\"9d1ed8b\" data-element_type=\"container\" data-e-type=\"container\">\n\t\t<div class=\"elementor-element elementor-element-9fe2331 e-con-full e-flex e-con e-child\" data-id=\"9fe2331\" data-element_type=\"container\" data-e-type=\"container\">\n\t\t\t\t<div class=\"elementor-element elementor-element-5d0cc5b elementor-widget elementor-widget-video\" data-id=\"5d0cc5b\" data-element_type=\"widget\" data-e-type=\"widget\" data-settings=\"{&quot;youtube_url&quot;:&quot;https:\\\/\\\/www.youtube.com\\\/watch?v=PG1x7ZVAIRE&quot;,&quot;video_type&quot;:&quot;youtube&quot;,&quot;controls&quot;:&quot;yes&quot;}\" data-widget_type=\"video.default\">\n\t\t\t\t<div class=\"elementor-widget-container\">\n\t\t\t\t\t\t\t<div class=\"elementor-wrapper elementor-open-inline\">\n\t\t\t<div class=\"elementor-video\"><\/div>\t\t<\/div>\n\t\t\t\t\t\t<\/div>\n\t\t\t\t<\/div>\n\t\t\t\t<\/div>\n\t\t<div class=\"elementor-element elementor-element-bdefb2a e-con-full e-flex e-con e-child\" data-id=\"bdefb2a\" data-element_type=\"container\" data-e-type=\"container\">\n\t\t\t\t<div class=\"elementor-element elementor-element-7d0ddeb elementor-widget elementor-widget-heading\" data-id=\"7d0ddeb\" data-element_type=\"widget\" data-e-type=\"widget\" data-widget_type=\"heading.default\">\n\t\t\t\t<div class=\"elementor-widget-container\">\n\t\t\t\t\t<h2 class=\"elementor-heading-title elementor-size-default\">H\u00e4r hemma<\/h2>\t\t\t\t<\/div>\n\t\t\t\t<\/div>\n\t\t\t\t<div class=\"elementor-element elementor-element-690b9b5 elementor-widget elementor-widget-text-editor\" data-id=\"690b9b5\" data-element_type=\"widget\" data-e-type=\"widget\" data-widget_type=\"text-editor.default\">\n\t\t\t\t<div class=\"elementor-widget-container\">\n\t\t\t\t\t\t\t\t\t<p><span style=\"font-weight: 400;\">P\u00e5 en mer lokal niv\u00e5 har Asahi Kasei Bioprocess gjort betydande f\u00f6rb\u00e4ttringar av sina lokaler i n\u00e4rheten av Chicago, IL, f\u00f6r att uppn\u00e5 h\u00e5llbarhetsm\u00e5len &#8211; bland annat genom att integrera gr\u00f6nare l\u00f6sningar i v\u00e5r 25.000 kvadratmeter stora expansion: <\/span><\/p><ul><li style=\"font-weight: 400;\" aria-level=\"1\"><span style=\"font-weight: 400;\">Konstruerade f\u00f6nster h\u00f6gt upp p\u00e5 fabriksv\u00e4ggarna f\u00f6r att f\u00e5 in naturligt ljus.<\/span><\/li><\/ul><ul><li style=\"font-weight: 400;\" aria-level=\"1\"><span style=\"font-weight: 400;\">Installerade all LED-belysning i nya tillverkningsutrymmen med hj\u00e4lp av ett Daylight-Harvesting System &#8211; detta system \u00f6vervakar naturligt ljus och k\u00e4nner av n\u00e4rvaro, och t\u00e4nder bara om kombinationen av svagt ljus och n\u00e4rvaro finns.<\/span><\/li><\/ul><p> <\/p>\t\t\t\t\t\t\t\t<\/div>\n\t\t\t\t<\/div>\n\t\t\t\t<\/div>\n\t\t\t\t<\/div>\n\t\t\t\t\t<\/div>\n\t\t\t\t<\/div>\n\t\t<div class=\"elementor-element elementor-element-c9e098b e-flex e-con-boxed e-con e-parent\" data-id=\"c9e098b\" data-element_type=\"container\" data-e-type=\"container\" data-settings=\"{&quot;background_background&quot;:&quot;classic&quot;}\">\n\t\t\t\t\t<div class=\"e-con-inner\">\n\t\t<div class=\"elementor-element elementor-element-0aa04d3 e-con-full e-flex e-con e-child\" data-id=\"0aa04d3\" data-element_type=\"container\" data-e-type=\"container\" data-settings=\"{&quot;position&quot;:&quot;absolute&quot;}\">\n\t\t\t\t<\/div>\n\t\t<div class=\"elementor-element elementor-element-ecebea5 e-con-full e-flex e-con e-child\" data-id=\"ecebea5\" data-element_type=\"container\" data-e-type=\"container\">\n\t\t\t\t<div class=\"elementor-element elementor-element-3aae7bb elementor-widget elementor-widget-heading\" data-id=\"3aae7bb\" data-element_type=\"widget\" data-e-type=\"widget\" data-widget_type=\"heading.default\">\n\t\t\t\t<div class=\"elementor-widget-container\">\n\t\t\t\t\t<h2 class=\"elementor-heading-title elementor-size-default\">Asahi Kasei Group<\/h2>\t\t\t\t<\/div>\n\t\t\t\t<\/div>\n\t\t\t\t<div class=\"elementor-element elementor-element-8b4976b elementor-widget elementor-widget-text-editor\" data-id=\"8b4976b\" data-element_type=\"widget\" data-e-type=\"widget\" data-widget_type=\"text-editor.default\">\n\t\t\t\t<div class=\"elementor-widget-container\">\n\t\t\t\t\t\t\t\t\t<p><span style=\"font-weight: 400;\">Vi, Asahi Kasei-koncernen, bidrar till liv och leverne f\u00f6r m\u00e4nniskor runt om i v\u00e4rlden.<\/span><\/p>\t\t\t\t\t\t\t\t<\/div>\n\t\t\t\t<\/div>\n\t\t\t\t<div class=\"elementor-element elementor-element-be582c1 elementor-mobile-align-center elementor-widget-mobile__width-auto elementor-align-left elementor-widget elementor-widget-button\" data-id=\"be582c1\" data-element_type=\"widget\" data-e-type=\"widget\" data-widget_type=\"button.default\">\n\t\t\t\t<div class=\"elementor-widget-container\">\n\t\t\t\t\t\t\t\t\t<div class=\"elementor-button-wrapper\">\n\t\t\t\t\t<a class=\"elementor-button elementor-button-link elementor-size-sm\" href=\"https:\/\/www.asahi-kasei.com\/\" target=\"_blank\">\n\t\t\t\t\t\t<span class=\"elementor-button-content-wrapper\">\n\t\t\t\t\t\t\t\t\t<span class=\"elementor-button-text\">L\u00e4r dig mer<\/span>\n\t\t\t\t\t<\/span>\n\t\t\t\t\t<\/a>\n\t\t\t\t<\/div>\n\t\t\t\t\t\t\t\t<\/div>\n\t\t\t\t<\/div>\n\t\t\t\t<\/div>\n\t\t\t\t\t<\/div>\n\t\t\t\t<\/div>\n\t\t\t\t<\/div>\n\t\t","protected":false},"excerpt":{"rendered":"<p>Hur Asahi Kasei Bioprocess fr\u00e4mjar h\u00e5llbarhet H\u00e5llbarhet p\u00e5 AKBA Sedan Asahi Kasei grundades 1922 har h\u00e5llbarhet och innovation f\u00f6r att f\u00f6rb\u00e4ttra samh\u00e4llet varit viktiga teman f\u00f6r Asahi Kasei Groups tillv\u00e4xt, liksom f\u00f6r dess dotterbolag, inklusive Asahi Kasei Bioprocess America. AKBA spelar en viktig roll n\u00e4r det g\u00e4ller att bidra till ett b\u00e4ttre liv f\u00f6r m\u00e4nniskor [&hellip;]<\/p>\n","protected":false},"author":8,"featured_media":0,"parent":23962,"menu_order":0,"comment_status":"closed","ping_status":"closed","template":"","meta":{"_acf_changed":false,"footnotes":""},"class_list":["post-23715","page","type-page","status-publish","hentry"],"acf":[],"yoast_head":"<!-- This site is optimized with the Yoast SEO plugin v27.1.1 - https:\/\/yoast.com\/product\/yoast-seo-wordpress\/ -->\n<title>Fr\u00e4mja h\u00e5llbarhet | Asahi Kasei Bioprocess<\/title>\n<meta name=\"description\" content=\"L\u00e4s om allt Asahi Kasei Bioprocess g\u00f6r f\u00f6r att st\u00f6dja v\u00e5ra h\u00e5llbarhetsm\u00e5l. Vi spelar en viktig roll n\u00e4r det g\u00e4ller att bidra till ett h\u00e5llbart samh\u00e4lle.\" \/>\n<meta name=\"robots\" content=\"index, follow, max-snippet:-1, max-image-preview:large, max-video-preview:-1\" \/>\n<link rel=\"canonical\" href=\"https:\/\/fluidmgmt.ak-bio.com\/sv\/foretag\/hallbarhet\/\" \/>\n<meta property=\"og:locale\" content=\"sv_SE\" \/>\n<meta property=\"og:type\" content=\"article\" \/>\n<meta property=\"og:title\" content=\"Fr\u00e4mja h\u00e5llbarhet | Asahi Kasei Bioprocess\" \/>\n<meta property=\"og:description\" content=\"L\u00e4s om allt Asahi Kasei Bioprocess g\u00f6r f\u00f6r att st\u00f6dja v\u00e5ra h\u00e5llbarhetsm\u00e5l. Vi spelar en viktig roll n\u00e4r det g\u00e4ller att bidra till ett h\u00e5llbart samh\u00e4lle.\" \/>\n<meta property=\"og:url\" content=\"https:\/\/fluidmgmt.ak-bio.com\/sv\/foretag\/hallbarhet\/\" \/>\n<meta property=\"og:site_name\" content=\"AK Bio - Fluid Management\" \/>\n<meta property=\"article:modified_time\" content=\"2025-11-21T15:17:41+00:00\" \/>\n<meta property=\"og:image\" content=\"https:\/\/fluidmgmt.ak-bio.com\/wp-content\/uploads\/2024\/09\/AKSustainability.png\" \/>\n\t<meta property=\"og:image:width\" content=\"1200\" \/>\n\t<meta property=\"og:image:height\" content=\"687\" \/>\n\t<meta property=\"og:image:type\" content=\"image\/png\" \/>\n<meta name=\"twitter:card\" content=\"summary_large_image\" \/>\n<meta name=\"twitter:label1\" content=\"Ber\u00e4knad l\u00e4stid\" \/>\n\t<meta name=\"twitter:data1\" content=\"2 minuter\" \/>\n<script type=\"application\/ld+json\" class=\"yoast-schema-graph\">{\"@context\":\"https:\/\/schema.org\",\"@graph\":[{\"@type\":\"WebPage\",\"@id\":\"https:\/\/fluidmgmt.ak-bio.com\/sv\/foretag\/hallbarhet\/\",\"url\":\"https:\/\/fluidmgmt.ak-bio.com\/sv\/foretag\/hallbarhet\/\",\"name\":\"Fr\u00e4mja h\u00e5llbarhet | Asahi Kasei Bioprocess\",\"isPartOf\":{\"@id\":\"https:\/\/fluidmgmt.ak-bio.com\/sv\/#website\"},\"primaryImageOfPage\":{\"@id\":\"https:\/\/fluidmgmt.ak-bio.com\/sv\/foretag\/hallbarhet\/#primaryimage\"},\"image\":{\"@id\":\"https:\/\/fluidmgmt.ak-bio.com\/sv\/foretag\/hallbarhet\/#primaryimage\"},\"thumbnailUrl\":\"https:\/\/fluidmgmt.ak-bio.com\/wp-content\/uploads\/2024\/09\/AKSustainability-768x440.png\",\"datePublished\":\"2024-08-12T17:36:33+00:00\",\"dateModified\":\"2025-11-21T15:17:41+00:00\",\"description\":\"L\u00e4s om allt Asahi Kasei Bioprocess g\u00f6r f\u00f6r att st\u00f6dja v\u00e5ra h\u00e5llbarhetsm\u00e5l. Vi spelar en viktig roll n\u00e4r det g\u00e4ller att bidra till ett h\u00e5llbart samh\u00e4lle.\",\"breadcrumb\":{\"@id\":\"https:\/\/fluidmgmt.ak-bio.com\/sv\/foretag\/hallbarhet\/#breadcrumb\"},\"inLanguage\":\"sv-SE\",\"potentialAction\":[{\"@type\":\"ReadAction\",\"target\":[\"https:\/\/fluidmgmt.ak-bio.com\/sv\/foretag\/hallbarhet\/\"]}]},{\"@type\":\"ImageObject\",\"inLanguage\":\"sv-SE\",\"@id\":\"https:\/\/fluidmgmt.ak-bio.com\/sv\/foretag\/hallbarhet\/#primaryimage\",\"url\":\"https:\/\/fluidmgmt.ak-bio.com\/wp-content\/uploads\/2024\/09\/AKSustainability-768x440.png\",\"contentUrl\":\"https:\/\/fluidmgmt.ak-bio.com\/wp-content\/uploads\/2024\/09\/AKSustainability-768x440.png\"},{\"@type\":\"BreadcrumbList\",\"@id\":\"https:\/\/fluidmgmt.ak-bio.com\/sv\/foretag\/hallbarhet\/#breadcrumb\",\"itemListElement\":[{\"@type\":\"ListItem\",\"position\":1,\"name\":\"F\u00f6retag\",\"item\":\"https:\/\/fluidmgmt.ak-bio.com\/sv\/foretag\/\"},{\"@type\":\"ListItem\",\"position\":2,\"name\":\"H\u00e5llbarhet\"}]},{\"@type\":\"WebSite\",\"@id\":\"https:\/\/fluidmgmt.ak-bio.com\/sv\/#website\",\"url\":\"https:\/\/fluidmgmt.ak-bio.com\/sv\/\",\"name\":\"AK Bio - Fluid Management\",\"description\":\"\",\"publisher\":{\"@id\":\"https:\/\/fluidmgmt.ak-bio.com\/sv\/#organization\"},\"potentialAction\":[{\"@type\":\"SearchAction\",\"target\":{\"@type\":\"EntryPoint\",\"urlTemplate\":\"https:\/\/fluidmgmt.ak-bio.com\/sv\/?s={search_term_string}\"},\"query-input\":{\"@type\":\"PropertyValueSpecification\",\"valueRequired\":true,\"valueName\":\"search_term_string\"}}],\"inLanguage\":\"sv-SE\"},{\"@type\":\"Organization\",\"@id\":\"https:\/\/fluidmgmt.ak-bio.com\/sv\/#organization\",\"name\":\"AK Bio\",\"url\":\"https:\/\/fluidmgmt.ak-bio.com\/sv\/\",\"logo\":{\"@type\":\"ImageObject\",\"inLanguage\":\"sv-SE\",\"@id\":\"https:\/\/fluidmgmt.ak-bio.com\/sv\/#\/schema\/logo\/image\/\",\"url\":\"https:\/\/fluidmgmt.ak-bio.com\/wp-content\/uploads\/2024\/04\/blue_ak_Logo.svg\",\"contentUrl\":\"https:\/\/fluidmgmt.ak-bio.com\/wp-content\/uploads\/2024\/04\/blue_ak_Logo.svg\",\"width\":197,\"height\":50,\"caption\":\"AK Bio\"},\"image\":{\"@id\":\"https:\/\/fluidmgmt.ak-bio.com\/sv\/#\/schema\/logo\/image\/\"},\"sameAs\":[\"https:\/\/www.linkedin.com\/company\/asahi-kasei-bioprocess-america\/\"]}]}<\/script>\n<!-- \/ Yoast SEO plugin. -->","yoast_head_json":{"title":"Fr\u00e4mja h\u00e5llbarhet | Asahi Kasei Bioprocess","description":"L\u00e4s om allt Asahi Kasei Bioprocess g\u00f6r f\u00f6r att st\u00f6dja v\u00e5ra h\u00e5llbarhetsm\u00e5l. Vi spelar en viktig roll n\u00e4r det g\u00e4ller att bidra till ett h\u00e5llbart samh\u00e4lle.","robots":{"index":"index","follow":"follow","max-snippet":"max-snippet:-1","max-image-preview":"max-image-preview:large","max-video-preview":"max-video-preview:-1"},"canonical":"https:\/\/fluidmgmt.ak-bio.com\/sv\/foretag\/hallbarhet\/","og_locale":"sv_SE","og_type":"article","og_title":"Fr\u00e4mja h\u00e5llbarhet | Asahi Kasei Bioprocess","og_description":"L\u00e4s om allt Asahi Kasei Bioprocess g\u00f6r f\u00f6r att st\u00f6dja v\u00e5ra h\u00e5llbarhetsm\u00e5l. Vi spelar en viktig roll n\u00e4r det g\u00e4ller att bidra till ett h\u00e5llbart samh\u00e4lle.","og_url":"https:\/\/fluidmgmt.ak-bio.com\/sv\/foretag\/hallbarhet\/","og_site_name":"AK Bio - Fluid Management","article_modified_time":"2025-11-21T15:17:41+00:00","og_image":[{"width":1200,"height":687,"url":"https:\/\/fluidmgmt.ak-bio.com\/wp-content\/uploads\/2024\/09\/AKSustainability.png","type":"image\/png"}],"twitter_card":"summary_large_image","twitter_misc":{"Ber\u00e4knad l\u00e4stid":"2 minuter"},"schema":{"@context":"https:\/\/schema.org","@graph":[{"@type":"WebPage","@id":"https:\/\/fluidmgmt.ak-bio.com\/sv\/foretag\/hallbarhet\/","url":"https:\/\/fluidmgmt.ak-bio.com\/sv\/foretag\/hallbarhet\/","name":"Fr\u00e4mja h\u00e5llbarhet | Asahi Kasei Bioprocess","isPartOf":{"@id":"https:\/\/fluidmgmt.ak-bio.com\/sv\/#website"},"primaryImageOfPage":{"@id":"https:\/\/fluidmgmt.ak-bio.com\/sv\/foretag\/hallbarhet\/#primaryimage"},"image":{"@id":"https:\/\/fluidmgmt.ak-bio.com\/sv\/foretag\/hallbarhet\/#primaryimage"},"thumbnailUrl":"https:\/\/fluidmgmt.ak-bio.com\/wp-content\/uploads\/2024\/09\/AKSustainability-768x440.png","datePublished":"2024-08-12T17:36:33+00:00","dateModified":"2025-11-21T15:17:41+00:00","description":"L\u00e4s om allt Asahi Kasei Bioprocess g\u00f6r f\u00f6r att st\u00f6dja v\u00e5ra h\u00e5llbarhetsm\u00e5l. Vi spelar en viktig roll n\u00e4r det g\u00e4ller att bidra till ett h\u00e5llbart samh\u00e4lle.","breadcrumb":{"@id":"https:\/\/fluidmgmt.ak-bio.com\/sv\/foretag\/hallbarhet\/#breadcrumb"},"inLanguage":"sv-SE","potentialAction":[{"@type":"ReadAction","target":["https:\/\/fluidmgmt.ak-bio.com\/sv\/foretag\/hallbarhet\/"]}]},{"@type":"ImageObject","inLanguage":"sv-SE","@id":"https:\/\/fluidmgmt.ak-bio.com\/sv\/foretag\/hallbarhet\/#primaryimage","url":"https:\/\/fluidmgmt.ak-bio.com\/wp-content\/uploads\/2024\/09\/AKSustainability-768x440.png","contentUrl":"https:\/\/fluidmgmt.ak-bio.com\/wp-content\/uploads\/2024\/09\/AKSustainability-768x440.png"},{"@type":"BreadcrumbList","@id":"https:\/\/fluidmgmt.ak-bio.com\/sv\/foretag\/hallbarhet\/#breadcrumb","itemListElement":[{"@type":"ListItem","position":1,"name":"F\u00f6retag","item":"https:\/\/fluidmgmt.ak-bio.com\/sv\/foretag\/"},{"@type":"ListItem","position":2,"name":"H\u00e5llbarhet"}]},{"@type":"WebSite","@id":"https:\/\/fluidmgmt.ak-bio.com\/sv\/#website","url":"https:\/\/fluidmgmt.ak-bio.com\/sv\/","name":"AK Bio - Fluid Management","description":"","publisher":{"@id":"https:\/\/fluidmgmt.ak-bio.com\/sv\/#organization"},"potentialAction":[{"@type":"SearchAction","target":{"@type":"EntryPoint","urlTemplate":"https:\/\/fluidmgmt.ak-bio.com\/sv\/?s={search_term_string}"},"query-input":{"@type":"PropertyValueSpecification","valueRequired":true,"valueName":"search_term_string"}}],"inLanguage":"sv-SE"},{"@type":"Organization","@id":"https:\/\/fluidmgmt.ak-bio.com\/sv\/#organization","name":"AK Bio","url":"https:\/\/fluidmgmt.ak-bio.com\/sv\/","logo":{"@type":"ImageObject","inLanguage":"sv-SE","@id":"https:\/\/fluidmgmt.ak-bio.com\/sv\/#\/schema\/logo\/image\/","url":"https:\/\/fluidmgmt.ak-bio.com\/wp-content\/uploads\/2024\/04\/blue_ak_Logo.svg","contentUrl":"https:\/\/fluidmgmt.ak-bio.com\/wp-content\/uploads\/2024\/04\/blue_ak_Logo.svg","width":197,"height":50,"caption":"AK Bio"},"image":{"@id":"https:\/\/fluidmgmt.ak-bio.com\/sv\/#\/schema\/logo\/image\/"},"sameAs":["https:\/\/www.linkedin.com\/company\/asahi-kasei-bioprocess-america\/"]}]}},"_links":{"self":[{"href":"https:\/\/fluidmgmt.ak-bio.com\/sv\/wp-json\/wp\/v2\/pages\/23715","targetHints":{"allow":["GET"]}}],"collection":[{"href":"https:\/\/fluidmgmt.ak-bio.com\/sv\/wp-json\/wp\/v2\/pages"}],"about":[{"href":"https:\/\/fluidmgmt.ak-bio.com\/sv\/wp-json\/wp\/v2\/types\/page"}],"author":[{"embeddable":true,"href":"https:\/\/fluidmgmt.ak-bio.com\/sv\/wp-json\/wp\/v2\/users\/8"}],"replies":[{"embeddable":true,"href":"https:\/\/fluidmgmt.ak-bio.com\/sv\/wp-json\/wp\/v2\/comments?post=23715"}],"version-history":[{"count":0,"href":"https:\/\/fluidmgmt.ak-bio.com\/sv\/wp-json\/wp\/v2\/pages\/23715\/revisions"}],"up":[{"embeddable":true,"href":"https:\/\/fluidmgmt.ak-bio.com\/sv\/wp-json\/wp\/v2\/pages\/23962"}],"wp:attachment":[{"href":"https:\/\/fluidmgmt.ak-bio.com\/sv\/wp-json\/wp\/v2\/media?parent=23715"}],"curies":[{"name":"wp","href":"https:\/\/api.w.org\/{rel}","templated":true}]}}