{"id":32638,"date":"2025-08-13T11:42:01","date_gmt":"2025-08-13T15:42:01","guid":{"rendered":"https:\/\/fluidmgmt.ak-bio.com\/tack-sa-mycket\/"},"modified":"2025-11-28T07:28:29","modified_gmt":"2025-11-28T12:28:29","slug":"tack-sa-mycket","status":"publish","type":"page","link":"https:\/\/fluidmgmt.ak-bio.com\/sv\/tack-sa-mycket\/","title":{"rendered":"Tack s\u00e5 mycket"},"content":{"rendered":"\t\t<div data-elementor-type=\"wp-page\" data-elementor-id=\"32638\" class=\"elementor elementor-32638 elementor-32044\" data-elementor-post-type=\"page\">\n\t\t\t\t<div class=\"elementor-element elementor-element-574d3cd e-flex e-con-boxed e-con e-parent\" data-id=\"574d3cd\" data-element_type=\"container\" data-e-type=\"container\" data-settings=\"{&quot;background_background&quot;:&quot;classic&quot;}\">\n\t\t\t\t\t<div class=\"e-con-inner\">\n\t\t<div class=\"elementor-element elementor-element-7c487d8 e-con-full e-flex e-con e-child\" data-id=\"7c487d8\" data-element_type=\"container\" data-e-type=\"container\" data-settings=\"{&quot;position&quot;:&quot;absolute&quot;}\">\n\t\t\t\t<\/div>\n\t\t\t\t\t<\/div>\n\t\t\t\t<\/div>\n\t\t<div class=\"elementor-element elementor-element-e446442 e-flex e-con-boxed e-con e-parent\" data-id=\"e446442\" data-element_type=\"container\" data-e-type=\"container\" data-settings=\"{&quot;background_background&quot;:&quot;gradient&quot;}\">\n\t\t\t\t\t<div class=\"e-con-inner\">\n\t\t<div class=\"elementor-element elementor-element-3b860d1 e-con-full e-flex e-con e-child\" data-id=\"3b860d1\" data-element_type=\"container\" data-e-type=\"container\">\n\t\t\t\t<div class=\"elementor-element elementor-element-858f3a1 elementor-widget elementor-widget-heading\" data-id=\"858f3a1\" data-element_type=\"widget\" data-e-type=\"widget\" data-widget_type=\"heading.default\">\n\t\t\t\t<div class=\"elementor-widget-container\">\n\t\t\t\t\t<h1 class=\"elementor-heading-title elementor-size-default\">Tack f\u00f6r att du skickade in din ans\u00f6kan<\/h1>\t\t\t\t<\/div>\n\t\t\t\t<\/div>\n\t\t\t\t<div class=\"elementor-element elementor-element-8f17336 elementor-widget__width-initial elementor-widget elementor-widget-text-editor\" data-id=\"8f17336\" data-element_type=\"widget\" data-e-type=\"widget\" data-widget_type=\"text-editor.default\">\n\t\t\t\t<div class=\"elementor-widget-container\">\n\t\t\t\t\t\t\t\t\t<p><span style=\"font-weight: 400;\">V\u00e5rt team g\u00e5r igenom dina svar och kommer att kontakta dig f\u00f6r att diskutera dina behov. Vi ser fram emot att prata med dig snart.   <\/span><\/p><p><span style=\"font-weight: 400;\">Under tiden kan du prenumerera p\u00e5 v\u00e5rt nyhetsbrev f\u00f6r att h\u00e5lla dig uppdaterad om allt som r\u00f6r Asahi Kasei Bioprocess.<\/span><\/p>\t\t\t\t\t\t\t\t<\/div>\n\t\t\t\t<\/div>\n\t\t\t\t<div class=\"elementor-element elementor-element-6b010b1 elementor-mobile-align-center elementor-widget-mobile__width-auto elementor-widget elementor-widget-button\" data-id=\"6b010b1\" data-element_type=\"widget\" data-e-type=\"widget\" data-widget_type=\"button.default\">\n\t\t\t\t<div class=\"elementor-widget-container\">\n\t\t\t\t\t\t\t\t\t<div class=\"elementor-button-wrapper\">\n\t\t\t\t\t<a class=\"elementor-button elementor-button-link elementor-size-sm\" href=\"#elementor-action%3Aaction%3Dpopup%3Aopen%26settings%3DeyJpZCI6MjQ5MjUsInRvZ2dsZSI6ZmFsc2V9\">\n\t\t\t\t\t\t<span class=\"elementor-button-content-wrapper\">\n\t\t\t\t\t\t\t\t\t<span class=\"elementor-button-text\">Prenumerera nu<\/span>\n\t\t\t\t\t<\/span>\n\t\t\t\t\t<\/a>\n\t\t\t\t<\/div>\n\t\t\t\t\t\t\t\t<\/div>\n\t\t\t\t<\/div>\n\t\t\t\t<\/div>\n\t\t<div class=\"elementor-element elementor-element-42aae9d e-con-full e-flex e-con e-child\" data-id=\"42aae9d\" data-element_type=\"container\" data-e-type=\"container\">\n\t\t<div class=\"elementor-element elementor-element-d6bcb25 e-con-full e-flex e-con e-child\" data-id=\"d6bcb25\" data-element_type=\"container\" data-e-type=\"container\">\n\t\t\t\t<div class=\"elementor-element elementor-element-dba2fc1 elementor-widget elementor-widget-heading\" data-id=\"dba2fc1\" data-element_type=\"widget\" data-e-type=\"widget\" data-widget_type=\"heading.default\">\n\t\t\t\t<div class=\"elementor-widget-container\">\n\t\t\t\t\t<h2 class=\"elementor-heading-title elementor-size-default\">Kolumnen Blogg<\/h2>\t\t\t\t<\/div>\n\t\t\t\t<\/div>\n\t\t\t\t<div class=\"elementor-element elementor-element-792d2b2 elementor-widget elementor-widget-text-editor\" data-id=\"792d2b2\" data-element_type=\"widget\" data-e-type=\"widget\" data-widget_type=\"text-editor.default\">\n\t\t\t\t<div class=\"elementor-widget-container\">\n\t\t\t\t\t\t\t\t\t<p>L\u00e4s bloggar fr\u00e5n v\u00e5ra experter, som t\u00e4cker allt fr\u00e5n oligoproduktion till AI inom biofarmaceutisk tillverkning.<\/p>\t\t\t\t\t\t\t\t<\/div>\n\t\t\t\t<\/div>\n\t\t\t\t<div class=\"elementor-element elementor-element-d45352a elementor-mobile-align-center elementor-widget-mobile__width-auto elementor-widget elementor-widget-button\" data-id=\"d45352a\" data-element_type=\"widget\" data-e-type=\"widget\" data-widget_type=\"button.default\">\n\t\t\t\t<div class=\"elementor-widget-container\">\n\t\t\t\t\t\t\t\t\t<div class=\"elementor-button-wrapper\">\n\t\t\t\t\t<a class=\"elementor-button elementor-button-link elementor-size-sm\" href=\"https:\/\/fluidmgmt.ak-bio.com\/knowledge\/category\/blog\/\">\n\t\t\t\t\t\t<span class=\"elementor-button-content-wrapper\">\n\t\t\t\t\t\t\t\t\t<span class=\"elementor-button-text\">BL\u00c4DDRA BLAND BLOGGAR<\/span>\n\t\t\t\t\t<\/span>\n\t\t\t\t\t<\/a>\n\t\t\t\t<\/div>\n\t\t\t\t\t\t\t\t<\/div>\n\t\t\t\t<\/div>\n\t\t\t\t<\/div>\n\t\t<div class=\"elementor-element elementor-element-763af02 e-con-full e-flex e-con e-child\" data-id=\"763af02\" data-element_type=\"container\" data-e-type=\"container\">\n\t\t\t\t<div class=\"elementor-element elementor-element-dd79099 elementor-widget elementor-widget-heading\" data-id=\"dd79099\" data-element_type=\"widget\" data-e-type=\"widget\" data-widget_type=\"heading.default\">\n\t\t\t\t<div class=\"elementor-widget-container\">\n\t\t\t\t\t<h2 class=\"elementor-heading-title elementor-size-default\">Resurser<\/h2>\t\t\t\t<\/div>\n\t\t\t\t<\/div>\n\t\t\t\t<div class=\"elementor-element elementor-element-78b11fb elementor-widget elementor-widget-text-editor\" data-id=\"78b11fb\" data-element_type=\"widget\" data-e-type=\"widget\" data-widget_type=\"text-editor.default\">\n\t\t\t\t<div class=\"elementor-widget-container\">\n\t\t\t\t\t\t\t\t\t<p>Kolla in v\u00e5r omfattande samling av broschyrer, flygblad och whitepapers f\u00f6r att l\u00e4ra dig mer om v\u00e5ra produkter och branschinsikter.<\/p>\t\t\t\t\t\t\t\t<\/div>\n\t\t\t\t<\/div>\n\t\t\t\t<div class=\"elementor-element elementor-element-2646092 elementor-mobile-align-center elementor-widget-mobile__width-auto elementor-widget elementor-widget-button\" data-id=\"2646092\" data-element_type=\"widget\" data-e-type=\"widget\" data-widget_type=\"button.default\">\n\t\t\t\t<div class=\"elementor-widget-container\">\n\t\t\t\t\t\t\t\t\t<div class=\"elementor-button-wrapper\">\n\t\t\t\t\t<a class=\"elementor-button elementor-button-link elementor-size-sm\" href=\"\/resources\/\">\n\t\t\t\t\t\t<span class=\"elementor-button-content-wrapper\">\n\t\t\t\t\t\t\t\t\t<span class=\"elementor-button-text\">UTFORSKA RESURSER<\/span>\n\t\t\t\t\t<\/span>\n\t\t\t\t\t<\/a>\n\t\t\t\t<\/div>\n\t\t\t\t\t\t\t\t<\/div>\n\t\t\t\t<\/div>\n\t\t\t\t<\/div>\n\t\t<div class=\"elementor-element elementor-element-21c9dc7 e-con-full e-flex e-con e-child\" data-id=\"21c9dc7\" data-element_type=\"container\" data-e-type=\"container\">\n\t\t\t\t<div class=\"elementor-element elementor-element-abf1353 elementor-widget elementor-widget-heading\" data-id=\"abf1353\" data-element_type=\"widget\" data-e-type=\"widget\" data-widget_type=\"heading.default\">\n\t\t\t\t<div class=\"elementor-widget-container\">\n\t\t\t\t\t<h2 class=\"elementor-heading-title elementor-size-default\">VIDEO-BIBLIOTEK\n<\/h2>\t\t\t\t<\/div>\n\t\t\t\t<\/div>\n\t\t\t\t<div class=\"elementor-element elementor-element-211f41b elementor-widget elementor-widget-text-editor\" data-id=\"211f41b\" data-element_type=\"widget\" data-e-type=\"widget\" data-widget_type=\"text-editor.default\">\n\t\t\t\t<div class=\"elementor-widget-container\">\n\t\t\t\t\t\t\t\t\t<p>Ta en titt p\u00e5 v\u00e5ra videor f\u00f6r att l\u00e4ra dig mer om Asahi Kasei Bioprocess och v\u00e5ra produkter, eller titta p\u00e5 ett webbseminarium f\u00f6r att h\u00e5lla dig uppdaterad om branschtrender.<\/p>\t\t\t\t\t\t\t\t<\/div>\n\t\t\t\t<\/div>\n\t\t\t\t<div class=\"elementor-element elementor-element-829b7bc elementor-mobile-align-center elementor-widget-mobile__width-auto elementor-widget elementor-widget-button\" data-id=\"829b7bc\" data-element_type=\"widget\" data-e-type=\"widget\" data-widget_type=\"button.default\">\n\t\t\t\t<div class=\"elementor-widget-container\">\n\t\t\t\t\t\t\t\t\t<div class=\"elementor-button-wrapper\">\n\t\t\t\t\t<a class=\"elementor-button elementor-button-link elementor-size-sm\" href=\"https:\/\/fluidmgmt.ak-bio.com\/sv\/videobibliotek\/\">\n\t\t\t\t\t\t<span class=\"elementor-button-content-wrapper\">\n\t\t\t\t\t\t\t\t\t<span class=\"elementor-button-text\">VISA VIDEOS<\/span>\n\t\t\t\t\t<\/span>\n\t\t\t\t\t<\/a>\n\t\t\t\t<\/div>\n\t\t\t\t\t\t\t\t<\/div>\n\t\t\t\t<\/div>\n\t\t\t\t<\/div>\n\t\t\t\t<\/div>\n\t\t\t\t\t<\/div>\n\t\t\t\t<\/div>\n\t\t<div class=\"elementor-element elementor-element-c7e2243 e-flex e-con-boxed e-con e-parent\" data-id=\"c7e2243\" data-element_type=\"container\" data-e-type=\"container\" data-settings=\"{&quot;background_background&quot;:&quot;classic&quot;}\">\n\t\t\t\t\t<div class=\"e-con-inner\">\n\t\t<div class=\"elementor-element elementor-element-fc750e9 e-con-full e-flex e-con e-child\" data-id=\"fc750e9\" data-element_type=\"container\" data-e-type=\"container\" data-settings=\"{&quot;position&quot;:&quot;absolute&quot;}\">\n\t\t\t\t<\/div>\n\t\t<div class=\"elementor-element elementor-element-cd380be e-flex e-con-boxed e-con e-child\" data-id=\"cd380be\" data-element_type=\"container\" data-e-type=\"container\">\n\t\t\t\t\t<div class=\"e-con-inner\">\n\t\t\t\t<div class=\"elementor-element elementor-element-924e4f4 elementor-widget elementor-widget-heading\" data-id=\"924e4f4\" data-element_type=\"widget\" data-e-type=\"widget\" data-widget_type=\"heading.default\">\n\t\t\t\t<div class=\"elementor-widget-container\">\n\t\t\t\t\t<h2 class=\"elementor-heading-title elementor-size-default\">847 Kontinuitetsprogram\u00ae.<\/h2>\t\t\t\t<\/div>\n\t\t\t\t<\/div>\n\t\t\t\t<div class=\"elementor-element elementor-element-a4e481f elementor-widget elementor-widget-text-editor\" data-id=\"a4e481f\" data-element_type=\"widget\" data-e-type=\"widget\" data-widget_type=\"text-editor.default\">\n\t\t\t\t<div class=\"elementor-widget-container\">\n\t\t\t\t\t\t\t\t\t<p>S\u00e4kerst\u00e4ll produktionskontinuitet med ett omfattande utbud av reservdelar och tj\u00e4nster f\u00f6r eftermarknaden.<\/p>\t\t\t\t\t\t\t\t<\/div>\n\t\t\t\t<\/div>\n\t\t\t\t<div class=\"elementor-element elementor-element-5571cec elementor-mobile-align-center elementor-widget-mobile__width-auto elementor-align-right elementor-widget elementor-widget-button\" data-id=\"5571cec\" data-element_type=\"widget\" data-e-type=\"widget\" data-widget_type=\"button.default\">\n\t\t\t\t<div class=\"elementor-widget-container\">\n\t\t\t\t\t\t\t\t\t<div class=\"elementor-button-wrapper\">\n\t\t\t\t\t<a class=\"elementor-button elementor-button-link elementor-size-sm\" href=\"https:\/\/fluidmgmt.ak-bio.com\/sv\/stod\/847-kontinuum\/\">\n\t\t\t\t\t\t<span class=\"elementor-button-content-wrapper\">\n\t\t\t\t\t\t\t\t\t<span class=\"elementor-button-text\">Uppt\u00e4ck<\/span>\n\t\t\t\t\t<\/span>\n\t\t\t\t\t<\/a>\n\t\t\t\t<\/div>\n\t\t\t\t\t\t\t\t<\/div>\n\t\t\t\t<\/div>\n\t\t\t\t\t<\/div>\n\t\t\t\t<\/div>\n\t\t\t\t\t<\/div>\n\t\t\t\t<\/div>\n\t\t\t\t<\/div>\n\t\t","protected":false},"excerpt":{"rendered":"<p>Tack f\u00f6r att du skickade in din ans\u00f6kan V\u00e5rt team g\u00e5r igenom dina svar och kommer att kontakta dig f\u00f6r att diskutera dina behov. Vi ser fram emot att prata med dig snart. Under tiden kan du prenumerera p\u00e5 v\u00e5rt nyhetsbrev f\u00f6r att h\u00e5lla dig uppdaterad om allt som r\u00f6r Asahi Kasei Bioprocess. Prenumerera nu [&hellip;]<\/p>\n","protected":false},"author":20,"featured_media":0,"parent":0,"menu_order":0,"comment_status":"closed","ping_status":"closed","template":"","meta":{"_acf_changed":false,"footnotes":""},"class_list":["post-32638","page","type-page","status-publish","hentry"],"acf":[],"yoast_head":"<!-- This site is optimized with the Yoast SEO plugin v27.1.1 - https:\/\/yoast.com\/product\/yoast-seo-wordpress\/ -->\n<title>Tack s\u00e5 mycket - AK Bio - Fluid Management<\/title>\n<meta name=\"description\" content=\"V\u00e5rt team kommer att granska dina svar och h\u00f6ra av sig f\u00f6r att diskutera ditt behov av utrustning f\u00f6r bioprocesser. Vi ser fram emot att f\u00e5 prata med dig.\" \/>\n<meta name=\"robots\" content=\"index, follow, max-snippet:-1, max-image-preview:large, max-video-preview:-1\" \/>\n<link rel=\"canonical\" href=\"https:\/\/fluidmgmt.ak-bio.com\/sv\/tack-sa-mycket\/\" \/>\n<meta property=\"og:locale\" content=\"sv_SE\" \/>\n<meta property=\"og:type\" content=\"article\" \/>\n<meta property=\"og:title\" content=\"Tack s\u00e5 mycket - AK Bio - Fluid Management\" \/>\n<meta property=\"og:description\" content=\"V\u00e5rt team kommer att granska dina svar och h\u00f6ra av sig f\u00f6r att diskutera ditt behov av utrustning f\u00f6r bioprocesser. Vi ser fram emot att f\u00e5 prata med dig.\" \/>\n<meta property=\"og:url\" content=\"https:\/\/fluidmgmt.ak-bio.com\/sv\/tack-sa-mycket\/\" \/>\n<meta property=\"og:site_name\" content=\"AK Bio - Fluid Management\" \/>\n<meta property=\"article:modified_time\" content=\"2025-11-28T12:28:29+00:00\" \/>\n<meta property=\"og:image\" content=\"https:\/\/fluidmgmt.ak-bio.com\/wp-content\/uploads\/2024\/05\/Home-dna-scaled.webp\" \/>\n\t<meta property=\"og:image:width\" content=\"2560\" \/>\n\t<meta property=\"og:image:height\" content=\"1435\" \/>\n\t<meta property=\"og:image:type\" content=\"image\/webp\" \/>\n<meta name=\"twitter:card\" content=\"summary_large_image\" \/>\n<meta name=\"twitter:label1\" content=\"Ber\u00e4knad l\u00e4stid\" \/>\n\t<meta name=\"twitter:data1\" content=\"1 minut\" \/>\n<script type=\"application\/ld+json\" class=\"yoast-schema-graph\">{\"@context\":\"https:\/\/schema.org\",\"@graph\":[{\"@type\":\"WebPage\",\"@id\":\"https:\/\/fluidmgmt.ak-bio.com\/sv\/tack-sa-mycket\/\",\"url\":\"https:\/\/fluidmgmt.ak-bio.com\/sv\/tack-sa-mycket\/\",\"name\":\"Tack s\u00e5 mycket - AK Bio - Fluid Management\",\"isPartOf\":{\"@id\":\"https:\/\/fluidmgmt.ak-bio.com\/sv\/#website\"},\"datePublished\":\"2025-08-13T15:42:01+00:00\",\"dateModified\":\"2025-11-28T12:28:29+00:00\",\"description\":\"V\u00e5rt team kommer att granska dina svar och h\u00f6ra av sig f\u00f6r att diskutera ditt behov av utrustning f\u00f6r bioprocesser. Vi ser fram emot att f\u00e5 prata med dig.\",\"inLanguage\":\"sv-SE\",\"potentialAction\":[{\"@type\":\"ReadAction\",\"target\":[\"https:\/\/fluidmgmt.ak-bio.com\/sv\/tack-sa-mycket\/\"]}]},{\"@type\":\"WebSite\",\"@id\":\"https:\/\/fluidmgmt.ak-bio.com\/sv\/#website\",\"url\":\"https:\/\/fluidmgmt.ak-bio.com\/sv\/\",\"name\":\"AK Bio - Fluid Management\",\"description\":\"\",\"publisher\":{\"@id\":\"https:\/\/fluidmgmt.ak-bio.com\/sv\/#organization\"},\"potentialAction\":[{\"@type\":\"SearchAction\",\"target\":{\"@type\":\"EntryPoint\",\"urlTemplate\":\"https:\/\/fluidmgmt.ak-bio.com\/sv\/?s={search_term_string}\"},\"query-input\":{\"@type\":\"PropertyValueSpecification\",\"valueRequired\":true,\"valueName\":\"search_term_string\"}}],\"inLanguage\":\"sv-SE\"},{\"@type\":\"Organization\",\"@id\":\"https:\/\/fluidmgmt.ak-bio.com\/sv\/#organization\",\"name\":\"AK Bio\",\"url\":\"https:\/\/fluidmgmt.ak-bio.com\/sv\/\",\"logo\":{\"@type\":\"ImageObject\",\"inLanguage\":\"sv-SE\",\"@id\":\"https:\/\/fluidmgmt.ak-bio.com\/sv\/#\/schema\/logo\/image\/\",\"url\":\"https:\/\/fluidmgmt.ak-bio.com\/wp-content\/uploads\/2024\/04\/blue_ak_Logo.svg\",\"contentUrl\":\"https:\/\/fluidmgmt.ak-bio.com\/wp-content\/uploads\/2024\/04\/blue_ak_Logo.svg\",\"width\":197,\"height\":50,\"caption\":\"AK Bio\"},\"image\":{\"@id\":\"https:\/\/fluidmgmt.ak-bio.com\/sv\/#\/schema\/logo\/image\/\"},\"sameAs\":[\"https:\/\/www.linkedin.com\/company\/asahi-kasei-bioprocess-america\/\"]}]}<\/script>\n<!-- \/ Yoast SEO plugin. -->","yoast_head_json":{"title":"Tack s\u00e5 mycket - AK Bio - Fluid Management","description":"V\u00e5rt team kommer att granska dina svar och h\u00f6ra av sig f\u00f6r att diskutera ditt behov av utrustning f\u00f6r bioprocesser. Vi ser fram emot att f\u00e5 prata med dig.","robots":{"index":"index","follow":"follow","max-snippet":"max-snippet:-1","max-image-preview":"max-image-preview:large","max-video-preview":"max-video-preview:-1"},"canonical":"https:\/\/fluidmgmt.ak-bio.com\/sv\/tack-sa-mycket\/","og_locale":"sv_SE","og_type":"article","og_title":"Tack s\u00e5 mycket - AK Bio - Fluid Management","og_description":"V\u00e5rt team kommer att granska dina svar och h\u00f6ra av sig f\u00f6r att diskutera ditt behov av utrustning f\u00f6r bioprocesser. Vi ser fram emot att f\u00e5 prata med dig.","og_url":"https:\/\/fluidmgmt.ak-bio.com\/sv\/tack-sa-mycket\/","og_site_name":"AK Bio - Fluid Management","article_modified_time":"2025-11-28T12:28:29+00:00","og_image":[{"width":2560,"height":1435,"url":"https:\/\/fluidmgmt.ak-bio.com\/wp-content\/uploads\/2024\/05\/Home-dna-scaled.webp","type":"image\/webp"}],"twitter_card":"summary_large_image","twitter_misc":{"Ber\u00e4knad l\u00e4stid":"1 minut"},"schema":{"@context":"https:\/\/schema.org","@graph":[{"@type":"WebPage","@id":"https:\/\/fluidmgmt.ak-bio.com\/sv\/tack-sa-mycket\/","url":"https:\/\/fluidmgmt.ak-bio.com\/sv\/tack-sa-mycket\/","name":"Tack s\u00e5 mycket - AK Bio - Fluid Management","isPartOf":{"@id":"https:\/\/fluidmgmt.ak-bio.com\/sv\/#website"},"datePublished":"2025-08-13T15:42:01+00:00","dateModified":"2025-11-28T12:28:29+00:00","description":"V\u00e5rt team kommer att granska dina svar och h\u00f6ra av sig f\u00f6r att diskutera ditt behov av utrustning f\u00f6r bioprocesser. Vi ser fram emot att f\u00e5 prata med dig.","inLanguage":"sv-SE","potentialAction":[{"@type":"ReadAction","target":["https:\/\/fluidmgmt.ak-bio.com\/sv\/tack-sa-mycket\/"]}]},{"@type":"WebSite","@id":"https:\/\/fluidmgmt.ak-bio.com\/sv\/#website","url":"https:\/\/fluidmgmt.ak-bio.com\/sv\/","name":"AK Bio - Fluid Management","description":"","publisher":{"@id":"https:\/\/fluidmgmt.ak-bio.com\/sv\/#organization"},"potentialAction":[{"@type":"SearchAction","target":{"@type":"EntryPoint","urlTemplate":"https:\/\/fluidmgmt.ak-bio.com\/sv\/?s={search_term_string}"},"query-input":{"@type":"PropertyValueSpecification","valueRequired":true,"valueName":"search_term_string"}}],"inLanguage":"sv-SE"},{"@type":"Organization","@id":"https:\/\/fluidmgmt.ak-bio.com\/sv\/#organization","name":"AK Bio","url":"https:\/\/fluidmgmt.ak-bio.com\/sv\/","logo":{"@type":"ImageObject","inLanguage":"sv-SE","@id":"https:\/\/fluidmgmt.ak-bio.com\/sv\/#\/schema\/logo\/image\/","url":"https:\/\/fluidmgmt.ak-bio.com\/wp-content\/uploads\/2024\/04\/blue_ak_Logo.svg","contentUrl":"https:\/\/fluidmgmt.ak-bio.com\/wp-content\/uploads\/2024\/04\/blue_ak_Logo.svg","width":197,"height":50,"caption":"AK Bio"},"image":{"@id":"https:\/\/fluidmgmt.ak-bio.com\/sv\/#\/schema\/logo\/image\/"},"sameAs":["https:\/\/www.linkedin.com\/company\/asahi-kasei-bioprocess-america\/"]}]}},"_links":{"self":[{"href":"https:\/\/fluidmgmt.ak-bio.com\/sv\/wp-json\/wp\/v2\/pages\/32638","targetHints":{"allow":["GET"]}}],"collection":[{"href":"https:\/\/fluidmgmt.ak-bio.com\/sv\/wp-json\/wp\/v2\/pages"}],"about":[{"href":"https:\/\/fluidmgmt.ak-bio.com\/sv\/wp-json\/wp\/v2\/types\/page"}],"author":[{"embeddable":true,"href":"https:\/\/fluidmgmt.ak-bio.com\/sv\/wp-json\/wp\/v2\/users\/20"}],"replies":[{"embeddable":true,"href":"https:\/\/fluidmgmt.ak-bio.com\/sv\/wp-json\/wp\/v2\/comments?post=32638"}],"version-history":[{"count":0,"href":"https:\/\/fluidmgmt.ak-bio.com\/sv\/wp-json\/wp\/v2\/pages\/32638\/revisions"}],"wp:attachment":[{"href":"https:\/\/fluidmgmt.ak-bio.com\/sv\/wp-json\/wp\/v2\/media?parent=32638"}],"curies":[{"name":"wp","href":"https:\/\/api.w.org\/{rel}","templated":true}]}}