{"id":29288,"date":"2024-06-13T15:02:12","date_gmt":"2024-06-13T15:02:12","guid":{"rendered":"https:\/\/fluidmgmt.ak-bio.com\/products\/okategoriserad\/hydrauliska-vagnar\/"},"modified":"2026-01-26T13:31:35","modified_gmt":"2026-01-26T18:31:35","slug":"hydrauliska-vagnar","status":"publish","type":"product","link":"https:\/\/fluidmgmt.ak-bio.com\/sv\/products\/cursiv-vatskekromatografi\/hydrauliska-vagnar\/","title":{"rendered":"Hydrauliska vagnar"},"content":{"rendered":"\t\t<div data-elementor-type=\"product-post\" data-elementor-id=\"29288\" class=\"elementor elementor-29288 elementor-1032\" data-elementor-post-type=\"product\">\n\t\t\t\t<div class=\"elementor-element elementor-element-6bf71094 e-flex e-con-boxed e-con e-parent\" data-id=\"6bf71094\" data-element_type=\"container\" data-e-type=\"container\" data-settings=\"{&quot;background_background&quot;:&quot;gradient&quot;}\">\n\t\t\t\t\t<div class=\"e-con-inner\">\n\t\t\t\t<div class=\"elementor-element elementor-element-9503a68 elementor-absolute elementor-widget elementor-widget-menu-anchor\" data-id=\"9503a68\" data-element_type=\"widget\" data-e-type=\"widget\" data-settings=\"{&quot;_position&quot;:&quot;absolute&quot;}\" data-widget_type=\"menu-anchor.default\">\n\t\t\t\t<div class=\"elementor-widget-container\">\n\t\t\t\t\t\t\t<div class=\"elementor-menu-anchor\" id=\"Frmner\"><\/div>\n\t\t\t\t\t\t<\/div>\n\t\t\t\t<\/div>\n\t\t<div class=\"elementor-element elementor-element-578ab039 e-con-full e-flex e-con e-child\" data-id=\"578ab039\" data-element_type=\"container\" data-e-type=\"container\">\n\t\t<div class=\"elementor-element elementor-element-20d472be e-con-full e-flex e-con e-child\" data-id=\"20d472be\" data-element_type=\"container\" data-e-type=\"container\">\n\t\t\t\t<div class=\"elementor-element elementor-element-2cc0674c elementor-widget elementor-widget-heading\" data-id=\"2cc0674c\" data-element_type=\"widget\" data-e-type=\"widget\" data-widget_type=\"heading.default\">\n\t\t\t\t<div class=\"elementor-widget-container\">\n\t\t\t\t\t<h2 class=\"elementor-heading-title elementor-size-default\">F\u00f6rdelar<\/h2>\t\t\t\t<\/div>\n\t\t\t\t<\/div>\n\t\t\t\t<div class=\"elementor-element elementor-element-26280372 elementor-widget elementor-widget-heading\" data-id=\"26280372\" data-element_type=\"widget\" data-e-type=\"widget\" data-widget_type=\"heading.default\">\n\t\t\t\t<div class=\"elementor-widget-container\">\n\t\t\t\t\t<h2 class=\"elementor-heading-title elementor-size-default\">F\u00f6renklad packning\/uppackning<\/h2>\t\t\t\t<\/div>\n\t\t\t\t<\/div>\n\t\t\t\t<div class=\"elementor-element elementor-element-109735f5 elementor-widget elementor-widget-spacer\" data-id=\"109735f5\" data-element_type=\"widget\" data-e-type=\"widget\" data-widget_type=\"spacer.default\">\n\t\t\t\t<div class=\"elementor-widget-container\">\n\t\t\t\t\t\t\t<div class=\"elementor-spacer\">\n\t\t\t<div class=\"elementor-spacer-inner\"><\/div>\n\t\t<\/div>\n\t\t\t\t\t\t<\/div>\n\t\t\t\t<\/div>\n\t\t\t\t<div class=\"elementor-element elementor-element-29f84207 elementor-widget elementor-widget-text-editor\" data-id=\"29f84207\" data-element_type=\"widget\" data-e-type=\"widget\" data-widget_type=\"text-editor.default\">\n\t\t\t\t<div class=\"elementor-widget-container\">\n\t\t\t\t\t\t\t\t\t<p>Den hydrauliska vagnen s\u00e4kerst\u00e4ller konsekvent och reproducerbar packning med reglerat lufttryck, vilket \u00f6kar processens tillf\u00f6rlitlighet. Uppackningen av den tryckavlastade kolonnen \u00e4r enkel &#8211; ta bort bottenplattan och anv\u00e4nd den hydrauliska vagnen f\u00f6r att mata ut b\u00e4dden. Den nya skrapt\u00e4tningen h\u00e5ller kvar friten och torkar av kolonnv\u00e4ggarna, vilket s\u00e4kerst\u00e4ller en ren och effektiv uppackningsprocess.  <\/p>\t\t\t\t\t\t\t\t<\/div>\n\t\t\t\t<\/div>\n\t\t\t\t<div class=\"elementor-element elementor-element-46affd51 elementor-widget elementor-widget-spacer\" data-id=\"46affd51\" data-element_type=\"widget\" data-e-type=\"widget\" data-widget_type=\"spacer.default\">\n\t\t\t\t<div class=\"elementor-widget-container\">\n\t\t\t\t\t\t\t<div class=\"elementor-spacer\">\n\t\t\t<div class=\"elementor-spacer-inner\"><\/div>\n\t\t<\/div>\n\t\t\t\t\t\t<\/div>\n\t\t\t\t<\/div>\n\t\t\t\t<\/div>\n\t\t\t\t<div class=\"elementor-element elementor-element-207f8183 elementor-widget elementor-widget-spacer\" data-id=\"207f8183\" data-element_type=\"widget\" data-e-type=\"widget\" data-widget_type=\"spacer.default\">\n\t\t\t\t<div class=\"elementor-widget-container\">\n\t\t\t\t\t\t\t<div class=\"elementor-spacer\">\n\t\t\t<div class=\"elementor-spacer-inner\"><\/div>\n\t\t<\/div>\n\t\t\t\t\t\t<\/div>\n\t\t\t\t<\/div>\n\t\t<div class=\"elementor-element elementor-element-1f7f85fe e-con-full e-flex e-con e-child\" data-id=\"1f7f85fe\" data-element_type=\"container\" data-e-type=\"container\">\n\t\t<div class=\"elementor-element elementor-element-20f0d61c e-con-full e-flex e-con e-child\" data-id=\"20f0d61c\" data-element_type=\"container\" data-e-type=\"container\">\n\t\t\t\t<div class=\"elementor-element elementor-element-d1844fa elementor-widget elementor-widget-heading\" data-id=\"d1844fa\" data-element_type=\"widget\" data-e-type=\"widget\" data-widget_type=\"heading.default\">\n\t\t\t\t<div class=\"elementor-widget-container\">\n\t\t\t\t\t<h2 class=\"elementor-heading-title elementor-size-default\">Viktiga funktioner<\/h2>\t\t\t\t<\/div>\n\t\t\t\t<\/div>\n\t\t\t\t<div class=\"elementor-element elementor-element-510c622a elementor-widget elementor-widget-text-editor\" data-id=\"510c622a\" data-element_type=\"widget\" data-e-type=\"widget\" data-widget_type=\"text-editor.default\">\n\t\t\t\t<div class=\"elementor-widget-container\">\n\t\t\t\t\t\t\t\t\t<ul><li>Platsbesparande design med l\u00e4gre h\u00f6jdkrav.<\/li><li>Tre standardutf\u00f6randen beroende p\u00e5 behov: b\u00e4nksk\u00e5p, enkelpump, dubbelpump.<\/li><li>Flexibilitet och kostnadsbesparingar: varje storlek kan anslutas till en rad olika pelare.<\/li><li>Tryckklassningar: 20, 40, 70 barg tillg\u00e4ngliga.<\/li><\/ul>\t\t\t\t\t\t\t\t<\/div>\n\t\t\t\t<\/div>\n\t\t\t\t<\/div>\n\t\t<div class=\"elementor-element elementor-element-d2b580a e-con-full e-flex e-con e-child\" data-id=\"d2b580a\" data-element_type=\"container\" data-e-type=\"container\">\n\t\t\t\t<div class=\"elementor-element elementor-element-f78972f elementor-widget__width-auto elementor-widget elementor-widget-image\" data-id=\"f78972f\" data-element_type=\"widget\" data-e-type=\"widget\" data-widget_type=\"image.default\">\n\t\t\t\t<div class=\"elementor-widget-container\">\n\t\t\t\t\t\t\t\t\t\t\t\t\t\t\t<img fetchpriority=\"high\" decoding=\"async\" width=\"768\" height=\"632\" src=\"https:\/\/fluidmgmt.ak-bio.com\/wp-content\/uploads\/2024\/06\/Dual-Pump-Hydraulic-Cart_Angle.v1-1-768x632.png\" class=\"attachment-medium_large size-medium_large wp-image-20514\" alt=\"Hydraulic Carts\" srcset=\"https:\/\/fluidmgmt.ak-bio.com\/wp-content\/uploads\/2024\/06\/Dual-Pump-Hydraulic-Cart_Angle.v1-1-768x632.png 768w, https:\/\/fluidmgmt.ak-bio.com\/wp-content\/uploads\/2024\/06\/Dual-Pump-Hydraulic-Cart_Angle.v1-1-300x247.png 300w, https:\/\/fluidmgmt.ak-bio.com\/wp-content\/uploads\/2024\/06\/Dual-Pump-Hydraulic-Cart_Angle.v1-1-1024x842.png 1024w, https:\/\/fluidmgmt.ak-bio.com\/wp-content\/uploads\/2024\/06\/Dual-Pump-Hydraulic-Cart_Angle.v1-1-1536x1263.png 1536w, https:\/\/fluidmgmt.ak-bio.com\/wp-content\/uploads\/2024\/06\/Dual-Pump-Hydraulic-Cart_Angle.v1-1-2048x1684.png 2048w, https:\/\/fluidmgmt.ak-bio.com\/wp-content\/uploads\/2024\/06\/Dual-Pump-Hydraulic-Cart_Angle.v1-1-600x493.png 600w\" sizes=\"(max-width: 768px) 100vw, 768px\" \/>\t\t\t\t\t\t\t\t\t\t\t\t\t\t\t<\/div>\n\t\t\t\t<\/div>\n\t\t\t\t<\/div>\n\t\t\t\t<\/div>\n\t\t\t\t<\/div>\n\t\t\t\t\t<\/div>\n\t\t\t\t<\/div>\n\t\t\t\t<\/div>\n\t\t","protected":false},"excerpt":{"rendered":"<p>En hydraulvagn kan anv\u00e4ndas med flera DAC LC-kolonner, vilket ger flexibilitet och kostnadseffektivitet. Vagnens &#8221;set it and forget it&#8221;-lufttrycksregulator s\u00e4kerst\u00e4ller konsekvent och tillf\u00f6rlitlig packning, medan den uppdelade hydrauliken minimerar h\u00f6jdkraven, vilket \u00e4r idealiskt f\u00f6r labb och tillverkningssalar med begr\u00e4nsat utrymme. <\/p>\n","protected":false},"featured_media":28073,"template":"","meta":{"_acf_changed":false},"applications":[459,482,483],"product_brand":[],"product_cat":[636],"product_tag":[],"class_list":{"0":"post-29288","1":"product","2":"type-product","3":"status-publish","4":"has-post-thumbnail","6":"applications-utveckling-av-biofarmaceutiska-produkter","7":"applications-utveckling-av-oligonukleotider","8":"applications-utveckling-av-sma-molekyler-och-peptider","9":"product_cat-cursiv-vatskekromatografi","11":"first","12":"instock","13":"shipping-taxable","14":"product-type-simple"},"acf":[],"yoast_head":"<!-- This site is optimized with the Yoast SEO plugin v27.1.1 - https:\/\/yoast.com\/product\/yoast-seo-wordpress\/ -->\n<title>Hydrauliska vagnar f\u00f6r LC-kolonner | CURSIV<\/title>\n<meta name=\"description\" content=\"En hydraulvagn kan anv\u00e4ndas med flera DAC LC-kolonner, vilket ger flexibilitet och kostnadseffektivitet. Idealisk f\u00f6r laboratorier och tillverkare med begr\u00e4nsat utrymme.\" \/>\n<meta name=\"robots\" content=\"index, follow, max-snippet:-1, max-image-preview:large, max-video-preview:-1\" \/>\n<link rel=\"canonical\" href=\"https:\/\/fluidmgmt.ak-bio.com\/sv\/products\/cursiv-vatskekromatografi\/hydrauliska-vagnar\/\" \/>\n<meta property=\"og:locale\" content=\"sv_SE\" \/>\n<meta property=\"og:type\" content=\"article\" \/>\n<meta property=\"og:title\" content=\"Hydrauliska vagnar f\u00f6r LC-kolonner | CURSIV\" \/>\n<meta property=\"og:description\" content=\"En hydraulvagn kan anv\u00e4ndas med flera DAC LC-kolonner, vilket ger flexibilitet och kostnadseffektivitet. Idealisk f\u00f6r laboratorier och tillverkare med begr\u00e4nsat utrymme.\" \/>\n<meta property=\"og:url\" content=\"https:\/\/fluidmgmt.ak-bio.com\/sv\/products\/cursiv-vatskekromatografi\/hydrauliska-vagnar\/\" \/>\n<meta property=\"og:site_name\" content=\"AK Bio - Fluid Management\" \/>\n<meta property=\"article:modified_time\" content=\"2026-01-26T18:31:35+00:00\" \/>\n<meta property=\"og:image\" content=\"https:\/\/fluidmgmt.ak-bio.com\/wp-content\/uploads\/2024\/06\/CURSIV_HC_MPLC_Cart_FrontView_MAIN-262x300.webp\" \/>\n<meta name=\"twitter:card\" content=\"summary_large_image\" \/>\n<meta name=\"twitter:label1\" content=\"Ber\u00e4knad l\u00e4stid\" \/>\n\t<meta name=\"twitter:data1\" content=\"1 minut\" \/>\n<script type=\"application\/ld+json\" class=\"yoast-schema-graph\">{\"@context\":\"https:\/\/schema.org\",\"@graph\":[{\"@type\":\"WebPage\",\"@id\":\"https:\/\/fluidmgmt.ak-bio.com\/sv\/products\/cursiv-vatskekromatografi\/hydrauliska-vagnar\/\",\"url\":\"https:\/\/fluidmgmt.ak-bio.com\/sv\/products\/cursiv-vatskekromatografi\/hydrauliska-vagnar\/\",\"name\":\"Hydrauliska vagnar f\u00f6r LC-kolonner | CURSIV\",\"isPartOf\":{\"@id\":\"https:\/\/fluidmgmt.ak-bio.com\/sv\/#website\"},\"primaryImageOfPage\":{\"@id\":\"https:\/\/fluidmgmt.ak-bio.com\/sv\/products\/cursiv-vatskekromatografi\/hydrauliska-vagnar\/#primaryimage\"},\"image\":{\"@id\":\"https:\/\/fluidmgmt.ak-bio.com\/sv\/products\/cursiv-vatskekromatografi\/hydrauliska-vagnar\/#primaryimage\"},\"thumbnailUrl\":\"https:\/\/fluidmgmt.ak-bio.com\/wp-content\/uploads\/2024\/06\/CURSIV_HC_MPLC_Cart_FrontView_MAIN_625x758.png\",\"datePublished\":\"2024-06-13T15:02:12+00:00\",\"dateModified\":\"2026-01-26T18:31:35+00:00\",\"description\":\"En hydraulvagn kan anv\u00e4ndas med flera DAC LC-kolonner, vilket ger flexibilitet och kostnadseffektivitet. Idealisk f\u00f6r laboratorier och tillverkare med begr\u00e4nsat utrymme.\",\"breadcrumb\":{\"@id\":\"https:\/\/fluidmgmt.ak-bio.com\/sv\/products\/cursiv-vatskekromatografi\/hydrauliska-vagnar\/#breadcrumb\"},\"inLanguage\":\"sv-SE\",\"potentialAction\":[{\"@type\":\"ReadAction\",\"target\":[\"https:\/\/fluidmgmt.ak-bio.com\/sv\/products\/cursiv-vatskekromatografi\/hydrauliska-vagnar\/\"]}]},{\"@type\":\"ImageObject\",\"inLanguage\":\"sv-SE\",\"@id\":\"https:\/\/fluidmgmt.ak-bio.com\/sv\/products\/cursiv-vatskekromatografi\/hydrauliska-vagnar\/#primaryimage\",\"url\":\"https:\/\/fluidmgmt.ak-bio.com\/wp-content\/uploads\/2024\/06\/CURSIV_HC_MPLC_Cart_FrontView_MAIN_625x758.png\",\"contentUrl\":\"https:\/\/fluidmgmt.ak-bio.com\/wp-content\/uploads\/2024\/06\/CURSIV_HC_MPLC_Cart_FrontView_MAIN_625x758.png\",\"width\":625,\"height\":758,\"caption\":\"CURSIV HC MPLC Cart FrontView\"},{\"@type\":\"BreadcrumbList\",\"@id\":\"https:\/\/fluidmgmt.ak-bio.com\/sv\/products\/cursiv-vatskekromatografi\/hydrauliska-vagnar\/#breadcrumb\",\"itemListElement\":[{\"@type\":\"ListItem\",\"position\":1,\"name\":\"Produkter\",\"item\":\"https:\/\/fluidmgmt.ak-bio.com\/sv\/produkter\/\"},{\"@type\":\"ListItem\",\"position\":2,\"name\":\"CURSIV\u2122 v\u00e4tskekromatografi\",\"item\":\"https:\/\/fluidmgmt.ak-bio.com\/sv\/product-category\/cursiv-vatskekromatografi\/\"},{\"@type\":\"ListItem\",\"position\":3,\"name\":\"Hydrauliska vagnar\"}]},{\"@type\":\"WebSite\",\"@id\":\"https:\/\/fluidmgmt.ak-bio.com\/sv\/#website\",\"url\":\"https:\/\/fluidmgmt.ak-bio.com\/sv\/\",\"name\":\"AK Bio - Fluid Management\",\"description\":\"\",\"publisher\":{\"@id\":\"https:\/\/fluidmgmt.ak-bio.com\/sv\/#organization\"},\"potentialAction\":[{\"@type\":\"SearchAction\",\"target\":{\"@type\":\"EntryPoint\",\"urlTemplate\":\"https:\/\/fluidmgmt.ak-bio.com\/sv\/?s={search_term_string}\"},\"query-input\":{\"@type\":\"PropertyValueSpecification\",\"valueRequired\":true,\"valueName\":\"search_term_string\"}}],\"inLanguage\":\"sv-SE\"},{\"@type\":\"Organization\",\"@id\":\"https:\/\/fluidmgmt.ak-bio.com\/sv\/#organization\",\"name\":\"AK Bio\",\"url\":\"https:\/\/fluidmgmt.ak-bio.com\/sv\/\",\"logo\":{\"@type\":\"ImageObject\",\"inLanguage\":\"sv-SE\",\"@id\":\"https:\/\/fluidmgmt.ak-bio.com\/sv\/#\/schema\/logo\/image\/\",\"url\":\"https:\/\/fluidmgmt.ak-bio.com\/wp-content\/uploads\/2024\/04\/blue_ak_Logo.svg\",\"contentUrl\":\"https:\/\/fluidmgmt.ak-bio.com\/wp-content\/uploads\/2024\/04\/blue_ak_Logo.svg\",\"width\":197,\"height\":50,\"caption\":\"AK Bio\"},\"image\":{\"@id\":\"https:\/\/fluidmgmt.ak-bio.com\/sv\/#\/schema\/logo\/image\/\"},\"sameAs\":[\"https:\/\/www.linkedin.com\/company\/asahi-kasei-bioprocess-america\/\"]}]}<\/script>\n<!-- \/ Yoast SEO plugin. -->","yoast_head_json":{"title":"Hydrauliska vagnar f\u00f6r LC-kolonner | CURSIV","description":"En hydraulvagn kan anv\u00e4ndas med flera DAC LC-kolonner, vilket ger flexibilitet och kostnadseffektivitet. Idealisk f\u00f6r laboratorier och tillverkare med begr\u00e4nsat utrymme.","robots":{"index":"index","follow":"follow","max-snippet":"max-snippet:-1","max-image-preview":"max-image-preview:large","max-video-preview":"max-video-preview:-1"},"canonical":"https:\/\/fluidmgmt.ak-bio.com\/sv\/products\/cursiv-vatskekromatografi\/hydrauliska-vagnar\/","og_locale":"sv_SE","og_type":"article","og_title":"Hydrauliska vagnar f\u00f6r LC-kolonner | CURSIV","og_description":"En hydraulvagn kan anv\u00e4ndas med flera DAC LC-kolonner, vilket ger flexibilitet och kostnadseffektivitet. Idealisk f\u00f6r laboratorier och tillverkare med begr\u00e4nsat utrymme.","og_url":"https:\/\/fluidmgmt.ak-bio.com\/sv\/products\/cursiv-vatskekromatografi\/hydrauliska-vagnar\/","og_site_name":"AK Bio - Fluid Management","article_modified_time":"2026-01-26T18:31:35+00:00","og_image":[{"url":"https:\/\/fluidmgmt.ak-bio.com\/wp-content\/uploads\/2024\/06\/CURSIV_HC_MPLC_Cart_FrontView_MAIN-262x300.webp","type":"","width":"","height":""}],"twitter_card":"summary_large_image","twitter_misc":{"Ber\u00e4knad l\u00e4stid":"1 minut"},"schema":{"@context":"https:\/\/schema.org","@graph":[{"@type":"WebPage","@id":"https:\/\/fluidmgmt.ak-bio.com\/sv\/products\/cursiv-vatskekromatografi\/hydrauliska-vagnar\/","url":"https:\/\/fluidmgmt.ak-bio.com\/sv\/products\/cursiv-vatskekromatografi\/hydrauliska-vagnar\/","name":"Hydrauliska vagnar f\u00f6r LC-kolonner | CURSIV","isPartOf":{"@id":"https:\/\/fluidmgmt.ak-bio.com\/sv\/#website"},"primaryImageOfPage":{"@id":"https:\/\/fluidmgmt.ak-bio.com\/sv\/products\/cursiv-vatskekromatografi\/hydrauliska-vagnar\/#primaryimage"},"image":{"@id":"https:\/\/fluidmgmt.ak-bio.com\/sv\/products\/cursiv-vatskekromatografi\/hydrauliska-vagnar\/#primaryimage"},"thumbnailUrl":"https:\/\/fluidmgmt.ak-bio.com\/wp-content\/uploads\/2024\/06\/CURSIV_HC_MPLC_Cart_FrontView_MAIN_625x758.png","datePublished":"2024-06-13T15:02:12+00:00","dateModified":"2026-01-26T18:31:35+00:00","description":"En hydraulvagn kan anv\u00e4ndas med flera DAC LC-kolonner, vilket ger flexibilitet och kostnadseffektivitet. Idealisk f\u00f6r laboratorier och tillverkare med begr\u00e4nsat utrymme.","breadcrumb":{"@id":"https:\/\/fluidmgmt.ak-bio.com\/sv\/products\/cursiv-vatskekromatografi\/hydrauliska-vagnar\/#breadcrumb"},"inLanguage":"sv-SE","potentialAction":[{"@type":"ReadAction","target":["https:\/\/fluidmgmt.ak-bio.com\/sv\/products\/cursiv-vatskekromatografi\/hydrauliska-vagnar\/"]}]},{"@type":"ImageObject","inLanguage":"sv-SE","@id":"https:\/\/fluidmgmt.ak-bio.com\/sv\/products\/cursiv-vatskekromatografi\/hydrauliska-vagnar\/#primaryimage","url":"https:\/\/fluidmgmt.ak-bio.com\/wp-content\/uploads\/2024\/06\/CURSIV_HC_MPLC_Cart_FrontView_MAIN_625x758.png","contentUrl":"https:\/\/fluidmgmt.ak-bio.com\/wp-content\/uploads\/2024\/06\/CURSIV_HC_MPLC_Cart_FrontView_MAIN_625x758.png","width":625,"height":758,"caption":"CURSIV HC MPLC Cart FrontView"},{"@type":"BreadcrumbList","@id":"https:\/\/fluidmgmt.ak-bio.com\/sv\/products\/cursiv-vatskekromatografi\/hydrauliska-vagnar\/#breadcrumb","itemListElement":[{"@type":"ListItem","position":1,"name":"Produkter","item":"https:\/\/fluidmgmt.ak-bio.com\/sv\/produkter\/"},{"@type":"ListItem","position":2,"name":"CURSIV\u2122 v\u00e4tskekromatografi","item":"https:\/\/fluidmgmt.ak-bio.com\/sv\/product-category\/cursiv-vatskekromatografi\/"},{"@type":"ListItem","position":3,"name":"Hydrauliska vagnar"}]},{"@type":"WebSite","@id":"https:\/\/fluidmgmt.ak-bio.com\/sv\/#website","url":"https:\/\/fluidmgmt.ak-bio.com\/sv\/","name":"AK Bio - Fluid Management","description":"","publisher":{"@id":"https:\/\/fluidmgmt.ak-bio.com\/sv\/#organization"},"potentialAction":[{"@type":"SearchAction","target":{"@type":"EntryPoint","urlTemplate":"https:\/\/fluidmgmt.ak-bio.com\/sv\/?s={search_term_string}"},"query-input":{"@type":"PropertyValueSpecification","valueRequired":true,"valueName":"search_term_string"}}],"inLanguage":"sv-SE"},{"@type":"Organization","@id":"https:\/\/fluidmgmt.ak-bio.com\/sv\/#organization","name":"AK Bio","url":"https:\/\/fluidmgmt.ak-bio.com\/sv\/","logo":{"@type":"ImageObject","inLanguage":"sv-SE","@id":"https:\/\/fluidmgmt.ak-bio.com\/sv\/#\/schema\/logo\/image\/","url":"https:\/\/fluidmgmt.ak-bio.com\/wp-content\/uploads\/2024\/04\/blue_ak_Logo.svg","contentUrl":"https:\/\/fluidmgmt.ak-bio.com\/wp-content\/uploads\/2024\/04\/blue_ak_Logo.svg","width":197,"height":50,"caption":"AK Bio"},"image":{"@id":"https:\/\/fluidmgmt.ak-bio.com\/sv\/#\/schema\/logo\/image\/"},"sameAs":["https:\/\/www.linkedin.com\/company\/asahi-kasei-bioprocess-america\/"]}]}},"_links":{"self":[{"href":"https:\/\/fluidmgmt.ak-bio.com\/sv\/wp-json\/wp\/v2\/product\/29288","targetHints":{"allow":["GET"]}}],"collection":[{"href":"https:\/\/fluidmgmt.ak-bio.com\/sv\/wp-json\/wp\/v2\/product"}],"about":[{"href":"https:\/\/fluidmgmt.ak-bio.com\/sv\/wp-json\/wp\/v2\/types\/product"}],"version-history":[{"count":0,"href":"https:\/\/fluidmgmt.ak-bio.com\/sv\/wp-json\/wp\/v2\/product\/29288\/revisions"}],"wp:featuredmedia":[{"embeddable":true,"href":"https:\/\/fluidmgmt.ak-bio.com\/sv\/wp-json\/wp\/v2\/media\/28073"}],"wp:attachment":[{"href":"https:\/\/fluidmgmt.ak-bio.com\/sv\/wp-json\/wp\/v2\/media?parent=29288"}],"wp:term":[{"taxonomy":"applications","embeddable":true,"href":"https:\/\/fluidmgmt.ak-bio.com\/sv\/wp-json\/wp\/v2\/applications?post=29288"},{"taxonomy":"product_brand","embeddable":true,"href":"https:\/\/fluidmgmt.ak-bio.com\/sv\/wp-json\/wp\/v2\/product_brand?post=29288"},{"taxonomy":"product_cat","embeddable":true,"href":"https:\/\/fluidmgmt.ak-bio.com\/sv\/wp-json\/wp\/v2\/product_cat?post=29288"},{"taxonomy":"product_tag","embeddable":true,"href":"https:\/\/fluidmgmt.ak-bio.com\/sv\/wp-json\/wp\/v2\/product_tag?post=29288"}],"curies":[{"name":"wp","href":"https:\/\/api.w.org\/{rel}","templated":true}]}}